{"id":3758,"date":"2017-06-24T19:41:03","date_gmt":"2017-06-24T19:41:03","guid":{"rendered":"https:\/\/www.welovekeys.co.uk\/product\/chave-tesa-t60\/"},"modified":"2019-12-28T12:14:21","modified_gmt":"2019-12-28T12:14:21","slug":"chave-tesa-t60","status":"publish","type":"product","link":"https:\/\/www.welovekeys.co.uk\/pt-pt\/produto\/chave-tesa-t60\/","title":{"rendered":"Chave TESA T60"},"content":{"rendered":"<p>TESAe uma chave de marca espanhola com umapequena aceita\u00e7\u00e3o em Portugal. A chave tem \u00a0diferentes formatos: \u00a0T60, T10, T80 etc. Nesta pagina podesordenar a chave TESA T60.<\/p>\n<p>A chave T60 tem o c\u00f3digo estampado, quenormalmente comessa com o numero 69 e seguido com v\u00e1rios d\u00edgitos, ex 6902173.<\/p>\n<p>Se o codigo na sua chave tiver a letra X agente n\u00e3o e capaz de duplicar.<\/p>\n<p><strong><em>Ordens de chaves antes das 14 horas s\u00e3o despachadas no mesmo dia.<\/em><\/strong><\/p>\n","protected":false},"excerpt":{"rendered":"<div id=\"discounttable\"><strong>2+ chaves = descontos de 10%<br \/>\n5+ chaves = descontos de 16%<br \/>\n10+ chaves =  descontos de 22%<br \/>\nDescontos inseridos no cesto de compra.<\/strong><\/div>\n","protected":false},"featured_media":6841,"template":"","meta":{"_et_pb_use_builder":"","_et_pb_old_content":"","_et_gb_content_width":""},"product_brand":[],"product_cat":[155,157],"product_tag":[],"class_list":{"0":"post-3758","1":"product","2":"type-product","3":"status-publish","4":"has-post-thumbnail","6":"product_cat-chaves-de-covinha","7":"product_cat-chaves-tesa","8":"product_shipping_class-env-pt-pt","10":"first","11":"instock","12":"featured","13":"taxable","14":"shipping-taxable","15":"purchasable","16":"product-type-simple"},"yoast_head":"<!-- This site is optimized with the Yoast SEO plugin v27.4 - https:\/\/yoast.com\/product\/yoast-seo-wordpress\/ -->\n<title>Copiamos\u00a0a chave TESA T60 online no We Love Keys<\/title>\n<meta name=\"description\" content=\"Vem e duplica a sua chave TESA T60 com chaves de covinhas online! Com pre\u00e7os reduzidos, respostas r\u00e1pidas sem demoras nanossa loja virtual We Love Keys.\" \/>\n<meta name=\"robots\" content=\"index, follow, max-snippet:-1, max-image-preview:large, max-video-preview:-1\" \/>\n<link rel=\"canonical\" href=\"https:\/\/www.welovekeys.co.uk\/pt-pt\/produto\/chave-tesa-t60\/\" \/>\n<meta property=\"og:locale\" content=\"pt_PT\" \/>\n<meta property=\"og:type\" content=\"article\" \/>\n<meta property=\"og:title\" content=\"Copiamos\u00a0a chave TESA T60 online no We Love Keys\" \/>\n<meta property=\"og:description\" content=\"Vem e duplica a sua chave TESA T60 com chaves de covinhas online! Com pre\u00e7os reduzidos, respostas r\u00e1pidas sem demoras nanossa loja virtual We Love Keys.\" \/>\n<meta property=\"og:url\" content=\"https:\/\/www.welovekeys.co.uk\/pt-pt\/produto\/chave-tesa-t60\/\" \/>\n<meta property=\"og:site_name\" content=\"We Love Keys\" \/>\n<meta property=\"article:modified_time\" content=\"2019-12-28T12:14:21+00:00\" \/>\n<meta property=\"og:image\" content=\"https:\/\/www.welovekeys.co.uk\/wp-content\/uploads\/2017\/06\/TESA2-NO-BG.png\" \/>\n\t<meta property=\"og:image:width\" content=\"757\" \/>\n\t<meta property=\"og:image:height\" content=\"757\" \/>\n\t<meta property=\"og:image:type\" content=\"image\/png\" \/>\n<meta name=\"twitter:card\" content=\"summary_large_image\" \/>\n<script type=\"application\/ld+json\" class=\"yoast-schema-graph\">{\"@context\":\"https:\\\/\\\/schema.org\",\"@graph\":[{\"@type\":\"WebPage\",\"@id\":\"https:\\\/\\\/www.welovekeys.co.uk\\\/pt-pt\\\/produto\\\/chave-tesa-t60\\\/\",\"url\":\"https:\\\/\\\/www.welovekeys.co.uk\\\/pt-pt\\\/produto\\\/chave-tesa-t60\\\/\",\"name\":\"Copiamos\u00a0a chave TESA T60 online no We Love Keys\",\"isPartOf\":{\"@id\":\"https:\\\/\\\/www.welovekeys.co.uk\\\/pt-pt\\\/#website\"},\"primaryImageOfPage\":{\"@id\":\"https:\\\/\\\/www.welovekeys.co.uk\\\/pt-pt\\\/produto\\\/chave-tesa-t60\\\/#primaryimage\"},\"image\":{\"@id\":\"https:\\\/\\\/www.welovekeys.co.uk\\\/pt-pt\\\/produto\\\/chave-tesa-t60\\\/#primaryimage\"},\"thumbnailUrl\":\"https:\\\/\\\/www.welovekeys.co.uk\\\/wp-content\\\/uploads\\\/2017\\\/06\\\/TESA2-NO-BG.png\",\"datePublished\":\"2017-06-24T19:41:03+00:00\",\"dateModified\":\"2019-12-28T12:14:21+00:00\",\"description\":\"Vem e duplica a sua chave TESA T60 com chaves de covinhas online! Com pre\u00e7os reduzidos, respostas r\u00e1pidas sem demoras nanossa loja virtual We Love Keys.\",\"breadcrumb\":{\"@id\":\"https:\\\/\\\/www.welovekeys.co.uk\\\/pt-pt\\\/produto\\\/chave-tesa-t60\\\/#breadcrumb\"},\"inLanguage\":\"pt-PT\",\"potentialAction\":[{\"@type\":\"ReadAction\",\"target\":[\"https:\\\/\\\/www.welovekeys.co.uk\\\/pt-pt\\\/produto\\\/chave-tesa-t60\\\/\"]}]},{\"@type\":\"ImageObject\",\"inLanguage\":\"pt-PT\",\"@id\":\"https:\\\/\\\/www.welovekeys.co.uk\\\/pt-pt\\\/produto\\\/chave-tesa-t60\\\/#primaryimage\",\"url\":\"https:\\\/\\\/www.welovekeys.co.uk\\\/wp-content\\\/uploads\\\/2017\\\/06\\\/TESA2-NO-BG.png\",\"contentUrl\":\"https:\\\/\\\/www.welovekeys.co.uk\\\/wp-content\\\/uploads\\\/2017\\\/06\\\/TESA2-NO-BG.png\",\"width\":757,\"height\":757,\"caption\":\"TESA T60 Key\"},{\"@type\":\"BreadcrumbList\",\"@id\":\"https:\\\/\\\/www.welovekeys.co.uk\\\/pt-pt\\\/produto\\\/chave-tesa-t60\\\/#breadcrumb\",\"itemListElement\":[{\"@type\":\"ListItem\",\"position\":1,\"name\":\"Home\",\"item\":\"https:\\\/\\\/www.welovekeys.co.uk\\\/pt-pt\\\/\"},{\"@type\":\"ListItem\",\"position\":2,\"name\":\"Loja\",\"item\":\"https:\\\/\\\/www.welovekeys.co.uk\\\/pt-pt\\\/loja\\\/\"},{\"@type\":\"ListItem\",\"position\":3,\"name\":\"Chave TESA T60\"}]},{\"@type\":\"WebSite\",\"@id\":\"https:\\\/\\\/www.welovekeys.co.uk\\\/pt-pt\\\/#website\",\"url\":\"https:\\\/\\\/www.welovekeys.co.uk\\\/pt-pt\\\/\",\"name\":\"We Love Keys\",\"description\":\"A marketplace for keys\",\"publisher\":{\"@id\":\"https:\\\/\\\/www.welovekeys.co.uk\\\/pt-pt\\\/#organization\"},\"potentialAction\":[{\"@type\":\"SearchAction\",\"target\":{\"@type\":\"EntryPoint\",\"urlTemplate\":\"https:\\\/\\\/www.welovekeys.co.uk\\\/pt-pt\\\/?s={search_term_string}\"},\"query-input\":{\"@type\":\"PropertyValueSpecification\",\"valueRequired\":true,\"valueName\":\"search_term_string\"}}],\"inLanguage\":\"pt-PT\"},{\"@type\":\"Organization\",\"@id\":\"https:\\\/\\\/www.welovekeys.co.uk\\\/pt-pt\\\/#organization\",\"name\":\"We Love Keys\",\"url\":\"https:\\\/\\\/www.welovekeys.co.uk\\\/pt-pt\\\/\",\"logo\":{\"@type\":\"ImageObject\",\"inLanguage\":\"pt-PT\",\"@id\":\"https:\\\/\\\/www.welovekeys.co.uk\\\/pt-pt\\\/#\\\/schema\\\/logo\\\/image\\\/\",\"url\":\"https:\\\/\\\/www.welovekeys.co.uk\\\/wp-content\\\/uploads\\\/2017\\\/06\\\/WE.png\",\"contentUrl\":\"https:\\\/\\\/www.welovekeys.co.uk\\\/wp-content\\\/uploads\\\/2017\\\/06\\\/WE.png\",\"width\":348,\"height\":66,\"caption\":\"We Love Keys\"},\"image\":{\"@id\":\"https:\\\/\\\/www.welovekeys.co.uk\\\/pt-pt\\\/#\\\/schema\\\/logo\\\/image\\\/\"}}]}<\/script>\n<!-- \/ Yoast SEO plugin. -->","yoast_head_json":{"title":"Copiamos\u00a0a chave TESA T60 online no We Love Keys","description":"Vem e duplica a sua chave TESA T60 com chaves de covinhas online! Com pre\u00e7os reduzidos, respostas r\u00e1pidas sem demoras nanossa loja virtual We Love Keys.","robots":{"index":"index","follow":"follow","max-snippet":"max-snippet:-1","max-image-preview":"max-image-preview:large","max-video-preview":"max-video-preview:-1"},"canonical":"https:\/\/www.welovekeys.co.uk\/pt-pt\/produto\/chave-tesa-t60\/","og_locale":"pt_PT","og_type":"article","og_title":"Copiamos\u00a0a chave TESA T60 online no We Love Keys","og_description":"Vem e duplica a sua chave TESA T60 com chaves de covinhas online! Com pre\u00e7os reduzidos, respostas r\u00e1pidas sem demoras nanossa loja virtual We Love Keys.","og_url":"https:\/\/www.welovekeys.co.uk\/pt-pt\/produto\/chave-tesa-t60\/","og_site_name":"We Love Keys","article_modified_time":"2019-12-28T12:14:21+00:00","og_image":[{"width":757,"height":757,"url":"https:\/\/www.welovekeys.co.uk\/wp-content\/uploads\/2017\/06\/TESA2-NO-BG.png","type":"image\/png"}],"twitter_card":"summary_large_image","schema":{"@context":"https:\/\/schema.org","@graph":[{"@type":"WebPage","@id":"https:\/\/www.welovekeys.co.uk\/pt-pt\/produto\/chave-tesa-t60\/","url":"https:\/\/www.welovekeys.co.uk\/pt-pt\/produto\/chave-tesa-t60\/","name":"Copiamos\u00a0a chave TESA T60 online no We Love Keys","isPartOf":{"@id":"https:\/\/www.welovekeys.co.uk\/pt-pt\/#website"},"primaryImageOfPage":{"@id":"https:\/\/www.welovekeys.co.uk\/pt-pt\/produto\/chave-tesa-t60\/#primaryimage"},"image":{"@id":"https:\/\/www.welovekeys.co.uk\/pt-pt\/produto\/chave-tesa-t60\/#primaryimage"},"thumbnailUrl":"https:\/\/www.welovekeys.co.uk\/wp-content\/uploads\/2017\/06\/TESA2-NO-BG.png","datePublished":"2017-06-24T19:41:03+00:00","dateModified":"2019-12-28T12:14:21+00:00","description":"Vem e duplica a sua chave TESA T60 com chaves de covinhas online! Com pre\u00e7os reduzidos, respostas r\u00e1pidas sem demoras nanossa loja virtual We Love Keys.","breadcrumb":{"@id":"https:\/\/www.welovekeys.co.uk\/pt-pt\/produto\/chave-tesa-t60\/#breadcrumb"},"inLanguage":"pt-PT","potentialAction":[{"@type":"ReadAction","target":["https:\/\/www.welovekeys.co.uk\/pt-pt\/produto\/chave-tesa-t60\/"]}]},{"@type":"ImageObject","inLanguage":"pt-PT","@id":"https:\/\/www.welovekeys.co.uk\/pt-pt\/produto\/chave-tesa-t60\/#primaryimage","url":"https:\/\/www.welovekeys.co.uk\/wp-content\/uploads\/2017\/06\/TESA2-NO-BG.png","contentUrl":"https:\/\/www.welovekeys.co.uk\/wp-content\/uploads\/2017\/06\/TESA2-NO-BG.png","width":757,"height":757,"caption":"TESA T60 Key"},{"@type":"BreadcrumbList","@id":"https:\/\/www.welovekeys.co.uk\/pt-pt\/produto\/chave-tesa-t60\/#breadcrumb","itemListElement":[{"@type":"ListItem","position":1,"name":"Home","item":"https:\/\/www.welovekeys.co.uk\/pt-pt\/"},{"@type":"ListItem","position":2,"name":"Loja","item":"https:\/\/www.welovekeys.co.uk\/pt-pt\/loja\/"},{"@type":"ListItem","position":3,"name":"Chave TESA T60"}]},{"@type":"WebSite","@id":"https:\/\/www.welovekeys.co.uk\/pt-pt\/#website","url":"https:\/\/www.welovekeys.co.uk\/pt-pt\/","name":"We Love Keys","description":"A marketplace for keys","publisher":{"@id":"https:\/\/www.welovekeys.co.uk\/pt-pt\/#organization"},"potentialAction":[{"@type":"SearchAction","target":{"@type":"EntryPoint","urlTemplate":"https:\/\/www.welovekeys.co.uk\/pt-pt\/?s={search_term_string}"},"query-input":{"@type":"PropertyValueSpecification","valueRequired":true,"valueName":"search_term_string"}}],"inLanguage":"pt-PT"},{"@type":"Organization","@id":"https:\/\/www.welovekeys.co.uk\/pt-pt\/#organization","name":"We Love Keys","url":"https:\/\/www.welovekeys.co.uk\/pt-pt\/","logo":{"@type":"ImageObject","inLanguage":"pt-PT","@id":"https:\/\/www.welovekeys.co.uk\/pt-pt\/#\/schema\/logo\/image\/","url":"https:\/\/www.welovekeys.co.uk\/wp-content\/uploads\/2017\/06\/WE.png","contentUrl":"https:\/\/www.welovekeys.co.uk\/wp-content\/uploads\/2017\/06\/WE.png","width":348,"height":66,"caption":"We Love Keys"},"image":{"@id":"https:\/\/www.welovekeys.co.uk\/pt-pt\/#\/schema\/logo\/image\/"}}]}},"_links":{"self":[{"href":"https:\/\/www.welovekeys.co.uk\/pt-pt\/wp-json\/wp\/v2\/product\/3758","targetHints":{"allow":["GET"]}}],"collection":[{"href":"https:\/\/www.welovekeys.co.uk\/pt-pt\/wp-json\/wp\/v2\/product"}],"about":[{"href":"https:\/\/www.welovekeys.co.uk\/pt-pt\/wp-json\/wp\/v2\/types\/product"}],"wp:featuredmedia":[{"embeddable":true,"href":"https:\/\/www.welovekeys.co.uk\/pt-pt\/wp-json\/wp\/v2\/media\/6841"}],"wp:attachment":[{"href":"https:\/\/www.welovekeys.co.uk\/pt-pt\/wp-json\/wp\/v2\/media?parent=3758"}],"wp:term":[{"taxonomy":"product_brand","embeddable":true,"href":"https:\/\/www.welovekeys.co.uk\/pt-pt\/wp-json\/wp\/v2\/product_brand?post=3758"},{"taxonomy":"product_cat","embeddable":true,"href":"https:\/\/www.welovekeys.co.uk\/pt-pt\/wp-json\/wp\/v2\/product_cat?post=3758"},{"taxonomy":"product_tag","embeddable":true,"href":"https:\/\/www.welovekeys.co.uk\/pt-pt\/wp-json\/wp\/v2\/product_tag?post=3758"}],"curies":[{"name":"wp","href":"https:\/\/api.w.org\/{rel}","templated":true}]}}