{"id":264605,"date":"2024-09-12T12:08:50","date_gmt":"2024-09-12T11:08:51","guid":{"rendered":"https:\/\/www.welovekeys.co.uk\/?post_type=product&#038;p=264605"},"modified":"2024-09-12T12:14:34","modified_gmt":"2024-09-12T11:14:34","slug":"we-love-keys-fast-checkout-27-95-code-prt","status":"publish","type":"product","link":"https:\/\/www.welovekeys.co.uk\/pt-pt\/produto\/we-love-keys-fast-checkout-27-95-code-prt\/","title":{"rendered":"We Love Keys Fast Checkout"},"content":{"rendered":"<p>Caros clientes da We Love Keys e 1st Metropolitan, agradecemos por usarem este servi\u00e7o de checkout f\u00e1cil.<\/p>\n<p>Esta ferramenta permite um checkout r\u00e1pido e f\u00e1cil com base no servi\u00e7o que voc\u00ea procura e no custo que lhe foi informado.<\/p>\n<p>Basta seguir as instru\u00e7\u00f5es fornecidas pelos membros da nossa equipe e voc\u00ea poder\u00e1 concluir este pedido.<\/p>\n<p>As op\u00e7\u00f5es de checkout pelo PayPal e cart\u00e3o est\u00e3o dispon\u00edveis.<\/p>\n<p>Tamb\u00e9m temos algumas op\u00e7\u00f5es de entrega para voc\u00ea escolher.<\/p>\n<p>Enviamos para todo o mundo. Se voc\u00ea estiver encomendando de fora do Reino Unido, o IVA n\u00e3o se aplicar\u00e1.<\/p>\n","protected":false},"excerpt":{"rendered":"<p>Caros clientes da We Love Keys e 1st Metropolitan, agradecemos por usarem este servi\u00e7o de checkout f\u00e1cil. Esta ferramenta permite um checkout r\u00e1pido e f\u00e1cil com base no servi\u00e7o que voc\u00ea procura e no custo que lhe foi informado. Basta seguir as instru\u00e7\u00f5es fornecidas pelos membros da nossa equipe e voc\u00ea poder\u00e1 concluir este pedido. [&hellip;]<\/p>\n","protected":false},"featured_media":15444,"template":"","meta":{"_et_pb_use_builder":"","_et_pb_old_content":"","_et_gb_content_width":""},"product_brand":[],"product_cat":[885],"product_tag":[891],"class_list":{"0":"post-264605","1":"product","2":"type-product","3":"status-publish","4":"has-post-thumbnail","6":"product_cat-produtos","7":"product_tag-wlk-checkout-pt-pt","8":"product_shipping_class-env-pt-pt","10":"first","11":"instock","12":"taxable","13":"shipping-taxable","14":"purchasable","15":"product-type-simple"},"yoast_head":"<!-- This site is optimized with the Yoast SEO plugin v27.4 - https:\/\/yoast.com\/product\/yoast-seo-wordpress\/ -->\n<title>We Love Keys Fast Checkout - We Love Keys<\/title>\n<meta name=\"description\" content=\"This tool allows you to checkout based on the cost you were given by our advisors. The process will be quick and easy. PayPal and card payment at checkout.\" \/>\n<meta name=\"robots\" content=\"index, follow, max-snippet:-1, max-image-preview:large, max-video-preview:-1\" \/>\n<link rel=\"canonical\" href=\"https:\/\/www.welovekeys.co.uk\/pt-pt\/produto\/we-love-keys-fast-checkout-27-95-code-prt\/\" \/>\n<meta property=\"og:locale\" content=\"pt_PT\" \/>\n<meta property=\"og:type\" content=\"article\" \/>\n<meta property=\"og:title\" content=\"We Love Keys Fast Checkout - We Love Keys\" \/>\n<meta property=\"og:description\" content=\"This tool allows you to checkout based on the cost you were given by our advisors. The process will be quick and easy. PayPal and card payment at checkout.\" \/>\n<meta property=\"og:url\" content=\"https:\/\/www.welovekeys.co.uk\/pt-pt\/produto\/we-love-keys-fast-checkout-27-95-code-prt\/\" \/>\n<meta property=\"og:site_name\" content=\"We Love Keys\" \/>\n<meta property=\"article:modified_time\" content=\"2024-09-12T11:14:34+00:00\" \/>\n<meta property=\"og:image\" content=\"https:\/\/www.welovekeys.co.uk\/wp-content\/uploads\/2022\/10\/download.png\" \/>\n\t<meta property=\"og:image:width\" content=\"225\" \/>\n\t<meta property=\"og:image:height\" content=\"225\" \/>\n\t<meta property=\"og:image:type\" content=\"image\/png\" \/>\n<meta name=\"twitter:card\" content=\"summary_large_image\" \/>\n<meta name=\"twitter:label1\" content=\"Tempo estimado de leitura\" \/>\n\t<meta name=\"twitter:data1\" content=\"1 minuto\" \/>\n<script type=\"application\/ld+json\" class=\"yoast-schema-graph\">{\"@context\":\"https:\\\/\\\/schema.org\",\"@graph\":[{\"@type\":\"WebPage\",\"@id\":\"https:\\\/\\\/www.welovekeys.co.uk\\\/pt-pt\\\/produto\\\/we-love-keys-fast-checkout-27-95-code-prt\\\/\",\"url\":\"https:\\\/\\\/www.welovekeys.co.uk\\\/pt-pt\\\/produto\\\/we-love-keys-fast-checkout-27-95-code-prt\\\/\",\"name\":\"We Love Keys Fast Checkout - We Love Keys\",\"isPartOf\":{\"@id\":\"https:\\\/\\\/www.welovekeys.co.uk\\\/pt-pt\\\/#website\"},\"primaryImageOfPage\":{\"@id\":\"https:\\\/\\\/www.welovekeys.co.uk\\\/pt-pt\\\/produto\\\/we-love-keys-fast-checkout-27-95-code-prt\\\/#primaryimage\"},\"image\":{\"@id\":\"https:\\\/\\\/www.welovekeys.co.uk\\\/pt-pt\\\/produto\\\/we-love-keys-fast-checkout-27-95-code-prt\\\/#primaryimage\"},\"thumbnailUrl\":\"https:\\\/\\\/www.welovekeys.co.uk\\\/wp-content\\\/uploads\\\/2022\\\/10\\\/download.png\",\"datePublished\":\"2024-09-12T11:08:51+00:00\",\"dateModified\":\"2024-09-12T11:14:34+00:00\",\"description\":\"This tool allows you to checkout based on the cost you were given by our advisors. The process will be quick and easy. PayPal and card payment at checkout.\",\"breadcrumb\":{\"@id\":\"https:\\\/\\\/www.welovekeys.co.uk\\\/pt-pt\\\/produto\\\/we-love-keys-fast-checkout-27-95-code-prt\\\/#breadcrumb\"},\"inLanguage\":\"pt-PT\",\"potentialAction\":[{\"@type\":\"ReadAction\",\"target\":[\"https:\\\/\\\/www.welovekeys.co.uk\\\/pt-pt\\\/produto\\\/we-love-keys-fast-checkout-27-95-code-prt\\\/\"]}]},{\"@type\":\"ImageObject\",\"inLanguage\":\"pt-PT\",\"@id\":\"https:\\\/\\\/www.welovekeys.co.uk\\\/pt-pt\\\/produto\\\/we-love-keys-fast-checkout-27-95-code-prt\\\/#primaryimage\",\"url\":\"https:\\\/\\\/www.welovekeys.co.uk\\\/wp-content\\\/uploads\\\/2022\\\/10\\\/download.png\",\"contentUrl\":\"https:\\\/\\\/www.welovekeys.co.uk\\\/wp-content\\\/uploads\\\/2022\\\/10\\\/download.png\",\"width\":225,\"height\":225,\"caption\":\"we love keys logo white background\"},{\"@type\":\"BreadcrumbList\",\"@id\":\"https:\\\/\\\/www.welovekeys.co.uk\\\/pt-pt\\\/produto\\\/we-love-keys-fast-checkout-27-95-code-prt\\\/#breadcrumb\",\"itemListElement\":[{\"@type\":\"ListItem\",\"position\":1,\"name\":\"Home\",\"item\":\"https:\\\/\\\/www.welovekeys.co.uk\\\/pt-pt\\\/\"},{\"@type\":\"ListItem\",\"position\":2,\"name\":\"Loja\",\"item\":\"https:\\\/\\\/www.welovekeys.co.uk\\\/pt-pt\\\/loja\\\/\"},{\"@type\":\"ListItem\",\"position\":3,\"name\":\"We Love Keys Fast Checkout\"}]},{\"@type\":\"WebSite\",\"@id\":\"https:\\\/\\\/www.welovekeys.co.uk\\\/pt-pt\\\/#website\",\"url\":\"https:\\\/\\\/www.welovekeys.co.uk\\\/pt-pt\\\/\",\"name\":\"We Love Keys\",\"description\":\"A marketplace for keys\",\"publisher\":{\"@id\":\"https:\\\/\\\/www.welovekeys.co.uk\\\/pt-pt\\\/#organization\"},\"potentialAction\":[{\"@type\":\"SearchAction\",\"target\":{\"@type\":\"EntryPoint\",\"urlTemplate\":\"https:\\\/\\\/www.welovekeys.co.uk\\\/pt-pt\\\/?s={search_term_string}\"},\"query-input\":{\"@type\":\"PropertyValueSpecification\",\"valueRequired\":true,\"valueName\":\"search_term_string\"}}],\"inLanguage\":\"pt-PT\"},{\"@type\":\"Organization\",\"@id\":\"https:\\\/\\\/www.welovekeys.co.uk\\\/pt-pt\\\/#organization\",\"name\":\"We Love Keys\",\"url\":\"https:\\\/\\\/www.welovekeys.co.uk\\\/pt-pt\\\/\",\"logo\":{\"@type\":\"ImageObject\",\"inLanguage\":\"pt-PT\",\"@id\":\"https:\\\/\\\/www.welovekeys.co.uk\\\/pt-pt\\\/#\\\/schema\\\/logo\\\/image\\\/\",\"url\":\"https:\\\/\\\/www.welovekeys.co.uk\\\/wp-content\\\/uploads\\\/2017\\\/06\\\/WE.png\",\"contentUrl\":\"https:\\\/\\\/www.welovekeys.co.uk\\\/wp-content\\\/uploads\\\/2017\\\/06\\\/WE.png\",\"width\":348,\"height\":66,\"caption\":\"We Love Keys\"},\"image\":{\"@id\":\"https:\\\/\\\/www.welovekeys.co.uk\\\/pt-pt\\\/#\\\/schema\\\/logo\\\/image\\\/\"}}]}<\/script>\n<!-- \/ Yoast SEO plugin. -->","yoast_head_json":{"title":"We Love Keys Fast Checkout - We Love Keys","description":"This tool allows you to checkout based on the cost you were given by our advisors. The process will be quick and easy. PayPal and card payment at checkout.","robots":{"index":"index","follow":"follow","max-snippet":"max-snippet:-1","max-image-preview":"max-image-preview:large","max-video-preview":"max-video-preview:-1"},"canonical":"https:\/\/www.welovekeys.co.uk\/pt-pt\/produto\/we-love-keys-fast-checkout-27-95-code-prt\/","og_locale":"pt_PT","og_type":"article","og_title":"We Love Keys Fast Checkout - We Love Keys","og_description":"This tool allows you to checkout based on the cost you were given by our advisors. The process will be quick and easy. PayPal and card payment at checkout.","og_url":"https:\/\/www.welovekeys.co.uk\/pt-pt\/produto\/we-love-keys-fast-checkout-27-95-code-prt\/","og_site_name":"We Love Keys","article_modified_time":"2024-09-12T11:14:34+00:00","og_image":[{"width":225,"height":225,"url":"https:\/\/www.welovekeys.co.uk\/wp-content\/uploads\/2022\/10\/download.png","type":"image\/png"}],"twitter_card":"summary_large_image","twitter_misc":{"Tempo estimado de leitura":"1 minuto"},"schema":{"@context":"https:\/\/schema.org","@graph":[{"@type":"WebPage","@id":"https:\/\/www.welovekeys.co.uk\/pt-pt\/produto\/we-love-keys-fast-checkout-27-95-code-prt\/","url":"https:\/\/www.welovekeys.co.uk\/pt-pt\/produto\/we-love-keys-fast-checkout-27-95-code-prt\/","name":"We Love Keys Fast Checkout - We Love Keys","isPartOf":{"@id":"https:\/\/www.welovekeys.co.uk\/pt-pt\/#website"},"primaryImageOfPage":{"@id":"https:\/\/www.welovekeys.co.uk\/pt-pt\/produto\/we-love-keys-fast-checkout-27-95-code-prt\/#primaryimage"},"image":{"@id":"https:\/\/www.welovekeys.co.uk\/pt-pt\/produto\/we-love-keys-fast-checkout-27-95-code-prt\/#primaryimage"},"thumbnailUrl":"https:\/\/www.welovekeys.co.uk\/wp-content\/uploads\/2022\/10\/download.png","datePublished":"2024-09-12T11:08:51+00:00","dateModified":"2024-09-12T11:14:34+00:00","description":"This tool allows you to checkout based on the cost you were given by our advisors. The process will be quick and easy. PayPal and card payment at checkout.","breadcrumb":{"@id":"https:\/\/www.welovekeys.co.uk\/pt-pt\/produto\/we-love-keys-fast-checkout-27-95-code-prt\/#breadcrumb"},"inLanguage":"pt-PT","potentialAction":[{"@type":"ReadAction","target":["https:\/\/www.welovekeys.co.uk\/pt-pt\/produto\/we-love-keys-fast-checkout-27-95-code-prt\/"]}]},{"@type":"ImageObject","inLanguage":"pt-PT","@id":"https:\/\/www.welovekeys.co.uk\/pt-pt\/produto\/we-love-keys-fast-checkout-27-95-code-prt\/#primaryimage","url":"https:\/\/www.welovekeys.co.uk\/wp-content\/uploads\/2022\/10\/download.png","contentUrl":"https:\/\/www.welovekeys.co.uk\/wp-content\/uploads\/2022\/10\/download.png","width":225,"height":225,"caption":"we love keys logo white background"},{"@type":"BreadcrumbList","@id":"https:\/\/www.welovekeys.co.uk\/pt-pt\/produto\/we-love-keys-fast-checkout-27-95-code-prt\/#breadcrumb","itemListElement":[{"@type":"ListItem","position":1,"name":"Home","item":"https:\/\/www.welovekeys.co.uk\/pt-pt\/"},{"@type":"ListItem","position":2,"name":"Loja","item":"https:\/\/www.welovekeys.co.uk\/pt-pt\/loja\/"},{"@type":"ListItem","position":3,"name":"We Love Keys Fast Checkout"}]},{"@type":"WebSite","@id":"https:\/\/www.welovekeys.co.uk\/pt-pt\/#website","url":"https:\/\/www.welovekeys.co.uk\/pt-pt\/","name":"We Love Keys","description":"A marketplace for keys","publisher":{"@id":"https:\/\/www.welovekeys.co.uk\/pt-pt\/#organization"},"potentialAction":[{"@type":"SearchAction","target":{"@type":"EntryPoint","urlTemplate":"https:\/\/www.welovekeys.co.uk\/pt-pt\/?s={search_term_string}"},"query-input":{"@type":"PropertyValueSpecification","valueRequired":true,"valueName":"search_term_string"}}],"inLanguage":"pt-PT"},{"@type":"Organization","@id":"https:\/\/www.welovekeys.co.uk\/pt-pt\/#organization","name":"We Love Keys","url":"https:\/\/www.welovekeys.co.uk\/pt-pt\/","logo":{"@type":"ImageObject","inLanguage":"pt-PT","@id":"https:\/\/www.welovekeys.co.uk\/pt-pt\/#\/schema\/logo\/image\/","url":"https:\/\/www.welovekeys.co.uk\/wp-content\/uploads\/2017\/06\/WE.png","contentUrl":"https:\/\/www.welovekeys.co.uk\/wp-content\/uploads\/2017\/06\/WE.png","width":348,"height":66,"caption":"We Love Keys"},"image":{"@id":"https:\/\/www.welovekeys.co.uk\/pt-pt\/#\/schema\/logo\/image\/"}}]}},"_links":{"self":[{"href":"https:\/\/www.welovekeys.co.uk\/pt-pt\/wp-json\/wp\/v2\/product\/264605","targetHints":{"allow":["GET"]}}],"collection":[{"href":"https:\/\/www.welovekeys.co.uk\/pt-pt\/wp-json\/wp\/v2\/product"}],"about":[{"href":"https:\/\/www.welovekeys.co.uk\/pt-pt\/wp-json\/wp\/v2\/types\/product"}],"wp:featuredmedia":[{"embeddable":true,"href":"https:\/\/www.welovekeys.co.uk\/pt-pt\/wp-json\/wp\/v2\/media\/15444"}],"wp:attachment":[{"href":"https:\/\/www.welovekeys.co.uk\/pt-pt\/wp-json\/wp\/v2\/media?parent=264605"}],"wp:term":[{"taxonomy":"product_brand","embeddable":true,"href":"https:\/\/www.welovekeys.co.uk\/pt-pt\/wp-json\/wp\/v2\/product_brand?post=264605"},{"taxonomy":"product_cat","embeddable":true,"href":"https:\/\/www.welovekeys.co.uk\/pt-pt\/wp-json\/wp\/v2\/product_cat?post=264605"},{"taxonomy":"product_tag","embeddable":true,"href":"https:\/\/www.welovekeys.co.uk\/pt-pt\/wp-json\/wp\/v2\/product_tag?post=264605"}],"curies":[{"name":"wp","href":"https:\/\/api.w.org\/{rel}","templated":true}]}}