{"id":245182,"date":"2022-10-18T14:47:44","date_gmt":"2022-10-18T13:47:44","guid":{"rendered":"https:\/\/www.welovekeys.co.uk\/product\/plastica-portachiavi-colorato-medio\/"},"modified":"2022-10-18T14:47:44","modified_gmt":"2022-10-18T13:47:44","slug":"plastica-portachiavi-colorato-medio","status":"publish","type":"product","link":"https:\/\/www.welovekeys.co.uk\/it\/prodotto\/plastica-portachiavi-colorato-medio\/","title":{"rendered":"Plastica Portachiavi Colorato (medio)"},"content":{"rendered":"<p>Etiqueta de llave de color con anillo adjunto. El inserto de papel sale f\u00e1cilmente y permite escribir sin quitar el anillo.<\/p>\n<p>F\u00e1cil de poner y quitar y te ayuda a identificar r\u00e1pidamente la llave que necesitas.<\/p>\n<p>Material: Pl\u00e1stico Color: Color aleatorio seg\u00fan disponibilidad de stock<\/p>\n<p>Tama\u00f1o: 5.6cm de largo, 2.9cm de ancho<\/p>\n<p>Estos art\u00edculos se enviar\u00e1n el mismo d\u00eda si se realizan antes de las 3pm.<\/p>\n<p>Sapevate che le vostre recensioni sono ora pubblicate sulla nostra pagina <a href=\"https:\/\/www.instagram.com\/we_love_keys\/\">Instagram<\/a>? Lasciate una recensione su <a href=\"https:\/\/uk.trustpilot.com\/review\/metrolocks.co.uk\">Trustpilot<\/a> o <a href=\"https:\/\/www.google.com\/maps\/place\/1st+Metropolitan+Locksmiths+Ltd.\/@51.5898897,-0.07149,18z\/data=!4m8!3m7!1s0x48761ca42745a585:0xb675cc0d99355445!8m2!3d51.5896873!4d-0.0692956!9m1!1b1!16s%2Fg%2F1tdbdxwj\">Google<\/a> per avere la possibilit\u00e0 di comparire anche voi!<\/p>\n<p>Potete trovare tutti gli accessori per chiavi che offriamo sul nostro sito web se<a href=\"https:\/\/www.welovekeys.co.uk\/it\/categoria-prodotto\/accessori\/\"> cliccate qui<\/a>. Dai portachiavi anime ai tag standard e molto altro ancora.<\/p>\n<p>Nuovi design sono in arrivo, quindi continuate a seguirci!<\/p>\n","protected":false},"excerpt":{"rendered":"<blockquote>\n<p>Il costo mostrato \u00e8 per 1 pezzo.<\/p>\n<\/blockquote>\n<p><strong>2+ = sconto del 10%<\/strong><\/p>\n<p><strong>5+ = sconto del 16%<\/strong><\/p>\n<p><strong>Sconti applicati nel carrello<\/strong><\/p>\n","protected":false},"featured_media":247191,"template":"","meta":{"_et_pb_use_builder":"","_et_pb_old_content":"","_et_gb_content_width":""},"product_brand":[],"product_cat":[811],"product_tag":[776,775,768],"class_list":{"0":"post-245182","1":"product","2":"type-product","3":"status-publish","4":"has-post-thumbnail","6":"product_cat-accessori","7":"product_tag-key-cap-it","8":"product_tag-key-chain-it","9":"product_tag-key-ring-it","10":"product_shipping_class-env-it","12":"first","13":"instock","14":"taxable","15":"shipping-taxable","16":"purchasable","17":"product-type-simple"},"yoast_head":"<!-- This site is optimized with the Yoast SEO plugin v27.4 - https:\/\/yoast.com\/product\/yoast-seo-wordpress\/ -->\n<title>Plastica Portachiavi Colorato (medio) - We Love Keys<\/title>\n<meta name=\"description\" content=\"Acquista online i portachiavi colorati su We Love Keys a prezzi convenienti. L&#039;inserto di carta si estrae facilmente senza rimuovere l&#039;anello.\" \/>\n<meta name=\"robots\" content=\"index, follow, max-snippet:-1, max-image-preview:large, max-video-preview:-1\" \/>\n<link rel=\"canonical\" href=\"https:\/\/www.welovekeys.co.uk\/it\/prodotto\/plastica-portachiavi-colorato-medio\/\" \/>\n<meta property=\"og:locale\" content=\"it_IT\" \/>\n<meta property=\"og:type\" content=\"article\" \/>\n<meta property=\"og:title\" content=\"Plastica Portachiavi Colorato (medio) - We Love Keys\" \/>\n<meta property=\"og:description\" content=\"Acquista online i portachiavi colorati su We Love Keys a prezzi convenienti. L&#039;inserto di carta si estrae facilmente senza rimuovere l&#039;anello.\" \/>\n<meta property=\"og:url\" content=\"https:\/\/www.welovekeys.co.uk\/it\/prodotto\/plastica-portachiavi-colorato-medio\/\" \/>\n<meta property=\"og:site_name\" content=\"We Love Keys\" \/>\n<meta property=\"og:image\" content=\"https:\/\/www.welovekeys.co.uk\/wp-content\/uploads\/2022\/10\/kevron-key-tag-open-tag.jpg\" \/>\n\t<meta property=\"og:image:width\" content=\"1779\" \/>\n\t<meta property=\"og:image:height\" content=\"1920\" \/>\n\t<meta property=\"og:image:type\" content=\"image\/jpeg\" \/>\n<meta name=\"twitter:card\" content=\"summary_large_image\" \/>\n<meta name=\"twitter:label1\" content=\"Tempo di lettura stimato\" \/>\n\t<meta name=\"twitter:data1\" content=\"1 minuto\" \/>\n<script type=\"application\/ld+json\" class=\"yoast-schema-graph\">{\"@context\":\"https:\\\/\\\/schema.org\",\"@graph\":[{\"@type\":\"WebPage\",\"@id\":\"https:\\\/\\\/www.welovekeys.co.uk\\\/it\\\/prodotto\\\/plastica-portachiavi-colorato-medio\\\/\",\"url\":\"https:\\\/\\\/www.welovekeys.co.uk\\\/it\\\/prodotto\\\/plastica-portachiavi-colorato-medio\\\/\",\"name\":\"Plastica Portachiavi Colorato (medio) - We Love Keys\",\"isPartOf\":{\"@id\":\"https:\\\/\\\/www.welovekeys.co.uk\\\/it\\\/#website\"},\"primaryImageOfPage\":{\"@id\":\"https:\\\/\\\/www.welovekeys.co.uk\\\/it\\\/prodotto\\\/plastica-portachiavi-colorato-medio\\\/#primaryimage\"},\"image\":{\"@id\":\"https:\\\/\\\/www.welovekeys.co.uk\\\/it\\\/prodotto\\\/plastica-portachiavi-colorato-medio\\\/#primaryimage\"},\"thumbnailUrl\":\"https:\\\/\\\/www.welovekeys.co.uk\\\/wp-content\\\/uploads\\\/2022\\\/10\\\/kevron-key-tag-open-tag.jpg\",\"datePublished\":\"2022-10-18T13:47:44+00:00\",\"description\":\"Acquista online i portachiavi colorati su We Love Keys a prezzi convenienti. L'inserto di carta si estrae facilmente senza rimuovere l'anello.\",\"breadcrumb\":{\"@id\":\"https:\\\/\\\/www.welovekeys.co.uk\\\/it\\\/prodotto\\\/plastica-portachiavi-colorato-medio\\\/#breadcrumb\"},\"inLanguage\":\"it-IT\",\"potentialAction\":[{\"@type\":\"ReadAction\",\"target\":[\"https:\\\/\\\/www.welovekeys.co.uk\\\/it\\\/prodotto\\\/plastica-portachiavi-colorato-medio\\\/\"]}]},{\"@type\":\"ImageObject\",\"inLanguage\":\"it-IT\",\"@id\":\"https:\\\/\\\/www.welovekeys.co.uk\\\/it\\\/prodotto\\\/plastica-portachiavi-colorato-medio\\\/#primaryimage\",\"url\":\"https:\\\/\\\/www.welovekeys.co.uk\\\/wp-content\\\/uploads\\\/2022\\\/10\\\/kevron-key-tag-open-tag.jpg\",\"contentUrl\":\"https:\\\/\\\/www.welovekeys.co.uk\\\/wp-content\\\/uploads\\\/2022\\\/10\\\/kevron-key-tag-open-tag.jpg\",\"width\":1779,\"height\":1920,\"caption\":\"kevron key tag open tag\"},{\"@type\":\"BreadcrumbList\",\"@id\":\"https:\\\/\\\/www.welovekeys.co.uk\\\/it\\\/prodotto\\\/plastica-portachiavi-colorato-medio\\\/#breadcrumb\",\"itemListElement\":[{\"@type\":\"ListItem\",\"position\":1,\"name\":\"Home\",\"item\":\"https:\\\/\\\/www.welovekeys.co.uk\\\/it\\\/\"},{\"@type\":\"ListItem\",\"position\":2,\"name\":\"Negozio\",\"item\":\"https:\\\/\\\/www.welovekeys.co.uk\\\/it\\\/negozio\\\/\"},{\"@type\":\"ListItem\",\"position\":3,\"name\":\"Plastica Portachiavi Colorato (medio)\"}]},{\"@type\":\"WebSite\",\"@id\":\"https:\\\/\\\/www.welovekeys.co.uk\\\/it\\\/#website\",\"url\":\"https:\\\/\\\/www.welovekeys.co.uk\\\/it\\\/\",\"name\":\"We Love Keys\",\"description\":\"A marketplace for keys\",\"publisher\":{\"@id\":\"https:\\\/\\\/www.welovekeys.co.uk\\\/it\\\/#organization\"},\"potentialAction\":[{\"@type\":\"SearchAction\",\"target\":{\"@type\":\"EntryPoint\",\"urlTemplate\":\"https:\\\/\\\/www.welovekeys.co.uk\\\/it\\\/?s={search_term_string}\"},\"query-input\":{\"@type\":\"PropertyValueSpecification\",\"valueRequired\":true,\"valueName\":\"search_term_string\"}}],\"inLanguage\":\"it-IT\"},{\"@type\":\"Organization\",\"@id\":\"https:\\\/\\\/www.welovekeys.co.uk\\\/it\\\/#organization\",\"name\":\"We Love Keys\",\"url\":\"https:\\\/\\\/www.welovekeys.co.uk\\\/it\\\/\",\"logo\":{\"@type\":\"ImageObject\",\"inLanguage\":\"it-IT\",\"@id\":\"https:\\\/\\\/www.welovekeys.co.uk\\\/it\\\/#\\\/schema\\\/logo\\\/image\\\/\",\"url\":\"https:\\\/\\\/www.welovekeys.co.uk\\\/wp-content\\\/uploads\\\/2017\\\/06\\\/WE.png\",\"contentUrl\":\"https:\\\/\\\/www.welovekeys.co.uk\\\/wp-content\\\/uploads\\\/2017\\\/06\\\/WE.png\",\"width\":348,\"height\":66,\"caption\":\"We Love Keys\"},\"image\":{\"@id\":\"https:\\\/\\\/www.welovekeys.co.uk\\\/it\\\/#\\\/schema\\\/logo\\\/image\\\/\"}}]}<\/script>\n<!-- \/ Yoast SEO plugin. -->","yoast_head_json":{"title":"Plastica Portachiavi Colorato (medio) - We Love Keys","description":"Acquista online i portachiavi colorati su We Love Keys a prezzi convenienti. L'inserto di carta si estrae facilmente senza rimuovere l'anello.","robots":{"index":"index","follow":"follow","max-snippet":"max-snippet:-1","max-image-preview":"max-image-preview:large","max-video-preview":"max-video-preview:-1"},"canonical":"https:\/\/www.welovekeys.co.uk\/it\/prodotto\/plastica-portachiavi-colorato-medio\/","og_locale":"it_IT","og_type":"article","og_title":"Plastica Portachiavi Colorato (medio) - We Love Keys","og_description":"Acquista online i portachiavi colorati su We Love Keys a prezzi convenienti. L'inserto di carta si estrae facilmente senza rimuovere l'anello.","og_url":"https:\/\/www.welovekeys.co.uk\/it\/prodotto\/plastica-portachiavi-colorato-medio\/","og_site_name":"We Love Keys","og_image":[{"width":1779,"height":1920,"url":"https:\/\/www.welovekeys.co.uk\/wp-content\/uploads\/2022\/10\/kevron-key-tag-open-tag.jpg","type":"image\/jpeg"}],"twitter_card":"summary_large_image","twitter_misc":{"Tempo di lettura stimato":"1 minuto"},"schema":{"@context":"https:\/\/schema.org","@graph":[{"@type":"WebPage","@id":"https:\/\/www.welovekeys.co.uk\/it\/prodotto\/plastica-portachiavi-colorato-medio\/","url":"https:\/\/www.welovekeys.co.uk\/it\/prodotto\/plastica-portachiavi-colorato-medio\/","name":"Plastica Portachiavi Colorato (medio) - We Love Keys","isPartOf":{"@id":"https:\/\/www.welovekeys.co.uk\/it\/#website"},"primaryImageOfPage":{"@id":"https:\/\/www.welovekeys.co.uk\/it\/prodotto\/plastica-portachiavi-colorato-medio\/#primaryimage"},"image":{"@id":"https:\/\/www.welovekeys.co.uk\/it\/prodotto\/plastica-portachiavi-colorato-medio\/#primaryimage"},"thumbnailUrl":"https:\/\/www.welovekeys.co.uk\/wp-content\/uploads\/2022\/10\/kevron-key-tag-open-tag.jpg","datePublished":"2022-10-18T13:47:44+00:00","description":"Acquista online i portachiavi colorati su We Love Keys a prezzi convenienti. L'inserto di carta si estrae facilmente senza rimuovere l'anello.","breadcrumb":{"@id":"https:\/\/www.welovekeys.co.uk\/it\/prodotto\/plastica-portachiavi-colorato-medio\/#breadcrumb"},"inLanguage":"it-IT","potentialAction":[{"@type":"ReadAction","target":["https:\/\/www.welovekeys.co.uk\/it\/prodotto\/plastica-portachiavi-colorato-medio\/"]}]},{"@type":"ImageObject","inLanguage":"it-IT","@id":"https:\/\/www.welovekeys.co.uk\/it\/prodotto\/plastica-portachiavi-colorato-medio\/#primaryimage","url":"https:\/\/www.welovekeys.co.uk\/wp-content\/uploads\/2022\/10\/kevron-key-tag-open-tag.jpg","contentUrl":"https:\/\/www.welovekeys.co.uk\/wp-content\/uploads\/2022\/10\/kevron-key-tag-open-tag.jpg","width":1779,"height":1920,"caption":"kevron key tag open tag"},{"@type":"BreadcrumbList","@id":"https:\/\/www.welovekeys.co.uk\/it\/prodotto\/plastica-portachiavi-colorato-medio\/#breadcrumb","itemListElement":[{"@type":"ListItem","position":1,"name":"Home","item":"https:\/\/www.welovekeys.co.uk\/it\/"},{"@type":"ListItem","position":2,"name":"Negozio","item":"https:\/\/www.welovekeys.co.uk\/it\/negozio\/"},{"@type":"ListItem","position":3,"name":"Plastica Portachiavi Colorato (medio)"}]},{"@type":"WebSite","@id":"https:\/\/www.welovekeys.co.uk\/it\/#website","url":"https:\/\/www.welovekeys.co.uk\/it\/","name":"We Love Keys","description":"A marketplace for keys","publisher":{"@id":"https:\/\/www.welovekeys.co.uk\/it\/#organization"},"potentialAction":[{"@type":"SearchAction","target":{"@type":"EntryPoint","urlTemplate":"https:\/\/www.welovekeys.co.uk\/it\/?s={search_term_string}"},"query-input":{"@type":"PropertyValueSpecification","valueRequired":true,"valueName":"search_term_string"}}],"inLanguage":"it-IT"},{"@type":"Organization","@id":"https:\/\/www.welovekeys.co.uk\/it\/#organization","name":"We Love Keys","url":"https:\/\/www.welovekeys.co.uk\/it\/","logo":{"@type":"ImageObject","inLanguage":"it-IT","@id":"https:\/\/www.welovekeys.co.uk\/it\/#\/schema\/logo\/image\/","url":"https:\/\/www.welovekeys.co.uk\/wp-content\/uploads\/2017\/06\/WE.png","contentUrl":"https:\/\/www.welovekeys.co.uk\/wp-content\/uploads\/2017\/06\/WE.png","width":348,"height":66,"caption":"We Love Keys"},"image":{"@id":"https:\/\/www.welovekeys.co.uk\/it\/#\/schema\/logo\/image\/"}}]}},"_links":{"self":[{"href":"https:\/\/www.welovekeys.co.uk\/it\/wp-json\/wp\/v2\/product\/245182","targetHints":{"allow":["GET"]}}],"collection":[{"href":"https:\/\/www.welovekeys.co.uk\/it\/wp-json\/wp\/v2\/product"}],"about":[{"href":"https:\/\/www.welovekeys.co.uk\/it\/wp-json\/wp\/v2\/types\/product"}],"wp:featuredmedia":[{"embeddable":true,"href":"https:\/\/www.welovekeys.co.uk\/it\/wp-json\/wp\/v2\/media\/247191"}],"wp:attachment":[{"href":"https:\/\/www.welovekeys.co.uk\/it\/wp-json\/wp\/v2\/media?parent=245182"}],"wp:term":[{"taxonomy":"product_brand","embeddable":true,"href":"https:\/\/www.welovekeys.co.uk\/it\/wp-json\/wp\/v2\/product_brand?post=245182"},{"taxonomy":"product_cat","embeddable":true,"href":"https:\/\/www.welovekeys.co.uk\/it\/wp-json\/wp\/v2\/product_cat?post=245182"},{"taxonomy":"product_tag","embeddable":true,"href":"https:\/\/www.welovekeys.co.uk\/it\/wp-json\/wp\/v2\/product_tag?post=245182"}],"curies":[{"name":"wp","href":"https:\/\/api.w.org\/{rel}","templated":true}]}}