{"id":13594,"date":"2022-06-30T09:53:45","date_gmt":"2022-06-30T08:53:45","guid":{"rendered":"https:\/\/www.welovekeys.co.uk\/product\/chiave-del-distributore-automatico-saeco\/"},"modified":"2022-06-30T09:53:45","modified_gmt":"2022-06-30T08:53:45","slug":"chiave-del-distributore-automatico-saeco","status":"publish","type":"product","link":"https:\/\/www.welovekeys.co.uk\/it\/prodotto\/chiave-del-distributore-automatico-saeco\/","title":{"rendered":"Chiave del distributore automatico Saeco"},"content":{"rendered":"<p>Saeco \u00e8 un&#8217;azienda italiana che produce distributori automatici e distributori di caff\u00e8. Per accedere al pannello di controllo e all&#8217;alloggiamento della macchina \u00e8 necessaria una chiave tubolare.<\/p>\n<blockquote>\n<p><strong>Noi di We Love Keys siamo in grado di fornire chiavi per i distributori automatici Saeco! Seleziona semplicemente la quantit\u00e0 di cui hai bisogno sopra, e noi faremo il resto!<\/strong><\/p>\n<\/blockquote>\n<p>Si tratta di chiavi tubolari, il pi\u00f9 delle volte con la scritta &#8220;Meroni&#8221; sulla testa. A volte il manico \u00e8 di plastica blu o nera, anche se per lo pi\u00f9 \u00e8 interamente in metallo.<\/p>\n<p>Questa chiave \u00e8 adatta alle seguenti macchine Saeco: Break Point 36, Break Point 56, BP 36, BP 56, E016002, E016003 e altre.<\/p>\n<p><strong><em>Spedizione in giornata su chiavi tubolari se ordinate entro le 15 di un giorno lavorativo.<\/em><\/strong><\/p>\n","protected":false},"excerpt":{"rendered":"<div id=\"discounttable\"><strong>2+ chiavi = sconto del 10%<br \/>\n5+ chiavi = sconto del 16%<br \/>\n10+ chiavi = sconto del 22%<br \/>\nSconti applicati nel carrello.<\/strong><\/div>\n","protected":false},"featured_media":5236,"template":"","meta":{"_et_pb_use_builder":"","_et_pb_old_content":"","_et_gb_content_width":""},"product_brand":[],"product_cat":[178,612],"product_tag":[],"class_list":{"0":"post-13594","1":"product","2":"type-product","3":"status-publish","4":"has-post-thumbnail","6":"product_cat-chiavi-tubolari","7":"product_cat-saeco-it","8":"product_shipping_class-large-letter-it","10":"first","11":"instock","12":"taxable","13":"shipping-taxable","14":"purchasable","15":"product-type-simple"},"yoast_head":"<!-- This site is optimized with the Yoast SEO plugin v27.4 - https:\/\/yoast.com\/product\/yoast-seo-wordpress\/ -->\n<title>Chiave del distributore automatico Saeco - We Love Keys<\/title>\n<meta name=\"description\" content=\"Ordina oggi le chiavi per la tua macchina da caff\u00e8 Saeco con We Love Keys! Spedizione veloce, servizio eccellente!\" \/>\n<meta name=\"robots\" content=\"index, follow, max-snippet:-1, max-image-preview:large, max-video-preview:-1\" \/>\n<link rel=\"canonical\" href=\"https:\/\/www.welovekeys.co.uk\/it\/prodotto\/chiave-del-distributore-automatico-saeco\/\" \/>\n<meta property=\"og:locale\" content=\"it_IT\" \/>\n<meta property=\"og:type\" content=\"article\" \/>\n<meta property=\"og:title\" content=\"Chiave del distributore automatico Saeco - We Love Keys\" \/>\n<meta property=\"og:description\" content=\"Ordina oggi le chiavi per la tua macchina da caff\u00e8 Saeco con We Love Keys! Spedizione veloce, servizio eccellente!\" \/>\n<meta property=\"og:url\" content=\"https:\/\/www.welovekeys.co.uk\/it\/prodotto\/chiave-del-distributore-automatico-saeco\/\" \/>\n<meta property=\"og:site_name\" content=\"We Love Keys\" \/>\n<meta property=\"og:image\" content=\"https:\/\/www.welovekeys.co.uk\/wp-content\/uploads\/2020\/05\/Meroni-Tubular2.jpg\" \/>\n\t<meta property=\"og:image:width\" content=\"378\" \/>\n\t<meta property=\"og:image:height\" content=\"378\" \/>\n\t<meta property=\"og:image:type\" content=\"image\/jpeg\" \/>\n<meta name=\"twitter:card\" content=\"summary_large_image\" \/>\n<meta name=\"twitter:label1\" content=\"Tempo di lettura stimato\" \/>\n\t<meta name=\"twitter:data1\" content=\"1 minuto\" \/>\n<script type=\"application\/ld+json\" class=\"yoast-schema-graph\">{\"@context\":\"https:\\\/\\\/schema.org\",\"@graph\":[{\"@type\":\"WebPage\",\"@id\":\"https:\\\/\\\/www.welovekeys.co.uk\\\/it\\\/prodotto\\\/chiave-del-distributore-automatico-saeco\\\/\",\"url\":\"https:\\\/\\\/www.welovekeys.co.uk\\\/it\\\/prodotto\\\/chiave-del-distributore-automatico-saeco\\\/\",\"name\":\"Chiave del distributore automatico Saeco - We Love Keys\",\"isPartOf\":{\"@id\":\"https:\\\/\\\/www.welovekeys.co.uk\\\/it\\\/#website\"},\"primaryImageOfPage\":{\"@id\":\"https:\\\/\\\/www.welovekeys.co.uk\\\/it\\\/prodotto\\\/chiave-del-distributore-automatico-saeco\\\/#primaryimage\"},\"image\":{\"@id\":\"https:\\\/\\\/www.welovekeys.co.uk\\\/it\\\/prodotto\\\/chiave-del-distributore-automatico-saeco\\\/#primaryimage\"},\"thumbnailUrl\":\"https:\\\/\\\/www.welovekeys.co.uk\\\/wp-content\\\/uploads\\\/2020\\\/05\\\/Meroni-Tubular2.jpg\",\"datePublished\":\"2022-06-30T08:53:45+00:00\",\"description\":\"Ordina oggi le chiavi per la tua macchina da caff\u00e8 Saeco con We Love Keys! Spedizione veloce, servizio eccellente!\",\"breadcrumb\":{\"@id\":\"https:\\\/\\\/www.welovekeys.co.uk\\\/it\\\/prodotto\\\/chiave-del-distributore-automatico-saeco\\\/#breadcrumb\"},\"inLanguage\":\"it-IT\",\"potentialAction\":[{\"@type\":\"ReadAction\",\"target\":[\"https:\\\/\\\/www.welovekeys.co.uk\\\/it\\\/prodotto\\\/chiave-del-distributore-automatico-saeco\\\/\"]}]},{\"@type\":\"ImageObject\",\"inLanguage\":\"it-IT\",\"@id\":\"https:\\\/\\\/www.welovekeys.co.uk\\\/it\\\/prodotto\\\/chiave-del-distributore-automatico-saeco\\\/#primaryimage\",\"url\":\"https:\\\/\\\/www.welovekeys.co.uk\\\/wp-content\\\/uploads\\\/2020\\\/05\\\/Meroni-Tubular2.jpg\",\"contentUrl\":\"https:\\\/\\\/www.welovekeys.co.uk\\\/wp-content\\\/uploads\\\/2020\\\/05\\\/Meroni-Tubular2.jpg\",\"width\":378,\"height\":378,\"caption\":\"Chiave tubolare Meroni\"},{\"@type\":\"BreadcrumbList\",\"@id\":\"https:\\\/\\\/www.welovekeys.co.uk\\\/it\\\/prodotto\\\/chiave-del-distributore-automatico-saeco\\\/#breadcrumb\",\"itemListElement\":[{\"@type\":\"ListItem\",\"position\":1,\"name\":\"Home\",\"item\":\"https:\\\/\\\/www.welovekeys.co.uk\\\/it\\\/\"},{\"@type\":\"ListItem\",\"position\":2,\"name\":\"Negozio\",\"item\":\"https:\\\/\\\/www.welovekeys.co.uk\\\/it\\\/negozio\\\/\"},{\"@type\":\"ListItem\",\"position\":3,\"name\":\"Chiave del distributore automatico Saeco\"}]},{\"@type\":\"WebSite\",\"@id\":\"https:\\\/\\\/www.welovekeys.co.uk\\\/it\\\/#website\",\"url\":\"https:\\\/\\\/www.welovekeys.co.uk\\\/it\\\/\",\"name\":\"We Love Keys\",\"description\":\"A marketplace for keys\",\"publisher\":{\"@id\":\"https:\\\/\\\/www.welovekeys.co.uk\\\/it\\\/#organization\"},\"potentialAction\":[{\"@type\":\"SearchAction\",\"target\":{\"@type\":\"EntryPoint\",\"urlTemplate\":\"https:\\\/\\\/www.welovekeys.co.uk\\\/it\\\/?s={search_term_string}\"},\"query-input\":{\"@type\":\"PropertyValueSpecification\",\"valueRequired\":true,\"valueName\":\"search_term_string\"}}],\"inLanguage\":\"it-IT\"},{\"@type\":\"Organization\",\"@id\":\"https:\\\/\\\/www.welovekeys.co.uk\\\/it\\\/#organization\",\"name\":\"We Love Keys\",\"url\":\"https:\\\/\\\/www.welovekeys.co.uk\\\/it\\\/\",\"logo\":{\"@type\":\"ImageObject\",\"inLanguage\":\"it-IT\",\"@id\":\"https:\\\/\\\/www.welovekeys.co.uk\\\/it\\\/#\\\/schema\\\/logo\\\/image\\\/\",\"url\":\"https:\\\/\\\/www.welovekeys.co.uk\\\/wp-content\\\/uploads\\\/2017\\\/06\\\/WE.png\",\"contentUrl\":\"https:\\\/\\\/www.welovekeys.co.uk\\\/wp-content\\\/uploads\\\/2017\\\/06\\\/WE.png\",\"width\":348,\"height\":66,\"caption\":\"We Love Keys\"},\"image\":{\"@id\":\"https:\\\/\\\/www.welovekeys.co.uk\\\/it\\\/#\\\/schema\\\/logo\\\/image\\\/\"}}]}<\/script>\n<!-- \/ Yoast SEO plugin. -->","yoast_head_json":{"title":"Chiave del distributore automatico Saeco - We Love Keys","description":"Ordina oggi le chiavi per la tua macchina da caff\u00e8 Saeco con We Love Keys! Spedizione veloce, servizio eccellente!","robots":{"index":"index","follow":"follow","max-snippet":"max-snippet:-1","max-image-preview":"max-image-preview:large","max-video-preview":"max-video-preview:-1"},"canonical":"https:\/\/www.welovekeys.co.uk\/it\/prodotto\/chiave-del-distributore-automatico-saeco\/","og_locale":"it_IT","og_type":"article","og_title":"Chiave del distributore automatico Saeco - We Love Keys","og_description":"Ordina oggi le chiavi per la tua macchina da caff\u00e8 Saeco con We Love Keys! Spedizione veloce, servizio eccellente!","og_url":"https:\/\/www.welovekeys.co.uk\/it\/prodotto\/chiave-del-distributore-automatico-saeco\/","og_site_name":"We Love Keys","og_image":[{"width":378,"height":378,"url":"https:\/\/www.welovekeys.co.uk\/wp-content\/uploads\/2020\/05\/Meroni-Tubular2.jpg","type":"image\/jpeg"}],"twitter_card":"summary_large_image","twitter_misc":{"Tempo di lettura stimato":"1 minuto"},"schema":{"@context":"https:\/\/schema.org","@graph":[{"@type":"WebPage","@id":"https:\/\/www.welovekeys.co.uk\/it\/prodotto\/chiave-del-distributore-automatico-saeco\/","url":"https:\/\/www.welovekeys.co.uk\/it\/prodotto\/chiave-del-distributore-automatico-saeco\/","name":"Chiave del distributore automatico Saeco - We Love Keys","isPartOf":{"@id":"https:\/\/www.welovekeys.co.uk\/it\/#website"},"primaryImageOfPage":{"@id":"https:\/\/www.welovekeys.co.uk\/it\/prodotto\/chiave-del-distributore-automatico-saeco\/#primaryimage"},"image":{"@id":"https:\/\/www.welovekeys.co.uk\/it\/prodotto\/chiave-del-distributore-automatico-saeco\/#primaryimage"},"thumbnailUrl":"https:\/\/www.welovekeys.co.uk\/wp-content\/uploads\/2020\/05\/Meroni-Tubular2.jpg","datePublished":"2022-06-30T08:53:45+00:00","description":"Ordina oggi le chiavi per la tua macchina da caff\u00e8 Saeco con We Love Keys! Spedizione veloce, servizio eccellente!","breadcrumb":{"@id":"https:\/\/www.welovekeys.co.uk\/it\/prodotto\/chiave-del-distributore-automatico-saeco\/#breadcrumb"},"inLanguage":"it-IT","potentialAction":[{"@type":"ReadAction","target":["https:\/\/www.welovekeys.co.uk\/it\/prodotto\/chiave-del-distributore-automatico-saeco\/"]}]},{"@type":"ImageObject","inLanguage":"it-IT","@id":"https:\/\/www.welovekeys.co.uk\/it\/prodotto\/chiave-del-distributore-automatico-saeco\/#primaryimage","url":"https:\/\/www.welovekeys.co.uk\/wp-content\/uploads\/2020\/05\/Meroni-Tubular2.jpg","contentUrl":"https:\/\/www.welovekeys.co.uk\/wp-content\/uploads\/2020\/05\/Meroni-Tubular2.jpg","width":378,"height":378,"caption":"Chiave tubolare Meroni"},{"@type":"BreadcrumbList","@id":"https:\/\/www.welovekeys.co.uk\/it\/prodotto\/chiave-del-distributore-automatico-saeco\/#breadcrumb","itemListElement":[{"@type":"ListItem","position":1,"name":"Home","item":"https:\/\/www.welovekeys.co.uk\/it\/"},{"@type":"ListItem","position":2,"name":"Negozio","item":"https:\/\/www.welovekeys.co.uk\/it\/negozio\/"},{"@type":"ListItem","position":3,"name":"Chiave del distributore automatico Saeco"}]},{"@type":"WebSite","@id":"https:\/\/www.welovekeys.co.uk\/it\/#website","url":"https:\/\/www.welovekeys.co.uk\/it\/","name":"We Love Keys","description":"A marketplace for keys","publisher":{"@id":"https:\/\/www.welovekeys.co.uk\/it\/#organization"},"potentialAction":[{"@type":"SearchAction","target":{"@type":"EntryPoint","urlTemplate":"https:\/\/www.welovekeys.co.uk\/it\/?s={search_term_string}"},"query-input":{"@type":"PropertyValueSpecification","valueRequired":true,"valueName":"search_term_string"}}],"inLanguage":"it-IT"},{"@type":"Organization","@id":"https:\/\/www.welovekeys.co.uk\/it\/#organization","name":"We Love Keys","url":"https:\/\/www.welovekeys.co.uk\/it\/","logo":{"@type":"ImageObject","inLanguage":"it-IT","@id":"https:\/\/www.welovekeys.co.uk\/it\/#\/schema\/logo\/image\/","url":"https:\/\/www.welovekeys.co.uk\/wp-content\/uploads\/2017\/06\/WE.png","contentUrl":"https:\/\/www.welovekeys.co.uk\/wp-content\/uploads\/2017\/06\/WE.png","width":348,"height":66,"caption":"We Love Keys"},"image":{"@id":"https:\/\/www.welovekeys.co.uk\/it\/#\/schema\/logo\/image\/"}}]}},"_links":{"self":[{"href":"https:\/\/www.welovekeys.co.uk\/it\/wp-json\/wp\/v2\/product\/13594","targetHints":{"allow":["GET"]}}],"collection":[{"href":"https:\/\/www.welovekeys.co.uk\/it\/wp-json\/wp\/v2\/product"}],"about":[{"href":"https:\/\/www.welovekeys.co.uk\/it\/wp-json\/wp\/v2\/types\/product"}],"wp:featuredmedia":[{"embeddable":true,"href":"https:\/\/www.welovekeys.co.uk\/it\/wp-json\/wp\/v2\/media\/5236"}],"wp:attachment":[{"href":"https:\/\/www.welovekeys.co.uk\/it\/wp-json\/wp\/v2\/media?parent=13594"}],"wp:term":[{"taxonomy":"product_brand","embeddable":true,"href":"https:\/\/www.welovekeys.co.uk\/it\/wp-json\/wp\/v2\/product_brand?post=13594"},{"taxonomy":"product_cat","embeddable":true,"href":"https:\/\/www.welovekeys.co.uk\/it\/wp-json\/wp\/v2\/product_cat?post=13594"},{"taxonomy":"product_tag","embeddable":true,"href":"https:\/\/www.welovekeys.co.uk\/it\/wp-json\/wp\/v2\/product_tag?post=13594"}],"curies":[{"name":"wp","href":"https:\/\/api.w.org\/{rel}","templated":true}]}}