{"id":9431,"date":"2021-06-27T13:04:57","date_gmt":"2021-06-27T12:04:57","guid":{"rendered":"https:\/\/www.welovekeys.co.uk\/product\/cle-tubulaire-mitsubishi-ta6461\/"},"modified":"2021-06-27T13:04:57","modified_gmt":"2021-06-27T12:04:57","slug":"cle-tubulaire-mitsubishi-ta6461","status":"publish","type":"product","link":"https:\/\/www.welovekeys.co.uk\/fr\/produit\/cle-tubulaire-mitsubishi-ta6461\/","title":{"rendered":"Cl\u00e9 tubulaire Mitsubishi TA6461"},"content":{"rendered":"<p>La cl\u00e9 Mitsubishi TA6461 est une cl\u00e9 tubulaire (alias cl\u00e9 radiale) utilis\u00e9e pour faire fonctionner de nombreux panneaux d&rsquo;ascenseur. L&rsquo;interrupteur TA6461 appara\u00eet dans le monde entier, mais principalement dans les ascenseurs en France et aux USA.<\/p>\n<blockquote>\n<p>Chez We Love Keys, nous pouvons faire des copies de cette cl\u00e9 en un temps record. Il vous suffit de s\u00e9lectionner la quantit\u00e9 dont vous avez besoin ci-dessus, de l&rsquo;ajouter au panier et nous nous occupons du reste !<\/p>\n<\/blockquote>\n<p><strong><em>Exp\u00e9dition le jour m\u00eame de toutes les cl\u00e9s Mitsubishi si command\u00e9es avant 15 heures un jour ouvrable.<\/em><\/strong><\/p>\n","protected":false},"excerpt":{"rendered":"<div id=\"discounttable\"><strong>2+ cl\u00e9s = 10% rabais<br \/>\n5+ cl\u00e9s = 16% rabais<br \/>\n10+ cl\u00e9s = 22% rabais<br \/>\n20+ cl\u00e9s = <a href=\"https:\/\/www.welovekeys.co.uk\/fr\/aide\/\" target=\"_blank\" rel=\"noopener noreferrer\">\u00e9crivez-nous<\/a><br \/>R\u00e9ductions appliqu\u00e9es dans le panier.<\/strong><\/div>\n","protected":false},"featured_media":247878,"template":"","meta":{"_et_pb_use_builder":"","_et_pb_old_content":"","_et_gb_content_width":""},"product_brand":[],"product_cat":[717,175,555],"product_tag":[],"class_list":{"0":"post-9431","1":"product","2":"type-product","3":"status-publish","4":"has-post-thumbnail","6":"product_cat-ascenseur","7":"product_cat-cles-tubulaires","8":"product_cat-mitsubishi-fr","9":"product_shipping_class-large-letter-fr","11":"first","12":"instock","13":"taxable","14":"shipping-taxable","15":"purchasable","16":"product-type-simple"},"yoast_head":"<!-- This site is optimized with the Yoast SEO plugin v27.4 - https:\/\/yoast.com\/product\/yoast-seo-wordpress\/ -->\n<title>Cl\u00e9 TA6461 pour interrupteurs d&#039;ascenseur Mitsubishi - We Love Keys<\/title>\n<meta name=\"description\" content=\"Commandez des cl\u00e9s de remplacement Mitsubishi TA6461 EN LIGNE chez We Love Keys, le service de cl\u00e9s rapide. Envoi rapide, prix bas.\" \/>\n<meta name=\"robots\" content=\"index, follow, max-snippet:-1, max-image-preview:large, max-video-preview:-1\" \/>\n<link rel=\"canonical\" href=\"https:\/\/www.welovekeys.co.uk\/fr\/produit\/cle-tubulaire-mitsubishi-ta6461\/\" \/>\n<meta property=\"og:locale\" content=\"fr_FR\" \/>\n<meta property=\"og:type\" content=\"article\" \/>\n<meta property=\"og:title\" content=\"Cl\u00e9 TA6461 pour interrupteurs d&#039;ascenseur Mitsubishi - We Love Keys\" \/>\n<meta property=\"og:description\" content=\"Commandez des cl\u00e9s de remplacement Mitsubishi TA6461 EN LIGNE chez We Love Keys, le service de cl\u00e9s rapide. Envoi rapide, prix bas.\" \/>\n<meta property=\"og:url\" content=\"https:\/\/www.welovekeys.co.uk\/fr\/produit\/cle-tubulaire-mitsubishi-ta6461\/\" \/>\n<meta property=\"og:site_name\" content=\"We Love Keys\" \/>\n<meta property=\"og:image\" content=\"https:\/\/www.welovekeys.co.uk\/wp-content\/uploads\/2021\/06\/mitsubishi-TA6461-tubular-key-replacement.webp\" \/>\n\t<meta property=\"og:image:width\" content=\"800\" \/>\n\t<meta property=\"og:image:height\" content=\"800\" \/>\n\t<meta property=\"og:image:type\" content=\"image\/webp\" \/>\n<meta name=\"twitter:card\" content=\"summary_large_image\" \/>\n<script type=\"application\/ld+json\" class=\"yoast-schema-graph\">{\"@context\":\"https:\\\/\\\/schema.org\",\"@graph\":[{\"@type\":\"WebPage\",\"@id\":\"https:\\\/\\\/www.welovekeys.co.uk\\\/fr\\\/produit\\\/cle-tubulaire-mitsubishi-ta6461\\\/\",\"url\":\"https:\\\/\\\/www.welovekeys.co.uk\\\/fr\\\/produit\\\/cle-tubulaire-mitsubishi-ta6461\\\/\",\"name\":\"Cl\u00e9 TA6461 pour interrupteurs d'ascenseur Mitsubishi - We Love Keys\",\"isPartOf\":{\"@id\":\"https:\\\/\\\/www.welovekeys.co.uk\\\/fr\\\/#website\"},\"primaryImageOfPage\":{\"@id\":\"https:\\\/\\\/www.welovekeys.co.uk\\\/fr\\\/produit\\\/cle-tubulaire-mitsubishi-ta6461\\\/#primaryimage\"},\"image\":{\"@id\":\"https:\\\/\\\/www.welovekeys.co.uk\\\/fr\\\/produit\\\/cle-tubulaire-mitsubishi-ta6461\\\/#primaryimage\"},\"thumbnailUrl\":\"https:\\\/\\\/www.welovekeys.co.uk\\\/wp-content\\\/uploads\\\/2021\\\/06\\\/mitsubishi-TA6461-tubular-key-replacement.webp\",\"datePublished\":\"2021-06-27T12:04:57+00:00\",\"description\":\"Commandez des cl\u00e9s de remplacement Mitsubishi TA6461 EN LIGNE chez We Love Keys, le service de cl\u00e9s rapide. Envoi rapide, prix bas.\",\"breadcrumb\":{\"@id\":\"https:\\\/\\\/www.welovekeys.co.uk\\\/fr\\\/produit\\\/cle-tubulaire-mitsubishi-ta6461\\\/#breadcrumb\"},\"inLanguage\":\"fr-FR\",\"potentialAction\":[{\"@type\":\"ReadAction\",\"target\":[\"https:\\\/\\\/www.welovekeys.co.uk\\\/fr\\\/produit\\\/cle-tubulaire-mitsubishi-ta6461\\\/\"]}]},{\"@type\":\"ImageObject\",\"inLanguage\":\"fr-FR\",\"@id\":\"https:\\\/\\\/www.welovekeys.co.uk\\\/fr\\\/produit\\\/cle-tubulaire-mitsubishi-ta6461\\\/#primaryimage\",\"url\":\"https:\\\/\\\/www.welovekeys.co.uk\\\/wp-content\\\/uploads\\\/2021\\\/06\\\/mitsubishi-TA6461-tubular-key-replacement.webp\",\"contentUrl\":\"https:\\\/\\\/www.welovekeys.co.uk\\\/wp-content\\\/uploads\\\/2021\\\/06\\\/mitsubishi-TA6461-tubular-key-replacement.webp\",\"width\":800,\"height\":800,\"caption\":\"mitsubishi TA6461 tubular key replacement\"},{\"@type\":\"BreadcrumbList\",\"@id\":\"https:\\\/\\\/www.welovekeys.co.uk\\\/fr\\\/produit\\\/cle-tubulaire-mitsubishi-ta6461\\\/#breadcrumb\",\"itemListElement\":[{\"@type\":\"ListItem\",\"position\":1,\"name\":\"Home\",\"item\":\"https:\\\/\\\/www.welovekeys.co.uk\\\/fr\\\/\"},{\"@type\":\"ListItem\",\"position\":2,\"name\":\"Boutique\",\"item\":\"https:\\\/\\\/www.welovekeys.co.uk\\\/fr\\\/boutique\\\/\"},{\"@type\":\"ListItem\",\"position\":3,\"name\":\"Cl\u00e9 tubulaire Mitsubishi TA6461\"}]},{\"@type\":\"WebSite\",\"@id\":\"https:\\\/\\\/www.welovekeys.co.uk\\\/fr\\\/#website\",\"url\":\"https:\\\/\\\/www.welovekeys.co.uk\\\/fr\\\/\",\"name\":\"We Love Keys\",\"description\":\"A marketplace for keys\",\"publisher\":{\"@id\":\"https:\\\/\\\/www.welovekeys.co.uk\\\/fr\\\/#organization\"},\"potentialAction\":[{\"@type\":\"SearchAction\",\"target\":{\"@type\":\"EntryPoint\",\"urlTemplate\":\"https:\\\/\\\/www.welovekeys.co.uk\\\/fr\\\/?s={search_term_string}\"},\"query-input\":{\"@type\":\"PropertyValueSpecification\",\"valueRequired\":true,\"valueName\":\"search_term_string\"}}],\"inLanguage\":\"fr-FR\"},{\"@type\":\"Organization\",\"@id\":\"https:\\\/\\\/www.welovekeys.co.uk\\\/fr\\\/#organization\",\"name\":\"We Love Keys\",\"url\":\"https:\\\/\\\/www.welovekeys.co.uk\\\/fr\\\/\",\"logo\":{\"@type\":\"ImageObject\",\"inLanguage\":\"fr-FR\",\"@id\":\"https:\\\/\\\/www.welovekeys.co.uk\\\/fr\\\/#\\\/schema\\\/logo\\\/image\\\/\",\"url\":\"https:\\\/\\\/www.welovekeys.co.uk\\\/wp-content\\\/uploads\\\/2017\\\/06\\\/WE.png\",\"contentUrl\":\"https:\\\/\\\/www.welovekeys.co.uk\\\/wp-content\\\/uploads\\\/2017\\\/06\\\/WE.png\",\"width\":348,\"height\":66,\"caption\":\"We Love Keys\"},\"image\":{\"@id\":\"https:\\\/\\\/www.welovekeys.co.uk\\\/fr\\\/#\\\/schema\\\/logo\\\/image\\\/\"}}]}<\/script>\n<!-- \/ Yoast SEO plugin. -->","yoast_head_json":{"title":"Cl\u00e9 TA6461 pour interrupteurs d'ascenseur Mitsubishi - We Love Keys","description":"Commandez des cl\u00e9s de remplacement Mitsubishi TA6461 EN LIGNE chez We Love Keys, le service de cl\u00e9s rapide. Envoi rapide, prix bas.","robots":{"index":"index","follow":"follow","max-snippet":"max-snippet:-1","max-image-preview":"max-image-preview:large","max-video-preview":"max-video-preview:-1"},"canonical":"https:\/\/www.welovekeys.co.uk\/fr\/produit\/cle-tubulaire-mitsubishi-ta6461\/","og_locale":"fr_FR","og_type":"article","og_title":"Cl\u00e9 TA6461 pour interrupteurs d'ascenseur Mitsubishi - We Love Keys","og_description":"Commandez des cl\u00e9s de remplacement Mitsubishi TA6461 EN LIGNE chez We Love Keys, le service de cl\u00e9s rapide. Envoi rapide, prix bas.","og_url":"https:\/\/www.welovekeys.co.uk\/fr\/produit\/cle-tubulaire-mitsubishi-ta6461\/","og_site_name":"We Love Keys","og_image":[{"width":800,"height":800,"url":"https:\/\/www.welovekeys.co.uk\/wp-content\/uploads\/2021\/06\/mitsubishi-TA6461-tubular-key-replacement.webp","type":"image\/webp"}],"twitter_card":"summary_large_image","schema":{"@context":"https:\/\/schema.org","@graph":[{"@type":"WebPage","@id":"https:\/\/www.welovekeys.co.uk\/fr\/produit\/cle-tubulaire-mitsubishi-ta6461\/","url":"https:\/\/www.welovekeys.co.uk\/fr\/produit\/cle-tubulaire-mitsubishi-ta6461\/","name":"Cl\u00e9 TA6461 pour interrupteurs d'ascenseur Mitsubishi - We Love Keys","isPartOf":{"@id":"https:\/\/www.welovekeys.co.uk\/fr\/#website"},"primaryImageOfPage":{"@id":"https:\/\/www.welovekeys.co.uk\/fr\/produit\/cle-tubulaire-mitsubishi-ta6461\/#primaryimage"},"image":{"@id":"https:\/\/www.welovekeys.co.uk\/fr\/produit\/cle-tubulaire-mitsubishi-ta6461\/#primaryimage"},"thumbnailUrl":"https:\/\/www.welovekeys.co.uk\/wp-content\/uploads\/2021\/06\/mitsubishi-TA6461-tubular-key-replacement.webp","datePublished":"2021-06-27T12:04:57+00:00","description":"Commandez des cl\u00e9s de remplacement Mitsubishi TA6461 EN LIGNE chez We Love Keys, le service de cl\u00e9s rapide. Envoi rapide, prix bas.","breadcrumb":{"@id":"https:\/\/www.welovekeys.co.uk\/fr\/produit\/cle-tubulaire-mitsubishi-ta6461\/#breadcrumb"},"inLanguage":"fr-FR","potentialAction":[{"@type":"ReadAction","target":["https:\/\/www.welovekeys.co.uk\/fr\/produit\/cle-tubulaire-mitsubishi-ta6461\/"]}]},{"@type":"ImageObject","inLanguage":"fr-FR","@id":"https:\/\/www.welovekeys.co.uk\/fr\/produit\/cle-tubulaire-mitsubishi-ta6461\/#primaryimage","url":"https:\/\/www.welovekeys.co.uk\/wp-content\/uploads\/2021\/06\/mitsubishi-TA6461-tubular-key-replacement.webp","contentUrl":"https:\/\/www.welovekeys.co.uk\/wp-content\/uploads\/2021\/06\/mitsubishi-TA6461-tubular-key-replacement.webp","width":800,"height":800,"caption":"mitsubishi TA6461 tubular key replacement"},{"@type":"BreadcrumbList","@id":"https:\/\/www.welovekeys.co.uk\/fr\/produit\/cle-tubulaire-mitsubishi-ta6461\/#breadcrumb","itemListElement":[{"@type":"ListItem","position":1,"name":"Home","item":"https:\/\/www.welovekeys.co.uk\/fr\/"},{"@type":"ListItem","position":2,"name":"Boutique","item":"https:\/\/www.welovekeys.co.uk\/fr\/boutique\/"},{"@type":"ListItem","position":3,"name":"Cl\u00e9 tubulaire Mitsubishi TA6461"}]},{"@type":"WebSite","@id":"https:\/\/www.welovekeys.co.uk\/fr\/#website","url":"https:\/\/www.welovekeys.co.uk\/fr\/","name":"We Love Keys","description":"A marketplace for keys","publisher":{"@id":"https:\/\/www.welovekeys.co.uk\/fr\/#organization"},"potentialAction":[{"@type":"SearchAction","target":{"@type":"EntryPoint","urlTemplate":"https:\/\/www.welovekeys.co.uk\/fr\/?s={search_term_string}"},"query-input":{"@type":"PropertyValueSpecification","valueRequired":true,"valueName":"search_term_string"}}],"inLanguage":"fr-FR"},{"@type":"Organization","@id":"https:\/\/www.welovekeys.co.uk\/fr\/#organization","name":"We Love Keys","url":"https:\/\/www.welovekeys.co.uk\/fr\/","logo":{"@type":"ImageObject","inLanguage":"fr-FR","@id":"https:\/\/www.welovekeys.co.uk\/fr\/#\/schema\/logo\/image\/","url":"https:\/\/www.welovekeys.co.uk\/wp-content\/uploads\/2017\/06\/WE.png","contentUrl":"https:\/\/www.welovekeys.co.uk\/wp-content\/uploads\/2017\/06\/WE.png","width":348,"height":66,"caption":"We Love Keys"},"image":{"@id":"https:\/\/www.welovekeys.co.uk\/fr\/#\/schema\/logo\/image\/"}}]}},"_links":{"self":[{"href":"https:\/\/www.welovekeys.co.uk\/fr\/wp-json\/wp\/v2\/product\/9431","targetHints":{"allow":["GET"]}}],"collection":[{"href":"https:\/\/www.welovekeys.co.uk\/fr\/wp-json\/wp\/v2\/product"}],"about":[{"href":"https:\/\/www.welovekeys.co.uk\/fr\/wp-json\/wp\/v2\/types\/product"}],"wp:featuredmedia":[{"embeddable":true,"href":"https:\/\/www.welovekeys.co.uk\/fr\/wp-json\/wp\/v2\/media\/247878"}],"wp:attachment":[{"href":"https:\/\/www.welovekeys.co.uk\/fr\/wp-json\/wp\/v2\/media?parent=9431"}],"wp:term":[{"taxonomy":"product_brand","embeddable":true,"href":"https:\/\/www.welovekeys.co.uk\/fr\/wp-json\/wp\/v2\/product_brand?post=9431"},{"taxonomy":"product_cat","embeddable":true,"href":"https:\/\/www.welovekeys.co.uk\/fr\/wp-json\/wp\/v2\/product_cat?post=9431"},{"taxonomy":"product_tag","embeddable":true,"href":"https:\/\/www.welovekeys.co.uk\/fr\/wp-json\/wp\/v2\/product_tag?post=9431"}],"curies":[{"name":"wp","href":"https:\/\/api.w.org\/{rel}","templated":true}]}}