{"id":8798,"date":"2021-05-08T11:25:34","date_gmt":"2021-05-08T10:25:34","guid":{"rendered":"https:\/\/www.welovekeys.co.uk\/product\/cle-a-pompe\/"},"modified":"2021-05-16T14:08:42","modified_gmt":"2021-05-16T13:08:42","slug":"cle-a-pompe","status":"publish","type":"product","link":"https:\/\/www.welovekeys.co.uk\/fr\/produit\/cle-a-pompe\/","title":{"rendered":"Cl\u00e9 \u00e0 pompe"},"content":{"rendered":"<p>Les cl\u00e9s \u00e0 pompe (<em>chiavi da pompa<\/em> en Italien) sont des cl\u00e9s sp\u00e9ciales pour un type unique de syst\u00e8me de verrouillage, que l&rsquo;on trouve principalement en Italie, en France et en Espagne, bien qu&rsquo;elles apparaissent parfois dans d&rsquo;autres pays.<\/p>\n<p>Malgr\u00e9 leur nom, elles n&rsquo;actionnent g\u00e9n\u00e9ralement aucun type de pompe. Au lieu de cela, elles ouvrent g\u00e9n\u00e9ralement les portes d&rsquo;entr\u00e9e et les m\u00e9canismes de porte de garage. Elles ont une forme distinctive qui ressemble \u00e0 un trident (voir photo).<\/p>\n<blockquote>\n<p><strong>Chez We Love Keys, nous pouvons faire tr\u00e8s rapidement les doubles des cl\u00e9s \u00e0 pompe. Tout ce dont nous avons besoin est une photo claire des <em>deux<\/em> c\u00f4t\u00e9s de votre cl\u00e9 et nous sommes pr\u00eats! T\u00e9l\u00e9chargez simplement les photos \u00e0 l&rsquo;aide de l&rsquo;outil de t\u00e9l\u00e9chargement de photos ci-dessus.<\/strong><\/p>\n<\/blockquote>\n<p>Les verrous \u00e0 pompe les plus courants sont fabriqu\u00e9s par ISEO et Mottura. Si vous n&rsquo;\u00eates pas s\u00fbr du type de cl\u00e9 dont vous disposez, <a href=\"https:\/\/www.welovekeys.co.uk\/fr\/aide\/\"><strong>n&rsquo;h\u00e9sitez pas \u00e0 nous contacter<\/strong><\/a>.<\/p>\n<p><em><strong>Envoi le jour m\u00eame sur la plupart des cl\u00e9s &agrave; pompe si command\u00e9 avant 15h un jour ouvrable (sous r\u00e9serve de stock d&rsquo;\u00e9bauches).<\/strong><\/em><\/p>\n<p>Voici quelques-unes des choses que votre cl\u00e9 pourrait avoir \u00e9crites dessus: JMA IS-1G, Silca 5IE5, JMA MT-AG, Silca MT4, JMA MT-AGP, Silca MT4P, JMA MT-CG, Silca MT3, JMA MT-CGP, Silca MT3P, JMA MT-DGP, Silca MT3RP, JMA MT-EG, Silca MT2, JMA MT-EGP, Silca MT2P, JMA MT-GG, Silca MT4R, JMA MT-GGP, Silca MT4RP<\/p>\n<hr class=\"productPageFootnoteHr\">\n<div class=\"productPageAdditionalInfoDiv\">\n<h3>En savoir plus sur la fabrication de cl\u00e9s \u00e0 pompe \u00e0 partir d\u2019une photo<\/h3>\n<p>Pour certains, cela peut sembler un peu fou, mais chez We Love Keys, nous pouvons copier de nombreuses cl\u00e9s \u00e0 partir de photos. Le r\u00e9sultat est aussi bon qu&rsquo;une cl\u00e9 qui vient directement de l&rsquo;usine principale, \u00e9vitant ainsi l&rsquo;inexactitude qui peut provenir de la duplication de cl\u00e9s dans une boutique.<\/p>\n<p>Un algorithme intelligent \u00e9value et mesure la photo que vous avez envoy\u00e9e et tranpose la photo sur une cl\u00e9 r\u00e9elle. Une machine \u00e9lectronique pr\u00e9cise fabrique alors la cl\u00e9.<\/p>\n<div class=\"trustpilotreviewDiv\">\n<p><img decoding=\"async\" src=\"https:\/\/www.welovekeys.co.uk\/wp-content\/uploads\/2021\/04\/trustpilot.png\" alt=\"Trustpilot Five Stars\" width=\"150\" class=\"alignnone size-full wp-image-8349\" \/><br \/><strong>\u00ab\u00a0G\u00e9nial de trouver une entreprise qui fabrique une cl\u00e9 de remplacement pour une ancienne serrure \u00e0 partir de quelques photos.\u00a0\u00bb<\/strong> &ndash; <a href=\"https:\/\/uk.trustpilot.com\/reviews\/5f46163402e8570814f9196b\" target=\"_blank\" rel=\"noopener\">Trustpilot<\/a><\/p>\n<\/div>\n<\/div>\n","protected":false},"excerpt":{"rendered":"<div id=\"discounttable\"><strong>2+ cl\u00e9s = 10% rabais<br \/>\n5+ cl\u00e9s = 16% rabais<br \/>\n10+ cl\u00e9s = 22% rabais<br \/>\n20+ cl\u00e9s = <a href=\"https:\/\/www.welovekeys.co.uk\/fr\/aide\/\" target=\"_blank\" rel=\"noopener noreferrer\">\u00e9crivez-nous<\/a><br \/>R\u00e9ductions appliqu\u00e9es dans le panier.<\/strong><\/div>\n","protected":false},"featured_media":8666,"template":"","meta":{"_et_pb_use_builder":"","_et_pb_old_content":"","_et_gb_content_width":""},"product_brand":[],"product_cat":[713,705,586],"product_tag":[],"class_list":{"0":"post-8798","1":"product","2":"type-product","3":"status-publish","4":"has-post-thumbnail","6":"product_cat-porte","7":"product_cat-nos-produits","8":"product_cat-pump-fr","9":"product_shipping_class-large-letter-fr","11":"first","12":"instock","13":"taxable","14":"shipping-taxable","15":"purchasable","16":"product-type-simple"},"yoast_head":"<!-- This site is optimized with the Yoast SEO plugin v27.4 - https:\/\/yoast.com\/product\/yoast-seo-wordpress\/ -->\n<title>Cl\u00e9s \u00e0 pompe fabriqu\u00e9es RAPIDEMENT en ligne avec We Love Keys<\/title>\n<meta name=\"description\" content=\"Commandez des cl\u00e9s \u00e0 pompe en ligne AUJOURD&#039;HUI chez We Love Keys. Mottura, ISEO et de nombreuses autres cl\u00e9s \u00e0 pompe. Exp\u00e9dition rapide.\" \/>\n<meta name=\"robots\" content=\"index, follow, max-snippet:-1, max-image-preview:large, max-video-preview:-1\" \/>\n<link rel=\"canonical\" href=\"https:\/\/www.welovekeys.co.uk\/fr\/produit\/cle-a-pompe\/\" \/>\n<meta property=\"og:locale\" content=\"fr_FR\" \/>\n<meta property=\"og:type\" content=\"article\" \/>\n<meta property=\"og:title\" content=\"Cl\u00e9s \u00e0 pompe fabriqu\u00e9es RAPIDEMENT en ligne avec We Love Keys\" \/>\n<meta property=\"og:description\" content=\"Commandez des cl\u00e9s \u00e0 pompe en ligne AUJOURD&#039;HUI chez We Love Keys. Mottura, ISEO et de nombreuses autres cl\u00e9s \u00e0 pompe. Exp\u00e9dition rapide.\" \/>\n<meta property=\"og:url\" content=\"https:\/\/www.welovekeys.co.uk\/fr\/produit\/cle-a-pompe\/\" \/>\n<meta property=\"og:site_name\" content=\"We Love Keys\" \/>\n<meta property=\"article:modified_time\" content=\"2021-05-16T13:08:42+00:00\" \/>\n<meta property=\"og:image\" content=\"https:\/\/www.welovekeys.co.uk\/wp-content\/uploads\/2021\/05\/pumpkeymottura1.jpg\" \/>\n\t<meta property=\"og:image:width\" content=\"954\" \/>\n\t<meta property=\"og:image:height\" content=\"954\" \/>\n\t<meta property=\"og:image:type\" content=\"image\/jpeg\" \/>\n<meta name=\"twitter:card\" content=\"summary_large_image\" \/>\n<meta name=\"twitter:label1\" content=\"Dur\u00e9e de lecture estim\u00e9e\" \/>\n\t<meta name=\"twitter:data1\" content=\"2 minutes\" \/>\n<script type=\"application\/ld+json\" class=\"yoast-schema-graph\">{\"@context\":\"https:\\\/\\\/schema.org\",\"@graph\":[{\"@type\":\"WebPage\",\"@id\":\"https:\\\/\\\/www.welovekeys.co.uk\\\/fr\\\/produit\\\/cle-a-pompe\\\/\",\"url\":\"https:\\\/\\\/www.welovekeys.co.uk\\\/fr\\\/produit\\\/cle-a-pompe\\\/\",\"name\":\"Cl\u00e9s \u00e0 pompe fabriqu\u00e9es RAPIDEMENT en ligne avec We Love Keys\",\"isPartOf\":{\"@id\":\"https:\\\/\\\/www.welovekeys.co.uk\\\/fr\\\/#website\"},\"primaryImageOfPage\":{\"@id\":\"https:\\\/\\\/www.welovekeys.co.uk\\\/fr\\\/produit\\\/cle-a-pompe\\\/#primaryimage\"},\"image\":{\"@id\":\"https:\\\/\\\/www.welovekeys.co.uk\\\/fr\\\/produit\\\/cle-a-pompe\\\/#primaryimage\"},\"thumbnailUrl\":\"https:\\\/\\\/www.welovekeys.co.uk\\\/wp-content\\\/uploads\\\/2021\\\/05\\\/pumpkeymottura1.jpg\",\"datePublished\":\"2021-05-08T10:25:34+00:00\",\"dateModified\":\"2021-05-16T13:08:42+00:00\",\"description\":\"Commandez des cl\u00e9s \u00e0 pompe en ligne AUJOURD'HUI chez We Love Keys. Mottura, ISEO et de nombreuses autres cl\u00e9s \u00e0 pompe. Exp\u00e9dition rapide.\",\"breadcrumb\":{\"@id\":\"https:\\\/\\\/www.welovekeys.co.uk\\\/fr\\\/produit\\\/cle-a-pompe\\\/#breadcrumb\"},\"inLanguage\":\"fr-FR\",\"potentialAction\":[{\"@type\":\"ReadAction\",\"target\":[\"https:\\\/\\\/www.welovekeys.co.uk\\\/fr\\\/produit\\\/cle-a-pompe\\\/\"]}]},{\"@type\":\"ImageObject\",\"inLanguage\":\"fr-FR\",\"@id\":\"https:\\\/\\\/www.welovekeys.co.uk\\\/fr\\\/produit\\\/cle-a-pompe\\\/#primaryimage\",\"url\":\"https:\\\/\\\/www.welovekeys.co.uk\\\/wp-content\\\/uploads\\\/2021\\\/05\\\/pumpkeymottura1.jpg\",\"contentUrl\":\"https:\\\/\\\/www.welovekeys.co.uk\\\/wp-content\\\/uploads\\\/2021\\\/05\\\/pumpkeymottura1.jpg\",\"width\":954,\"height\":954,\"caption\":\"Cl\u00e9 \u00e0 pompe Mottura\"},{\"@type\":\"BreadcrumbList\",\"@id\":\"https:\\\/\\\/www.welovekeys.co.uk\\\/fr\\\/produit\\\/cle-a-pompe\\\/#breadcrumb\",\"itemListElement\":[{\"@type\":\"ListItem\",\"position\":1,\"name\":\"Home\",\"item\":\"https:\\\/\\\/www.welovekeys.co.uk\\\/fr\\\/\"},{\"@type\":\"ListItem\",\"position\":2,\"name\":\"Boutique\",\"item\":\"https:\\\/\\\/www.welovekeys.co.uk\\\/fr\\\/boutique\\\/\"},{\"@type\":\"ListItem\",\"position\":3,\"name\":\"Cl\u00e9 \u00e0 pompe\"}]},{\"@type\":\"WebSite\",\"@id\":\"https:\\\/\\\/www.welovekeys.co.uk\\\/fr\\\/#website\",\"url\":\"https:\\\/\\\/www.welovekeys.co.uk\\\/fr\\\/\",\"name\":\"We Love Keys\",\"description\":\"A marketplace for keys\",\"publisher\":{\"@id\":\"https:\\\/\\\/www.welovekeys.co.uk\\\/fr\\\/#organization\"},\"potentialAction\":[{\"@type\":\"SearchAction\",\"target\":{\"@type\":\"EntryPoint\",\"urlTemplate\":\"https:\\\/\\\/www.welovekeys.co.uk\\\/fr\\\/?s={search_term_string}\"},\"query-input\":{\"@type\":\"PropertyValueSpecification\",\"valueRequired\":true,\"valueName\":\"search_term_string\"}}],\"inLanguage\":\"fr-FR\"},{\"@type\":\"Organization\",\"@id\":\"https:\\\/\\\/www.welovekeys.co.uk\\\/fr\\\/#organization\",\"name\":\"We Love Keys\",\"url\":\"https:\\\/\\\/www.welovekeys.co.uk\\\/fr\\\/\",\"logo\":{\"@type\":\"ImageObject\",\"inLanguage\":\"fr-FR\",\"@id\":\"https:\\\/\\\/www.welovekeys.co.uk\\\/fr\\\/#\\\/schema\\\/logo\\\/image\\\/\",\"url\":\"https:\\\/\\\/www.welovekeys.co.uk\\\/wp-content\\\/uploads\\\/2017\\\/06\\\/WE.png\",\"contentUrl\":\"https:\\\/\\\/www.welovekeys.co.uk\\\/wp-content\\\/uploads\\\/2017\\\/06\\\/WE.png\",\"width\":348,\"height\":66,\"caption\":\"We Love Keys\"},\"image\":{\"@id\":\"https:\\\/\\\/www.welovekeys.co.uk\\\/fr\\\/#\\\/schema\\\/logo\\\/image\\\/\"}}]}<\/script>\n<!-- \/ Yoast SEO plugin. -->","yoast_head_json":{"title":"Cl\u00e9s \u00e0 pompe fabriqu\u00e9es RAPIDEMENT en ligne avec We Love Keys","description":"Commandez des cl\u00e9s \u00e0 pompe en ligne AUJOURD'HUI chez We Love Keys. Mottura, ISEO et de nombreuses autres cl\u00e9s \u00e0 pompe. Exp\u00e9dition rapide.","robots":{"index":"index","follow":"follow","max-snippet":"max-snippet:-1","max-image-preview":"max-image-preview:large","max-video-preview":"max-video-preview:-1"},"canonical":"https:\/\/www.welovekeys.co.uk\/fr\/produit\/cle-a-pompe\/","og_locale":"fr_FR","og_type":"article","og_title":"Cl\u00e9s \u00e0 pompe fabriqu\u00e9es RAPIDEMENT en ligne avec We Love Keys","og_description":"Commandez des cl\u00e9s \u00e0 pompe en ligne AUJOURD'HUI chez We Love Keys. Mottura, ISEO et de nombreuses autres cl\u00e9s \u00e0 pompe. Exp\u00e9dition rapide.","og_url":"https:\/\/www.welovekeys.co.uk\/fr\/produit\/cle-a-pompe\/","og_site_name":"We Love Keys","article_modified_time":"2021-05-16T13:08:42+00:00","og_image":[{"width":954,"height":954,"url":"https:\/\/www.welovekeys.co.uk\/wp-content\/uploads\/2021\/05\/pumpkeymottura1.jpg","type":"image\/jpeg"}],"twitter_card":"summary_large_image","twitter_misc":{"Dur\u00e9e de lecture estim\u00e9e":"2 minutes"},"schema":{"@context":"https:\/\/schema.org","@graph":[{"@type":"WebPage","@id":"https:\/\/www.welovekeys.co.uk\/fr\/produit\/cle-a-pompe\/","url":"https:\/\/www.welovekeys.co.uk\/fr\/produit\/cle-a-pompe\/","name":"Cl\u00e9s \u00e0 pompe fabriqu\u00e9es RAPIDEMENT en ligne avec We Love Keys","isPartOf":{"@id":"https:\/\/www.welovekeys.co.uk\/fr\/#website"},"primaryImageOfPage":{"@id":"https:\/\/www.welovekeys.co.uk\/fr\/produit\/cle-a-pompe\/#primaryimage"},"image":{"@id":"https:\/\/www.welovekeys.co.uk\/fr\/produit\/cle-a-pompe\/#primaryimage"},"thumbnailUrl":"https:\/\/www.welovekeys.co.uk\/wp-content\/uploads\/2021\/05\/pumpkeymottura1.jpg","datePublished":"2021-05-08T10:25:34+00:00","dateModified":"2021-05-16T13:08:42+00:00","description":"Commandez des cl\u00e9s \u00e0 pompe en ligne AUJOURD'HUI chez We Love Keys. Mottura, ISEO et de nombreuses autres cl\u00e9s \u00e0 pompe. Exp\u00e9dition rapide.","breadcrumb":{"@id":"https:\/\/www.welovekeys.co.uk\/fr\/produit\/cle-a-pompe\/#breadcrumb"},"inLanguage":"fr-FR","potentialAction":[{"@type":"ReadAction","target":["https:\/\/www.welovekeys.co.uk\/fr\/produit\/cle-a-pompe\/"]}]},{"@type":"ImageObject","inLanguage":"fr-FR","@id":"https:\/\/www.welovekeys.co.uk\/fr\/produit\/cle-a-pompe\/#primaryimage","url":"https:\/\/www.welovekeys.co.uk\/wp-content\/uploads\/2021\/05\/pumpkeymottura1.jpg","contentUrl":"https:\/\/www.welovekeys.co.uk\/wp-content\/uploads\/2021\/05\/pumpkeymottura1.jpg","width":954,"height":954,"caption":"Cl\u00e9 \u00e0 pompe Mottura"},{"@type":"BreadcrumbList","@id":"https:\/\/www.welovekeys.co.uk\/fr\/produit\/cle-a-pompe\/#breadcrumb","itemListElement":[{"@type":"ListItem","position":1,"name":"Home","item":"https:\/\/www.welovekeys.co.uk\/fr\/"},{"@type":"ListItem","position":2,"name":"Boutique","item":"https:\/\/www.welovekeys.co.uk\/fr\/boutique\/"},{"@type":"ListItem","position":3,"name":"Cl\u00e9 \u00e0 pompe"}]},{"@type":"WebSite","@id":"https:\/\/www.welovekeys.co.uk\/fr\/#website","url":"https:\/\/www.welovekeys.co.uk\/fr\/","name":"We Love Keys","description":"A marketplace for keys","publisher":{"@id":"https:\/\/www.welovekeys.co.uk\/fr\/#organization"},"potentialAction":[{"@type":"SearchAction","target":{"@type":"EntryPoint","urlTemplate":"https:\/\/www.welovekeys.co.uk\/fr\/?s={search_term_string}"},"query-input":{"@type":"PropertyValueSpecification","valueRequired":true,"valueName":"search_term_string"}}],"inLanguage":"fr-FR"},{"@type":"Organization","@id":"https:\/\/www.welovekeys.co.uk\/fr\/#organization","name":"We Love Keys","url":"https:\/\/www.welovekeys.co.uk\/fr\/","logo":{"@type":"ImageObject","inLanguage":"fr-FR","@id":"https:\/\/www.welovekeys.co.uk\/fr\/#\/schema\/logo\/image\/","url":"https:\/\/www.welovekeys.co.uk\/wp-content\/uploads\/2017\/06\/WE.png","contentUrl":"https:\/\/www.welovekeys.co.uk\/wp-content\/uploads\/2017\/06\/WE.png","width":348,"height":66,"caption":"We Love Keys"},"image":{"@id":"https:\/\/www.welovekeys.co.uk\/fr\/#\/schema\/logo\/image\/"}}]}},"_links":{"self":[{"href":"https:\/\/www.welovekeys.co.uk\/fr\/wp-json\/wp\/v2\/product\/8798","targetHints":{"allow":["GET"]}}],"collection":[{"href":"https:\/\/www.welovekeys.co.uk\/fr\/wp-json\/wp\/v2\/product"}],"about":[{"href":"https:\/\/www.welovekeys.co.uk\/fr\/wp-json\/wp\/v2\/types\/product"}],"wp:featuredmedia":[{"embeddable":true,"href":"https:\/\/www.welovekeys.co.uk\/fr\/wp-json\/wp\/v2\/media\/8666"}],"wp:attachment":[{"href":"https:\/\/www.welovekeys.co.uk\/fr\/wp-json\/wp\/v2\/media?parent=8798"}],"wp:term":[{"taxonomy":"product_brand","embeddable":true,"href":"https:\/\/www.welovekeys.co.uk\/fr\/wp-json\/wp\/v2\/product_brand?post=8798"},{"taxonomy":"product_cat","embeddable":true,"href":"https:\/\/www.welovekeys.co.uk\/fr\/wp-json\/wp\/v2\/product_cat?post=8798"},{"taxonomy":"product_tag","embeddable":true,"href":"https:\/\/www.welovekeys.co.uk\/fr\/wp-json\/wp\/v2\/product_tag?post=8798"}],"curies":[{"name":"wp","href":"https:\/\/api.w.org\/{rel}","templated":true}]}}