{"id":8775,"date":"2021-05-15T12:17:30","date_gmt":"2021-05-15T11:17:30","guid":{"rendered":"https:\/\/www.welovekeys.co.uk\/product\/cle-ces-b6281-1-pour-ascenseurs-et-escaliers-mecaniques\/"},"modified":"2021-05-15T12:17:30","modified_gmt":"2021-05-15T11:17:30","slug":"cle-ces-b6281-1-pour-ascenseurs-et-escaliers-mecaniques","status":"publish","type":"product","link":"https:\/\/www.welovekeys.co.uk\/fr\/produit\/cle-ces-b6281-1-pour-ascenseurs-et-escaliers-mecaniques\/","title":{"rendered":"Cl\u00e9 CES B6281-1 pour ascenseurs et escaliers m\u00e9caniques"},"content":{"rendered":"<p>La cl\u00e9 CES avec le code B6281-1 est courante dans les ascenseurs et escaliers m\u00e9caniques, en particulier ceux fabriqu\u00e9s par Schindler et Kone.<\/p>\n<p>Le code est g\u00e9n\u00e9ralement \u00e9crit sur la cl\u00e9, divis\u00e9 sur deux lignes (B6281 en haut et 1 en dessous).<\/p>\n<blockquote>\n<p><strong>Chez We Love Keys, nous pouvons cr\u00e9er une cl\u00e9 enti\u00e8rement compatible avec cette serrure. S\u00e9lectionnez simplement la quantit\u00e9 de cl\u00e9s dont vous avez besoin et nous ferons le reste!<\/strong><\/p>\n<\/blockquote>\n<p><em><strong>Envoi le jour m\u00eame sur les cl\u00e9s CES si command\u00e9 avant 15h un jour ouvrable.<\/strong><\/em><\/p>\n<p>Notez svp: La cl\u00e9 que vous recevez n&rsquo;est pas une v\u00e9ritable cl\u00e9 CES mais elle est con\u00e7ue pour s&rsquo;adapter \u00e0 la serrure CES B6281-1.<\/p>\n","protected":false},"excerpt":{"rendered":"<div id=\"discounttable\"><strong>2+ cl\u00e9s = 10% rabais<br \/>\n5+ cl\u00e9s = 16% rabais<br \/>\n10+ cl\u00e9s = 22% rabais<br \/>\n20+ cl\u00e9s = <a href=\"https:\/\/www.welovekeys.co.uk\/fr\/aide\/\" target=\"_blank\" rel=\"noopener noreferrer\">\u00e9crivez-nous<\/a><br \/>R\u00e9ductions appliqu\u00e9es dans le panier.<\/strong><\/div>\n","protected":false},"featured_media":8770,"template":"","meta":{"_et_pb_use_builder":"","_et_pb_old_content":"","_et_gb_content_width":""},"product_brand":[],"product_cat":[717,424,742,750,705],"product_tag":[],"class_list":{"0":"post-8775","1":"product","2":"type-product","3":"status-publish","4":"has-post-thumbnail","6":"product_cat-ascenseur","7":"product_cat-ces-fr","8":"product_cat-cles-standards","9":"product_cat-one-side-fr","10":"product_cat-nos-produits","11":"product_shipping_class-env-fr","13":"first","14":"instock","15":"taxable","16":"shipping-taxable","17":"purchasable","18":"product-type-simple"},"yoast_head":"<!-- This site is optimized with the Yoast SEO plugin v27.5 - https:\/\/yoast.com\/product\/yoast-seo-wordpress\/ -->\n<title>Cl\u00e9s CES B6281-1 pour escaliers m\u00e9caniques fabriqu\u00e9es EN LIGNE<\/title>\n<meta name=\"description\" content=\"Commandez les cl\u00e9s de remplacement CES B6281-1 pour les escaliers m\u00e9caniques et ascenseurs Schindler et Kone. Exp\u00e9dition rapide!\" \/>\n<meta name=\"robots\" content=\"index, follow, max-snippet:-1, max-image-preview:large, max-video-preview:-1\" \/>\n<link rel=\"canonical\" href=\"https:\/\/www.welovekeys.co.uk\/fr\/produit\/cle-ces-b6281-1-pour-ascenseurs-et-escaliers-mecaniques\/\" \/>\n<meta property=\"og:locale\" content=\"fr_FR\" \/>\n<meta property=\"og:type\" content=\"article\" \/>\n<meta property=\"og:title\" content=\"Cl\u00e9s CES B6281-1 pour escaliers m\u00e9caniques fabriqu\u00e9es EN LIGNE\" \/>\n<meta property=\"og:description\" content=\"Commandez les cl\u00e9s de remplacement CES B6281-1 pour les escaliers m\u00e9caniques et ascenseurs Schindler et Kone. Exp\u00e9dition rapide!\" \/>\n<meta property=\"og:url\" content=\"https:\/\/www.welovekeys.co.uk\/fr\/produit\/cle-ces-b6281-1-pour-ascenseurs-et-escaliers-mecaniques\/\" \/>\n<meta property=\"og:site_name\" content=\"We Love Keys\" \/>\n<meta property=\"og:image\" content=\"https:\/\/www.welovekeys.co.uk\/wp-content\/uploads\/2021\/05\/ces.png\" \/>\n\t<meta property=\"og:image:width\" content=\"328\" \/>\n\t<meta property=\"og:image:height\" content=\"328\" \/>\n\t<meta property=\"og:image:type\" content=\"image\/png\" \/>\n<meta name=\"twitter:card\" content=\"summary_large_image\" \/>\n<meta name=\"twitter:label1\" content=\"Dur\u00e9e de lecture estim\u00e9e\" \/>\n\t<meta name=\"twitter:data1\" content=\"1 minute\" \/>\n<script type=\"application\/ld+json\" class=\"yoast-schema-graph\">{\"@context\":\"https:\\\/\\\/schema.org\",\"@graph\":[{\"@type\":\"WebPage\",\"@id\":\"https:\\\/\\\/www.welovekeys.co.uk\\\/fr\\\/produit\\\/cle-ces-b6281-1-pour-ascenseurs-et-escaliers-mecaniques\\\/\",\"url\":\"https:\\\/\\\/www.welovekeys.co.uk\\\/fr\\\/produit\\\/cle-ces-b6281-1-pour-ascenseurs-et-escaliers-mecaniques\\\/\",\"name\":\"Cl\u00e9s CES B6281-1 pour escaliers m\u00e9caniques fabriqu\u00e9es EN LIGNE\",\"isPartOf\":{\"@id\":\"https:\\\/\\\/www.welovekeys.co.uk\\\/fr\\\/#website\"},\"primaryImageOfPage\":{\"@id\":\"https:\\\/\\\/www.welovekeys.co.uk\\\/fr\\\/produit\\\/cle-ces-b6281-1-pour-ascenseurs-et-escaliers-mecaniques\\\/#primaryimage\"},\"image\":{\"@id\":\"https:\\\/\\\/www.welovekeys.co.uk\\\/fr\\\/produit\\\/cle-ces-b6281-1-pour-ascenseurs-et-escaliers-mecaniques\\\/#primaryimage\"},\"thumbnailUrl\":\"https:\\\/\\\/www.welovekeys.co.uk\\\/wp-content\\\/uploads\\\/2021\\\/05\\\/ces.png\",\"datePublished\":\"2021-05-15T11:17:30+00:00\",\"description\":\"Commandez les cl\u00e9s de remplacement CES B6281-1 pour les escaliers m\u00e9caniques et ascenseurs Schindler et Kone. Exp\u00e9dition rapide!\",\"breadcrumb\":{\"@id\":\"https:\\\/\\\/www.welovekeys.co.uk\\\/fr\\\/produit\\\/cle-ces-b6281-1-pour-ascenseurs-et-escaliers-mecaniques\\\/#breadcrumb\"},\"inLanguage\":\"fr-FR\",\"potentialAction\":[{\"@type\":\"ReadAction\",\"target\":[\"https:\\\/\\\/www.welovekeys.co.uk\\\/fr\\\/produit\\\/cle-ces-b6281-1-pour-ascenseurs-et-escaliers-mecaniques\\\/\"]}]},{\"@type\":\"ImageObject\",\"inLanguage\":\"fr-FR\",\"@id\":\"https:\\\/\\\/www.welovekeys.co.uk\\\/fr\\\/produit\\\/cle-ces-b6281-1-pour-ascenseurs-et-escaliers-mecaniques\\\/#primaryimage\",\"url\":\"https:\\\/\\\/www.welovekeys.co.uk\\\/wp-content\\\/uploads\\\/2021\\\/05\\\/ces.png\",\"contentUrl\":\"https:\\\/\\\/www.welovekeys.co.uk\\\/wp-content\\\/uploads\\\/2021\\\/05\\\/ces.png\",\"width\":328,\"height\":328,\"caption\":\"Cl\u00e9 CES B6281-1\"},{\"@type\":\"BreadcrumbList\",\"@id\":\"https:\\\/\\\/www.welovekeys.co.uk\\\/fr\\\/produit\\\/cle-ces-b6281-1-pour-ascenseurs-et-escaliers-mecaniques\\\/#breadcrumb\",\"itemListElement\":[{\"@type\":\"ListItem\",\"position\":1,\"name\":\"Home\",\"item\":\"https:\\\/\\\/www.welovekeys.co.uk\\\/fr\\\/\"},{\"@type\":\"ListItem\",\"position\":2,\"name\":\"Boutique\",\"item\":\"https:\\\/\\\/www.welovekeys.co.uk\\\/fr\\\/boutique\\\/\"},{\"@type\":\"ListItem\",\"position\":3,\"name\":\"Cl\u00e9 CES B6281-1 pour ascenseurs et escaliers m\u00e9caniques\"}]},{\"@type\":\"WebSite\",\"@id\":\"https:\\\/\\\/www.welovekeys.co.uk\\\/fr\\\/#website\",\"url\":\"https:\\\/\\\/www.welovekeys.co.uk\\\/fr\\\/\",\"name\":\"We Love Keys\",\"description\":\"A marketplace for keys\",\"publisher\":{\"@id\":\"https:\\\/\\\/www.welovekeys.co.uk\\\/fr\\\/#organization\"},\"alternateName\":\"We Love Keys\",\"potentialAction\":[{\"@type\":\"SearchAction\",\"target\":{\"@type\":\"EntryPoint\",\"urlTemplate\":\"https:\\\/\\\/www.welovekeys.co.uk\\\/fr\\\/?s={search_term_string}\"},\"query-input\":{\"@type\":\"PropertyValueSpecification\",\"valueRequired\":true,\"valueName\":\"search_term_string\"}}],\"inLanguage\":\"fr-FR\"},{\"@type\":\"Organization\",\"@id\":\"https:\\\/\\\/www.welovekeys.co.uk\\\/fr\\\/#organization\",\"name\":\"We Love Keys\",\"url\":\"https:\\\/\\\/www.welovekeys.co.uk\\\/fr\\\/\",\"logo\":{\"@type\":\"ImageObject\",\"inLanguage\":\"fr-FR\",\"@id\":\"https:\\\/\\\/www.welovekeys.co.uk\\\/fr\\\/#\\\/schema\\\/logo\\\/image\\\/\",\"url\":\"https:\\\/\\\/www.welovekeys.co.uk\\\/wp-content\\\/uploads\\\/2017\\\/06\\\/WE.png\",\"contentUrl\":\"https:\\\/\\\/www.welovekeys.co.uk\\\/wp-content\\\/uploads\\\/2017\\\/06\\\/WE.png\",\"width\":348,\"height\":66,\"caption\":\"We Love Keys\"},\"image\":{\"@id\":\"https:\\\/\\\/www.welovekeys.co.uk\\\/fr\\\/#\\\/schema\\\/logo\\\/image\\\/\"}}]}<\/script>\n<!-- \/ Yoast SEO plugin. -->","yoast_head_json":{"title":"Cl\u00e9s CES B6281-1 pour escaliers m\u00e9caniques fabriqu\u00e9es EN LIGNE","description":"Commandez les cl\u00e9s de remplacement CES B6281-1 pour les escaliers m\u00e9caniques et ascenseurs Schindler et Kone. Exp\u00e9dition rapide!","robots":{"index":"index","follow":"follow","max-snippet":"max-snippet:-1","max-image-preview":"max-image-preview:large","max-video-preview":"max-video-preview:-1"},"canonical":"https:\/\/www.welovekeys.co.uk\/fr\/produit\/cle-ces-b6281-1-pour-ascenseurs-et-escaliers-mecaniques\/","og_locale":"fr_FR","og_type":"article","og_title":"Cl\u00e9s CES B6281-1 pour escaliers m\u00e9caniques fabriqu\u00e9es EN LIGNE","og_description":"Commandez les cl\u00e9s de remplacement CES B6281-1 pour les escaliers m\u00e9caniques et ascenseurs Schindler et Kone. Exp\u00e9dition rapide!","og_url":"https:\/\/www.welovekeys.co.uk\/fr\/produit\/cle-ces-b6281-1-pour-ascenseurs-et-escaliers-mecaniques\/","og_site_name":"We Love Keys","og_image":[{"width":328,"height":328,"url":"https:\/\/www.welovekeys.co.uk\/wp-content\/uploads\/2021\/05\/ces.png","type":"image\/png"}],"twitter_card":"summary_large_image","twitter_misc":{"Dur\u00e9e de lecture estim\u00e9e":"1 minute"},"schema":{"@context":"https:\/\/schema.org","@graph":[{"@type":"WebPage","@id":"https:\/\/www.welovekeys.co.uk\/fr\/produit\/cle-ces-b6281-1-pour-ascenseurs-et-escaliers-mecaniques\/","url":"https:\/\/www.welovekeys.co.uk\/fr\/produit\/cle-ces-b6281-1-pour-ascenseurs-et-escaliers-mecaniques\/","name":"Cl\u00e9s CES B6281-1 pour escaliers m\u00e9caniques fabriqu\u00e9es EN LIGNE","isPartOf":{"@id":"https:\/\/www.welovekeys.co.uk\/fr\/#website"},"primaryImageOfPage":{"@id":"https:\/\/www.welovekeys.co.uk\/fr\/produit\/cle-ces-b6281-1-pour-ascenseurs-et-escaliers-mecaniques\/#primaryimage"},"image":{"@id":"https:\/\/www.welovekeys.co.uk\/fr\/produit\/cle-ces-b6281-1-pour-ascenseurs-et-escaliers-mecaniques\/#primaryimage"},"thumbnailUrl":"https:\/\/www.welovekeys.co.uk\/wp-content\/uploads\/2021\/05\/ces.png","datePublished":"2021-05-15T11:17:30+00:00","description":"Commandez les cl\u00e9s de remplacement CES B6281-1 pour les escaliers m\u00e9caniques et ascenseurs Schindler et Kone. Exp\u00e9dition rapide!","breadcrumb":{"@id":"https:\/\/www.welovekeys.co.uk\/fr\/produit\/cle-ces-b6281-1-pour-ascenseurs-et-escaliers-mecaniques\/#breadcrumb"},"inLanguage":"fr-FR","potentialAction":[{"@type":"ReadAction","target":["https:\/\/www.welovekeys.co.uk\/fr\/produit\/cle-ces-b6281-1-pour-ascenseurs-et-escaliers-mecaniques\/"]}]},{"@type":"ImageObject","inLanguage":"fr-FR","@id":"https:\/\/www.welovekeys.co.uk\/fr\/produit\/cle-ces-b6281-1-pour-ascenseurs-et-escaliers-mecaniques\/#primaryimage","url":"https:\/\/www.welovekeys.co.uk\/wp-content\/uploads\/2021\/05\/ces.png","contentUrl":"https:\/\/www.welovekeys.co.uk\/wp-content\/uploads\/2021\/05\/ces.png","width":328,"height":328,"caption":"Cl\u00e9 CES B6281-1"},{"@type":"BreadcrumbList","@id":"https:\/\/www.welovekeys.co.uk\/fr\/produit\/cle-ces-b6281-1-pour-ascenseurs-et-escaliers-mecaniques\/#breadcrumb","itemListElement":[{"@type":"ListItem","position":1,"name":"Home","item":"https:\/\/www.welovekeys.co.uk\/fr\/"},{"@type":"ListItem","position":2,"name":"Boutique","item":"https:\/\/www.welovekeys.co.uk\/fr\/boutique\/"},{"@type":"ListItem","position":3,"name":"Cl\u00e9 CES B6281-1 pour ascenseurs et escaliers m\u00e9caniques"}]},{"@type":"WebSite","@id":"https:\/\/www.welovekeys.co.uk\/fr\/#website","url":"https:\/\/www.welovekeys.co.uk\/fr\/","name":"We Love Keys","description":"A marketplace for keys","publisher":{"@id":"https:\/\/www.welovekeys.co.uk\/fr\/#organization"},"alternateName":"We Love Keys","potentialAction":[{"@type":"SearchAction","target":{"@type":"EntryPoint","urlTemplate":"https:\/\/www.welovekeys.co.uk\/fr\/?s={search_term_string}"},"query-input":{"@type":"PropertyValueSpecification","valueRequired":true,"valueName":"search_term_string"}}],"inLanguage":"fr-FR"},{"@type":"Organization","@id":"https:\/\/www.welovekeys.co.uk\/fr\/#organization","name":"We Love Keys","url":"https:\/\/www.welovekeys.co.uk\/fr\/","logo":{"@type":"ImageObject","inLanguage":"fr-FR","@id":"https:\/\/www.welovekeys.co.uk\/fr\/#\/schema\/logo\/image\/","url":"https:\/\/www.welovekeys.co.uk\/wp-content\/uploads\/2017\/06\/WE.png","contentUrl":"https:\/\/www.welovekeys.co.uk\/wp-content\/uploads\/2017\/06\/WE.png","width":348,"height":66,"caption":"We Love Keys"},"image":{"@id":"https:\/\/www.welovekeys.co.uk\/fr\/#\/schema\/logo\/image\/"}}]}},"_links":{"self":[{"href":"https:\/\/www.welovekeys.co.uk\/fr\/wp-json\/wp\/v2\/product\/8775","targetHints":{"allow":["GET"]}}],"collection":[{"href":"https:\/\/www.welovekeys.co.uk\/fr\/wp-json\/wp\/v2\/product"}],"about":[{"href":"https:\/\/www.welovekeys.co.uk\/fr\/wp-json\/wp\/v2\/types\/product"}],"wp:featuredmedia":[{"embeddable":true,"href":"https:\/\/www.welovekeys.co.uk\/fr\/wp-json\/wp\/v2\/media\/8770"}],"wp:attachment":[{"href":"https:\/\/www.welovekeys.co.uk\/fr\/wp-json\/wp\/v2\/media?parent=8775"}],"wp:term":[{"taxonomy":"product_brand","embeddable":true,"href":"https:\/\/www.welovekeys.co.uk\/fr\/wp-json\/wp\/v2\/product_brand?post=8775"},{"taxonomy":"product_cat","embeddable":true,"href":"https:\/\/www.welovekeys.co.uk\/fr\/wp-json\/wp\/v2\/product_cat?post=8775"},{"taxonomy":"product_tag","embeddable":true,"href":"https:\/\/www.welovekeys.co.uk\/fr\/wp-json\/wp\/v2\/product_tag?post=8775"}],"curies":[{"name":"wp","href":"https:\/\/api.w.org\/{rel}","templated":true}]}}