{"id":8559,"date":"2021-05-03T12:55:17","date_gmt":"2021-05-03T11:55:17","guid":{"rendered":"https:\/\/www.welovekeys.co.uk\/product\/cle-mul-t-lock-interactive-115\/"},"modified":"2021-05-03T16:59:06","modified_gmt":"2021-05-03T15:59:06","slug":"cle-mul-t-lock-interactive-115","status":"publish","type":"product","link":"https:\/\/www.welovekeys.co.uk\/fr\/produit\/cle-mul-t-lock-interactive-115\/","title":{"rendered":"Cl\u00e9 Mul-T-Lock Interactive 115"},"content":{"rendered":"<p>Interactive est un type de cl\u00e9 de s\u00e9curit\u00e9 Mul-T-Lock. Les cl\u00e9s ont g\u00e9n\u00e9ralement un dessus en plastique bleu ou noir, ou en m\u00e9tal, ainsi qu&rsquo;une paire d&rsquo;aimants int\u00e9gr\u00e9s dans la tige. Souvent, le mot \u00ab&nbsp;Interactive&nbsp;\u00bb et \/ ou le nombre \u00ab&nbsp;115&nbsp;\u00bb est marqu\u00e9 quelque part sur la cl\u00e9.<\/p>\n<blockquote>\n<p><strong>Chez We Love Keys, nous pouvons faire des copies sur la base d&rsquo;une photo de la cl\u00e9. T\u00e9l\u00e9chargez simplement une photo \u00e0 l&rsquo;aide de l&rsquo;outil ci-dessus et nous ferons le reste. Nous n&rsquo;utilisons que des \u00e9bauches authentiques de Mul-T-Lock Intercative dans notre atelier.<\/strong><\/p>\n<\/blockquote>\n<p><em>Veuillez noter:<\/em> Si votre cl\u00e9 a un dessus en plastique bleu marine fonc\u00e9, nous aurons normalement \u00e9galement besoin de voir une photo de la carte de s\u00e9curit\u00e9 pour en faire une copie de remplacement. Veuillez vous renseigner en cas de doute.<\/p>\n<p>Ces cl\u00e9s, comme toutes les cl\u00e9s Mul-T-Lock, sont des cl\u00e9s dites \u00e0 fossettes, c&rsquo;est-\u00e0-dire qu&rsquo;elles comportent un certain nombre de trous perc\u00e9s. En utilisant des machines \u00e0 la pointe de la technologie, nous pouvons faire des copies de ces cl\u00e9s, y compris toutes les fossettes et aimants n\u00e9cessaires.<\/p>\n<p><em><strong>Exp\u00e9dition le jour m\u00eame si command\u00e9es avant 15h un jour ouvrable.<\/strong><\/em><\/p>\n<hr class=\"productPageFootnoteHr\">\n<div class=\"productPageAdditionalInfoDiv\">\n<h3>En savoir plus sur la fabrication de cl\u00e9s Mul-T-Lock Interactive \u00e0 partir d\u2019une photo<\/h3>\n<p>Pour certains, cela peut sembler un peu fou, mais chez We Love Keys, nous pouvons copier de nombreuses cl\u00e9s \u00e0 partir de photos. Le r\u00e9sultat est aussi bon qu&#8217;une cl\u00e9 qui vient directement de l&#8217;usine principale Mul-T-Lock, \u00e9vitant ainsi l&#8217;inexactitude qui peut provenir de la duplication de cl\u00e9s dans une boutique.<\/p>\n<p>Un algorithme intelligent \u00e9value et mesure la photo que vous avez envoy\u00e9e et tranpose la photo sur une cl\u00e9 r\u00e9elle. Une machine \u00e9lectronique pr\u00e9cise fabrique alors la cl\u00e9.<\/p>\n<div class=\"trustpilotreviewDiv\">\n<p><img decoding=\"async\" src=\"https:\/\/www.welovekeys.co.uk\/wp-content\/uploads\/2021\/04\/trustpilot.png\" alt=\"Trustpilot Five Stars\" width=\"150\" class=\"alignnone size-full wp-image-8349\" \/><br \/><strong>&#8220;G\u00e9nial de trouver une entreprise qui fabrique une cl\u00e9 de remplacement pour une ancienne serrure \u00e0 partir de quelques photos.&#8221;<\/strong> &ndash; <a href=\"https:\/\/uk.trustpilot.com\/reviews\/5f46163402e8570814f9196b\" target=\"_blank\" rel=\"noopener\">Trustpilot<\/a><\/p>\n<\/div>\n<\/div>\n","protected":false},"excerpt":{"rendered":"<div id=\"discounttable\"><strong>2+ cl\u00e9s = 10% rabais<br \/>\n5+ cl\u00e9s = 16% rabais<br \/>\n10+ cl\u00e9s = 22% rabais<br \/>\n20+ cl\u00e9s = <a href=\"https:\/\/www.welovekeys.co.uk\/fr\/aide\/\" target=\"_blank\" rel=\"noopener noreferrer\">\u00e9crivez-nous<\/a><br \/>R\u00e9ductions appliqu\u00e9es dans le panier.<\/strong><\/div>\n","protected":false},"featured_media":8654,"template":"","meta":{"_et_pb_use_builder":"","_et_pb_old_content":"","_et_gb_content_width":""},"product_brand":[],"product_cat":[94,198,713],"product_tag":[],"class_list":{"0":"post-8559","1":"product","2":"type-product","3":"status-publish","4":"has-post-thumbnail","6":"product_cat-cles-fossette","7":"product_cat-cles-mul-t-lock","8":"product_cat-porte","9":"product_shipping_class-large-letter-fr","11":"first","12":"instock","13":"taxable","14":"shipping-taxable","15":"purchasable","16":"product-type-simple"},"yoast_head":"<!-- This site is optimized with the Yoast SEO plugin v27.4 - https:\/\/yoast.com\/product\/yoast-seo-wordpress\/ -->\n<title>Commandez cl\u00e9s Mul-T-Lock Interactive 115 EN LIGNE<\/title>\n<meta name=\"description\" content=\"Commandez cl\u00e9s Mul-T-Lock Interactive 115 facilement avec We Love Keys, le service de cl\u00e9s rapide. Cl\u00e9s livr\u00e9es \u00e0 votre porte!\" \/>\n<meta name=\"robots\" content=\"index, follow, max-snippet:-1, max-image-preview:large, max-video-preview:-1\" \/>\n<link rel=\"canonical\" href=\"https:\/\/www.welovekeys.co.uk\/fr\/produit\/cle-mul-t-lock-interactive-115\/\" \/>\n<meta property=\"og:locale\" content=\"fr_FR\" \/>\n<meta property=\"og:type\" content=\"article\" \/>\n<meta property=\"og:title\" content=\"Commandez cl\u00e9s Mul-T-Lock Interactive 115 EN LIGNE\" \/>\n<meta property=\"og:description\" content=\"Commandez cl\u00e9s Mul-T-Lock Interactive 115 facilement avec We Love Keys, le service de cl\u00e9s rapide. Cl\u00e9s livr\u00e9es \u00e0 votre porte!\" \/>\n<meta property=\"og:url\" content=\"https:\/\/www.welovekeys.co.uk\/fr\/produit\/cle-mul-t-lock-interactive-115\/\" \/>\n<meta property=\"og:site_name\" content=\"We Love Keys\" \/>\n<meta property=\"article:modified_time\" content=\"2021-05-03T15:59:06+00:00\" \/>\n<meta property=\"og:image\" content=\"https:\/\/www.welovekeys.co.uk\/wp-content\/uploads\/2021\/05\/115.jpg\" \/>\n\t<meta property=\"og:image:width\" content=\"1294\" \/>\n\t<meta property=\"og:image:height\" content=\"1294\" \/>\n\t<meta property=\"og:image:type\" content=\"image\/jpeg\" \/>\n<meta name=\"twitter:card\" content=\"summary_large_image\" \/>\n<meta name=\"twitter:label1\" content=\"Dur\u00e9e de lecture estim\u00e9e\" \/>\n\t<meta name=\"twitter:data1\" content=\"2 minutes\" \/>\n<script type=\"application\/ld+json\" class=\"yoast-schema-graph\">{\"@context\":\"https:\\\/\\\/schema.org\",\"@graph\":[{\"@type\":\"WebPage\",\"@id\":\"https:\\\/\\\/www.welovekeys.co.uk\\\/fr\\\/produit\\\/cle-mul-t-lock-interactive-115\\\/\",\"url\":\"https:\\\/\\\/www.welovekeys.co.uk\\\/fr\\\/produit\\\/cle-mul-t-lock-interactive-115\\\/\",\"name\":\"Commandez cl\u00e9s Mul-T-Lock Interactive 115 EN LIGNE\",\"isPartOf\":{\"@id\":\"https:\\\/\\\/www.welovekeys.co.uk\\\/fr\\\/#website\"},\"primaryImageOfPage\":{\"@id\":\"https:\\\/\\\/www.welovekeys.co.uk\\\/fr\\\/produit\\\/cle-mul-t-lock-interactive-115\\\/#primaryimage\"},\"image\":{\"@id\":\"https:\\\/\\\/www.welovekeys.co.uk\\\/fr\\\/produit\\\/cle-mul-t-lock-interactive-115\\\/#primaryimage\"},\"thumbnailUrl\":\"https:\\\/\\\/www.welovekeys.co.uk\\\/wp-content\\\/uploads\\\/2021\\\/05\\\/115.jpg\",\"datePublished\":\"2021-05-03T11:55:17+00:00\",\"dateModified\":\"2021-05-03T15:59:06+00:00\",\"description\":\"Commandez cl\u00e9s Mul-T-Lock Interactive 115 facilement avec We Love Keys, le service de cl\u00e9s rapide. Cl\u00e9s livr\u00e9es \u00e0 votre porte!\",\"breadcrumb\":{\"@id\":\"https:\\\/\\\/www.welovekeys.co.uk\\\/fr\\\/produit\\\/cle-mul-t-lock-interactive-115\\\/#breadcrumb\"},\"inLanguage\":\"fr-FR\",\"potentialAction\":[{\"@type\":\"ReadAction\",\"target\":[\"https:\\\/\\\/www.welovekeys.co.uk\\\/fr\\\/produit\\\/cle-mul-t-lock-interactive-115\\\/\"]}]},{\"@type\":\"ImageObject\",\"inLanguage\":\"fr-FR\",\"@id\":\"https:\\\/\\\/www.welovekeys.co.uk\\\/fr\\\/produit\\\/cle-mul-t-lock-interactive-115\\\/#primaryimage\",\"url\":\"https:\\\/\\\/www.welovekeys.co.uk\\\/wp-content\\\/uploads\\\/2021\\\/05\\\/115.jpg\",\"contentUrl\":\"https:\\\/\\\/www.welovekeys.co.uk\\\/wp-content\\\/uploads\\\/2021\\\/05\\\/115.jpg\",\"width\":1294,\"height\":1294,\"caption\":\"Mul-T-Lock Interactive Key\"},{\"@type\":\"BreadcrumbList\",\"@id\":\"https:\\\/\\\/www.welovekeys.co.uk\\\/fr\\\/produit\\\/cle-mul-t-lock-interactive-115\\\/#breadcrumb\",\"itemListElement\":[{\"@type\":\"ListItem\",\"position\":1,\"name\":\"Home\",\"item\":\"https:\\\/\\\/www.welovekeys.co.uk\\\/fr\\\/\"},{\"@type\":\"ListItem\",\"position\":2,\"name\":\"Boutique\",\"item\":\"https:\\\/\\\/www.welovekeys.co.uk\\\/fr\\\/boutique\\\/\"},{\"@type\":\"ListItem\",\"position\":3,\"name\":\"Cl\u00e9 Mul-T-Lock Interactive 115\"}]},{\"@type\":\"WebSite\",\"@id\":\"https:\\\/\\\/www.welovekeys.co.uk\\\/fr\\\/#website\",\"url\":\"https:\\\/\\\/www.welovekeys.co.uk\\\/fr\\\/\",\"name\":\"We Love Keys\",\"description\":\"A marketplace for keys\",\"publisher\":{\"@id\":\"https:\\\/\\\/www.welovekeys.co.uk\\\/fr\\\/#organization\"},\"potentialAction\":[{\"@type\":\"SearchAction\",\"target\":{\"@type\":\"EntryPoint\",\"urlTemplate\":\"https:\\\/\\\/www.welovekeys.co.uk\\\/fr\\\/?s={search_term_string}\"},\"query-input\":{\"@type\":\"PropertyValueSpecification\",\"valueRequired\":true,\"valueName\":\"search_term_string\"}}],\"inLanguage\":\"fr-FR\"},{\"@type\":\"Organization\",\"@id\":\"https:\\\/\\\/www.welovekeys.co.uk\\\/fr\\\/#organization\",\"name\":\"We Love Keys\",\"url\":\"https:\\\/\\\/www.welovekeys.co.uk\\\/fr\\\/\",\"logo\":{\"@type\":\"ImageObject\",\"inLanguage\":\"fr-FR\",\"@id\":\"https:\\\/\\\/www.welovekeys.co.uk\\\/fr\\\/#\\\/schema\\\/logo\\\/image\\\/\",\"url\":\"https:\\\/\\\/www.welovekeys.co.uk\\\/wp-content\\\/uploads\\\/2017\\\/06\\\/WE.png\",\"contentUrl\":\"https:\\\/\\\/www.welovekeys.co.uk\\\/wp-content\\\/uploads\\\/2017\\\/06\\\/WE.png\",\"width\":348,\"height\":66,\"caption\":\"We Love Keys\"},\"image\":{\"@id\":\"https:\\\/\\\/www.welovekeys.co.uk\\\/fr\\\/#\\\/schema\\\/logo\\\/image\\\/\"}}]}<\/script>\n<!-- \/ Yoast SEO plugin. -->","yoast_head_json":{"title":"Commandez cl\u00e9s Mul-T-Lock Interactive 115 EN LIGNE","description":"Commandez cl\u00e9s Mul-T-Lock Interactive 115 facilement avec We Love Keys, le service de cl\u00e9s rapide. Cl\u00e9s livr\u00e9es \u00e0 votre porte!","robots":{"index":"index","follow":"follow","max-snippet":"max-snippet:-1","max-image-preview":"max-image-preview:large","max-video-preview":"max-video-preview:-1"},"canonical":"https:\/\/www.welovekeys.co.uk\/fr\/produit\/cle-mul-t-lock-interactive-115\/","og_locale":"fr_FR","og_type":"article","og_title":"Commandez cl\u00e9s Mul-T-Lock Interactive 115 EN LIGNE","og_description":"Commandez cl\u00e9s Mul-T-Lock Interactive 115 facilement avec We Love Keys, le service de cl\u00e9s rapide. Cl\u00e9s livr\u00e9es \u00e0 votre porte!","og_url":"https:\/\/www.welovekeys.co.uk\/fr\/produit\/cle-mul-t-lock-interactive-115\/","og_site_name":"We Love Keys","article_modified_time":"2021-05-03T15:59:06+00:00","og_image":[{"width":1294,"height":1294,"url":"https:\/\/www.welovekeys.co.uk\/wp-content\/uploads\/2021\/05\/115.jpg","type":"image\/jpeg"}],"twitter_card":"summary_large_image","twitter_misc":{"Dur\u00e9e de lecture estim\u00e9e":"2 minutes"},"schema":{"@context":"https:\/\/schema.org","@graph":[{"@type":"WebPage","@id":"https:\/\/www.welovekeys.co.uk\/fr\/produit\/cle-mul-t-lock-interactive-115\/","url":"https:\/\/www.welovekeys.co.uk\/fr\/produit\/cle-mul-t-lock-interactive-115\/","name":"Commandez cl\u00e9s Mul-T-Lock Interactive 115 EN LIGNE","isPartOf":{"@id":"https:\/\/www.welovekeys.co.uk\/fr\/#website"},"primaryImageOfPage":{"@id":"https:\/\/www.welovekeys.co.uk\/fr\/produit\/cle-mul-t-lock-interactive-115\/#primaryimage"},"image":{"@id":"https:\/\/www.welovekeys.co.uk\/fr\/produit\/cle-mul-t-lock-interactive-115\/#primaryimage"},"thumbnailUrl":"https:\/\/www.welovekeys.co.uk\/wp-content\/uploads\/2021\/05\/115.jpg","datePublished":"2021-05-03T11:55:17+00:00","dateModified":"2021-05-03T15:59:06+00:00","description":"Commandez cl\u00e9s Mul-T-Lock Interactive 115 facilement avec We Love Keys, le service de cl\u00e9s rapide. Cl\u00e9s livr\u00e9es \u00e0 votre porte!","breadcrumb":{"@id":"https:\/\/www.welovekeys.co.uk\/fr\/produit\/cle-mul-t-lock-interactive-115\/#breadcrumb"},"inLanguage":"fr-FR","potentialAction":[{"@type":"ReadAction","target":["https:\/\/www.welovekeys.co.uk\/fr\/produit\/cle-mul-t-lock-interactive-115\/"]}]},{"@type":"ImageObject","inLanguage":"fr-FR","@id":"https:\/\/www.welovekeys.co.uk\/fr\/produit\/cle-mul-t-lock-interactive-115\/#primaryimage","url":"https:\/\/www.welovekeys.co.uk\/wp-content\/uploads\/2021\/05\/115.jpg","contentUrl":"https:\/\/www.welovekeys.co.uk\/wp-content\/uploads\/2021\/05\/115.jpg","width":1294,"height":1294,"caption":"Mul-T-Lock Interactive Key"},{"@type":"BreadcrumbList","@id":"https:\/\/www.welovekeys.co.uk\/fr\/produit\/cle-mul-t-lock-interactive-115\/#breadcrumb","itemListElement":[{"@type":"ListItem","position":1,"name":"Home","item":"https:\/\/www.welovekeys.co.uk\/fr\/"},{"@type":"ListItem","position":2,"name":"Boutique","item":"https:\/\/www.welovekeys.co.uk\/fr\/boutique\/"},{"@type":"ListItem","position":3,"name":"Cl\u00e9 Mul-T-Lock Interactive 115"}]},{"@type":"WebSite","@id":"https:\/\/www.welovekeys.co.uk\/fr\/#website","url":"https:\/\/www.welovekeys.co.uk\/fr\/","name":"We Love Keys","description":"A marketplace for keys","publisher":{"@id":"https:\/\/www.welovekeys.co.uk\/fr\/#organization"},"potentialAction":[{"@type":"SearchAction","target":{"@type":"EntryPoint","urlTemplate":"https:\/\/www.welovekeys.co.uk\/fr\/?s={search_term_string}"},"query-input":{"@type":"PropertyValueSpecification","valueRequired":true,"valueName":"search_term_string"}}],"inLanguage":"fr-FR"},{"@type":"Organization","@id":"https:\/\/www.welovekeys.co.uk\/fr\/#organization","name":"We Love Keys","url":"https:\/\/www.welovekeys.co.uk\/fr\/","logo":{"@type":"ImageObject","inLanguage":"fr-FR","@id":"https:\/\/www.welovekeys.co.uk\/fr\/#\/schema\/logo\/image\/","url":"https:\/\/www.welovekeys.co.uk\/wp-content\/uploads\/2017\/06\/WE.png","contentUrl":"https:\/\/www.welovekeys.co.uk\/wp-content\/uploads\/2017\/06\/WE.png","width":348,"height":66,"caption":"We Love Keys"},"image":{"@id":"https:\/\/www.welovekeys.co.uk\/fr\/#\/schema\/logo\/image\/"}}]}},"_links":{"self":[{"href":"https:\/\/www.welovekeys.co.uk\/fr\/wp-json\/wp\/v2\/product\/8559","targetHints":{"allow":["GET"]}}],"collection":[{"href":"https:\/\/www.welovekeys.co.uk\/fr\/wp-json\/wp\/v2\/product"}],"about":[{"href":"https:\/\/www.welovekeys.co.uk\/fr\/wp-json\/wp\/v2\/types\/product"}],"wp:featuredmedia":[{"embeddable":true,"href":"https:\/\/www.welovekeys.co.uk\/fr\/wp-json\/wp\/v2\/media\/8654"}],"wp:attachment":[{"href":"https:\/\/www.welovekeys.co.uk\/fr\/wp-json\/wp\/v2\/media?parent=8559"}],"wp:term":[{"taxonomy":"product_brand","embeddable":true,"href":"https:\/\/www.welovekeys.co.uk\/fr\/wp-json\/wp\/v2\/product_brand?post=8559"},{"taxonomy":"product_cat","embeddable":true,"href":"https:\/\/www.welovekeys.co.uk\/fr\/wp-json\/wp\/v2\/product_cat?post=8559"},{"taxonomy":"product_tag","embeddable":true,"href":"https:\/\/www.welovekeys.co.uk\/fr\/wp-json\/wp\/v2\/product_tag?post=8559"}],"curies":[{"name":"wp","href":"https:\/\/api.w.org\/{rel}","templated":true}]}}