{"id":8394,"date":"2021-04-24T16:35:39","date_gmt":"2021-04-24T15:35:39","guid":{"rendered":"https:\/\/www.welovekeys.co.uk\/product\/cle-mul-t-lock-garrison-7x7\/"},"modified":"2021-04-24T17:07:39","modified_gmt":"2021-04-24T16:07:39","slug":"cle-mul-t-lock-garrison-7x7","status":"publish","type":"product","link":"https:\/\/www.welovekeys.co.uk\/fr\/produit\/cle-mul-t-lock-garrison-7x7\/","title":{"rendered":"Cl\u00e9 Mul-T-Lock Garrison 7X7"},"content":{"rendered":"<p>Les cl\u00e9s Mul-T-Lock Garrison sont courantes dans le monde entier dans les portes et les cadenas. Ce sont des cl\u00e9s \u00e0 fossettes et ont g\u00e9n\u00e9ralement un dessus en plastique bleu, noir ou rouge; et ils ont souvent \u00ab&nbsp;76&nbsp;\u00bb, \u00ab&nbsp;77&nbsp;\u00bb ou \u00ab&nbsp;7X7&nbsp;\u00bb \u00e9crit le long de la tige. Parfois, il dit Silca MTK13RAP ou JMA MULT10P sur le dessus en plastique.<\/p>\n<blockquote>\n<p><strong>Chez We Love Keys, nous pouvons fabriquer des cl\u00e9s de remplacement pour les serrures Mul-T-Lock Garrison. Tout ce que vous avez \u00e0 faire est de t\u00e9l\u00e9charger une photo de la cl\u00e9 elle-m\u00eame <em><u>ou<\/u><\/em> de la carte de s\u00e9curit\u00e9 en plastique \u00e0 l&rsquo;aide de l&rsquo;outil de t\u00e9l\u00e9chargement ci-dessus, et nous ferons le reste!<\/strong><\/p>\n<\/blockquote>\n<p>Ces serrures sont g\u00e9n\u00e9ralement fournies avec une carte \u00e0 code en plastique avec des chiffres \u00e9crits dessus. Nous pouvons cr\u00e9er des cl\u00e9s en fonction du num\u00e9ro de la carte <em>ou<\/em> sur la base d&rsquo;une photo claire de la cl\u00e9 elle-m\u00eame. Prenez simplement une photo de la cl\u00e9 pos\u00e9e sur une surface plane et nous saurons quoi faire. Ne vous inqui\u00e9tez pas si vous avez perdu la carte: nous n&rsquo;en aurons pas besoin pour cr\u00e9er une cl\u00e9 pour vous.<\/p>\n<p><strong><em>Envoi le jour m\u00eame sur les cl\u00e9s Mul-T-Lock si command\u00e9 avant 15h un jour ouvrable.<\/em><\/strong><\/p>\n<hr class=\"productPageFootnoteHr\">\n<div class=\"productPageAdditionalInfoDiv\">\n<h3>En savoir plus sur la fabrication de cl\u00e9s Mul-T-Lock Garrison \u00e0 partir d\u2019une photo<\/h3>\n<p>Pour certains, cela peut sembler un peu fou, mais chez We Love Keys, nous pouvons copier de nombreuses cl\u00e9s \u00e0 partir de photos. Le r\u00e9sultat est aussi bon qu&rsquo;une cl\u00e9 qui vient directement de l&rsquo;usine principale Mul-T-Lock, \u00e9vitant ainsi l&rsquo;inexactitude qui peut provenir de la duplication de cl\u00e9s dans une boutique.<\/p>\n<p>Un algorithme intelligent \u00e9value et mesure la photo que vous avez envoy\u00e9e et tranpose la photo sur une cl\u00e9 r\u00e9elle. Une machine \u00e9lectronique pr\u00e9cise fabrique alors la cl\u00e9.<\/p>\n<div class=\"trustpilotreviewDiv\">\n<p><img decoding=\"async\" src=\"https:\/\/www.welovekeys.co.uk\/wp-content\/uploads\/2021\/04\/trustpilot.png\" alt=\"Trustpilot Five Stars\" width=\"150\" class=\"alignnone size-full wp-image-8349\" \/><br \/><strong>\u00ab\u00a0G\u00e9nial de trouver une entreprise qui fabrique une cl\u00e9 de remplacement pour une ancienne serrure \u00e0 partir de quelques photos.\u00a0\u00bb<\/strong> &ndash; <a href=\"https:\/\/uk.trustpilot.com\/reviews\/5f46163402e8570814f9196b\" target=\"_blank\" rel=\"noopener\">Trustpilot<\/a><\/p>\n<\/div>\n<\/div>\n","protected":false},"excerpt":{"rendered":"<div id=\"discounttable\"><strong>2+ cl\u00e9s = 10% rabais<br \/>\n5+ cl\u00e9s = 16% rabais<br \/>\n10+ cl\u00e9s = 22% rabais<br \/>\n20+ cl\u00e9s = <a href=\"https:\/\/www.welovekeys.co.uk\/fr\/aide\/\" target=\"_blank\" rel=\"noopener noreferrer\">\u00e9crivez-nous<\/a><br \/>R\u00e9ductions appliqu\u00e9es dans le panier.<\/strong><\/div>\n","protected":false},"featured_media":8143,"template":"","meta":{"_et_pb_use_builder":"","_et_pb_old_content":"","_et_gb_content_width":""},"product_brand":[],"product_cat":[94,198,713],"product_tag":[],"class_list":{"0":"post-8394","1":"product","2":"type-product","3":"status-publish","4":"has-post-thumbnail","6":"product_cat-cles-fossette","7":"product_cat-cles-mul-t-lock","8":"product_cat-porte","9":"product_shipping_class-large-letter-fr","11":"first","12":"instock","13":"taxable","14":"shipping-taxable","15":"purchasable","16":"product-type-simple"},"yoast_head":"<!-- This site is optimized with the Yoast SEO plugin v27.4 - https:\/\/yoast.com\/product\/yoast-seo-wordpress\/ -->\n<title>Commandez cl\u00e9s Mul-T-Lock Garrison EN LIGNE - We Love Keys<\/title>\n<meta name=\"description\" content=\"Commandez des cl\u00e9s de remplacement Mul-T-Lock Garrison en ligne AUJOURD&#039;HUI chez We Love Keys! Exp\u00e9dition rapide, service de cl\u00e9s pr\u00e9cis!\" \/>\n<meta name=\"robots\" content=\"index, follow, max-snippet:-1, max-image-preview:large, max-video-preview:-1\" \/>\n<link rel=\"canonical\" href=\"https:\/\/www.welovekeys.co.uk\/fr\/produit\/cle-mul-t-lock-garrison-7x7\/\" \/>\n<meta property=\"og:locale\" content=\"fr_FR\" \/>\n<meta property=\"og:type\" content=\"article\" \/>\n<meta property=\"og:title\" content=\"Commandez cl\u00e9s Mul-T-Lock Garrison EN LIGNE - We Love Keys\" \/>\n<meta property=\"og:description\" content=\"Commandez des cl\u00e9s de remplacement Mul-T-Lock Garrison en ligne AUJOURD&#039;HUI chez We Love Keys! Exp\u00e9dition rapide, service de cl\u00e9s pr\u00e9cis!\" \/>\n<meta property=\"og:url\" content=\"https:\/\/www.welovekeys.co.uk\/fr\/produit\/cle-mul-t-lock-garrison-7x7\/\" \/>\n<meta property=\"og:site_name\" content=\"We Love Keys\" \/>\n<meta property=\"article:modified_time\" content=\"2021-04-24T16:07:39+00:00\" \/>\n<meta property=\"og:image\" content=\"https:\/\/www.welovekeys.co.uk\/wp-content\/uploads\/2021\/04\/IMG_20190204_130854.jpg\" \/>\n\t<meta property=\"og:image:width\" content=\"941\" \/>\n\t<meta property=\"og:image:height\" content=\"941\" \/>\n\t<meta property=\"og:image:type\" content=\"image\/jpeg\" \/>\n<meta name=\"twitter:card\" content=\"summary_large_image\" \/>\n<meta name=\"twitter:label1\" content=\"Dur\u00e9e de lecture estim\u00e9e\" \/>\n\t<meta name=\"twitter:data1\" content=\"2 minutes\" \/>\n<script type=\"application\/ld+json\" class=\"yoast-schema-graph\">{\"@context\":\"https:\\\/\\\/schema.org\",\"@graph\":[{\"@type\":\"WebPage\",\"@id\":\"https:\\\/\\\/www.welovekeys.co.uk\\\/fr\\\/produit\\\/cle-mul-t-lock-garrison-7x7\\\/\",\"url\":\"https:\\\/\\\/www.welovekeys.co.uk\\\/fr\\\/produit\\\/cle-mul-t-lock-garrison-7x7\\\/\",\"name\":\"Commandez cl\u00e9s Mul-T-Lock Garrison EN LIGNE - We Love Keys\",\"isPartOf\":{\"@id\":\"https:\\\/\\\/www.welovekeys.co.uk\\\/fr\\\/#website\"},\"primaryImageOfPage\":{\"@id\":\"https:\\\/\\\/www.welovekeys.co.uk\\\/fr\\\/produit\\\/cle-mul-t-lock-garrison-7x7\\\/#primaryimage\"},\"image\":{\"@id\":\"https:\\\/\\\/www.welovekeys.co.uk\\\/fr\\\/produit\\\/cle-mul-t-lock-garrison-7x7\\\/#primaryimage\"},\"thumbnailUrl\":\"https:\\\/\\\/www.welovekeys.co.uk\\\/wp-content\\\/uploads\\\/2021\\\/04\\\/IMG_20190204_130854.jpg\",\"datePublished\":\"2021-04-24T15:35:39+00:00\",\"dateModified\":\"2021-04-24T16:07:39+00:00\",\"description\":\"Commandez des cl\u00e9s de remplacement Mul-T-Lock Garrison en ligne AUJOURD'HUI chez We Love Keys! Exp\u00e9dition rapide, service de cl\u00e9s pr\u00e9cis!\",\"breadcrumb\":{\"@id\":\"https:\\\/\\\/www.welovekeys.co.uk\\\/fr\\\/produit\\\/cle-mul-t-lock-garrison-7x7\\\/#breadcrumb\"},\"inLanguage\":\"fr-FR\",\"potentialAction\":[{\"@type\":\"ReadAction\",\"target\":[\"https:\\\/\\\/www.welovekeys.co.uk\\\/fr\\\/produit\\\/cle-mul-t-lock-garrison-7x7\\\/\"]}]},{\"@type\":\"ImageObject\",\"inLanguage\":\"fr-FR\",\"@id\":\"https:\\\/\\\/www.welovekeys.co.uk\\\/fr\\\/produit\\\/cle-mul-t-lock-garrison-7x7\\\/#primaryimage\",\"url\":\"https:\\\/\\\/www.welovekeys.co.uk\\\/wp-content\\\/uploads\\\/2021\\\/04\\\/IMG_20190204_130854.jpg\",\"contentUrl\":\"https:\\\/\\\/www.welovekeys.co.uk\\\/wp-content\\\/uploads\\\/2021\\\/04\\\/IMG_20190204_130854.jpg\",\"width\":941,\"height\":941,\"caption\":\"Cl\u00e9 Mul-T-Lock Garrison 7X7\"},{\"@type\":\"BreadcrumbList\",\"@id\":\"https:\\\/\\\/www.welovekeys.co.uk\\\/fr\\\/produit\\\/cle-mul-t-lock-garrison-7x7\\\/#breadcrumb\",\"itemListElement\":[{\"@type\":\"ListItem\",\"position\":1,\"name\":\"Home\",\"item\":\"https:\\\/\\\/www.welovekeys.co.uk\\\/fr\\\/\"},{\"@type\":\"ListItem\",\"position\":2,\"name\":\"Boutique\",\"item\":\"https:\\\/\\\/www.welovekeys.co.uk\\\/fr\\\/boutique\\\/\"},{\"@type\":\"ListItem\",\"position\":3,\"name\":\"Cl\u00e9 Mul-T-Lock Garrison 7X7\"}]},{\"@type\":\"WebSite\",\"@id\":\"https:\\\/\\\/www.welovekeys.co.uk\\\/fr\\\/#website\",\"url\":\"https:\\\/\\\/www.welovekeys.co.uk\\\/fr\\\/\",\"name\":\"We Love Keys\",\"description\":\"A marketplace for keys\",\"publisher\":{\"@id\":\"https:\\\/\\\/www.welovekeys.co.uk\\\/fr\\\/#organization\"},\"potentialAction\":[{\"@type\":\"SearchAction\",\"target\":{\"@type\":\"EntryPoint\",\"urlTemplate\":\"https:\\\/\\\/www.welovekeys.co.uk\\\/fr\\\/?s={search_term_string}\"},\"query-input\":{\"@type\":\"PropertyValueSpecification\",\"valueRequired\":true,\"valueName\":\"search_term_string\"}}],\"inLanguage\":\"fr-FR\"},{\"@type\":\"Organization\",\"@id\":\"https:\\\/\\\/www.welovekeys.co.uk\\\/fr\\\/#organization\",\"name\":\"We Love Keys\",\"url\":\"https:\\\/\\\/www.welovekeys.co.uk\\\/fr\\\/\",\"logo\":{\"@type\":\"ImageObject\",\"inLanguage\":\"fr-FR\",\"@id\":\"https:\\\/\\\/www.welovekeys.co.uk\\\/fr\\\/#\\\/schema\\\/logo\\\/image\\\/\",\"url\":\"https:\\\/\\\/www.welovekeys.co.uk\\\/wp-content\\\/uploads\\\/2017\\\/06\\\/WE.png\",\"contentUrl\":\"https:\\\/\\\/www.welovekeys.co.uk\\\/wp-content\\\/uploads\\\/2017\\\/06\\\/WE.png\",\"width\":348,\"height\":66,\"caption\":\"We Love Keys\"},\"image\":{\"@id\":\"https:\\\/\\\/www.welovekeys.co.uk\\\/fr\\\/#\\\/schema\\\/logo\\\/image\\\/\"}}]}<\/script>\n<!-- \/ Yoast SEO plugin. -->","yoast_head_json":{"title":"Commandez cl\u00e9s Mul-T-Lock Garrison EN LIGNE - We Love Keys","description":"Commandez des cl\u00e9s de remplacement Mul-T-Lock Garrison en ligne AUJOURD'HUI chez We Love Keys! Exp\u00e9dition rapide, service de cl\u00e9s pr\u00e9cis!","robots":{"index":"index","follow":"follow","max-snippet":"max-snippet:-1","max-image-preview":"max-image-preview:large","max-video-preview":"max-video-preview:-1"},"canonical":"https:\/\/www.welovekeys.co.uk\/fr\/produit\/cle-mul-t-lock-garrison-7x7\/","og_locale":"fr_FR","og_type":"article","og_title":"Commandez cl\u00e9s Mul-T-Lock Garrison EN LIGNE - We Love Keys","og_description":"Commandez des cl\u00e9s de remplacement Mul-T-Lock Garrison en ligne AUJOURD'HUI chez We Love Keys! Exp\u00e9dition rapide, service de cl\u00e9s pr\u00e9cis!","og_url":"https:\/\/www.welovekeys.co.uk\/fr\/produit\/cle-mul-t-lock-garrison-7x7\/","og_site_name":"We Love Keys","article_modified_time":"2021-04-24T16:07:39+00:00","og_image":[{"width":941,"height":941,"url":"https:\/\/www.welovekeys.co.uk\/wp-content\/uploads\/2021\/04\/IMG_20190204_130854.jpg","type":"image\/jpeg"}],"twitter_card":"summary_large_image","twitter_misc":{"Dur\u00e9e de lecture estim\u00e9e":"2 minutes"},"schema":{"@context":"https:\/\/schema.org","@graph":[{"@type":"WebPage","@id":"https:\/\/www.welovekeys.co.uk\/fr\/produit\/cle-mul-t-lock-garrison-7x7\/","url":"https:\/\/www.welovekeys.co.uk\/fr\/produit\/cle-mul-t-lock-garrison-7x7\/","name":"Commandez cl\u00e9s Mul-T-Lock Garrison EN LIGNE - We Love Keys","isPartOf":{"@id":"https:\/\/www.welovekeys.co.uk\/fr\/#website"},"primaryImageOfPage":{"@id":"https:\/\/www.welovekeys.co.uk\/fr\/produit\/cle-mul-t-lock-garrison-7x7\/#primaryimage"},"image":{"@id":"https:\/\/www.welovekeys.co.uk\/fr\/produit\/cle-mul-t-lock-garrison-7x7\/#primaryimage"},"thumbnailUrl":"https:\/\/www.welovekeys.co.uk\/wp-content\/uploads\/2021\/04\/IMG_20190204_130854.jpg","datePublished":"2021-04-24T15:35:39+00:00","dateModified":"2021-04-24T16:07:39+00:00","description":"Commandez des cl\u00e9s de remplacement Mul-T-Lock Garrison en ligne AUJOURD'HUI chez We Love Keys! Exp\u00e9dition rapide, service de cl\u00e9s pr\u00e9cis!","breadcrumb":{"@id":"https:\/\/www.welovekeys.co.uk\/fr\/produit\/cle-mul-t-lock-garrison-7x7\/#breadcrumb"},"inLanguage":"fr-FR","potentialAction":[{"@type":"ReadAction","target":["https:\/\/www.welovekeys.co.uk\/fr\/produit\/cle-mul-t-lock-garrison-7x7\/"]}]},{"@type":"ImageObject","inLanguage":"fr-FR","@id":"https:\/\/www.welovekeys.co.uk\/fr\/produit\/cle-mul-t-lock-garrison-7x7\/#primaryimage","url":"https:\/\/www.welovekeys.co.uk\/wp-content\/uploads\/2021\/04\/IMG_20190204_130854.jpg","contentUrl":"https:\/\/www.welovekeys.co.uk\/wp-content\/uploads\/2021\/04\/IMG_20190204_130854.jpg","width":941,"height":941,"caption":"Cl\u00e9 Mul-T-Lock Garrison 7X7"},{"@type":"BreadcrumbList","@id":"https:\/\/www.welovekeys.co.uk\/fr\/produit\/cle-mul-t-lock-garrison-7x7\/#breadcrumb","itemListElement":[{"@type":"ListItem","position":1,"name":"Home","item":"https:\/\/www.welovekeys.co.uk\/fr\/"},{"@type":"ListItem","position":2,"name":"Boutique","item":"https:\/\/www.welovekeys.co.uk\/fr\/boutique\/"},{"@type":"ListItem","position":3,"name":"Cl\u00e9 Mul-T-Lock Garrison 7X7"}]},{"@type":"WebSite","@id":"https:\/\/www.welovekeys.co.uk\/fr\/#website","url":"https:\/\/www.welovekeys.co.uk\/fr\/","name":"We Love Keys","description":"A marketplace for keys","publisher":{"@id":"https:\/\/www.welovekeys.co.uk\/fr\/#organization"},"potentialAction":[{"@type":"SearchAction","target":{"@type":"EntryPoint","urlTemplate":"https:\/\/www.welovekeys.co.uk\/fr\/?s={search_term_string}"},"query-input":{"@type":"PropertyValueSpecification","valueRequired":true,"valueName":"search_term_string"}}],"inLanguage":"fr-FR"},{"@type":"Organization","@id":"https:\/\/www.welovekeys.co.uk\/fr\/#organization","name":"We Love Keys","url":"https:\/\/www.welovekeys.co.uk\/fr\/","logo":{"@type":"ImageObject","inLanguage":"fr-FR","@id":"https:\/\/www.welovekeys.co.uk\/fr\/#\/schema\/logo\/image\/","url":"https:\/\/www.welovekeys.co.uk\/wp-content\/uploads\/2017\/06\/WE.png","contentUrl":"https:\/\/www.welovekeys.co.uk\/wp-content\/uploads\/2017\/06\/WE.png","width":348,"height":66,"caption":"We Love Keys"},"image":{"@id":"https:\/\/www.welovekeys.co.uk\/fr\/#\/schema\/logo\/image\/"}}]}},"_links":{"self":[{"href":"https:\/\/www.welovekeys.co.uk\/fr\/wp-json\/wp\/v2\/product\/8394","targetHints":{"allow":["GET"]}}],"collection":[{"href":"https:\/\/www.welovekeys.co.uk\/fr\/wp-json\/wp\/v2\/product"}],"about":[{"href":"https:\/\/www.welovekeys.co.uk\/fr\/wp-json\/wp\/v2\/types\/product"}],"wp:featuredmedia":[{"embeddable":true,"href":"https:\/\/www.welovekeys.co.uk\/fr\/wp-json\/wp\/v2\/media\/8143"}],"wp:attachment":[{"href":"https:\/\/www.welovekeys.co.uk\/fr\/wp-json\/wp\/v2\/media?parent=8394"}],"wp:term":[{"taxonomy":"product_brand","embeddable":true,"href":"https:\/\/www.welovekeys.co.uk\/fr\/wp-json\/wp\/v2\/product_brand?post=8394"},{"taxonomy":"product_cat","embeddable":true,"href":"https:\/\/www.welovekeys.co.uk\/fr\/wp-json\/wp\/v2\/product_cat?post=8394"},{"taxonomy":"product_tag","embeddable":true,"href":"https:\/\/www.welovekeys.co.uk\/fr\/wp-json\/wp\/v2\/product_tag?post=8394"}],"curies":[{"name":"wp","href":"https:\/\/api.w.org\/{rel}","templated":true}]}}