{"id":8133,"date":"2021-04-05T21:39:57","date_gmt":"2021-04-05T20:39:57","guid":{"rendered":"https:\/\/www.welovekeys.co.uk\/product\/cle-de-coffre-fort-lowe-fletcher\/"},"modified":"2022-05-02T12:13:28","modified_gmt":"2022-05-02T11:13:28","slug":"cle-de-coffre-fort-lowe-fletcher","status":"publish","type":"product","link":"https:\/\/www.welovekeys.co.uk\/fr\/produit\/cle-de-coffre-fort-lowe-fletcher\/","title":{"rendered":"Cl\u00e9 de coffre-fort Lowe &#038; Fletcher"},"content":{"rendered":"<p>Les cl\u00e9s de coffre-fort Lowe &#038; Fletcher sont courantes dans le monde entier: vous pouvez les trouver principalement dans des coffres-forts, des bo\u00eetes verrouillables et dans des armoires m\u00e9dicales de haute s\u00e9curit\u00e9, bien qu&rsquo;elles apparaissent parfois ailleurs \u00e9galement.<\/p>\n<blockquote><p><strong>Chez We Love Keys, nous pouvons faire des copies de ces cl\u00e9s en ligne. Tout ce que vous avez \u00e0 faire est de prendre une photo claire de votre cl\u00e9 pos\u00e9e sur une surface plane, de la t\u00e9l\u00e9charger sur cette page \u00e0 l&rsquo;aide de l&rsquo;outil de t\u00e9l\u00e9chargement ci-dessus, et nous ferons le reste.<\/strong><\/p><\/blockquote>\n<p>Les cl\u00e9s sont en couleur d&rsquo;argent, parfois elles peuvent \u00eatre assez longues, et la poign\u00e9e de la cl\u00e9 porte Lowe &#038; Fletcher ou L&#038;F. Elles ont deux lames avec des coupes asym\u00e9triques (voir photo). Souvent, il y a aussi un num\u00e9ro de code \u00e9crit sur la cl\u00e9, commen\u00e7ant g\u00e9n\u00e9ralement par S.<\/p>\n<p>Chez We Love Keys, nous utilisons autant que possible des \u00e9bauches authentiques L&#038;F.<\/p>\n<p><em><strong>Exp\u00e9dition le jour m\u00eame sur la plupart des cl\u00e9s de coffre-fort Lowe &#038; Fletcher, si command\u00e9es avant 15 heures un jour ouvrable ; elles peuvent prendre jusqu&rsquo;\u00e0 une semaine \u00e0 fabriquer.<\/strong><\/em><\/p>\n<hr class=\"productPageFootnoteHr\">\n<div class=\"productPageAdditionalInfoDiv\">\n<h3>En savoir plus sur la fabrication de cl\u00e9s de coffre-fort Lowe &#038; Fletcher \u00e0 partir d\u2019une photo<\/h3>\n<p>Pour certains, cela peut sembler un peu fou, mais chez We Love Keys, nous pouvons copier de nombreuses cl\u00e9s \u00e0 partir de photos. Le r\u00e9sultat est aussi bon qu&rsquo;une cl\u00e9 qui vient directement de l&rsquo;usine principale L&#038;F, \u00e9vitant ainsi l&rsquo;inexactitude qui peut provenir de la duplication de cl\u00e9s dans une boutique.<\/p>\n<p>Un algorithme intelligent \u00e9value et mesure la photo que vous avez envoy\u00e9e et traduit la photo en coupes sur une cl\u00e9 de coffre-fort L&#038;F r\u00e9elle. Une machine \u00e9lectronique pr\u00e9cise fabrique alors la cl\u00e9.<\/p>\n<div class=\"trustpilotreviewDiv\">\n<p><img decoding=\"async\" src=\"https:\/\/www.welovekeys.co.uk\/wp-content\/uploads\/2021\/04\/trustpilot.png\" alt=\"Trustpilot Five Stars\" width=\"150\" class=\"alignnone size-full wp-image-8349\" \/><br \/><strong>\u00ab\u00a0G\u00e9nial de trouver une entreprise qui fabrique une cl\u00e9 de remplacement pour une ancienne serrure \u00e0 partir de quelques photos.\u00a0\u00bb<\/strong> &ndash; <a href=\"https:\/\/uk.trustpilot.com\/reviews\/5f46163402e8570814f9196b\" target=\"_blank\" rel=\"noopener\">Trustpilot<\/a><\/p>\n<\/div>\n<\/div>\n","protected":false},"excerpt":{"rendered":"<div id=\"discounttable\"><strong>2+ cl\u00e9s = 10% rabais<br \/>\n5+ cl\u00e9s = 16% rabais<br \/>\n10+ cl\u00e9s = 22% rabais<br \/>\n20+ cl\u00e9s = <a href=\"https:\/\/www.welovekeys.co.uk\/fr\/aide\/\" target=\"_blank\" rel=\"noopener noreferrer\">\u00e9crivez-nous<\/a><br \/>R\u00e9ductions appliqu\u00e9es dans le panier.<\/strong><\/div>\n","protected":false},"featured_media":8128,"template":"","meta":{"_et_pb_use_builder":"","_et_pb_old_content":"","_et_gb_content_width":""},"product_brand":[],"product_cat":[182,721,525],"product_tag":[],"class_list":{"0":"post-8133","1":"product","2":"type-product","3":"status-publish","4":"has-post-thumbnail","6":"product_cat-cles-de-coffre-fort","7":"product_cat-coffre-fort","8":"product_cat-lowe-fletcher-fr","9":"product_shipping_class-large-letter-fr","11":"first","12":"instock","13":"taxable","14":"shipping-taxable","15":"purchasable","16":"product-type-simple"},"yoast_head":"<!-- This site is optimized with the Yoast SEO plugin v27.5 - https:\/\/yoast.com\/product\/yoast-seo-wordpress\/ -->\n<title>Cl\u00e9s de coffre-fort Lowe &amp; Fletcher fabriqu\u00e9es EN LIGNE<\/title>\n<meta name=\"description\" content=\"Commandez des cl\u00e9s de coffre-fort Lowe &amp; Fletcher en ligne AUJOURD&#039;HUI avec We Love Keys, le service de cl\u00e9s en ligne rapide et fiable.\" \/>\n<meta name=\"robots\" content=\"index, follow, max-snippet:-1, max-image-preview:large, max-video-preview:-1\" \/>\n<link rel=\"canonical\" href=\"https:\/\/www.welovekeys.co.uk\/fr\/produit\/cle-de-coffre-fort-lowe-fletcher\/\" \/>\n<meta property=\"og:locale\" content=\"fr_FR\" \/>\n<meta property=\"og:type\" content=\"article\" \/>\n<meta property=\"og:title\" content=\"Cl\u00e9s de coffre-fort Lowe &amp; Fletcher fabriqu\u00e9es EN LIGNE\" \/>\n<meta property=\"og:description\" content=\"Commandez des cl\u00e9s de coffre-fort Lowe &amp; Fletcher en ligne AUJOURD&#039;HUI avec We Love Keys, le service de cl\u00e9s en ligne rapide et fiable.\" \/>\n<meta property=\"og:url\" content=\"https:\/\/www.welovekeys.co.uk\/fr\/produit\/cle-de-coffre-fort-lowe-fletcher\/\" \/>\n<meta property=\"og:site_name\" content=\"We Love Keys\" \/>\n<meta property=\"article:modified_time\" content=\"2022-05-02T11:13:28+00:00\" \/>\n<meta property=\"og:image\" content=\"https:\/\/www.welovekeys.co.uk\/wp-content\/uploads\/2021\/04\/LF-Safe-Key.png\" \/>\n\t<meta property=\"og:image:width\" content=\"664\" \/>\n\t<meta property=\"og:image:height\" content=\"664\" \/>\n\t<meta property=\"og:image:type\" content=\"image\/png\" \/>\n<meta name=\"twitter:card\" content=\"summary_large_image\" \/>\n<meta name=\"twitter:label1\" content=\"Dur\u00e9e de lecture estim\u00e9e\" \/>\n\t<meta name=\"twitter:data1\" content=\"2 minutes\" \/>\n<script type=\"application\/ld+json\" class=\"yoast-schema-graph\">{\"@context\":\"https:\\\/\\\/schema.org\",\"@graph\":[{\"@type\":\"WebPage\",\"@id\":\"https:\\\/\\\/www.welovekeys.co.uk\\\/fr\\\/produit\\\/cle-de-coffre-fort-lowe-fletcher\\\/\",\"url\":\"https:\\\/\\\/www.welovekeys.co.uk\\\/fr\\\/produit\\\/cle-de-coffre-fort-lowe-fletcher\\\/\",\"name\":\"Cl\u00e9s de coffre-fort Lowe & Fletcher fabriqu\u00e9es EN LIGNE\",\"isPartOf\":{\"@id\":\"https:\\\/\\\/www.welovekeys.co.uk\\\/fr\\\/#website\"},\"primaryImageOfPage\":{\"@id\":\"https:\\\/\\\/www.welovekeys.co.uk\\\/fr\\\/produit\\\/cle-de-coffre-fort-lowe-fletcher\\\/#primaryimage\"},\"image\":{\"@id\":\"https:\\\/\\\/www.welovekeys.co.uk\\\/fr\\\/produit\\\/cle-de-coffre-fort-lowe-fletcher\\\/#primaryimage\"},\"thumbnailUrl\":\"https:\\\/\\\/www.welovekeys.co.uk\\\/wp-content\\\/uploads\\\/2021\\\/04\\\/LF-Safe-Key.png\",\"datePublished\":\"2021-04-05T20:39:57+00:00\",\"dateModified\":\"2022-05-02T11:13:28+00:00\",\"description\":\"Commandez des cl\u00e9s de coffre-fort Lowe & Fletcher en ligne AUJOURD'HUI avec We Love Keys, le service de cl\u00e9s en ligne rapide et fiable.\",\"breadcrumb\":{\"@id\":\"https:\\\/\\\/www.welovekeys.co.uk\\\/fr\\\/produit\\\/cle-de-coffre-fort-lowe-fletcher\\\/#breadcrumb\"},\"inLanguage\":\"fr-FR\",\"potentialAction\":[{\"@type\":\"ReadAction\",\"target\":[\"https:\\\/\\\/www.welovekeys.co.uk\\\/fr\\\/produit\\\/cle-de-coffre-fort-lowe-fletcher\\\/\"]}]},{\"@type\":\"ImageObject\",\"inLanguage\":\"fr-FR\",\"@id\":\"https:\\\/\\\/www.welovekeys.co.uk\\\/fr\\\/produit\\\/cle-de-coffre-fort-lowe-fletcher\\\/#primaryimage\",\"url\":\"https:\\\/\\\/www.welovekeys.co.uk\\\/wp-content\\\/uploads\\\/2021\\\/04\\\/LF-Safe-Key.png\",\"contentUrl\":\"https:\\\/\\\/www.welovekeys.co.uk\\\/wp-content\\\/uploads\\\/2021\\\/04\\\/LF-Safe-Key.png\",\"width\":664,\"height\":664,\"caption\":\"Cl\u00e9 de coffre-fort Lowe & Fletcher\"},{\"@type\":\"BreadcrumbList\",\"@id\":\"https:\\\/\\\/www.welovekeys.co.uk\\\/fr\\\/produit\\\/cle-de-coffre-fort-lowe-fletcher\\\/#breadcrumb\",\"itemListElement\":[{\"@type\":\"ListItem\",\"position\":1,\"name\":\"Home\",\"item\":\"https:\\\/\\\/www.welovekeys.co.uk\\\/fr\\\/\"},{\"@type\":\"ListItem\",\"position\":2,\"name\":\"Boutique\",\"item\":\"https:\\\/\\\/www.welovekeys.co.uk\\\/fr\\\/boutique\\\/\"},{\"@type\":\"ListItem\",\"position\":3,\"name\":\"Cl\u00e9 de coffre-fort Lowe &#038; Fletcher\"}]},{\"@type\":\"WebSite\",\"@id\":\"https:\\\/\\\/www.welovekeys.co.uk\\\/fr\\\/#website\",\"url\":\"https:\\\/\\\/www.welovekeys.co.uk\\\/fr\\\/\",\"name\":\"We Love Keys\",\"description\":\"A marketplace for keys\",\"publisher\":{\"@id\":\"https:\\\/\\\/www.welovekeys.co.uk\\\/fr\\\/#organization\"},\"alternateName\":\"We Love Keys\",\"potentialAction\":[{\"@type\":\"SearchAction\",\"target\":{\"@type\":\"EntryPoint\",\"urlTemplate\":\"https:\\\/\\\/www.welovekeys.co.uk\\\/fr\\\/?s={search_term_string}\"},\"query-input\":{\"@type\":\"PropertyValueSpecification\",\"valueRequired\":true,\"valueName\":\"search_term_string\"}}],\"inLanguage\":\"fr-FR\"},{\"@type\":\"Organization\",\"@id\":\"https:\\\/\\\/www.welovekeys.co.uk\\\/fr\\\/#organization\",\"name\":\"We Love Keys\",\"url\":\"https:\\\/\\\/www.welovekeys.co.uk\\\/fr\\\/\",\"logo\":{\"@type\":\"ImageObject\",\"inLanguage\":\"fr-FR\",\"@id\":\"https:\\\/\\\/www.welovekeys.co.uk\\\/fr\\\/#\\\/schema\\\/logo\\\/image\\\/\",\"url\":\"https:\\\/\\\/www.welovekeys.co.uk\\\/wp-content\\\/uploads\\\/2017\\\/06\\\/WE.png\",\"contentUrl\":\"https:\\\/\\\/www.welovekeys.co.uk\\\/wp-content\\\/uploads\\\/2017\\\/06\\\/WE.png\",\"width\":348,\"height\":66,\"caption\":\"We Love Keys\"},\"image\":{\"@id\":\"https:\\\/\\\/www.welovekeys.co.uk\\\/fr\\\/#\\\/schema\\\/logo\\\/image\\\/\"}}]}<\/script>\n<!-- \/ Yoast SEO plugin. -->","yoast_head_json":{"title":"Cl\u00e9s de coffre-fort Lowe & Fletcher fabriqu\u00e9es EN LIGNE","description":"Commandez des cl\u00e9s de coffre-fort Lowe & Fletcher en ligne AUJOURD'HUI avec We Love Keys, le service de cl\u00e9s en ligne rapide et fiable.","robots":{"index":"index","follow":"follow","max-snippet":"max-snippet:-1","max-image-preview":"max-image-preview:large","max-video-preview":"max-video-preview:-1"},"canonical":"https:\/\/www.welovekeys.co.uk\/fr\/produit\/cle-de-coffre-fort-lowe-fletcher\/","og_locale":"fr_FR","og_type":"article","og_title":"Cl\u00e9s de coffre-fort Lowe & Fletcher fabriqu\u00e9es EN LIGNE","og_description":"Commandez des cl\u00e9s de coffre-fort Lowe & Fletcher en ligne AUJOURD'HUI avec We Love Keys, le service de cl\u00e9s en ligne rapide et fiable.","og_url":"https:\/\/www.welovekeys.co.uk\/fr\/produit\/cle-de-coffre-fort-lowe-fletcher\/","og_site_name":"We Love Keys","article_modified_time":"2022-05-02T11:13:28+00:00","og_image":[{"width":664,"height":664,"url":"https:\/\/www.welovekeys.co.uk\/wp-content\/uploads\/2021\/04\/LF-Safe-Key.png","type":"image\/png"}],"twitter_card":"summary_large_image","twitter_misc":{"Dur\u00e9e de lecture estim\u00e9e":"2 minutes"},"schema":{"@context":"https:\/\/schema.org","@graph":[{"@type":"WebPage","@id":"https:\/\/www.welovekeys.co.uk\/fr\/produit\/cle-de-coffre-fort-lowe-fletcher\/","url":"https:\/\/www.welovekeys.co.uk\/fr\/produit\/cle-de-coffre-fort-lowe-fletcher\/","name":"Cl\u00e9s de coffre-fort Lowe & Fletcher fabriqu\u00e9es EN LIGNE","isPartOf":{"@id":"https:\/\/www.welovekeys.co.uk\/fr\/#website"},"primaryImageOfPage":{"@id":"https:\/\/www.welovekeys.co.uk\/fr\/produit\/cle-de-coffre-fort-lowe-fletcher\/#primaryimage"},"image":{"@id":"https:\/\/www.welovekeys.co.uk\/fr\/produit\/cle-de-coffre-fort-lowe-fletcher\/#primaryimage"},"thumbnailUrl":"https:\/\/www.welovekeys.co.uk\/wp-content\/uploads\/2021\/04\/LF-Safe-Key.png","datePublished":"2021-04-05T20:39:57+00:00","dateModified":"2022-05-02T11:13:28+00:00","description":"Commandez des cl\u00e9s de coffre-fort Lowe & Fletcher en ligne AUJOURD'HUI avec We Love Keys, le service de cl\u00e9s en ligne rapide et fiable.","breadcrumb":{"@id":"https:\/\/www.welovekeys.co.uk\/fr\/produit\/cle-de-coffre-fort-lowe-fletcher\/#breadcrumb"},"inLanguage":"fr-FR","potentialAction":[{"@type":"ReadAction","target":["https:\/\/www.welovekeys.co.uk\/fr\/produit\/cle-de-coffre-fort-lowe-fletcher\/"]}]},{"@type":"ImageObject","inLanguage":"fr-FR","@id":"https:\/\/www.welovekeys.co.uk\/fr\/produit\/cle-de-coffre-fort-lowe-fletcher\/#primaryimage","url":"https:\/\/www.welovekeys.co.uk\/wp-content\/uploads\/2021\/04\/LF-Safe-Key.png","contentUrl":"https:\/\/www.welovekeys.co.uk\/wp-content\/uploads\/2021\/04\/LF-Safe-Key.png","width":664,"height":664,"caption":"Cl\u00e9 de coffre-fort Lowe & Fletcher"},{"@type":"BreadcrumbList","@id":"https:\/\/www.welovekeys.co.uk\/fr\/produit\/cle-de-coffre-fort-lowe-fletcher\/#breadcrumb","itemListElement":[{"@type":"ListItem","position":1,"name":"Home","item":"https:\/\/www.welovekeys.co.uk\/fr\/"},{"@type":"ListItem","position":2,"name":"Boutique","item":"https:\/\/www.welovekeys.co.uk\/fr\/boutique\/"},{"@type":"ListItem","position":3,"name":"Cl\u00e9 de coffre-fort Lowe &#038; Fletcher"}]},{"@type":"WebSite","@id":"https:\/\/www.welovekeys.co.uk\/fr\/#website","url":"https:\/\/www.welovekeys.co.uk\/fr\/","name":"We Love Keys","description":"A marketplace for keys","publisher":{"@id":"https:\/\/www.welovekeys.co.uk\/fr\/#organization"},"alternateName":"We Love Keys","potentialAction":[{"@type":"SearchAction","target":{"@type":"EntryPoint","urlTemplate":"https:\/\/www.welovekeys.co.uk\/fr\/?s={search_term_string}"},"query-input":{"@type":"PropertyValueSpecification","valueRequired":true,"valueName":"search_term_string"}}],"inLanguage":"fr-FR"},{"@type":"Organization","@id":"https:\/\/www.welovekeys.co.uk\/fr\/#organization","name":"We Love Keys","url":"https:\/\/www.welovekeys.co.uk\/fr\/","logo":{"@type":"ImageObject","inLanguage":"fr-FR","@id":"https:\/\/www.welovekeys.co.uk\/fr\/#\/schema\/logo\/image\/","url":"https:\/\/www.welovekeys.co.uk\/wp-content\/uploads\/2017\/06\/WE.png","contentUrl":"https:\/\/www.welovekeys.co.uk\/wp-content\/uploads\/2017\/06\/WE.png","width":348,"height":66,"caption":"We Love Keys"},"image":{"@id":"https:\/\/www.welovekeys.co.uk\/fr\/#\/schema\/logo\/image\/"}}]}},"_links":{"self":[{"href":"https:\/\/www.welovekeys.co.uk\/fr\/wp-json\/wp\/v2\/product\/8133","targetHints":{"allow":["GET"]}}],"collection":[{"href":"https:\/\/www.welovekeys.co.uk\/fr\/wp-json\/wp\/v2\/product"}],"about":[{"href":"https:\/\/www.welovekeys.co.uk\/fr\/wp-json\/wp\/v2\/types\/product"}],"wp:featuredmedia":[{"embeddable":true,"href":"https:\/\/www.welovekeys.co.uk\/fr\/wp-json\/wp\/v2\/media\/8128"}],"wp:attachment":[{"href":"https:\/\/www.welovekeys.co.uk\/fr\/wp-json\/wp\/v2\/media?parent=8133"}],"wp:term":[{"taxonomy":"product_brand","embeddable":true,"href":"https:\/\/www.welovekeys.co.uk\/fr\/wp-json\/wp\/v2\/product_brand?post=8133"},{"taxonomy":"product_cat","embeddable":true,"href":"https:\/\/www.welovekeys.co.uk\/fr\/wp-json\/wp\/v2\/product_cat?post=8133"},{"taxonomy":"product_tag","embeddable":true,"href":"https:\/\/www.welovekeys.co.uk\/fr\/wp-json\/wp\/v2\/product_tag?post=8133"}],"curies":[{"name":"wp","href":"https:\/\/api.w.org\/{rel}","templated":true}]}}