{"id":8058,"date":"2021-03-28T16:54:36","date_gmt":"2021-03-28T15:54:36","guid":{"rendered":"https:\/\/www.welovekeys.co.uk\/product\/je-ne-sais-pas-quelle-cle-meroni-choisir\/"},"modified":"2021-04-05T17:57:19","modified_gmt":"2021-04-05T16:57:19","slug":"je-ne-sais-pas-quelle-cle-meroni-choisir","status":"publish","type":"product","link":"https:\/\/www.welovekeys.co.uk\/fr\/produit\/je-ne-sais-pas-quelle-cle-meroni-choisir\/","title":{"rendered":"Je ne sais pas quelle cl\u00e9 Meroni choisir!"},"content":{"rendered":"","protected":false},"excerpt":{"rendered":"<div style=\"font-size: 1.5em;\">\n<p>Si vous ne savez pas quelle cl\u00e9 choisir, nous vous aiderons \u00e0 la trouver!<\/p>\n<p>Utilisez notre formulaire (ci-dessous) et nous vous r\u00e9pondrons <strong>rapidement<\/strong> avec un co\u00fbt et un d\u00e9lai.<\/p>\n<\/div>\n<div style=\"background-color:#ececec;border-radius:8px;padding:25px;margin-top:30px;font-size: 1.4em;border:2px solid #aaaaaa;\">\n[caldera_form id=\u00a0\u00bbCF5c78098a5f994&Prime;]\n<\/div>\n","protected":false},"featured_media":7964,"template":"","meta":{"_et_pb_use_builder":"","_et_pb_old_content":"","_et_gb_content_width":""},"product_brand":[],"product_cat":[195],"product_tag":[835],"class_list":{"0":"post-8058","1":"product","2":"type-product","3":"status-publish","4":"has-post-thumbnail","6":"product_cat-cles-meroni","7":"product_tag-formulaire-de-demande-de-produit","9":"first","10":"instock","11":"taxable","12":"shipping-taxable","13":"product-type-simple"},"yoast_head":"<!-- This site is optimized with the Yoast SEO plugin v27.4 - https:\/\/yoast.com\/product\/yoast-seo-wordpress\/ -->\n<title>Je ne sais pas quelle cl\u00e9 Meroni choisir! - We Love Keys<\/title>\n<meta name=\"robots\" content=\"index, follow, max-snippet:-1, max-image-preview:large, max-video-preview:-1\" \/>\n<link rel=\"canonical\" href=\"https:\/\/www.welovekeys.co.uk\/fr\/produit\/je-ne-sais-pas-quelle-cle-meroni-choisir\/\" \/>\n<meta property=\"og:locale\" content=\"fr_FR\" \/>\n<meta property=\"og:type\" content=\"article\" \/>\n<meta property=\"og:title\" content=\"Je ne sais pas quelle cl\u00e9 Meroni choisir! - We Love Keys\" \/>\n<meta property=\"og:description\" content=\"Si vous ne savez pas quelle cl\u00e9 choisir, nous vous aiderons \u00e0 la trouver! Utilisez notre formulaire (ci-dessous) et nous vous r\u00e9pondrons rapidement avec un co\u00fbt et un d\u00e9lai.   [caldera_form id=&quot;CF5c78098a5f994&quot;]\" \/>\n<meta property=\"og:url\" content=\"https:\/\/www.welovekeys.co.uk\/fr\/produit\/je-ne-sais-pas-quelle-cle-meroni-choisir\/\" \/>\n<meta property=\"og:site_name\" content=\"We Love Keys\" \/>\n<meta property=\"article:modified_time\" content=\"2021-04-05T16:57:19+00:00\" \/>\n<meta property=\"og:image\" content=\"https:\/\/www.welovekeys.co.uk\/wp-content\/uploads\/2021\/03\/Meroni-Larger.gif\" \/>\n\t<meta property=\"og:image:width\" content=\"405\" \/>\n\t<meta property=\"og:image:height\" content=\"405\" \/>\n\t<meta property=\"og:image:type\" content=\"image\/gif\" \/>\n<meta name=\"twitter:card\" content=\"summary_large_image\" \/>\n<script type=\"application\/ld+json\" class=\"yoast-schema-graph\">{\"@context\":\"https:\\\/\\\/schema.org\",\"@graph\":[{\"@type\":\"WebPage\",\"@id\":\"https:\\\/\\\/www.welovekeys.co.uk\\\/fr\\\/produit\\\/je-ne-sais-pas-quelle-cle-meroni-choisir\\\/\",\"url\":\"https:\\\/\\\/www.welovekeys.co.uk\\\/fr\\\/produit\\\/je-ne-sais-pas-quelle-cle-meroni-choisir\\\/\",\"name\":\"Je ne sais pas quelle cl\u00e9 Meroni choisir! - We Love Keys\",\"isPartOf\":{\"@id\":\"https:\\\/\\\/www.welovekeys.co.uk\\\/fr\\\/#website\"},\"primaryImageOfPage\":{\"@id\":\"https:\\\/\\\/www.welovekeys.co.uk\\\/fr\\\/produit\\\/je-ne-sais-pas-quelle-cle-meroni-choisir\\\/#primaryimage\"},\"image\":{\"@id\":\"https:\\\/\\\/www.welovekeys.co.uk\\\/fr\\\/produit\\\/je-ne-sais-pas-quelle-cle-meroni-choisir\\\/#primaryimage\"},\"thumbnailUrl\":\"https:\\\/\\\/www.welovekeys.co.uk\\\/wp-content\\\/uploads\\\/2021\\\/03\\\/Meroni-Larger.gif\",\"datePublished\":\"2021-03-28T15:54:36+00:00\",\"dateModified\":\"2021-04-05T16:57:19+00:00\",\"breadcrumb\":{\"@id\":\"https:\\\/\\\/www.welovekeys.co.uk\\\/fr\\\/produit\\\/je-ne-sais-pas-quelle-cle-meroni-choisir\\\/#breadcrumb\"},\"inLanguage\":\"fr-FR\",\"potentialAction\":[{\"@type\":\"ReadAction\",\"target\":[\"https:\\\/\\\/www.welovekeys.co.uk\\\/fr\\\/produit\\\/je-ne-sais-pas-quelle-cle-meroni-choisir\\\/\"]}]},{\"@type\":\"ImageObject\",\"inLanguage\":\"fr-FR\",\"@id\":\"https:\\\/\\\/www.welovekeys.co.uk\\\/fr\\\/produit\\\/je-ne-sais-pas-quelle-cle-meroni-choisir\\\/#primaryimage\",\"url\":\"https:\\\/\\\/www.welovekeys.co.uk\\\/wp-content\\\/uploads\\\/2021\\\/03\\\/Meroni-Larger.gif\",\"contentUrl\":\"https:\\\/\\\/www.welovekeys.co.uk\\\/wp-content\\\/uploads\\\/2021\\\/03\\\/Meroni-Larger.gif\",\"width\":405,\"height\":405,\"caption\":\"Meroni point d'interrogation\"},{\"@type\":\"BreadcrumbList\",\"@id\":\"https:\\\/\\\/www.welovekeys.co.uk\\\/fr\\\/produit\\\/je-ne-sais-pas-quelle-cle-meroni-choisir\\\/#breadcrumb\",\"itemListElement\":[{\"@type\":\"ListItem\",\"position\":1,\"name\":\"Home\",\"item\":\"https:\\\/\\\/www.welovekeys.co.uk\\\/fr\\\/\"},{\"@type\":\"ListItem\",\"position\":2,\"name\":\"Boutique\",\"item\":\"https:\\\/\\\/www.welovekeys.co.uk\\\/fr\\\/boutique\\\/\"},{\"@type\":\"ListItem\",\"position\":3,\"name\":\"Je ne sais pas quelle cl\u00e9 Meroni choisir!\"}]},{\"@type\":\"WebSite\",\"@id\":\"https:\\\/\\\/www.welovekeys.co.uk\\\/fr\\\/#website\",\"url\":\"https:\\\/\\\/www.welovekeys.co.uk\\\/fr\\\/\",\"name\":\"We Love Keys\",\"description\":\"A marketplace for keys\",\"publisher\":{\"@id\":\"https:\\\/\\\/www.welovekeys.co.uk\\\/fr\\\/#organization\"},\"potentialAction\":[{\"@type\":\"SearchAction\",\"target\":{\"@type\":\"EntryPoint\",\"urlTemplate\":\"https:\\\/\\\/www.welovekeys.co.uk\\\/fr\\\/?s={search_term_string}\"},\"query-input\":{\"@type\":\"PropertyValueSpecification\",\"valueRequired\":true,\"valueName\":\"search_term_string\"}}],\"inLanguage\":\"fr-FR\"},{\"@type\":\"Organization\",\"@id\":\"https:\\\/\\\/www.welovekeys.co.uk\\\/fr\\\/#organization\",\"name\":\"We Love Keys\",\"url\":\"https:\\\/\\\/www.welovekeys.co.uk\\\/fr\\\/\",\"logo\":{\"@type\":\"ImageObject\",\"inLanguage\":\"fr-FR\",\"@id\":\"https:\\\/\\\/www.welovekeys.co.uk\\\/fr\\\/#\\\/schema\\\/logo\\\/image\\\/\",\"url\":\"https:\\\/\\\/www.welovekeys.co.uk\\\/wp-content\\\/uploads\\\/2017\\\/06\\\/WE.png\",\"contentUrl\":\"https:\\\/\\\/www.welovekeys.co.uk\\\/wp-content\\\/uploads\\\/2017\\\/06\\\/WE.png\",\"width\":348,\"height\":66,\"caption\":\"We Love Keys\"},\"image\":{\"@id\":\"https:\\\/\\\/www.welovekeys.co.uk\\\/fr\\\/#\\\/schema\\\/logo\\\/image\\\/\"}}]}<\/script>\n<!-- \/ Yoast SEO plugin. -->","yoast_head_json":{"title":"Je ne sais pas quelle cl\u00e9 Meroni choisir! - We Love Keys","robots":{"index":"index","follow":"follow","max-snippet":"max-snippet:-1","max-image-preview":"max-image-preview:large","max-video-preview":"max-video-preview:-1"},"canonical":"https:\/\/www.welovekeys.co.uk\/fr\/produit\/je-ne-sais-pas-quelle-cle-meroni-choisir\/","og_locale":"fr_FR","og_type":"article","og_title":"Je ne sais pas quelle cl\u00e9 Meroni choisir! - We Love Keys","og_description":"Si vous ne savez pas quelle cl\u00e9 choisir, nous vous aiderons \u00e0 la trouver! Utilisez notre formulaire (ci-dessous) et nous vous r\u00e9pondrons rapidement avec un co\u00fbt et un d\u00e9lai.   [caldera_form id=\"CF5c78098a5f994\"]","og_url":"https:\/\/www.welovekeys.co.uk\/fr\/produit\/je-ne-sais-pas-quelle-cle-meroni-choisir\/","og_site_name":"We Love Keys","article_modified_time":"2021-04-05T16:57:19+00:00","og_image":[{"width":405,"height":405,"url":"https:\/\/www.welovekeys.co.uk\/wp-content\/uploads\/2021\/03\/Meroni-Larger.gif","type":"image\/gif"}],"twitter_card":"summary_large_image","schema":{"@context":"https:\/\/schema.org","@graph":[{"@type":"WebPage","@id":"https:\/\/www.welovekeys.co.uk\/fr\/produit\/je-ne-sais-pas-quelle-cle-meroni-choisir\/","url":"https:\/\/www.welovekeys.co.uk\/fr\/produit\/je-ne-sais-pas-quelle-cle-meroni-choisir\/","name":"Je ne sais pas quelle cl\u00e9 Meroni choisir! - We Love Keys","isPartOf":{"@id":"https:\/\/www.welovekeys.co.uk\/fr\/#website"},"primaryImageOfPage":{"@id":"https:\/\/www.welovekeys.co.uk\/fr\/produit\/je-ne-sais-pas-quelle-cle-meroni-choisir\/#primaryimage"},"image":{"@id":"https:\/\/www.welovekeys.co.uk\/fr\/produit\/je-ne-sais-pas-quelle-cle-meroni-choisir\/#primaryimage"},"thumbnailUrl":"https:\/\/www.welovekeys.co.uk\/wp-content\/uploads\/2021\/03\/Meroni-Larger.gif","datePublished":"2021-03-28T15:54:36+00:00","dateModified":"2021-04-05T16:57:19+00:00","breadcrumb":{"@id":"https:\/\/www.welovekeys.co.uk\/fr\/produit\/je-ne-sais-pas-quelle-cle-meroni-choisir\/#breadcrumb"},"inLanguage":"fr-FR","potentialAction":[{"@type":"ReadAction","target":["https:\/\/www.welovekeys.co.uk\/fr\/produit\/je-ne-sais-pas-quelle-cle-meroni-choisir\/"]}]},{"@type":"ImageObject","inLanguage":"fr-FR","@id":"https:\/\/www.welovekeys.co.uk\/fr\/produit\/je-ne-sais-pas-quelle-cle-meroni-choisir\/#primaryimage","url":"https:\/\/www.welovekeys.co.uk\/wp-content\/uploads\/2021\/03\/Meroni-Larger.gif","contentUrl":"https:\/\/www.welovekeys.co.uk\/wp-content\/uploads\/2021\/03\/Meroni-Larger.gif","width":405,"height":405,"caption":"Meroni point d'interrogation"},{"@type":"BreadcrumbList","@id":"https:\/\/www.welovekeys.co.uk\/fr\/produit\/je-ne-sais-pas-quelle-cle-meroni-choisir\/#breadcrumb","itemListElement":[{"@type":"ListItem","position":1,"name":"Home","item":"https:\/\/www.welovekeys.co.uk\/fr\/"},{"@type":"ListItem","position":2,"name":"Boutique","item":"https:\/\/www.welovekeys.co.uk\/fr\/boutique\/"},{"@type":"ListItem","position":3,"name":"Je ne sais pas quelle cl\u00e9 Meroni choisir!"}]},{"@type":"WebSite","@id":"https:\/\/www.welovekeys.co.uk\/fr\/#website","url":"https:\/\/www.welovekeys.co.uk\/fr\/","name":"We Love Keys","description":"A marketplace for keys","publisher":{"@id":"https:\/\/www.welovekeys.co.uk\/fr\/#organization"},"potentialAction":[{"@type":"SearchAction","target":{"@type":"EntryPoint","urlTemplate":"https:\/\/www.welovekeys.co.uk\/fr\/?s={search_term_string}"},"query-input":{"@type":"PropertyValueSpecification","valueRequired":true,"valueName":"search_term_string"}}],"inLanguage":"fr-FR"},{"@type":"Organization","@id":"https:\/\/www.welovekeys.co.uk\/fr\/#organization","name":"We Love Keys","url":"https:\/\/www.welovekeys.co.uk\/fr\/","logo":{"@type":"ImageObject","inLanguage":"fr-FR","@id":"https:\/\/www.welovekeys.co.uk\/fr\/#\/schema\/logo\/image\/","url":"https:\/\/www.welovekeys.co.uk\/wp-content\/uploads\/2017\/06\/WE.png","contentUrl":"https:\/\/www.welovekeys.co.uk\/wp-content\/uploads\/2017\/06\/WE.png","width":348,"height":66,"caption":"We Love Keys"},"image":{"@id":"https:\/\/www.welovekeys.co.uk\/fr\/#\/schema\/logo\/image\/"}}]}},"_links":{"self":[{"href":"https:\/\/www.welovekeys.co.uk\/fr\/wp-json\/wp\/v2\/product\/8058","targetHints":{"allow":["GET"]}}],"collection":[{"href":"https:\/\/www.welovekeys.co.uk\/fr\/wp-json\/wp\/v2\/product"}],"about":[{"href":"https:\/\/www.welovekeys.co.uk\/fr\/wp-json\/wp\/v2\/types\/product"}],"wp:featuredmedia":[{"embeddable":true,"href":"https:\/\/www.welovekeys.co.uk\/fr\/wp-json\/wp\/v2\/media\/7964"}],"wp:attachment":[{"href":"https:\/\/www.welovekeys.co.uk\/fr\/wp-json\/wp\/v2\/media?parent=8058"}],"wp:term":[{"taxonomy":"product_brand","embeddable":true,"href":"https:\/\/www.welovekeys.co.uk\/fr\/wp-json\/wp\/v2\/product_brand?post=8058"},{"taxonomy":"product_cat","embeddable":true,"href":"https:\/\/www.welovekeys.co.uk\/fr\/wp-json\/wp\/v2\/product_cat?post=8058"},{"taxonomy":"product_tag","embeddable":true,"href":"https:\/\/www.welovekeys.co.uk\/fr\/wp-json\/wp\/v2\/product_tag?post=8058"}],"curies":[{"name":"wp","href":"https:\/\/api.w.org\/{rel}","templated":true}]}}