{"id":7372,"date":"2021-01-08T17:19:45","date_gmt":"2021-01-08T17:19:45","guid":{"rendered":"https:\/\/www.welovekeys.co.uk\/product\/cle-antivol-trelock\/"},"modified":"2021-04-24T13:40:06","modified_gmt":"2021-04-24T12:40:06","slug":"cle-antivol-trelock","status":"publish","type":"product","link":"https:\/\/www.welovekeys.co.uk\/fr\/produit\/cle-antivol-trelock\/","title":{"rendered":"Cl\u00e9 d&rsquo;antivol Trelock"},"content":{"rendered":"<p>Trelock est l&rsquo;une des principales marques mondiales de cadenas de v\u00e9lo. Nous pouvons copier la plupart des cl\u00e9s d&rsquo;antivol en un temps record, simplement \u00e0 partir d&rsquo;une photo d&rsquo;une cl\u00e9 existante. La plupart des cl\u00e9s ont un dessus en plastique noir rond et \u00e9pais avec une tige rectangulaire.<\/p>\n<p>T\u00e9l\u00e9chargez simplement une photo claire de votre cl\u00e9 Trelock, \u00e0 l&rsquo;aide de l&rsquo;outil de t\u00e9l\u00e9chargement d&rsquo;image ci-dessus, et nous ferons le reste. Chez We Love Keys, nous pouvons faire des copies tr\u00e8s rapidement.<\/p>\n<p><em><strong>La plupart des cl\u00e9s de remplacement Trelock pour antivols de v\u00e9lo sont exp\u00e9di\u00e9es le m\u00eame jour, si command\u00e9es un jour ouvrable avant 15 heures.<\/strong><\/em><\/p>\n<hr class=\"productPageFootnoteHr\">\n<div class=\"productPageAdditionalInfoDiv\">\n<h3>En savoir plus sur la fabrication de cl\u00e9s Trelock \u00e0 partir d\u2019une photo<\/h3>\n<p>Pour certains, cela peut sembler un peu fou, mais chez We Love Keys, nous pouvons copier de nombreuses cl\u00e9s \u00e0 partir de photos. Le r\u00e9sultat est aussi bon qu&rsquo;une cl\u00e9 qui vient directement de l&rsquo;usine principale Trelock, \u00e9vitant ainsi l&rsquo;inexactitude qui peut provenir de la duplication de cl\u00e9s dans une boutique.<\/p>\n<p>Un algorithme intelligent \u00e9value et mesure la photo que vous avez envoy\u00e9e et tranpose la photo sur une cl\u00e9 r\u00e9elle. Une machine \u00e9lectronique pr\u00e9cise fabrique alors la cl\u00e9.<\/p>\n<div class=\"trustpilotreviewDiv\">\n<p><img decoding=\"async\" src=\"https:\/\/www.welovekeys.co.uk\/wp-content\/uploads\/2021\/04\/trustpilot.png\" alt=\"Trustpilot Five Stars\" width=\"150\" class=\"alignnone size-full wp-image-8349\" \/><br \/><strong>\u00ab\u00a0G\u00e9nial de trouver une entreprise qui fabrique une cl\u00e9 de remplacement pour une ancienne serrure \u00e0 partir de quelques photos.\u00a0\u00bb<\/strong> &ndash; <a href=\"https:\/\/uk.trustpilot.com\/reviews\/5f46163402e8570814f9196b\" target=\"_blank\" rel=\"noopener\">Trustpilot<\/a><\/p>\n<\/div>\n<\/div>\n","protected":false},"excerpt":{"rendered":"<div id=\"discounttable\"><strong>2+ cl\u00e9s = 10% rabais<br \/>\n5+ cl\u00e9s = 16% rabais<br \/>\n10+ cl\u00e9s = 22% rabais<br \/>\n20+ cl\u00e9s = <a href=\"https:\/\/www.welovekeys.co.uk\/fr\/aide\/\" target=\"_blank\" rel=\"noopener noreferrer\">\u00e9crivez-nous<\/a><br \/>R\u00e9ductions appliqu\u00e9es dans le panier.<\/strong><\/div>\n","protected":false},"featured_media":7346,"template":"","meta":{"_et_pb_use_builder":"","_et_pb_old_content":"","_et_gb_content_width":""},"product_brand":[],"product_cat":[705,754,654,709],"product_tag":[],"class_list":{"0":"post-7372","1":"product","2":"type-product","3":"status-publish","4":"has-post-thumbnail","6":"product_cat-nos-produits","7":"product_cat-serpent","8":"product_cat-trelock-fr","9":"product_cat-velo","10":"product_shipping_class-large-letter-fr","12":"first","13":"instock","14":"taxable","15":"shipping-taxable","16":"purchasable","17":"product-type-simple"},"yoast_head":"<!-- This site is optimized with the Yoast SEO plugin v27.4 - https:\/\/yoast.com\/product\/yoast-seo-wordpress\/ -->\n<title>Cl\u00e9s d&#039;antivol Trelock fabriqu\u00e9es en ligne - We Love Keys<\/title>\n<meta name=\"description\" content=\"Commandez des cl\u00e9s Trelock pour votre antivol en ligne RAPIDEMENT avec We Love Keys! Exp\u00e9dition rapide, pas besoin de visiter un magasin!\" \/>\n<meta name=\"robots\" content=\"index, follow, max-snippet:-1, max-image-preview:large, max-video-preview:-1\" \/>\n<link rel=\"canonical\" href=\"https:\/\/www.welovekeys.co.uk\/fr\/produit\/cle-antivol-trelock\/\" \/>\n<meta property=\"og:locale\" content=\"fr_FR\" \/>\n<meta property=\"og:type\" content=\"article\" \/>\n<meta property=\"og:title\" content=\"Cl\u00e9s d&#039;antivol Trelock fabriqu\u00e9es en ligne - We Love Keys\" \/>\n<meta property=\"og:description\" content=\"Commandez des cl\u00e9s Trelock pour votre antivol en ligne RAPIDEMENT avec We Love Keys! Exp\u00e9dition rapide, pas besoin de visiter un magasin!\" \/>\n<meta property=\"og:url\" content=\"https:\/\/www.welovekeys.co.uk\/fr\/produit\/cle-antivol-trelock\/\" \/>\n<meta property=\"og:site_name\" content=\"We Love Keys\" \/>\n<meta property=\"article:modified_time\" content=\"2021-04-24T12:40:06+00:00\" \/>\n<meta property=\"og:image\" content=\"https:\/\/www.welovekeys.co.uk\/wp-content\/uploads\/2021\/01\/trelock-removebg-preview.png\" \/>\n\t<meta property=\"og:image:width\" content=\"337\" \/>\n\t<meta property=\"og:image:height\" content=\"337\" \/>\n\t<meta property=\"og:image:type\" content=\"image\/png\" \/>\n<meta name=\"twitter:card\" content=\"summary_large_image\" \/>\n<meta name=\"twitter:label1\" content=\"Dur\u00e9e de lecture estim\u00e9e\" \/>\n\t<meta name=\"twitter:data1\" content=\"1 minute\" \/>\n<script type=\"application\/ld+json\" class=\"yoast-schema-graph\">{\"@context\":\"https:\\\/\\\/schema.org\",\"@graph\":[{\"@type\":\"WebPage\",\"@id\":\"https:\\\/\\\/www.welovekeys.co.uk\\\/fr\\\/produit\\\/cle-antivol-trelock\\\/\",\"url\":\"https:\\\/\\\/www.welovekeys.co.uk\\\/fr\\\/produit\\\/cle-antivol-trelock\\\/\",\"name\":\"Cl\u00e9s d'antivol Trelock fabriqu\u00e9es en ligne - We Love Keys\",\"isPartOf\":{\"@id\":\"https:\\\/\\\/www.welovekeys.co.uk\\\/fr\\\/#website\"},\"primaryImageOfPage\":{\"@id\":\"https:\\\/\\\/www.welovekeys.co.uk\\\/fr\\\/produit\\\/cle-antivol-trelock\\\/#primaryimage\"},\"image\":{\"@id\":\"https:\\\/\\\/www.welovekeys.co.uk\\\/fr\\\/produit\\\/cle-antivol-trelock\\\/#primaryimage\"},\"thumbnailUrl\":\"https:\\\/\\\/www.welovekeys.co.uk\\\/wp-content\\\/uploads\\\/2021\\\/01\\\/trelock-removebg-preview.png\",\"datePublished\":\"2021-01-08T17:19:45+00:00\",\"dateModified\":\"2021-04-24T12:40:06+00:00\",\"description\":\"Commandez des cl\u00e9s Trelock pour votre antivol en ligne RAPIDEMENT avec We Love Keys! Exp\u00e9dition rapide, pas besoin de visiter un magasin!\",\"breadcrumb\":{\"@id\":\"https:\\\/\\\/www.welovekeys.co.uk\\\/fr\\\/produit\\\/cle-antivol-trelock\\\/#breadcrumb\"},\"inLanguage\":\"fr-FR\",\"potentialAction\":[{\"@type\":\"ReadAction\",\"target\":[\"https:\\\/\\\/www.welovekeys.co.uk\\\/fr\\\/produit\\\/cle-antivol-trelock\\\/\"]}]},{\"@type\":\"ImageObject\",\"inLanguage\":\"fr-FR\",\"@id\":\"https:\\\/\\\/www.welovekeys.co.uk\\\/fr\\\/produit\\\/cle-antivol-trelock\\\/#primaryimage\",\"url\":\"https:\\\/\\\/www.welovekeys.co.uk\\\/wp-content\\\/uploads\\\/2021\\\/01\\\/trelock-removebg-preview.png\",\"contentUrl\":\"https:\\\/\\\/www.welovekeys.co.uk\\\/wp-content\\\/uploads\\\/2021\\\/01\\\/trelock-removebg-preview.png\",\"width\":337,\"height\":337,\"caption\":\"Cl\u00e9 d'antivol Trelock\"},{\"@type\":\"BreadcrumbList\",\"@id\":\"https:\\\/\\\/www.welovekeys.co.uk\\\/fr\\\/produit\\\/cle-antivol-trelock\\\/#breadcrumb\",\"itemListElement\":[{\"@type\":\"ListItem\",\"position\":1,\"name\":\"Home\",\"item\":\"https:\\\/\\\/www.welovekeys.co.uk\\\/fr\\\/\"},{\"@type\":\"ListItem\",\"position\":2,\"name\":\"Boutique\",\"item\":\"https:\\\/\\\/www.welovekeys.co.uk\\\/fr\\\/boutique\\\/\"},{\"@type\":\"ListItem\",\"position\":3,\"name\":\"Cl\u00e9 d&#8217;antivol Trelock\"}]},{\"@type\":\"WebSite\",\"@id\":\"https:\\\/\\\/www.welovekeys.co.uk\\\/fr\\\/#website\",\"url\":\"https:\\\/\\\/www.welovekeys.co.uk\\\/fr\\\/\",\"name\":\"We Love Keys\",\"description\":\"A marketplace for keys\",\"publisher\":{\"@id\":\"https:\\\/\\\/www.welovekeys.co.uk\\\/fr\\\/#organization\"},\"potentialAction\":[{\"@type\":\"SearchAction\",\"target\":{\"@type\":\"EntryPoint\",\"urlTemplate\":\"https:\\\/\\\/www.welovekeys.co.uk\\\/fr\\\/?s={search_term_string}\"},\"query-input\":{\"@type\":\"PropertyValueSpecification\",\"valueRequired\":true,\"valueName\":\"search_term_string\"}}],\"inLanguage\":\"fr-FR\"},{\"@type\":\"Organization\",\"@id\":\"https:\\\/\\\/www.welovekeys.co.uk\\\/fr\\\/#organization\",\"name\":\"We Love Keys\",\"url\":\"https:\\\/\\\/www.welovekeys.co.uk\\\/fr\\\/\",\"logo\":{\"@type\":\"ImageObject\",\"inLanguage\":\"fr-FR\",\"@id\":\"https:\\\/\\\/www.welovekeys.co.uk\\\/fr\\\/#\\\/schema\\\/logo\\\/image\\\/\",\"url\":\"https:\\\/\\\/www.welovekeys.co.uk\\\/wp-content\\\/uploads\\\/2017\\\/06\\\/WE.png\",\"contentUrl\":\"https:\\\/\\\/www.welovekeys.co.uk\\\/wp-content\\\/uploads\\\/2017\\\/06\\\/WE.png\",\"width\":348,\"height\":66,\"caption\":\"We Love Keys\"},\"image\":{\"@id\":\"https:\\\/\\\/www.welovekeys.co.uk\\\/fr\\\/#\\\/schema\\\/logo\\\/image\\\/\"}}]}<\/script>\n<!-- \/ Yoast SEO plugin. -->","yoast_head_json":{"title":"Cl\u00e9s d'antivol Trelock fabriqu\u00e9es en ligne - We Love Keys","description":"Commandez des cl\u00e9s Trelock pour votre antivol en ligne RAPIDEMENT avec We Love Keys! Exp\u00e9dition rapide, pas besoin de visiter un magasin!","robots":{"index":"index","follow":"follow","max-snippet":"max-snippet:-1","max-image-preview":"max-image-preview:large","max-video-preview":"max-video-preview:-1"},"canonical":"https:\/\/www.welovekeys.co.uk\/fr\/produit\/cle-antivol-trelock\/","og_locale":"fr_FR","og_type":"article","og_title":"Cl\u00e9s d'antivol Trelock fabriqu\u00e9es en ligne - We Love Keys","og_description":"Commandez des cl\u00e9s Trelock pour votre antivol en ligne RAPIDEMENT avec We Love Keys! Exp\u00e9dition rapide, pas besoin de visiter un magasin!","og_url":"https:\/\/www.welovekeys.co.uk\/fr\/produit\/cle-antivol-trelock\/","og_site_name":"We Love Keys","article_modified_time":"2021-04-24T12:40:06+00:00","og_image":[{"width":337,"height":337,"url":"https:\/\/www.welovekeys.co.uk\/wp-content\/uploads\/2021\/01\/trelock-removebg-preview.png","type":"image\/png"}],"twitter_card":"summary_large_image","twitter_misc":{"Dur\u00e9e de lecture estim\u00e9e":"1 minute"},"schema":{"@context":"https:\/\/schema.org","@graph":[{"@type":"WebPage","@id":"https:\/\/www.welovekeys.co.uk\/fr\/produit\/cle-antivol-trelock\/","url":"https:\/\/www.welovekeys.co.uk\/fr\/produit\/cle-antivol-trelock\/","name":"Cl\u00e9s d'antivol Trelock fabriqu\u00e9es en ligne - We Love Keys","isPartOf":{"@id":"https:\/\/www.welovekeys.co.uk\/fr\/#website"},"primaryImageOfPage":{"@id":"https:\/\/www.welovekeys.co.uk\/fr\/produit\/cle-antivol-trelock\/#primaryimage"},"image":{"@id":"https:\/\/www.welovekeys.co.uk\/fr\/produit\/cle-antivol-trelock\/#primaryimage"},"thumbnailUrl":"https:\/\/www.welovekeys.co.uk\/wp-content\/uploads\/2021\/01\/trelock-removebg-preview.png","datePublished":"2021-01-08T17:19:45+00:00","dateModified":"2021-04-24T12:40:06+00:00","description":"Commandez des cl\u00e9s Trelock pour votre antivol en ligne RAPIDEMENT avec We Love Keys! Exp\u00e9dition rapide, pas besoin de visiter un magasin!","breadcrumb":{"@id":"https:\/\/www.welovekeys.co.uk\/fr\/produit\/cle-antivol-trelock\/#breadcrumb"},"inLanguage":"fr-FR","potentialAction":[{"@type":"ReadAction","target":["https:\/\/www.welovekeys.co.uk\/fr\/produit\/cle-antivol-trelock\/"]}]},{"@type":"ImageObject","inLanguage":"fr-FR","@id":"https:\/\/www.welovekeys.co.uk\/fr\/produit\/cle-antivol-trelock\/#primaryimage","url":"https:\/\/www.welovekeys.co.uk\/wp-content\/uploads\/2021\/01\/trelock-removebg-preview.png","contentUrl":"https:\/\/www.welovekeys.co.uk\/wp-content\/uploads\/2021\/01\/trelock-removebg-preview.png","width":337,"height":337,"caption":"Cl\u00e9 d'antivol Trelock"},{"@type":"BreadcrumbList","@id":"https:\/\/www.welovekeys.co.uk\/fr\/produit\/cle-antivol-trelock\/#breadcrumb","itemListElement":[{"@type":"ListItem","position":1,"name":"Home","item":"https:\/\/www.welovekeys.co.uk\/fr\/"},{"@type":"ListItem","position":2,"name":"Boutique","item":"https:\/\/www.welovekeys.co.uk\/fr\/boutique\/"},{"@type":"ListItem","position":3,"name":"Cl\u00e9 d&#8217;antivol Trelock"}]},{"@type":"WebSite","@id":"https:\/\/www.welovekeys.co.uk\/fr\/#website","url":"https:\/\/www.welovekeys.co.uk\/fr\/","name":"We Love Keys","description":"A marketplace for keys","publisher":{"@id":"https:\/\/www.welovekeys.co.uk\/fr\/#organization"},"potentialAction":[{"@type":"SearchAction","target":{"@type":"EntryPoint","urlTemplate":"https:\/\/www.welovekeys.co.uk\/fr\/?s={search_term_string}"},"query-input":{"@type":"PropertyValueSpecification","valueRequired":true,"valueName":"search_term_string"}}],"inLanguage":"fr-FR"},{"@type":"Organization","@id":"https:\/\/www.welovekeys.co.uk\/fr\/#organization","name":"We Love Keys","url":"https:\/\/www.welovekeys.co.uk\/fr\/","logo":{"@type":"ImageObject","inLanguage":"fr-FR","@id":"https:\/\/www.welovekeys.co.uk\/fr\/#\/schema\/logo\/image\/","url":"https:\/\/www.welovekeys.co.uk\/wp-content\/uploads\/2017\/06\/WE.png","contentUrl":"https:\/\/www.welovekeys.co.uk\/wp-content\/uploads\/2017\/06\/WE.png","width":348,"height":66,"caption":"We Love Keys"},"image":{"@id":"https:\/\/www.welovekeys.co.uk\/fr\/#\/schema\/logo\/image\/"}}]}},"_links":{"self":[{"href":"https:\/\/www.welovekeys.co.uk\/fr\/wp-json\/wp\/v2\/product\/7372","targetHints":{"allow":["GET"]}}],"collection":[{"href":"https:\/\/www.welovekeys.co.uk\/fr\/wp-json\/wp\/v2\/product"}],"about":[{"href":"https:\/\/www.welovekeys.co.uk\/fr\/wp-json\/wp\/v2\/types\/product"}],"wp:featuredmedia":[{"embeddable":true,"href":"https:\/\/www.welovekeys.co.uk\/fr\/wp-json\/wp\/v2\/media\/7346"}],"wp:attachment":[{"href":"https:\/\/www.welovekeys.co.uk\/fr\/wp-json\/wp\/v2\/media?parent=7372"}],"wp:term":[{"taxonomy":"product_brand","embeddable":true,"href":"https:\/\/www.welovekeys.co.uk\/fr\/wp-json\/wp\/v2\/product_brand?post=7372"},{"taxonomy":"product_cat","embeddable":true,"href":"https:\/\/www.welovekeys.co.uk\/fr\/wp-json\/wp\/v2\/product_cat?post=7372"},{"taxonomy":"product_tag","embeddable":true,"href":"https:\/\/www.welovekeys.co.uk\/fr\/wp-json\/wp\/v2\/product_tag?post=7372"}],"curies":[{"name":"wp","href":"https:\/\/api.w.org\/{rel}","templated":true}]}}