{"id":6822,"date":"2020-11-17T20:34:30","date_gmt":"2020-11-17T20:34:30","guid":{"rendered":"https:\/\/www.welovekeys.co.uk\/product\/cle-a-tube-lowe-fletcher-370001\/"},"modified":"2020-11-27T19:59:48","modified_gmt":"2020-11-27T19:59:48","slug":"cle-tubulaire-lowe-fletcher-370001","status":"publish","type":"product","link":"https:\/\/www.welovekeys.co.uk\/fr\/produit\/cle-tubulaire-lowe-fletcher-370001\/","title":{"rendered":"Cl\u00e9 tubulaire Lowe &#038; Fletcher 370001"},"content":{"rendered":"<p>La cl\u00e9 Lowe &#038; Fletcher (alias LF, L&#038;F ou Chicago) 370001 est courante dans le monde entier sur les interrupteurs, les ascenseurs, les bornes de stationnement, les distributeurs automatiques et dans de nombreux autres endroits.<\/p>\n<p>Cette cl\u00e9 en forme de tonneau est connue sous le nom de cl\u00e9 tubulaire. Le num\u00e9ro de code 370001 est normalement marqu\u00e9 sur la cl\u00e9 elle-m\u00eame, et souvent aussi sur le trou de la cl\u00e9.<\/p>\n<p>Chez We Love Keys, nous pouvons fabriquer cette cl\u00e9 en un temps record. S\u00e9lectionnez simplement la quantit\u00e9 dont vous avez besoin et nous ferons le reste!<\/p>\n<p><strong><em>Cette cl\u00e9 tubulaire L&#038;F est g\u00e9n\u00e9ralement exp\u00e9di\u00e9e le m\u00eame jour si elle est command\u00e9e avant 15 heures un jour ouvrable.<\/em><\/strong><\/p>\n","protected":false},"excerpt":{"rendered":"<div id=\"discounttable\"><strong>2+ cl\u00e9s = 10% rabais<br \/>\n5+ cl\u00e9s = 16% rabais<br \/>\n10+ cl\u00e9s = 22% rabais<br \/>\n20+ cl\u00e9s = <a href=\"https:\/\/www.welovekeys.co.uk\/fr\/aide\/\" target=\"_blank\" rel=\"noopener noreferrer\">\u00e9crivez-nous<\/a><br \/>R\u00e9ductions appliqu\u00e9es dans le panier.<\/strong><\/div>\n","protected":false},"featured_media":13821,"template":"","meta":{"_et_pb_use_builder":"","_et_pb_old_content":"","_et_gb_content_width":""},"product_brand":[],"product_cat":[719,175,525],"product_tag":[],"class_list":{"0":"post-6822","1":"product","2":"type-product","3":"status-publish","4":"has-post-thumbnail","6":"product_cat-autre","7":"product_cat-cles-tubulaires","8":"product_cat-lowe-fletcher-fr","9":"product_shipping_class-large-letter-fr","11":"first","12":"instock","13":"taxable","14":"shipping-taxable","15":"purchasable","16":"product-type-simple"},"yoast_head":"<!-- This site is optimized with the Yoast SEO plugin v27.4 - https:\/\/yoast.com\/product\/yoast-seo-wordpress\/ -->\n<title>Cl\u00e9 tubulaire Lowe &amp; Fletcher 370001 - We Love Keys<\/title>\n<meta name=\"description\" content=\"Commandez des cl\u00e9s tubulaires L&amp;F chez We Love Keys! Vous pouvez la commander sur cette page! Exp\u00e9dition rapide, prix bas.\" \/>\n<meta name=\"robots\" content=\"index, follow, max-snippet:-1, max-image-preview:large, max-video-preview:-1\" \/>\n<link rel=\"canonical\" href=\"https:\/\/www.welovekeys.co.uk\/fr\/produit\/cle-tubulaire-lowe-fletcher-370001\/\" \/>\n<meta property=\"og:locale\" content=\"fr_FR\" \/>\n<meta property=\"og:type\" content=\"article\" \/>\n<meta property=\"og:title\" content=\"Cl\u00e9 tubulaire Lowe &amp; Fletcher 370001 - We Love Keys\" \/>\n<meta property=\"og:description\" content=\"Commandez des cl\u00e9s tubulaires L&amp;F chez We Love Keys! Vous pouvez la commander sur cette page! Exp\u00e9dition rapide, prix bas.\" \/>\n<meta property=\"og:url\" content=\"https:\/\/www.welovekeys.co.uk\/fr\/produit\/cle-tubulaire-lowe-fletcher-370001\/\" \/>\n<meta property=\"og:site_name\" content=\"We Love Keys\" \/>\n<meta property=\"article:modified_time\" content=\"2020-11-27T19:59:48+00:00\" \/>\n<meta property=\"og:image\" content=\"https:\/\/www.welovekeys.co.uk\/wp-content\/uploads\/2022\/05\/CH9T-2.jpeg\" \/>\n\t<meta property=\"og:image:width\" content=\"600\" \/>\n\t<meta property=\"og:image:height\" content=\"600\" \/>\n\t<meta property=\"og:image:type\" content=\"image\/jpeg\" \/>\n<meta name=\"twitter:card\" content=\"summary_large_image\" \/>\n<meta name=\"twitter:label1\" content=\"Dur\u00e9e de lecture estim\u00e9e\" \/>\n\t<meta name=\"twitter:data1\" content=\"1 minute\" \/>\n<script type=\"application\/ld+json\" class=\"yoast-schema-graph\">{\"@context\":\"https:\\\/\\\/schema.org\",\"@graph\":[{\"@type\":\"WebPage\",\"@id\":\"https:\\\/\\\/www.welovekeys.co.uk\\\/fr\\\/produit\\\/cle-tubulaire-lowe-fletcher-370001\\\/\",\"url\":\"https:\\\/\\\/www.welovekeys.co.uk\\\/fr\\\/produit\\\/cle-tubulaire-lowe-fletcher-370001\\\/\",\"name\":\"Cl\u00e9 tubulaire Lowe & Fletcher 370001 - We Love Keys\",\"isPartOf\":{\"@id\":\"https:\\\/\\\/www.welovekeys.co.uk\\\/fr\\\/#website\"},\"primaryImageOfPage\":{\"@id\":\"https:\\\/\\\/www.welovekeys.co.uk\\\/fr\\\/produit\\\/cle-tubulaire-lowe-fletcher-370001\\\/#primaryimage\"},\"image\":{\"@id\":\"https:\\\/\\\/www.welovekeys.co.uk\\\/fr\\\/produit\\\/cle-tubulaire-lowe-fletcher-370001\\\/#primaryimage\"},\"thumbnailUrl\":\"https:\\\/\\\/www.welovekeys.co.uk\\\/wp-content\\\/uploads\\\/2022\\\/05\\\/CH9T-2.jpeg\",\"datePublished\":\"2020-11-17T20:34:30+00:00\",\"dateModified\":\"2020-11-27T19:59:48+00:00\",\"description\":\"Commandez des cl\u00e9s tubulaires L&F chez We Love Keys! Vous pouvez la commander sur cette page! Exp\u00e9dition rapide, prix bas.\",\"breadcrumb\":{\"@id\":\"https:\\\/\\\/www.welovekeys.co.uk\\\/fr\\\/produit\\\/cle-tubulaire-lowe-fletcher-370001\\\/#breadcrumb\"},\"inLanguage\":\"fr-FR\",\"potentialAction\":[{\"@type\":\"ReadAction\",\"target\":[\"https:\\\/\\\/www.welovekeys.co.uk\\\/fr\\\/produit\\\/cle-tubulaire-lowe-fletcher-370001\\\/\"]}]},{\"@type\":\"ImageObject\",\"inLanguage\":\"fr-FR\",\"@id\":\"https:\\\/\\\/www.welovekeys.co.uk\\\/fr\\\/produit\\\/cle-tubulaire-lowe-fletcher-370001\\\/#primaryimage\",\"url\":\"https:\\\/\\\/www.welovekeys.co.uk\\\/wp-content\\\/uploads\\\/2022\\\/05\\\/CH9T-2.jpeg\",\"contentUrl\":\"https:\\\/\\\/www.welovekeys.co.uk\\\/wp-content\\\/uploads\\\/2022\\\/05\\\/CH9T-2.jpeg\",\"width\":600,\"height\":600,\"caption\":\"Bulldog Tubular Key\"},{\"@type\":\"BreadcrumbList\",\"@id\":\"https:\\\/\\\/www.welovekeys.co.uk\\\/fr\\\/produit\\\/cle-tubulaire-lowe-fletcher-370001\\\/#breadcrumb\",\"itemListElement\":[{\"@type\":\"ListItem\",\"position\":1,\"name\":\"Home\",\"item\":\"https:\\\/\\\/www.welovekeys.co.uk\\\/fr\\\/\"},{\"@type\":\"ListItem\",\"position\":2,\"name\":\"Boutique\",\"item\":\"https:\\\/\\\/www.welovekeys.co.uk\\\/fr\\\/boutique\\\/\"},{\"@type\":\"ListItem\",\"position\":3,\"name\":\"Cl\u00e9 tubulaire Lowe &#038; Fletcher 370001\"}]},{\"@type\":\"WebSite\",\"@id\":\"https:\\\/\\\/www.welovekeys.co.uk\\\/fr\\\/#website\",\"url\":\"https:\\\/\\\/www.welovekeys.co.uk\\\/fr\\\/\",\"name\":\"We Love Keys\",\"description\":\"A marketplace for keys\",\"publisher\":{\"@id\":\"https:\\\/\\\/www.welovekeys.co.uk\\\/fr\\\/#organization\"},\"potentialAction\":[{\"@type\":\"SearchAction\",\"target\":{\"@type\":\"EntryPoint\",\"urlTemplate\":\"https:\\\/\\\/www.welovekeys.co.uk\\\/fr\\\/?s={search_term_string}\"},\"query-input\":{\"@type\":\"PropertyValueSpecification\",\"valueRequired\":true,\"valueName\":\"search_term_string\"}}],\"inLanguage\":\"fr-FR\"},{\"@type\":\"Organization\",\"@id\":\"https:\\\/\\\/www.welovekeys.co.uk\\\/fr\\\/#organization\",\"name\":\"We Love Keys\",\"url\":\"https:\\\/\\\/www.welovekeys.co.uk\\\/fr\\\/\",\"logo\":{\"@type\":\"ImageObject\",\"inLanguage\":\"fr-FR\",\"@id\":\"https:\\\/\\\/www.welovekeys.co.uk\\\/fr\\\/#\\\/schema\\\/logo\\\/image\\\/\",\"url\":\"https:\\\/\\\/www.welovekeys.co.uk\\\/wp-content\\\/uploads\\\/2017\\\/06\\\/WE.png\",\"contentUrl\":\"https:\\\/\\\/www.welovekeys.co.uk\\\/wp-content\\\/uploads\\\/2017\\\/06\\\/WE.png\",\"width\":348,\"height\":66,\"caption\":\"We Love Keys\"},\"image\":{\"@id\":\"https:\\\/\\\/www.welovekeys.co.uk\\\/fr\\\/#\\\/schema\\\/logo\\\/image\\\/\"}}]}<\/script>\n<!-- \/ Yoast SEO plugin. -->","yoast_head_json":{"title":"Cl\u00e9 tubulaire Lowe & Fletcher 370001 - We Love Keys","description":"Commandez des cl\u00e9s tubulaires L&F chez We Love Keys! Vous pouvez la commander sur cette page! Exp\u00e9dition rapide, prix bas.","robots":{"index":"index","follow":"follow","max-snippet":"max-snippet:-1","max-image-preview":"max-image-preview:large","max-video-preview":"max-video-preview:-1"},"canonical":"https:\/\/www.welovekeys.co.uk\/fr\/produit\/cle-tubulaire-lowe-fletcher-370001\/","og_locale":"fr_FR","og_type":"article","og_title":"Cl\u00e9 tubulaire Lowe & Fletcher 370001 - We Love Keys","og_description":"Commandez des cl\u00e9s tubulaires L&F chez We Love Keys! Vous pouvez la commander sur cette page! Exp\u00e9dition rapide, prix bas.","og_url":"https:\/\/www.welovekeys.co.uk\/fr\/produit\/cle-tubulaire-lowe-fletcher-370001\/","og_site_name":"We Love Keys","article_modified_time":"2020-11-27T19:59:48+00:00","og_image":[{"width":600,"height":600,"url":"https:\/\/www.welovekeys.co.uk\/wp-content\/uploads\/2022\/05\/CH9T-2.jpeg","type":"image\/jpeg"}],"twitter_card":"summary_large_image","twitter_misc":{"Dur\u00e9e de lecture estim\u00e9e":"1 minute"},"schema":{"@context":"https:\/\/schema.org","@graph":[{"@type":"WebPage","@id":"https:\/\/www.welovekeys.co.uk\/fr\/produit\/cle-tubulaire-lowe-fletcher-370001\/","url":"https:\/\/www.welovekeys.co.uk\/fr\/produit\/cle-tubulaire-lowe-fletcher-370001\/","name":"Cl\u00e9 tubulaire Lowe & Fletcher 370001 - We Love Keys","isPartOf":{"@id":"https:\/\/www.welovekeys.co.uk\/fr\/#website"},"primaryImageOfPage":{"@id":"https:\/\/www.welovekeys.co.uk\/fr\/produit\/cle-tubulaire-lowe-fletcher-370001\/#primaryimage"},"image":{"@id":"https:\/\/www.welovekeys.co.uk\/fr\/produit\/cle-tubulaire-lowe-fletcher-370001\/#primaryimage"},"thumbnailUrl":"https:\/\/www.welovekeys.co.uk\/wp-content\/uploads\/2022\/05\/CH9T-2.jpeg","datePublished":"2020-11-17T20:34:30+00:00","dateModified":"2020-11-27T19:59:48+00:00","description":"Commandez des cl\u00e9s tubulaires L&F chez We Love Keys! Vous pouvez la commander sur cette page! Exp\u00e9dition rapide, prix bas.","breadcrumb":{"@id":"https:\/\/www.welovekeys.co.uk\/fr\/produit\/cle-tubulaire-lowe-fletcher-370001\/#breadcrumb"},"inLanguage":"fr-FR","potentialAction":[{"@type":"ReadAction","target":["https:\/\/www.welovekeys.co.uk\/fr\/produit\/cle-tubulaire-lowe-fletcher-370001\/"]}]},{"@type":"ImageObject","inLanguage":"fr-FR","@id":"https:\/\/www.welovekeys.co.uk\/fr\/produit\/cle-tubulaire-lowe-fletcher-370001\/#primaryimage","url":"https:\/\/www.welovekeys.co.uk\/wp-content\/uploads\/2022\/05\/CH9T-2.jpeg","contentUrl":"https:\/\/www.welovekeys.co.uk\/wp-content\/uploads\/2022\/05\/CH9T-2.jpeg","width":600,"height":600,"caption":"Bulldog Tubular Key"},{"@type":"BreadcrumbList","@id":"https:\/\/www.welovekeys.co.uk\/fr\/produit\/cle-tubulaire-lowe-fletcher-370001\/#breadcrumb","itemListElement":[{"@type":"ListItem","position":1,"name":"Home","item":"https:\/\/www.welovekeys.co.uk\/fr\/"},{"@type":"ListItem","position":2,"name":"Boutique","item":"https:\/\/www.welovekeys.co.uk\/fr\/boutique\/"},{"@type":"ListItem","position":3,"name":"Cl\u00e9 tubulaire Lowe &#038; Fletcher 370001"}]},{"@type":"WebSite","@id":"https:\/\/www.welovekeys.co.uk\/fr\/#website","url":"https:\/\/www.welovekeys.co.uk\/fr\/","name":"We Love Keys","description":"A marketplace for keys","publisher":{"@id":"https:\/\/www.welovekeys.co.uk\/fr\/#organization"},"potentialAction":[{"@type":"SearchAction","target":{"@type":"EntryPoint","urlTemplate":"https:\/\/www.welovekeys.co.uk\/fr\/?s={search_term_string}"},"query-input":{"@type":"PropertyValueSpecification","valueRequired":true,"valueName":"search_term_string"}}],"inLanguage":"fr-FR"},{"@type":"Organization","@id":"https:\/\/www.welovekeys.co.uk\/fr\/#organization","name":"We Love Keys","url":"https:\/\/www.welovekeys.co.uk\/fr\/","logo":{"@type":"ImageObject","inLanguage":"fr-FR","@id":"https:\/\/www.welovekeys.co.uk\/fr\/#\/schema\/logo\/image\/","url":"https:\/\/www.welovekeys.co.uk\/wp-content\/uploads\/2017\/06\/WE.png","contentUrl":"https:\/\/www.welovekeys.co.uk\/wp-content\/uploads\/2017\/06\/WE.png","width":348,"height":66,"caption":"We Love Keys"},"image":{"@id":"https:\/\/www.welovekeys.co.uk\/fr\/#\/schema\/logo\/image\/"}}]}},"_links":{"self":[{"href":"https:\/\/www.welovekeys.co.uk\/fr\/wp-json\/wp\/v2\/product\/6822","targetHints":{"allow":["GET"]}}],"collection":[{"href":"https:\/\/www.welovekeys.co.uk\/fr\/wp-json\/wp\/v2\/product"}],"about":[{"href":"https:\/\/www.welovekeys.co.uk\/fr\/wp-json\/wp\/v2\/types\/product"}],"wp:featuredmedia":[{"embeddable":true,"href":"https:\/\/www.welovekeys.co.uk\/fr\/wp-json\/wp\/v2\/media\/13821"}],"wp:attachment":[{"href":"https:\/\/www.welovekeys.co.uk\/fr\/wp-json\/wp\/v2\/media?parent=6822"}],"wp:term":[{"taxonomy":"product_brand","embeddable":true,"href":"https:\/\/www.welovekeys.co.uk\/fr\/wp-json\/wp\/v2\/product_brand?post=6822"},{"taxonomy":"product_cat","embeddable":true,"href":"https:\/\/www.welovekeys.co.uk\/fr\/wp-json\/wp\/v2\/product_cat?post=6822"},{"taxonomy":"product_tag","embeddable":true,"href":"https:\/\/www.welovekeys.co.uk\/fr\/wp-json\/wp\/v2\/product_tag?post=6822"}],"curies":[{"name":"wp","href":"https:\/\/api.w.org\/{rel}","templated":true}]}}