{"id":5798,"date":"2019-07-24T11:00:32","date_gmt":"2019-07-24T11:00:32","guid":{"rendered":"https:\/\/www.welovekeys.co.uk\/product\/cle-camlock-606-cle-de-passe\/"},"modified":"2022-06-08T15:47:57","modified_gmt":"2022-06-08T14:47:57","slug":"cle-camlock-606-cle-de-passe","status":"publish","type":"product","link":"https:\/\/www.welovekeys.co.uk\/fr\/produit\/cle-camlock-606-cle-de-passe\/","title":{"rendered":"Cl\u00e9 Camlock 606 (cl\u00e9 de passe)"},"content":{"rendered":"<p>Cette cl\u00e9 d&rsquo;acc\u00e8s Camlock est couramment utilis\u00e9e dans les produits de mobilier de bureau fabriqu\u00e9s par Camlock Systems. Il ne convient qu&rsquo;aux serrures pass\u00e9es au code 606.<\/p>\n<blockquote>\n<p><strong>S\u00e9lectionnez simplement la quantit\u00e9 de cl\u00e9s dont vous avez besoin, et nous nous occuperons de votre commande!<\/strong><\/p>\n<\/blockquote>\n<p>(Si vous avez besoin de la cl\u00e9 de passe 550, <a href=\"https:\/\/www.welovekeys.co.uk\/fr\/produit\/cle-camlock-550-cle-de-passe\/\"><strong>cliquez ici<\/strong><\/a>. Pour toute autre cl\u00e9 Camlock, <a href=\"https:\/\/www.welovekeys.co.uk\/fr\/cles-camlock-systems\/\"><strong>cliquez ici<\/strong><\/a>.)<\/p>\n<p><strong><em>Envoi le jour m\u00eame si command\u00e9 avant 14 h un jour ouvrable.<\/em><\/strong><\/p>\n","protected":false},"excerpt":{"rendered":"<p>Cl\u00e9 de passe Camlock Systems, num\u00e9ro 606.<\/p>\n<div id=\"discounttable\"><strong>2+ cl\u00e9s = 10% rabais<br \/>\n5+ cl\u00e9s = 16% rabais<br \/>\n10+ cl\u00e9s = 22% rabais<br \/>\n20+ cl\u00e9s = <a href=\"https:\/\/www.welovekeys.co.uk\/fr\/aide\/\" target=\"_blank\" rel=\"noopener noreferrer\">\u00e9crivez-nous<\/a><br \/>R\u00e9ductions appliqu\u00e9es dans le panier.<\/strong><\/div>\n","protected":false},"featured_media":3155,"template":"","meta":{"_et_pb_use_builder":"","_et_pb_old_content":"","_et_gb_content_width":""},"product_brand":[],"product_cat":[184,742,715,750],"product_tag":[],"class_list":{"0":"post-5798","1":"product","2":"type-product","3":"status-publish","4":"has-post-thumbnail","6":"product_cat-cles-camlock","7":"product_cat-cles-standards","8":"product_cat-fourniture","9":"product_cat-one-side-fr","10":"product_shipping_class-env-fr","12":"first","13":"instock","14":"taxable","15":"shipping-taxable","16":"purchasable","17":"product-type-simple"},"yoast_head":"<!-- This site is optimized with the Yoast SEO plugin v27.4 - https:\/\/yoast.com\/product\/yoast-seo-wordpress\/ -->\n<title>Commandez la cl\u00e9 de passe Camlock Systems 606 en ligne<\/title>\n<meta name=\"description\" content=\"Cl\u00e9s de passe 606 de Camlock Systems fabriqu\u00e9es en ligne! Prix bas, d\u00e9lais de livraison rapides, excellent service client! Essayez We Love Keys aujourd&#039;hui.\" \/>\n<meta name=\"robots\" content=\"index, follow, max-snippet:-1, max-image-preview:large, max-video-preview:-1\" \/>\n<link rel=\"canonical\" href=\"https:\/\/www.welovekeys.co.uk\/fr\/produit\/cle-camlock-606-cle-de-passe\/\" \/>\n<meta property=\"og:locale\" content=\"fr_FR\" \/>\n<meta property=\"og:type\" content=\"article\" \/>\n<meta property=\"og:title\" content=\"Commandez la cl\u00e9 de passe Camlock Systems 606 en ligne\" \/>\n<meta property=\"og:description\" content=\"Cl\u00e9s de passe 606 de Camlock Systems fabriqu\u00e9es en ligne! Prix bas, d\u00e9lais de livraison rapides, excellent service client! Essayez We Love Keys aujourd&#039;hui.\" \/>\n<meta property=\"og:url\" content=\"https:\/\/www.welovekeys.co.uk\/fr\/produit\/cle-camlock-606-cle-de-passe\/\" \/>\n<meta property=\"og:site_name\" content=\"We Love Keys\" \/>\n<meta property=\"article:modified_time\" content=\"2022-06-08T14:47:57+00:00\" \/>\n<meta property=\"og:image\" content=\"https:\/\/www.welovekeys.co.uk\/wp-content\/uploads\/2019\/07\/606.jpg\" \/>\n\t<meta property=\"og:image:width\" content=\"480\" \/>\n\t<meta property=\"og:image:height\" content=\"480\" \/>\n\t<meta property=\"og:image:type\" content=\"image\/jpeg\" \/>\n<meta name=\"twitter:card\" content=\"summary_large_image\" \/>\n<script type=\"application\/ld+json\" class=\"yoast-schema-graph\">{\"@context\":\"https:\\\/\\\/schema.org\",\"@graph\":[{\"@type\":\"WebPage\",\"@id\":\"https:\\\/\\\/www.welovekeys.co.uk\\\/fr\\\/produit\\\/cle-camlock-606-cle-de-passe\\\/\",\"url\":\"https:\\\/\\\/www.welovekeys.co.uk\\\/fr\\\/produit\\\/cle-camlock-606-cle-de-passe\\\/\",\"name\":\"Commandez la cl\u00e9 de passe Camlock Systems 606 en ligne\",\"isPartOf\":{\"@id\":\"https:\\\/\\\/www.welovekeys.co.uk\\\/fr\\\/#website\"},\"primaryImageOfPage\":{\"@id\":\"https:\\\/\\\/www.welovekeys.co.uk\\\/fr\\\/produit\\\/cle-camlock-606-cle-de-passe\\\/#primaryimage\"},\"image\":{\"@id\":\"https:\\\/\\\/www.welovekeys.co.uk\\\/fr\\\/produit\\\/cle-camlock-606-cle-de-passe\\\/#primaryimage\"},\"thumbnailUrl\":\"https:\\\/\\\/www.welovekeys.co.uk\\\/wp-content\\\/uploads\\\/2019\\\/07\\\/606.jpg\",\"datePublished\":\"2019-07-24T11:00:32+00:00\",\"dateModified\":\"2022-06-08T14:47:57+00:00\",\"description\":\"Cl\u00e9s de passe 606 de Camlock Systems fabriqu\u00e9es en ligne! Prix bas, d\u00e9lais de livraison rapides, excellent service client! Essayez We Love Keys aujourd'hui.\",\"breadcrumb\":{\"@id\":\"https:\\\/\\\/www.welovekeys.co.uk\\\/fr\\\/produit\\\/cle-camlock-606-cle-de-passe\\\/#breadcrumb\"},\"inLanguage\":\"fr-FR\",\"potentialAction\":[{\"@type\":\"ReadAction\",\"target\":[\"https:\\\/\\\/www.welovekeys.co.uk\\\/fr\\\/produit\\\/cle-camlock-606-cle-de-passe\\\/\"]}]},{\"@type\":\"ImageObject\",\"inLanguage\":\"fr-FR\",\"@id\":\"https:\\\/\\\/www.welovekeys.co.uk\\\/fr\\\/produit\\\/cle-camlock-606-cle-de-passe\\\/#primaryimage\",\"url\":\"https:\\\/\\\/www.welovekeys.co.uk\\\/wp-content\\\/uploads\\\/2019\\\/07\\\/606.jpg\",\"contentUrl\":\"https:\\\/\\\/www.welovekeys.co.uk\\\/wp-content\\\/uploads\\\/2019\\\/07\\\/606.jpg\",\"width\":480,\"height\":480,\"caption\":\"Cl\u00e9 Camlock 606\"},{\"@type\":\"BreadcrumbList\",\"@id\":\"https:\\\/\\\/www.welovekeys.co.uk\\\/fr\\\/produit\\\/cle-camlock-606-cle-de-passe\\\/#breadcrumb\",\"itemListElement\":[{\"@type\":\"ListItem\",\"position\":1,\"name\":\"Home\",\"item\":\"https:\\\/\\\/www.welovekeys.co.uk\\\/fr\\\/\"},{\"@type\":\"ListItem\",\"position\":2,\"name\":\"Boutique\",\"item\":\"https:\\\/\\\/www.welovekeys.co.uk\\\/fr\\\/boutique\\\/\"},{\"@type\":\"ListItem\",\"position\":3,\"name\":\"Cl\u00e9 Camlock 606 (cl\u00e9 de passe)\"}]},{\"@type\":\"WebSite\",\"@id\":\"https:\\\/\\\/www.welovekeys.co.uk\\\/fr\\\/#website\",\"url\":\"https:\\\/\\\/www.welovekeys.co.uk\\\/fr\\\/\",\"name\":\"We Love Keys\",\"description\":\"A marketplace for keys\",\"publisher\":{\"@id\":\"https:\\\/\\\/www.welovekeys.co.uk\\\/fr\\\/#organization\"},\"potentialAction\":[{\"@type\":\"SearchAction\",\"target\":{\"@type\":\"EntryPoint\",\"urlTemplate\":\"https:\\\/\\\/www.welovekeys.co.uk\\\/fr\\\/?s={search_term_string}\"},\"query-input\":{\"@type\":\"PropertyValueSpecification\",\"valueRequired\":true,\"valueName\":\"search_term_string\"}}],\"inLanguage\":\"fr-FR\"},{\"@type\":\"Organization\",\"@id\":\"https:\\\/\\\/www.welovekeys.co.uk\\\/fr\\\/#organization\",\"name\":\"We Love Keys\",\"url\":\"https:\\\/\\\/www.welovekeys.co.uk\\\/fr\\\/\",\"logo\":{\"@type\":\"ImageObject\",\"inLanguage\":\"fr-FR\",\"@id\":\"https:\\\/\\\/www.welovekeys.co.uk\\\/fr\\\/#\\\/schema\\\/logo\\\/image\\\/\",\"url\":\"https:\\\/\\\/www.welovekeys.co.uk\\\/wp-content\\\/uploads\\\/2017\\\/06\\\/WE.png\",\"contentUrl\":\"https:\\\/\\\/www.welovekeys.co.uk\\\/wp-content\\\/uploads\\\/2017\\\/06\\\/WE.png\",\"width\":348,\"height\":66,\"caption\":\"We Love Keys\"},\"image\":{\"@id\":\"https:\\\/\\\/www.welovekeys.co.uk\\\/fr\\\/#\\\/schema\\\/logo\\\/image\\\/\"}}]}<\/script>\n<!-- \/ Yoast SEO plugin. -->","yoast_head_json":{"title":"Commandez la cl\u00e9 de passe Camlock Systems 606 en ligne","description":"Cl\u00e9s de passe 606 de Camlock Systems fabriqu\u00e9es en ligne! Prix bas, d\u00e9lais de livraison rapides, excellent service client! Essayez We Love Keys aujourd'hui.","robots":{"index":"index","follow":"follow","max-snippet":"max-snippet:-1","max-image-preview":"max-image-preview:large","max-video-preview":"max-video-preview:-1"},"canonical":"https:\/\/www.welovekeys.co.uk\/fr\/produit\/cle-camlock-606-cle-de-passe\/","og_locale":"fr_FR","og_type":"article","og_title":"Commandez la cl\u00e9 de passe Camlock Systems 606 en ligne","og_description":"Cl\u00e9s de passe 606 de Camlock Systems fabriqu\u00e9es en ligne! Prix bas, d\u00e9lais de livraison rapides, excellent service client! Essayez We Love Keys aujourd'hui.","og_url":"https:\/\/www.welovekeys.co.uk\/fr\/produit\/cle-camlock-606-cle-de-passe\/","og_site_name":"We Love Keys","article_modified_time":"2022-06-08T14:47:57+00:00","og_image":[{"width":480,"height":480,"url":"https:\/\/www.welovekeys.co.uk\/wp-content\/uploads\/2019\/07\/606.jpg","type":"image\/jpeg"}],"twitter_card":"summary_large_image","schema":{"@context":"https:\/\/schema.org","@graph":[{"@type":"WebPage","@id":"https:\/\/www.welovekeys.co.uk\/fr\/produit\/cle-camlock-606-cle-de-passe\/","url":"https:\/\/www.welovekeys.co.uk\/fr\/produit\/cle-camlock-606-cle-de-passe\/","name":"Commandez la cl\u00e9 de passe Camlock Systems 606 en ligne","isPartOf":{"@id":"https:\/\/www.welovekeys.co.uk\/fr\/#website"},"primaryImageOfPage":{"@id":"https:\/\/www.welovekeys.co.uk\/fr\/produit\/cle-camlock-606-cle-de-passe\/#primaryimage"},"image":{"@id":"https:\/\/www.welovekeys.co.uk\/fr\/produit\/cle-camlock-606-cle-de-passe\/#primaryimage"},"thumbnailUrl":"https:\/\/www.welovekeys.co.uk\/wp-content\/uploads\/2019\/07\/606.jpg","datePublished":"2019-07-24T11:00:32+00:00","dateModified":"2022-06-08T14:47:57+00:00","description":"Cl\u00e9s de passe 606 de Camlock Systems fabriqu\u00e9es en ligne! Prix bas, d\u00e9lais de livraison rapides, excellent service client! Essayez We Love Keys aujourd'hui.","breadcrumb":{"@id":"https:\/\/www.welovekeys.co.uk\/fr\/produit\/cle-camlock-606-cle-de-passe\/#breadcrumb"},"inLanguage":"fr-FR","potentialAction":[{"@type":"ReadAction","target":["https:\/\/www.welovekeys.co.uk\/fr\/produit\/cle-camlock-606-cle-de-passe\/"]}]},{"@type":"ImageObject","inLanguage":"fr-FR","@id":"https:\/\/www.welovekeys.co.uk\/fr\/produit\/cle-camlock-606-cle-de-passe\/#primaryimage","url":"https:\/\/www.welovekeys.co.uk\/wp-content\/uploads\/2019\/07\/606.jpg","contentUrl":"https:\/\/www.welovekeys.co.uk\/wp-content\/uploads\/2019\/07\/606.jpg","width":480,"height":480,"caption":"Cl\u00e9 Camlock 606"},{"@type":"BreadcrumbList","@id":"https:\/\/www.welovekeys.co.uk\/fr\/produit\/cle-camlock-606-cle-de-passe\/#breadcrumb","itemListElement":[{"@type":"ListItem","position":1,"name":"Home","item":"https:\/\/www.welovekeys.co.uk\/fr\/"},{"@type":"ListItem","position":2,"name":"Boutique","item":"https:\/\/www.welovekeys.co.uk\/fr\/boutique\/"},{"@type":"ListItem","position":3,"name":"Cl\u00e9 Camlock 606 (cl\u00e9 de passe)"}]},{"@type":"WebSite","@id":"https:\/\/www.welovekeys.co.uk\/fr\/#website","url":"https:\/\/www.welovekeys.co.uk\/fr\/","name":"We Love Keys","description":"A marketplace for keys","publisher":{"@id":"https:\/\/www.welovekeys.co.uk\/fr\/#organization"},"potentialAction":[{"@type":"SearchAction","target":{"@type":"EntryPoint","urlTemplate":"https:\/\/www.welovekeys.co.uk\/fr\/?s={search_term_string}"},"query-input":{"@type":"PropertyValueSpecification","valueRequired":true,"valueName":"search_term_string"}}],"inLanguage":"fr-FR"},{"@type":"Organization","@id":"https:\/\/www.welovekeys.co.uk\/fr\/#organization","name":"We Love Keys","url":"https:\/\/www.welovekeys.co.uk\/fr\/","logo":{"@type":"ImageObject","inLanguage":"fr-FR","@id":"https:\/\/www.welovekeys.co.uk\/fr\/#\/schema\/logo\/image\/","url":"https:\/\/www.welovekeys.co.uk\/wp-content\/uploads\/2017\/06\/WE.png","contentUrl":"https:\/\/www.welovekeys.co.uk\/wp-content\/uploads\/2017\/06\/WE.png","width":348,"height":66,"caption":"We Love Keys"},"image":{"@id":"https:\/\/www.welovekeys.co.uk\/fr\/#\/schema\/logo\/image\/"}}]}},"_links":{"self":[{"href":"https:\/\/www.welovekeys.co.uk\/fr\/wp-json\/wp\/v2\/product\/5798","targetHints":{"allow":["GET"]}}],"collection":[{"href":"https:\/\/www.welovekeys.co.uk\/fr\/wp-json\/wp\/v2\/product"}],"about":[{"href":"https:\/\/www.welovekeys.co.uk\/fr\/wp-json\/wp\/v2\/types\/product"}],"wp:featuredmedia":[{"embeddable":true,"href":"https:\/\/www.welovekeys.co.uk\/fr\/wp-json\/wp\/v2\/media\/3155"}],"wp:attachment":[{"href":"https:\/\/www.welovekeys.co.uk\/fr\/wp-json\/wp\/v2\/media?parent=5798"}],"wp:term":[{"taxonomy":"product_brand","embeddable":true,"href":"https:\/\/www.welovekeys.co.uk\/fr\/wp-json\/wp\/v2\/product_brand?post=5798"},{"taxonomy":"product_cat","embeddable":true,"href":"https:\/\/www.welovekeys.co.uk\/fr\/wp-json\/wp\/v2\/product_cat?post=5798"},{"taxonomy":"product_tag","embeddable":true,"href":"https:\/\/www.welovekeys.co.uk\/fr\/wp-json\/wp\/v2\/product_tag?post=5798"}],"curies":[{"name":"wp","href":"https:\/\/api.w.org\/{rel}","templated":true}]}}