{"id":5319,"date":"2020-05-26T13:34:52","date_gmt":"2020-05-26T13:34:52","guid":{"rendered":"https:\/\/www.welovekeys.co.uk\/product\/cle-dantivol-axa\/"},"modified":"2021-04-24T13:39:15","modified_gmt":"2021-04-24T12:39:15","slug":"cle-dantivol-axa","status":"publish","type":"product","link":"https:\/\/www.welovekeys.co.uk\/fr\/produit\/cle-dantivol-axa\/","title":{"rendered":"Cl\u00e9 d&rsquo;antivol AXA"},"content":{"rendered":"<p>AXA est une marque n\u00e9erlandaise de serrures pour v\u00e9los. Chez We Love Keys, nous pouvons fournir des cl\u00e9s AXA de remplacement pour vos antivols.<\/p>\n<p>Certains produits AXA ont des touches avec des d\u00e9coupes sur les deux c\u00f4t\u00e9s, tandis que d&rsquo;autres ont une piste laser grav\u00e9e au milieu (voir photos ci-dessus). Nous pouvons faire l&rsquo;un ou l&rsquo;autre de ces articles pour vous.<\/p>\n<p>Il existe diff\u00e9rents types de cl\u00e9s AXA, et nous pouvons tous les faire \u00e0 partir d&rsquo;une photo. Envoyez-nous simplement une photo de votre cl\u00e9 \u00e0 l&rsquo;aide de l&rsquo;outil de t\u00e9l\u00e9chargement de photos ci-dessus, et nous fabriquerons votre cl\u00e9 AXA pour vous.<\/p>\n<p><em><strong>Envoi le jour m\u00eame sur les cl\u00e9s AXA command\u00e9es avant 14h un jour ouvrable.<\/strong><\/em><\/p>\n<p>Voici quelques-uns des mod\u00e8les pour lesquels nous pouvons cr\u00e9er des cl\u00e9s: AXA Defender, AXA Newton, AXA Resolute, AXA Fold, AXA Procarat, AXA Clinch+, AXA Absolute, AXA Victory, AXA Click<\/p>\n<hr class=\"productPageFootnoteHr\">\n<div class=\"productPageAdditionalInfoDiv\">\n<h3>En savoir plus sur la fabrication de cl\u00e9s AXA \u00e0 partir d\u2019une photo<\/h3>\n<p>Pour certains, cela peut sembler un peu fou, mais chez We Love Keys, nous pouvons copier de nombreuses cl\u00e9s \u00e0 partir de photos. Le r\u00e9sultat est aussi bon qu&rsquo;une cl\u00e9 qui vient directement de l&rsquo;usine principale AXA, \u00e9vitant ainsi l&rsquo;inexactitude qui peut provenir de la duplication de cl\u00e9s dans une boutique.<\/p>\n<p>Un algorithme intelligent \u00e9value et mesure la photo que vous avez envoy\u00e9e et tranpose la photo sur une cl\u00e9 r\u00e9elle. Une machine \u00e9lectronique pr\u00e9cise fabrique alors la cl\u00e9.<\/p>\n<div class=\"trustpilotreviewDiv\">\n<p><img decoding=\"async\" src=\"https:\/\/www.welovekeys.co.uk\/wp-content\/uploads\/2021\/04\/trustpilot.png\" alt=\"Trustpilot Five Stars\" width=\"150\" class=\"alignnone size-full wp-image-8349\" \/><br \/><strong>\u00ab\u00a0G\u00e9nial de trouver une entreprise qui fabrique une cl\u00e9 de remplacement pour une ancienne serrure \u00e0 partir de quelques photos.\u00a0\u00bb<\/strong> &ndash; <a href=\"https:\/\/uk.trustpilot.com\/reviews\/5f46163402e8570814f9196b\" target=\"_blank\" rel=\"noopener\">Trustpilot<\/a><\/p>\n<\/div>\n<\/div>\n","protected":false},"excerpt":{"rendered":"<p>Cl\u00e9 de rechange AXA pour antivol de v\u00e9lo.<\/p>\n<div id=\"discounttable\"><strong>2+ cl\u00e9s = 10% rabais<br \/>\n5+ cl\u00e9s = 16% rabais<br \/>\n10+ cl\u00e9s = 22% rabais<br \/>\n20+ cl\u00e9s = <a href=\"https:\/\/www.welovekeys.co.uk\/fr\/aide\/\" target=\"_blank\" rel=\"noopener noreferrer\">\u00e9crivez-nous<\/a><br \/>R\u00e9ductions appliqu\u00e9es dans le panier.<\/strong><\/div>\n","protected":false},"featured_media":5278,"template":"","meta":{"_et_pb_use_builder":"","_et_pb_old_content":"","_et_gb_content_width":""},"product_brand":[],"product_cat":[392,742,746,705,754,709],"product_tag":[],"class_list":{"0":"post-5319","1":"product","2":"type-product","3":"status-publish","4":"has-post-thumbnail","6":"product_cat-axa-fr","7":"product_cat-cles-standards","8":"product_cat-double-sided-fr","9":"product_cat-nos-produits","10":"product_cat-serpent","11":"product_cat-velo","12":"product_shipping_class-large-letter-fr","14":"first","15":"instock","16":"taxable","17":"shipping-taxable","18":"purchasable","19":"product-type-simple"},"yoast_head":"<!-- This site is optimized with the Yoast SEO plugin v27.1.1 - https:\/\/yoast.com\/product\/yoast-seo-wordpress\/ -->\n<title>Cl\u00e9s AXA fabriqu\u00e9es en ligne RAPIDEMENT - We Love Keys<\/title>\n<meta name=\"description\" content=\"Commandez les cl\u00e9s d&#039;antivol AXA en ligne chez We Love Keys. Service rapide, excellents prix, super service. Commandez votre cl\u00e9 sur notre site Internet.\" \/>\n<meta name=\"robots\" content=\"index, follow, max-snippet:-1, max-image-preview:large, max-video-preview:-1\" \/>\n<link rel=\"canonical\" href=\"https:\/\/www.welovekeys.co.uk\/fr\/produit\/cle-dantivol-axa\/\" \/>\n<meta property=\"og:locale\" content=\"fr_FR\" \/>\n<meta property=\"og:type\" content=\"article\" \/>\n<meta property=\"og:title\" content=\"Cl\u00e9s AXA fabriqu\u00e9es en ligne RAPIDEMENT - We Love Keys\" \/>\n<meta property=\"og:description\" content=\"Commandez les cl\u00e9s d&#039;antivol AXA en ligne chez We Love Keys. Service rapide, excellents prix, super service. Commandez votre cl\u00e9 sur notre site Internet.\" \/>\n<meta property=\"og:url\" content=\"https:\/\/www.welovekeys.co.uk\/fr\/produit\/cle-dantivol-axa\/\" \/>\n<meta property=\"og:site_name\" content=\"We Love Keys\" \/>\n<meta property=\"article:modified_time\" content=\"2021-04-24T12:39:15+00:00\" \/>\n<meta property=\"og:image\" content=\"https:\/\/www.welovekeys.co.uk\/wp-content\/uploads\/2020\/05\/AXA-Side-cut.jpg\" \/>\n\t<meta property=\"og:image:width\" content=\"600\" \/>\n\t<meta property=\"og:image:height\" content=\"600\" \/>\n\t<meta property=\"og:image:type\" content=\"image\/jpeg\" \/>\n<meta name=\"twitter:card\" content=\"summary_large_image\" \/>\n<meta name=\"twitter:label1\" content=\"Dur\u00e9e de lecture estim\u00e9e\" \/>\n\t<meta name=\"twitter:data1\" content=\"1 minute\" \/>\n<script type=\"application\/ld+json\" class=\"yoast-schema-graph\">{\"@context\":\"https:\/\/schema.org\",\"@graph\":[{\"@type\":\"WebPage\",\"@id\":\"https:\/\/www.welovekeys.co.uk\/fr\/produit\/cle-dantivol-axa\/\",\"url\":\"https:\/\/www.welovekeys.co.uk\/fr\/produit\/cle-dantivol-axa\/\",\"name\":\"Cl\u00e9s AXA fabriqu\u00e9es en ligne RAPIDEMENT - We Love Keys\",\"isPartOf\":{\"@id\":\"https:\/\/www.welovekeys.co.uk\/fr\/#website\"},\"primaryImageOfPage\":{\"@id\":\"https:\/\/www.welovekeys.co.uk\/fr\/produit\/cle-dantivol-axa\/#primaryimage\"},\"image\":{\"@id\":\"https:\/\/www.welovekeys.co.uk\/fr\/produit\/cle-dantivol-axa\/#primaryimage\"},\"thumbnailUrl\":\"https:\/\/www.welovekeys.co.uk\/wp-content\/uploads\/2020\/05\/AXA-Side-cut.jpg\",\"datePublished\":\"2020-05-26T13:34:52+00:00\",\"dateModified\":\"2021-04-24T12:39:15+00:00\",\"description\":\"Commandez les cl\u00e9s d'antivol AXA en ligne chez We Love Keys. Service rapide, excellents prix, super service. Commandez votre cl\u00e9 sur notre site Internet.\",\"breadcrumb\":{\"@id\":\"https:\/\/www.welovekeys.co.uk\/fr\/produit\/cle-dantivol-axa\/#breadcrumb\"},\"inLanguage\":\"fr-FR\",\"potentialAction\":[{\"@type\":\"ReadAction\",\"target\":[\"https:\/\/www.welovekeys.co.uk\/fr\/produit\/cle-dantivol-axa\/\"]}]},{\"@type\":\"ImageObject\",\"inLanguage\":\"fr-FR\",\"@id\":\"https:\/\/www.welovekeys.co.uk\/fr\/produit\/cle-dantivol-axa\/#primaryimage\",\"url\":\"https:\/\/www.welovekeys.co.uk\/wp-content\/uploads\/2020\/05\/AXA-Side-cut.jpg\",\"contentUrl\":\"https:\/\/www.welovekeys.co.uk\/wp-content\/uploads\/2020\/05\/AXA-Side-cut.jpg\",\"width\":600,\"height\":600,\"caption\":\"Cl\u00e9 AXA\"},{\"@type\":\"BreadcrumbList\",\"@id\":\"https:\/\/www.welovekeys.co.uk\/fr\/produit\/cle-dantivol-axa\/#breadcrumb\",\"itemListElement\":[{\"@type\":\"ListItem\",\"position\":1,\"name\":\"Home\",\"item\":\"https:\/\/www.welovekeys.co.uk\/fr\/\"},{\"@type\":\"ListItem\",\"position\":2,\"name\":\"Boutique\",\"item\":\"https:\/\/www.welovekeys.co.uk\/fr\/boutique\/\"},{\"@type\":\"ListItem\",\"position\":3,\"name\":\"Cl\u00e9 d&#8217;antivol AXA\"}]},{\"@type\":\"WebSite\",\"@id\":\"https:\/\/www.welovekeys.co.uk\/fr\/#website\",\"url\":\"https:\/\/www.welovekeys.co.uk\/fr\/\",\"name\":\"We Love Keys\",\"description\":\"A marketplace for keys\",\"publisher\":{\"@id\":\"https:\/\/www.welovekeys.co.uk\/fr\/#organization\"},\"potentialAction\":[{\"@type\":\"SearchAction\",\"target\":{\"@type\":\"EntryPoint\",\"urlTemplate\":\"https:\/\/www.welovekeys.co.uk\/fr\/?s={search_term_string}\"},\"query-input\":{\"@type\":\"PropertyValueSpecification\",\"valueRequired\":true,\"valueName\":\"search_term_string\"}}],\"inLanguage\":\"fr-FR\"},{\"@type\":\"Organization\",\"@id\":\"https:\/\/www.welovekeys.co.uk\/fr\/#organization\",\"name\":\"We Love Keys\",\"url\":\"https:\/\/www.welovekeys.co.uk\/fr\/\",\"logo\":{\"@type\":\"ImageObject\",\"inLanguage\":\"fr-FR\",\"@id\":\"https:\/\/www.welovekeys.co.uk\/fr\/#\/schema\/logo\/image\/\",\"url\":\"https:\/\/www.welovekeys.co.uk\/wp-content\/uploads\/2017\/06\/WE.png\",\"contentUrl\":\"https:\/\/www.welovekeys.co.uk\/wp-content\/uploads\/2017\/06\/WE.png\",\"width\":348,\"height\":66,\"caption\":\"We Love Keys\"},\"image\":{\"@id\":\"https:\/\/www.welovekeys.co.uk\/fr\/#\/schema\/logo\/image\/\"}}]}<\/script>\n<!-- \/ Yoast SEO plugin. -->","yoast_head_json":{"title":"Cl\u00e9s AXA fabriqu\u00e9es en ligne RAPIDEMENT - We Love Keys","description":"Commandez les cl\u00e9s d'antivol AXA en ligne chez We Love Keys. Service rapide, excellents prix, super service. Commandez votre cl\u00e9 sur notre site Internet.","robots":{"index":"index","follow":"follow","max-snippet":"max-snippet:-1","max-image-preview":"max-image-preview:large","max-video-preview":"max-video-preview:-1"},"canonical":"https:\/\/www.welovekeys.co.uk\/fr\/produit\/cle-dantivol-axa\/","og_locale":"fr_FR","og_type":"article","og_title":"Cl\u00e9s AXA fabriqu\u00e9es en ligne RAPIDEMENT - We Love Keys","og_description":"Commandez les cl\u00e9s d'antivol AXA en ligne chez We Love Keys. Service rapide, excellents prix, super service. Commandez votre cl\u00e9 sur notre site Internet.","og_url":"https:\/\/www.welovekeys.co.uk\/fr\/produit\/cle-dantivol-axa\/","og_site_name":"We Love Keys","article_modified_time":"2021-04-24T12:39:15+00:00","og_image":[{"width":600,"height":600,"url":"https:\/\/www.welovekeys.co.uk\/wp-content\/uploads\/2020\/05\/AXA-Side-cut.jpg","type":"image\/jpeg"}],"twitter_card":"summary_large_image","twitter_misc":{"Dur\u00e9e de lecture estim\u00e9e":"1 minute"},"schema":{"@context":"https:\/\/schema.org","@graph":[{"@type":"WebPage","@id":"https:\/\/www.welovekeys.co.uk\/fr\/produit\/cle-dantivol-axa\/","url":"https:\/\/www.welovekeys.co.uk\/fr\/produit\/cle-dantivol-axa\/","name":"Cl\u00e9s AXA fabriqu\u00e9es en ligne RAPIDEMENT - We Love Keys","isPartOf":{"@id":"https:\/\/www.welovekeys.co.uk\/fr\/#website"},"primaryImageOfPage":{"@id":"https:\/\/www.welovekeys.co.uk\/fr\/produit\/cle-dantivol-axa\/#primaryimage"},"image":{"@id":"https:\/\/www.welovekeys.co.uk\/fr\/produit\/cle-dantivol-axa\/#primaryimage"},"thumbnailUrl":"https:\/\/www.welovekeys.co.uk\/wp-content\/uploads\/2020\/05\/AXA-Side-cut.jpg","datePublished":"2020-05-26T13:34:52+00:00","dateModified":"2021-04-24T12:39:15+00:00","description":"Commandez les cl\u00e9s d'antivol AXA en ligne chez We Love Keys. Service rapide, excellents prix, super service. Commandez votre cl\u00e9 sur notre site Internet.","breadcrumb":{"@id":"https:\/\/www.welovekeys.co.uk\/fr\/produit\/cle-dantivol-axa\/#breadcrumb"},"inLanguage":"fr-FR","potentialAction":[{"@type":"ReadAction","target":["https:\/\/www.welovekeys.co.uk\/fr\/produit\/cle-dantivol-axa\/"]}]},{"@type":"ImageObject","inLanguage":"fr-FR","@id":"https:\/\/www.welovekeys.co.uk\/fr\/produit\/cle-dantivol-axa\/#primaryimage","url":"https:\/\/www.welovekeys.co.uk\/wp-content\/uploads\/2020\/05\/AXA-Side-cut.jpg","contentUrl":"https:\/\/www.welovekeys.co.uk\/wp-content\/uploads\/2020\/05\/AXA-Side-cut.jpg","width":600,"height":600,"caption":"Cl\u00e9 AXA"},{"@type":"BreadcrumbList","@id":"https:\/\/www.welovekeys.co.uk\/fr\/produit\/cle-dantivol-axa\/#breadcrumb","itemListElement":[{"@type":"ListItem","position":1,"name":"Home","item":"https:\/\/www.welovekeys.co.uk\/fr\/"},{"@type":"ListItem","position":2,"name":"Boutique","item":"https:\/\/www.welovekeys.co.uk\/fr\/boutique\/"},{"@type":"ListItem","position":3,"name":"Cl\u00e9 d&#8217;antivol AXA"}]},{"@type":"WebSite","@id":"https:\/\/www.welovekeys.co.uk\/fr\/#website","url":"https:\/\/www.welovekeys.co.uk\/fr\/","name":"We Love Keys","description":"A marketplace for keys","publisher":{"@id":"https:\/\/www.welovekeys.co.uk\/fr\/#organization"},"potentialAction":[{"@type":"SearchAction","target":{"@type":"EntryPoint","urlTemplate":"https:\/\/www.welovekeys.co.uk\/fr\/?s={search_term_string}"},"query-input":{"@type":"PropertyValueSpecification","valueRequired":true,"valueName":"search_term_string"}}],"inLanguage":"fr-FR"},{"@type":"Organization","@id":"https:\/\/www.welovekeys.co.uk\/fr\/#organization","name":"We Love Keys","url":"https:\/\/www.welovekeys.co.uk\/fr\/","logo":{"@type":"ImageObject","inLanguage":"fr-FR","@id":"https:\/\/www.welovekeys.co.uk\/fr\/#\/schema\/logo\/image\/","url":"https:\/\/www.welovekeys.co.uk\/wp-content\/uploads\/2017\/06\/WE.png","contentUrl":"https:\/\/www.welovekeys.co.uk\/wp-content\/uploads\/2017\/06\/WE.png","width":348,"height":66,"caption":"We Love Keys"},"image":{"@id":"https:\/\/www.welovekeys.co.uk\/fr\/#\/schema\/logo\/image\/"}}]}},"_links":{"self":[{"href":"https:\/\/www.welovekeys.co.uk\/fr\/wp-json\/wp\/v2\/product\/5319","targetHints":{"allow":["GET"]}}],"collection":[{"href":"https:\/\/www.welovekeys.co.uk\/fr\/wp-json\/wp\/v2\/product"}],"about":[{"href":"https:\/\/www.welovekeys.co.uk\/fr\/wp-json\/wp\/v2\/types\/product"}],"wp:featuredmedia":[{"embeddable":true,"href":"https:\/\/www.welovekeys.co.uk\/fr\/wp-json\/wp\/v2\/media\/5278"}],"wp:attachment":[{"href":"https:\/\/www.welovekeys.co.uk\/fr\/wp-json\/wp\/v2\/media?parent=5319"}],"wp:term":[{"taxonomy":"product_brand","embeddable":true,"href":"https:\/\/www.welovekeys.co.uk\/fr\/wp-json\/wp\/v2\/product_brand?post=5319"},{"taxonomy":"product_cat","embeddable":true,"href":"https:\/\/www.welovekeys.co.uk\/fr\/wp-json\/wp\/v2\/product_cat?post=5319"},{"taxonomy":"product_tag","embeddable":true,"href":"https:\/\/www.welovekeys.co.uk\/fr\/wp-json\/wp\/v2\/product_tag?post=5319"}],"curies":[{"name":"wp","href":"https:\/\/api.w.org\/{rel}","templated":true}]}}