{"id":3867,"date":"2019-11-20T10:41:38","date_gmt":"2019-11-20T10:41:39","guid":{"rendered":"https:\/\/www.welovekeys.co.uk\/?post_type=product&#038;p=3867"},"modified":"2021-01-07T15:16:56","modified_gmt":"2021-01-07T15:16:56","slug":"cle-sh10-pour-ascenseurs-dom-et-otis","status":"publish","type":"product","link":"https:\/\/www.welovekeys.co.uk\/fr\/produit\/cle-sh10-pour-ascenseurs-dom-et-otis\/","title":{"rendered":"Cl\u00e9 SH10 pour ascenseurs DOM et Otis"},"content":{"rendered":"<p>Les cl\u00e9s SH10 (\u00e9galement marqu\u00e9es SH 10) permettent d&rsquo;actionner de nombreuses serrures et commutateurs d&rsquo;ascenseurs, notamment ceux fabriqu\u00e9s par DOM et Otis. Le num\u00e9ro d&rsquo;article du fabricant est FAA194F10.<\/p>\n<p>Chez We Love Keys, nous pouvons fabriquer des cl\u00e9s d&rsquo;ascenseur DOM de remplacement en un temps record. S\u00e9lectionnez simplement la quantit\u00e9 de cl\u00e9s d&rsquo;ascenseur SH10 dont vous avez besoin ci-dessus et nous ferons le reste!<\/p>\n<p><em><strong>Envoi le jour m\u00eame si command\u00e9 avant 14 heures un jour ouvrable.<\/strong><\/em><\/p>\n<p><a href=\"https:\/\/www.welovekeys.co.uk\/fr\/cles-dom-pour-les-ascenseurs-otis\/\"><strong>Cliquez ici<\/strong><\/a> pour voir notre gamme compl\u00e8te de cl\u00e9s d&rsquo;ascenseur DOM.<\/p>\n","protected":false},"excerpt":{"rendered":"<p>Cl\u00e9 SH10 pour ascenseur, no. d&rsquo;article FAA194F10.<\/p>\n<div id=\"discounttable\"><strong>2+ cl\u00e9s = 10% rabais<br \/>\n5+ cl\u00e9s = 16% rabais<br \/>\n10+ cl\u00e9s = 22% rabais<br \/>\n20+ cl\u00e9s = <a href=\"https:\/\/www.welovekeys.co.uk\/fr\/aide\/\" target=\"_blank\" rel=\"noopener noreferrer\">\u00e9crivez-nous<\/a><br \/>R\u00e9ductions appliqu\u00e9es dans le panier.<\/strong><\/div>\n","protected":false},"featured_media":9619,"template":"","meta":{"_et_pb_use_builder":"","_et_pb_old_content":"","_et_gb_content_width":""},"product_brand":[],"product_cat":[717,164,94],"product_tag":[],"class_list":{"0":"post-3867","1":"product","2":"type-product","3":"status-publish","4":"has-post-thumbnail","6":"product_cat-ascenseur","7":"product_cat-cles-dom","8":"product_cat-cles-fossette","9":"product_shipping_class-env-fr","11":"first","12":"instock","13":"taxable","14":"shipping-taxable","15":"purchasable","16":"product-type-simple"},"yoast_head":"<!-- This site is optimized with the Yoast SEO plugin v27.4 - https:\/\/yoast.com\/product\/yoast-seo-wordpress\/ -->\n<title>Cl\u00e9 SH10 pour ascenseurs DOM et Otis - We Love Keys<\/title>\n<meta name=\"description\" content=\"Commandez vos cl\u00e9s d&#039;ascenseur SH10 aujourd&#039;hui avec We Love Keys! Convient aux ascenseurs DOM et Otis. Prix bas, d\u00e9lais d&#039;ex\u00e9cution rapides.\" \/>\n<meta name=\"robots\" content=\"index, follow, max-snippet:-1, max-image-preview:large, max-video-preview:-1\" \/>\n<link rel=\"canonical\" href=\"https:\/\/www.welovekeys.co.uk\/fr\/produit\/cle-sh10-pour-ascenseurs-dom-et-otis\/\" \/>\n<meta property=\"og:locale\" content=\"fr_FR\" \/>\n<meta property=\"og:type\" content=\"article\" \/>\n<meta property=\"og:title\" content=\"Cl\u00e9 SH10 pour ascenseurs DOM et Otis - We Love Keys\" \/>\n<meta property=\"og:description\" content=\"Commandez vos cl\u00e9s d&#039;ascenseur SH10 aujourd&#039;hui avec We Love Keys! Convient aux ascenseurs DOM et Otis. Prix bas, d\u00e9lais d&#039;ex\u00e9cution rapides.\" \/>\n<meta property=\"og:url\" content=\"https:\/\/www.welovekeys.co.uk\/fr\/produit\/cle-sh10-pour-ascenseurs-dom-et-otis\/\" \/>\n<meta property=\"og:site_name\" content=\"We Love Keys\" \/>\n<meta property=\"article:modified_time\" content=\"2021-01-07T15:16:56+00:00\" \/>\n<meta property=\"og:image\" content=\"https:\/\/www.welovekeys.co.uk\/wp-content\/uploads\/2021\/07\/m.jpg\" \/>\n\t<meta property=\"og:image:width\" content=\"728\" \/>\n\t<meta property=\"og:image:height\" content=\"728\" \/>\n\t<meta property=\"og:image:type\" content=\"image\/jpeg\" \/>\n<meta name=\"twitter:card\" content=\"summary_large_image\" \/>\n<script type=\"application\/ld+json\" class=\"yoast-schema-graph\">{\"@context\":\"https:\\\/\\\/schema.org\",\"@graph\":[{\"@type\":\"WebPage\",\"@id\":\"https:\\\/\\\/www.welovekeys.co.uk\\\/fr\\\/produit\\\/cle-sh10-pour-ascenseurs-dom-et-otis\\\/\",\"url\":\"https:\\\/\\\/www.welovekeys.co.uk\\\/fr\\\/produit\\\/cle-sh10-pour-ascenseurs-dom-et-otis\\\/\",\"name\":\"Cl\u00e9 SH10 pour ascenseurs DOM et Otis - We Love Keys\",\"isPartOf\":{\"@id\":\"https:\\\/\\\/www.welovekeys.co.uk\\\/fr\\\/#website\"},\"primaryImageOfPage\":{\"@id\":\"https:\\\/\\\/www.welovekeys.co.uk\\\/fr\\\/produit\\\/cle-sh10-pour-ascenseurs-dom-et-otis\\\/#primaryimage\"},\"image\":{\"@id\":\"https:\\\/\\\/www.welovekeys.co.uk\\\/fr\\\/produit\\\/cle-sh10-pour-ascenseurs-dom-et-otis\\\/#primaryimage\"},\"thumbnailUrl\":\"https:\\\/\\\/www.welovekeys.co.uk\\\/wp-content\\\/uploads\\\/2021\\\/07\\\/m.jpg\",\"datePublished\":\"2019-11-20T10:41:39+00:00\",\"dateModified\":\"2021-01-07T15:16:56+00:00\",\"description\":\"Commandez vos cl\u00e9s d'ascenseur SH10 aujourd'hui avec We Love Keys! Convient aux ascenseurs DOM et Otis. Prix bas, d\u00e9lais d'ex\u00e9cution rapides.\",\"breadcrumb\":{\"@id\":\"https:\\\/\\\/www.welovekeys.co.uk\\\/fr\\\/produit\\\/cle-sh10-pour-ascenseurs-dom-et-otis\\\/#breadcrumb\"},\"inLanguage\":\"fr-FR\",\"potentialAction\":[{\"@type\":\"ReadAction\",\"target\":[\"https:\\\/\\\/www.welovekeys.co.uk\\\/fr\\\/produit\\\/cle-sh10-pour-ascenseurs-dom-et-otis\\\/\"]}]},{\"@type\":\"ImageObject\",\"inLanguage\":\"fr-FR\",\"@id\":\"https:\\\/\\\/www.welovekeys.co.uk\\\/fr\\\/produit\\\/cle-sh10-pour-ascenseurs-dom-et-otis\\\/#primaryimage\",\"url\":\"https:\\\/\\\/www.welovekeys.co.uk\\\/wp-content\\\/uploads\\\/2021\\\/07\\\/m.jpg\",\"contentUrl\":\"https:\\\/\\\/www.welovekeys.co.uk\\\/wp-content\\\/uploads\\\/2021\\\/07\\\/m.jpg\",\"width\":728,\"height\":728,\"caption\":\"DOM Lift Key\"},{\"@type\":\"BreadcrumbList\",\"@id\":\"https:\\\/\\\/www.welovekeys.co.uk\\\/fr\\\/produit\\\/cle-sh10-pour-ascenseurs-dom-et-otis\\\/#breadcrumb\",\"itemListElement\":[{\"@type\":\"ListItem\",\"position\":1,\"name\":\"Home\",\"item\":\"https:\\\/\\\/www.welovekeys.co.uk\\\/fr\\\/\"},{\"@type\":\"ListItem\",\"position\":2,\"name\":\"Boutique\",\"item\":\"https:\\\/\\\/www.welovekeys.co.uk\\\/fr\\\/boutique\\\/\"},{\"@type\":\"ListItem\",\"position\":3,\"name\":\"Cl\u00e9 SH10 pour ascenseurs DOM et Otis\"}]},{\"@type\":\"WebSite\",\"@id\":\"https:\\\/\\\/www.welovekeys.co.uk\\\/fr\\\/#website\",\"url\":\"https:\\\/\\\/www.welovekeys.co.uk\\\/fr\\\/\",\"name\":\"We Love Keys\",\"description\":\"A marketplace for keys\",\"publisher\":{\"@id\":\"https:\\\/\\\/www.welovekeys.co.uk\\\/fr\\\/#organization\"},\"potentialAction\":[{\"@type\":\"SearchAction\",\"target\":{\"@type\":\"EntryPoint\",\"urlTemplate\":\"https:\\\/\\\/www.welovekeys.co.uk\\\/fr\\\/?s={search_term_string}\"},\"query-input\":{\"@type\":\"PropertyValueSpecification\",\"valueRequired\":true,\"valueName\":\"search_term_string\"}}],\"inLanguage\":\"fr-FR\"},{\"@type\":\"Organization\",\"@id\":\"https:\\\/\\\/www.welovekeys.co.uk\\\/fr\\\/#organization\",\"name\":\"We Love Keys\",\"url\":\"https:\\\/\\\/www.welovekeys.co.uk\\\/fr\\\/\",\"logo\":{\"@type\":\"ImageObject\",\"inLanguage\":\"fr-FR\",\"@id\":\"https:\\\/\\\/www.welovekeys.co.uk\\\/fr\\\/#\\\/schema\\\/logo\\\/image\\\/\",\"url\":\"https:\\\/\\\/www.welovekeys.co.uk\\\/wp-content\\\/uploads\\\/2017\\\/06\\\/WE.png\",\"contentUrl\":\"https:\\\/\\\/www.welovekeys.co.uk\\\/wp-content\\\/uploads\\\/2017\\\/06\\\/WE.png\",\"width\":348,\"height\":66,\"caption\":\"We Love Keys\"},\"image\":{\"@id\":\"https:\\\/\\\/www.welovekeys.co.uk\\\/fr\\\/#\\\/schema\\\/logo\\\/image\\\/\"}}]}<\/script>\n<!-- \/ Yoast SEO plugin. -->","yoast_head_json":{"title":"Cl\u00e9 SH10 pour ascenseurs DOM et Otis - We Love Keys","description":"Commandez vos cl\u00e9s d'ascenseur SH10 aujourd'hui avec We Love Keys! Convient aux ascenseurs DOM et Otis. Prix bas, d\u00e9lais d'ex\u00e9cution rapides.","robots":{"index":"index","follow":"follow","max-snippet":"max-snippet:-1","max-image-preview":"max-image-preview:large","max-video-preview":"max-video-preview:-1"},"canonical":"https:\/\/www.welovekeys.co.uk\/fr\/produit\/cle-sh10-pour-ascenseurs-dom-et-otis\/","og_locale":"fr_FR","og_type":"article","og_title":"Cl\u00e9 SH10 pour ascenseurs DOM et Otis - We Love Keys","og_description":"Commandez vos cl\u00e9s d'ascenseur SH10 aujourd'hui avec We Love Keys! Convient aux ascenseurs DOM et Otis. Prix bas, d\u00e9lais d'ex\u00e9cution rapides.","og_url":"https:\/\/www.welovekeys.co.uk\/fr\/produit\/cle-sh10-pour-ascenseurs-dom-et-otis\/","og_site_name":"We Love Keys","article_modified_time":"2021-01-07T15:16:56+00:00","og_image":[{"width":728,"height":728,"url":"https:\/\/www.welovekeys.co.uk\/wp-content\/uploads\/2021\/07\/m.jpg","type":"image\/jpeg"}],"twitter_card":"summary_large_image","schema":{"@context":"https:\/\/schema.org","@graph":[{"@type":"WebPage","@id":"https:\/\/www.welovekeys.co.uk\/fr\/produit\/cle-sh10-pour-ascenseurs-dom-et-otis\/","url":"https:\/\/www.welovekeys.co.uk\/fr\/produit\/cle-sh10-pour-ascenseurs-dom-et-otis\/","name":"Cl\u00e9 SH10 pour ascenseurs DOM et Otis - We Love Keys","isPartOf":{"@id":"https:\/\/www.welovekeys.co.uk\/fr\/#website"},"primaryImageOfPage":{"@id":"https:\/\/www.welovekeys.co.uk\/fr\/produit\/cle-sh10-pour-ascenseurs-dom-et-otis\/#primaryimage"},"image":{"@id":"https:\/\/www.welovekeys.co.uk\/fr\/produit\/cle-sh10-pour-ascenseurs-dom-et-otis\/#primaryimage"},"thumbnailUrl":"https:\/\/www.welovekeys.co.uk\/wp-content\/uploads\/2021\/07\/m.jpg","datePublished":"2019-11-20T10:41:39+00:00","dateModified":"2021-01-07T15:16:56+00:00","description":"Commandez vos cl\u00e9s d'ascenseur SH10 aujourd'hui avec We Love Keys! Convient aux ascenseurs DOM et Otis. Prix bas, d\u00e9lais d'ex\u00e9cution rapides.","breadcrumb":{"@id":"https:\/\/www.welovekeys.co.uk\/fr\/produit\/cle-sh10-pour-ascenseurs-dom-et-otis\/#breadcrumb"},"inLanguage":"fr-FR","potentialAction":[{"@type":"ReadAction","target":["https:\/\/www.welovekeys.co.uk\/fr\/produit\/cle-sh10-pour-ascenseurs-dom-et-otis\/"]}]},{"@type":"ImageObject","inLanguage":"fr-FR","@id":"https:\/\/www.welovekeys.co.uk\/fr\/produit\/cle-sh10-pour-ascenseurs-dom-et-otis\/#primaryimage","url":"https:\/\/www.welovekeys.co.uk\/wp-content\/uploads\/2021\/07\/m.jpg","contentUrl":"https:\/\/www.welovekeys.co.uk\/wp-content\/uploads\/2021\/07\/m.jpg","width":728,"height":728,"caption":"DOM Lift Key"},{"@type":"BreadcrumbList","@id":"https:\/\/www.welovekeys.co.uk\/fr\/produit\/cle-sh10-pour-ascenseurs-dom-et-otis\/#breadcrumb","itemListElement":[{"@type":"ListItem","position":1,"name":"Home","item":"https:\/\/www.welovekeys.co.uk\/fr\/"},{"@type":"ListItem","position":2,"name":"Boutique","item":"https:\/\/www.welovekeys.co.uk\/fr\/boutique\/"},{"@type":"ListItem","position":3,"name":"Cl\u00e9 SH10 pour ascenseurs DOM et Otis"}]},{"@type":"WebSite","@id":"https:\/\/www.welovekeys.co.uk\/fr\/#website","url":"https:\/\/www.welovekeys.co.uk\/fr\/","name":"We Love Keys","description":"A marketplace for keys","publisher":{"@id":"https:\/\/www.welovekeys.co.uk\/fr\/#organization"},"potentialAction":[{"@type":"SearchAction","target":{"@type":"EntryPoint","urlTemplate":"https:\/\/www.welovekeys.co.uk\/fr\/?s={search_term_string}"},"query-input":{"@type":"PropertyValueSpecification","valueRequired":true,"valueName":"search_term_string"}}],"inLanguage":"fr-FR"},{"@type":"Organization","@id":"https:\/\/www.welovekeys.co.uk\/fr\/#organization","name":"We Love Keys","url":"https:\/\/www.welovekeys.co.uk\/fr\/","logo":{"@type":"ImageObject","inLanguage":"fr-FR","@id":"https:\/\/www.welovekeys.co.uk\/fr\/#\/schema\/logo\/image\/","url":"https:\/\/www.welovekeys.co.uk\/wp-content\/uploads\/2017\/06\/WE.png","contentUrl":"https:\/\/www.welovekeys.co.uk\/wp-content\/uploads\/2017\/06\/WE.png","width":348,"height":66,"caption":"We Love Keys"},"image":{"@id":"https:\/\/www.welovekeys.co.uk\/fr\/#\/schema\/logo\/image\/"}}]}},"_links":{"self":[{"href":"https:\/\/www.welovekeys.co.uk\/fr\/wp-json\/wp\/v2\/product\/3867","targetHints":{"allow":["GET"]}}],"collection":[{"href":"https:\/\/www.welovekeys.co.uk\/fr\/wp-json\/wp\/v2\/product"}],"about":[{"href":"https:\/\/www.welovekeys.co.uk\/fr\/wp-json\/wp\/v2\/types\/product"}],"wp:featuredmedia":[{"embeddable":true,"href":"https:\/\/www.welovekeys.co.uk\/fr\/wp-json\/wp\/v2\/media\/9619"}],"wp:attachment":[{"href":"https:\/\/www.welovekeys.co.uk\/fr\/wp-json\/wp\/v2\/media?parent=3867"}],"wp:term":[{"taxonomy":"product_brand","embeddable":true,"href":"https:\/\/www.welovekeys.co.uk\/fr\/wp-json\/wp\/v2\/product_brand?post=3867"},{"taxonomy":"product_cat","embeddable":true,"href":"https:\/\/www.welovekeys.co.uk\/fr\/wp-json\/wp\/v2\/product_cat?post=3867"},{"taxonomy":"product_tag","embeddable":true,"href":"https:\/\/www.welovekeys.co.uk\/fr\/wp-json\/wp\/v2\/product_tag?post=3867"}],"curies":[{"name":"wp","href":"https:\/\/api.w.org\/{rel}","templated":true}]}}