{"id":2965,"date":"2019-06-26T11:20:44","date_gmt":"2019-06-26T11:20:45","guid":{"rendered":"https:\/\/www.welovekeys.co.uk\/?post_type=product&#038;p=2965"},"modified":"2022-06-30T15:13:09","modified_gmt":"2022-06-30T14:13:09","slug":"cle-abus-double-face-serie-t83","status":"publish","type":"product","link":"https:\/\/www.welovekeys.co.uk\/fr\/produit\/cle-abus-double-face-serie-t83\/","title":{"rendered":"Cl\u00e9 ABUS double face, s\u00e9rie T83"},"content":{"rendered":"<p>Les cl\u00e9s ABUS T83 sont courantes dans les serrures et les cadenas de v\u00e9lo (surtout l&rsquo;ABUS Amparo). Les codes cl\u00e9s sont g\u00e9n\u00e9ralement \u00e9crits sur une carte fournie \u00e0 l&rsquo;origine avec le verrou ou sur la cl\u00e9 elle-m\u00eame.<\/p>\n<blockquote>\n<p><strong>Les codes cl\u00e9s commencent par T83, suivi de 4 chiffres, par ex. T83 1817. Tapez simplement le code dans la case ci-dessus, et nous ferons votre cl\u00e9 pour vous!<\/strong><\/p>\n<\/blockquote>\n<p>Chez We Love Keys, nous n&rsquo;utilisons que des \u00e9bauches authentiques ABUS pour fabriquer ce type de cl\u00e9.<\/p>\n<p><strong><em>Ces cl\u00e9s seront g\u00e9n\u00e9ralement exp\u00e9di\u00e9es en le jour m&ecirc;me.<\/em><\/strong><\/p>\n","protected":false},"excerpt":{"rendered":"<div id=\"discounttable\"><strong>2+ cl\u00e9s = 10% rabais<br \/>\n5+ cl\u00e9s = 16% rabais<br \/>\n10+ cl\u00e9s = 22% rabais<br \/>\n20+ cl\u00e9s = <a href=\"https:\/\/www.welovekeys.co.uk\/fr\/aide\/\" target=\"_blank\" rel=\"noopener\">\u00e9crivez-nous<\/a><br \/>R\u00e9ductions appliqu\u00e9es dans le panier.<\/strong><\/div>\n","protected":false},"featured_media":4538,"template":"","meta":{"_et_pb_use_builder":"","_et_pb_old_content":"","_et_gb_content_width":""},"product_brand":[],"product_cat":[90,742,746,709],"product_tag":[],"class_list":{"0":"post-2965","1":"product","2":"type-product","3":"status-publish","4":"has-post-thumbnail","6":"product_cat-cles-abus","7":"product_cat-cles-standards","8":"product_cat-double-sided-fr","9":"product_cat-velo","10":"product_shipping_class-large-letter-fr","12":"first","13":"instock","14":"taxable","15":"shipping-taxable","16":"purchasable","17":"product-type-simple"},"yoast_head":"<!-- This site is optimized with the Yoast SEO plugin v27.4 - https:\/\/yoast.com\/product\/yoast-seo-wordpress\/ -->\n<title>Commandez vos cl\u00e9s ABUS T83 en ligne - We Love Keys<\/title>\n<meta name=\"description\" content=\"Achetez cl\u00e9s ABUS T83 pour antivol sur l&#039;internet chez We Love Keys! Redressement rapide, des prix comp\u00e9titifs, un service de qualit\u00e9.\" \/>\n<meta name=\"robots\" content=\"index, follow, max-snippet:-1, max-image-preview:large, max-video-preview:-1\" \/>\n<link rel=\"canonical\" href=\"https:\/\/www.welovekeys.co.uk\/fr\/produit\/cle-abus-double-face-serie-t83\/\" \/>\n<meta property=\"og:locale\" content=\"fr_FR\" \/>\n<meta property=\"og:type\" content=\"article\" \/>\n<meta property=\"og:title\" content=\"Commandez vos cl\u00e9s ABUS T83 en ligne - We Love Keys\" \/>\n<meta property=\"og:description\" content=\"Achetez cl\u00e9s ABUS T83 pour antivol sur l&#039;internet chez We Love Keys! Redressement rapide, des prix comp\u00e9titifs, un service de qualit\u00e9.\" \/>\n<meta property=\"og:url\" content=\"https:\/\/www.welovekeys.co.uk\/fr\/produit\/cle-abus-double-face-serie-t83\/\" \/>\n<meta property=\"og:site_name\" content=\"We Love Keys\" \/>\n<meta property=\"article:modified_time\" content=\"2022-06-30T14:13:09+00:00\" \/>\n<meta property=\"og:image\" content=\"https:\/\/www.welovekeys.co.uk\/wp-content\/uploads\/2019\/06\/t83.jpg\" \/>\n\t<meta property=\"og:image:width\" content=\"480\" \/>\n\t<meta property=\"og:image:height\" content=\"480\" \/>\n\t<meta property=\"og:image:type\" content=\"image\/jpeg\" \/>\n<meta name=\"twitter:card\" content=\"summary_large_image\" \/>\n<meta name=\"twitter:label1\" content=\"Dur\u00e9e de lecture estim\u00e9e\" \/>\n\t<meta name=\"twitter:data1\" content=\"1 minute\" \/>\n<script type=\"application\/ld+json\" class=\"yoast-schema-graph\">{\"@context\":\"https:\\\/\\\/schema.org\",\"@graph\":[{\"@type\":\"WebPage\",\"@id\":\"https:\\\/\\\/www.welovekeys.co.uk\\\/fr\\\/produit\\\/cle-abus-double-face-serie-t83\\\/\",\"url\":\"https:\\\/\\\/www.welovekeys.co.uk\\\/fr\\\/produit\\\/cle-abus-double-face-serie-t83\\\/\",\"name\":\"Commandez vos cl\u00e9s ABUS T83 en ligne - We Love Keys\",\"isPartOf\":{\"@id\":\"https:\\\/\\\/www.welovekeys.co.uk\\\/fr\\\/#website\"},\"primaryImageOfPage\":{\"@id\":\"https:\\\/\\\/www.welovekeys.co.uk\\\/fr\\\/produit\\\/cle-abus-double-face-serie-t83\\\/#primaryimage\"},\"image\":{\"@id\":\"https:\\\/\\\/www.welovekeys.co.uk\\\/fr\\\/produit\\\/cle-abus-double-face-serie-t83\\\/#primaryimage\"},\"thumbnailUrl\":\"https:\\\/\\\/www.welovekeys.co.uk\\\/wp-content\\\/uploads\\\/2019\\\/06\\\/t83.jpg\",\"datePublished\":\"2019-06-26T11:20:45+00:00\",\"dateModified\":\"2022-06-30T14:13:09+00:00\",\"description\":\"Achetez cl\u00e9s ABUS T83 pour antivol sur l'internet chez We Love Keys! Redressement rapide, des prix comp\u00e9titifs, un service de qualit\u00e9.\",\"breadcrumb\":{\"@id\":\"https:\\\/\\\/www.welovekeys.co.uk\\\/fr\\\/produit\\\/cle-abus-double-face-serie-t83\\\/#breadcrumb\"},\"inLanguage\":\"fr-FR\",\"potentialAction\":[{\"@type\":\"ReadAction\",\"target\":[\"https:\\\/\\\/www.welovekeys.co.uk\\\/fr\\\/produit\\\/cle-abus-double-face-serie-t83\\\/\"]}]},{\"@type\":\"ImageObject\",\"inLanguage\":\"fr-FR\",\"@id\":\"https:\\\/\\\/www.welovekeys.co.uk\\\/fr\\\/produit\\\/cle-abus-double-face-serie-t83\\\/#primaryimage\",\"url\":\"https:\\\/\\\/www.welovekeys.co.uk\\\/wp-content\\\/uploads\\\/2019\\\/06\\\/t83.jpg\",\"contentUrl\":\"https:\\\/\\\/www.welovekeys.co.uk\\\/wp-content\\\/uploads\\\/2019\\\/06\\\/t83.jpg\",\"width\":480,\"height\":480,\"caption\":\"Cl\u00e9 ABUS T83\"},{\"@type\":\"BreadcrumbList\",\"@id\":\"https:\\\/\\\/www.welovekeys.co.uk\\\/fr\\\/produit\\\/cle-abus-double-face-serie-t83\\\/#breadcrumb\",\"itemListElement\":[{\"@type\":\"ListItem\",\"position\":1,\"name\":\"Home\",\"item\":\"https:\\\/\\\/www.welovekeys.co.uk\\\/fr\\\/\"},{\"@type\":\"ListItem\",\"position\":2,\"name\":\"Boutique\",\"item\":\"https:\\\/\\\/www.welovekeys.co.uk\\\/fr\\\/boutique\\\/\"},{\"@type\":\"ListItem\",\"position\":3,\"name\":\"Cl\u00e9 ABUS double face, s\u00e9rie T83\"}]},{\"@type\":\"WebSite\",\"@id\":\"https:\\\/\\\/www.welovekeys.co.uk\\\/fr\\\/#website\",\"url\":\"https:\\\/\\\/www.welovekeys.co.uk\\\/fr\\\/\",\"name\":\"We Love Keys\",\"description\":\"A marketplace for keys\",\"publisher\":{\"@id\":\"https:\\\/\\\/www.welovekeys.co.uk\\\/fr\\\/#organization\"},\"potentialAction\":[{\"@type\":\"SearchAction\",\"target\":{\"@type\":\"EntryPoint\",\"urlTemplate\":\"https:\\\/\\\/www.welovekeys.co.uk\\\/fr\\\/?s={search_term_string}\"},\"query-input\":{\"@type\":\"PropertyValueSpecification\",\"valueRequired\":true,\"valueName\":\"search_term_string\"}}],\"inLanguage\":\"fr-FR\"},{\"@type\":\"Organization\",\"@id\":\"https:\\\/\\\/www.welovekeys.co.uk\\\/fr\\\/#organization\",\"name\":\"We Love Keys\",\"url\":\"https:\\\/\\\/www.welovekeys.co.uk\\\/fr\\\/\",\"logo\":{\"@type\":\"ImageObject\",\"inLanguage\":\"fr-FR\",\"@id\":\"https:\\\/\\\/www.welovekeys.co.uk\\\/fr\\\/#\\\/schema\\\/logo\\\/image\\\/\",\"url\":\"https:\\\/\\\/www.welovekeys.co.uk\\\/wp-content\\\/uploads\\\/2017\\\/06\\\/WE.png\",\"contentUrl\":\"https:\\\/\\\/www.welovekeys.co.uk\\\/wp-content\\\/uploads\\\/2017\\\/06\\\/WE.png\",\"width\":348,\"height\":66,\"caption\":\"We Love Keys\"},\"image\":{\"@id\":\"https:\\\/\\\/www.welovekeys.co.uk\\\/fr\\\/#\\\/schema\\\/logo\\\/image\\\/\"}}]}<\/script>\n<!-- \/ Yoast SEO plugin. -->","yoast_head_json":{"title":"Commandez vos cl\u00e9s ABUS T83 en ligne - We Love Keys","description":"Achetez cl\u00e9s ABUS T83 pour antivol sur l'internet chez We Love Keys! Redressement rapide, des prix comp\u00e9titifs, un service de qualit\u00e9.","robots":{"index":"index","follow":"follow","max-snippet":"max-snippet:-1","max-image-preview":"max-image-preview:large","max-video-preview":"max-video-preview:-1"},"canonical":"https:\/\/www.welovekeys.co.uk\/fr\/produit\/cle-abus-double-face-serie-t83\/","og_locale":"fr_FR","og_type":"article","og_title":"Commandez vos cl\u00e9s ABUS T83 en ligne - We Love Keys","og_description":"Achetez cl\u00e9s ABUS T83 pour antivol sur l'internet chez We Love Keys! Redressement rapide, des prix comp\u00e9titifs, un service de qualit\u00e9.","og_url":"https:\/\/www.welovekeys.co.uk\/fr\/produit\/cle-abus-double-face-serie-t83\/","og_site_name":"We Love Keys","article_modified_time":"2022-06-30T14:13:09+00:00","og_image":[{"width":480,"height":480,"url":"https:\/\/www.welovekeys.co.uk\/wp-content\/uploads\/2019\/06\/t83.jpg","type":"image\/jpeg"}],"twitter_card":"summary_large_image","twitter_misc":{"Dur\u00e9e de lecture estim\u00e9e":"1 minute"},"schema":{"@context":"https:\/\/schema.org","@graph":[{"@type":"WebPage","@id":"https:\/\/www.welovekeys.co.uk\/fr\/produit\/cle-abus-double-face-serie-t83\/","url":"https:\/\/www.welovekeys.co.uk\/fr\/produit\/cle-abus-double-face-serie-t83\/","name":"Commandez vos cl\u00e9s ABUS T83 en ligne - We Love Keys","isPartOf":{"@id":"https:\/\/www.welovekeys.co.uk\/fr\/#website"},"primaryImageOfPage":{"@id":"https:\/\/www.welovekeys.co.uk\/fr\/produit\/cle-abus-double-face-serie-t83\/#primaryimage"},"image":{"@id":"https:\/\/www.welovekeys.co.uk\/fr\/produit\/cle-abus-double-face-serie-t83\/#primaryimage"},"thumbnailUrl":"https:\/\/www.welovekeys.co.uk\/wp-content\/uploads\/2019\/06\/t83.jpg","datePublished":"2019-06-26T11:20:45+00:00","dateModified":"2022-06-30T14:13:09+00:00","description":"Achetez cl\u00e9s ABUS T83 pour antivol sur l'internet chez We Love Keys! Redressement rapide, des prix comp\u00e9titifs, un service de qualit\u00e9.","breadcrumb":{"@id":"https:\/\/www.welovekeys.co.uk\/fr\/produit\/cle-abus-double-face-serie-t83\/#breadcrumb"},"inLanguage":"fr-FR","potentialAction":[{"@type":"ReadAction","target":["https:\/\/www.welovekeys.co.uk\/fr\/produit\/cle-abus-double-face-serie-t83\/"]}]},{"@type":"ImageObject","inLanguage":"fr-FR","@id":"https:\/\/www.welovekeys.co.uk\/fr\/produit\/cle-abus-double-face-serie-t83\/#primaryimage","url":"https:\/\/www.welovekeys.co.uk\/wp-content\/uploads\/2019\/06\/t83.jpg","contentUrl":"https:\/\/www.welovekeys.co.uk\/wp-content\/uploads\/2019\/06\/t83.jpg","width":480,"height":480,"caption":"Cl\u00e9 ABUS T83"},{"@type":"BreadcrumbList","@id":"https:\/\/www.welovekeys.co.uk\/fr\/produit\/cle-abus-double-face-serie-t83\/#breadcrumb","itemListElement":[{"@type":"ListItem","position":1,"name":"Home","item":"https:\/\/www.welovekeys.co.uk\/fr\/"},{"@type":"ListItem","position":2,"name":"Boutique","item":"https:\/\/www.welovekeys.co.uk\/fr\/boutique\/"},{"@type":"ListItem","position":3,"name":"Cl\u00e9 ABUS double face, s\u00e9rie T83"}]},{"@type":"WebSite","@id":"https:\/\/www.welovekeys.co.uk\/fr\/#website","url":"https:\/\/www.welovekeys.co.uk\/fr\/","name":"We Love Keys","description":"A marketplace for keys","publisher":{"@id":"https:\/\/www.welovekeys.co.uk\/fr\/#organization"},"potentialAction":[{"@type":"SearchAction","target":{"@type":"EntryPoint","urlTemplate":"https:\/\/www.welovekeys.co.uk\/fr\/?s={search_term_string}"},"query-input":{"@type":"PropertyValueSpecification","valueRequired":true,"valueName":"search_term_string"}}],"inLanguage":"fr-FR"},{"@type":"Organization","@id":"https:\/\/www.welovekeys.co.uk\/fr\/#organization","name":"We Love Keys","url":"https:\/\/www.welovekeys.co.uk\/fr\/","logo":{"@type":"ImageObject","inLanguage":"fr-FR","@id":"https:\/\/www.welovekeys.co.uk\/fr\/#\/schema\/logo\/image\/","url":"https:\/\/www.welovekeys.co.uk\/wp-content\/uploads\/2017\/06\/WE.png","contentUrl":"https:\/\/www.welovekeys.co.uk\/wp-content\/uploads\/2017\/06\/WE.png","width":348,"height":66,"caption":"We Love Keys"},"image":{"@id":"https:\/\/www.welovekeys.co.uk\/fr\/#\/schema\/logo\/image\/"}}]}},"_links":{"self":[{"href":"https:\/\/www.welovekeys.co.uk\/fr\/wp-json\/wp\/v2\/product\/2965","targetHints":{"allow":["GET"]}}],"collection":[{"href":"https:\/\/www.welovekeys.co.uk\/fr\/wp-json\/wp\/v2\/product"}],"about":[{"href":"https:\/\/www.welovekeys.co.uk\/fr\/wp-json\/wp\/v2\/types\/product"}],"wp:featuredmedia":[{"embeddable":true,"href":"https:\/\/www.welovekeys.co.uk\/fr\/wp-json\/wp\/v2\/media\/4538"}],"wp:attachment":[{"href":"https:\/\/www.welovekeys.co.uk\/fr\/wp-json\/wp\/v2\/media?parent=2965"}],"wp:term":[{"taxonomy":"product_brand","embeddable":true,"href":"https:\/\/www.welovekeys.co.uk\/fr\/wp-json\/wp\/v2\/product_brand?post=2965"},{"taxonomy":"product_cat","embeddable":true,"href":"https:\/\/www.welovekeys.co.uk\/fr\/wp-json\/wp\/v2\/product_cat?post=2965"},{"taxonomy":"product_tag","embeddable":true,"href":"https:\/\/www.welovekeys.co.uk\/fr\/wp-json\/wp\/v2\/product_tag?post=2965"}],"curies":[{"name":"wp","href":"https:\/\/api.w.org\/{rel}","templated":true}]}}