{"id":265147,"date":"2024-09-19T12:25:04","date_gmt":"2024-09-19T11:25:05","guid":{"rendered":"https:\/\/www.welovekeys.co.uk\/?post_type=product&#038;p=265147"},"modified":"2024-09-19T14:14:48","modified_gmt":"2024-09-19T13:14:48","slug":"we-love-keys-fast-checkout-42-95-code-fr","status":"publish","type":"product","link":"https:\/\/www.welovekeys.co.uk\/fr\/produit\/we-love-keys-fast-checkout-42-95-code-fr\/","title":{"rendered":"We Love Keys Fast Checkout"},"content":{"rendered":"<p>Chers clients de We Love Keys et 1st Metropolitan, nous vous remercions d&rsquo;utiliser ce service de paiement facile.<\/p>\n<p>Cet outil permet un paiement rapide et facile en fonction du service que vous recherchez et du co\u00fbt qui vous a \u00e9t\u00e9 donn\u00e9.<\/p>\n<p>Suivez simplement les instructions fournies par nos membres de l&rsquo;\u00e9quipe et vous pourrez compl\u00e9ter cette commande.<\/p>\n<p>Les options de paiement par PayPal et par carte sont disponibles.<\/p>\n<p>Nous avons \u00e9galement quelques options de livraison parmi lesquelles vous pouvez choisir.<\/p>\n<p>Nous exp\u00e9dions dans le monde entier. Si vous commandez depuis l&rsquo;ext\u00e9rieur du Royaume-Uni, la TVA ne s&rsquo;appliquera pas.<\/p>\n","protected":false},"excerpt":{"rendered":"<p>Chers clients de We Love Keys et 1st Metropolitan, nous vous remercions d&rsquo;utiliser ce service de paiement facile. Cet outil permet un paiement rapide et facile en fonction du service que vous recherchez et du co\u00fbt qui vous a \u00e9t\u00e9 donn\u00e9. Suivez simplement les instructions fournies par nos membres de l&rsquo;\u00e9quipe et vous pourrez compl\u00e9ter [&hellip;]<\/p>\n","protected":false},"featured_media":15441,"template":"","meta":{"_et_pb_use_builder":"","_et_pb_old_content":"","_et_gb_content_width":""},"product_brand":[],"product_cat":[705],"product_tag":[889],"class_list":{"0":"post-265147","1":"product","2":"type-product","3":"status-publish","4":"has-post-thumbnail","6":"product_cat-nos-produits","7":"product_tag-wlk-checkout-fr","9":"first","10":"instock","11":"taxable","12":"shipping-taxable","13":"purchasable","14":"product-type-simple"},"yoast_head":"<!-- This site is optimized with the Yoast SEO plugin v27.4 - https:\/\/yoast.com\/product\/yoast-seo-wordpress\/ -->\n<title>We Love Keys Fast Checkout - We Love Keys<\/title>\n<meta name=\"description\" content=\"Cet outil vous permet de r\u00e9gler en fonction du co\u00fbt qui vous a \u00e9t\u00e9 communiqu\u00e9 par nos conseillers. Le processus sera rapide et facile. PayPal et paiement par carte \u00e0 la caisse.\" \/>\n<meta name=\"robots\" content=\"index, follow, max-snippet:-1, max-image-preview:large, max-video-preview:-1\" \/>\n<link rel=\"canonical\" href=\"https:\/\/www.welovekeys.co.uk\/fr\/produit\/we-love-keys-fast-checkout-42-95-code-fr\/\" \/>\n<meta property=\"og:locale\" content=\"fr_FR\" \/>\n<meta property=\"og:type\" content=\"article\" \/>\n<meta property=\"og:title\" content=\"We Love Keys Fast Checkout - We Love Keys\" \/>\n<meta property=\"og:description\" content=\"Cet outil vous permet de r\u00e9gler en fonction du co\u00fbt qui vous a \u00e9t\u00e9 communiqu\u00e9 par nos conseillers. Le processus sera rapide et facile. PayPal et paiement par carte \u00e0 la caisse.\" \/>\n<meta property=\"og:url\" content=\"https:\/\/www.welovekeys.co.uk\/fr\/produit\/we-love-keys-fast-checkout-42-95-code-fr\/\" \/>\n<meta property=\"og:site_name\" content=\"We Love Keys\" \/>\n<meta property=\"article:modified_time\" content=\"2024-09-19T13:14:48+00:00\" \/>\n<meta property=\"og:image\" content=\"https:\/\/www.welovekeys.co.uk\/wp-content\/uploads\/2022\/10\/download.png\" \/>\n\t<meta property=\"og:image:width\" content=\"225\" \/>\n\t<meta property=\"og:image:height\" content=\"225\" \/>\n\t<meta property=\"og:image:type\" content=\"image\/png\" \/>\n<meta name=\"twitter:card\" content=\"summary_large_image\" \/>\n<meta name=\"twitter:label1\" content=\"Dur\u00e9e de lecture estim\u00e9e\" \/>\n\t<meta name=\"twitter:data1\" content=\"1 minute\" \/>\n<script type=\"application\/ld+json\" class=\"yoast-schema-graph\">{\"@context\":\"https:\\\/\\\/schema.org\",\"@graph\":[{\"@type\":\"WebPage\",\"@id\":\"https:\\\/\\\/www.welovekeys.co.uk\\\/fr\\\/produit\\\/we-love-keys-fast-checkout-42-95-code-fr\\\/\",\"url\":\"https:\\\/\\\/www.welovekeys.co.uk\\\/fr\\\/produit\\\/we-love-keys-fast-checkout-42-95-code-fr\\\/\",\"name\":\"We Love Keys Fast Checkout - We Love Keys\",\"isPartOf\":{\"@id\":\"https:\\\/\\\/www.welovekeys.co.uk\\\/fr\\\/#website\"},\"primaryImageOfPage\":{\"@id\":\"https:\\\/\\\/www.welovekeys.co.uk\\\/fr\\\/produit\\\/we-love-keys-fast-checkout-42-95-code-fr\\\/#primaryimage\"},\"image\":{\"@id\":\"https:\\\/\\\/www.welovekeys.co.uk\\\/fr\\\/produit\\\/we-love-keys-fast-checkout-42-95-code-fr\\\/#primaryimage\"},\"thumbnailUrl\":\"https:\\\/\\\/www.welovekeys.co.uk\\\/wp-content\\\/uploads\\\/2022\\\/10\\\/download.png\",\"datePublished\":\"2024-09-19T11:25:05+00:00\",\"dateModified\":\"2024-09-19T13:14:48+00:00\",\"description\":\"Cet outil vous permet de r\u00e9gler en fonction du co\u00fbt qui vous a \u00e9t\u00e9 communiqu\u00e9 par nos conseillers. Le processus sera rapide et facile. PayPal et paiement par carte \u00e0 la caisse.\",\"breadcrumb\":{\"@id\":\"https:\\\/\\\/www.welovekeys.co.uk\\\/fr\\\/produit\\\/we-love-keys-fast-checkout-42-95-code-fr\\\/#breadcrumb\"},\"inLanguage\":\"fr-FR\",\"potentialAction\":[{\"@type\":\"ReadAction\",\"target\":[\"https:\\\/\\\/www.welovekeys.co.uk\\\/fr\\\/produit\\\/we-love-keys-fast-checkout-42-95-code-fr\\\/\"]}]},{\"@type\":\"ImageObject\",\"inLanguage\":\"fr-FR\",\"@id\":\"https:\\\/\\\/www.welovekeys.co.uk\\\/fr\\\/produit\\\/we-love-keys-fast-checkout-42-95-code-fr\\\/#primaryimage\",\"url\":\"https:\\\/\\\/www.welovekeys.co.uk\\\/wp-content\\\/uploads\\\/2022\\\/10\\\/download.png\",\"contentUrl\":\"https:\\\/\\\/www.welovekeys.co.uk\\\/wp-content\\\/uploads\\\/2022\\\/10\\\/download.png\",\"width\":225,\"height\":225,\"caption\":\"we love keys logo white background\"},{\"@type\":\"BreadcrumbList\",\"@id\":\"https:\\\/\\\/www.welovekeys.co.uk\\\/fr\\\/produit\\\/we-love-keys-fast-checkout-42-95-code-fr\\\/#breadcrumb\",\"itemListElement\":[{\"@type\":\"ListItem\",\"position\":1,\"name\":\"Home\",\"item\":\"https:\\\/\\\/www.welovekeys.co.uk\\\/fr\\\/\"},{\"@type\":\"ListItem\",\"position\":2,\"name\":\"Boutique\",\"item\":\"https:\\\/\\\/www.welovekeys.co.uk\\\/fr\\\/boutique\\\/\"},{\"@type\":\"ListItem\",\"position\":3,\"name\":\"We Love Keys Fast Checkout\"}]},{\"@type\":\"WebSite\",\"@id\":\"https:\\\/\\\/www.welovekeys.co.uk\\\/fr\\\/#website\",\"url\":\"https:\\\/\\\/www.welovekeys.co.uk\\\/fr\\\/\",\"name\":\"We Love Keys\",\"description\":\"A marketplace for keys\",\"publisher\":{\"@id\":\"https:\\\/\\\/www.welovekeys.co.uk\\\/fr\\\/#organization\"},\"potentialAction\":[{\"@type\":\"SearchAction\",\"target\":{\"@type\":\"EntryPoint\",\"urlTemplate\":\"https:\\\/\\\/www.welovekeys.co.uk\\\/fr\\\/?s={search_term_string}\"},\"query-input\":{\"@type\":\"PropertyValueSpecification\",\"valueRequired\":true,\"valueName\":\"search_term_string\"}}],\"inLanguage\":\"fr-FR\"},{\"@type\":\"Organization\",\"@id\":\"https:\\\/\\\/www.welovekeys.co.uk\\\/fr\\\/#organization\",\"name\":\"We Love Keys\",\"url\":\"https:\\\/\\\/www.welovekeys.co.uk\\\/fr\\\/\",\"logo\":{\"@type\":\"ImageObject\",\"inLanguage\":\"fr-FR\",\"@id\":\"https:\\\/\\\/www.welovekeys.co.uk\\\/fr\\\/#\\\/schema\\\/logo\\\/image\\\/\",\"url\":\"https:\\\/\\\/www.welovekeys.co.uk\\\/wp-content\\\/uploads\\\/2017\\\/06\\\/WE.png\",\"contentUrl\":\"https:\\\/\\\/www.welovekeys.co.uk\\\/wp-content\\\/uploads\\\/2017\\\/06\\\/WE.png\",\"width\":348,\"height\":66,\"caption\":\"We Love Keys\"},\"image\":{\"@id\":\"https:\\\/\\\/www.welovekeys.co.uk\\\/fr\\\/#\\\/schema\\\/logo\\\/image\\\/\"}}]}<\/script>\n<!-- \/ Yoast SEO plugin. -->","yoast_head_json":{"title":"We Love Keys Fast Checkout - We Love Keys","description":"Cet outil vous permet de r\u00e9gler en fonction du co\u00fbt qui vous a \u00e9t\u00e9 communiqu\u00e9 par nos conseillers. Le processus sera rapide et facile. PayPal et paiement par carte \u00e0 la caisse.","robots":{"index":"index","follow":"follow","max-snippet":"max-snippet:-1","max-image-preview":"max-image-preview:large","max-video-preview":"max-video-preview:-1"},"canonical":"https:\/\/www.welovekeys.co.uk\/fr\/produit\/we-love-keys-fast-checkout-42-95-code-fr\/","og_locale":"fr_FR","og_type":"article","og_title":"We Love Keys Fast Checkout - We Love Keys","og_description":"Cet outil vous permet de r\u00e9gler en fonction du co\u00fbt qui vous a \u00e9t\u00e9 communiqu\u00e9 par nos conseillers. Le processus sera rapide et facile. PayPal et paiement par carte \u00e0 la caisse.","og_url":"https:\/\/www.welovekeys.co.uk\/fr\/produit\/we-love-keys-fast-checkout-42-95-code-fr\/","og_site_name":"We Love Keys","article_modified_time":"2024-09-19T13:14:48+00:00","og_image":[{"width":225,"height":225,"url":"https:\/\/www.welovekeys.co.uk\/wp-content\/uploads\/2022\/10\/download.png","type":"image\/png"}],"twitter_card":"summary_large_image","twitter_misc":{"Dur\u00e9e de lecture estim\u00e9e":"1 minute"},"schema":{"@context":"https:\/\/schema.org","@graph":[{"@type":"WebPage","@id":"https:\/\/www.welovekeys.co.uk\/fr\/produit\/we-love-keys-fast-checkout-42-95-code-fr\/","url":"https:\/\/www.welovekeys.co.uk\/fr\/produit\/we-love-keys-fast-checkout-42-95-code-fr\/","name":"We Love Keys Fast Checkout - We Love Keys","isPartOf":{"@id":"https:\/\/www.welovekeys.co.uk\/fr\/#website"},"primaryImageOfPage":{"@id":"https:\/\/www.welovekeys.co.uk\/fr\/produit\/we-love-keys-fast-checkout-42-95-code-fr\/#primaryimage"},"image":{"@id":"https:\/\/www.welovekeys.co.uk\/fr\/produit\/we-love-keys-fast-checkout-42-95-code-fr\/#primaryimage"},"thumbnailUrl":"https:\/\/www.welovekeys.co.uk\/wp-content\/uploads\/2022\/10\/download.png","datePublished":"2024-09-19T11:25:05+00:00","dateModified":"2024-09-19T13:14:48+00:00","description":"Cet outil vous permet de r\u00e9gler en fonction du co\u00fbt qui vous a \u00e9t\u00e9 communiqu\u00e9 par nos conseillers. Le processus sera rapide et facile. PayPal et paiement par carte \u00e0 la caisse.","breadcrumb":{"@id":"https:\/\/www.welovekeys.co.uk\/fr\/produit\/we-love-keys-fast-checkout-42-95-code-fr\/#breadcrumb"},"inLanguage":"fr-FR","potentialAction":[{"@type":"ReadAction","target":["https:\/\/www.welovekeys.co.uk\/fr\/produit\/we-love-keys-fast-checkout-42-95-code-fr\/"]}]},{"@type":"ImageObject","inLanguage":"fr-FR","@id":"https:\/\/www.welovekeys.co.uk\/fr\/produit\/we-love-keys-fast-checkout-42-95-code-fr\/#primaryimage","url":"https:\/\/www.welovekeys.co.uk\/wp-content\/uploads\/2022\/10\/download.png","contentUrl":"https:\/\/www.welovekeys.co.uk\/wp-content\/uploads\/2022\/10\/download.png","width":225,"height":225,"caption":"we love keys logo white background"},{"@type":"BreadcrumbList","@id":"https:\/\/www.welovekeys.co.uk\/fr\/produit\/we-love-keys-fast-checkout-42-95-code-fr\/#breadcrumb","itemListElement":[{"@type":"ListItem","position":1,"name":"Home","item":"https:\/\/www.welovekeys.co.uk\/fr\/"},{"@type":"ListItem","position":2,"name":"Boutique","item":"https:\/\/www.welovekeys.co.uk\/fr\/boutique\/"},{"@type":"ListItem","position":3,"name":"We Love Keys Fast Checkout"}]},{"@type":"WebSite","@id":"https:\/\/www.welovekeys.co.uk\/fr\/#website","url":"https:\/\/www.welovekeys.co.uk\/fr\/","name":"We Love Keys","description":"A marketplace for keys","publisher":{"@id":"https:\/\/www.welovekeys.co.uk\/fr\/#organization"},"potentialAction":[{"@type":"SearchAction","target":{"@type":"EntryPoint","urlTemplate":"https:\/\/www.welovekeys.co.uk\/fr\/?s={search_term_string}"},"query-input":{"@type":"PropertyValueSpecification","valueRequired":true,"valueName":"search_term_string"}}],"inLanguage":"fr-FR"},{"@type":"Organization","@id":"https:\/\/www.welovekeys.co.uk\/fr\/#organization","name":"We Love Keys","url":"https:\/\/www.welovekeys.co.uk\/fr\/","logo":{"@type":"ImageObject","inLanguage":"fr-FR","@id":"https:\/\/www.welovekeys.co.uk\/fr\/#\/schema\/logo\/image\/","url":"https:\/\/www.welovekeys.co.uk\/wp-content\/uploads\/2017\/06\/WE.png","contentUrl":"https:\/\/www.welovekeys.co.uk\/wp-content\/uploads\/2017\/06\/WE.png","width":348,"height":66,"caption":"We Love Keys"},"image":{"@id":"https:\/\/www.welovekeys.co.uk\/fr\/#\/schema\/logo\/image\/"}}]}},"_links":{"self":[{"href":"https:\/\/www.welovekeys.co.uk\/fr\/wp-json\/wp\/v2\/product\/265147","targetHints":{"allow":["GET"]}}],"collection":[{"href":"https:\/\/www.welovekeys.co.uk\/fr\/wp-json\/wp\/v2\/product"}],"about":[{"href":"https:\/\/www.welovekeys.co.uk\/fr\/wp-json\/wp\/v2\/types\/product"}],"wp:featuredmedia":[{"embeddable":true,"href":"https:\/\/www.welovekeys.co.uk\/fr\/wp-json\/wp\/v2\/media\/15441"}],"wp:attachment":[{"href":"https:\/\/www.welovekeys.co.uk\/fr\/wp-json\/wp\/v2\/media?parent=265147"}],"wp:term":[{"taxonomy":"product_brand","embeddable":true,"href":"https:\/\/www.welovekeys.co.uk\/fr\/wp-json\/wp\/v2\/product_brand?post=265147"},{"taxonomy":"product_cat","embeddable":true,"href":"https:\/\/www.welovekeys.co.uk\/fr\/wp-json\/wp\/v2\/product_cat?post=265147"},{"taxonomy":"product_tag","embeddable":true,"href":"https:\/\/www.welovekeys.co.uk\/fr\/wp-json\/wp\/v2\/product_tag?post=265147"}],"curies":[{"name":"wp","href":"https:\/\/api.w.org\/{rel}","templated":true}]}}