{"id":251700,"date":"2024-03-05T11:16:00","date_gmt":"2024-03-05T11:16:00","guid":{"rendered":"https:\/\/www.welovekeys.co.uk\/?post_type=product&#038;p=251700"},"modified":"2024-03-05T11:33:50","modified_gmt":"2024-03-05T11:33:50","slug":"cles-ms1-pour-interrupteur-eaton-moeller","status":"publish","type":"product","link":"https:\/\/www.welovekeys.co.uk\/fr\/produit\/cles-ms1-pour-interrupteur-eaton-moeller\/","title":{"rendered":"Cl\u00e9s MS1 pour interrupteur Eaton Moeller"},"content":{"rendered":"<p>Les cl\u00e9s MS1 \u00e0 MS20 sont couramment utilis\u00e9es pour commander les interrupteurs \u00e9lectriques fabriqu\u00e9s par Eaton Moeller.<\/p>\n<p>Les commutateurs Eaton Moeller se trouvent dans pratiquement toutes les machines. Nos clients ont utilis\u00e9 les cl\u00e9s CES MS pour: les fours de boulangerie, les convoyeurs \u00e0 bande, les commutateurs \u00e0 cl\u00e9 pour portes automatiques, les machines robotiques, les machines industrielles et plus encore. Ils sont particuli\u00e8rement courants dans les garages duplex.<\/p>\n<p>Le num\u00e9ro de cl\u00e9 sera inscrit sur votre cl\u00e9 et, g\u00e9n\u00e9ralement, sur la fa\u00e7ade de la serrure elle-m\u00eame. Si votre cl\u00e9 ne porte aucun num\u00e9ro, <a href=\"https:\/\/www.welovekeys.co.uk\/fr\/aide\/\">envoyez-nous une photo<\/a> \u00e0 l&rsquo;aide de notre outil de t\u00e9l\u00e9chargement de photos et nous pourrons vous conseiller.<\/p>\n<p><strong><em>Envoi le jour m\u00eame si command\u00e9 avant 14 heures un jour ouvrable.<\/em><\/strong><\/p>\n","protected":false},"excerpt":{"rendered":"<p>Cl\u00e9 CES MS1 pour les interrupteurs Eaton Moeller.<\/p>\n<div id=\"discounttable\"><strong>2+ cl\u00e9s = 10% rabais<br \/>5+ cl\u00e9s = 16% rabais<br \/>10+ cl\u00e9s = 22% rabais<br \/>20+ cl\u00e9s = <a href=\"https:\/\/www.welovekeys.co.uk\/fr\/aide\/\" target=\"_blank\" rel=\"noopener\">\u00e9crivez-nous<\/a><br \/>R\u00e9ductions appliqu\u00e9es dans le panier.<\/strong><\/div>\n","protected":false},"featured_media":3927,"template":"","meta":{"_et_pb_use_builder":"","_et_pb_old_content":"","_et_gb_content_width":""},"product_brand":[],"product_cat":[719,94,461],"product_tag":[],"class_list":{"0":"post-251700","1":"product","2":"type-product","3":"status-publish","4":"has-post-thumbnail","6":"product_cat-autre","7":"product_cat-cles-fossette","8":"product_cat-eaton-moeller-fr","9":"product_shipping_class-env-fr","11":"first","12":"instock","13":"taxable","14":"shipping-taxable","15":"purchasable","16":"product-type-simple"},"yoast_head":"<!-- This site is optimized with the Yoast SEO plugin v27.4 - https:\/\/yoast.com\/product\/yoast-seo-wordpress\/ -->\n<title>Cl\u00e9s MS1 pour Interrupteur Eaton Moeller et Serrure CES - We Love Keys<\/title>\n<meta name=\"description\" content=\"Commandez vos cl\u00e9s de commutation MS1, MS2 et autres en ligne avec We Love Keys, le service de taillage de cl\u00e9s en ligne le plus rapide. Prix \u200b\u200bbas, d\u00e9lais de livraison rapides, exp\u00e9dition le jour m\u00eame.\" \/>\n<meta name=\"robots\" content=\"index, follow, max-snippet:-1, max-image-preview:large, max-video-preview:-1\" \/>\n<link rel=\"canonical\" href=\"https:\/\/www.welovekeys.co.uk\/fr\/produit\/cles-ms1-pour-interrupteur-eaton-moeller\/\" \/>\n<meta property=\"og:locale\" content=\"fr_FR\" \/>\n<meta property=\"og:type\" content=\"article\" \/>\n<meta property=\"og:title\" content=\"Cl\u00e9s MS1 pour Interrupteur Eaton Moeller et Serrure CES - We Love Keys\" \/>\n<meta property=\"og:description\" content=\"Commandez vos cl\u00e9s de commutation MS1, MS2 et autres en ligne avec We Love Keys, le service de taillage de cl\u00e9s en ligne le plus rapide. Prix \u200b\u200bbas, d\u00e9lais de livraison rapides, exp\u00e9dition le jour m\u00eame.\" \/>\n<meta property=\"og:url\" content=\"https:\/\/www.welovekeys.co.uk\/fr\/produit\/cles-ms1-pour-interrupteur-eaton-moeller\/\" \/>\n<meta property=\"og:site_name\" content=\"We Love Keys\" \/>\n<meta property=\"article:modified_time\" content=\"2024-03-05T11:33:50+00:00\" \/>\n<meta property=\"og:image\" content=\"https:\/\/www.welovekeys.co.uk\/wp-content\/uploads\/2019\/11\/MS1.jpg\" \/>\n\t<meta property=\"og:image:width\" content=\"488\" \/>\n\t<meta property=\"og:image:height\" content=\"488\" \/>\n\t<meta property=\"og:image:type\" content=\"image\/jpeg\" \/>\n<meta name=\"twitter:card\" content=\"summary_large_image\" \/>\n<meta name=\"twitter:label1\" content=\"Dur\u00e9e de lecture estim\u00e9e\" \/>\n\t<meta name=\"twitter:data1\" content=\"1 minute\" \/>\n<script type=\"application\/ld+json\" class=\"yoast-schema-graph\">{\"@context\":\"https:\\\/\\\/schema.org\",\"@graph\":[{\"@type\":\"WebPage\",\"@id\":\"https:\\\/\\\/www.welovekeys.co.uk\\\/fr\\\/produit\\\/cles-ms1-pour-interrupteur-eaton-moeller\\\/\",\"url\":\"https:\\\/\\\/www.welovekeys.co.uk\\\/fr\\\/produit\\\/cles-ms1-pour-interrupteur-eaton-moeller\\\/\",\"name\":\"Cl\u00e9s MS1 pour Interrupteur Eaton Moeller et Serrure CES - We Love Keys\",\"isPartOf\":{\"@id\":\"https:\\\/\\\/www.welovekeys.co.uk\\\/fr\\\/#website\"},\"primaryImageOfPage\":{\"@id\":\"https:\\\/\\\/www.welovekeys.co.uk\\\/fr\\\/produit\\\/cles-ms1-pour-interrupteur-eaton-moeller\\\/#primaryimage\"},\"image\":{\"@id\":\"https:\\\/\\\/www.welovekeys.co.uk\\\/fr\\\/produit\\\/cles-ms1-pour-interrupteur-eaton-moeller\\\/#primaryimage\"},\"thumbnailUrl\":\"https:\\\/\\\/www.welovekeys.co.uk\\\/wp-content\\\/uploads\\\/2019\\\/11\\\/MS1.jpg\",\"datePublished\":\"2024-03-05T11:16:00+00:00\",\"dateModified\":\"2024-03-05T11:33:50+00:00\",\"description\":\"Commandez vos cl\u00e9s de commutation MS1, MS2 et autres en ligne avec We Love Keys, le service de taillage de cl\u00e9s en ligne le plus rapide. Prix \u200b\u200bbas, d\u00e9lais de livraison rapides, exp\u00e9dition le jour m\u00eame.\",\"breadcrumb\":{\"@id\":\"https:\\\/\\\/www.welovekeys.co.uk\\\/fr\\\/produit\\\/cles-ms1-pour-interrupteur-eaton-moeller\\\/#breadcrumb\"},\"inLanguage\":\"fr-FR\",\"potentialAction\":[{\"@type\":\"ReadAction\",\"target\":[\"https:\\\/\\\/www.welovekeys.co.uk\\\/fr\\\/produit\\\/cles-ms1-pour-interrupteur-eaton-moeller\\\/\"]}]},{\"@type\":\"ImageObject\",\"inLanguage\":\"fr-FR\",\"@id\":\"https:\\\/\\\/www.welovekeys.co.uk\\\/fr\\\/produit\\\/cles-ms1-pour-interrupteur-eaton-moeller\\\/#primaryimage\",\"url\":\"https:\\\/\\\/www.welovekeys.co.uk\\\/wp-content\\\/uploads\\\/2019\\\/11\\\/MS1.jpg\",\"contentUrl\":\"https:\\\/\\\/www.welovekeys.co.uk\\\/wp-content\\\/uploads\\\/2019\\\/11\\\/MS1.jpg\",\"width\":488,\"height\":488,\"caption\":\"Cl\u00e9 MS1 pour interrupteur Eaton Moeller\"},{\"@type\":\"BreadcrumbList\",\"@id\":\"https:\\\/\\\/www.welovekeys.co.uk\\\/fr\\\/produit\\\/cles-ms1-pour-interrupteur-eaton-moeller\\\/#breadcrumb\",\"itemListElement\":[{\"@type\":\"ListItem\",\"position\":1,\"name\":\"Home\",\"item\":\"https:\\\/\\\/www.welovekeys.co.uk\\\/fr\\\/\"},{\"@type\":\"ListItem\",\"position\":2,\"name\":\"Boutique\",\"item\":\"https:\\\/\\\/www.welovekeys.co.uk\\\/fr\\\/boutique\\\/\"},{\"@type\":\"ListItem\",\"position\":3,\"name\":\"Cl\u00e9s MS1 pour interrupteur Eaton Moeller\"}]},{\"@type\":\"WebSite\",\"@id\":\"https:\\\/\\\/www.welovekeys.co.uk\\\/fr\\\/#website\",\"url\":\"https:\\\/\\\/www.welovekeys.co.uk\\\/fr\\\/\",\"name\":\"We Love Keys\",\"description\":\"A marketplace for keys\",\"publisher\":{\"@id\":\"https:\\\/\\\/www.welovekeys.co.uk\\\/fr\\\/#organization\"},\"potentialAction\":[{\"@type\":\"SearchAction\",\"target\":{\"@type\":\"EntryPoint\",\"urlTemplate\":\"https:\\\/\\\/www.welovekeys.co.uk\\\/fr\\\/?s={search_term_string}\"},\"query-input\":{\"@type\":\"PropertyValueSpecification\",\"valueRequired\":true,\"valueName\":\"search_term_string\"}}],\"inLanguage\":\"fr-FR\"},{\"@type\":\"Organization\",\"@id\":\"https:\\\/\\\/www.welovekeys.co.uk\\\/fr\\\/#organization\",\"name\":\"We Love Keys\",\"url\":\"https:\\\/\\\/www.welovekeys.co.uk\\\/fr\\\/\",\"logo\":{\"@type\":\"ImageObject\",\"inLanguage\":\"fr-FR\",\"@id\":\"https:\\\/\\\/www.welovekeys.co.uk\\\/fr\\\/#\\\/schema\\\/logo\\\/image\\\/\",\"url\":\"https:\\\/\\\/www.welovekeys.co.uk\\\/wp-content\\\/uploads\\\/2017\\\/06\\\/WE.png\",\"contentUrl\":\"https:\\\/\\\/www.welovekeys.co.uk\\\/wp-content\\\/uploads\\\/2017\\\/06\\\/WE.png\",\"width\":348,\"height\":66,\"caption\":\"We Love Keys\"},\"image\":{\"@id\":\"https:\\\/\\\/www.welovekeys.co.uk\\\/fr\\\/#\\\/schema\\\/logo\\\/image\\\/\"}}]}<\/script>\n<!-- \/ Yoast SEO plugin. -->","yoast_head_json":{"title":"Cl\u00e9s MS1 pour Interrupteur Eaton Moeller et Serrure CES - We Love Keys","description":"Commandez vos cl\u00e9s de commutation MS1, MS2 et autres en ligne avec We Love Keys, le service de taillage de cl\u00e9s en ligne le plus rapide. Prix \u200b\u200bbas, d\u00e9lais de livraison rapides, exp\u00e9dition le jour m\u00eame.","robots":{"index":"index","follow":"follow","max-snippet":"max-snippet:-1","max-image-preview":"max-image-preview:large","max-video-preview":"max-video-preview:-1"},"canonical":"https:\/\/www.welovekeys.co.uk\/fr\/produit\/cles-ms1-pour-interrupteur-eaton-moeller\/","og_locale":"fr_FR","og_type":"article","og_title":"Cl\u00e9s MS1 pour Interrupteur Eaton Moeller et Serrure CES - We Love Keys","og_description":"Commandez vos cl\u00e9s de commutation MS1, MS2 et autres en ligne avec We Love Keys, le service de taillage de cl\u00e9s en ligne le plus rapide. Prix \u200b\u200bbas, d\u00e9lais de livraison rapides, exp\u00e9dition le jour m\u00eame.","og_url":"https:\/\/www.welovekeys.co.uk\/fr\/produit\/cles-ms1-pour-interrupteur-eaton-moeller\/","og_site_name":"We Love Keys","article_modified_time":"2024-03-05T11:33:50+00:00","og_image":[{"width":488,"height":488,"url":"https:\/\/www.welovekeys.co.uk\/wp-content\/uploads\/2019\/11\/MS1.jpg","type":"image\/jpeg"}],"twitter_card":"summary_large_image","twitter_misc":{"Dur\u00e9e de lecture estim\u00e9e":"1 minute"},"schema":{"@context":"https:\/\/schema.org","@graph":[{"@type":"WebPage","@id":"https:\/\/www.welovekeys.co.uk\/fr\/produit\/cles-ms1-pour-interrupteur-eaton-moeller\/","url":"https:\/\/www.welovekeys.co.uk\/fr\/produit\/cles-ms1-pour-interrupteur-eaton-moeller\/","name":"Cl\u00e9s MS1 pour Interrupteur Eaton Moeller et Serrure CES - We Love Keys","isPartOf":{"@id":"https:\/\/www.welovekeys.co.uk\/fr\/#website"},"primaryImageOfPage":{"@id":"https:\/\/www.welovekeys.co.uk\/fr\/produit\/cles-ms1-pour-interrupteur-eaton-moeller\/#primaryimage"},"image":{"@id":"https:\/\/www.welovekeys.co.uk\/fr\/produit\/cles-ms1-pour-interrupteur-eaton-moeller\/#primaryimage"},"thumbnailUrl":"https:\/\/www.welovekeys.co.uk\/wp-content\/uploads\/2019\/11\/MS1.jpg","datePublished":"2024-03-05T11:16:00+00:00","dateModified":"2024-03-05T11:33:50+00:00","description":"Commandez vos cl\u00e9s de commutation MS1, MS2 et autres en ligne avec We Love Keys, le service de taillage de cl\u00e9s en ligne le plus rapide. Prix \u200b\u200bbas, d\u00e9lais de livraison rapides, exp\u00e9dition le jour m\u00eame.","breadcrumb":{"@id":"https:\/\/www.welovekeys.co.uk\/fr\/produit\/cles-ms1-pour-interrupteur-eaton-moeller\/#breadcrumb"},"inLanguage":"fr-FR","potentialAction":[{"@type":"ReadAction","target":["https:\/\/www.welovekeys.co.uk\/fr\/produit\/cles-ms1-pour-interrupteur-eaton-moeller\/"]}]},{"@type":"ImageObject","inLanguage":"fr-FR","@id":"https:\/\/www.welovekeys.co.uk\/fr\/produit\/cles-ms1-pour-interrupteur-eaton-moeller\/#primaryimage","url":"https:\/\/www.welovekeys.co.uk\/wp-content\/uploads\/2019\/11\/MS1.jpg","contentUrl":"https:\/\/www.welovekeys.co.uk\/wp-content\/uploads\/2019\/11\/MS1.jpg","width":488,"height":488,"caption":"Cl\u00e9 MS1 pour interrupteur Eaton Moeller"},{"@type":"BreadcrumbList","@id":"https:\/\/www.welovekeys.co.uk\/fr\/produit\/cles-ms1-pour-interrupteur-eaton-moeller\/#breadcrumb","itemListElement":[{"@type":"ListItem","position":1,"name":"Home","item":"https:\/\/www.welovekeys.co.uk\/fr\/"},{"@type":"ListItem","position":2,"name":"Boutique","item":"https:\/\/www.welovekeys.co.uk\/fr\/boutique\/"},{"@type":"ListItem","position":3,"name":"Cl\u00e9s MS1 pour interrupteur Eaton Moeller"}]},{"@type":"WebSite","@id":"https:\/\/www.welovekeys.co.uk\/fr\/#website","url":"https:\/\/www.welovekeys.co.uk\/fr\/","name":"We Love Keys","description":"A marketplace for keys","publisher":{"@id":"https:\/\/www.welovekeys.co.uk\/fr\/#organization"},"potentialAction":[{"@type":"SearchAction","target":{"@type":"EntryPoint","urlTemplate":"https:\/\/www.welovekeys.co.uk\/fr\/?s={search_term_string}"},"query-input":{"@type":"PropertyValueSpecification","valueRequired":true,"valueName":"search_term_string"}}],"inLanguage":"fr-FR"},{"@type":"Organization","@id":"https:\/\/www.welovekeys.co.uk\/fr\/#organization","name":"We Love Keys","url":"https:\/\/www.welovekeys.co.uk\/fr\/","logo":{"@type":"ImageObject","inLanguage":"fr-FR","@id":"https:\/\/www.welovekeys.co.uk\/fr\/#\/schema\/logo\/image\/","url":"https:\/\/www.welovekeys.co.uk\/wp-content\/uploads\/2017\/06\/WE.png","contentUrl":"https:\/\/www.welovekeys.co.uk\/wp-content\/uploads\/2017\/06\/WE.png","width":348,"height":66,"caption":"We Love Keys"},"image":{"@id":"https:\/\/www.welovekeys.co.uk\/fr\/#\/schema\/logo\/image\/"}}]}},"_links":{"self":[{"href":"https:\/\/www.welovekeys.co.uk\/fr\/wp-json\/wp\/v2\/product\/251700","targetHints":{"allow":["GET"]}}],"collection":[{"href":"https:\/\/www.welovekeys.co.uk\/fr\/wp-json\/wp\/v2\/product"}],"about":[{"href":"https:\/\/www.welovekeys.co.uk\/fr\/wp-json\/wp\/v2\/types\/product"}],"wp:featuredmedia":[{"embeddable":true,"href":"https:\/\/www.welovekeys.co.uk\/fr\/wp-json\/wp\/v2\/media\/3927"}],"wp:attachment":[{"href":"https:\/\/www.welovekeys.co.uk\/fr\/wp-json\/wp\/v2\/media?parent=251700"}],"wp:term":[{"taxonomy":"product_brand","embeddable":true,"href":"https:\/\/www.welovekeys.co.uk\/fr\/wp-json\/wp\/v2\/product_brand?post=251700"},{"taxonomy":"product_cat","embeddable":true,"href":"https:\/\/www.welovekeys.co.uk\/fr\/wp-json\/wp\/v2\/product_cat?post=251700"},{"taxonomy":"product_tag","embeddable":true,"href":"https:\/\/www.welovekeys.co.uk\/fr\/wp-json\/wp\/v2\/product_tag?post=251700"}],"curies":[{"name":"wp","href":"https:\/\/api.w.org\/{rel}","templated":true}]}}