{"id":1813,"date":"2017-06-24T19:24:14","date_gmt":"2017-06-24T19:24:14","guid":{"rendered":"https:\/\/www.welovekeys.co.uk\/product\/cle-abus-granit-x-plus\/"},"modified":"2023-07-20T09:41:12","modified_gmt":"2023-07-20T08:41:12","slug":"cle-abus-granit-x-plus","status":"publish","type":"product","link":"https:\/\/www.welovekeys.co.uk\/fr\/produit\/cle-abus-granit-x-plus\/","title":{"rendered":"Cl\u00e9 ABUS Granit X-Plus"},"content":{"rendered":"<p>Les cl\u00e9s ABUs X-Plus sont courantes dans les serrures de v\u00e9lo et de moto et dans d\u2019autres produits ABUS haut de gamme.<\/p>\n<p>Les serrures ABUS X-Plus sont livr\u00e9es avec une carte qui a un code de 8 chiffres maximum, commen\u00e7ant toujours par X. Pour obtenir une nouvelle cl\u00e9, nous aurons besoin du num\u00e9ro sur cette carte.<\/p>\n<p>Si vous n&rsquo;avez pas de carte, il se peut que nous puissions d\u00e9coder la cl\u00e9 \u00e0 partir d&rsquo;une photo. S&rsquo;il vous pla\u00eet envoyez-nous quelques photos <a href=\"https:\/\/www.welovekeys.co.uk\/fr\/aide\/\"><strong>en utilisant notre outil de t\u00e9l\u00e9chargement de photos<\/strong><\/a>.<\/p>\n<p>Tapez simplement le code de la cl\u00e9 dans la case ci-dessus, et nous ferons le reste!<\/p>\n<p>Chez We Love Keys, nous n&rsquo;utilisons que des \u00e9bauches authentiques ABUS pour fabriquer ce type de cl\u00e9.<\/p>\n<p><strong><em>Exp\u00e9dition le jour m\u00eame si command\u00e9es avant 15h un jour ouvrable.<\/em><\/strong><\/p>\n<p>Saviez-vous que vos avis sont d\u00e9sormais publi\u00e9s sur notre page <a href=\"https:\/\/www.instagram.com\/we_love_keys\/\">Instagram<\/a> ? Il vous suffit de laisser un avis sur <a href=\"https:\/\/uk.trustpilot.com\/review\/welovekeys.co.uk\">Trustpilot<\/a> ou <a href=\"https:\/\/www.google.com\/maps\/place\/1st+Metropolitan+Locksmiths+Ltd.\/@51.5898897,-0.07149,17z\/data=!4m8!3m7!1s0x48761ca42745a585:0xb675cc0d99355445!8m2!3d51.5896873!4d-0.0692956!9m1!1b1!16s%2Fg%2F1tdbdxwj?entry=ttu\">Google<\/a> pour avoir une chance d&rsquo;\u00eatre mis en avant !<\/p>\n<p><img loading=\"lazy\" decoding=\"async\" class=\"size-medium wp-image-742 aligncenter\" src=\"https:\/\/www.welovekeys.co.uk\/wp-content\/uploads\/2018\/01\/ABUS_Logo.svg_-300x96.png\" alt=\"ABUS Logo we love keys\" width=\"300\" height=\"96\" srcset=\"https:\/\/www.welovekeys.co.uk\/wp-content\/uploads\/2018\/01\/ABUS_Logo.svg_-300x96.png 300w, https:\/\/www.welovekeys.co.uk\/wp-content\/uploads\/2018\/01\/ABUS_Logo.svg_-510x163.png 510w, https:\/\/www.welovekeys.co.uk\/wp-content\/uploads\/2018\/01\/ABUS_Logo.svg_-768x245.png 768w, https:\/\/www.welovekeys.co.uk\/wp-content\/uploads\/2018\/01\/ABUS_Logo.svg_-610x194.png 610w, https:\/\/www.welovekeys.co.uk\/wp-content\/uploads\/2018\/01\/ABUS_Logo.svg_.png 985w\" sizes=\"(max-width: 300px) 100vw, 300px\" \/><\/p>\n<h6>En savoir plus sur We Love Keys :<\/h6>\n<p>Chez We Love Keys, nous sommes fiers de proposer une gamme exceptionnelle de solutions de cl\u00e9s \u00e0 des clients du monde entier. Avec plus de 30 ans d&rsquo;exp\u00e9rience, notre entreprise bas\u00e9e \u00e0 Londres est sp\u00e9cialis\u00e9e dans la fourniture de cl\u00e9s de maison, de cl\u00e9s de v\u00e9lo, de cl\u00e9s de coffre-fort, de cl\u00e9s de serrure \u00e0 mortaise, de cl\u00e9s de meubles, de cl\u00e9s de fen\u00eatre, de cl\u00e9s de cadenas, de cl\u00e9s de distributeur automatique, de cl\u00e9s de loquet, de cl\u00e9s d&rsquo;ascenseur et bient\u00f4t de serrures et de cl\u00e9s de s\u00e9curit\u00e9.<\/p>\n<p>Ce qui nous distingue de la concurrence, c&rsquo;est notre engagement envers un service personnalis\u00e9. Nous croyons en une relation client individuelle, garantissant une excellente communication, r\u00e9activit\u00e9 et disponibilit\u00e9 tout au long du parcours du client. Notre \u00e9quipe d\u00e9vou\u00e9e parle anglais, fran\u00e7ais, arabe, allemand, turc et bulgare, garantissant une assistance efficace et performante.<\/p>\n<p>Nous comprenons que la commodit\u00e9 est importante, c&rsquo;est pourquoi nous proposons la duplication de cl\u00e9s \u00e0 partir de photos. M\u00eame si vous ne trouvez pas le produit exact dont vous avez besoin sur notre site Web, envoyez-nous simplement une photo ou appelez-nous, et nous ferons de notre mieux pour vous aider. De plus, nous proposons des offres sp\u00e9ciales attractives et des r\u00e9ductions. Plus vous commandez de cl\u00e9s, plus la remise automatique appliqu\u00e9e \u00e0 votre panier est importante pour tous les produits sur notre site Web.<\/p>\n<p>Chez We Love Keys, la satisfaction du client est notre priorit\u00e9. Nous acceptons les paiements par pro forma et par facture, et des factures de TVA sont fournies pour votre commodit\u00e9. Nous proposons \u00e9galement des remplacements gratuits ou des remboursements si les produits achet\u00e9s pr\u00e9sentent un d\u00e9faut. De plus, notre expertise s&rsquo;\u00e9tend \u00e0 la recherche de cl\u00e9s difficiles \u00e0 trouver, vous assurant que vous pouvez compter sur nous pour r\u00e9pondre \u00e0 vos besoins uniques.<\/p>\n<p>Quand il s&rsquo;agit de cl\u00e9s, faites confiance aux professionnels exp\u00e9riment\u00e9s de We Love Keys. Explorez notre site Web sur www.welovekeys.co.uk pour d\u00e9couvrir notre vaste gamme de produits et profiter de notre service client exceptionnel. Contactez-nous d\u00e8s aujourd&rsquo;hui et d\u00e9couvrez la diff\u00e9rence qu&rsquo;une assistance personnalis\u00e9e et des d\u00e9cennies d&rsquo;expertise industrielle peuvent apporter \u00e0 vos besoins en mati\u00e8re de cl\u00e9s.<\/p>\n<p>Sinc\u00e8rement, We Love Keys.<\/p>\n","protected":false},"excerpt":{"rendered":"<div id=\"discounttable\"><strong>2+ cl\u00e9s = 10% rabais<br \/>\n5+ cl\u00e9s = 16% rabais<br \/>\n10+ cl\u00e9s = 22% rabais<br \/>\n20+ cl\u00e9s = <a href=\"https:\/\/www.welovekeys.co.uk\/fr\/aide\/\" target=\"_blank\" rel=\"noopener noreferrer\">\u00e9crivez-nous<\/a><br \/>R\u00e9ductions appliqu\u00e9es dans le panier.<\/strong><\/div>\n","protected":false},"featured_media":10315,"template":"","meta":{"_et_pb_use_builder":"","_et_pb_old_content":"","_et_gb_content_width":""},"product_brand":[],"product_cat":[730,90,709],"product_tag":[826],"class_list":{"0":"post-1813","1":"product","2":"type-product","3":"status-publish","4":"has-post-thumbnail","6":"product_cat-abus-abus-x-fr","7":"product_cat-cles-abus","8":"product_cat-velo","9":"product_tag-abus-fait-sur-photo","10":"product_shipping_class-large-letter-fr","12":"first","13":"instock","14":"sale","15":"taxable","16":"shipping-taxable","17":"purchasable","18":"product-type-simple"},"yoast_head":"<!-- This site is optimized with the Yoast SEO plugin v27.4 - https:\/\/yoast.com\/product\/yoast-seo-wordpress\/ -->\n<title>Obtenez vos cl\u00e9s ABUS Granit X-Plus chez We Love Keys!<\/title>\n<meta name=\"description\" content=\"Achetez cl\u00e9s ABUS X-Plus chez We Love Keys! Redressement rapide, prix bas, service de qualit\u00e9. Pas besoin d&#039;attendre dans un atelier.\" \/>\n<meta name=\"robots\" content=\"index, follow, max-snippet:-1, max-image-preview:large, max-video-preview:-1\" \/>\n<link rel=\"canonical\" href=\"https:\/\/www.welovekeys.co.uk\/fr\/produit\/cle-abus-granit-x-plus\/\" \/>\n<meta property=\"og:locale\" content=\"fr_FR\" \/>\n<meta property=\"og:type\" content=\"article\" \/>\n<meta property=\"og:title\" content=\"Obtenez vos cl\u00e9s ABUS Granit X-Plus chez We Love Keys!\" \/>\n<meta property=\"og:description\" content=\"Achetez cl\u00e9s ABUS X-Plus chez We Love Keys! Redressement rapide, prix bas, service de qualit\u00e9. Pas besoin d&#039;attendre dans un atelier.\" \/>\n<meta property=\"og:url\" content=\"https:\/\/www.welovekeys.co.uk\/fr\/produit\/cle-abus-granit-x-plus\/\" \/>\n<meta property=\"og:site_name\" content=\"We Love Keys\" \/>\n<meta property=\"article:modified_time\" content=\"2023-07-20T08:41:12+00:00\" \/>\n<meta property=\"og:image\" content=\"https:\/\/www.welovekeys.co.uk\/wp-content\/uploads\/2021\/09\/c-Copy-Copy.jpg\" \/>\n\t<meta property=\"og:image:width\" content=\"751\" \/>\n\t<meta property=\"og:image:height\" content=\"751\" \/>\n\t<meta property=\"og:image:type\" content=\"image\/jpeg\" \/>\n<meta name=\"twitter:card\" content=\"summary_large_image\" \/>\n<meta name=\"twitter:label1\" content=\"Dur\u00e9e de lecture estim\u00e9e\" \/>\n\t<meta name=\"twitter:data1\" content=\"3 minutes\" \/>\n<script type=\"application\/ld+json\" class=\"yoast-schema-graph\">{\"@context\":\"https:\\\/\\\/schema.org\",\"@graph\":[{\"@type\":\"WebPage\",\"@id\":\"https:\\\/\\\/www.welovekeys.co.uk\\\/fr\\\/produit\\\/cle-abus-granit-x-plus\\\/\",\"url\":\"https:\\\/\\\/www.welovekeys.co.uk\\\/fr\\\/produit\\\/cle-abus-granit-x-plus\\\/\",\"name\":\"Obtenez vos cl\u00e9s ABUS Granit X-Plus chez We Love Keys!\",\"isPartOf\":{\"@id\":\"https:\\\/\\\/www.welovekeys.co.uk\\\/fr\\\/#website\"},\"primaryImageOfPage\":{\"@id\":\"https:\\\/\\\/www.welovekeys.co.uk\\\/fr\\\/produit\\\/cle-abus-granit-x-plus\\\/#primaryimage\"},\"image\":{\"@id\":\"https:\\\/\\\/www.welovekeys.co.uk\\\/fr\\\/produit\\\/cle-abus-granit-x-plus\\\/#primaryimage\"},\"thumbnailUrl\":\"https:\\\/\\\/www.welovekeys.co.uk\\\/wp-content\\\/uploads\\\/2021\\\/09\\\/c-Copy-Copy.jpg\",\"datePublished\":\"2017-06-24T19:24:14+00:00\",\"dateModified\":\"2023-07-20T08:41:12+00:00\",\"description\":\"Achetez cl\u00e9s ABUS X-Plus chez We Love Keys! Redressement rapide, prix bas, service de qualit\u00e9. Pas besoin d'attendre dans un atelier.\",\"breadcrumb\":{\"@id\":\"https:\\\/\\\/www.welovekeys.co.uk\\\/fr\\\/produit\\\/cle-abus-granit-x-plus\\\/#breadcrumb\"},\"inLanguage\":\"fr-FR\",\"potentialAction\":[{\"@type\":\"ReadAction\",\"target\":[\"https:\\\/\\\/www.welovekeys.co.uk\\\/fr\\\/produit\\\/cle-abus-granit-x-plus\\\/\"]}]},{\"@type\":\"ImageObject\",\"inLanguage\":\"fr-FR\",\"@id\":\"https:\\\/\\\/www.welovekeys.co.uk\\\/fr\\\/produit\\\/cle-abus-granit-x-plus\\\/#primaryimage\",\"url\":\"https:\\\/\\\/www.welovekeys.co.uk\\\/wp-content\\\/uploads\\\/2021\\\/09\\\/c-Copy-Copy.jpg\",\"contentUrl\":\"https:\\\/\\\/www.welovekeys.co.uk\\\/wp-content\\\/uploads\\\/2021\\\/09\\\/c-Copy-Copy.jpg\",\"width\":751,\"height\":751,\"caption\":\"ABUS X-Plus clef\"},{\"@type\":\"BreadcrumbList\",\"@id\":\"https:\\\/\\\/www.welovekeys.co.uk\\\/fr\\\/produit\\\/cle-abus-granit-x-plus\\\/#breadcrumb\",\"itemListElement\":[{\"@type\":\"ListItem\",\"position\":1,\"name\":\"Home\",\"item\":\"https:\\\/\\\/www.welovekeys.co.uk\\\/fr\\\/\"},{\"@type\":\"ListItem\",\"position\":2,\"name\":\"Boutique\",\"item\":\"https:\\\/\\\/www.welovekeys.co.uk\\\/fr\\\/boutique\\\/\"},{\"@type\":\"ListItem\",\"position\":3,\"name\":\"Cl\u00e9 ABUS Granit X-Plus\"}]},{\"@type\":\"WebSite\",\"@id\":\"https:\\\/\\\/www.welovekeys.co.uk\\\/fr\\\/#website\",\"url\":\"https:\\\/\\\/www.welovekeys.co.uk\\\/fr\\\/\",\"name\":\"We Love Keys\",\"description\":\"A marketplace for keys\",\"publisher\":{\"@id\":\"https:\\\/\\\/www.welovekeys.co.uk\\\/fr\\\/#organization\"},\"potentialAction\":[{\"@type\":\"SearchAction\",\"target\":{\"@type\":\"EntryPoint\",\"urlTemplate\":\"https:\\\/\\\/www.welovekeys.co.uk\\\/fr\\\/?s={search_term_string}\"},\"query-input\":{\"@type\":\"PropertyValueSpecification\",\"valueRequired\":true,\"valueName\":\"search_term_string\"}}],\"inLanguage\":\"fr-FR\"},{\"@type\":\"Organization\",\"@id\":\"https:\\\/\\\/www.welovekeys.co.uk\\\/fr\\\/#organization\",\"name\":\"We Love Keys\",\"url\":\"https:\\\/\\\/www.welovekeys.co.uk\\\/fr\\\/\",\"logo\":{\"@type\":\"ImageObject\",\"inLanguage\":\"fr-FR\",\"@id\":\"https:\\\/\\\/www.welovekeys.co.uk\\\/fr\\\/#\\\/schema\\\/logo\\\/image\\\/\",\"url\":\"https:\\\/\\\/www.welovekeys.co.uk\\\/wp-content\\\/uploads\\\/2017\\\/06\\\/WE.png\",\"contentUrl\":\"https:\\\/\\\/www.welovekeys.co.uk\\\/wp-content\\\/uploads\\\/2017\\\/06\\\/WE.png\",\"width\":348,\"height\":66,\"caption\":\"We Love Keys\"},\"image\":{\"@id\":\"https:\\\/\\\/www.welovekeys.co.uk\\\/fr\\\/#\\\/schema\\\/logo\\\/image\\\/\"}}]}<\/script>\n<!-- \/ Yoast SEO plugin. -->","yoast_head_json":{"title":"Obtenez vos cl\u00e9s ABUS Granit X-Plus chez We Love Keys!","description":"Achetez cl\u00e9s ABUS X-Plus chez We Love Keys! Redressement rapide, prix bas, service de qualit\u00e9. Pas besoin d'attendre dans un atelier.","robots":{"index":"index","follow":"follow","max-snippet":"max-snippet:-1","max-image-preview":"max-image-preview:large","max-video-preview":"max-video-preview:-1"},"canonical":"https:\/\/www.welovekeys.co.uk\/fr\/produit\/cle-abus-granit-x-plus\/","og_locale":"fr_FR","og_type":"article","og_title":"Obtenez vos cl\u00e9s ABUS Granit X-Plus chez We Love Keys!","og_description":"Achetez cl\u00e9s ABUS X-Plus chez We Love Keys! Redressement rapide, prix bas, service de qualit\u00e9. Pas besoin d'attendre dans un atelier.","og_url":"https:\/\/www.welovekeys.co.uk\/fr\/produit\/cle-abus-granit-x-plus\/","og_site_name":"We Love Keys","article_modified_time":"2023-07-20T08:41:12+00:00","og_image":[{"width":751,"height":751,"url":"https:\/\/www.welovekeys.co.uk\/wp-content\/uploads\/2021\/09\/c-Copy-Copy.jpg","type":"image\/jpeg"}],"twitter_card":"summary_large_image","twitter_misc":{"Dur\u00e9e de lecture estim\u00e9e":"3 minutes"},"schema":{"@context":"https:\/\/schema.org","@graph":[{"@type":"WebPage","@id":"https:\/\/www.welovekeys.co.uk\/fr\/produit\/cle-abus-granit-x-plus\/","url":"https:\/\/www.welovekeys.co.uk\/fr\/produit\/cle-abus-granit-x-plus\/","name":"Obtenez vos cl\u00e9s ABUS Granit X-Plus chez We Love Keys!","isPartOf":{"@id":"https:\/\/www.welovekeys.co.uk\/fr\/#website"},"primaryImageOfPage":{"@id":"https:\/\/www.welovekeys.co.uk\/fr\/produit\/cle-abus-granit-x-plus\/#primaryimage"},"image":{"@id":"https:\/\/www.welovekeys.co.uk\/fr\/produit\/cle-abus-granit-x-plus\/#primaryimage"},"thumbnailUrl":"https:\/\/www.welovekeys.co.uk\/wp-content\/uploads\/2021\/09\/c-Copy-Copy.jpg","datePublished":"2017-06-24T19:24:14+00:00","dateModified":"2023-07-20T08:41:12+00:00","description":"Achetez cl\u00e9s ABUS X-Plus chez We Love Keys! Redressement rapide, prix bas, service de qualit\u00e9. Pas besoin d'attendre dans un atelier.","breadcrumb":{"@id":"https:\/\/www.welovekeys.co.uk\/fr\/produit\/cle-abus-granit-x-plus\/#breadcrumb"},"inLanguage":"fr-FR","potentialAction":[{"@type":"ReadAction","target":["https:\/\/www.welovekeys.co.uk\/fr\/produit\/cle-abus-granit-x-plus\/"]}]},{"@type":"ImageObject","inLanguage":"fr-FR","@id":"https:\/\/www.welovekeys.co.uk\/fr\/produit\/cle-abus-granit-x-plus\/#primaryimage","url":"https:\/\/www.welovekeys.co.uk\/wp-content\/uploads\/2021\/09\/c-Copy-Copy.jpg","contentUrl":"https:\/\/www.welovekeys.co.uk\/wp-content\/uploads\/2021\/09\/c-Copy-Copy.jpg","width":751,"height":751,"caption":"ABUS X-Plus clef"},{"@type":"BreadcrumbList","@id":"https:\/\/www.welovekeys.co.uk\/fr\/produit\/cle-abus-granit-x-plus\/#breadcrumb","itemListElement":[{"@type":"ListItem","position":1,"name":"Home","item":"https:\/\/www.welovekeys.co.uk\/fr\/"},{"@type":"ListItem","position":2,"name":"Boutique","item":"https:\/\/www.welovekeys.co.uk\/fr\/boutique\/"},{"@type":"ListItem","position":3,"name":"Cl\u00e9 ABUS Granit X-Plus"}]},{"@type":"WebSite","@id":"https:\/\/www.welovekeys.co.uk\/fr\/#website","url":"https:\/\/www.welovekeys.co.uk\/fr\/","name":"We Love Keys","description":"A marketplace for keys","publisher":{"@id":"https:\/\/www.welovekeys.co.uk\/fr\/#organization"},"potentialAction":[{"@type":"SearchAction","target":{"@type":"EntryPoint","urlTemplate":"https:\/\/www.welovekeys.co.uk\/fr\/?s={search_term_string}"},"query-input":{"@type":"PropertyValueSpecification","valueRequired":true,"valueName":"search_term_string"}}],"inLanguage":"fr-FR"},{"@type":"Organization","@id":"https:\/\/www.welovekeys.co.uk\/fr\/#organization","name":"We Love Keys","url":"https:\/\/www.welovekeys.co.uk\/fr\/","logo":{"@type":"ImageObject","inLanguage":"fr-FR","@id":"https:\/\/www.welovekeys.co.uk\/fr\/#\/schema\/logo\/image\/","url":"https:\/\/www.welovekeys.co.uk\/wp-content\/uploads\/2017\/06\/WE.png","contentUrl":"https:\/\/www.welovekeys.co.uk\/wp-content\/uploads\/2017\/06\/WE.png","width":348,"height":66,"caption":"We Love Keys"},"image":{"@id":"https:\/\/www.welovekeys.co.uk\/fr\/#\/schema\/logo\/image\/"}}]}},"_links":{"self":[{"href":"https:\/\/www.welovekeys.co.uk\/fr\/wp-json\/wp\/v2\/product\/1813","targetHints":{"allow":["GET"]}}],"collection":[{"href":"https:\/\/www.welovekeys.co.uk\/fr\/wp-json\/wp\/v2\/product"}],"about":[{"href":"https:\/\/www.welovekeys.co.uk\/fr\/wp-json\/wp\/v2\/types\/product"}],"wp:featuredmedia":[{"embeddable":true,"href":"https:\/\/www.welovekeys.co.uk\/fr\/wp-json\/wp\/v2\/media\/10315"}],"wp:attachment":[{"href":"https:\/\/www.welovekeys.co.uk\/fr\/wp-json\/wp\/v2\/media?parent=1813"}],"wp:term":[{"taxonomy":"product_brand","embeddable":true,"href":"https:\/\/www.welovekeys.co.uk\/fr\/wp-json\/wp\/v2\/product_brand?post=1813"},{"taxonomy":"product_cat","embeddable":true,"href":"https:\/\/www.welovekeys.co.uk\/fr\/wp-json\/wp\/v2\/product_cat?post=1813"},{"taxonomy":"product_tag","embeddable":true,"href":"https:\/\/www.welovekeys.co.uk\/fr\/wp-json\/wp\/v2\/product_tag?post=1813"}],"curies":[{"name":"wp","href":"https:\/\/api.w.org\/{rel}","templated":true}]}}