{"id":1598,"date":"2018-03-20T10:20:43","date_gmt":"2018-03-20T10:20:43","guid":{"rendered":"https:\/\/www.welovekeys.co.uk\/product\/cle-assa-trioving-serie-d12\/"},"modified":"2022-05-02T12:22:25","modified_gmt":"2022-05-02T11:22:25","slug":"cle-assa-trioving-serie-d12","status":"publish","type":"product","link":"https:\/\/www.welovekeys.co.uk\/fr\/produit\/cle-assa-trioving-serie-d12\/","title":{"rendered":"Cl\u00e9 ASSA TrioVing, s\u00e9rie D12"},"content":{"rendered":"<p>Le plus souvent trouv\u00e9 dans les portes, ces cl\u00e9s peuvent \u00eatre difficiles \u00e0 copier localement. C&rsquo;est l\u00e0 que We Love Keys entre! Nous pouvons fabriquer vos cl\u00e9s en un temps record et les exp\u00e9dier le m\u00eame jour.<\/p>\n<p>Sur votre cl\u00e9 ASSA TrioVing, un code \u00e0 6 lettres, par ex. AEDAAR, sera marqu\u00e9. Il suffit de taper ce code dans la case ci-dessus et nous allons fabriquer votre cl\u00e9 pour vous.<\/p>\n<p>Chez We Love Keys, nous n&rsquo;utilisons que des \u00e9bauches authentiques TrioVing pour fabriquer ce type de cl\u00e9.<\/p>\n<blockquote><p><strong><em>Veuillez noter:<\/em> Si TrioVing n&rsquo;est pas inscrit sur votre cl\u00e9, <a href=\"https:\/\/www.welovekeys.co.uk\/fr\/contactez-nous\/\">veuillez nous contacter<\/a> avant de commander.<\/strong><\/p><\/blockquote>\n<p><strong><em>Ces cl\u00e9s seront g\u00e9n\u00e9ralement exp\u00e9di\u00e9es le jour m\u00eame, si command\u00e9es avant 14 heures.<\/em><\/strong><\/p>\n","protected":false},"excerpt":{"rendered":"<div id=\"discounttable\"><strong>2+ cl\u00e9s = 10% rabais<br \/>\n5+ cl\u00e9s = 16% rabais<br \/>\n10+ cl\u00e9s = 22% rabais<br \/>\n20+ cl\u00e9s = <a href=\"https:\/\/www.welovekeys.co.uk\/fr\/aide\/\" target=\"_blank\" rel=\"noopener\">\u00e9crivez-nous<\/a><br \/>R\u00e9ductions appliqu\u00e9es dans le panier.<\/strong><\/div>\n","protected":false},"featured_media":1313,"template":"","meta":{"_et_pb_use_builder":"","_et_pb_old_content":"","_et_gb_content_width":""},"product_brand":[],"product_cat":[659,742,750,713],"product_tag":[],"class_list":{"0":"post-1598","1":"product","2":"type-product","3":"status-publish","4":"has-post-thumbnail","6":"product_cat-trioving-assa-abloy-fr","7":"product_cat-cles-standards","8":"product_cat-one-side-fr","9":"product_cat-porte","10":"product_shipping_class-trioving-postage-fr","12":"first","13":"instock","14":"taxable","15":"shipping-taxable","16":"purchasable","17":"product-type-simple"},"yoast_head":"<!-- This site is optimized with the Yoast SEO plugin v27.4 - https:\/\/yoast.com\/product\/yoast-seo-wordpress\/ -->\n<title>Cl\u00e9s TrioVing D12 - Commandez-les en ligne chez We Love Keys<\/title>\n<meta name=\"description\" content=\"Trouvez tous les types de cl\u00e9s dans notre boutique en ligne. Haute qualit\u00e9, bons prix et exp\u00e9dition rapide. We Love Keys est un service de cl\u00e9s en ligne.\" \/>\n<meta name=\"robots\" content=\"index, follow, max-snippet:-1, max-image-preview:large, max-video-preview:-1\" \/>\n<link rel=\"canonical\" href=\"https:\/\/www.welovekeys.co.uk\/fr\/produit\/cle-assa-trioving-serie-d12\/\" \/>\n<meta property=\"og:locale\" content=\"fr_FR\" \/>\n<meta property=\"og:type\" content=\"article\" \/>\n<meta property=\"og:title\" content=\"Cl\u00e9s TrioVing D12 - Commandez-les en ligne chez We Love Keys\" \/>\n<meta property=\"og:description\" content=\"Trouvez tous les types de cl\u00e9s dans notre boutique en ligne. Haute qualit\u00e9, bons prix et exp\u00e9dition rapide. We Love Keys est un service de cl\u00e9s en ligne.\" \/>\n<meta property=\"og:url\" content=\"https:\/\/www.welovekeys.co.uk\/fr\/produit\/cle-assa-trioving-serie-d12\/\" \/>\n<meta property=\"og:site_name\" content=\"We Love Keys\" \/>\n<meta property=\"article:modified_time\" content=\"2022-05-02T11:22:25+00:00\" \/>\n<meta property=\"og:image\" content=\"https:\/\/www.welovekeys.co.uk\/wp-content\/uploads\/2018\/03\/trioving.jpg\" \/>\n\t<meta property=\"og:image:width\" content=\"600\" \/>\n\t<meta property=\"og:image:height\" content=\"600\" \/>\n\t<meta property=\"og:image:type\" content=\"image\/jpeg\" \/>\n<meta name=\"twitter:card\" content=\"summary_large_image\" \/>\n<meta name=\"twitter:label1\" content=\"Dur\u00e9e de lecture estim\u00e9e\" \/>\n\t<meta name=\"twitter:data1\" content=\"1 minute\" \/>\n<script type=\"application\/ld+json\" class=\"yoast-schema-graph\">{\"@context\":\"https:\\\/\\\/schema.org\",\"@graph\":[{\"@type\":\"WebPage\",\"@id\":\"https:\\\/\\\/www.welovekeys.co.uk\\\/fr\\\/produit\\\/cle-assa-trioving-serie-d12\\\/\",\"url\":\"https:\\\/\\\/www.welovekeys.co.uk\\\/fr\\\/produit\\\/cle-assa-trioving-serie-d12\\\/\",\"name\":\"Cl\u00e9s TrioVing D12 - Commandez-les en ligne chez We Love Keys\",\"isPartOf\":{\"@id\":\"https:\\\/\\\/www.welovekeys.co.uk\\\/fr\\\/#website\"},\"primaryImageOfPage\":{\"@id\":\"https:\\\/\\\/www.welovekeys.co.uk\\\/fr\\\/produit\\\/cle-assa-trioving-serie-d12\\\/#primaryimage\"},\"image\":{\"@id\":\"https:\\\/\\\/www.welovekeys.co.uk\\\/fr\\\/produit\\\/cle-assa-trioving-serie-d12\\\/#primaryimage\"},\"thumbnailUrl\":\"https:\\\/\\\/www.welovekeys.co.uk\\\/wp-content\\\/uploads\\\/2018\\\/03\\\/trioving.jpg\",\"datePublished\":\"2018-03-20T10:20:43+00:00\",\"dateModified\":\"2022-05-02T11:22:25+00:00\",\"description\":\"Trouvez tous les types de cl\u00e9s dans notre boutique en ligne. Haute qualit\u00e9, bons prix et exp\u00e9dition rapide. We Love Keys est un service de cl\u00e9s en ligne.\",\"breadcrumb\":{\"@id\":\"https:\\\/\\\/www.welovekeys.co.uk\\\/fr\\\/produit\\\/cle-assa-trioving-serie-d12\\\/#breadcrumb\"},\"inLanguage\":\"fr-FR\",\"potentialAction\":[{\"@type\":\"ReadAction\",\"target\":[\"https:\\\/\\\/www.welovekeys.co.uk\\\/fr\\\/produit\\\/cle-assa-trioving-serie-d12\\\/\"]}]},{\"@type\":\"ImageObject\",\"inLanguage\":\"fr-FR\",\"@id\":\"https:\\\/\\\/www.welovekeys.co.uk\\\/fr\\\/produit\\\/cle-assa-trioving-serie-d12\\\/#primaryimage\",\"url\":\"https:\\\/\\\/www.welovekeys.co.uk\\\/wp-content\\\/uploads\\\/2018\\\/03\\\/trioving.jpg\",\"contentUrl\":\"https:\\\/\\\/www.welovekeys.co.uk\\\/wp-content\\\/uploads\\\/2018\\\/03\\\/trioving.jpg\",\"width\":600,\"height\":600,\"caption\":\"Cl\u00e9 TrioVing D12\"},{\"@type\":\"BreadcrumbList\",\"@id\":\"https:\\\/\\\/www.welovekeys.co.uk\\\/fr\\\/produit\\\/cle-assa-trioving-serie-d12\\\/#breadcrumb\",\"itemListElement\":[{\"@type\":\"ListItem\",\"position\":1,\"name\":\"Home\",\"item\":\"https:\\\/\\\/www.welovekeys.co.uk\\\/fr\\\/\"},{\"@type\":\"ListItem\",\"position\":2,\"name\":\"Boutique\",\"item\":\"https:\\\/\\\/www.welovekeys.co.uk\\\/fr\\\/boutique\\\/\"},{\"@type\":\"ListItem\",\"position\":3,\"name\":\"Cl\u00e9 ASSA TrioVing, s\u00e9rie D12\"}]},{\"@type\":\"WebSite\",\"@id\":\"https:\\\/\\\/www.welovekeys.co.uk\\\/fr\\\/#website\",\"url\":\"https:\\\/\\\/www.welovekeys.co.uk\\\/fr\\\/\",\"name\":\"We Love Keys\",\"description\":\"A marketplace for keys\",\"publisher\":{\"@id\":\"https:\\\/\\\/www.welovekeys.co.uk\\\/fr\\\/#organization\"},\"potentialAction\":[{\"@type\":\"SearchAction\",\"target\":{\"@type\":\"EntryPoint\",\"urlTemplate\":\"https:\\\/\\\/www.welovekeys.co.uk\\\/fr\\\/?s={search_term_string}\"},\"query-input\":{\"@type\":\"PropertyValueSpecification\",\"valueRequired\":true,\"valueName\":\"search_term_string\"}}],\"inLanguage\":\"fr-FR\"},{\"@type\":\"Organization\",\"@id\":\"https:\\\/\\\/www.welovekeys.co.uk\\\/fr\\\/#organization\",\"name\":\"We Love Keys\",\"url\":\"https:\\\/\\\/www.welovekeys.co.uk\\\/fr\\\/\",\"logo\":{\"@type\":\"ImageObject\",\"inLanguage\":\"fr-FR\",\"@id\":\"https:\\\/\\\/www.welovekeys.co.uk\\\/fr\\\/#\\\/schema\\\/logo\\\/image\\\/\",\"url\":\"https:\\\/\\\/www.welovekeys.co.uk\\\/wp-content\\\/uploads\\\/2017\\\/06\\\/WE.png\",\"contentUrl\":\"https:\\\/\\\/www.welovekeys.co.uk\\\/wp-content\\\/uploads\\\/2017\\\/06\\\/WE.png\",\"width\":348,\"height\":66,\"caption\":\"We Love Keys\"},\"image\":{\"@id\":\"https:\\\/\\\/www.welovekeys.co.uk\\\/fr\\\/#\\\/schema\\\/logo\\\/image\\\/\"}}]}<\/script>\n<!-- \/ Yoast SEO plugin. -->","yoast_head_json":{"title":"Cl\u00e9s TrioVing D12 - Commandez-les en ligne chez We Love Keys","description":"Trouvez tous les types de cl\u00e9s dans notre boutique en ligne. Haute qualit\u00e9, bons prix et exp\u00e9dition rapide. We Love Keys est un service de cl\u00e9s en ligne.","robots":{"index":"index","follow":"follow","max-snippet":"max-snippet:-1","max-image-preview":"max-image-preview:large","max-video-preview":"max-video-preview:-1"},"canonical":"https:\/\/www.welovekeys.co.uk\/fr\/produit\/cle-assa-trioving-serie-d12\/","og_locale":"fr_FR","og_type":"article","og_title":"Cl\u00e9s TrioVing D12 - Commandez-les en ligne chez We Love Keys","og_description":"Trouvez tous les types de cl\u00e9s dans notre boutique en ligne. Haute qualit\u00e9, bons prix et exp\u00e9dition rapide. We Love Keys est un service de cl\u00e9s en ligne.","og_url":"https:\/\/www.welovekeys.co.uk\/fr\/produit\/cle-assa-trioving-serie-d12\/","og_site_name":"We Love Keys","article_modified_time":"2022-05-02T11:22:25+00:00","og_image":[{"width":600,"height":600,"url":"https:\/\/www.welovekeys.co.uk\/wp-content\/uploads\/2018\/03\/trioving.jpg","type":"image\/jpeg"}],"twitter_card":"summary_large_image","twitter_misc":{"Dur\u00e9e de lecture estim\u00e9e":"1 minute"},"schema":{"@context":"https:\/\/schema.org","@graph":[{"@type":"WebPage","@id":"https:\/\/www.welovekeys.co.uk\/fr\/produit\/cle-assa-trioving-serie-d12\/","url":"https:\/\/www.welovekeys.co.uk\/fr\/produit\/cle-assa-trioving-serie-d12\/","name":"Cl\u00e9s TrioVing D12 - Commandez-les en ligne chez We Love Keys","isPartOf":{"@id":"https:\/\/www.welovekeys.co.uk\/fr\/#website"},"primaryImageOfPage":{"@id":"https:\/\/www.welovekeys.co.uk\/fr\/produit\/cle-assa-trioving-serie-d12\/#primaryimage"},"image":{"@id":"https:\/\/www.welovekeys.co.uk\/fr\/produit\/cle-assa-trioving-serie-d12\/#primaryimage"},"thumbnailUrl":"https:\/\/www.welovekeys.co.uk\/wp-content\/uploads\/2018\/03\/trioving.jpg","datePublished":"2018-03-20T10:20:43+00:00","dateModified":"2022-05-02T11:22:25+00:00","description":"Trouvez tous les types de cl\u00e9s dans notre boutique en ligne. Haute qualit\u00e9, bons prix et exp\u00e9dition rapide. We Love Keys est un service de cl\u00e9s en ligne.","breadcrumb":{"@id":"https:\/\/www.welovekeys.co.uk\/fr\/produit\/cle-assa-trioving-serie-d12\/#breadcrumb"},"inLanguage":"fr-FR","potentialAction":[{"@type":"ReadAction","target":["https:\/\/www.welovekeys.co.uk\/fr\/produit\/cle-assa-trioving-serie-d12\/"]}]},{"@type":"ImageObject","inLanguage":"fr-FR","@id":"https:\/\/www.welovekeys.co.uk\/fr\/produit\/cle-assa-trioving-serie-d12\/#primaryimage","url":"https:\/\/www.welovekeys.co.uk\/wp-content\/uploads\/2018\/03\/trioving.jpg","contentUrl":"https:\/\/www.welovekeys.co.uk\/wp-content\/uploads\/2018\/03\/trioving.jpg","width":600,"height":600,"caption":"Cl\u00e9 TrioVing D12"},{"@type":"BreadcrumbList","@id":"https:\/\/www.welovekeys.co.uk\/fr\/produit\/cle-assa-trioving-serie-d12\/#breadcrumb","itemListElement":[{"@type":"ListItem","position":1,"name":"Home","item":"https:\/\/www.welovekeys.co.uk\/fr\/"},{"@type":"ListItem","position":2,"name":"Boutique","item":"https:\/\/www.welovekeys.co.uk\/fr\/boutique\/"},{"@type":"ListItem","position":3,"name":"Cl\u00e9 ASSA TrioVing, s\u00e9rie D12"}]},{"@type":"WebSite","@id":"https:\/\/www.welovekeys.co.uk\/fr\/#website","url":"https:\/\/www.welovekeys.co.uk\/fr\/","name":"We Love Keys","description":"A marketplace for keys","publisher":{"@id":"https:\/\/www.welovekeys.co.uk\/fr\/#organization"},"potentialAction":[{"@type":"SearchAction","target":{"@type":"EntryPoint","urlTemplate":"https:\/\/www.welovekeys.co.uk\/fr\/?s={search_term_string}"},"query-input":{"@type":"PropertyValueSpecification","valueRequired":true,"valueName":"search_term_string"}}],"inLanguage":"fr-FR"},{"@type":"Organization","@id":"https:\/\/www.welovekeys.co.uk\/fr\/#organization","name":"We Love Keys","url":"https:\/\/www.welovekeys.co.uk\/fr\/","logo":{"@type":"ImageObject","inLanguage":"fr-FR","@id":"https:\/\/www.welovekeys.co.uk\/fr\/#\/schema\/logo\/image\/","url":"https:\/\/www.welovekeys.co.uk\/wp-content\/uploads\/2017\/06\/WE.png","contentUrl":"https:\/\/www.welovekeys.co.uk\/wp-content\/uploads\/2017\/06\/WE.png","width":348,"height":66,"caption":"We Love Keys"},"image":{"@id":"https:\/\/www.welovekeys.co.uk\/fr\/#\/schema\/logo\/image\/"}}]}},"_links":{"self":[{"href":"https:\/\/www.welovekeys.co.uk\/fr\/wp-json\/wp\/v2\/product\/1598","targetHints":{"allow":["GET"]}}],"collection":[{"href":"https:\/\/www.welovekeys.co.uk\/fr\/wp-json\/wp\/v2\/product"}],"about":[{"href":"https:\/\/www.welovekeys.co.uk\/fr\/wp-json\/wp\/v2\/types\/product"}],"wp:featuredmedia":[{"embeddable":true,"href":"https:\/\/www.welovekeys.co.uk\/fr\/wp-json\/wp\/v2\/media\/1313"}],"wp:attachment":[{"href":"https:\/\/www.welovekeys.co.uk\/fr\/wp-json\/wp\/v2\/media?parent=1598"}],"wp:term":[{"taxonomy":"product_brand","embeddable":true,"href":"https:\/\/www.welovekeys.co.uk\/fr\/wp-json\/wp\/v2\/product_brand?post=1598"},{"taxonomy":"product_cat","embeddable":true,"href":"https:\/\/www.welovekeys.co.uk\/fr\/wp-json\/wp\/v2\/product_cat?post=1598"},{"taxonomy":"product_tag","embeddable":true,"href":"https:\/\/www.welovekeys.co.uk\/fr\/wp-json\/wp\/v2\/product_tag?post=1598"}],"curies":[{"name":"wp","href":"https:\/\/api.w.org\/{rel}","templated":true}]}}