{"id":1589,"date":"2018-04-11T10:59:48","date_gmt":"2018-04-11T10:59:48","guid":{"rendered":"https:\/\/www.welovekeys.co.uk\/product\/cle-abus-double-face-serie-e6\/"},"modified":"2022-06-07T15:34:03","modified_gmt":"2022-06-07T14:34:03","slug":"cle-abus-double-face-serie-e6","status":"publish","type":"product","link":"https:\/\/www.welovekeys.co.uk\/fr\/produit\/cle-abus-double-face-serie-e6\/","title":{"rendered":"Cl\u00e9 ABUS double face, s\u00e9rie E6"},"content":{"rendered":"<p>Les cl\u00e9s ABUS E6 sont courantes dans les serrures et les cadenas de v\u00e9lo. Les codes cl\u00e9s sont g\u00e9n\u00e9ralement \u00e9crits sur une carte fournie \u00e0 l&rsquo;origine avec le verrou ou sur la cl\u00e9 elle-m\u00eame.<\/p>\n<blockquote>\n<p>Les codes cl\u00e9s commencent par E6, suivi de 4 chiffres, par ex. E6 1817. Tapez simplement le code dans la case ci-dessus, et nous ferons votre cl\u00e9 pour vous!<\/p>\n<\/blockquote>\n<p><strong><em>Exp\u00e9dition le jour m\u00eame en cas de commande avant 15h un jour ouvrable.<\/em><\/strong><\/p>\n","protected":false},"excerpt":{"rendered":"<div id=\"discounttable\"><strong>2+ cl\u00e9s = 10% rabais<br \/>\n5+ cl\u00e9s = 16% rabais<br \/>\n10+ cl\u00e9s = 22% rabais<br \/>\n20+ cl\u00e9s = <a href=\"https:\/\/www.welovekeys.co.uk\/fr\/aide\/\" target=\"_blank\" rel=\"noopener\">\u00e9crivez-nous<\/a><br \/>R\u00e9ductions appliqu\u00e9es dans le panier.<\/strong><\/div>\n","protected":false},"featured_media":1305,"template":"","meta":{"_et_pb_use_builder":"","_et_pb_old_content":"","_et_gb_content_width":""},"product_brand":[],"product_cat":[90,742,746,709],"product_tag":[],"class_list":{"0":"post-1589","1":"product","2":"type-product","3":"status-publish","4":"has-post-thumbnail","6":"product_cat-cles-abus","7":"product_cat-cles-standards","8":"product_cat-double-sided-fr","9":"product_cat-velo","10":"product_shipping_class-large-letter-fr","12":"first","13":"instock","14":"taxable","15":"shipping-taxable","16":"purchasable","17":"product-type-simple"},"yoast_head":"<!-- This site is optimized with the Yoast SEO plugin v27.4 - https:\/\/yoast.com\/product\/yoast-seo-wordpress\/ -->\n<title>Achetez cl\u00e9s ABUS E6 pour antivol sur l&#039;internet chez We Love Keys<\/title>\n<meta name=\"description\" content=\"Achetez cl\u00e9s ABUS E6 pour antivol sur l&#039;internet chez We Love Keys! Redressement rapide, des prix comp\u00e9titifs, un service de qualit\u00e9. Pas besoin d&#039;attendre en ligne dans un magasin de serrurerie.\" \/>\n<meta name=\"robots\" content=\"index, follow, max-snippet:-1, max-image-preview:large, max-video-preview:-1\" \/>\n<link rel=\"canonical\" href=\"https:\/\/www.welovekeys.co.uk\/fr\/produit\/cle-abus-double-face-serie-e6\/\" \/>\n<meta property=\"og:locale\" content=\"fr_FR\" \/>\n<meta property=\"og:type\" content=\"article\" \/>\n<meta property=\"og:title\" content=\"Achetez cl\u00e9s ABUS E6 pour antivol sur l&#039;internet chez We Love Keys\" \/>\n<meta property=\"og:description\" content=\"Achetez cl\u00e9s ABUS E6 pour antivol sur l&#039;internet chez We Love Keys! Redressement rapide, des prix comp\u00e9titifs, un service de qualit\u00e9. Pas besoin d&#039;attendre en ligne dans un magasin de serrurerie.\" \/>\n<meta property=\"og:url\" content=\"https:\/\/www.welovekeys.co.uk\/fr\/produit\/cle-abus-double-face-serie-e6\/\" \/>\n<meta property=\"og:site_name\" content=\"We Love Keys\" \/>\n<meta property=\"article:modified_time\" content=\"2022-06-07T14:34:03+00:00\" \/>\n<meta property=\"og:image\" content=\"https:\/\/www.welovekeys.co.uk\/wp-content\/uploads\/2018\/02\/abus-t82-short.png\" \/>\n\t<meta property=\"og:image:width\" content=\"374\" \/>\n\t<meta property=\"og:image:height\" content=\"374\" \/>\n\t<meta property=\"og:image:type\" content=\"image\/png\" \/>\n<meta name=\"twitter:card\" content=\"summary_large_image\" \/>\n<script type=\"application\/ld+json\" class=\"yoast-schema-graph\">{\"@context\":\"https:\\\/\\\/schema.org\",\"@graph\":[{\"@type\":\"WebPage\",\"@id\":\"https:\\\/\\\/www.welovekeys.co.uk\\\/fr\\\/produit\\\/cle-abus-double-face-serie-e6\\\/\",\"url\":\"https:\\\/\\\/www.welovekeys.co.uk\\\/fr\\\/produit\\\/cle-abus-double-face-serie-e6\\\/\",\"name\":\"Achetez cl\u00e9s ABUS E6 pour antivol sur l'internet chez We Love Keys\",\"isPartOf\":{\"@id\":\"https:\\\/\\\/www.welovekeys.co.uk\\\/fr\\\/#website\"},\"primaryImageOfPage\":{\"@id\":\"https:\\\/\\\/www.welovekeys.co.uk\\\/fr\\\/produit\\\/cle-abus-double-face-serie-e6\\\/#primaryimage\"},\"image\":{\"@id\":\"https:\\\/\\\/www.welovekeys.co.uk\\\/fr\\\/produit\\\/cle-abus-double-face-serie-e6\\\/#primaryimage\"},\"thumbnailUrl\":\"https:\\\/\\\/www.welovekeys.co.uk\\\/wp-content\\\/uploads\\\/2018\\\/02\\\/abus-t82-short.png\",\"datePublished\":\"2018-04-11T10:59:48+00:00\",\"dateModified\":\"2022-06-07T14:34:03+00:00\",\"description\":\"Achetez cl\u00e9s ABUS E6 pour antivol sur l'internet chez We Love Keys! Redressement rapide, des prix comp\u00e9titifs, un service de qualit\u00e9. Pas besoin d'attendre en ligne dans un magasin de serrurerie.\",\"breadcrumb\":{\"@id\":\"https:\\\/\\\/www.welovekeys.co.uk\\\/fr\\\/produit\\\/cle-abus-double-face-serie-e6\\\/#breadcrumb\"},\"inLanguage\":\"fr-FR\",\"potentialAction\":[{\"@type\":\"ReadAction\",\"target\":[\"https:\\\/\\\/www.welovekeys.co.uk\\\/fr\\\/produit\\\/cle-abus-double-face-serie-e6\\\/\"]}]},{\"@type\":\"ImageObject\",\"inLanguage\":\"fr-FR\",\"@id\":\"https:\\\/\\\/www.welovekeys.co.uk\\\/fr\\\/produit\\\/cle-abus-double-face-serie-e6\\\/#primaryimage\",\"url\":\"https:\\\/\\\/www.welovekeys.co.uk\\\/wp-content\\\/uploads\\\/2018\\\/02\\\/abus-t82-short.png\",\"contentUrl\":\"https:\\\/\\\/www.welovekeys.co.uk\\\/wp-content\\\/uploads\\\/2018\\\/02\\\/abus-t82-short.png\",\"width\":374,\"height\":374,\"caption\":\"Cl\u00e9 ABUS E6\"},{\"@type\":\"BreadcrumbList\",\"@id\":\"https:\\\/\\\/www.welovekeys.co.uk\\\/fr\\\/produit\\\/cle-abus-double-face-serie-e6\\\/#breadcrumb\",\"itemListElement\":[{\"@type\":\"ListItem\",\"position\":1,\"name\":\"Home\",\"item\":\"https:\\\/\\\/www.welovekeys.co.uk\\\/fr\\\/\"},{\"@type\":\"ListItem\",\"position\":2,\"name\":\"Boutique\",\"item\":\"https:\\\/\\\/www.welovekeys.co.uk\\\/fr\\\/boutique\\\/\"},{\"@type\":\"ListItem\",\"position\":3,\"name\":\"Cl\u00e9 ABUS double face, s\u00e9rie E6\"}]},{\"@type\":\"WebSite\",\"@id\":\"https:\\\/\\\/www.welovekeys.co.uk\\\/fr\\\/#website\",\"url\":\"https:\\\/\\\/www.welovekeys.co.uk\\\/fr\\\/\",\"name\":\"We Love Keys\",\"description\":\"A marketplace for keys\",\"publisher\":{\"@id\":\"https:\\\/\\\/www.welovekeys.co.uk\\\/fr\\\/#organization\"},\"potentialAction\":[{\"@type\":\"SearchAction\",\"target\":{\"@type\":\"EntryPoint\",\"urlTemplate\":\"https:\\\/\\\/www.welovekeys.co.uk\\\/fr\\\/?s={search_term_string}\"},\"query-input\":{\"@type\":\"PropertyValueSpecification\",\"valueRequired\":true,\"valueName\":\"search_term_string\"}}],\"inLanguage\":\"fr-FR\"},{\"@type\":\"Organization\",\"@id\":\"https:\\\/\\\/www.welovekeys.co.uk\\\/fr\\\/#organization\",\"name\":\"We Love Keys\",\"url\":\"https:\\\/\\\/www.welovekeys.co.uk\\\/fr\\\/\",\"logo\":{\"@type\":\"ImageObject\",\"inLanguage\":\"fr-FR\",\"@id\":\"https:\\\/\\\/www.welovekeys.co.uk\\\/fr\\\/#\\\/schema\\\/logo\\\/image\\\/\",\"url\":\"https:\\\/\\\/www.welovekeys.co.uk\\\/wp-content\\\/uploads\\\/2017\\\/06\\\/WE.png\",\"contentUrl\":\"https:\\\/\\\/www.welovekeys.co.uk\\\/wp-content\\\/uploads\\\/2017\\\/06\\\/WE.png\",\"width\":348,\"height\":66,\"caption\":\"We Love Keys\"},\"image\":{\"@id\":\"https:\\\/\\\/www.welovekeys.co.uk\\\/fr\\\/#\\\/schema\\\/logo\\\/image\\\/\"}}]}<\/script>\n<!-- \/ Yoast SEO plugin. -->","yoast_head_json":{"title":"Achetez cl\u00e9s ABUS E6 pour antivol sur l'internet chez We Love Keys","description":"Achetez cl\u00e9s ABUS E6 pour antivol sur l'internet chez We Love Keys! Redressement rapide, des prix comp\u00e9titifs, un service de qualit\u00e9. Pas besoin d'attendre en ligne dans un magasin de serrurerie.","robots":{"index":"index","follow":"follow","max-snippet":"max-snippet:-1","max-image-preview":"max-image-preview:large","max-video-preview":"max-video-preview:-1"},"canonical":"https:\/\/www.welovekeys.co.uk\/fr\/produit\/cle-abus-double-face-serie-e6\/","og_locale":"fr_FR","og_type":"article","og_title":"Achetez cl\u00e9s ABUS E6 pour antivol sur l'internet chez We Love Keys","og_description":"Achetez cl\u00e9s ABUS E6 pour antivol sur l'internet chez We Love Keys! Redressement rapide, des prix comp\u00e9titifs, un service de qualit\u00e9. Pas besoin d'attendre en ligne dans un magasin de serrurerie.","og_url":"https:\/\/www.welovekeys.co.uk\/fr\/produit\/cle-abus-double-face-serie-e6\/","og_site_name":"We Love Keys","article_modified_time":"2022-06-07T14:34:03+00:00","og_image":[{"width":374,"height":374,"url":"https:\/\/www.welovekeys.co.uk\/wp-content\/uploads\/2018\/02\/abus-t82-short.png","type":"image\/png"}],"twitter_card":"summary_large_image","schema":{"@context":"https:\/\/schema.org","@graph":[{"@type":"WebPage","@id":"https:\/\/www.welovekeys.co.uk\/fr\/produit\/cle-abus-double-face-serie-e6\/","url":"https:\/\/www.welovekeys.co.uk\/fr\/produit\/cle-abus-double-face-serie-e6\/","name":"Achetez cl\u00e9s ABUS E6 pour antivol sur l'internet chez We Love Keys","isPartOf":{"@id":"https:\/\/www.welovekeys.co.uk\/fr\/#website"},"primaryImageOfPage":{"@id":"https:\/\/www.welovekeys.co.uk\/fr\/produit\/cle-abus-double-face-serie-e6\/#primaryimage"},"image":{"@id":"https:\/\/www.welovekeys.co.uk\/fr\/produit\/cle-abus-double-face-serie-e6\/#primaryimage"},"thumbnailUrl":"https:\/\/www.welovekeys.co.uk\/wp-content\/uploads\/2018\/02\/abus-t82-short.png","datePublished":"2018-04-11T10:59:48+00:00","dateModified":"2022-06-07T14:34:03+00:00","description":"Achetez cl\u00e9s ABUS E6 pour antivol sur l'internet chez We Love Keys! Redressement rapide, des prix comp\u00e9titifs, un service de qualit\u00e9. Pas besoin d'attendre en ligne dans un magasin de serrurerie.","breadcrumb":{"@id":"https:\/\/www.welovekeys.co.uk\/fr\/produit\/cle-abus-double-face-serie-e6\/#breadcrumb"},"inLanguage":"fr-FR","potentialAction":[{"@type":"ReadAction","target":["https:\/\/www.welovekeys.co.uk\/fr\/produit\/cle-abus-double-face-serie-e6\/"]}]},{"@type":"ImageObject","inLanguage":"fr-FR","@id":"https:\/\/www.welovekeys.co.uk\/fr\/produit\/cle-abus-double-face-serie-e6\/#primaryimage","url":"https:\/\/www.welovekeys.co.uk\/wp-content\/uploads\/2018\/02\/abus-t82-short.png","contentUrl":"https:\/\/www.welovekeys.co.uk\/wp-content\/uploads\/2018\/02\/abus-t82-short.png","width":374,"height":374,"caption":"Cl\u00e9 ABUS E6"},{"@type":"BreadcrumbList","@id":"https:\/\/www.welovekeys.co.uk\/fr\/produit\/cle-abus-double-face-serie-e6\/#breadcrumb","itemListElement":[{"@type":"ListItem","position":1,"name":"Home","item":"https:\/\/www.welovekeys.co.uk\/fr\/"},{"@type":"ListItem","position":2,"name":"Boutique","item":"https:\/\/www.welovekeys.co.uk\/fr\/boutique\/"},{"@type":"ListItem","position":3,"name":"Cl\u00e9 ABUS double face, s\u00e9rie E6"}]},{"@type":"WebSite","@id":"https:\/\/www.welovekeys.co.uk\/fr\/#website","url":"https:\/\/www.welovekeys.co.uk\/fr\/","name":"We Love Keys","description":"A marketplace for keys","publisher":{"@id":"https:\/\/www.welovekeys.co.uk\/fr\/#organization"},"potentialAction":[{"@type":"SearchAction","target":{"@type":"EntryPoint","urlTemplate":"https:\/\/www.welovekeys.co.uk\/fr\/?s={search_term_string}"},"query-input":{"@type":"PropertyValueSpecification","valueRequired":true,"valueName":"search_term_string"}}],"inLanguage":"fr-FR"},{"@type":"Organization","@id":"https:\/\/www.welovekeys.co.uk\/fr\/#organization","name":"We Love Keys","url":"https:\/\/www.welovekeys.co.uk\/fr\/","logo":{"@type":"ImageObject","inLanguage":"fr-FR","@id":"https:\/\/www.welovekeys.co.uk\/fr\/#\/schema\/logo\/image\/","url":"https:\/\/www.welovekeys.co.uk\/wp-content\/uploads\/2017\/06\/WE.png","contentUrl":"https:\/\/www.welovekeys.co.uk\/wp-content\/uploads\/2017\/06\/WE.png","width":348,"height":66,"caption":"We Love Keys"},"image":{"@id":"https:\/\/www.welovekeys.co.uk\/fr\/#\/schema\/logo\/image\/"}}]}},"_links":{"self":[{"href":"https:\/\/www.welovekeys.co.uk\/fr\/wp-json\/wp\/v2\/product\/1589","targetHints":{"allow":["GET"]}}],"collection":[{"href":"https:\/\/www.welovekeys.co.uk\/fr\/wp-json\/wp\/v2\/product"}],"about":[{"href":"https:\/\/www.welovekeys.co.uk\/fr\/wp-json\/wp\/v2\/types\/product"}],"wp:featuredmedia":[{"embeddable":true,"href":"https:\/\/www.welovekeys.co.uk\/fr\/wp-json\/wp\/v2\/media\/1305"}],"wp:attachment":[{"href":"https:\/\/www.welovekeys.co.uk\/fr\/wp-json\/wp\/v2\/media?parent=1589"}],"wp:term":[{"taxonomy":"product_brand","embeddable":true,"href":"https:\/\/www.welovekeys.co.uk\/fr\/wp-json\/wp\/v2\/product_brand?post=1589"},{"taxonomy":"product_cat","embeddable":true,"href":"https:\/\/www.welovekeys.co.uk\/fr\/wp-json\/wp\/v2\/product_cat?post=1589"},{"taxonomy":"product_tag","embeddable":true,"href":"https:\/\/www.welovekeys.co.uk\/fr\/wp-json\/wp\/v2\/product_tag?post=1589"}],"curies":[{"name":"wp","href":"https:\/\/api.w.org\/{rel}","templated":true}]}}