{"id":15376,"date":"2022-10-18T15:54:59","date_gmt":"2022-10-18T14:54:59","guid":{"rendered":"https:\/\/www.welovekeys.co.uk\/product\/anime-porte-cles-demon-slayer\/"},"modified":"2023-05-03T11:07:18","modified_gmt":"2023-05-03T10:07:18","slug":"anime-porte-cles-demon-slayer","status":"publish","type":"product","link":"https:\/\/www.welovekeys.co.uk\/fr\/produit\/anime-porte-cles-demon-slayer\/","title":{"rendered":"Anime Porte-cl\u00e9s Demon Slayer"},"content":{"rendered":"<p>Obtenez un porte-cl\u00e9s Demon Slayer ici, sur les cl\u00e9s We Love!<\/p>\n<p>Personnages disponibles selon photo :<\/p>\n<ul>\n<li>Tanjiro Kamado<\/li>\n<li>Nezuko Kamado<\/li>\n<li>Zenitsu Agatsuma<\/li>\n<li>Hashibira Inosuke<\/li>\n<li>Muzan Kibutsuji<\/li>\n<li>Giyu Tomioka<\/li>\n<li>Kanao Tsuyuri<\/li>\n<li>Ky\u00f4juro Rengoku<\/li>\n<li>Shinobu Kocho<\/li>\n<li>Mitsuri<\/li>\n<\/ul>\n<p><strong>Kimetsu no Yaiba \u9b3c\u6ec5\u306e\u5203<\/strong><\/p>\n<p>Mat\u00e9riau : caoutchouc PVC<\/p>\n<p>Couleur : Design al\u00e9atoire en fonction de la disponibilit\u00e9 des stocks.<\/p>\n<p>Taille : environ 3 cm.<\/p>\n<p>Diam\u00e8tre de l&rsquo;anneau : 2,3 cm<\/p>\n<p>Saviez-vous que vos avis sont maintenant publi\u00e9s sur notre page <a href=\"https:\/\/www.instagram.com\/we_love_keys\/\">Instagram<\/a> ? Laissez simplement un avis sur <a href=\"https:\/\/uk.trustpilot.com\/review\/metrolocks.co.uk\">Trustpilot<\/a> ou <a href=\"https:\/\/www.google.com\/maps\/place\/1st+Metropolitan+Locksmiths+Ltd.\/@51.5898897,-0.07149,18z\/data=!4m8!3m7!1s0x48761ca42745a585:0xb675cc0d99355445!8m2!3d51.5896873!4d-0.0692956!9m1!1b1!16s%2Fg%2F1tdbdxwj\">Google<\/a> pour avoir une chance d&rsquo;\u00eatre mis en avant \u00e9galement !<\/p>\n<p>Vous pouvez v\u00e9rifier tous les accessoires cl\u00e9s que nous proposons sur notre site Web en cliquant <a href=\"https:\/\/www.welovekeys.co.uk\/fr\/categorie-produit\/accessoires-de-cle\/\">ici<\/a>. Des porte-cl\u00e9s d&rsquo;anime aux \u00e9tiquettes standard et plus encore.<\/p>\n<p>De nouveaux designs sont \u00e0 venir, alors restez \u00e0 l&rsquo;\u00e9coute !<\/p>\n","protected":false},"excerpt":{"rendered":"<blockquote><p>Le co\u00fbt indiqu\u00e9 ci-dessus est pour 1 pi\u00e8ce.<\/p><\/blockquote>\n<div id=\"discounttable\"><strong>2+ porte-cl\u00e9s = 10% rabais <\/strong><\/div>\n<div><strong>5+ porte-cl\u00e9s = 16% rabais <\/strong><\/div>\n<div><strong>Remises appliqu\u00e9es dans le panier. <\/strong><\/div>\n","protected":false},"featured_media":15267,"template":"","meta":{"_et_pb_use_builder":"","_et_pb_old_content":"","_et_gb_content_width":""},"product_brand":[],"product_cat":[98],"product_tag":[277,275,276],"class_list":{"0":"post-15376","1":"product","2":"type-product","3":"status-publish","4":"has-post-thumbnail","6":"product_cat-accessoires-de-cle","7":"product_tag-key-cap-fr","8":"product_tag-key-chain-fr","9":"product_tag-key-ring-fr","10":"product_shipping_class-env-fr","12":"first","13":"instock","14":"sale","15":"taxable","16":"shipping-taxable","17":"purchasable","18":"product-type-simple"},"yoast_head":"<!-- This site is optimized with the Yoast SEO plugin v27.4 - https:\/\/yoast.com\/product\/yoast-seo-wordpress\/ -->\n<title>Anime Porte-cl\u00e9s Demon Slayer - We Love Keys<\/title>\n<meta name=\"description\" content=\"Fan d&#039;anime Demon Slayer ? Procurez-vous un porte-cl\u00e9s de l&#039;un des personnages de la s\u00e9rie d\u00e8s maintenant jusqu&#039;\u00e0 \u00e9puisement des stocks. Grand prix et exp\u00e9dition rapide.\" \/>\n<meta name=\"robots\" content=\"index, follow, max-snippet:-1, max-image-preview:large, max-video-preview:-1\" \/>\n<link rel=\"canonical\" href=\"https:\/\/www.welovekeys.co.uk\/fr\/produit\/anime-porte-cles-demon-slayer\/\" \/>\n<meta property=\"og:locale\" content=\"fr_FR\" \/>\n<meta property=\"og:type\" content=\"article\" \/>\n<meta property=\"og:title\" content=\"Anime Porte-cl\u00e9s Demon Slayer - We Love Keys\" \/>\n<meta property=\"og:description\" content=\"Fan d&#039;anime Demon Slayer ? Procurez-vous un porte-cl\u00e9s de l&#039;un des personnages de la s\u00e9rie d\u00e8s maintenant jusqu&#039;\u00e0 \u00e9puisement des stocks. Grand prix et exp\u00e9dition rapide.\" \/>\n<meta property=\"og:url\" content=\"https:\/\/www.welovekeys.co.uk\/fr\/produit\/anime-porte-cles-demon-slayer\/\" \/>\n<meta property=\"og:site_name\" content=\"We Love Keys\" \/>\n<meta property=\"article:modified_time\" content=\"2023-05-03T10:07:18+00:00\" \/>\n<meta property=\"og:image\" content=\"https:\/\/www.welovekeys.co.uk\/wp-content\/uploads\/2022\/10\/U4d7ffc06e7f242949702941244353953T.jpg\" \/>\n\t<meta property=\"og:image:width\" content=\"600\" \/>\n\t<meta property=\"og:image:height\" content=\"600\" \/>\n\t<meta property=\"og:image:type\" content=\"image\/jpeg\" \/>\n<meta name=\"twitter:card\" content=\"summary_large_image\" \/>\n<meta name=\"twitter:label1\" content=\"Dur\u00e9e de lecture estim\u00e9e\" \/>\n\t<meta name=\"twitter:data1\" content=\"1 minute\" \/>\n<script type=\"application\/ld+json\" class=\"yoast-schema-graph\">{\"@context\":\"https:\\\/\\\/schema.org\",\"@graph\":[{\"@type\":\"WebPage\",\"@id\":\"https:\\\/\\\/www.welovekeys.co.uk\\\/fr\\\/produit\\\/anime-porte-cles-demon-slayer\\\/\",\"url\":\"https:\\\/\\\/www.welovekeys.co.uk\\\/fr\\\/produit\\\/anime-porte-cles-demon-slayer\\\/\",\"name\":\"Anime Porte-cl\u00e9s Demon Slayer - We Love Keys\",\"isPartOf\":{\"@id\":\"https:\\\/\\\/www.welovekeys.co.uk\\\/fr\\\/#website\"},\"primaryImageOfPage\":{\"@id\":\"https:\\\/\\\/www.welovekeys.co.uk\\\/fr\\\/produit\\\/anime-porte-cles-demon-slayer\\\/#primaryimage\"},\"image\":{\"@id\":\"https:\\\/\\\/www.welovekeys.co.uk\\\/fr\\\/produit\\\/anime-porte-cles-demon-slayer\\\/#primaryimage\"},\"thumbnailUrl\":\"https:\\\/\\\/www.welovekeys.co.uk\\\/wp-content\\\/uploads\\\/2022\\\/10\\\/U4d7ffc06e7f242949702941244353953T.jpg\",\"datePublished\":\"2022-10-18T14:54:59+00:00\",\"dateModified\":\"2023-05-03T10:07:18+00:00\",\"description\":\"Fan d'anime Demon Slayer ? Procurez-vous un porte-cl\u00e9s de l'un des personnages de la s\u00e9rie d\u00e8s maintenant jusqu'\u00e0 \u00e9puisement des stocks. Grand prix et exp\u00e9dition rapide.\",\"breadcrumb\":{\"@id\":\"https:\\\/\\\/www.welovekeys.co.uk\\\/fr\\\/produit\\\/anime-porte-cles-demon-slayer\\\/#breadcrumb\"},\"inLanguage\":\"fr-FR\",\"potentialAction\":[{\"@type\":\"ReadAction\",\"target\":[\"https:\\\/\\\/www.welovekeys.co.uk\\\/fr\\\/produit\\\/anime-porte-cles-demon-slayer\\\/\"]}]},{\"@type\":\"ImageObject\",\"inLanguage\":\"fr-FR\",\"@id\":\"https:\\\/\\\/www.welovekeys.co.uk\\\/fr\\\/produit\\\/anime-porte-cles-demon-slayer\\\/#primaryimage\",\"url\":\"https:\\\/\\\/www.welovekeys.co.uk\\\/wp-content\\\/uploads\\\/2022\\\/10\\\/U4d7ffc06e7f242949702941244353953T.jpg\",\"contentUrl\":\"https:\\\/\\\/www.welovekeys.co.uk\\\/wp-content\\\/uploads\\\/2022\\\/10\\\/U4d7ffc06e7f242949702941244353953T.jpg\",\"width\":600,\"height\":600,\"caption\":\"Demon slayer anime rubber key-chain\"},{\"@type\":\"BreadcrumbList\",\"@id\":\"https:\\\/\\\/www.welovekeys.co.uk\\\/fr\\\/produit\\\/anime-porte-cles-demon-slayer\\\/#breadcrumb\",\"itemListElement\":[{\"@type\":\"ListItem\",\"position\":1,\"name\":\"Home\",\"item\":\"https:\\\/\\\/www.welovekeys.co.uk\\\/fr\\\/\"},{\"@type\":\"ListItem\",\"position\":2,\"name\":\"Boutique\",\"item\":\"https:\\\/\\\/www.welovekeys.co.uk\\\/fr\\\/boutique\\\/\"},{\"@type\":\"ListItem\",\"position\":3,\"name\":\"Anime Porte-cl\u00e9s Demon Slayer\"}]},{\"@type\":\"WebSite\",\"@id\":\"https:\\\/\\\/www.welovekeys.co.uk\\\/fr\\\/#website\",\"url\":\"https:\\\/\\\/www.welovekeys.co.uk\\\/fr\\\/\",\"name\":\"We Love Keys\",\"description\":\"A marketplace for keys\",\"publisher\":{\"@id\":\"https:\\\/\\\/www.welovekeys.co.uk\\\/fr\\\/#organization\"},\"potentialAction\":[{\"@type\":\"SearchAction\",\"target\":{\"@type\":\"EntryPoint\",\"urlTemplate\":\"https:\\\/\\\/www.welovekeys.co.uk\\\/fr\\\/?s={search_term_string}\"},\"query-input\":{\"@type\":\"PropertyValueSpecification\",\"valueRequired\":true,\"valueName\":\"search_term_string\"}}],\"inLanguage\":\"fr-FR\"},{\"@type\":\"Organization\",\"@id\":\"https:\\\/\\\/www.welovekeys.co.uk\\\/fr\\\/#organization\",\"name\":\"We Love Keys\",\"url\":\"https:\\\/\\\/www.welovekeys.co.uk\\\/fr\\\/\",\"logo\":{\"@type\":\"ImageObject\",\"inLanguage\":\"fr-FR\",\"@id\":\"https:\\\/\\\/www.welovekeys.co.uk\\\/fr\\\/#\\\/schema\\\/logo\\\/image\\\/\",\"url\":\"https:\\\/\\\/www.welovekeys.co.uk\\\/wp-content\\\/uploads\\\/2017\\\/06\\\/WE.png\",\"contentUrl\":\"https:\\\/\\\/www.welovekeys.co.uk\\\/wp-content\\\/uploads\\\/2017\\\/06\\\/WE.png\",\"width\":348,\"height\":66,\"caption\":\"We Love Keys\"},\"image\":{\"@id\":\"https:\\\/\\\/www.welovekeys.co.uk\\\/fr\\\/#\\\/schema\\\/logo\\\/image\\\/\"}}]}<\/script>\n<!-- \/ Yoast SEO plugin. -->","yoast_head_json":{"title":"Anime Porte-cl\u00e9s Demon Slayer - We Love Keys","description":"Fan d'anime Demon Slayer ? Procurez-vous un porte-cl\u00e9s de l'un des personnages de la s\u00e9rie d\u00e8s maintenant jusqu'\u00e0 \u00e9puisement des stocks. Grand prix et exp\u00e9dition rapide.","robots":{"index":"index","follow":"follow","max-snippet":"max-snippet:-1","max-image-preview":"max-image-preview:large","max-video-preview":"max-video-preview:-1"},"canonical":"https:\/\/www.welovekeys.co.uk\/fr\/produit\/anime-porte-cles-demon-slayer\/","og_locale":"fr_FR","og_type":"article","og_title":"Anime Porte-cl\u00e9s Demon Slayer - We Love Keys","og_description":"Fan d'anime Demon Slayer ? Procurez-vous un porte-cl\u00e9s de l'un des personnages de la s\u00e9rie d\u00e8s maintenant jusqu'\u00e0 \u00e9puisement des stocks. Grand prix et exp\u00e9dition rapide.","og_url":"https:\/\/www.welovekeys.co.uk\/fr\/produit\/anime-porte-cles-demon-slayer\/","og_site_name":"We Love Keys","article_modified_time":"2023-05-03T10:07:18+00:00","og_image":[{"width":600,"height":600,"url":"https:\/\/www.welovekeys.co.uk\/wp-content\/uploads\/2022\/10\/U4d7ffc06e7f242949702941244353953T.jpg","type":"image\/jpeg"}],"twitter_card":"summary_large_image","twitter_misc":{"Dur\u00e9e de lecture estim\u00e9e":"1 minute"},"schema":{"@context":"https:\/\/schema.org","@graph":[{"@type":"WebPage","@id":"https:\/\/www.welovekeys.co.uk\/fr\/produit\/anime-porte-cles-demon-slayer\/","url":"https:\/\/www.welovekeys.co.uk\/fr\/produit\/anime-porte-cles-demon-slayer\/","name":"Anime Porte-cl\u00e9s Demon Slayer - We Love Keys","isPartOf":{"@id":"https:\/\/www.welovekeys.co.uk\/fr\/#website"},"primaryImageOfPage":{"@id":"https:\/\/www.welovekeys.co.uk\/fr\/produit\/anime-porte-cles-demon-slayer\/#primaryimage"},"image":{"@id":"https:\/\/www.welovekeys.co.uk\/fr\/produit\/anime-porte-cles-demon-slayer\/#primaryimage"},"thumbnailUrl":"https:\/\/www.welovekeys.co.uk\/wp-content\/uploads\/2022\/10\/U4d7ffc06e7f242949702941244353953T.jpg","datePublished":"2022-10-18T14:54:59+00:00","dateModified":"2023-05-03T10:07:18+00:00","description":"Fan d'anime Demon Slayer ? Procurez-vous un porte-cl\u00e9s de l'un des personnages de la s\u00e9rie d\u00e8s maintenant jusqu'\u00e0 \u00e9puisement des stocks. Grand prix et exp\u00e9dition rapide.","breadcrumb":{"@id":"https:\/\/www.welovekeys.co.uk\/fr\/produit\/anime-porte-cles-demon-slayer\/#breadcrumb"},"inLanguage":"fr-FR","potentialAction":[{"@type":"ReadAction","target":["https:\/\/www.welovekeys.co.uk\/fr\/produit\/anime-porte-cles-demon-slayer\/"]}]},{"@type":"ImageObject","inLanguage":"fr-FR","@id":"https:\/\/www.welovekeys.co.uk\/fr\/produit\/anime-porte-cles-demon-slayer\/#primaryimage","url":"https:\/\/www.welovekeys.co.uk\/wp-content\/uploads\/2022\/10\/U4d7ffc06e7f242949702941244353953T.jpg","contentUrl":"https:\/\/www.welovekeys.co.uk\/wp-content\/uploads\/2022\/10\/U4d7ffc06e7f242949702941244353953T.jpg","width":600,"height":600,"caption":"Demon slayer anime rubber key-chain"},{"@type":"BreadcrumbList","@id":"https:\/\/www.welovekeys.co.uk\/fr\/produit\/anime-porte-cles-demon-slayer\/#breadcrumb","itemListElement":[{"@type":"ListItem","position":1,"name":"Home","item":"https:\/\/www.welovekeys.co.uk\/fr\/"},{"@type":"ListItem","position":2,"name":"Boutique","item":"https:\/\/www.welovekeys.co.uk\/fr\/boutique\/"},{"@type":"ListItem","position":3,"name":"Anime Porte-cl\u00e9s Demon Slayer"}]},{"@type":"WebSite","@id":"https:\/\/www.welovekeys.co.uk\/fr\/#website","url":"https:\/\/www.welovekeys.co.uk\/fr\/","name":"We Love Keys","description":"A marketplace for keys","publisher":{"@id":"https:\/\/www.welovekeys.co.uk\/fr\/#organization"},"potentialAction":[{"@type":"SearchAction","target":{"@type":"EntryPoint","urlTemplate":"https:\/\/www.welovekeys.co.uk\/fr\/?s={search_term_string}"},"query-input":{"@type":"PropertyValueSpecification","valueRequired":true,"valueName":"search_term_string"}}],"inLanguage":"fr-FR"},{"@type":"Organization","@id":"https:\/\/www.welovekeys.co.uk\/fr\/#organization","name":"We Love Keys","url":"https:\/\/www.welovekeys.co.uk\/fr\/","logo":{"@type":"ImageObject","inLanguage":"fr-FR","@id":"https:\/\/www.welovekeys.co.uk\/fr\/#\/schema\/logo\/image\/","url":"https:\/\/www.welovekeys.co.uk\/wp-content\/uploads\/2017\/06\/WE.png","contentUrl":"https:\/\/www.welovekeys.co.uk\/wp-content\/uploads\/2017\/06\/WE.png","width":348,"height":66,"caption":"We Love Keys"},"image":{"@id":"https:\/\/www.welovekeys.co.uk\/fr\/#\/schema\/logo\/image\/"}}]}},"_links":{"self":[{"href":"https:\/\/www.welovekeys.co.uk\/fr\/wp-json\/wp\/v2\/product\/15376","targetHints":{"allow":["GET"]}}],"collection":[{"href":"https:\/\/www.welovekeys.co.uk\/fr\/wp-json\/wp\/v2\/product"}],"about":[{"href":"https:\/\/www.welovekeys.co.uk\/fr\/wp-json\/wp\/v2\/types\/product"}],"wp:featuredmedia":[{"embeddable":true,"href":"https:\/\/www.welovekeys.co.uk\/fr\/wp-json\/wp\/v2\/media\/15267"}],"wp:attachment":[{"href":"https:\/\/www.welovekeys.co.uk\/fr\/wp-json\/wp\/v2\/media?parent=15376"}],"wp:term":[{"taxonomy":"product_brand","embeddable":true,"href":"https:\/\/www.welovekeys.co.uk\/fr\/wp-json\/wp\/v2\/product_brand?post=15376"},{"taxonomy":"product_cat","embeddable":true,"href":"https:\/\/www.welovekeys.co.uk\/fr\/wp-json\/wp\/v2\/product_cat?post=15376"},{"taxonomy":"product_tag","embeddable":true,"href":"https:\/\/www.welovekeys.co.uk\/fr\/wp-json\/wp\/v2\/product_tag?post=15376"}],"curies":[{"name":"wp","href":"https:\/\/api.w.org\/{rel}","templated":true}]}}