{"id":4708,"date":"2020-03-25T16:03:27","date_gmt":"2020-03-25T16:03:27","guid":{"rendered":"https:\/\/www.welovekeys.co.uk\/guide-pour-commander-les-cles-dascenseur-et-dinterrupteur\/"},"modified":"2020-03-25T16:03:28","modified_gmt":"2020-03-25T16:03:28","slug":"guide-pour-commander-les-cles-dascenseur-et-dinterrupteur","status":"publish","type":"page","link":"https:\/\/www.welovekeys.co.uk\/fr\/guide-pour-commander-les-cles-dascenseur-et-dinterrupteur\/","title":{"rendered":"Guide pour commander les cl\u00e9s d&rsquo;ascenseur et d&rsquo;interrupteur"},"content":{"rendered":"\n[et_pb_section fb_built=\u00a0\u00bb1&Prime; _builder_version=\u00a0\u00bb4.0.6&Prime; background_image=\u00a0\u00bbhttps:\/\/www.welovekeys.co.uk\/wp-content\/uploads\/2019\/11\/lift.jpg\u00a0\u00bb custom_margin=\u00a0\u00bb|||\u00a0\u00bb custom_padding=\u00a0\u00bb200px||200px|\u00a0\u00bb bottom_divider_style=\u00a0\u00bbmountains2&Prime; bottom_divider_color=\u00a0\u00bb#ffffff\u00a0\u00bb hover_enabled=\u00a0\u00bb0&Prime; background_position=\u00a0\u00bbbottom_center\u00a0\u00bb][\/et_pb_section][et_pb_section fb_built=\u00a0\u00bb1&Prime; _builder_version=\u00a0\u00bb3.22&Prime; custom_padding=\u00a0\u00bb0px|0px|54px|0px\u00a0\u00bb][et_pb_row _builder_version=\u00a0\u00bb3.25&Prime; background_size=\u00a0\u00bbinitial\u00a0\u00bb background_position=\u00a0\u00bbtop_left\u00a0\u00bb background_repeat=\u00a0\u00bbrepeat\u00a0\u00bb][et_pb_column type=\u00a0\u00bb4_4&Prime; _builder_version=\u00a0\u00bb3.25&Prime; custom_padding=\u00a0\u00bb|||\u00a0\u00bb custom_padding__hover=\u00a0\u00bb|||\u00a0\u00bb][et_pb_text _builder_version=\u00a0\u00bb4.0.6&Prime; text_font=\u00a0\u00bb|300|||||||\u00a0\u00bb text_text_color=\u00a0\u00bbrgba(0,0,0,0.84)\u00a0\u00bb text_font_size=\u00a0\u00bb18px\u00a0\u00bb text_line_height=\u00a0\u00bb1.8em\u00a0\u00bb header_font=\u00a0\u00bb|600|||||||\u00a0\u00bb header_text_color=\u00a0\u00bb#4f4f4f\u00a0\u00bb header_2_font=\u00a0\u00bb|300|||||||\u00a0\u00bb header_2_text_color=\u00a0\u00bb##4f4f4f\u00a0\u00bb hover_enabled=\u00a0\u00bb0&Prime;]<h1>Guide pour commander les cl\u00e9s d&rsquo;ascenseur et d&rsquo;interrupteur en ligne<img loading=\"lazy\" decoding=\"async\" src=\"https:\/\/www.welovekeys.co.uk\/wp-content\/uploads\/2019\/10\/DOM-Logo.png\" width=\"225\" height=\"115\" alt=\"DOM logo\" class=\"wp-image-3638 alignright size-medium\" \/><\/h1>\r\n    <h2>Vous recherchez des <a href=\"https:\/\/www.welovekeys.co.uk\/fr\/cles-dinterrupteur-et-dascenseur\/\" target=\"_blank\" rel=\"noopener noreferrer\">cl\u00e9s d&rsquo;interrupteur de rechange<\/a>? Vous \u00eates au bon endroit.<\/h2>\r\n    <p>Il est souvent difficile d&rsquo;obtenir des cl\u00e9s d&rsquo;interrupteur ou des cl\u00e9s d&rsquo;ascenseur de rechange pour vos machines. C&rsquo;est pourquoi nous avons d\u00e9cid\u00e9 de cr\u00e9er un site Web pour simplifier ce processus.<\/p>\r\n    <p>Puisqu&rsquo;il y a tellement de cl\u00e9s d&rsquo;interrupteur diff\u00e9rentes sur le march\u00e9, servant un \u00e9ventail d&rsquo;utilisation aussi large, nous avons pens\u00e9 qu&rsquo;il pourrait \u00eatre utile de fournir un guide pour s\u00e9lectionner les produits de <span style=\"font-weight:bolder;\"><a href=\"https:\/\/www.welovekeys.co.uk\/fr\/cles-dinterrupteur-et-dascenseur\/\" target=\"_blank\" rel=\"noopener noreferrer\">notre gamme de cl\u00e9s d&rsquo;interrupteur et d&rsquo;ascenseur<\/a><\/span>.<\/p>\r\n    <p>Vous \u00eates toujours les bienvenus pour nous appeler au <span style=\"font-weight:bolder;\"><a href=\"tel:00442076080809\">(+44) 020 7608 0809<\/a><\/span> ou <span style=\"font-weight:bolder;\"><a href=\"www.welovekeys.co.uk\/contact-us\/\">pour nous \u00e9crire<\/a><\/span>        si vous avez des questions.<\/p>\r\n    <h2 id=\"willyouneed\">Aurez-vous besoin de ma cl\u00e9 pour copier?<\/h2>\r\n    <p>Nous n&rsquo;aurons pas besoin de copier votre cl\u00e9. C\u2019est la magie des cl\u00e9s d&rsquo;interrupteur: elles peuvent toutes \u00eatre fabriqu\u00e9es \u00e0 distance, \u00e0 partir d\u2019un num\u00e9ro de code.<\/p>\r\n    <p>Donc, s&rsquo;il ne vous reste qu&rsquo;une seule cl\u00e9, que vous utilisez tous les jours, n&rsquo;ayez pas peur! Nous pouvons fabriquer votre cl\u00e9 et vous l&rsquo;envoyer sans aucun probl\u00e8me.<\/p>\r\n    <h2 id=\"codenumbers\">Num\u00e9ros de code et o\u00f9 les trouver.<\/h2>\r\n    <p>La plupart des cl\u00e9s d&rsquo;interrupteur porteront un num\u00e9ro de code. Parfois, le trou de serrure aura \u00e9galement un num\u00e9ro de code marqu\u00e9 dessus.<\/p>\r\n    <p><img decoding=\"async\" src=\"https:\/\/www.welovekeys.co.uk\/wp-content\/uploads\/2019\/10\/KABA-Logo-1.png\" width=\"200\" alt=\"KABA logo\" class=\"wp-image-3621 alignright size-medium\" \/>En r\u00e8gle g\u00e9n\u00e9rale, un num\u00e9ro de code de cl\u00e9 est marqu\u00e9 sur la t\u00eate de la cl\u00e9. Si la t\u00eate de la cl\u00e9 est en plastique (bien que ce soit rarement le cas avec les cl\u00e9s d&rsquo;interrupteur), le code est g\u00e9n\u00e9ralement \u00e9crit en haut de la tige de la cl\u00e9.<\/p>\r\n    <p>Si vous n&rsquo;\u00eates pas s\u00fbr du num\u00e9ro de cl\u00e9, nous pouvons \u00eatre en mesure d&rsquo;identifier la cl\u00e9 en voyant une photo. Si vous n&rsquo;\u00eates pas s\u00fbr, envoyez une photo \u00e0 <span style=\"font-weight:bolder;\"><a href=\"mailto:help@welovekeys.co.uk\">help@welovekeys.co.uk<\/a><\/span> ou utilisez notre <span style=\"font-weight:bolder;\"><a target=\"_blank\" href=\"https:\/\/www.welovekeys.co.uk\/fr\/produit\/je-ne-sais-pas-quelle-cle-interrupteur-choisir\/\" rel=\"noopener noreferrer\">outil de t\u00e9l\u00e9chargement de photos<\/a><\/span>.<\/p>\r\n    <p>Il ne vous reste peut-\u00eatre plus de cl\u00e9s. Dans ce cas, il vaut la peine de v\u00e9rifier la documentation fournie avec la machine ou l&rsquo;ascenseur pour voir s&rsquo;il y a un num\u00e9ro de pi\u00e8ce r\u00e9pertori\u00e9 pour les cl\u00e9s de remplacement. \u00c0 partir de ce num\u00e9ro de pi\u00e8ce, nous pouvons souvent identifier la cl\u00e9 dont vous avez besoin.<\/p>\r\n    <h2 id=\"nocode\">Et si je ne trouve pas mon code de cl\u00e9?<\/h2>\r\n    <p>Dans certains cas, nous pourrons faire une cl\u00e9 simplement \u00e0 partir d&rsquo;une photo. Utilisez notre <a href=\"https:\/\/www.welovekeys.co.uk\/fr\/produit\/je-ne-sais-pas-quelle-cle-interrupteur-choisir\/\" rel=\"noopener noreferrer\" target=\"_blank\"><span style=\"font-weight:bolder;\">outil de t\u00e9l\u00e9chargement de photos<\/span><\/a> pour nous envoyer quelques photos de votre cl\u00e9, nous vous r\u00e9pondrons avec une solution.<\/p>[\/et_pb_text][\/et_pb_column][\/et_pb_row][\/et_pb_section]\n","protected":false},"excerpt":{"rendered":"<p>Guide pour commander les cl\u00e9s d&rsquo;ascenseur et d&rsquo;interrupteur en ligne Vous recherchez des cl\u00e9s d&rsquo;interrupteur de rechange? Vous \u00eates au bon endroit. Il est souvent difficile d&rsquo;obtenir des cl\u00e9s d&rsquo;interrupteur ou des cl\u00e9s d&rsquo;ascenseur de rechange pour vos machines. C&rsquo;est pourquoi nous avons d\u00e9cid\u00e9 de cr\u00e9er un site Web pour simplifier ce processus. Puisqu&rsquo;il y [&hellip;]<\/p>\n","protected":false},"author":3,"featured_media":0,"parent":0,"menu_order":0,"comment_status":"closed","ping_status":"closed","template":"","meta":{"_et_pb_use_builder":"on","_et_pb_old_content":"","_et_gb_content_width":"","footnotes":""},"class_list":["post-4708","page","type-page","status-publish","hentry"],"yoast_head":"<!-- This site is optimized with the Yoast SEO plugin v27.4 - https:\/\/yoast.com\/product\/yoast-seo-wordpress\/ -->\n<title>Guide pour commander les cl\u00e9s d&#039;ascenseur et d&#039;interrupteur - We Love Keys<\/title>\n<meta name=\"description\" content=\"Ce guide vous expliquera exactement comment identifier et commander des cl\u00e9s de remplacement pour votre ascenseur et pour tous les commutateurs de machines que vous avez. Essayez We Love Keys!\" \/>\n<meta name=\"robots\" content=\"index, follow, max-snippet:-1, max-image-preview:large, max-video-preview:-1\" \/>\n<link rel=\"canonical\" href=\"https:\/\/www.welovekeys.co.uk\/fr\/guide-pour-commander-les-cles-dascenseur-et-dinterrupteur\/\" \/>\n<meta property=\"og:locale\" content=\"fr_FR\" \/>\n<meta property=\"og:type\" content=\"article\" \/>\n<meta property=\"og:title\" content=\"Guide pour commander les cl\u00e9s d&#039;ascenseur et d&#039;interrupteur - We Love Keys\" \/>\n<meta property=\"og:description\" content=\"Ce guide vous expliquera exactement comment identifier et commander des cl\u00e9s de remplacement pour votre ascenseur et pour tous les commutateurs de machines que vous avez. Essayez We Love Keys!\" \/>\n<meta property=\"og:url\" content=\"https:\/\/www.welovekeys.co.uk\/fr\/guide-pour-commander-les-cles-dascenseur-et-dinterrupteur\/\" \/>\n<meta property=\"og:site_name\" content=\"We Love Keys\" \/>\n<meta property=\"article:modified_time\" content=\"2020-03-25T16:03:28+00:00\" \/>\n<meta property=\"og:image\" content=\"https:\/\/www.welovekeys.co.uk\/wp-content\/uploads\/2019\/10\/DOM-Logo.png\" \/>\n<meta name=\"twitter:card\" content=\"summary_large_image\" \/>\n<meta name=\"twitter:label1\" content=\"Dur\u00e9e de lecture estim\u00e9e\" \/>\n\t<meta name=\"twitter:data1\" content=\"3 minutes\" \/>\n<script type=\"application\/ld+json\" class=\"yoast-schema-graph\">{\"@context\":\"https:\\\/\\\/schema.org\",\"@graph\":[{\"@type\":\"WebPage\",\"@id\":\"https:\\\/\\\/www.welovekeys.co.uk\\\/fr\\\/guide-pour-commander-les-cles-dascenseur-et-dinterrupteur\\\/\",\"url\":\"https:\\\/\\\/www.welovekeys.co.uk\\\/fr\\\/guide-pour-commander-les-cles-dascenseur-et-dinterrupteur\\\/\",\"name\":\"Guide pour commander les cl\u00e9s d'ascenseur et d'interrupteur - We Love Keys\",\"isPartOf\":{\"@id\":\"https:\\\/\\\/www.welovekeys.co.uk\\\/fr\\\/#website\"},\"primaryImageOfPage\":{\"@id\":\"https:\\\/\\\/www.welovekeys.co.uk\\\/fr\\\/guide-pour-commander-les-cles-dascenseur-et-dinterrupteur\\\/#primaryimage\"},\"image\":{\"@id\":\"https:\\\/\\\/www.welovekeys.co.uk\\\/fr\\\/guide-pour-commander-les-cles-dascenseur-et-dinterrupteur\\\/#primaryimage\"},\"thumbnailUrl\":\"https:\\\/\\\/www.welovekeys.co.uk\\\/wp-content\\\/uploads\\\/2019\\\/10\\\/DOM-Logo.png\",\"datePublished\":\"2020-03-25T16:03:27+00:00\",\"dateModified\":\"2020-03-25T16:03:28+00:00\",\"description\":\"Ce guide vous expliquera exactement comment identifier et commander des cl\u00e9s de remplacement pour votre ascenseur et pour tous les commutateurs de machines que vous avez. Essayez We Love Keys!\",\"breadcrumb\":{\"@id\":\"https:\\\/\\\/www.welovekeys.co.uk\\\/fr\\\/guide-pour-commander-les-cles-dascenseur-et-dinterrupteur\\\/#breadcrumb\"},\"inLanguage\":\"fr-FR\",\"potentialAction\":[{\"@type\":\"ReadAction\",\"target\":[\"https:\\\/\\\/www.welovekeys.co.uk\\\/fr\\\/guide-pour-commander-les-cles-dascenseur-et-dinterrupteur\\\/\"]}]},{\"@type\":\"ImageObject\",\"inLanguage\":\"fr-FR\",\"@id\":\"https:\\\/\\\/www.welovekeys.co.uk\\\/fr\\\/guide-pour-commander-les-cles-dascenseur-et-dinterrupteur\\\/#primaryimage\",\"url\":\"https:\\\/\\\/www.welovekeys.co.uk\\\/wp-content\\\/uploads\\\/2019\\\/10\\\/DOM-Logo.png\",\"contentUrl\":\"https:\\\/\\\/www.welovekeys.co.uk\\\/wp-content\\\/uploads\\\/2019\\\/10\\\/DOM-Logo.png\"},{\"@type\":\"BreadcrumbList\",\"@id\":\"https:\\\/\\\/www.welovekeys.co.uk\\\/fr\\\/guide-pour-commander-les-cles-dascenseur-et-dinterrupteur\\\/#breadcrumb\",\"itemListElement\":[{\"@type\":\"ListItem\",\"position\":1,\"name\":\"Home\",\"item\":\"https:\\\/\\\/www.welovekeys.co.uk\\\/fr\\\/\"},{\"@type\":\"ListItem\",\"position\":2,\"name\":\"Guide pour commander les cl\u00e9s d&#8217;ascenseur et d&#8217;interrupteur\"}]},{\"@type\":\"WebSite\",\"@id\":\"https:\\\/\\\/www.welovekeys.co.uk\\\/fr\\\/#website\",\"url\":\"https:\\\/\\\/www.welovekeys.co.uk\\\/fr\\\/\",\"name\":\"We Love Keys\",\"description\":\"A marketplace for keys\",\"publisher\":{\"@id\":\"https:\\\/\\\/www.welovekeys.co.uk\\\/fr\\\/#organization\"},\"potentialAction\":[{\"@type\":\"SearchAction\",\"target\":{\"@type\":\"EntryPoint\",\"urlTemplate\":\"https:\\\/\\\/www.welovekeys.co.uk\\\/fr\\\/?s={search_term_string}\"},\"query-input\":{\"@type\":\"PropertyValueSpecification\",\"valueRequired\":true,\"valueName\":\"search_term_string\"}}],\"inLanguage\":\"fr-FR\"},{\"@type\":\"Organization\",\"@id\":\"https:\\\/\\\/www.welovekeys.co.uk\\\/fr\\\/#organization\",\"name\":\"We Love Keys\",\"url\":\"https:\\\/\\\/www.welovekeys.co.uk\\\/fr\\\/\",\"logo\":{\"@type\":\"ImageObject\",\"inLanguage\":\"fr-FR\",\"@id\":\"https:\\\/\\\/www.welovekeys.co.uk\\\/fr\\\/#\\\/schema\\\/logo\\\/image\\\/\",\"url\":\"https:\\\/\\\/www.welovekeys.co.uk\\\/wp-content\\\/uploads\\\/2017\\\/06\\\/WE.png\",\"contentUrl\":\"https:\\\/\\\/www.welovekeys.co.uk\\\/wp-content\\\/uploads\\\/2017\\\/06\\\/WE.png\",\"width\":348,\"height\":66,\"caption\":\"We Love Keys\"},\"image\":{\"@id\":\"https:\\\/\\\/www.welovekeys.co.uk\\\/fr\\\/#\\\/schema\\\/logo\\\/image\\\/\"}}]}<\/script>\n<!-- \/ Yoast SEO plugin. -->","yoast_head_json":{"title":"Guide pour commander les cl\u00e9s d'ascenseur et d'interrupteur - We Love Keys","description":"Ce guide vous expliquera exactement comment identifier et commander des cl\u00e9s de remplacement pour votre ascenseur et pour tous les commutateurs de machines que vous avez. Essayez We Love Keys!","robots":{"index":"index","follow":"follow","max-snippet":"max-snippet:-1","max-image-preview":"max-image-preview:large","max-video-preview":"max-video-preview:-1"},"canonical":"https:\/\/www.welovekeys.co.uk\/fr\/guide-pour-commander-les-cles-dascenseur-et-dinterrupteur\/","og_locale":"fr_FR","og_type":"article","og_title":"Guide pour commander les cl\u00e9s d'ascenseur et d'interrupteur - We Love Keys","og_description":"Ce guide vous expliquera exactement comment identifier et commander des cl\u00e9s de remplacement pour votre ascenseur et pour tous les commutateurs de machines que vous avez. Essayez We Love Keys!","og_url":"https:\/\/www.welovekeys.co.uk\/fr\/guide-pour-commander-les-cles-dascenseur-et-dinterrupteur\/","og_site_name":"We Love Keys","article_modified_time":"2020-03-25T16:03:28+00:00","og_image":[{"url":"https:\/\/www.welovekeys.co.uk\/wp-content\/uploads\/2019\/10\/DOM-Logo.png","type":"","width":"","height":""}],"twitter_card":"summary_large_image","twitter_misc":{"Dur\u00e9e de lecture estim\u00e9e":"3 minutes"},"schema":{"@context":"https:\/\/schema.org","@graph":[{"@type":"WebPage","@id":"https:\/\/www.welovekeys.co.uk\/fr\/guide-pour-commander-les-cles-dascenseur-et-dinterrupteur\/","url":"https:\/\/www.welovekeys.co.uk\/fr\/guide-pour-commander-les-cles-dascenseur-et-dinterrupteur\/","name":"Guide pour commander les cl\u00e9s d'ascenseur et d'interrupteur - We Love Keys","isPartOf":{"@id":"https:\/\/www.welovekeys.co.uk\/fr\/#website"},"primaryImageOfPage":{"@id":"https:\/\/www.welovekeys.co.uk\/fr\/guide-pour-commander-les-cles-dascenseur-et-dinterrupteur\/#primaryimage"},"image":{"@id":"https:\/\/www.welovekeys.co.uk\/fr\/guide-pour-commander-les-cles-dascenseur-et-dinterrupteur\/#primaryimage"},"thumbnailUrl":"https:\/\/www.welovekeys.co.uk\/wp-content\/uploads\/2019\/10\/DOM-Logo.png","datePublished":"2020-03-25T16:03:27+00:00","dateModified":"2020-03-25T16:03:28+00:00","description":"Ce guide vous expliquera exactement comment identifier et commander des cl\u00e9s de remplacement pour votre ascenseur et pour tous les commutateurs de machines que vous avez. Essayez We Love Keys!","breadcrumb":{"@id":"https:\/\/www.welovekeys.co.uk\/fr\/guide-pour-commander-les-cles-dascenseur-et-dinterrupteur\/#breadcrumb"},"inLanguage":"fr-FR","potentialAction":[{"@type":"ReadAction","target":["https:\/\/www.welovekeys.co.uk\/fr\/guide-pour-commander-les-cles-dascenseur-et-dinterrupteur\/"]}]},{"@type":"ImageObject","inLanguage":"fr-FR","@id":"https:\/\/www.welovekeys.co.uk\/fr\/guide-pour-commander-les-cles-dascenseur-et-dinterrupteur\/#primaryimage","url":"https:\/\/www.welovekeys.co.uk\/wp-content\/uploads\/2019\/10\/DOM-Logo.png","contentUrl":"https:\/\/www.welovekeys.co.uk\/wp-content\/uploads\/2019\/10\/DOM-Logo.png"},{"@type":"BreadcrumbList","@id":"https:\/\/www.welovekeys.co.uk\/fr\/guide-pour-commander-les-cles-dascenseur-et-dinterrupteur\/#breadcrumb","itemListElement":[{"@type":"ListItem","position":1,"name":"Home","item":"https:\/\/www.welovekeys.co.uk\/fr\/"},{"@type":"ListItem","position":2,"name":"Guide pour commander les cl\u00e9s d&#8217;ascenseur et d&#8217;interrupteur"}]},{"@type":"WebSite","@id":"https:\/\/www.welovekeys.co.uk\/fr\/#website","url":"https:\/\/www.welovekeys.co.uk\/fr\/","name":"We Love Keys","description":"A marketplace for keys","publisher":{"@id":"https:\/\/www.welovekeys.co.uk\/fr\/#organization"},"potentialAction":[{"@type":"SearchAction","target":{"@type":"EntryPoint","urlTemplate":"https:\/\/www.welovekeys.co.uk\/fr\/?s={search_term_string}"},"query-input":{"@type":"PropertyValueSpecification","valueRequired":true,"valueName":"search_term_string"}}],"inLanguage":"fr-FR"},{"@type":"Organization","@id":"https:\/\/www.welovekeys.co.uk\/fr\/#organization","name":"We Love Keys","url":"https:\/\/www.welovekeys.co.uk\/fr\/","logo":{"@type":"ImageObject","inLanguage":"fr-FR","@id":"https:\/\/www.welovekeys.co.uk\/fr\/#\/schema\/logo\/image\/","url":"https:\/\/www.welovekeys.co.uk\/wp-content\/uploads\/2017\/06\/WE.png","contentUrl":"https:\/\/www.welovekeys.co.uk\/wp-content\/uploads\/2017\/06\/WE.png","width":348,"height":66,"caption":"We Love Keys"},"image":{"@id":"https:\/\/www.welovekeys.co.uk\/fr\/#\/schema\/logo\/image\/"}}]}},"_links":{"self":[{"href":"https:\/\/www.welovekeys.co.uk\/fr\/wp-json\/wp\/v2\/pages\/4708","targetHints":{"allow":["GET"]}}],"collection":[{"href":"https:\/\/www.welovekeys.co.uk\/fr\/wp-json\/wp\/v2\/pages"}],"about":[{"href":"https:\/\/www.welovekeys.co.uk\/fr\/wp-json\/wp\/v2\/types\/page"}],"author":[{"embeddable":true,"href":"https:\/\/www.welovekeys.co.uk\/fr\/wp-json\/wp\/v2\/users\/3"}],"replies":[{"embeddable":true,"href":"https:\/\/www.welovekeys.co.uk\/fr\/wp-json\/wp\/v2\/comments?post=4708"}],"version-history":[{"count":0,"href":"https:\/\/www.welovekeys.co.uk\/fr\/wp-json\/wp\/v2\/pages\/4708\/revisions"}],"wp:attachment":[{"href":"https:\/\/www.welovekeys.co.uk\/fr\/wp-json\/wp\/v2\/media?parent=4708"}],"curies":[{"name":"wp","href":"https:\/\/api.w.org\/{rel}","templated":true}]}}