{"id":1842,"date":"2018-08-29T09:24:51","date_gmt":"2018-08-29T09:24:51","guid":{"rendered":"https:\/\/www.welovekeys.co.uk\/guide-de-commande-de-cles-abus-supplementaires\/"},"modified":"2018-08-29T09:24:51","modified_gmt":"2018-08-29T09:24:51","slug":"guide-de-commande-de-cles-abus-supplementaires","status":"publish","type":"page","link":"https:\/\/www.welovekeys.co.uk\/fr\/guide-de-commande-de-cles-abus-supplementaires\/","title":{"rendered":"Guide de commande de cl\u00e9s ABUS suppl\u00e9mentaires"},"content":{"rendered":"<p>[et_pb_section fb_built=\u00a0\u00bb1&Prime; _builder_version=\u00a0\u00bb3.0.101&Prime; background_image=\u00a0\u00bbhttps:\/\/www.welovekeys.co.uk\/wp-content\/uploads\/2017\/07\/Abus-keys.jpeg\u00a0\u00bb custom_margin=\u00a0\u00bb|||\u00a0\u00bb custom_padding=\u00a0\u00bb200px||200px|\u00a0\u00bb bottom_divider_style=\u00a0\u00bbmountains2&Prime; bottom_divider_color=\u00a0\u00bb#ffffff\u00a0\u00bb][\/et_pb_section][et_pb_section fb_built=\u00a0\u00bb1&Prime; _builder_version=\u00a0\u00bb3.0.47&Prime; custom_padding=\u00a0\u00bb0px|0px|54px|0px\u00a0\u00bb][et_pb_row _builder_version=\u00a0\u00bb3.0.101&Prime; background_size=\u00a0\u00bbinitial\u00a0\u00bb background_position=\u00a0\u00bbtop_left\u00a0\u00bb background_repeat=\u00a0\u00bbrepeat\u00a0\u00bb][et_pb_column type=\u00a0\u00bb4_4&Prime; _builder_version=\u00a0\u00bb3.0.47&Prime; parallax=\u00a0\u00bboff\u00a0\u00bb parallax_method=\u00a0\u00bbon\u00a0\u00bb][et_pb_text _builder_version=\u00a0\u00bb3.0.106&Prime; text_font=\u00a0\u00bb|300|||||||\u00a0\u00bb text_font_size=\u00a0\u00bb18px\u00a0\u00bb text_text_color=\u00a0\u00bbrgba(0,0,0,0.84)\u00a0\u00bb text_line_height=\u00a0\u00bb1.8em\u00a0\u00bb header_font=\u00a0\u00bb|600|||||||\u00a0\u00bb header_text_color=\u00a0\u00bb#4f4f4f\u00a0\u00bb header_2_font=\u00a0\u00bb|300|||||||\u00a0\u00bb header_2_text_color=\u00a0\u00bb##4f4f4f\u00a0\u00bb]<\/p>\n<h1>Guide de commande des cl\u00e9s ABUS en ligne<img loading=\"lazy\" decoding=\"async\" src=\"https:\/\/www.welovekeys.co.uk\/wp-content\/uploads\/2018\/01\/ABUS_Logo.svg_-300x96.png\" width=\"300\" height=\"96\" alt=\"ABUS Logo\" class=\"wp-image-742 alignright size-medium\" srcset=\"https:\/\/www.welovekeys.co.uk\/wp-content\/uploads\/2018\/01\/ABUS_Logo.svg_-300x96.png 300w, https:\/\/www.welovekeys.co.uk\/wp-content\/uploads\/2018\/01\/ABUS_Logo.svg_-510x163.png 510w, https:\/\/www.welovekeys.co.uk\/wp-content\/uploads\/2018\/01\/ABUS_Logo.svg_-768x245.png 768w, https:\/\/www.welovekeys.co.uk\/wp-content\/uploads\/2018\/01\/ABUS_Logo.svg_-610x194.png 610w, https:\/\/www.welovekeys.co.uk\/wp-content\/uploads\/2018\/01\/ABUS_Logo.svg_.png 985w\" sizes=\"(max-width: 300px) 100vw, 300px\" \/><\/h1>\n<h2>Vous recherchez des cl\u00e9s ABUS de rechange? Vous \u00eates au bon endroit.<\/h2>\n<p>Nous savons qu\u2019il est souvent difficile d\u2019obtenir des cl\u00e9s de remplacement pour les cylindres de porte, les serrures de v\u00e9lo et les cadenas. C&rsquo;est pourquoi nous avons d\u00e9cid\u00e9 de cr\u00e9er un site Web pour simplifier ce processus.<\/p>\n<p>\u00c9tant donn\u00e9 qu&rsquo;ABUS produit une gamme de produits aussi vaste, nous avons pens\u00e9 qu&rsquo;il serait utile de fournir un guide pour s\u00e9lectionner des produits de <span style=\"font-weight: bolder;\"><a href=\"https:\/\/www.welovekeys.co.uk\/fr\/cles-abus\/\" target=\"_blank\">notre gamme de cl\u00e9s ABUS<\/a><\/span>.<\/p>\n<p>Vous \u00eates toujours les bienvenus pour nous appeler sur <span style=\"font-weight: bolder;\"><a href=\"tel:00442076080809\">+44 (0) 20 7608 0809<\/a><\/span> ou \u00e0 <span style=\"font-weight:bolder;\"><a href=\"https:\/\/www.welovekeys.co.uk\/fr\/contactez-nous\/\">nous \u00e9crire<\/a><\/span> si vous avez des questions.<\/p>\n<ul style=\"list-style-type:none;\">\n<li>Dans cette section:<\/li>\n<li>\u2013 <a href=\"#willyouneed\">Aurez-vous besoin de ma cl\u00e9 pour copier?<\/a><\/li>\n<li>\u2013 <a href=\"#codenumbers\">Num\u00e9ros de code &amp; o\u00f9 les trouver.<\/a><\/li>\n<li>\u2013 <a href=\"#securitycards\">Cl\u00e9s avec des cartes de s\u00e9curit\u00e9.<\/a><\/li>\n<li>\u2013 <a href=\"#nocode\">Que faire si je ne trouve pas mon code cl\u00e9?<\/a><\/li>\n<li>\u2013 <a href=\"#links\">Liens utiles.<\/a><\/li>\n<\/ul>\n<h2 id=\"willyouneed\">Aurez-vous besoin de ma cl\u00e9 pour copier?<\/h2>\n<p>Nous n&rsquo;aurons pas besoin de votre cl\u00e9 pour copier. C&rsquo;est la magie des cl\u00e9s ABUS: elles peuvent toutes \u00eatre coup\u00e9es \u00e0 distance, \u00e0 partir d&rsquo;un num\u00e9ro de code.<\/p>\n<p>Donc, si vous n&rsquo;avez plus qu&rsquo;une cl\u00e9, que vous utilisez tous les jours, ne craignez pas! Nous pouvons vous couper la cl\u00e9 et vous l&rsquo;envoyer sans plus attendre.<\/p>\n<h2 id=\"codenumbers\">Num\u00e9ros de code &amp; o\u00f9 les trouver.<\/h2>\n<p>Un num\u00e9ro de code est appos\u00e9 sur la plupart des cl\u00e9s des produits ABUS. Parfois, le num\u00e9ro de code est inscrit sur une carte-cl\u00e9 distincte (<a href=\"#securitycards\">voir ci-dessous<\/a>).<\/p>\n<p>En r\u00e8gle g\u00e9n\u00e9rale, un num\u00e9ro de code de cl\u00e9 est inscrit sur la t\u00eate de la cl\u00e9. Si la t\u00eate de la cl\u00e9 est en plastique (c&rsquo;est souvent le cas sur les cl\u00e9s de bicyclette ABUS), le code est g\u00e9n\u00e9ralement \u00e9crit en haut de la tige de la cl\u00e9.<\/p>\n<h2 id=\"securitycards\">Cl\u00e9s avec des cartes de s\u00e9curit\u00e9.<\/h2>\n<p><img loading=\"lazy\" decoding=\"async\" src=\"https:\/\/www.welovekeys.co.uk\/wp-content\/uploads\/2017\/07\/Abus-Plus-300x300.png\" width=\"300\" height=\"300\" alt=\"ABUS Plus - We Love Keys\" class=\"wp-image-390 alignright size-medium\" srcset=\"https:\/\/www.welovekeys.co.uk\/wp-content\/uploads\/2017\/07\/Abus-Plus-300x300.png 300w, https:\/\/www.welovekeys.co.uk\/wp-content\/uploads\/2017\/07\/Abus-Plus-400x400.png 400w, https:\/\/www.welovekeys.co.uk\/wp-content\/uploads\/2017\/07\/Abus-Plus-100x100.png 100w, https:\/\/www.welovekeys.co.uk\/wp-content\/uploads\/2017\/07\/Abus-Plus-150x150.png 150w, https:\/\/www.welovekeys.co.uk\/wp-content\/uploads\/2017\/07\/Abus-Plus-157x157.png 157w, https:\/\/www.welovekeys.co.uk\/wp-content\/uploads\/2017\/07\/Abus-Plus.png 500w\" sizes=\"(max-width: 300px) 100vw, 300px\" \/><\/p>\n<p>Un certain nombre de serrures ABUS sont livr\u00e9es avec des cartes de s\u00e9curit\u00e9 avec des num\u00e9ros de code. Les cadenas ABUS Granit (Plus ou X-Plus), par exemple, sont toujours fournis avec une carte de code.<\/p>\n<p>Cette carte, qui a la m\u00eame taille et la m\u00eame forme qu&rsquo;une carte de cr\u00e9dit, portera un num\u00e9ro de code sur lequel vous pourrez faire une copie de la cl\u00e9. Vous pouvez voir l&rsquo;une de ces cartes sur le c\u00f4t\u00e9 droit.<\/p>\n<h2 id=\"nocode\">Que faire si je ne trouve pas mon code cl\u00e9?<\/h2>\n<p>Dans certains cas, nous pourrons cr\u00e9er une cl\u00e9 simplement \u00e0 partir d\u2019une photo. Utilisez notre <a href=\"https:\/\/www.welovekeys.co.uk\/fr\/aide\/\" rel=\"noopener\" target=\"_blank\"><span style=\"font-weight:bolder;\">outil de t\u00e9l\u00e9chargement de photos<\/span><\/a> pour nous envoyer quelques photos de votre cl\u00e9 et nous vous r\u00e9pondrons avec une solution.<\/p>\n<h2 id=\"links\">Liens utiles.<\/h2>\n<p>Voici quelques pages que vous pourriez trouver utiles:<\/p>\n<ul style=\"list-style-type:none;\">\n<li>\u2013 <a href=\"https:\/\/www.welovekeys.co.uk\/fr\/cles-abus\/\">Liste de toutes les cl\u00e9s ABUS de We Love Keys.<\/a><\/li>\n<li>\u2013 <a target=\"_blank\" href=\"https:\/\/www.abus.com\/uk\/Guide\/Keys-and-Cylinders\/Ordering-Additional-Keys\">Info d&rsquo;ABUS sur les cl\u00e9s de rechange.<\/a><\/li>\n<\/ul>\n<p>[\/et_pb_text][\/et_pb_column][\/et_pb_row][\/et_pb_section]<\/p>\n","protected":false},"excerpt":{"rendered":"<p>Guide de commande des cl\u00e9s ABUS en ligne Vous recherchez des cl\u00e9s ABUS de rechange? Vous \u00eates au bon endroit. Nous savons qu\u2019il est souvent difficile d\u2019obtenir des cl\u00e9s de remplacement pour les cylindres de porte, les serrures de v\u00e9lo et les cadenas. C&rsquo;est pourquoi nous avons d\u00e9cid\u00e9 de cr\u00e9er un site Web pour simplifier [&hellip;]<\/p>\n","protected":false},"author":3,"featured_media":0,"parent":0,"menu_order":0,"comment_status":"closed","ping_status":"closed","template":"","meta":{"_et_pb_use_builder":"on","_et_pb_old_content":"","_et_gb_content_width":"","footnotes":""},"class_list":["post-1842","page","type-page","status-publish","hentry"],"yoast_head":"<!-- This site is optimized with the Yoast SEO plugin v27.4 - https:\/\/yoast.com\/product\/yoast-seo-wordpress\/ -->\n<title>Guide de commande de cl\u00e9s ABUS suppl\u00e9mentaires - We Love Keys<\/title>\n<meta name=\"description\" content=\"Nous savons qu\u2019il est souvent difficile d\u2019obtenir des cl\u00e9s de remplacement ABUS pour les cylindres de porte, les serrures de v\u00e9lo et les cadenas, ce qui explique pourquoi nous avons mis en place un site beaucoup plus simple. Comme ABUS produit une gamme de produits aussi vaste, nous avons cr\u00e9\u00e9 un guide pour s\u00e9lectionner les produits de notre gamme de cl\u00e9s ABUS.\" \/>\n<meta name=\"robots\" content=\"index, follow, max-snippet:-1, max-image-preview:large, max-video-preview:-1\" \/>\n<link rel=\"canonical\" href=\"https:\/\/www.welovekeys.co.uk\/fr\/guide-de-commande-de-cles-abus-supplementaires\/\" \/>\n<meta property=\"og:locale\" content=\"fr_FR\" \/>\n<meta property=\"og:type\" content=\"article\" \/>\n<meta property=\"og:title\" content=\"Guide de commande de cl\u00e9s ABUS suppl\u00e9mentaires - We Love Keys\" \/>\n<meta property=\"og:description\" content=\"Nous savons qu\u2019il est souvent difficile d\u2019obtenir des cl\u00e9s de remplacement ABUS pour les cylindres de porte, les serrures de v\u00e9lo et les cadenas, ce qui explique pourquoi nous avons mis en place un site beaucoup plus simple. Comme ABUS produit une gamme de produits aussi vaste, nous avons cr\u00e9\u00e9 un guide pour s\u00e9lectionner les produits de notre gamme de cl\u00e9s ABUS.\" \/>\n<meta property=\"og:url\" content=\"https:\/\/www.welovekeys.co.uk\/fr\/guide-de-commande-de-cles-abus-supplementaires\/\" \/>\n<meta property=\"og:site_name\" content=\"We Love Keys\" \/>\n<meta property=\"og:image\" content=\"https:\/\/www.welovekeys.co.uk\/wp-content\/uploads\/2018\/01\/ABUS_Logo.svg_-300x96.png\" \/>\n<meta name=\"twitter:card\" content=\"summary_large_image\" \/>\n<meta name=\"twitter:label1\" content=\"Dur\u00e9e de lecture estim\u00e9e\" \/>\n\t<meta name=\"twitter:data1\" content=\"3 minutes\" \/>\n<script type=\"application\/ld+json\" class=\"yoast-schema-graph\">{\"@context\":\"https:\\\/\\\/schema.org\",\"@graph\":[{\"@type\":\"WebPage\",\"@id\":\"https:\\\/\\\/www.welovekeys.co.uk\\\/fr\\\/guide-de-commande-de-cles-abus-supplementaires\\\/\",\"url\":\"https:\\\/\\\/www.welovekeys.co.uk\\\/fr\\\/guide-de-commande-de-cles-abus-supplementaires\\\/\",\"name\":\"Guide de commande de cl\u00e9s ABUS suppl\u00e9mentaires - We Love Keys\",\"isPartOf\":{\"@id\":\"https:\\\/\\\/www.welovekeys.co.uk\\\/fr\\\/#website\"},\"primaryImageOfPage\":{\"@id\":\"https:\\\/\\\/www.welovekeys.co.uk\\\/fr\\\/guide-de-commande-de-cles-abus-supplementaires\\\/#primaryimage\"},\"image\":{\"@id\":\"https:\\\/\\\/www.welovekeys.co.uk\\\/fr\\\/guide-de-commande-de-cles-abus-supplementaires\\\/#primaryimage\"},\"thumbnailUrl\":\"https:\\\/\\\/www.welovekeys.co.uk\\\/wp-content\\\/uploads\\\/2018\\\/01\\\/ABUS_Logo.svg_-300x96.png\",\"datePublished\":\"2018-08-29T09:24:51+00:00\",\"description\":\"Nous savons qu\u2019il est souvent difficile d\u2019obtenir des cl\u00e9s de remplacement ABUS pour les cylindres de porte, les serrures de v\u00e9lo et les cadenas, ce qui explique pourquoi nous avons mis en place un site beaucoup plus simple. Comme ABUS produit une gamme de produits aussi vaste, nous avons cr\u00e9\u00e9 un guide pour s\u00e9lectionner les produits de notre gamme de cl\u00e9s ABUS.\",\"breadcrumb\":{\"@id\":\"https:\\\/\\\/www.welovekeys.co.uk\\\/fr\\\/guide-de-commande-de-cles-abus-supplementaires\\\/#breadcrumb\"},\"inLanguage\":\"fr-FR\",\"potentialAction\":[{\"@type\":\"ReadAction\",\"target\":[\"https:\\\/\\\/www.welovekeys.co.uk\\\/fr\\\/guide-de-commande-de-cles-abus-supplementaires\\\/\"]}]},{\"@type\":\"ImageObject\",\"inLanguage\":\"fr-FR\",\"@id\":\"https:\\\/\\\/www.welovekeys.co.uk\\\/fr\\\/guide-de-commande-de-cles-abus-supplementaires\\\/#primaryimage\",\"url\":\"https:\\\/\\\/www.welovekeys.co.uk\\\/wp-content\\\/uploads\\\/2018\\\/01\\\/ABUS_Logo.svg_-300x96.png\",\"contentUrl\":\"https:\\\/\\\/www.welovekeys.co.uk\\\/wp-content\\\/uploads\\\/2018\\\/01\\\/ABUS_Logo.svg_-300x96.png\"},{\"@type\":\"BreadcrumbList\",\"@id\":\"https:\\\/\\\/www.welovekeys.co.uk\\\/fr\\\/guide-de-commande-de-cles-abus-supplementaires\\\/#breadcrumb\",\"itemListElement\":[{\"@type\":\"ListItem\",\"position\":1,\"name\":\"Home\",\"item\":\"https:\\\/\\\/www.welovekeys.co.uk\\\/fr\\\/\"},{\"@type\":\"ListItem\",\"position\":2,\"name\":\"Guide de commande de cl\u00e9s ABUS suppl\u00e9mentaires\"}]},{\"@type\":\"WebSite\",\"@id\":\"https:\\\/\\\/www.welovekeys.co.uk\\\/fr\\\/#website\",\"url\":\"https:\\\/\\\/www.welovekeys.co.uk\\\/fr\\\/\",\"name\":\"We Love Keys\",\"description\":\"A marketplace for keys\",\"publisher\":{\"@id\":\"https:\\\/\\\/www.welovekeys.co.uk\\\/fr\\\/#organization\"},\"potentialAction\":[{\"@type\":\"SearchAction\",\"target\":{\"@type\":\"EntryPoint\",\"urlTemplate\":\"https:\\\/\\\/www.welovekeys.co.uk\\\/fr\\\/?s={search_term_string}\"},\"query-input\":{\"@type\":\"PropertyValueSpecification\",\"valueRequired\":true,\"valueName\":\"search_term_string\"}}],\"inLanguage\":\"fr-FR\"},{\"@type\":\"Organization\",\"@id\":\"https:\\\/\\\/www.welovekeys.co.uk\\\/fr\\\/#organization\",\"name\":\"We Love Keys\",\"url\":\"https:\\\/\\\/www.welovekeys.co.uk\\\/fr\\\/\",\"logo\":{\"@type\":\"ImageObject\",\"inLanguage\":\"fr-FR\",\"@id\":\"https:\\\/\\\/www.welovekeys.co.uk\\\/fr\\\/#\\\/schema\\\/logo\\\/image\\\/\",\"url\":\"https:\\\/\\\/www.welovekeys.co.uk\\\/wp-content\\\/uploads\\\/2017\\\/06\\\/WE.png\",\"contentUrl\":\"https:\\\/\\\/www.welovekeys.co.uk\\\/wp-content\\\/uploads\\\/2017\\\/06\\\/WE.png\",\"width\":348,\"height\":66,\"caption\":\"We Love Keys\"},\"image\":{\"@id\":\"https:\\\/\\\/www.welovekeys.co.uk\\\/fr\\\/#\\\/schema\\\/logo\\\/image\\\/\"}}]}<\/script>\n<!-- \/ Yoast SEO plugin. -->","yoast_head_json":{"title":"Guide de commande de cl\u00e9s ABUS suppl\u00e9mentaires - We Love Keys","description":"Nous savons qu\u2019il est souvent difficile d\u2019obtenir des cl\u00e9s de remplacement ABUS pour les cylindres de porte, les serrures de v\u00e9lo et les cadenas, ce qui explique pourquoi nous avons mis en place un site beaucoup plus simple. Comme ABUS produit une gamme de produits aussi vaste, nous avons cr\u00e9\u00e9 un guide pour s\u00e9lectionner les produits de notre gamme de cl\u00e9s ABUS.","robots":{"index":"index","follow":"follow","max-snippet":"max-snippet:-1","max-image-preview":"max-image-preview:large","max-video-preview":"max-video-preview:-1"},"canonical":"https:\/\/www.welovekeys.co.uk\/fr\/guide-de-commande-de-cles-abus-supplementaires\/","og_locale":"fr_FR","og_type":"article","og_title":"Guide de commande de cl\u00e9s ABUS suppl\u00e9mentaires - We Love Keys","og_description":"Nous savons qu\u2019il est souvent difficile d\u2019obtenir des cl\u00e9s de remplacement ABUS pour les cylindres de porte, les serrures de v\u00e9lo et les cadenas, ce qui explique pourquoi nous avons mis en place un site beaucoup plus simple. Comme ABUS produit une gamme de produits aussi vaste, nous avons cr\u00e9\u00e9 un guide pour s\u00e9lectionner les produits de notre gamme de cl\u00e9s ABUS.","og_url":"https:\/\/www.welovekeys.co.uk\/fr\/guide-de-commande-de-cles-abus-supplementaires\/","og_site_name":"We Love Keys","og_image":[{"url":"https:\/\/www.welovekeys.co.uk\/wp-content\/uploads\/2018\/01\/ABUS_Logo.svg_-300x96.png","type":"","width":"","height":""}],"twitter_card":"summary_large_image","twitter_misc":{"Dur\u00e9e de lecture estim\u00e9e":"3 minutes"},"schema":{"@context":"https:\/\/schema.org","@graph":[{"@type":"WebPage","@id":"https:\/\/www.welovekeys.co.uk\/fr\/guide-de-commande-de-cles-abus-supplementaires\/","url":"https:\/\/www.welovekeys.co.uk\/fr\/guide-de-commande-de-cles-abus-supplementaires\/","name":"Guide de commande de cl\u00e9s ABUS suppl\u00e9mentaires - We Love Keys","isPartOf":{"@id":"https:\/\/www.welovekeys.co.uk\/fr\/#website"},"primaryImageOfPage":{"@id":"https:\/\/www.welovekeys.co.uk\/fr\/guide-de-commande-de-cles-abus-supplementaires\/#primaryimage"},"image":{"@id":"https:\/\/www.welovekeys.co.uk\/fr\/guide-de-commande-de-cles-abus-supplementaires\/#primaryimage"},"thumbnailUrl":"https:\/\/www.welovekeys.co.uk\/wp-content\/uploads\/2018\/01\/ABUS_Logo.svg_-300x96.png","datePublished":"2018-08-29T09:24:51+00:00","description":"Nous savons qu\u2019il est souvent difficile d\u2019obtenir des cl\u00e9s de remplacement ABUS pour les cylindres de porte, les serrures de v\u00e9lo et les cadenas, ce qui explique pourquoi nous avons mis en place un site beaucoup plus simple. Comme ABUS produit une gamme de produits aussi vaste, nous avons cr\u00e9\u00e9 un guide pour s\u00e9lectionner les produits de notre gamme de cl\u00e9s ABUS.","breadcrumb":{"@id":"https:\/\/www.welovekeys.co.uk\/fr\/guide-de-commande-de-cles-abus-supplementaires\/#breadcrumb"},"inLanguage":"fr-FR","potentialAction":[{"@type":"ReadAction","target":["https:\/\/www.welovekeys.co.uk\/fr\/guide-de-commande-de-cles-abus-supplementaires\/"]}]},{"@type":"ImageObject","inLanguage":"fr-FR","@id":"https:\/\/www.welovekeys.co.uk\/fr\/guide-de-commande-de-cles-abus-supplementaires\/#primaryimage","url":"https:\/\/www.welovekeys.co.uk\/wp-content\/uploads\/2018\/01\/ABUS_Logo.svg_-300x96.png","contentUrl":"https:\/\/www.welovekeys.co.uk\/wp-content\/uploads\/2018\/01\/ABUS_Logo.svg_-300x96.png"},{"@type":"BreadcrumbList","@id":"https:\/\/www.welovekeys.co.uk\/fr\/guide-de-commande-de-cles-abus-supplementaires\/#breadcrumb","itemListElement":[{"@type":"ListItem","position":1,"name":"Home","item":"https:\/\/www.welovekeys.co.uk\/fr\/"},{"@type":"ListItem","position":2,"name":"Guide de commande de cl\u00e9s ABUS suppl\u00e9mentaires"}]},{"@type":"WebSite","@id":"https:\/\/www.welovekeys.co.uk\/fr\/#website","url":"https:\/\/www.welovekeys.co.uk\/fr\/","name":"We Love Keys","description":"A marketplace for keys","publisher":{"@id":"https:\/\/www.welovekeys.co.uk\/fr\/#organization"},"potentialAction":[{"@type":"SearchAction","target":{"@type":"EntryPoint","urlTemplate":"https:\/\/www.welovekeys.co.uk\/fr\/?s={search_term_string}"},"query-input":{"@type":"PropertyValueSpecification","valueRequired":true,"valueName":"search_term_string"}}],"inLanguage":"fr-FR"},{"@type":"Organization","@id":"https:\/\/www.welovekeys.co.uk\/fr\/#organization","name":"We Love Keys","url":"https:\/\/www.welovekeys.co.uk\/fr\/","logo":{"@type":"ImageObject","inLanguage":"fr-FR","@id":"https:\/\/www.welovekeys.co.uk\/fr\/#\/schema\/logo\/image\/","url":"https:\/\/www.welovekeys.co.uk\/wp-content\/uploads\/2017\/06\/WE.png","contentUrl":"https:\/\/www.welovekeys.co.uk\/wp-content\/uploads\/2017\/06\/WE.png","width":348,"height":66,"caption":"We Love Keys"},"image":{"@id":"https:\/\/www.welovekeys.co.uk\/fr\/#\/schema\/logo\/image\/"}}]}},"_links":{"self":[{"href":"https:\/\/www.welovekeys.co.uk\/fr\/wp-json\/wp\/v2\/pages\/1842","targetHints":{"allow":["GET"]}}],"collection":[{"href":"https:\/\/www.welovekeys.co.uk\/fr\/wp-json\/wp\/v2\/pages"}],"about":[{"href":"https:\/\/www.welovekeys.co.uk\/fr\/wp-json\/wp\/v2\/types\/page"}],"author":[{"embeddable":true,"href":"https:\/\/www.welovekeys.co.uk\/fr\/wp-json\/wp\/v2\/users\/3"}],"replies":[{"embeddable":true,"href":"https:\/\/www.welovekeys.co.uk\/fr\/wp-json\/wp\/v2\/comments?post=1842"}],"version-history":[{"count":0,"href":"https:\/\/www.welovekeys.co.uk\/fr\/wp-json\/wp\/v2\/pages\/1842\/revisions"}],"wp:attachment":[{"href":"https:\/\/www.welovekeys.co.uk\/fr\/wp-json\/wp\/v2\/media?parent=1842"}],"curies":[{"name":"wp","href":"https:\/\/api.w.org\/{rel}","templated":true}]}}