{"id":1838,"date":"2018-08-29T08:57:57","date_gmt":"2018-08-29T08:57:57","guid":{"rendered":"https:\/\/www.welovekeys.co.uk\/cles\/"},"modified":"2018-08-29T09:01:35","modified_gmt":"2018-08-29T09:01:35","slug":"cles","status":"publish","type":"page","link":"https:\/\/www.welovekeys.co.uk\/fr\/cles\/","title":{"rendered":"Cl\u00e9s"},"content":{"rendered":"<p>[et_pb_section fb_built=\u00a0\u00bb1&Prime; admin_label=\u00a0\u00bbsection\u00a0\u00bb _builder_version=\u00a0\u00bb3.0.47&Prime; background_image=\u00a0\u00bbhttps:\/\/www.welovekeys.co.uk\/wp-content\/uploads\/2017\/07\/key-2323278_1920.jpg\u00a0\u00bb custom_padding=\u00a0\u00bb33px|0px|80px|0px\u00a0\u00bb][et_pb_row admin_label=\u00a0\u00bbrow\u00a0\u00bb _builder_version=\u00a0\u00bb3.0.47&Prime; background_size=\u00a0\u00bbinitial\u00a0\u00bb background_position=\u00a0\u00bbtop_left\u00a0\u00bb background_repeat=\u00a0\u00bbrepeat\u00a0\u00bb][et_pb_column type=\u00a0\u00bb4_4&Prime; _builder_version=\u00a0\u00bb3.0.47&Prime; parallax=\u00a0\u00bboff\u00a0\u00bb parallax_method=\u00a0\u00bbon\u00a0\u00bb][et_pb_text admin_label=\u00a0\u00bbText\u00a0\u00bb _builder_version=\u00a0\u00bb3.0.74&Prime; background_size=\u00a0\u00bbinitial\u00a0\u00bb background_position=\u00a0\u00bbtop_left\u00a0\u00bb background_repeat=\u00a0\u00bbrepeat\u00a0\u00bb][\/et_pb_text][\/et_pb_column][\/et_pb_row][\/et_pb_section][et_pb_section fb_built=\u00a0\u00bb1&Prime; _builder_version=\u00a0\u00bb3.0.47&Prime; custom_padding=\u00a0\u00bb47px|0px|54px|0px\u00a0\u00bb][et_pb_row make_fullwidth=\u00a0\u00bbon\u00a0\u00bb _builder_version=\u00a0\u00bb3.0.47&Prime; background_size=\u00a0\u00bbinitial\u00a0\u00bb background_position=\u00a0\u00bbtop_left\u00a0\u00bb background_repeat=\u00a0\u00bbrepeat\u00a0\u00bb][et_pb_column type=\u00a0\u00bb1_4&Prime; _builder_version=\u00a0\u00bb3.0.47&Prime; parallax=\u00a0\u00bboff\u00a0\u00bb parallax_method=\u00a0\u00bbon\u00a0\u00bb][et_pb_sidebar _builder_version=\u00a0\u00bb3.0.74&Prime;][\/et_pb_sidebar][\/et_pb_column][et_pb_column type=\u00a0\u00bb3_4&Prime; _builder_version=\u00a0\u00bb3.0.47&Prime; parallax=\u00a0\u00bboff\u00a0\u00bb parallax_method=\u00a0\u00bbon\u00a0\u00bb][et_pb_shop type=\u00a0\u00bbproduct_category\u00a0\u00bb columns_number=\u00a0\u00bb4&Prime; _builder_version=\u00a0\u00bb3.12.2&Prime; title_font_size=\u00a0\u00bb20px\u00a0\u00bb price_font=\u00a0\u00bb|on|||\u00a0\u00bb price_text_color=\u00a0\u00bb#7c4701&Prime; price_font_size=\u00a0\u00bb16px\u00a0\u00bb price_line_height=\u00a0\u00bb2px\u00a0\u00bb include_categories=\u00a0\u00bb90,88,89,87,86,94,96,93,95&Prime;][\/et_pb_shop][\/et_pb_column][\/et_pb_row][\/et_pb_section]<\/p>\n","protected":false},"excerpt":{"rendered":"","protected":false},"author":3,"featured_media":0,"parent":0,"menu_order":0,"comment_status":"closed","ping_status":"closed","template":"","meta":{"_et_pb_use_builder":"on","_et_pb_old_content":"","_et_gb_content_width":"","footnotes":""},"class_list":["post-1838","page","type-page","status-publish","hentry"],"yoast_head":"<!-- This site is optimized with the Yoast SEO plugin v27.4 - https:\/\/yoast.com\/product\/yoast-seo-wordpress\/ -->\n<title>Cl\u00e9s - We Love Keys<\/title>\n<meta name=\"description\" content=\"Retrouvez tous les types de cl\u00e9s et de serrures dans notre boutique en ligne. Haute qualit\u00e9, prix avantageux et exp\u00e9dition rapide. We Love Keys est un service de d\u00e9coupe de cl\u00e9s en ligne\" \/>\n<meta name=\"robots\" content=\"index, follow, max-snippet:-1, max-image-preview:large, max-video-preview:-1\" \/>\n<link rel=\"canonical\" href=\"https:\/\/www.welovekeys.co.uk\/fr\/cles\/\" \/>\n<meta property=\"og:locale\" content=\"fr_FR\" \/>\n<meta property=\"og:type\" content=\"article\" \/>\n<meta property=\"og:title\" content=\"Cl\u00e9s - We Love Keys\" \/>\n<meta property=\"og:description\" content=\"Retrouvez tous les types de cl\u00e9s et de serrures dans notre boutique en ligne. Haute qualit\u00e9, prix avantageux et exp\u00e9dition rapide. We Love Keys est un service de d\u00e9coupe de cl\u00e9s en ligne\" \/>\n<meta property=\"og:url\" content=\"https:\/\/www.welovekeys.co.uk\/fr\/cles\/\" \/>\n<meta property=\"og:site_name\" content=\"We Love Keys\" \/>\n<meta property=\"article:modified_time\" content=\"2018-08-29T09:01:35+00:00\" \/>\n<meta name=\"twitter:card\" content=\"summary_large_image\" \/>\n<meta name=\"twitter:label1\" content=\"Dur\u00e9e de lecture estim\u00e9e\" \/>\n\t<meta name=\"twitter:data1\" content=\"1 minute\" \/>\n<script type=\"application\/ld+json\" class=\"yoast-schema-graph\">{\"@context\":\"https:\\\/\\\/schema.org\",\"@graph\":[{\"@type\":\"WebPage\",\"@id\":\"https:\\\/\\\/www.welovekeys.co.uk\\\/fr\\\/cles\\\/\",\"url\":\"https:\\\/\\\/www.welovekeys.co.uk\\\/fr\\\/cles\\\/\",\"name\":\"Cl\u00e9s - We Love Keys\",\"isPartOf\":{\"@id\":\"https:\\\/\\\/www.welovekeys.co.uk\\\/fr\\\/#website\"},\"datePublished\":\"2018-08-29T08:57:57+00:00\",\"dateModified\":\"2018-08-29T09:01:35+00:00\",\"description\":\"Retrouvez tous les types de cl\u00e9s et de serrures dans notre boutique en ligne. Haute qualit\u00e9, prix avantageux et exp\u00e9dition rapide. We Love Keys est un service de d\u00e9coupe de cl\u00e9s en ligne\",\"breadcrumb\":{\"@id\":\"https:\\\/\\\/www.welovekeys.co.uk\\\/fr\\\/cles\\\/#breadcrumb\"},\"inLanguage\":\"fr-FR\",\"potentialAction\":[{\"@type\":\"ReadAction\",\"target\":[\"https:\\\/\\\/www.welovekeys.co.uk\\\/fr\\\/cles\\\/\"]}]},{\"@type\":\"BreadcrumbList\",\"@id\":\"https:\\\/\\\/www.welovekeys.co.uk\\\/fr\\\/cles\\\/#breadcrumb\",\"itemListElement\":[{\"@type\":\"ListItem\",\"position\":1,\"name\":\"Home\",\"item\":\"https:\\\/\\\/www.welovekeys.co.uk\\\/fr\\\/\"},{\"@type\":\"ListItem\",\"position\":2,\"name\":\"Cl\u00e9s\"}]},{\"@type\":\"WebSite\",\"@id\":\"https:\\\/\\\/www.welovekeys.co.uk\\\/fr\\\/#website\",\"url\":\"https:\\\/\\\/www.welovekeys.co.uk\\\/fr\\\/\",\"name\":\"We Love Keys\",\"description\":\"A marketplace for keys\",\"publisher\":{\"@id\":\"https:\\\/\\\/www.welovekeys.co.uk\\\/fr\\\/#organization\"},\"potentialAction\":[{\"@type\":\"SearchAction\",\"target\":{\"@type\":\"EntryPoint\",\"urlTemplate\":\"https:\\\/\\\/www.welovekeys.co.uk\\\/fr\\\/?s={search_term_string}\"},\"query-input\":{\"@type\":\"PropertyValueSpecification\",\"valueRequired\":true,\"valueName\":\"search_term_string\"}}],\"inLanguage\":\"fr-FR\"},{\"@type\":\"Organization\",\"@id\":\"https:\\\/\\\/www.welovekeys.co.uk\\\/fr\\\/#organization\",\"name\":\"We Love Keys\",\"url\":\"https:\\\/\\\/www.welovekeys.co.uk\\\/fr\\\/\",\"logo\":{\"@type\":\"ImageObject\",\"inLanguage\":\"fr-FR\",\"@id\":\"https:\\\/\\\/www.welovekeys.co.uk\\\/fr\\\/#\\\/schema\\\/logo\\\/image\\\/\",\"url\":\"https:\\\/\\\/www.welovekeys.co.uk\\\/wp-content\\\/uploads\\\/2017\\\/06\\\/WE.png\",\"contentUrl\":\"https:\\\/\\\/www.welovekeys.co.uk\\\/wp-content\\\/uploads\\\/2017\\\/06\\\/WE.png\",\"width\":348,\"height\":66,\"caption\":\"We Love Keys\"},\"image\":{\"@id\":\"https:\\\/\\\/www.welovekeys.co.uk\\\/fr\\\/#\\\/schema\\\/logo\\\/image\\\/\"}}]}<\/script>\n<!-- \/ Yoast SEO plugin. -->","yoast_head_json":{"title":"Cl\u00e9s - We Love Keys","description":"Retrouvez tous les types de cl\u00e9s et de serrures dans notre boutique en ligne. Haute qualit\u00e9, prix avantageux et exp\u00e9dition rapide. We Love Keys est un service de d\u00e9coupe de cl\u00e9s en ligne","robots":{"index":"index","follow":"follow","max-snippet":"max-snippet:-1","max-image-preview":"max-image-preview:large","max-video-preview":"max-video-preview:-1"},"canonical":"https:\/\/www.welovekeys.co.uk\/fr\/cles\/","og_locale":"fr_FR","og_type":"article","og_title":"Cl\u00e9s - We Love Keys","og_description":"Retrouvez tous les types de cl\u00e9s et de serrures dans notre boutique en ligne. Haute qualit\u00e9, prix avantageux et exp\u00e9dition rapide. We Love Keys est un service de d\u00e9coupe de cl\u00e9s en ligne","og_url":"https:\/\/www.welovekeys.co.uk\/fr\/cles\/","og_site_name":"We Love Keys","article_modified_time":"2018-08-29T09:01:35+00:00","twitter_card":"summary_large_image","twitter_misc":{"Dur\u00e9e de lecture estim\u00e9e":"1 minute"},"schema":{"@context":"https:\/\/schema.org","@graph":[{"@type":"WebPage","@id":"https:\/\/www.welovekeys.co.uk\/fr\/cles\/","url":"https:\/\/www.welovekeys.co.uk\/fr\/cles\/","name":"Cl\u00e9s - We Love Keys","isPartOf":{"@id":"https:\/\/www.welovekeys.co.uk\/fr\/#website"},"datePublished":"2018-08-29T08:57:57+00:00","dateModified":"2018-08-29T09:01:35+00:00","description":"Retrouvez tous les types de cl\u00e9s et de serrures dans notre boutique en ligne. Haute qualit\u00e9, prix avantageux et exp\u00e9dition rapide. We Love Keys est un service de d\u00e9coupe de cl\u00e9s en ligne","breadcrumb":{"@id":"https:\/\/www.welovekeys.co.uk\/fr\/cles\/#breadcrumb"},"inLanguage":"fr-FR","potentialAction":[{"@type":"ReadAction","target":["https:\/\/www.welovekeys.co.uk\/fr\/cles\/"]}]},{"@type":"BreadcrumbList","@id":"https:\/\/www.welovekeys.co.uk\/fr\/cles\/#breadcrumb","itemListElement":[{"@type":"ListItem","position":1,"name":"Home","item":"https:\/\/www.welovekeys.co.uk\/fr\/"},{"@type":"ListItem","position":2,"name":"Cl\u00e9s"}]},{"@type":"WebSite","@id":"https:\/\/www.welovekeys.co.uk\/fr\/#website","url":"https:\/\/www.welovekeys.co.uk\/fr\/","name":"We Love Keys","description":"A marketplace for keys","publisher":{"@id":"https:\/\/www.welovekeys.co.uk\/fr\/#organization"},"potentialAction":[{"@type":"SearchAction","target":{"@type":"EntryPoint","urlTemplate":"https:\/\/www.welovekeys.co.uk\/fr\/?s={search_term_string}"},"query-input":{"@type":"PropertyValueSpecification","valueRequired":true,"valueName":"search_term_string"}}],"inLanguage":"fr-FR"},{"@type":"Organization","@id":"https:\/\/www.welovekeys.co.uk\/fr\/#organization","name":"We Love Keys","url":"https:\/\/www.welovekeys.co.uk\/fr\/","logo":{"@type":"ImageObject","inLanguage":"fr-FR","@id":"https:\/\/www.welovekeys.co.uk\/fr\/#\/schema\/logo\/image\/","url":"https:\/\/www.welovekeys.co.uk\/wp-content\/uploads\/2017\/06\/WE.png","contentUrl":"https:\/\/www.welovekeys.co.uk\/wp-content\/uploads\/2017\/06\/WE.png","width":348,"height":66,"caption":"We Love Keys"},"image":{"@id":"https:\/\/www.welovekeys.co.uk\/fr\/#\/schema\/logo\/image\/"}}]}},"_links":{"self":[{"href":"https:\/\/www.welovekeys.co.uk\/fr\/wp-json\/wp\/v2\/pages\/1838","targetHints":{"allow":["GET"]}}],"collection":[{"href":"https:\/\/www.welovekeys.co.uk\/fr\/wp-json\/wp\/v2\/pages"}],"about":[{"href":"https:\/\/www.welovekeys.co.uk\/fr\/wp-json\/wp\/v2\/types\/page"}],"author":[{"embeddable":true,"href":"https:\/\/www.welovekeys.co.uk\/fr\/wp-json\/wp\/v2\/users\/3"}],"replies":[{"embeddable":true,"href":"https:\/\/www.welovekeys.co.uk\/fr\/wp-json\/wp\/v2\/comments?post=1838"}],"version-history":[{"count":0,"href":"https:\/\/www.welovekeys.co.uk\/fr\/wp-json\/wp\/v2\/pages\/1838\/revisions"}],"wp:attachment":[{"href":"https:\/\/www.welovekeys.co.uk\/fr\/wp-json\/wp\/v2\/media?parent=1838"}],"curies":[{"name":"wp","href":"https:\/\/api.w.org\/{rel}","templated":true}]}}