{"id":1811,"date":"2018-08-24T13:28:33","date_gmt":"2018-08-24T13:28:33","guid":{"rendered":"https:\/\/www.welovekeys.co.uk\/aide\/"},"modified":"2023-04-20T11:15:27","modified_gmt":"2023-04-20T10:15:27","slug":"aide","status":"publish","type":"page","link":"https:\/\/www.welovekeys.co.uk\/fr\/aide\/","title":{"rendered":"Aide"},"content":{"rendered":"<p>[et_pb_section fb_built=\u00a0\u00bb1&Prime; _builder_version=\u00a0\u00bb4.19.5&Prime; use_background_color_gradient=\u00a0\u00bbon\u00a0\u00bb background_color_gradient_stops=\u00a0\u00bb#263d7b 0%|#09a2d6 100%\u00a0\u00bb background_enable_image=\u00a0\u00bboff\u00a0\u00bb custom_padding=\u00a0\u00bb45px|0px|27px|0px||\u00a0\u00bb global_colors_info=\u00a0\u00bb{}\u00a0\u00bb][et_pb_row _builder_version=\u00a0\u00bb4.19.5&Prime; background_enable_color=\u00a0\u00bboff\u00a0\u00bb background_size=\u00a0\u00bbinitial\u00a0\u00bb background_position=\u00a0\u00bbtop_left\u00a0\u00bb background_repeat=\u00a0\u00bbrepeat\u00a0\u00bb min_height=\u00a0\u00bb136px\u00a0\u00bb custom_padding=\u00a0\u00bb28px|0px|0px|0px||\u00a0\u00bb global_colors_info=\u00a0\u00bb{}\u00a0\u00bb][et_pb_column type=\u00a0\u00bb4_4&Prime; _builder_version=\u00a0\u00bb4.16&Prime; custom_padding=\u00a0\u00bb|||\u00a0\u00bb global_colors_info=\u00a0\u00bb{}\u00a0\u00bb custom_padding__hover=\u00a0\u00bb|||\u00a0\u00bb][et_pb_text _builder_version=\u00a0\u00bb4.19.5&Prime; header_font=\u00a0\u00bb|700|||||||\u00a0\u00bb header_text_color=\u00a0\u00bb#FFFFFF\u00a0\u00bb header_font_size=\u00a0\u00bb45px\u00a0\u00bb header_letter_spacing=\u00a0\u00bb1px\u00a0\u00bb background_size=\u00a0\u00bbinitial\u00a0\u00bb background_position=\u00a0\u00bbtop_left\u00a0\u00bb background_repeat=\u00a0\u00bbrepeat\u00a0\u00bb custom_margin=\u00a0\u00bb||0px|||\u00a0\u00bb global_colors_info=\u00a0\u00bb{}\u00a0\u00bb]<\/p>\n<h1 style=\"text-align: center;\">Vous n&rsquo;\u00eates pas s\u00fbr ?<\/h1>\n<p>[\/et_pb_text][\/et_pb_column][\/et_pb_row][\/et_pb_section][et_pb_section fb_built=\u00a0\u00bb1&Prime; admin_label=\u00a0\u00bbsection\u00a0\u00bb _builder_version=\u00a0\u00bb4.19.5&Prime; background_color=\u00a0\u00bb#F6FBFD\u00a0\u00bb custom_padding=\u00a0\u00bb5px|0px|51.4375px|0px\u00a0\u00bb global_colors_info=\u00a0\u00bb{}\u00a0\u00bb][et_pb_row make_equal=\u00a0\u00bbon\u00a0\u00bb _builder_version=\u00a0\u00bb4.20.2&Prime; _module_preset=\u00a0\u00bbdefault\u00a0\u00bb background_color=\u00a0\u00bb#FFFFFF\u00a0\u00bb background_image=\u00a0\u00bbhttps:\/\/www.welovekeys.co.uk\/wp-content\/uploads\/2021\/07\/medical-shape-02.svg\u00a0\u00bb background_size=\u00a0\u00bbcontain\u00a0\u00bb background_position=\u00a0\u00bbtop_left\u00a0\u00bb positioning=\u00a0\u00bbnone\u00a0\u00bb position_origin_a=\u00a0\u00bbtop_center\u00a0\u00bb width_tablet=\u00a0\u00bb\u00a0\u00bb width_phone=\u00a0\u00bb100%\u00a0\u00bb width_last_edited=\u00a0\u00bbon|phone\u00a0\u00bb max_width=\u00a0\u00bb1080px\u00a0\u00bb custom_margin=\u00a0\u00bb-13px|auto|40px|auto|false|false\u00a0\u00bb custom_margin_tablet=\u00a0\u00bb-13px|auto|40px|auto|false|false\u00a0\u00bb custom_margin_phone=\u00a0\u00bb-13px|auto|40px|auto|false|false\u00a0\u00bb custom_margin_last_edited=\u00a0\u00bbon|phone\u00a0\u00bb custom_padding=\u00a0\u00bb|40px|60px|40px|false|false\u00a0\u00bb border_radii=\u00a0\u00bbon|15px|15px|15px|15px\u00a0\u00bb border_color_all=\u00a0\u00bbRGBA(0,0,0,0)\u00a0\u00bb box_shadow_style=\u00a0\u00bbpreset1&Prime; box_shadow_vertical=\u00a0\u00bb14px\u00a0\u00bb box_shadow_blur=\u00a0\u00bb40px\u00a0\u00bb box_shadow_color=\u00a0\u00bbrgba(9,162,214,0.13)\u00a0\u00bb global_colors_info=\u00a0\u00bb{}\u00a0\u00bb][et_pb_column type=\u00a0\u00bb4_4&Prime; module_class=\u00a0\u00bbdp-vertical-align\u00a0\u00bb _builder_version=\u00a0\u00bb4.16&Prime; _module_preset=\u00a0\u00bbdefault\u00a0\u00bb global_colors_info=\u00a0\u00bb{}\u00a0\u00bb][et_pb_text _builder_version=\u00a0\u00bb4.20.4&Prime; text_font=\u00a0\u00bb||||||||\u00a0\u00bb text_text_color=\u00a0\u00bb#081830&Prime; text_letter_spacing=\u00a0\u00bb1px\u00a0\u00bb background_size=\u00a0\u00bbinitial\u00a0\u00bb background_position=\u00a0\u00bbtop_left\u00a0\u00bb background_repeat=\u00a0\u00bbrepeat\u00a0\u00bb custom_margin=\u00a0\u00bb25px|||\u00a0\u00bb custom_margin_tablet=\u00a0\u00bb\u00a0\u00bb custom_margin_phone=\u00a0\u00bb\u00a0\u00bb custom_margin_last_edited=\u00a0\u00bbon|desktop\u00a0\u00bb global_colors_info=\u00a0\u00bb{}\u00a0\u00bb]<\/p>\n<p style=\"text-align: center;\">Si vous n&rsquo;\u00eates pas s\u00fbr de la cl\u00e9 que vous devez s\u00e9lectionner sur notre site Web, vous pouvez nous envoyer des photos claires des deux c\u00f4t\u00e9s de votre cl\u00e9 \u00e0 l&rsquo;aide de notre outil de t\u00e9l\u00e9chargement de photos.<\/p>\n<p>[\/et_pb_text][et_pb_contact_form captcha=\u00a0\u00bboff\u00a0\u00bb email=\u00a0\u00bbhelp@welovekeys.co.uk\u00a0\u00bb custom_message=\u00a0\u00bbThis is an enquiry from WLK website for Not Sure which key you need. ||et_pb_line_break_holder||||et_pb_line_break_holder||From ||et_pb_line_break_holder||||et_pb_line_break_holder||Name:||et_pb_line_break_holder|| %%Name%%||et_pb_line_break_holder||||et_pb_line_break_holder||Email:||et_pb_line_break_holder|| %%Email%%||et_pb_line_break_holder||||et_pb_line_break_holder||Phone: ||et_pb_line_break_holder||%%Phone%%||et_pb_line_break_holder||||et_pb_line_break_holder||Brand: ||et_pb_line_break_holder||%%Brand%%||et_pb_line_break_holder||||et_pb_line_break_holder||Key Code: ||et_pb_line_break_holder||%%KeyCode%%||et_pb_line_break_holder||||et_pb_line_break_holder||Number of keys:||et_pb_line_break_holder|| %%Numbekeys%%||et_pb_line_break_holder||||et_pb_line_break_holder||Upload:||et_pb_line_break_holder|| %%Upload%%||et_pb_line_break_holder||||et_pb_line_break_holder||Comments:||et_pb_line_break_holder|| %%Comments%%\u00a0\u00bb success_message=\u00a0\u00bb<\/p>\n<p>Thank you, your message is on its way to us. We will respond as soon as possible!<\/p>\n<p>\u00a0\u00bb submit_button_text=\u00a0\u00bbSoumettre ma demande\u00a0\u00bb _builder_version=\u00a0\u00bb4.20.4&Prime; _module_preset=\u00a0\u00bbdefault\u00a0\u00bb _unique_id=\u00a0\u00bb4fdd075e-c128-4e01-9c48-37f53fb68b51&Prime; form_field_background_color=\u00a0\u00bbrgba(38,61,123,0.04)\u00a0\u00bb form_field_text_color=\u00a0\u00bbrgba(8,24,48,0.6)\u00a0\u00bb form_field_focus_background_color=\u00a0\u00bb#F6FBFD\u00a0\u00bb form_field_focus_text_color=\u00a0\u00bb#081830&Prime; form_field_custom_padding=\u00a0\u00bb20px|20px|20px|20px|false|false\u00a0\u00bb captcha_text_color=\u00a0\u00bb#081830&Prime; form_field_font=\u00a0\u00bbMontserrat||||||||\u00a0\u00bb custom_margin_tablet=\u00a0\u00bb\u00a0\u00bb custom_margin_phone=\u00a0\u00bb||60px||false|false\u00a0\u00bb custom_margin_last_edited=\u00a0\u00bbon|phone\u00a0\u00bb field_label_color=\u00a0\u00bb#081830&Prime; field_label_background=\u00a0\u00bbRGBA(255,255,255,0)\u00a0\u00bb field_label_border_color=\u00a0\u00bbRGBA(255,255,255,0)\u00a0\u00bb field_desc_color=\u00a0\u00bb#081830&Prime; field_desc_background=\u00a0\u00bbRGBA(255,255,255,0)\u00a0\u00bb field_desc_border_color=\u00a0\u00bbRGBA(255,255,255,0)\u00a0\u00bb use_honeypot=\u00a0\u00bbon\u00a0\u00bb border_width_all=\u00a0\u00bb1px\u00a0\u00bb global_colors_info=\u00a0\u00bb{}\u00a0\u00bb][et_pb_contact_field field_id=\u00a0\u00bbname\u00a0\u00bb field_title=\u00a0\u00bbVotre nom\u00a0\u00bb fullwidth_field=\u00a0\u00bbon\u00a0\u00bb _builder_version=\u00a0\u00bb4.20.4&Prime; use_field_label=\u00a0\u00bbon\u00a0\u00bb field_placeholder=\u00a0\u00bbVotre nom\u00a0\u00bb field_description_location=\u00a0\u00bbabove\u00a0\u00bb global_colors_info=\u00a0\u00bb{}\u00a0\u00bb button_text_size__hover_enabled=\u00a0\u00bboff\u00a0\u00bb button_one_text_size__hover_enabled=\u00a0\u00bboff\u00a0\u00bb button_two_text_size__hover_enabled=\u00a0\u00bboff\u00a0\u00bb button_text_color__hover_enabled=\u00a0\u00bboff\u00a0\u00bb button_one_text_color__hover_enabled=\u00a0\u00bboff\u00a0\u00bb button_two_text_color__hover_enabled=\u00a0\u00bboff\u00a0\u00bb button_border_width__hover_enabled=\u00a0\u00bboff\u00a0\u00bb button_one_border_width__hover_enabled=\u00a0\u00bboff\u00a0\u00bb button_two_border_width__hover_enabled=\u00a0\u00bboff\u00a0\u00bb button_border_color__hover_enabled=\u00a0\u00bboff\u00a0\u00bb button_one_border_color__hover_enabled=\u00a0\u00bboff\u00a0\u00bb button_two_border_color__hover_enabled=\u00a0\u00bboff\u00a0\u00bb button_border_radius__hover_enabled=\u00a0\u00bboff\u00a0\u00bb button_one_border_radius__hover_enabled=\u00a0\u00bboff\u00a0\u00bb button_two_border_radius__hover_enabled=\u00a0\u00bboff\u00a0\u00bb button_letter_spacing__hover_enabled=\u00a0\u00bboff\u00a0\u00bb button_one_letter_spacing__hover_enabled=\u00a0\u00bboff\u00a0\u00bb button_two_letter_spacing__hover_enabled=\u00a0\u00bboff\u00a0\u00bb button_bg_color__hover_enabled=\u00a0\u00bboff\u00a0\u00bb button_one_bg_color__hover_enabled=\u00a0\u00bboff\u00a0\u00bb button_two_bg_color__hover_enabled=\u00a0\u00bboff\u00a0\u00bb][\/et_pb_contact_field][et_pb_contact_field field_id=\u00a0\u00bbemail\u00a0\u00bb field_title=\u00a0\u00bbEmail Address\u00a0\u00bb field_type=\u00a0\u00bbemail\u00a0\u00bb fullwidth_field=\u00a0\u00bbon\u00a0\u00bb _builder_version=\u00a0\u00bb4.20.4&Prime; use_field_label=\u00a0\u00bbon\u00a0\u00bb field_placeholder=\u00a0\u00bbEmail Address\u00a0\u00bb global_colors_info=\u00a0\u00bb{}\u00a0\u00bb button_text_size__hover_enabled=\u00a0\u00bboff\u00a0\u00bb button_one_text_size__hover_enabled=\u00a0\u00bboff\u00a0\u00bb button_two_text_size__hover_enabled=\u00a0\u00bboff\u00a0\u00bb button_text_color__hover_enabled=\u00a0\u00bboff\u00a0\u00bb button_one_text_color__hover_enabled=\u00a0\u00bboff\u00a0\u00bb button_two_text_color__hover_enabled=\u00a0\u00bboff\u00a0\u00bb button_border_width__hover_enabled=\u00a0\u00bboff\u00a0\u00bb button_one_border_width__hover_enabled=\u00a0\u00bboff\u00a0\u00bb button_two_border_width__hover_enabled=\u00a0\u00bboff\u00a0\u00bb button_border_color__hover_enabled=\u00a0\u00bboff\u00a0\u00bb button_one_border_color__hover_enabled=\u00a0\u00bboff\u00a0\u00bb button_two_border_color__hover_enabled=\u00a0\u00bboff\u00a0\u00bb button_border_radius__hover_enabled=\u00a0\u00bboff\u00a0\u00bb button_one_border_radius__hover_enabled=\u00a0\u00bboff\u00a0\u00bb button_two_border_radius__hover_enabled=\u00a0\u00bboff\u00a0\u00bb button_letter_spacing__hover_enabled=\u00a0\u00bboff\u00a0\u00bb button_one_letter_spacing__hover_enabled=\u00a0\u00bboff\u00a0\u00bb button_two_letter_spacing__hover_enabled=\u00a0\u00bboff\u00a0\u00bb button_bg_color__hover_enabled=\u00a0\u00bboff\u00a0\u00bb button_one_bg_color__hover_enabled=\u00a0\u00bboff\u00a0\u00bb button_two_bg_color__hover_enabled=\u00a0\u00bboff\u00a0\u00bb][\/et_pb_contact_field][et_pb_contact_field field_id=\u00a0\u00bbphone\u00a0\u00bb field_title=\u00a0\u00bbVotre t\u00e9l\u00e9phone\u00a0\u00bb allowed_symbols=\u00a0\u00bbnumbers\u00a0\u00bb fullwidth_field=\u00a0\u00bbon\u00a0\u00bb _builder_version=\u00a0\u00bb4.20.4&Prime; _module_preset=\u00a0\u00bbdefault\u00a0\u00bb use_field_label=\u00a0\u00bbon\u00a0\u00bb field_placeholder=\u00a0\u00bbVotre t\u00e9l\u00e9phone\u00a0\u00bb field_description_location=\u00a0\u00bbabove\u00a0\u00bb global_colors_info=\u00a0\u00bb{}\u00a0\u00bb][\/et_pb_contact_field][et_pb_contact_field field_id=\u00a0\u00bbBrand\u00a0\u00bb field_title=\u00a0\u00bbMarque \/ Description sur la cl\u00e9 \u00a0\u00bb fullwidth_field=\u00a0\u00bbon\u00a0\u00bb _builder_version=\u00a0\u00bb4.20.4&Prime; _module_preset=\u00a0\u00bbdefault\u00a0\u00bb use_field_label=\u00a0\u00bbon\u00a0\u00bb field_placeholder=\u00a0\u00bbMarque \/ Description sur la cl\u00e9 \u00a0\u00bb field_description=\u00a0\u00bbLe nom de la marque sera normalement marqu\u00e9 sur la cl\u00e9\u00a0\u00bb field_description_location=\u00a0\u00bbabove\u00a0\u00bb global_colors_info=\u00a0\u00bb{}\u00a0\u00bb][\/et_pb_contact_field][et_pb_contact_field field_id=\u00a0\u00bbKeyCode\u00a0\u00bb field_title=\u00a0\u00bbNum\u00e9ro sur la cl\u00e9\u00a0\u00bb fullwidth_field=\u00a0\u00bbon\u00a0\u00bb field_title_tablet=\u00a0\u00bbNum\u00e9ro sur la cl\u00e9\u00a0\u00bb field_title_phone=\u00a0\u00bbNum\u00e9ro sur la cl\u00e9\u00a0\u00bb field_title_last_edited=\u00a0\u00bbon|desktop\u00a0\u00bb _builder_version=\u00a0\u00bb4.20.4&Prime; _module_preset=\u00a0\u00bbdefault\u00a0\u00bb use_field_label=\u00a0\u00bbon\u00a0\u00bb field_placeholder=\u00a0\u00bbNum\u00e9ro sur la cl\u00e9\u00a0\u00bb field_description=\u00a0\u00bbEntrez tous les num\u00e9ros de code marqu\u00e9s sur la cl\u00e9 ou la carte-cl\u00e9. Ils peuvent \u00eatre \u00e9crits sur plusieurs lignes\u00a0\u00bb field_description_location=\u00a0\u00bbabove\u00a0\u00bb global_colors_info=\u00a0\u00bb{}\u00a0\u00bb][\/et_pb_contact_field][et_pb_contact_field field_id=\u00a0\u00bbNumbekeys\u00a0\u00bb field_title=\u00a0\u00bbNombre de cl\u00e9s\u00a0\u00bb fullwidth_field=\u00a0\u00bbon\u00a0\u00bb _builder_version=\u00a0\u00bb4.20.4&Prime; _module_preset=\u00a0\u00bbdefault\u00a0\u00bb use_field_label=\u00a0\u00bbon\u00a0\u00bb field_placeholder=\u00a0\u00bbNombre de cl\u00e9s\u00a0\u00bb field_description_location=\u00a0\u00bbabove\u00a0\u00bb global_colors_info=\u00a0\u00bb{}\u00a0\u00bb][\/et_pb_contact_field][et_pb_contact_field field_id=\u00a0\u00bbUpload\u00a0\u00bb field_title=\u00a0\u00bbT\u00e9l\u00e9charger des photos\u00a0\u00bb required_mark=\u00a0\u00bboff\u00a0\u00bb fullwidth_field=\u00a0\u00bbon\u00a0\u00bb _builder_version=\u00a0\u00bb4.20.4&Prime; _module_preset=\u00a0\u00bbdefault\u00a0\u00bb use_field_label=\u00a0\u00bbon\u00a0\u00bb field_placeholder=\u00a0\u00bbT\u00e9l\u00e9charger des photos\u00a0\u00bb field_description=\u00a0\u00bbVeuillez t\u00e9l\u00e9charger des photos de l&rsquo;avant et de l&rsquo;arri\u00e8re de votre cl\u00e9\u00a0\u00bb field_description_location=\u00a0\u00bbabove\u00a0\u00bb use_file_upload=\u00a0\u00bbon\u00a0\u00bb file_size=\u00a0\u00bb10240&Prime; files_limit=\u00a0\u00bb4&Prime; file_mime=\u00a0\u00bbon|on|on|off|off|off|off|off|off|off|off|off|off|off|off|off|off|off|off|off|off|off|off|off|off|off|off|off|off|off|off|off|off|off|off|off|off|off|off|off|off|off|off|off|off|off|off|off|off|off|off|off|off|off|off|off|off|off|off|off|off|off|off|off|off|off|off|off|off|off|off|off|off|off|off|off|off|off|off|off|off|off|off|off|off|off|off|off|off|off|off|off|off|off\u00a0\u00bb global_colors_info=\u00a0\u00bb{}\u00a0\u00bb][\/et_pb_contact_field][et_pb_contact_field field_id=\u00a0\u00bbComments\u00a0\u00bb field_title=\u00a0\u00bbCommentaires\u00a0\u00bb field_type=\u00a0\u00bbtext\u00a0\u00bb required_mark=\u00a0\u00bboff\u00a0\u00bb fullwidth_field=\u00a0\u00bbon\u00a0\u00bb _builder_version=\u00a0\u00bb4.20.4&Prime; _module_preset=\u00a0\u00bbdefault\u00a0\u00bb use_field_label=\u00a0\u00bbon\u00a0\u00bb field_placeholder=\u00a0\u00bbCommentaires\u00a0\u00bb global_colors_info=\u00a0\u00bb{}\u00a0\u00bb][\/et_pb_contact_field][\/et_pb_contact_form][\/et_pb_column][\/et_pb_row][\/et_pb_section]<\/p>\n","protected":false},"excerpt":{"rendered":"<p>Vous n&rsquo;\u00eates pas s\u00fbr ?Si vous n&rsquo;\u00eates pas s\u00fbr de la cl\u00e9 que vous devez s\u00e9lectionner sur notre site Web, vous pouvez nous envoyer des photos claires des deux c\u00f4t\u00e9s de votre cl\u00e9 \u00e0 l&rsquo;aide de notre outil de t\u00e9l\u00e9chargement de photos.<\/p>\n","protected":false},"author":3,"featured_media":1213,"parent":0,"menu_order":0,"comment_status":"closed","ping_status":"closed","template":"","meta":{"_et_pb_use_builder":"on","_et_pb_old_content":"","_et_gb_content_width":"","footnotes":""},"class_list":["post-1811","page","type-page","status-publish","has-post-thumbnail","hentry"],"yoast_head":"<!-- This site is optimized with the Yoast SEO plugin v27.4 - https:\/\/yoast.com\/product\/yoast-seo-wordpress\/ -->\n<title>Trouvez la cl\u00e9 dont vous avez besoin - We Love Keys<\/title>\n<meta name=\"description\" content=\"Si vous n&#039;\u00eates pas s\u00fbr de la cl\u00e9 que vous devez s\u00e9lectionner sur notre site Web, vous pouvez nous envoyer des photos claires des deux c\u00f4t\u00e9s de votre cl\u00e9 \u00e0 l&#039;aide de notre outil de t\u00e9l\u00e9chargement de photos.\" \/>\n<meta name=\"robots\" content=\"index, follow, max-snippet:-1, max-image-preview:large, max-video-preview:-1\" \/>\n<link rel=\"canonical\" href=\"https:\/\/www.welovekeys.co.uk\/fr\/aide\/\" \/>\n<meta property=\"og:locale\" content=\"fr_FR\" \/>\n<meta property=\"og:type\" content=\"article\" \/>\n<meta property=\"og:title\" content=\"Trouvez la cl\u00e9 dont vous avez besoin - We Love Keys\" \/>\n<meta property=\"og:description\" content=\"Si vous n&#039;\u00eates pas s\u00fbr de la cl\u00e9 que vous devez s\u00e9lectionner sur notre site Web, vous pouvez nous envoyer des photos claires des deux c\u00f4t\u00e9s de votre cl\u00e9 \u00e0 l&#039;aide de notre outil de t\u00e9l\u00e9chargement de photos.\" \/>\n<meta property=\"og:url\" content=\"https:\/\/www.welovekeys.co.uk\/fr\/aide\/\" \/>\n<meta property=\"og:site_name\" content=\"We Love Keys\" \/>\n<meta property=\"article:modified_time\" content=\"2023-04-20T10:15:27+00:00\" \/>\n<meta property=\"og:image\" content=\"https:\/\/www.welovekeys.co.uk\/wp-content\/uploads\/2017\/07\/keys-2070722_1920.jpg\" \/>\n\t<meta property=\"og:image:width\" content=\"1920\" \/>\n\t<meta property=\"og:image:height\" content=\"1280\" \/>\n\t<meta property=\"og:image:type\" content=\"image\/jpeg\" \/>\n<meta name=\"twitter:card\" content=\"summary_large_image\" \/>\n<meta name=\"twitter:label1\" content=\"Dur\u00e9e de lecture estim\u00e9e\" \/>\n\t<meta name=\"twitter:data1\" content=\"7 minutes\" \/>\n<script type=\"application\/ld+json\" class=\"yoast-schema-graph\">{\"@context\":\"https:\\\/\\\/schema.org\",\"@graph\":[{\"@type\":\"WebPage\",\"@id\":\"https:\\\/\\\/www.welovekeys.co.uk\\\/fr\\\/aide\\\/\",\"url\":\"https:\\\/\\\/www.welovekeys.co.uk\\\/fr\\\/aide\\\/\",\"name\":\"Trouvez la cl\u00e9 dont vous avez besoin - We Love Keys\",\"isPartOf\":{\"@id\":\"https:\\\/\\\/www.welovekeys.co.uk\\\/fr\\\/#website\"},\"primaryImageOfPage\":{\"@id\":\"https:\\\/\\\/www.welovekeys.co.uk\\\/fr\\\/aide\\\/#primaryimage\"},\"image\":{\"@id\":\"https:\\\/\\\/www.welovekeys.co.uk\\\/fr\\\/aide\\\/#primaryimage\"},\"thumbnailUrl\":\"https:\\\/\\\/www.welovekeys.co.uk\\\/wp-content\\\/uploads\\\/2017\\\/07\\\/keys-2070722_1920.jpg\",\"datePublished\":\"2018-08-24T13:28:33+00:00\",\"dateModified\":\"2023-04-20T10:15:27+00:00\",\"description\":\"Si vous n'\u00eates pas s\u00fbr de la cl\u00e9 que vous devez s\u00e9lectionner sur notre site Web, vous pouvez nous envoyer des photos claires des deux c\u00f4t\u00e9s de votre cl\u00e9 \u00e0 l'aide de notre outil de t\u00e9l\u00e9chargement de photos.\",\"breadcrumb\":{\"@id\":\"https:\\\/\\\/www.welovekeys.co.uk\\\/fr\\\/aide\\\/#breadcrumb\"},\"inLanguage\":\"fr-FR\",\"potentialAction\":[{\"@type\":\"ReadAction\",\"target\":[\"https:\\\/\\\/www.welovekeys.co.uk\\\/fr\\\/aide\\\/\"]}]},{\"@type\":\"ImageObject\",\"inLanguage\":\"fr-FR\",\"@id\":\"https:\\\/\\\/www.welovekeys.co.uk\\\/fr\\\/aide\\\/#primaryimage\",\"url\":\"https:\\\/\\\/www.welovekeys.co.uk\\\/wp-content\\\/uploads\\\/2017\\\/07\\\/keys-2070722_1920.jpg\",\"contentUrl\":\"https:\\\/\\\/www.welovekeys.co.uk\\\/wp-content\\\/uploads\\\/2017\\\/07\\\/keys-2070722_1920.jpg\",\"width\":1920,\"height\":1280,\"caption\":\"bunch of keys\"},{\"@type\":\"BreadcrumbList\",\"@id\":\"https:\\\/\\\/www.welovekeys.co.uk\\\/fr\\\/aide\\\/#breadcrumb\",\"itemListElement\":[{\"@type\":\"ListItem\",\"position\":1,\"name\":\"Home\",\"item\":\"https:\\\/\\\/www.welovekeys.co.uk\\\/fr\\\/\"},{\"@type\":\"ListItem\",\"position\":2,\"name\":\"Aide\"}]},{\"@type\":\"WebSite\",\"@id\":\"https:\\\/\\\/www.welovekeys.co.uk\\\/fr\\\/#website\",\"url\":\"https:\\\/\\\/www.welovekeys.co.uk\\\/fr\\\/\",\"name\":\"We Love Keys\",\"description\":\"A marketplace for keys\",\"publisher\":{\"@id\":\"https:\\\/\\\/www.welovekeys.co.uk\\\/fr\\\/#organization\"},\"potentialAction\":[{\"@type\":\"SearchAction\",\"target\":{\"@type\":\"EntryPoint\",\"urlTemplate\":\"https:\\\/\\\/www.welovekeys.co.uk\\\/fr\\\/?s={search_term_string}\"},\"query-input\":{\"@type\":\"PropertyValueSpecification\",\"valueRequired\":true,\"valueName\":\"search_term_string\"}}],\"inLanguage\":\"fr-FR\"},{\"@type\":\"Organization\",\"@id\":\"https:\\\/\\\/www.welovekeys.co.uk\\\/fr\\\/#organization\",\"name\":\"We Love Keys\",\"url\":\"https:\\\/\\\/www.welovekeys.co.uk\\\/fr\\\/\",\"logo\":{\"@type\":\"ImageObject\",\"inLanguage\":\"fr-FR\",\"@id\":\"https:\\\/\\\/www.welovekeys.co.uk\\\/fr\\\/#\\\/schema\\\/logo\\\/image\\\/\",\"url\":\"https:\\\/\\\/www.welovekeys.co.uk\\\/wp-content\\\/uploads\\\/2017\\\/06\\\/WE.png\",\"contentUrl\":\"https:\\\/\\\/www.welovekeys.co.uk\\\/wp-content\\\/uploads\\\/2017\\\/06\\\/WE.png\",\"width\":348,\"height\":66,\"caption\":\"We Love Keys\"},\"image\":{\"@id\":\"https:\\\/\\\/www.welovekeys.co.uk\\\/fr\\\/#\\\/schema\\\/logo\\\/image\\\/\"}}]}<\/script>\n<!-- \/ Yoast SEO plugin. -->","yoast_head_json":{"title":"Trouvez la cl\u00e9 dont vous avez besoin - We Love Keys","description":"Si vous n'\u00eates pas s\u00fbr de la cl\u00e9 que vous devez s\u00e9lectionner sur notre site Web, vous pouvez nous envoyer des photos claires des deux c\u00f4t\u00e9s de votre cl\u00e9 \u00e0 l'aide de notre outil de t\u00e9l\u00e9chargement de photos.","robots":{"index":"index","follow":"follow","max-snippet":"max-snippet:-1","max-image-preview":"max-image-preview:large","max-video-preview":"max-video-preview:-1"},"canonical":"https:\/\/www.welovekeys.co.uk\/fr\/aide\/","og_locale":"fr_FR","og_type":"article","og_title":"Trouvez la cl\u00e9 dont vous avez besoin - We Love Keys","og_description":"Si vous n'\u00eates pas s\u00fbr de la cl\u00e9 que vous devez s\u00e9lectionner sur notre site Web, vous pouvez nous envoyer des photos claires des deux c\u00f4t\u00e9s de votre cl\u00e9 \u00e0 l'aide de notre outil de t\u00e9l\u00e9chargement de photos.","og_url":"https:\/\/www.welovekeys.co.uk\/fr\/aide\/","og_site_name":"We Love Keys","article_modified_time":"2023-04-20T10:15:27+00:00","og_image":[{"width":1920,"height":1280,"url":"https:\/\/www.welovekeys.co.uk\/wp-content\/uploads\/2017\/07\/keys-2070722_1920.jpg","type":"image\/jpeg"}],"twitter_card":"summary_large_image","twitter_misc":{"Dur\u00e9e de lecture estim\u00e9e":"7 minutes"},"schema":{"@context":"https:\/\/schema.org","@graph":[{"@type":"WebPage","@id":"https:\/\/www.welovekeys.co.uk\/fr\/aide\/","url":"https:\/\/www.welovekeys.co.uk\/fr\/aide\/","name":"Trouvez la cl\u00e9 dont vous avez besoin - We Love Keys","isPartOf":{"@id":"https:\/\/www.welovekeys.co.uk\/fr\/#website"},"primaryImageOfPage":{"@id":"https:\/\/www.welovekeys.co.uk\/fr\/aide\/#primaryimage"},"image":{"@id":"https:\/\/www.welovekeys.co.uk\/fr\/aide\/#primaryimage"},"thumbnailUrl":"https:\/\/www.welovekeys.co.uk\/wp-content\/uploads\/2017\/07\/keys-2070722_1920.jpg","datePublished":"2018-08-24T13:28:33+00:00","dateModified":"2023-04-20T10:15:27+00:00","description":"Si vous n'\u00eates pas s\u00fbr de la cl\u00e9 que vous devez s\u00e9lectionner sur notre site Web, vous pouvez nous envoyer des photos claires des deux c\u00f4t\u00e9s de votre cl\u00e9 \u00e0 l'aide de notre outil de t\u00e9l\u00e9chargement de photos.","breadcrumb":{"@id":"https:\/\/www.welovekeys.co.uk\/fr\/aide\/#breadcrumb"},"inLanguage":"fr-FR","potentialAction":[{"@type":"ReadAction","target":["https:\/\/www.welovekeys.co.uk\/fr\/aide\/"]}]},{"@type":"ImageObject","inLanguage":"fr-FR","@id":"https:\/\/www.welovekeys.co.uk\/fr\/aide\/#primaryimage","url":"https:\/\/www.welovekeys.co.uk\/wp-content\/uploads\/2017\/07\/keys-2070722_1920.jpg","contentUrl":"https:\/\/www.welovekeys.co.uk\/wp-content\/uploads\/2017\/07\/keys-2070722_1920.jpg","width":1920,"height":1280,"caption":"bunch of keys"},{"@type":"BreadcrumbList","@id":"https:\/\/www.welovekeys.co.uk\/fr\/aide\/#breadcrumb","itemListElement":[{"@type":"ListItem","position":1,"name":"Home","item":"https:\/\/www.welovekeys.co.uk\/fr\/"},{"@type":"ListItem","position":2,"name":"Aide"}]},{"@type":"WebSite","@id":"https:\/\/www.welovekeys.co.uk\/fr\/#website","url":"https:\/\/www.welovekeys.co.uk\/fr\/","name":"We Love Keys","description":"A marketplace for keys","publisher":{"@id":"https:\/\/www.welovekeys.co.uk\/fr\/#organization"},"potentialAction":[{"@type":"SearchAction","target":{"@type":"EntryPoint","urlTemplate":"https:\/\/www.welovekeys.co.uk\/fr\/?s={search_term_string}"},"query-input":{"@type":"PropertyValueSpecification","valueRequired":true,"valueName":"search_term_string"}}],"inLanguage":"fr-FR"},{"@type":"Organization","@id":"https:\/\/www.welovekeys.co.uk\/fr\/#organization","name":"We Love Keys","url":"https:\/\/www.welovekeys.co.uk\/fr\/","logo":{"@type":"ImageObject","inLanguage":"fr-FR","@id":"https:\/\/www.welovekeys.co.uk\/fr\/#\/schema\/logo\/image\/","url":"https:\/\/www.welovekeys.co.uk\/wp-content\/uploads\/2017\/06\/WE.png","contentUrl":"https:\/\/www.welovekeys.co.uk\/wp-content\/uploads\/2017\/06\/WE.png","width":348,"height":66,"caption":"We Love Keys"},"image":{"@id":"https:\/\/www.welovekeys.co.uk\/fr\/#\/schema\/logo\/image\/"}}]}},"_links":{"self":[{"href":"https:\/\/www.welovekeys.co.uk\/fr\/wp-json\/wp\/v2\/pages\/1811","targetHints":{"allow":["GET"]}}],"collection":[{"href":"https:\/\/www.welovekeys.co.uk\/fr\/wp-json\/wp\/v2\/pages"}],"about":[{"href":"https:\/\/www.welovekeys.co.uk\/fr\/wp-json\/wp\/v2\/types\/page"}],"author":[{"embeddable":true,"href":"https:\/\/www.welovekeys.co.uk\/fr\/wp-json\/wp\/v2\/users\/3"}],"replies":[{"embeddable":true,"href":"https:\/\/www.welovekeys.co.uk\/fr\/wp-json\/wp\/v2\/comments?post=1811"}],"version-history":[{"count":0,"href":"https:\/\/www.welovekeys.co.uk\/fr\/wp-json\/wp\/v2\/pages\/1811\/revisions"}],"wp:featuredmedia":[{"embeddable":true,"href":"https:\/\/www.welovekeys.co.uk\/fr\/wp-json\/wp\/v2\/media\/1213"}],"wp:attachment":[{"href":"https:\/\/www.welovekeys.co.uk\/fr\/wp-json\/wp\/v2\/media?parent=1811"}],"curies":[{"name":"wp","href":"https:\/\/api.w.org\/{rel}","templated":true}]}}