{"id":4335,"date":"2020-01-30T16:34:50","date_gmt":"2020-01-30T16:34:51","guid":{"rendered":"https:\/\/www.welovekeys.co.uk\/?post_type=product&#038;p=4335"},"modified":"2020-02-12T15:48:02","modified_gmt":"2020-02-12T15:48:02","slug":"llave-sts-j9043-para-ascensor","status":"publish","type":"product","link":"https:\/\/www.welovekeys.co.uk\/es\/producto\/llave-sts-j9043-para-ascensor\/","title":{"rendered":"Llave STS J9043 para ascensor"},"content":{"rendered":"<p>Las llaves de ascensor STS J9043 se utilizan con varios interruptores de ascensor diferentes, especialmente los fabricados por Schindler.<\/p>\n<p>N.B.: J9043 tambi\u00e9n podr\u00eda tener &#8216;TESA&#8217; y \/ o &#8216;ASSA Abloy&#8217; escrito en la parte posterior.<\/p>\n<p>\u00a1Simplemente seleccione la cantidad de llaves J9043 que necesita arriba y nosotros haremos el resto!<\/p>\n<p><em><strong>Env\u00edo el mismo d\u00eda si se encargan antes de las 2 p.m. de un d\u00eda de oficina.<\/strong><\/em><\/p>\n","protected":false},"excerpt":{"rendered":"<p>Llave de ascensor STS J9043 para Schindler y otros.<\/p>\n<div id=\"discounttable\"><strong>2+ llaves = 10% de descuento<br \/>\n5+ llaves = 16% de descuento<br \/>\n10+ llaves = 22% de descuento<br \/>\nDescuentos aplicados en carrito.<\/strong><\/div>\n","protected":false},"featured_media":4466,"template":"","meta":{"_et_pb_use_builder":"","_et_pb_old_content":"","_et_gb_content_width":""},"product_brand":[],"product_cat":[162,150],"product_tag":[],"class_list":{"0":"post-4335","1":"product","2":"type-product","3":"status-publish","4":"has-post-thumbnail","6":"product_cat-llaves-de-hoyuelos","7":"product_cat-llaves-tesa","8":"product_shipping_class-env-es","10":"first","11":"instock","12":"taxable","13":"shipping-taxable","14":"purchasable","15":"product-type-simple"},"yoast_head":"<!-- This site is optimized with the Yoast SEO plugin v27.4 - https:\/\/yoast.com\/product\/yoast-seo-wordpress\/ -->\n<title>Ordenar las llaves de ascensor J9043 r\u00e1pidamente con We Love Keys<\/title>\n<meta name=\"description\" content=\"Ordenar llaves de ascensor J9043 hoy con We Love Keys. Todo tipo de llave de ascensor. Tiempos de entrega r\u00e1pidos, precios bajos.\" \/>\n<meta name=\"robots\" content=\"index, follow, max-snippet:-1, max-image-preview:large, max-video-preview:-1\" \/>\n<link rel=\"canonical\" href=\"https:\/\/www.welovekeys.co.uk\/es\/producto\/llave-sts-j9043-para-ascensor\/\" \/>\n<meta property=\"og:locale\" content=\"es_ES\" \/>\n<meta property=\"og:type\" content=\"article\" \/>\n<meta property=\"og:title\" content=\"Ordenar las llaves de ascensor J9043 r\u00e1pidamente con We Love Keys\" \/>\n<meta property=\"og:description\" content=\"Ordenar llaves de ascensor J9043 hoy con We Love Keys. Todo tipo de llave de ascensor. Tiempos de entrega r\u00e1pidos, precios bajos.\" \/>\n<meta property=\"og:url\" content=\"https:\/\/www.welovekeys.co.uk\/es\/producto\/llave-sts-j9043-para-ascensor\/\" \/>\n<meta property=\"og:site_name\" content=\"We Love Keys\" \/>\n<meta property=\"article:modified_time\" content=\"2020-02-12T15:48:02+00:00\" \/>\n<meta property=\"og:image\" content=\"https:\/\/www.welovekeys.co.uk\/wp-content\/uploads\/2020\/01\/TESA-STS-1.jpg\" \/>\n\t<meta property=\"og:image:width\" content=\"336\" \/>\n\t<meta property=\"og:image:height\" content=\"336\" \/>\n\t<meta property=\"og:image:type\" content=\"image\/jpeg\" \/>\n<meta name=\"twitter:card\" content=\"summary_large_image\" \/>\n<script type=\"application\/ld+json\" class=\"yoast-schema-graph\">{\"@context\":\"https:\\\/\\\/schema.org\",\"@graph\":[{\"@type\":\"WebPage\",\"@id\":\"https:\\\/\\\/www.welovekeys.co.uk\\\/es\\\/producto\\\/llave-sts-j9043-para-ascensor\\\/\",\"url\":\"https:\\\/\\\/www.welovekeys.co.uk\\\/es\\\/producto\\\/llave-sts-j9043-para-ascensor\\\/\",\"name\":\"Ordenar las llaves de ascensor J9043 r\u00e1pidamente con We Love Keys\",\"isPartOf\":{\"@id\":\"https:\\\/\\\/www.welovekeys.co.uk\\\/es\\\/#website\"},\"primaryImageOfPage\":{\"@id\":\"https:\\\/\\\/www.welovekeys.co.uk\\\/es\\\/producto\\\/llave-sts-j9043-para-ascensor\\\/#primaryimage\"},\"image\":{\"@id\":\"https:\\\/\\\/www.welovekeys.co.uk\\\/es\\\/producto\\\/llave-sts-j9043-para-ascensor\\\/#primaryimage\"},\"thumbnailUrl\":\"https:\\\/\\\/www.welovekeys.co.uk\\\/wp-content\\\/uploads\\\/2020\\\/01\\\/TESA-STS-1.jpg\",\"datePublished\":\"2020-01-30T16:34:51+00:00\",\"dateModified\":\"2020-02-12T15:48:02+00:00\",\"description\":\"Ordenar llaves de ascensor J9043 hoy con We Love Keys. Todo tipo de llave de ascensor. Tiempos de entrega r\u00e1pidos, precios bajos.\",\"breadcrumb\":{\"@id\":\"https:\\\/\\\/www.welovekeys.co.uk\\\/es\\\/producto\\\/llave-sts-j9043-para-ascensor\\\/#breadcrumb\"},\"inLanguage\":\"es\",\"potentialAction\":[{\"@type\":\"ReadAction\",\"target\":[\"https:\\\/\\\/www.welovekeys.co.uk\\\/es\\\/producto\\\/llave-sts-j9043-para-ascensor\\\/\"]}]},{\"@type\":\"ImageObject\",\"inLanguage\":\"es\",\"@id\":\"https:\\\/\\\/www.welovekeys.co.uk\\\/es\\\/producto\\\/llave-sts-j9043-para-ascensor\\\/#primaryimage\",\"url\":\"https:\\\/\\\/www.welovekeys.co.uk\\\/wp-content\\\/uploads\\\/2020\\\/01\\\/TESA-STS-1.jpg\",\"contentUrl\":\"https:\\\/\\\/www.welovekeys.co.uk\\\/wp-content\\\/uploads\\\/2020\\\/01\\\/TESA-STS-1.jpg\",\"width\":336,\"height\":336,\"caption\":\"TESA STS key\"},{\"@type\":\"BreadcrumbList\",\"@id\":\"https:\\\/\\\/www.welovekeys.co.uk\\\/es\\\/producto\\\/llave-sts-j9043-para-ascensor\\\/#breadcrumb\",\"itemListElement\":[{\"@type\":\"ListItem\",\"position\":1,\"name\":\"Home\",\"item\":\"https:\\\/\\\/www.welovekeys.co.uk\\\/es\\\/\"},{\"@type\":\"ListItem\",\"position\":2,\"name\":\"Tienda\",\"item\":\"https:\\\/\\\/www.welovekeys.co.uk\\\/es\\\/tienda\\\/\"},{\"@type\":\"ListItem\",\"position\":3,\"name\":\"Llave STS J9043 para ascensor\"}]},{\"@type\":\"WebSite\",\"@id\":\"https:\\\/\\\/www.welovekeys.co.uk\\\/es\\\/#website\",\"url\":\"https:\\\/\\\/www.welovekeys.co.uk\\\/es\\\/\",\"name\":\"We Love Keys\",\"description\":\"A marketplace for keys\",\"publisher\":{\"@id\":\"https:\\\/\\\/www.welovekeys.co.uk\\\/es\\\/#organization\"},\"potentialAction\":[{\"@type\":\"SearchAction\",\"target\":{\"@type\":\"EntryPoint\",\"urlTemplate\":\"https:\\\/\\\/www.welovekeys.co.uk\\\/es\\\/?s={search_term_string}\"},\"query-input\":{\"@type\":\"PropertyValueSpecification\",\"valueRequired\":true,\"valueName\":\"search_term_string\"}}],\"inLanguage\":\"es\"},{\"@type\":\"Organization\",\"@id\":\"https:\\\/\\\/www.welovekeys.co.uk\\\/es\\\/#organization\",\"name\":\"We Love Keys\",\"url\":\"https:\\\/\\\/www.welovekeys.co.uk\\\/es\\\/\",\"logo\":{\"@type\":\"ImageObject\",\"inLanguage\":\"es\",\"@id\":\"https:\\\/\\\/www.welovekeys.co.uk\\\/es\\\/#\\\/schema\\\/logo\\\/image\\\/\",\"url\":\"https:\\\/\\\/www.welovekeys.co.uk\\\/wp-content\\\/uploads\\\/2017\\\/06\\\/WE.png\",\"contentUrl\":\"https:\\\/\\\/www.welovekeys.co.uk\\\/wp-content\\\/uploads\\\/2017\\\/06\\\/WE.png\",\"width\":348,\"height\":66,\"caption\":\"We Love Keys\"},\"image\":{\"@id\":\"https:\\\/\\\/www.welovekeys.co.uk\\\/es\\\/#\\\/schema\\\/logo\\\/image\\\/\"}}]}<\/script>\n<!-- \/ Yoast SEO plugin. -->","yoast_head_json":{"title":"Ordenar las llaves de ascensor J9043 r\u00e1pidamente con We Love Keys","description":"Ordenar llaves de ascensor J9043 hoy con We Love Keys. Todo tipo de llave de ascensor. Tiempos de entrega r\u00e1pidos, precios bajos.","robots":{"index":"index","follow":"follow","max-snippet":"max-snippet:-1","max-image-preview":"max-image-preview:large","max-video-preview":"max-video-preview:-1"},"canonical":"https:\/\/www.welovekeys.co.uk\/es\/producto\/llave-sts-j9043-para-ascensor\/","og_locale":"es_ES","og_type":"article","og_title":"Ordenar las llaves de ascensor J9043 r\u00e1pidamente con We Love Keys","og_description":"Ordenar llaves de ascensor J9043 hoy con We Love Keys. Todo tipo de llave de ascensor. Tiempos de entrega r\u00e1pidos, precios bajos.","og_url":"https:\/\/www.welovekeys.co.uk\/es\/producto\/llave-sts-j9043-para-ascensor\/","og_site_name":"We Love Keys","article_modified_time":"2020-02-12T15:48:02+00:00","og_image":[{"width":336,"height":336,"url":"https:\/\/www.welovekeys.co.uk\/wp-content\/uploads\/2020\/01\/TESA-STS-1.jpg","type":"image\/jpeg"}],"twitter_card":"summary_large_image","schema":{"@context":"https:\/\/schema.org","@graph":[{"@type":"WebPage","@id":"https:\/\/www.welovekeys.co.uk\/es\/producto\/llave-sts-j9043-para-ascensor\/","url":"https:\/\/www.welovekeys.co.uk\/es\/producto\/llave-sts-j9043-para-ascensor\/","name":"Ordenar las llaves de ascensor J9043 r\u00e1pidamente con We Love Keys","isPartOf":{"@id":"https:\/\/www.welovekeys.co.uk\/es\/#website"},"primaryImageOfPage":{"@id":"https:\/\/www.welovekeys.co.uk\/es\/producto\/llave-sts-j9043-para-ascensor\/#primaryimage"},"image":{"@id":"https:\/\/www.welovekeys.co.uk\/es\/producto\/llave-sts-j9043-para-ascensor\/#primaryimage"},"thumbnailUrl":"https:\/\/www.welovekeys.co.uk\/wp-content\/uploads\/2020\/01\/TESA-STS-1.jpg","datePublished":"2020-01-30T16:34:51+00:00","dateModified":"2020-02-12T15:48:02+00:00","description":"Ordenar llaves de ascensor J9043 hoy con We Love Keys. Todo tipo de llave de ascensor. Tiempos de entrega r\u00e1pidos, precios bajos.","breadcrumb":{"@id":"https:\/\/www.welovekeys.co.uk\/es\/producto\/llave-sts-j9043-para-ascensor\/#breadcrumb"},"inLanguage":"es","potentialAction":[{"@type":"ReadAction","target":["https:\/\/www.welovekeys.co.uk\/es\/producto\/llave-sts-j9043-para-ascensor\/"]}]},{"@type":"ImageObject","inLanguage":"es","@id":"https:\/\/www.welovekeys.co.uk\/es\/producto\/llave-sts-j9043-para-ascensor\/#primaryimage","url":"https:\/\/www.welovekeys.co.uk\/wp-content\/uploads\/2020\/01\/TESA-STS-1.jpg","contentUrl":"https:\/\/www.welovekeys.co.uk\/wp-content\/uploads\/2020\/01\/TESA-STS-1.jpg","width":336,"height":336,"caption":"TESA STS key"},{"@type":"BreadcrumbList","@id":"https:\/\/www.welovekeys.co.uk\/es\/producto\/llave-sts-j9043-para-ascensor\/#breadcrumb","itemListElement":[{"@type":"ListItem","position":1,"name":"Home","item":"https:\/\/www.welovekeys.co.uk\/es\/"},{"@type":"ListItem","position":2,"name":"Tienda","item":"https:\/\/www.welovekeys.co.uk\/es\/tienda\/"},{"@type":"ListItem","position":3,"name":"Llave STS J9043 para ascensor"}]},{"@type":"WebSite","@id":"https:\/\/www.welovekeys.co.uk\/es\/#website","url":"https:\/\/www.welovekeys.co.uk\/es\/","name":"We Love Keys","description":"A marketplace for keys","publisher":{"@id":"https:\/\/www.welovekeys.co.uk\/es\/#organization"},"potentialAction":[{"@type":"SearchAction","target":{"@type":"EntryPoint","urlTemplate":"https:\/\/www.welovekeys.co.uk\/es\/?s={search_term_string}"},"query-input":{"@type":"PropertyValueSpecification","valueRequired":true,"valueName":"search_term_string"}}],"inLanguage":"es"},{"@type":"Organization","@id":"https:\/\/www.welovekeys.co.uk\/es\/#organization","name":"We Love Keys","url":"https:\/\/www.welovekeys.co.uk\/es\/","logo":{"@type":"ImageObject","inLanguage":"es","@id":"https:\/\/www.welovekeys.co.uk\/es\/#\/schema\/logo\/image\/","url":"https:\/\/www.welovekeys.co.uk\/wp-content\/uploads\/2017\/06\/WE.png","contentUrl":"https:\/\/www.welovekeys.co.uk\/wp-content\/uploads\/2017\/06\/WE.png","width":348,"height":66,"caption":"We Love Keys"},"image":{"@id":"https:\/\/www.welovekeys.co.uk\/es\/#\/schema\/logo\/image\/"}}]}},"_links":{"self":[{"href":"https:\/\/www.welovekeys.co.uk\/es\/wp-json\/wp\/v2\/product\/4335","targetHints":{"allow":["GET"]}}],"collection":[{"href":"https:\/\/www.welovekeys.co.uk\/es\/wp-json\/wp\/v2\/product"}],"about":[{"href":"https:\/\/www.welovekeys.co.uk\/es\/wp-json\/wp\/v2\/types\/product"}],"wp:featuredmedia":[{"embeddable":true,"href":"https:\/\/www.welovekeys.co.uk\/es\/wp-json\/wp\/v2\/media\/4466"}],"wp:attachment":[{"href":"https:\/\/www.welovekeys.co.uk\/es\/wp-json\/wp\/v2\/media?parent=4335"}],"wp:term":[{"taxonomy":"product_brand","embeddable":true,"href":"https:\/\/www.welovekeys.co.uk\/es\/wp-json\/wp\/v2\/product_brand?post=4335"},{"taxonomy":"product_cat","embeddable":true,"href":"https:\/\/www.welovekeys.co.uk\/es\/wp-json\/wp\/v2\/product_cat?post=4335"},{"taxonomy":"product_tag","embeddable":true,"href":"https:\/\/www.welovekeys.co.uk\/es\/wp-json\/wp\/v2\/product_tag?post=4335"}],"curies":[{"name":"wp","href":"https:\/\/api.w.org\/{rel}","templated":true}]}}