{"id":244808,"date":"2022-10-19T13:31:45","date_gmt":"2022-10-19T12:31:45","guid":{"rendered":"https:\/\/www.welovekeys.co.uk\/product\/llavero-del-anime-jujutsu-kaisen\/"},"modified":"2023-04-19T13:46:21","modified_gmt":"2023-04-19T12:46:21","slug":"llavero-del-anime-jujutsu-kaisen","status":"publish","type":"product","link":"https:\/\/www.welovekeys.co.uk\/es\/producto\/llavero-del-anime-jujutsu-kaisen\/","title":{"rendered":"Llavero del anime Jujutsu Kaisen."},"content":{"rendered":"<div class=\"group w-full text-gray-800 dark:text-gray-100 border-b border-black\/10 dark:border-gray-900\/50 bg-gray-50 dark:bg-[#444654]\">\n<div class=\"text-base gap-4 md:gap-6 md:max-w-2xl lg:max-w-xl xl:max-w-3xl p-4 md:py-6 flex lg:px-0 m-auto\">\n<div class=\"relative flex w-[calc(100%-50px)] flex-col gap-1 md:gap-3 lg:w-[calc(100%-115px)]\">\n<div class=\"flex flex-grow flex-col gap-3\">\n<div class=\"min-h-[20px] flex flex-col items-start gap-4 whitespace-pre-wrap\">\n<div class=\"markdown prose w-full break-words dark:prose-invert light\">\n<p>\u00a1Obt\u00e9n un llavero de personaje de Jujutsu Kaisen aqu\u00ed, en We Love Keys!<\/p>\n<p>Personajes disponibles seg\u00fan la foto:<\/p>\n<p>Satoru Gojo<\/p>\n<p>Yuji Itadori<\/p>\n<p>Megumi Fushiguro<\/p>\n<p>Nobara Kugisaki<\/p>\n<p>Sukuna<\/p>\n<p><strong>Jujutsu Kaisen \u546a\u8853\u5efb\u6226<\/strong><\/p>\n<p>Material: PVC tipo goma<\/p>\n<p>Color: Dise\u00f1o aleatorio seg\u00fan disponibilidad de stock.<\/p>\n<p>Tama\u00f1o: aproximadamente 3 cm.<\/p>\n<p>Di\u00e1metro del anillo: 2.3 cm<\/p>\n<p>\u00a0\u00bfSab\u00edas que ahora publicamos tus rese\u00f1as en nuestra p\u00e1gina de <a href=\"https:\/\/www.instagram.com\/we_love_keys\/\">Instagram<\/a>? \u00a1Deja una rese\u00f1a en <a href=\"https:\/\/uk.trustpilot.com\/review\/metrolocks.co.uk\">Trustpilot<\/a> o <a href=\"https:\/\/www.google.com\/maps\/place\/1st+Metropolitan+Locksmiths+Ltd.\/@51.5898897,-0.07149,18z\/data=!4m16!1m9!3m8!1s0x48761ca42745a585:0xb675cc0d99355445!2s1st+Metropolitan+Locksmiths+Ltd.!8m2!3d51.5896873!4d-0.0692956!9m1!1b1!16s%2Fg%2F1tdbdxwj!3m5!1s0x48761ca42745a585:0xb675cc0d99355445!8m2!3d51.5896873!4d-0.0692956!16s%2Fg%2F1tdbdxwj\">Google<\/a> para tener la oportunidad de aparecer tambi\u00e9n!<\/p>\n<p>Puedes revisar todos los accesorios para llaves que ofrecemos en nuestro sitio web haciendo <a href=\"https:\/\/www.welovekeys.co.uk\/es\/categoria-producto\/accesorios\/\">clic aqu\u00ed<\/a>. Desde llaveros de anime hasta etiquetas est\u00e1ndar y m\u00e1s.<\/p>\n<p>\u00a1Pronto habr\u00e1 m\u00e1s dise\u00f1os, as\u00ed que mantente al tanto!<\/p>\n<\/div>\n<\/div>\n<\/div>\n<div class=\"flex justify-between lg:block\">\n<div class=\"text-gray-400 flex self-end lg:self-center justify-center mt-2 gap-2 md:gap-3 lg:gap-1 lg:absolute lg:top-0 lg:translate-x-full lg:right-0 lg:mt-0 lg:pl-2 visible\">\u00a0<\/div>\n<\/div>\n<\/div>\n<\/div>\n<\/div>\n","protected":false},"excerpt":{"rendered":"<blockquote>\n<p>El costo mostrado arriba es por 1 pieza.<\/p>\n<\/blockquote>\n<p><strong>2+\u00a0 = descuento del 10%<\/strong><\/p>\n<p><strong>5+ = descuento del 16%<\/strong><\/p>\n<p><strong>Descuentos aplicados en el carrito de compra.<\/strong><\/p>\n","protected":false},"featured_media":15295,"template":"","meta":{"_et_pb_use_builder":"","_et_pb_old_content":"","_et_gb_content_width":""},"product_brand":[],"product_cat":[812],"product_tag":[778,774,771],"class_list":{"0":"post-244808","1":"product","2":"type-product","3":"status-publish","4":"has-post-thumbnail","6":"product_cat-accesorios","7":"product_tag-key-cap-es","8":"product_tag-key-chain-es","9":"product_tag-key-ring-es","10":"product_shipping_class-env-es","12":"first","13":"instock","14":"sale","15":"taxable","16":"shipping-taxable","17":"purchasable","18":"product-type-simple"},"yoast_head":"<!-- This site is optimized with the Yoast SEO plugin v27.4 - https:\/\/yoast.com\/product\/yoast-seo-wordpress\/ -->\n<title>Llavero del anime Jujutsu Kaisen. - We Love Keys<\/title>\n<meta name=\"description\" content=\"\u00bfFan\u00e1tico del anime Jujutsu Kaisen? Obt\u00e9n un llavero de uno de los personajes de la serie ahora, \u00a1hasta agotar existencias! Excelente precio y env\u00edo r\u00e1pido.\" \/>\n<meta name=\"robots\" content=\"index, follow, max-snippet:-1, max-image-preview:large, max-video-preview:-1\" \/>\n<link rel=\"canonical\" href=\"https:\/\/www.welovekeys.co.uk\/es\/producto\/llavero-del-anime-jujutsu-kaisen\/\" \/>\n<meta property=\"og:locale\" content=\"es_ES\" \/>\n<meta property=\"og:type\" content=\"article\" \/>\n<meta property=\"og:title\" content=\"Llavero del anime Jujutsu Kaisen. - We Love Keys\" \/>\n<meta property=\"og:description\" content=\"\u00bfFan\u00e1tico del anime Jujutsu Kaisen? Obt\u00e9n un llavero de uno de los personajes de la serie ahora, \u00a1hasta agotar existencias! Excelente precio y env\u00edo r\u00e1pido.\" \/>\n<meta property=\"og:url\" content=\"https:\/\/www.welovekeys.co.uk\/es\/producto\/llavero-del-anime-jujutsu-kaisen\/\" \/>\n<meta property=\"og:site_name\" content=\"We Love Keys\" \/>\n<meta property=\"article:modified_time\" content=\"2023-04-19T12:46:21+00:00\" \/>\n<meta property=\"og:image\" content=\"https:\/\/www.welovekeys.co.uk\/wp-content\/uploads\/2022\/10\/U64556312389f4acba46b70eec5d97440O.jpg\" \/>\n\t<meta property=\"og:image:width\" content=\"800\" \/>\n\t<meta property=\"og:image:height\" content=\"800\" \/>\n\t<meta property=\"og:image:type\" content=\"image\/jpeg\" \/>\n<meta name=\"twitter:card\" content=\"summary_large_image\" \/>\n<meta name=\"twitter:label1\" content=\"Tiempo de lectura\" \/>\n\t<meta name=\"twitter:data1\" content=\"1 minuto\" \/>\n<script type=\"application\/ld+json\" class=\"yoast-schema-graph\">{\"@context\":\"https:\\\/\\\/schema.org\",\"@graph\":[{\"@type\":\"WebPage\",\"@id\":\"https:\\\/\\\/www.welovekeys.co.uk\\\/es\\\/producto\\\/llavero-del-anime-jujutsu-kaisen\\\/\",\"url\":\"https:\\\/\\\/www.welovekeys.co.uk\\\/es\\\/producto\\\/llavero-del-anime-jujutsu-kaisen\\\/\",\"name\":\"Llavero del anime Jujutsu Kaisen. - We Love Keys\",\"isPartOf\":{\"@id\":\"https:\\\/\\\/www.welovekeys.co.uk\\\/es\\\/#website\"},\"primaryImageOfPage\":{\"@id\":\"https:\\\/\\\/www.welovekeys.co.uk\\\/es\\\/producto\\\/llavero-del-anime-jujutsu-kaisen\\\/#primaryimage\"},\"image\":{\"@id\":\"https:\\\/\\\/www.welovekeys.co.uk\\\/es\\\/producto\\\/llavero-del-anime-jujutsu-kaisen\\\/#primaryimage\"},\"thumbnailUrl\":\"https:\\\/\\\/www.welovekeys.co.uk\\\/wp-content\\\/uploads\\\/2022\\\/10\\\/U64556312389f4acba46b70eec5d97440O.jpg\",\"datePublished\":\"2022-10-19T12:31:45+00:00\",\"dateModified\":\"2023-04-19T12:46:21+00:00\",\"description\":\"\u00bfFan\u00e1tico del anime Jujutsu Kaisen? Obt\u00e9n un llavero de uno de los personajes de la serie ahora, \u00a1hasta agotar existencias! Excelente precio y env\u00edo r\u00e1pido.\",\"breadcrumb\":{\"@id\":\"https:\\\/\\\/www.welovekeys.co.uk\\\/es\\\/producto\\\/llavero-del-anime-jujutsu-kaisen\\\/#breadcrumb\"},\"inLanguage\":\"es\",\"potentialAction\":[{\"@type\":\"ReadAction\",\"target\":[\"https:\\\/\\\/www.welovekeys.co.uk\\\/es\\\/producto\\\/llavero-del-anime-jujutsu-kaisen\\\/\"]}]},{\"@type\":\"ImageObject\",\"inLanguage\":\"es\",\"@id\":\"https:\\\/\\\/www.welovekeys.co.uk\\\/es\\\/producto\\\/llavero-del-anime-jujutsu-kaisen\\\/#primaryimage\",\"url\":\"https:\\\/\\\/www.welovekeys.co.uk\\\/wp-content\\\/uploads\\\/2022\\\/10\\\/U64556312389f4acba46b70eec5d97440O.jpg\",\"contentUrl\":\"https:\\\/\\\/www.welovekeys.co.uk\\\/wp-content\\\/uploads\\\/2022\\\/10\\\/U64556312389f4acba46b70eec5d97440O.jpg\",\"width\":800,\"height\":800,\"caption\":\"Jujutsi Kaisen anime rubber key-chain key-ring key-tag order with we love keys\"},{\"@type\":\"BreadcrumbList\",\"@id\":\"https:\\\/\\\/www.welovekeys.co.uk\\\/es\\\/producto\\\/llavero-del-anime-jujutsu-kaisen\\\/#breadcrumb\",\"itemListElement\":[{\"@type\":\"ListItem\",\"position\":1,\"name\":\"Home\",\"item\":\"https:\\\/\\\/www.welovekeys.co.uk\\\/es\\\/\"},{\"@type\":\"ListItem\",\"position\":2,\"name\":\"Tienda\",\"item\":\"https:\\\/\\\/www.welovekeys.co.uk\\\/es\\\/tienda\\\/\"},{\"@type\":\"ListItem\",\"position\":3,\"name\":\"Llavero del anime Jujutsu Kaisen.\"}]},{\"@type\":\"WebSite\",\"@id\":\"https:\\\/\\\/www.welovekeys.co.uk\\\/es\\\/#website\",\"url\":\"https:\\\/\\\/www.welovekeys.co.uk\\\/es\\\/\",\"name\":\"We Love Keys\",\"description\":\"A marketplace for keys\",\"publisher\":{\"@id\":\"https:\\\/\\\/www.welovekeys.co.uk\\\/es\\\/#organization\"},\"potentialAction\":[{\"@type\":\"SearchAction\",\"target\":{\"@type\":\"EntryPoint\",\"urlTemplate\":\"https:\\\/\\\/www.welovekeys.co.uk\\\/es\\\/?s={search_term_string}\"},\"query-input\":{\"@type\":\"PropertyValueSpecification\",\"valueRequired\":true,\"valueName\":\"search_term_string\"}}],\"inLanguage\":\"es\"},{\"@type\":\"Organization\",\"@id\":\"https:\\\/\\\/www.welovekeys.co.uk\\\/es\\\/#organization\",\"name\":\"We Love Keys\",\"url\":\"https:\\\/\\\/www.welovekeys.co.uk\\\/es\\\/\",\"logo\":{\"@type\":\"ImageObject\",\"inLanguage\":\"es\",\"@id\":\"https:\\\/\\\/www.welovekeys.co.uk\\\/es\\\/#\\\/schema\\\/logo\\\/image\\\/\",\"url\":\"https:\\\/\\\/www.welovekeys.co.uk\\\/wp-content\\\/uploads\\\/2017\\\/06\\\/WE.png\",\"contentUrl\":\"https:\\\/\\\/www.welovekeys.co.uk\\\/wp-content\\\/uploads\\\/2017\\\/06\\\/WE.png\",\"width\":348,\"height\":66,\"caption\":\"We Love Keys\"},\"image\":{\"@id\":\"https:\\\/\\\/www.welovekeys.co.uk\\\/es\\\/#\\\/schema\\\/logo\\\/image\\\/\"}}]}<\/script>\n<!-- \/ Yoast SEO plugin. -->","yoast_head_json":{"title":"Llavero del anime Jujutsu Kaisen. - We Love Keys","description":"\u00bfFan\u00e1tico del anime Jujutsu Kaisen? Obt\u00e9n un llavero de uno de los personajes de la serie ahora, \u00a1hasta agotar existencias! Excelente precio y env\u00edo r\u00e1pido.","robots":{"index":"index","follow":"follow","max-snippet":"max-snippet:-1","max-image-preview":"max-image-preview:large","max-video-preview":"max-video-preview:-1"},"canonical":"https:\/\/www.welovekeys.co.uk\/es\/producto\/llavero-del-anime-jujutsu-kaisen\/","og_locale":"es_ES","og_type":"article","og_title":"Llavero del anime Jujutsu Kaisen. - We Love Keys","og_description":"\u00bfFan\u00e1tico del anime Jujutsu Kaisen? Obt\u00e9n un llavero de uno de los personajes de la serie ahora, \u00a1hasta agotar existencias! Excelente precio y env\u00edo r\u00e1pido.","og_url":"https:\/\/www.welovekeys.co.uk\/es\/producto\/llavero-del-anime-jujutsu-kaisen\/","og_site_name":"We Love Keys","article_modified_time":"2023-04-19T12:46:21+00:00","og_image":[{"width":800,"height":800,"url":"https:\/\/www.welovekeys.co.uk\/wp-content\/uploads\/2022\/10\/U64556312389f4acba46b70eec5d97440O.jpg","type":"image\/jpeg"}],"twitter_card":"summary_large_image","twitter_misc":{"Tiempo de lectura":"1 minuto"},"schema":{"@context":"https:\/\/schema.org","@graph":[{"@type":"WebPage","@id":"https:\/\/www.welovekeys.co.uk\/es\/producto\/llavero-del-anime-jujutsu-kaisen\/","url":"https:\/\/www.welovekeys.co.uk\/es\/producto\/llavero-del-anime-jujutsu-kaisen\/","name":"Llavero del anime Jujutsu Kaisen. - We Love Keys","isPartOf":{"@id":"https:\/\/www.welovekeys.co.uk\/es\/#website"},"primaryImageOfPage":{"@id":"https:\/\/www.welovekeys.co.uk\/es\/producto\/llavero-del-anime-jujutsu-kaisen\/#primaryimage"},"image":{"@id":"https:\/\/www.welovekeys.co.uk\/es\/producto\/llavero-del-anime-jujutsu-kaisen\/#primaryimage"},"thumbnailUrl":"https:\/\/www.welovekeys.co.uk\/wp-content\/uploads\/2022\/10\/U64556312389f4acba46b70eec5d97440O.jpg","datePublished":"2022-10-19T12:31:45+00:00","dateModified":"2023-04-19T12:46:21+00:00","description":"\u00bfFan\u00e1tico del anime Jujutsu Kaisen? Obt\u00e9n un llavero de uno de los personajes de la serie ahora, \u00a1hasta agotar existencias! Excelente precio y env\u00edo r\u00e1pido.","breadcrumb":{"@id":"https:\/\/www.welovekeys.co.uk\/es\/producto\/llavero-del-anime-jujutsu-kaisen\/#breadcrumb"},"inLanguage":"es","potentialAction":[{"@type":"ReadAction","target":["https:\/\/www.welovekeys.co.uk\/es\/producto\/llavero-del-anime-jujutsu-kaisen\/"]}]},{"@type":"ImageObject","inLanguage":"es","@id":"https:\/\/www.welovekeys.co.uk\/es\/producto\/llavero-del-anime-jujutsu-kaisen\/#primaryimage","url":"https:\/\/www.welovekeys.co.uk\/wp-content\/uploads\/2022\/10\/U64556312389f4acba46b70eec5d97440O.jpg","contentUrl":"https:\/\/www.welovekeys.co.uk\/wp-content\/uploads\/2022\/10\/U64556312389f4acba46b70eec5d97440O.jpg","width":800,"height":800,"caption":"Jujutsi Kaisen anime rubber key-chain key-ring key-tag order with we love keys"},{"@type":"BreadcrumbList","@id":"https:\/\/www.welovekeys.co.uk\/es\/producto\/llavero-del-anime-jujutsu-kaisen\/#breadcrumb","itemListElement":[{"@type":"ListItem","position":1,"name":"Home","item":"https:\/\/www.welovekeys.co.uk\/es\/"},{"@type":"ListItem","position":2,"name":"Tienda","item":"https:\/\/www.welovekeys.co.uk\/es\/tienda\/"},{"@type":"ListItem","position":3,"name":"Llavero del anime Jujutsu Kaisen."}]},{"@type":"WebSite","@id":"https:\/\/www.welovekeys.co.uk\/es\/#website","url":"https:\/\/www.welovekeys.co.uk\/es\/","name":"We Love Keys","description":"A marketplace for keys","publisher":{"@id":"https:\/\/www.welovekeys.co.uk\/es\/#organization"},"potentialAction":[{"@type":"SearchAction","target":{"@type":"EntryPoint","urlTemplate":"https:\/\/www.welovekeys.co.uk\/es\/?s={search_term_string}"},"query-input":{"@type":"PropertyValueSpecification","valueRequired":true,"valueName":"search_term_string"}}],"inLanguage":"es"},{"@type":"Organization","@id":"https:\/\/www.welovekeys.co.uk\/es\/#organization","name":"We Love Keys","url":"https:\/\/www.welovekeys.co.uk\/es\/","logo":{"@type":"ImageObject","inLanguage":"es","@id":"https:\/\/www.welovekeys.co.uk\/es\/#\/schema\/logo\/image\/","url":"https:\/\/www.welovekeys.co.uk\/wp-content\/uploads\/2017\/06\/WE.png","contentUrl":"https:\/\/www.welovekeys.co.uk\/wp-content\/uploads\/2017\/06\/WE.png","width":348,"height":66,"caption":"We Love Keys"},"image":{"@id":"https:\/\/www.welovekeys.co.uk\/es\/#\/schema\/logo\/image\/"}}]}},"_links":{"self":[{"href":"https:\/\/www.welovekeys.co.uk\/es\/wp-json\/wp\/v2\/product\/244808","targetHints":{"allow":["GET"]}}],"collection":[{"href":"https:\/\/www.welovekeys.co.uk\/es\/wp-json\/wp\/v2\/product"}],"about":[{"href":"https:\/\/www.welovekeys.co.uk\/es\/wp-json\/wp\/v2\/types\/product"}],"wp:featuredmedia":[{"embeddable":true,"href":"https:\/\/www.welovekeys.co.uk\/es\/wp-json\/wp\/v2\/media\/15295"}],"wp:attachment":[{"href":"https:\/\/www.welovekeys.co.uk\/es\/wp-json\/wp\/v2\/media?parent=244808"}],"wp:term":[{"taxonomy":"product_brand","embeddable":true,"href":"https:\/\/www.welovekeys.co.uk\/es\/wp-json\/wp\/v2\/product_brand?post=244808"},{"taxonomy":"product_cat","embeddable":true,"href":"https:\/\/www.welovekeys.co.uk\/es\/wp-json\/wp\/v2\/product_cat?post=244808"},{"taxonomy":"product_tag","embeddable":true,"href":"https:\/\/www.welovekeys.co.uk\/es\/wp-json\/wp\/v2\/product_tag?post=244808"}],"curies":[{"name":"wp","href":"https:\/\/api.w.org\/{rel}","templated":true}]}}