{"id":244776,"date":"2022-10-18T12:24:13","date_gmt":"2022-10-18T11:24:13","guid":{"rendered":"https:\/\/www.welovekeys.co.uk\/product\/anillo-de-llaves-estandar-de-colores\/"},"modified":"2022-10-18T12:24:13","modified_gmt":"2022-10-18T11:24:13","slug":"anillo-de-llaves-estandar-de-colores","status":"publish","type":"product","link":"https:\/\/www.welovekeys.co.uk\/es\/producto\/anillo-de-llaves-estandar-de-colores\/","title":{"rendered":"Anillo de llaves est\u00e1ndar de colores"},"content":{"rendered":"<div class=\"group w-full text-gray-800 dark:text-gray-100 border-b border-black\/10 dark:border-gray-900\/50 bg-gray-50 dark:bg-[#444654]\">\n<div class=\"text-base gap-4 md:gap-6 md:max-w-2xl lg:max-w-xl xl:max-w-3xl p-4 md:py-6 flex lg:px-0 m-auto\">\n<div class=\"relative flex w-[calc(100%-50px)] flex-col gap-1 md:gap-3 lg:w-[calc(100%-115px)]\">\n<div class=\"flex flex-grow flex-col gap-3\">\n<div class=\"min-h-[20px] flex flex-col items-start gap-4 whitespace-pre-wrap\">\n<div class=\"markdown prose w-full break-words dark:prose-invert light\">\n<p>\u00a1Ordene un llavero de colores y haga que su llavero sea m\u00e1s colorido!<\/p>\n<p>El llavero se adapta a la forma de su llave y deber\u00eda ajustarse a la mayor\u00eda de las llaves est\u00e1ndar de casa.<\/p>\n<p>F\u00e1cil de poner y quitar, le ayuda a identificar r\u00e1pidamente la llave que necesita, especialmente cuando tiene prisa.<\/p>\n<p>Material: Pl\u00e1stico<\/p>\n<p>Tama\u00f1o: 2.2 cm de di\u00e1metro<\/p>\n<p>Color: Color al azar seg\u00fan la disponibilidad de stock<\/p>\n<p><em><strong>\u00a1Cuanto m\u00e1s ordene, menos pagar\u00e1! Los descuentos se mostrar\u00e1n arriba y se aplicar\u00e1n autom\u00e1ticamente al finalizar la compra.<\/strong><\/em><\/p>\n<p><em><strong>Estos art\u00edculos se enviar\u00e1n el mismo d\u00eda si se realizan antes de las 3 p.m.<\/strong><\/em><\/p>\n<p>\u00bfSab\u00eda que ahora publicamos sus rese\u00f1as en nuestra p\u00e1gina de <a href=\"https:\/\/www.instagram.com\/we_love_keys\/\">Instagram<\/a>? \u00a1Deje su opini\u00f3n en <a href=\"https:\/\/uk.trustpilot.com\/review\/metrolocks.co.uk\">Trustpilot<\/a> o <a href=\"https:\/\/www.google.com\/maps\/place\/1st+Metropolitan+Locksmiths+Ltd.\/@51.5898897,-0.07149,18z\/data=!4m8!3m7!1s0x48761ca42745a585:0xb675cc0d99355445!8m2!3d51.5896873!4d-0.0692956!9m1!1b1!16s%2Fg%2F1tdbdxwj\">Google<\/a> para tener la oportunidad de aparecer!<\/p>\n<p>Puede ver todos los accesorios para llaves que ofrecemos en nuestro sitio web haciendo<a href=\"https:\/\/www.welovekeys.co.uk\/es\/categoria-producto\/accesorios\/\"> clic aqu\u00ed<\/a>. Desde llaveros de anime hasta etiquetas est\u00e1ndar y m\u00e1s.<\/p>\n<p>\u00a1Pronto habr\u00e1 m\u00e1s dise\u00f1os, as\u00ed que est\u00e9n atentos!<\/p>\n<\/div>\n<\/div>\n<\/div>\n<\/div>\n<\/div>\n<\/div>\n","protected":false},"excerpt":{"rendered":"<blockquote>\n<p>El costo mostrado es por 1 pieza.<\/p>\n<\/blockquote>\n<p><strong>2+ = 10% de descuento <\/strong><\/p>\n<p><strong>5+ = 16% de descuento <\/strong><\/p>\n<p><strong>Los descuentos se aplican en el carrito de compra.<\/strong><\/p>\n","protected":false},"featured_media":15218,"template":"","meta":{"_et_pb_use_builder":"","_et_pb_old_content":"","_et_gb_content_width":""},"product_brand":[],"product_cat":[812],"product_tag":[778,774,771],"class_list":{"0":"post-244776","1":"product","2":"type-product","3":"status-publish","4":"has-post-thumbnail","6":"product_cat-accesorios","7":"product_tag-key-cap-es","8":"product_tag-key-chain-es","9":"product_tag-key-ring-es","10":"product_shipping_class-env-es","12":"first","13":"instock","14":"taxable","15":"shipping-taxable","16":"purchasable","17":"product-type-simple"},"yoast_head":"<!-- This site is optimized with the Yoast SEO plugin v27.4 - https:\/\/yoast.com\/product\/yoast-seo-wordpress\/ -->\n<title>Key Ring - We Love Keys<\/title>\n<meta name=\"description\" content=\"Obt\u00e9n un llavero de colores en l\u00ednea con We Love Keys a un precio bajo. Los tapones de llaves se ajustan a llaves est\u00e1ndar de diversas formas de cabeza. \u00a1Ordena ahora!\" \/>\n<meta name=\"robots\" content=\"index, follow, max-snippet:-1, max-image-preview:large, max-video-preview:-1\" \/>\n<link rel=\"canonical\" href=\"https:\/\/www.welovekeys.co.uk\/es\/producto\/anillo-de-llaves-estandar-de-colores\/\" \/>\n<meta property=\"og:locale\" content=\"es_ES\" \/>\n<meta property=\"og:type\" content=\"article\" \/>\n<meta property=\"og:title\" content=\"Key Ring - We Love Keys\" \/>\n<meta property=\"og:description\" content=\"Obt\u00e9n un llavero de colores en l\u00ednea con We Love Keys a un precio bajo. Los tapones de llaves se ajustan a llaves est\u00e1ndar de diversas formas de cabeza. \u00a1Ordena ahora!\" \/>\n<meta property=\"og:url\" content=\"https:\/\/www.welovekeys.co.uk\/es\/producto\/anillo-de-llaves-estandar-de-colores\/\" \/>\n<meta property=\"og:site_name\" content=\"We Love Keys\" \/>\n<meta property=\"og:image\" content=\"https:\/\/www.welovekeys.co.uk\/wp-content\/uploads\/2022\/10\/IMG-5858-1.jpg\" \/>\n\t<meta property=\"og:image:width\" content=\"600\" \/>\n\t<meta property=\"og:image:height\" content=\"600\" \/>\n\t<meta property=\"og:image:type\" content=\"image\/jpeg\" \/>\n<meta name=\"twitter:card\" content=\"summary_large_image\" \/>\n<meta name=\"twitter:label1\" content=\"Tiempo de lectura\" \/>\n\t<meta name=\"twitter:data1\" content=\"1 minuto\" \/>\n<script type=\"application\/ld+json\" class=\"yoast-schema-graph\">{\"@context\":\"https:\\\/\\\/schema.org\",\"@graph\":[{\"@type\":\"WebPage\",\"@id\":\"https:\\\/\\\/www.welovekeys.co.uk\\\/es\\\/producto\\\/anillo-de-llaves-estandar-de-colores\\\/\",\"url\":\"https:\\\/\\\/www.welovekeys.co.uk\\\/es\\\/producto\\\/anillo-de-llaves-estandar-de-colores\\\/\",\"name\":\"Key Ring - We Love Keys\",\"isPartOf\":{\"@id\":\"https:\\\/\\\/www.welovekeys.co.uk\\\/es\\\/#website\"},\"primaryImageOfPage\":{\"@id\":\"https:\\\/\\\/www.welovekeys.co.uk\\\/es\\\/producto\\\/anillo-de-llaves-estandar-de-colores\\\/#primaryimage\"},\"image\":{\"@id\":\"https:\\\/\\\/www.welovekeys.co.uk\\\/es\\\/producto\\\/anillo-de-llaves-estandar-de-colores\\\/#primaryimage\"},\"thumbnailUrl\":\"https:\\\/\\\/www.welovekeys.co.uk\\\/wp-content\\\/uploads\\\/2022\\\/10\\\/IMG-5858-1.jpg\",\"datePublished\":\"2022-10-18T11:24:13+00:00\",\"description\":\"Obt\u00e9n un llavero de colores en l\u00ednea con We Love Keys a un precio bajo. Los tapones de llaves se ajustan a llaves est\u00e1ndar de diversas formas de cabeza. \u00a1Ordena ahora!\",\"breadcrumb\":{\"@id\":\"https:\\\/\\\/www.welovekeys.co.uk\\\/es\\\/producto\\\/anillo-de-llaves-estandar-de-colores\\\/#breadcrumb\"},\"inLanguage\":\"es\",\"potentialAction\":[{\"@type\":\"ReadAction\",\"target\":[\"https:\\\/\\\/www.welovekeys.co.uk\\\/es\\\/producto\\\/anillo-de-llaves-estandar-de-colores\\\/\"]}]},{\"@type\":\"ImageObject\",\"inLanguage\":\"es\",\"@id\":\"https:\\\/\\\/www.welovekeys.co.uk\\\/es\\\/producto\\\/anillo-de-llaves-estandar-de-colores\\\/#primaryimage\",\"url\":\"https:\\\/\\\/www.welovekeys.co.uk\\\/wp-content\\\/uploads\\\/2022\\\/10\\\/IMG-5858-1.jpg\",\"contentUrl\":\"https:\\\/\\\/www.welovekeys.co.uk\\\/wp-content\\\/uploads\\\/2022\\\/10\\\/IMG-5858-1.jpg\",\"width\":600,\"height\":600,\"caption\":\"Coloured Standard Key Ring Caps key-chain key-ring key-tag order with we love keys\"},{\"@type\":\"BreadcrumbList\",\"@id\":\"https:\\\/\\\/www.welovekeys.co.uk\\\/es\\\/producto\\\/anillo-de-llaves-estandar-de-colores\\\/#breadcrumb\",\"itemListElement\":[{\"@type\":\"ListItem\",\"position\":1,\"name\":\"Home\",\"item\":\"https:\\\/\\\/www.welovekeys.co.uk\\\/es\\\/\"},{\"@type\":\"ListItem\",\"position\":2,\"name\":\"Tienda\",\"item\":\"https:\\\/\\\/www.welovekeys.co.uk\\\/es\\\/tienda\\\/\"},{\"@type\":\"ListItem\",\"position\":3,\"name\":\"Anillo de llaves est\u00e1ndar de colores\"}]},{\"@type\":\"WebSite\",\"@id\":\"https:\\\/\\\/www.welovekeys.co.uk\\\/es\\\/#website\",\"url\":\"https:\\\/\\\/www.welovekeys.co.uk\\\/es\\\/\",\"name\":\"We Love Keys\",\"description\":\"A marketplace for keys\",\"publisher\":{\"@id\":\"https:\\\/\\\/www.welovekeys.co.uk\\\/es\\\/#organization\"},\"potentialAction\":[{\"@type\":\"SearchAction\",\"target\":{\"@type\":\"EntryPoint\",\"urlTemplate\":\"https:\\\/\\\/www.welovekeys.co.uk\\\/es\\\/?s={search_term_string}\"},\"query-input\":{\"@type\":\"PropertyValueSpecification\",\"valueRequired\":true,\"valueName\":\"search_term_string\"}}],\"inLanguage\":\"es\"},{\"@type\":\"Organization\",\"@id\":\"https:\\\/\\\/www.welovekeys.co.uk\\\/es\\\/#organization\",\"name\":\"We Love Keys\",\"url\":\"https:\\\/\\\/www.welovekeys.co.uk\\\/es\\\/\",\"logo\":{\"@type\":\"ImageObject\",\"inLanguage\":\"es\",\"@id\":\"https:\\\/\\\/www.welovekeys.co.uk\\\/es\\\/#\\\/schema\\\/logo\\\/image\\\/\",\"url\":\"https:\\\/\\\/www.welovekeys.co.uk\\\/wp-content\\\/uploads\\\/2017\\\/06\\\/WE.png\",\"contentUrl\":\"https:\\\/\\\/www.welovekeys.co.uk\\\/wp-content\\\/uploads\\\/2017\\\/06\\\/WE.png\",\"width\":348,\"height\":66,\"caption\":\"We Love Keys\"},\"image\":{\"@id\":\"https:\\\/\\\/www.welovekeys.co.uk\\\/es\\\/#\\\/schema\\\/logo\\\/image\\\/\"}}]}<\/script>\n<!-- \/ Yoast SEO plugin. -->","yoast_head_json":{"title":"Key Ring - We Love Keys","description":"Obt\u00e9n un llavero de colores en l\u00ednea con We Love Keys a un precio bajo. Los tapones de llaves se ajustan a llaves est\u00e1ndar de diversas formas de cabeza. \u00a1Ordena ahora!","robots":{"index":"index","follow":"follow","max-snippet":"max-snippet:-1","max-image-preview":"max-image-preview:large","max-video-preview":"max-video-preview:-1"},"canonical":"https:\/\/www.welovekeys.co.uk\/es\/producto\/anillo-de-llaves-estandar-de-colores\/","og_locale":"es_ES","og_type":"article","og_title":"Key Ring - We Love Keys","og_description":"Obt\u00e9n un llavero de colores en l\u00ednea con We Love Keys a un precio bajo. Los tapones de llaves se ajustan a llaves est\u00e1ndar de diversas formas de cabeza. \u00a1Ordena ahora!","og_url":"https:\/\/www.welovekeys.co.uk\/es\/producto\/anillo-de-llaves-estandar-de-colores\/","og_site_name":"We Love Keys","og_image":[{"width":600,"height":600,"url":"https:\/\/www.welovekeys.co.uk\/wp-content\/uploads\/2022\/10\/IMG-5858-1.jpg","type":"image\/jpeg"}],"twitter_card":"summary_large_image","twitter_misc":{"Tiempo de lectura":"1 minuto"},"schema":{"@context":"https:\/\/schema.org","@graph":[{"@type":"WebPage","@id":"https:\/\/www.welovekeys.co.uk\/es\/producto\/anillo-de-llaves-estandar-de-colores\/","url":"https:\/\/www.welovekeys.co.uk\/es\/producto\/anillo-de-llaves-estandar-de-colores\/","name":"Key Ring - We Love Keys","isPartOf":{"@id":"https:\/\/www.welovekeys.co.uk\/es\/#website"},"primaryImageOfPage":{"@id":"https:\/\/www.welovekeys.co.uk\/es\/producto\/anillo-de-llaves-estandar-de-colores\/#primaryimage"},"image":{"@id":"https:\/\/www.welovekeys.co.uk\/es\/producto\/anillo-de-llaves-estandar-de-colores\/#primaryimage"},"thumbnailUrl":"https:\/\/www.welovekeys.co.uk\/wp-content\/uploads\/2022\/10\/IMG-5858-1.jpg","datePublished":"2022-10-18T11:24:13+00:00","description":"Obt\u00e9n un llavero de colores en l\u00ednea con We Love Keys a un precio bajo. Los tapones de llaves se ajustan a llaves est\u00e1ndar de diversas formas de cabeza. \u00a1Ordena ahora!","breadcrumb":{"@id":"https:\/\/www.welovekeys.co.uk\/es\/producto\/anillo-de-llaves-estandar-de-colores\/#breadcrumb"},"inLanguage":"es","potentialAction":[{"@type":"ReadAction","target":["https:\/\/www.welovekeys.co.uk\/es\/producto\/anillo-de-llaves-estandar-de-colores\/"]}]},{"@type":"ImageObject","inLanguage":"es","@id":"https:\/\/www.welovekeys.co.uk\/es\/producto\/anillo-de-llaves-estandar-de-colores\/#primaryimage","url":"https:\/\/www.welovekeys.co.uk\/wp-content\/uploads\/2022\/10\/IMG-5858-1.jpg","contentUrl":"https:\/\/www.welovekeys.co.uk\/wp-content\/uploads\/2022\/10\/IMG-5858-1.jpg","width":600,"height":600,"caption":"Coloured Standard Key Ring Caps key-chain key-ring key-tag order with we love keys"},{"@type":"BreadcrumbList","@id":"https:\/\/www.welovekeys.co.uk\/es\/producto\/anillo-de-llaves-estandar-de-colores\/#breadcrumb","itemListElement":[{"@type":"ListItem","position":1,"name":"Home","item":"https:\/\/www.welovekeys.co.uk\/es\/"},{"@type":"ListItem","position":2,"name":"Tienda","item":"https:\/\/www.welovekeys.co.uk\/es\/tienda\/"},{"@type":"ListItem","position":3,"name":"Anillo de llaves est\u00e1ndar de colores"}]},{"@type":"WebSite","@id":"https:\/\/www.welovekeys.co.uk\/es\/#website","url":"https:\/\/www.welovekeys.co.uk\/es\/","name":"We Love Keys","description":"A marketplace for keys","publisher":{"@id":"https:\/\/www.welovekeys.co.uk\/es\/#organization"},"potentialAction":[{"@type":"SearchAction","target":{"@type":"EntryPoint","urlTemplate":"https:\/\/www.welovekeys.co.uk\/es\/?s={search_term_string}"},"query-input":{"@type":"PropertyValueSpecification","valueRequired":true,"valueName":"search_term_string"}}],"inLanguage":"es"},{"@type":"Organization","@id":"https:\/\/www.welovekeys.co.uk\/es\/#organization","name":"We Love Keys","url":"https:\/\/www.welovekeys.co.uk\/es\/","logo":{"@type":"ImageObject","inLanguage":"es","@id":"https:\/\/www.welovekeys.co.uk\/es\/#\/schema\/logo\/image\/","url":"https:\/\/www.welovekeys.co.uk\/wp-content\/uploads\/2017\/06\/WE.png","contentUrl":"https:\/\/www.welovekeys.co.uk\/wp-content\/uploads\/2017\/06\/WE.png","width":348,"height":66,"caption":"We Love Keys"},"image":{"@id":"https:\/\/www.welovekeys.co.uk\/es\/#\/schema\/logo\/image\/"}}]}},"_links":{"self":[{"href":"https:\/\/www.welovekeys.co.uk\/es\/wp-json\/wp\/v2\/product\/244776","targetHints":{"allow":["GET"]}}],"collection":[{"href":"https:\/\/www.welovekeys.co.uk\/es\/wp-json\/wp\/v2\/product"}],"about":[{"href":"https:\/\/www.welovekeys.co.uk\/es\/wp-json\/wp\/v2\/types\/product"}],"wp:featuredmedia":[{"embeddable":true,"href":"https:\/\/www.welovekeys.co.uk\/es\/wp-json\/wp\/v2\/media\/15218"}],"wp:attachment":[{"href":"https:\/\/www.welovekeys.co.uk\/es\/wp-json\/wp\/v2\/media?parent=244776"}],"wp:term":[{"taxonomy":"product_brand","embeddable":true,"href":"https:\/\/www.welovekeys.co.uk\/es\/wp-json\/wp\/v2\/product_brand?post=244776"},{"taxonomy":"product_cat","embeddable":true,"href":"https:\/\/www.welovekeys.co.uk\/es\/wp-json\/wp\/v2\/product_cat?post=244776"},{"taxonomy":"product_tag","embeddable":true,"href":"https:\/\/www.welovekeys.co.uk\/es\/wp-json\/wp\/v2\/product_tag?post=244776"}],"curies":[{"name":"wp","href":"https:\/\/api.w.org\/{rel}","templated":true}]}}