{"id":6184,"date":"2020-08-25T13:02:45","date_gmt":"2020-08-25T13:02:45","guid":{"rendered":"https:\/\/www.welovekeys.co.uk\/carrito\/"},"modified":"2023-07-21T10:35:42","modified_gmt":"2023-07-21T09:35:42","slug":"carrito","status":"publish","type":"page","link":"https:\/\/www.welovekeys.co.uk\/es\/carrito\/","title":{"rendered":"Carrito"},"content":{"rendered":"<p>[et_pb_section fb_built=\u00bb1&#8243; _builder_version=\u00bb4.16&#8243; global_colors_info=\u00bb{}\u00bb][et_pb_row _builder_version=\u00bb4.16&#8243; background_size=\u00bbinitial\u00bb background_position=\u00bbtop_left\u00bb background_repeat=\u00bbrepeat\u00bb global_colors_info=\u00bb{}\u00bb][et_pb_column type=\u00bb4_4&#8243; _builder_version=\u00bb4.16&#8243; custom_padding=\u00bb|||\u00bb global_colors_info=\u00bb{}\u00bb custom_padding__hover=\u00bb|||\u00bb][et_pb_post_title meta=\u00bboff\u00bb featured_image=\u00bboff\u00bb _builder_version=\u00bb4.16&#8243; global_colors_info=\u00bb{}\u00bb custom_margin=\u00bb||-1px|||\u00bb][\/et_pb_post_title][et_pb_button button_text=\u00bbIr a Caja\u00bb _builder_version=\u00bb4.20.4&#8243; _module_preset=\u00bbdefault\u00bb button_url=\u00bbhttps:\/\/www.welovekeys.co.uk\/es\/finalizar-compra\/\u00bb hover_enabled=\u00bb0&#8243; sticky_enabled=\u00bb0&#8243; button_alignment=\u00bbright\u00bb][\/et_pb_button][et_pb_wc_cart_notice _builder_version=\u00bb4.16&#8243; global_colors_info=\u00bb{}\u00bb][\/et_pb_wc_cart_notice][et_pb_wc_cart_products _builder_version=\u00bb4.20.4&#8243; custom_margin=\u00bb|-20px||-20px|false|true\u00bb hover_enabled=\u00bb0&#8243; global_colors_info=\u00bb{}\u00bb placeholder_color=\u00bb#E9F4FA\u00bb form_field_background_color=\u00bb#E9F4FA\u00bb form_field_text_color=\u00bb#081830&#8243; form_field_font_size=\u00bb17px\u00bb form_field_font=\u00bb|700|||||||\u00bb border_width_all_form_field=\u00bb1px\u00bb border_color_all_form_field=\u00bb#09A2D6&#8243; sticky_enabled=\u00bb0&#8243;][\/et_pb_wc_cart_products][\/et_pb_column][\/et_pb_row][et_pb_row _builder_version=\u00bb4.16&#8243; background_size=\u00bbinitial\u00bb background_position=\u00bbtop_left\u00bb background_repeat=\u00bbrepeat\u00bb global_colors_info=\u00bb{}\u00bb][et_pb_column type=\u00bb4_4&#8243; _builder_version=\u00bb4.16&#8243; custom_padding=\u00bb|||\u00bb global_colors_info=\u00bb{}\u00bb custom_padding__hover=\u00bb|||\u00bb][et_pb_wc_cart_totals _builder_version=\u00bb4.20.4&#8243; custom_margin=\u00bb|-20px||-20px|false|true\u00bb global_colors_info=\u00bb{}\u00bb][\/et_pb_wc_cart_totals][\/et_pb_column][\/et_pb_row][\/et_pb_section]<\/p>\n","protected":false},"excerpt":{"rendered":"","protected":false},"author":3,"featured_media":0,"parent":0,"menu_order":0,"comment_status":"closed","ping_status":"closed","template":"","meta":{"_et_pb_use_builder":"on","_et_pb_old_content":"","_et_gb_content_width":"","footnotes":""},"class_list":["post-6184","page","type-page","status-publish","hentry"],"yoast_head":"<!-- This site is optimized with the Yoast SEO plugin v27.4 - https:\/\/yoast.com\/product\/yoast-seo-wordpress\/ -->\n<title>We Love Keys - Carrito<\/title>\n<meta name=\"description\" content=\"Encuentra todo tipo de llaves y cerraduras en nuestra tienda en l\u00ednea. Alta calidad, excelentes precios y env\u00edo r\u00e1pido. We Love Keys es un servicio de copia de llaves en l\u00ednea.\" \/>\n<meta name=\"robots\" content=\"index, follow, max-snippet:-1, max-image-preview:large, max-video-preview:-1\" \/>\n<link rel=\"canonical\" href=\"https:\/\/www.welovekeys.co.uk\/es\/carrito\/\" \/>\n<meta property=\"og:locale\" content=\"es_ES\" \/>\n<meta property=\"og:type\" content=\"article\" \/>\n<meta property=\"og:title\" content=\"We Love Keys - Carrito\" \/>\n<meta property=\"og:description\" content=\"Encuentra todo tipo de llaves y cerraduras en nuestra tienda en l\u00ednea. Alta calidad, excelentes precios y env\u00edo r\u00e1pido. We Love Keys es un servicio de copia de llaves en l\u00ednea.\" \/>\n<meta property=\"og:url\" content=\"https:\/\/www.welovekeys.co.uk\/es\/carrito\/\" \/>\n<meta property=\"og:site_name\" content=\"We Love Keys\" \/>\n<meta property=\"article:modified_time\" content=\"2023-07-21T09:35:42+00:00\" \/>\n<meta name=\"twitter:card\" content=\"summary_large_image\" \/>\n<meta name=\"twitter:label1\" content=\"Tiempo de lectura\" \/>\n\t<meta name=\"twitter:data1\" content=\"1 minuto\" \/>\n<script type=\"application\/ld+json\" class=\"yoast-schema-graph\">{\"@context\":\"https:\\\/\\\/schema.org\",\"@graph\":[{\"@type\":\"WebPage\",\"@id\":\"https:\\\/\\\/www.welovekeys.co.uk\\\/es\\\/carrito\\\/\",\"url\":\"https:\\\/\\\/www.welovekeys.co.uk\\\/es\\\/carrito\\\/\",\"name\":\"We Love Keys - Carrito\",\"isPartOf\":{\"@id\":\"https:\\\/\\\/www.welovekeys.co.uk\\\/es\\\/#website\"},\"datePublished\":\"2020-08-25T13:02:45+00:00\",\"dateModified\":\"2023-07-21T09:35:42+00:00\",\"description\":\"Encuentra todo tipo de llaves y cerraduras en nuestra tienda en l\u00ednea. Alta calidad, excelentes precios y env\u00edo r\u00e1pido. We Love Keys es un servicio de copia de llaves en l\u00ednea.\",\"breadcrumb\":{\"@id\":\"https:\\\/\\\/www.welovekeys.co.uk\\\/es\\\/carrito\\\/#breadcrumb\"},\"inLanguage\":\"es\",\"potentialAction\":[{\"@type\":\"ReadAction\",\"target\":[\"https:\\\/\\\/www.welovekeys.co.uk\\\/es\\\/carrito\\\/\"]}]},{\"@type\":\"BreadcrumbList\",\"@id\":\"https:\\\/\\\/www.welovekeys.co.uk\\\/es\\\/carrito\\\/#breadcrumb\",\"itemListElement\":[{\"@type\":\"ListItem\",\"position\":1,\"name\":\"Home\",\"item\":\"https:\\\/\\\/www.welovekeys.co.uk\\\/es\\\/\"},{\"@type\":\"ListItem\",\"position\":2,\"name\":\"Carrito\"}]},{\"@type\":\"WebSite\",\"@id\":\"https:\\\/\\\/www.welovekeys.co.uk\\\/es\\\/#website\",\"url\":\"https:\\\/\\\/www.welovekeys.co.uk\\\/es\\\/\",\"name\":\"We Love Keys\",\"description\":\"A marketplace for keys\",\"publisher\":{\"@id\":\"https:\\\/\\\/www.welovekeys.co.uk\\\/es\\\/#organization\"},\"potentialAction\":[{\"@type\":\"SearchAction\",\"target\":{\"@type\":\"EntryPoint\",\"urlTemplate\":\"https:\\\/\\\/www.welovekeys.co.uk\\\/es\\\/?s={search_term_string}\"},\"query-input\":{\"@type\":\"PropertyValueSpecification\",\"valueRequired\":true,\"valueName\":\"search_term_string\"}}],\"inLanguage\":\"es\"},{\"@type\":\"Organization\",\"@id\":\"https:\\\/\\\/www.welovekeys.co.uk\\\/es\\\/#organization\",\"name\":\"We Love Keys\",\"url\":\"https:\\\/\\\/www.welovekeys.co.uk\\\/es\\\/\",\"logo\":{\"@type\":\"ImageObject\",\"inLanguage\":\"es\",\"@id\":\"https:\\\/\\\/www.welovekeys.co.uk\\\/es\\\/#\\\/schema\\\/logo\\\/image\\\/\",\"url\":\"https:\\\/\\\/www.welovekeys.co.uk\\\/wp-content\\\/uploads\\\/2017\\\/06\\\/WE.png\",\"contentUrl\":\"https:\\\/\\\/www.welovekeys.co.uk\\\/wp-content\\\/uploads\\\/2017\\\/06\\\/WE.png\",\"width\":348,\"height\":66,\"caption\":\"We Love Keys\"},\"image\":{\"@id\":\"https:\\\/\\\/www.welovekeys.co.uk\\\/es\\\/#\\\/schema\\\/logo\\\/image\\\/\"}}]}<\/script>\n<!-- \/ Yoast SEO plugin. -->","yoast_head_json":{"title":"We Love Keys - Carrito","description":"Encuentra todo tipo de llaves y cerraduras en nuestra tienda en l\u00ednea. Alta calidad, excelentes precios y env\u00edo r\u00e1pido. We Love Keys es un servicio de copia de llaves en l\u00ednea.","robots":{"index":"index","follow":"follow","max-snippet":"max-snippet:-1","max-image-preview":"max-image-preview:large","max-video-preview":"max-video-preview:-1"},"canonical":"https:\/\/www.welovekeys.co.uk\/es\/carrito\/","og_locale":"es_ES","og_type":"article","og_title":"We Love Keys - Carrito","og_description":"Encuentra todo tipo de llaves y cerraduras en nuestra tienda en l\u00ednea. Alta calidad, excelentes precios y env\u00edo r\u00e1pido. We Love Keys es un servicio de copia de llaves en l\u00ednea.","og_url":"https:\/\/www.welovekeys.co.uk\/es\/carrito\/","og_site_name":"We Love Keys","article_modified_time":"2023-07-21T09:35:42+00:00","twitter_card":"summary_large_image","twitter_misc":{"Tiempo de lectura":"1 minuto"},"schema":{"@context":"https:\/\/schema.org","@graph":[{"@type":"WebPage","@id":"https:\/\/www.welovekeys.co.uk\/es\/carrito\/","url":"https:\/\/www.welovekeys.co.uk\/es\/carrito\/","name":"We Love Keys - Carrito","isPartOf":{"@id":"https:\/\/www.welovekeys.co.uk\/es\/#website"},"datePublished":"2020-08-25T13:02:45+00:00","dateModified":"2023-07-21T09:35:42+00:00","description":"Encuentra todo tipo de llaves y cerraduras en nuestra tienda en l\u00ednea. Alta calidad, excelentes precios y env\u00edo r\u00e1pido. We Love Keys es un servicio de copia de llaves en l\u00ednea.","breadcrumb":{"@id":"https:\/\/www.welovekeys.co.uk\/es\/carrito\/#breadcrumb"},"inLanguage":"es","potentialAction":[{"@type":"ReadAction","target":["https:\/\/www.welovekeys.co.uk\/es\/carrito\/"]}]},{"@type":"BreadcrumbList","@id":"https:\/\/www.welovekeys.co.uk\/es\/carrito\/#breadcrumb","itemListElement":[{"@type":"ListItem","position":1,"name":"Home","item":"https:\/\/www.welovekeys.co.uk\/es\/"},{"@type":"ListItem","position":2,"name":"Carrito"}]},{"@type":"WebSite","@id":"https:\/\/www.welovekeys.co.uk\/es\/#website","url":"https:\/\/www.welovekeys.co.uk\/es\/","name":"We Love Keys","description":"A marketplace for keys","publisher":{"@id":"https:\/\/www.welovekeys.co.uk\/es\/#organization"},"potentialAction":[{"@type":"SearchAction","target":{"@type":"EntryPoint","urlTemplate":"https:\/\/www.welovekeys.co.uk\/es\/?s={search_term_string}"},"query-input":{"@type":"PropertyValueSpecification","valueRequired":true,"valueName":"search_term_string"}}],"inLanguage":"es"},{"@type":"Organization","@id":"https:\/\/www.welovekeys.co.uk\/es\/#organization","name":"We Love Keys","url":"https:\/\/www.welovekeys.co.uk\/es\/","logo":{"@type":"ImageObject","inLanguage":"es","@id":"https:\/\/www.welovekeys.co.uk\/es\/#\/schema\/logo\/image\/","url":"https:\/\/www.welovekeys.co.uk\/wp-content\/uploads\/2017\/06\/WE.png","contentUrl":"https:\/\/www.welovekeys.co.uk\/wp-content\/uploads\/2017\/06\/WE.png","width":348,"height":66,"caption":"We Love Keys"},"image":{"@id":"https:\/\/www.welovekeys.co.uk\/es\/#\/schema\/logo\/image\/"}}]}},"_links":{"self":[{"href":"https:\/\/www.welovekeys.co.uk\/es\/wp-json\/wp\/v2\/pages\/6184","targetHints":{"allow":["GET"]}}],"collection":[{"href":"https:\/\/www.welovekeys.co.uk\/es\/wp-json\/wp\/v2\/pages"}],"about":[{"href":"https:\/\/www.welovekeys.co.uk\/es\/wp-json\/wp\/v2\/types\/page"}],"author":[{"embeddable":true,"href":"https:\/\/www.welovekeys.co.uk\/es\/wp-json\/wp\/v2\/users\/3"}],"replies":[{"embeddable":true,"href":"https:\/\/www.welovekeys.co.uk\/es\/wp-json\/wp\/v2\/comments?post=6184"}],"version-history":[{"count":3,"href":"https:\/\/www.welovekeys.co.uk\/es\/wp-json\/wp\/v2\/pages\/6184\/revisions"}],"predecessor-version":[{"id":247295,"href":"https:\/\/www.welovekeys.co.uk\/es\/wp-json\/wp\/v2\/pages\/6184\/revisions\/247295"}],"wp:attachment":[{"href":"https:\/\/www.welovekeys.co.uk\/es\/wp-json\/wp\/v2\/media?parent=6184"}],"curies":[{"name":"wp","href":"https:\/\/api.w.org\/{rel}","templated":true}]}}