{"id":8705,"date":"2021-05-08T15:54:13","date_gmt":"2021-05-08T14:54:13","guid":{"rendered":"https:\/\/www.welovekeys.co.uk\/product\/via-velo-schlussel\/"},"modified":"2021-05-08T16:19:06","modified_gmt":"2021-05-08T15:19:06","slug":"via-velo-schlussel","status":"publish","type":"product","link":"https:\/\/www.welovekeys.co.uk\/de\/produkt\/via-velo-schlussel\/","title":{"rendered":"Via Velo Schl\u00fcssel"},"content":{"rendered":"<p>Via Velo (auch ViaVelo genannt) ist eine Schlossmarke mit einer Reihe von Fahrradschl\u00f6ssern, die in Deutschland, der Schweiz, \u00d6sterreich und weltweit verbreitet sind. Die meisten Via Velo-Schl\u00f6sser verwenden Laserschl\u00fcssel, darunter das Kettenschloss und das Faltschloss.<\/p>\n<blockquote>\n<p><strong>Bei We Love Keys k\u00f6nnen wir anhand der Codenummer Ersatzschl\u00fcssel f\u00fcr Via Velo-Fahrradschl\u00f6sser herstellen. Jedes Schloss wird mit einem kleinen St\u00fcck Plastik mit einer 8-stelligen Codenummer geliefert, z.B. 11232233 (siehe Foto). Geben Sie einfach diese Nummer in das Feld oben ein und wir k\u00f6nnen neue Schl\u00fcssel erstellen.<\/strong><\/p>\n<\/blockquote>\n<p>Wenn Sie die Plastikkarte nicht mehr haben, k\u00f6nnen wir m\u00f6glicherweise den Schl\u00fcssel von einem Foto herstellen. Bitte senden Sie uns ein paar Bilder <a href=\"https:\/\/www.welovekeys.co.uk\/de\/hilfe\/\"><strong>mit unserem Foto-Upload-Formular<\/strong><\/a>; wir k\u00f6nnen dann helfen.<\/p>\n<p><strong><em>Versand am selben Tag bei Bestellung bis 15 Uhr an einem Werktag.<\/em><\/strong><\/p>\n","protected":false},"excerpt":{"rendered":"<div id=\"discounttable\"><strong>2+ Schl\u00fcssel = 10% Rabatt<br \/>\n5+ Schl\u00fcssel = 16% Rabatt<br \/>\n10+ Schl\u00fcssel = 22% Rabatt<br \/>\n20+ Schl\u00fcssel = <a href=\"https:\/\/www.welovekeys.co.uk\/de\/hilfe\/\" target=\"_blank\" rel=\"noopener noreferrer\">schreiben Sie uns<\/a><br \/>Rabatt wird im Warenkorb gezeigt.<\/strong><\/div>\n","protected":false},"featured_media":8700,"template":"","meta":{"_et_pb_use_builder":"","_et_pb_old_content":"","_et_gb_content_width":""},"product_brand":[],"product_cat":[753,708,704,669],"product_tag":[],"class_list":{"0":"post-8705","1":"product","2":"type-product","3":"status-publish","4":"has-post-thumbnail","6":"product_cat-bahnschlussel","7":"product_cat-fahrrad","8":"product_cat-produkten","9":"product_cat-via-velo-de","10":"product_shipping_class-env-de","12":"first","13":"instock","14":"taxable","15":"shipping-taxable","16":"purchasable","17":"product-type-simple"},"yoast_head":"<!-- This site is optimized with the Yoast SEO plugin v27.4 - https:\/\/yoast.com\/product\/yoast-seo-wordpress\/ -->\n<title>Via Velo-Schl\u00fcssel ONLINE kaufen - We Love Keys<\/title>\n<meta name=\"description\" content=\"Bestellen Sie Ersatzschl\u00fcssel f\u00fcr Via Velo Fahrradschl\u00f6sser ONLINE mit We Love Keys, dem schnellen Schl\u00fcsselservice. Schneller Versand.\" \/>\n<meta name=\"robots\" content=\"index, follow, max-snippet:-1, max-image-preview:large, max-video-preview:-1\" \/>\n<link rel=\"canonical\" href=\"https:\/\/www.welovekeys.co.uk\/de\/produkt\/via-velo-schlussel\/\" \/>\n<meta property=\"og:locale\" content=\"de_DE\" \/>\n<meta property=\"og:type\" content=\"article\" \/>\n<meta property=\"og:title\" content=\"Via Velo-Schl\u00fcssel ONLINE kaufen - We Love Keys\" \/>\n<meta property=\"og:description\" content=\"Bestellen Sie Ersatzschl\u00fcssel f\u00fcr Via Velo Fahrradschl\u00f6sser ONLINE mit We Love Keys, dem schnellen Schl\u00fcsselservice. Schneller Versand.\" \/>\n<meta property=\"og:url\" content=\"https:\/\/www.welovekeys.co.uk\/de\/produkt\/via-velo-schlussel\/\" \/>\n<meta property=\"og:site_name\" content=\"We Love Keys\" \/>\n<meta property=\"article:modified_time\" content=\"2021-05-08T15:19:06+00:00\" \/>\n<meta property=\"og:image\" content=\"https:\/\/www.welovekeys.co.uk\/wp-content\/uploads\/2021\/05\/Via-Velo.jpg\" \/>\n\t<meta property=\"og:image:width\" content=\"494\" \/>\n\t<meta property=\"og:image:height\" content=\"494\" \/>\n\t<meta property=\"og:image:type\" content=\"image\/jpeg\" \/>\n<meta name=\"twitter:card\" content=\"summary_large_image\" \/>\n<meta name=\"twitter:label1\" content=\"Gesch\u00e4tzte Lesezeit\" \/>\n\t<meta name=\"twitter:data1\" content=\"1\u00a0Minute\" \/>\n<script type=\"application\/ld+json\" class=\"yoast-schema-graph\">{\"@context\":\"https:\\\/\\\/schema.org\",\"@graph\":[{\"@type\":\"WebPage\",\"@id\":\"https:\\\/\\\/www.welovekeys.co.uk\\\/de\\\/produkt\\\/via-velo-schlussel\\\/\",\"url\":\"https:\\\/\\\/www.welovekeys.co.uk\\\/de\\\/produkt\\\/via-velo-schlussel\\\/\",\"name\":\"Via Velo-Schl\u00fcssel ONLINE kaufen - We Love Keys\",\"isPartOf\":{\"@id\":\"https:\\\/\\\/www.welovekeys.co.uk\\\/de\\\/#website\"},\"primaryImageOfPage\":{\"@id\":\"https:\\\/\\\/www.welovekeys.co.uk\\\/de\\\/produkt\\\/via-velo-schlussel\\\/#primaryimage\"},\"image\":{\"@id\":\"https:\\\/\\\/www.welovekeys.co.uk\\\/de\\\/produkt\\\/via-velo-schlussel\\\/#primaryimage\"},\"thumbnailUrl\":\"https:\\\/\\\/www.welovekeys.co.uk\\\/wp-content\\\/uploads\\\/2021\\\/05\\\/Via-Velo.jpg\",\"datePublished\":\"2021-05-08T14:54:13+00:00\",\"dateModified\":\"2021-05-08T15:19:06+00:00\",\"description\":\"Bestellen Sie Ersatzschl\u00fcssel f\u00fcr Via Velo Fahrradschl\u00f6sser ONLINE mit We Love Keys, dem schnellen Schl\u00fcsselservice. Schneller Versand.\",\"breadcrumb\":{\"@id\":\"https:\\\/\\\/www.welovekeys.co.uk\\\/de\\\/produkt\\\/via-velo-schlussel\\\/#breadcrumb\"},\"inLanguage\":\"de\",\"potentialAction\":[{\"@type\":\"ReadAction\",\"target\":[\"https:\\\/\\\/www.welovekeys.co.uk\\\/de\\\/produkt\\\/via-velo-schlussel\\\/\"]}]},{\"@type\":\"ImageObject\",\"inLanguage\":\"de\",\"@id\":\"https:\\\/\\\/www.welovekeys.co.uk\\\/de\\\/produkt\\\/via-velo-schlussel\\\/#primaryimage\",\"url\":\"https:\\\/\\\/www.welovekeys.co.uk\\\/wp-content\\\/uploads\\\/2021\\\/05\\\/Via-Velo.jpg\",\"contentUrl\":\"https:\\\/\\\/www.welovekeys.co.uk\\\/wp-content\\\/uploads\\\/2021\\\/05\\\/Via-Velo.jpg\",\"width\":494,\"height\":494,\"caption\":\"Via Velo Schl\u00fcssel\"},{\"@type\":\"BreadcrumbList\",\"@id\":\"https:\\\/\\\/www.welovekeys.co.uk\\\/de\\\/produkt\\\/via-velo-schlussel\\\/#breadcrumb\",\"itemListElement\":[{\"@type\":\"ListItem\",\"position\":1,\"name\":\"Home\",\"item\":\"https:\\\/\\\/www.welovekeys.co.uk\\\/de\\\/startseite-2\\\/\"},{\"@type\":\"ListItem\",\"position\":2,\"name\":\"Shop\",\"item\":\"https:\\\/\\\/www.welovekeys.co.uk\\\/de\\\/shop\\\/\"},{\"@type\":\"ListItem\",\"position\":3,\"name\":\"Via Velo Schl\u00fcssel\"}]},{\"@type\":\"WebSite\",\"@id\":\"https:\\\/\\\/www.welovekeys.co.uk\\\/de\\\/#website\",\"url\":\"https:\\\/\\\/www.welovekeys.co.uk\\\/de\\\/\",\"name\":\"We Love Keys\",\"description\":\"A marketplace for keys\",\"publisher\":{\"@id\":\"https:\\\/\\\/www.welovekeys.co.uk\\\/de\\\/#organization\"},\"potentialAction\":[{\"@type\":\"SearchAction\",\"target\":{\"@type\":\"EntryPoint\",\"urlTemplate\":\"https:\\\/\\\/www.welovekeys.co.uk\\\/de\\\/?s={search_term_string}\"},\"query-input\":{\"@type\":\"PropertyValueSpecification\",\"valueRequired\":true,\"valueName\":\"search_term_string\"}}],\"inLanguage\":\"de\"},{\"@type\":\"Organization\",\"@id\":\"https:\\\/\\\/www.welovekeys.co.uk\\\/de\\\/#organization\",\"name\":\"We Love Keys\",\"url\":\"https:\\\/\\\/www.welovekeys.co.uk\\\/de\\\/\",\"logo\":{\"@type\":\"ImageObject\",\"inLanguage\":\"de\",\"@id\":\"https:\\\/\\\/www.welovekeys.co.uk\\\/de\\\/#\\\/schema\\\/logo\\\/image\\\/\",\"url\":\"https:\\\/\\\/www.welovekeys.co.uk\\\/wp-content\\\/uploads\\\/2017\\\/06\\\/WE.png\",\"contentUrl\":\"https:\\\/\\\/www.welovekeys.co.uk\\\/wp-content\\\/uploads\\\/2017\\\/06\\\/WE.png\",\"width\":348,\"height\":66,\"caption\":\"We Love Keys\"},\"image\":{\"@id\":\"https:\\\/\\\/www.welovekeys.co.uk\\\/de\\\/#\\\/schema\\\/logo\\\/image\\\/\"}}]}<\/script>\n<!-- \/ Yoast SEO plugin. -->","yoast_head_json":{"title":"Via Velo-Schl\u00fcssel ONLINE kaufen - We Love Keys","description":"Bestellen Sie Ersatzschl\u00fcssel f\u00fcr Via Velo Fahrradschl\u00f6sser ONLINE mit We Love Keys, dem schnellen Schl\u00fcsselservice. Schneller Versand.","robots":{"index":"index","follow":"follow","max-snippet":"max-snippet:-1","max-image-preview":"max-image-preview:large","max-video-preview":"max-video-preview:-1"},"canonical":"https:\/\/www.welovekeys.co.uk\/de\/produkt\/via-velo-schlussel\/","og_locale":"de_DE","og_type":"article","og_title":"Via Velo-Schl\u00fcssel ONLINE kaufen - We Love Keys","og_description":"Bestellen Sie Ersatzschl\u00fcssel f\u00fcr Via Velo Fahrradschl\u00f6sser ONLINE mit We Love Keys, dem schnellen Schl\u00fcsselservice. Schneller Versand.","og_url":"https:\/\/www.welovekeys.co.uk\/de\/produkt\/via-velo-schlussel\/","og_site_name":"We Love Keys","article_modified_time":"2021-05-08T15:19:06+00:00","og_image":[{"width":494,"height":494,"url":"https:\/\/www.welovekeys.co.uk\/wp-content\/uploads\/2021\/05\/Via-Velo.jpg","type":"image\/jpeg"}],"twitter_card":"summary_large_image","twitter_misc":{"Gesch\u00e4tzte Lesezeit":"1\u00a0Minute"},"schema":{"@context":"https:\/\/schema.org","@graph":[{"@type":"WebPage","@id":"https:\/\/www.welovekeys.co.uk\/de\/produkt\/via-velo-schlussel\/","url":"https:\/\/www.welovekeys.co.uk\/de\/produkt\/via-velo-schlussel\/","name":"Via Velo-Schl\u00fcssel ONLINE kaufen - We Love Keys","isPartOf":{"@id":"https:\/\/www.welovekeys.co.uk\/de\/#website"},"primaryImageOfPage":{"@id":"https:\/\/www.welovekeys.co.uk\/de\/produkt\/via-velo-schlussel\/#primaryimage"},"image":{"@id":"https:\/\/www.welovekeys.co.uk\/de\/produkt\/via-velo-schlussel\/#primaryimage"},"thumbnailUrl":"https:\/\/www.welovekeys.co.uk\/wp-content\/uploads\/2021\/05\/Via-Velo.jpg","datePublished":"2021-05-08T14:54:13+00:00","dateModified":"2021-05-08T15:19:06+00:00","description":"Bestellen Sie Ersatzschl\u00fcssel f\u00fcr Via Velo Fahrradschl\u00f6sser ONLINE mit We Love Keys, dem schnellen Schl\u00fcsselservice. Schneller Versand.","breadcrumb":{"@id":"https:\/\/www.welovekeys.co.uk\/de\/produkt\/via-velo-schlussel\/#breadcrumb"},"inLanguage":"de","potentialAction":[{"@type":"ReadAction","target":["https:\/\/www.welovekeys.co.uk\/de\/produkt\/via-velo-schlussel\/"]}]},{"@type":"ImageObject","inLanguage":"de","@id":"https:\/\/www.welovekeys.co.uk\/de\/produkt\/via-velo-schlussel\/#primaryimage","url":"https:\/\/www.welovekeys.co.uk\/wp-content\/uploads\/2021\/05\/Via-Velo.jpg","contentUrl":"https:\/\/www.welovekeys.co.uk\/wp-content\/uploads\/2021\/05\/Via-Velo.jpg","width":494,"height":494,"caption":"Via Velo Schl\u00fcssel"},{"@type":"BreadcrumbList","@id":"https:\/\/www.welovekeys.co.uk\/de\/produkt\/via-velo-schlussel\/#breadcrumb","itemListElement":[{"@type":"ListItem","position":1,"name":"Home","item":"https:\/\/www.welovekeys.co.uk\/de\/startseite-2\/"},{"@type":"ListItem","position":2,"name":"Shop","item":"https:\/\/www.welovekeys.co.uk\/de\/shop\/"},{"@type":"ListItem","position":3,"name":"Via Velo Schl\u00fcssel"}]},{"@type":"WebSite","@id":"https:\/\/www.welovekeys.co.uk\/de\/#website","url":"https:\/\/www.welovekeys.co.uk\/de\/","name":"We Love Keys","description":"A marketplace for keys","publisher":{"@id":"https:\/\/www.welovekeys.co.uk\/de\/#organization"},"potentialAction":[{"@type":"SearchAction","target":{"@type":"EntryPoint","urlTemplate":"https:\/\/www.welovekeys.co.uk\/de\/?s={search_term_string}"},"query-input":{"@type":"PropertyValueSpecification","valueRequired":true,"valueName":"search_term_string"}}],"inLanguage":"de"},{"@type":"Organization","@id":"https:\/\/www.welovekeys.co.uk\/de\/#organization","name":"We Love Keys","url":"https:\/\/www.welovekeys.co.uk\/de\/","logo":{"@type":"ImageObject","inLanguage":"de","@id":"https:\/\/www.welovekeys.co.uk\/de\/#\/schema\/logo\/image\/","url":"https:\/\/www.welovekeys.co.uk\/wp-content\/uploads\/2017\/06\/WE.png","contentUrl":"https:\/\/www.welovekeys.co.uk\/wp-content\/uploads\/2017\/06\/WE.png","width":348,"height":66,"caption":"We Love Keys"},"image":{"@id":"https:\/\/www.welovekeys.co.uk\/de\/#\/schema\/logo\/image\/"}}]}},"_links":{"self":[{"href":"https:\/\/www.welovekeys.co.uk\/de\/wp-json\/wp\/v2\/product\/8705","targetHints":{"allow":["GET"]}}],"collection":[{"href":"https:\/\/www.welovekeys.co.uk\/de\/wp-json\/wp\/v2\/product"}],"about":[{"href":"https:\/\/www.welovekeys.co.uk\/de\/wp-json\/wp\/v2\/types\/product"}],"wp:featuredmedia":[{"embeddable":true,"href":"https:\/\/www.welovekeys.co.uk\/de\/wp-json\/wp\/v2\/media\/8700"}],"wp:attachment":[{"href":"https:\/\/www.welovekeys.co.uk\/de\/wp-json\/wp\/v2\/media?parent=8705"}],"wp:term":[{"taxonomy":"product_brand","embeddable":true,"href":"https:\/\/www.welovekeys.co.uk\/de\/wp-json\/wp\/v2\/product_brand?post=8705"},{"taxonomy":"product_cat","embeddable":true,"href":"https:\/\/www.welovekeys.co.uk\/de\/wp-json\/wp\/v2\/product_cat?post=8705"},{"taxonomy":"product_tag","embeddable":true,"href":"https:\/\/www.welovekeys.co.uk\/de\/wp-json\/wp\/v2\/product_tag?post=8705"}],"curies":[{"name":"wp","href":"https:\/\/api.w.org\/{rel}","templated":true}]}}