{"id":8116,"date":"2021-04-05T17:48:12","date_gmt":"2021-04-05T16:48:12","guid":{"rendered":"https:\/\/www.welovekeys.co.uk\/product\/oje-ich-weis-nicht-welchen-mul-t-lock-schlussel-zu-wahlen\/"},"modified":"2021-04-05T17:48:12","modified_gmt":"2021-04-05T16:48:12","slug":"oje-ich-weis-nicht-welchen-mul-t-lock-schlussel-zu-wahlen","status":"publish","type":"product","link":"https:\/\/www.welovekeys.co.uk\/de\/produkt\/oje-ich-weis-nicht-welchen-mul-t-lock-schlussel-zu-wahlen\/","title":{"rendered":"Oje! Ich wei\u00df nicht, welchen Mul-T-Lock-Schl\u00fcssel zu w\u00e4hlen!"},"content":{"rendered":"","protected":false},"excerpt":{"rendered":"<div style=\"font-size: 1.5em;\">\n<p>Wenn Sie nicht sicher sind, welchen Schl\u00fcssel Sie w\u00e4hlen sollen, helfen wir Ihnen bei der Suche!<\/p>\n<p>Nutzen Sie unser Formular (unten), und wir melden uns dann <strong>schnell<\/strong> mit den Preisen und Zeitaufw&auml;nden.<\/p>\n<\/div>\n<div style=\"background-color:#ececec;border-radius:8px;padding:25px;margin-top:30px;font-size: 1.4em;border:2px solid #aaaaaa;\">\n[caldera_form id=&#8220;CF5c7846d03f995&#8243;]\n<\/div>\n","protected":false},"featured_media":8106,"template":"","meta":{"_et_pb_use_builder":"","_et_pb_old_content":"","_et_gb_content_width":""},"product_brand":[],"product_cat":[199],"product_tag":[],"class_list":{"0":"post-8116","1":"product","2":"type-product","3":"status-publish","4":"has-post-thumbnail","6":"product_cat-mul-t-lock-schlussel","8":"first","9":"instock","10":"taxable","11":"shipping-taxable","12":"product-type-simple"},"yoast_head":"<!-- This site is optimized with the Yoast SEO plugin v27.4 - https:\/\/yoast.com\/product\/yoast-seo-wordpress\/ -->\n<title>Oje! Ich wei\u00df nicht, welchen Mul-T-Lock-Schl\u00fcssel zu w\u00e4hlen! - We Love Keys<\/title>\n<meta name=\"robots\" content=\"index, follow, max-snippet:-1, max-image-preview:large, max-video-preview:-1\" \/>\n<link rel=\"canonical\" href=\"https:\/\/www.welovekeys.co.uk\/de\/produkt\/oje-ich-weis-nicht-welchen-mul-t-lock-schlussel-zu-wahlen\/\" \/>\n<meta property=\"og:locale\" content=\"de_DE\" \/>\n<meta property=\"og:type\" content=\"article\" \/>\n<meta property=\"og:title\" content=\"Oje! Ich wei\u00df nicht, welchen Mul-T-Lock-Schl\u00fcssel zu w\u00e4hlen! - We Love Keys\" \/>\n<meta property=\"og:description\" content=\"Wenn Sie nicht sicher sind, welchen Schl\u00fcssel Sie w\u00e4hlen sollen, helfen wir Ihnen bei der Suche! Nutzen Sie unser Formular (unten), und wir melden uns dann schnell mit den Preisen und Zeitaufw&auml;nden.   [caldera_form id=&quot;CF5c7846d03f995&quot;]\" \/>\n<meta property=\"og:url\" content=\"https:\/\/www.welovekeys.co.uk\/de\/produkt\/oje-ich-weis-nicht-welchen-mul-t-lock-schlussel-zu-wahlen\/\" \/>\n<meta property=\"og:site_name\" content=\"We Love Keys\" \/>\n<meta property=\"og:image\" content=\"https:\/\/www.welovekeys.co.uk\/wp-content\/uploads\/2021\/04\/Mul-T-Lock-Question-Mark.png\" \/>\n\t<meta property=\"og:image:width\" content=\"350\" \/>\n\t<meta property=\"og:image:height\" content=\"350\" \/>\n\t<meta property=\"og:image:type\" content=\"image\/png\" \/>\n<meta name=\"twitter:card\" content=\"summary_large_image\" \/>\n<script type=\"application\/ld+json\" class=\"yoast-schema-graph\">{\"@context\":\"https:\\\/\\\/schema.org\",\"@graph\":[{\"@type\":\"WebPage\",\"@id\":\"https:\\\/\\\/www.welovekeys.co.uk\\\/de\\\/produkt\\\/oje-ich-weis-nicht-welchen-mul-t-lock-schlussel-zu-wahlen\\\/\",\"url\":\"https:\\\/\\\/www.welovekeys.co.uk\\\/de\\\/produkt\\\/oje-ich-weis-nicht-welchen-mul-t-lock-schlussel-zu-wahlen\\\/\",\"name\":\"Oje! Ich wei\u00df nicht, welchen Mul-T-Lock-Schl\u00fcssel zu w\u00e4hlen! - We Love Keys\",\"isPartOf\":{\"@id\":\"https:\\\/\\\/www.welovekeys.co.uk\\\/de\\\/#website\"},\"primaryImageOfPage\":{\"@id\":\"https:\\\/\\\/www.welovekeys.co.uk\\\/de\\\/produkt\\\/oje-ich-weis-nicht-welchen-mul-t-lock-schlussel-zu-wahlen\\\/#primaryimage\"},\"image\":{\"@id\":\"https:\\\/\\\/www.welovekeys.co.uk\\\/de\\\/produkt\\\/oje-ich-weis-nicht-welchen-mul-t-lock-schlussel-zu-wahlen\\\/#primaryimage\"},\"thumbnailUrl\":\"https:\\\/\\\/www.welovekeys.co.uk\\\/wp-content\\\/uploads\\\/2021\\\/04\\\/Mul-T-Lock-Question-Mark.png\",\"datePublished\":\"2021-04-05T16:48:12+00:00\",\"breadcrumb\":{\"@id\":\"https:\\\/\\\/www.welovekeys.co.uk\\\/de\\\/produkt\\\/oje-ich-weis-nicht-welchen-mul-t-lock-schlussel-zu-wahlen\\\/#breadcrumb\"},\"inLanguage\":\"de\",\"potentialAction\":[{\"@type\":\"ReadAction\",\"target\":[\"https:\\\/\\\/www.welovekeys.co.uk\\\/de\\\/produkt\\\/oje-ich-weis-nicht-welchen-mul-t-lock-schlussel-zu-wahlen\\\/\"]}]},{\"@type\":\"ImageObject\",\"inLanguage\":\"de\",\"@id\":\"https:\\\/\\\/www.welovekeys.co.uk\\\/de\\\/produkt\\\/oje-ich-weis-nicht-welchen-mul-t-lock-schlussel-zu-wahlen\\\/#primaryimage\",\"url\":\"https:\\\/\\\/www.welovekeys.co.uk\\\/wp-content\\\/uploads\\\/2021\\\/04\\\/Mul-T-Lock-Question-Mark.png\",\"contentUrl\":\"https:\\\/\\\/www.welovekeys.co.uk\\\/wp-content\\\/uploads\\\/2021\\\/04\\\/Mul-T-Lock-Question-Mark.png\",\"width\":350,\"height\":350,\"caption\":\"Mul-T-Lock mit Fragezeichen\"},{\"@type\":\"BreadcrumbList\",\"@id\":\"https:\\\/\\\/www.welovekeys.co.uk\\\/de\\\/produkt\\\/oje-ich-weis-nicht-welchen-mul-t-lock-schlussel-zu-wahlen\\\/#breadcrumb\",\"itemListElement\":[{\"@type\":\"ListItem\",\"position\":1,\"name\":\"Home\",\"item\":\"https:\\\/\\\/www.welovekeys.co.uk\\\/de\\\/startseite-2\\\/\"},{\"@type\":\"ListItem\",\"position\":2,\"name\":\"Shop\",\"item\":\"https:\\\/\\\/www.welovekeys.co.uk\\\/de\\\/shop\\\/\"},{\"@type\":\"ListItem\",\"position\":3,\"name\":\"Oje! Ich wei\u00df nicht, welchen Mul-T-Lock-Schl\u00fcssel zu w\u00e4hlen!\"}]},{\"@type\":\"WebSite\",\"@id\":\"https:\\\/\\\/www.welovekeys.co.uk\\\/de\\\/#website\",\"url\":\"https:\\\/\\\/www.welovekeys.co.uk\\\/de\\\/\",\"name\":\"We Love Keys\",\"description\":\"A marketplace for keys\",\"publisher\":{\"@id\":\"https:\\\/\\\/www.welovekeys.co.uk\\\/de\\\/#organization\"},\"potentialAction\":[{\"@type\":\"SearchAction\",\"target\":{\"@type\":\"EntryPoint\",\"urlTemplate\":\"https:\\\/\\\/www.welovekeys.co.uk\\\/de\\\/?s={search_term_string}\"},\"query-input\":{\"@type\":\"PropertyValueSpecification\",\"valueRequired\":true,\"valueName\":\"search_term_string\"}}],\"inLanguage\":\"de\"},{\"@type\":\"Organization\",\"@id\":\"https:\\\/\\\/www.welovekeys.co.uk\\\/de\\\/#organization\",\"name\":\"We Love Keys\",\"url\":\"https:\\\/\\\/www.welovekeys.co.uk\\\/de\\\/\",\"logo\":{\"@type\":\"ImageObject\",\"inLanguage\":\"de\",\"@id\":\"https:\\\/\\\/www.welovekeys.co.uk\\\/de\\\/#\\\/schema\\\/logo\\\/image\\\/\",\"url\":\"https:\\\/\\\/www.welovekeys.co.uk\\\/wp-content\\\/uploads\\\/2017\\\/06\\\/WE.png\",\"contentUrl\":\"https:\\\/\\\/www.welovekeys.co.uk\\\/wp-content\\\/uploads\\\/2017\\\/06\\\/WE.png\",\"width\":348,\"height\":66,\"caption\":\"We Love Keys\"},\"image\":{\"@id\":\"https:\\\/\\\/www.welovekeys.co.uk\\\/de\\\/#\\\/schema\\\/logo\\\/image\\\/\"}}]}<\/script>\n<!-- \/ Yoast SEO plugin. -->","yoast_head_json":{"title":"Oje! Ich wei\u00df nicht, welchen Mul-T-Lock-Schl\u00fcssel zu w\u00e4hlen! - We Love Keys","robots":{"index":"index","follow":"follow","max-snippet":"max-snippet:-1","max-image-preview":"max-image-preview:large","max-video-preview":"max-video-preview:-1"},"canonical":"https:\/\/www.welovekeys.co.uk\/de\/produkt\/oje-ich-weis-nicht-welchen-mul-t-lock-schlussel-zu-wahlen\/","og_locale":"de_DE","og_type":"article","og_title":"Oje! Ich wei\u00df nicht, welchen Mul-T-Lock-Schl\u00fcssel zu w\u00e4hlen! - We Love Keys","og_description":"Wenn Sie nicht sicher sind, welchen Schl\u00fcssel Sie w\u00e4hlen sollen, helfen wir Ihnen bei der Suche! Nutzen Sie unser Formular (unten), und wir melden uns dann schnell mit den Preisen und Zeitaufw&auml;nden.   [caldera_form id=\"CF5c7846d03f995\"]","og_url":"https:\/\/www.welovekeys.co.uk\/de\/produkt\/oje-ich-weis-nicht-welchen-mul-t-lock-schlussel-zu-wahlen\/","og_site_name":"We Love Keys","og_image":[{"width":350,"height":350,"url":"https:\/\/www.welovekeys.co.uk\/wp-content\/uploads\/2021\/04\/Mul-T-Lock-Question-Mark.png","type":"image\/png"}],"twitter_card":"summary_large_image","schema":{"@context":"https:\/\/schema.org","@graph":[{"@type":"WebPage","@id":"https:\/\/www.welovekeys.co.uk\/de\/produkt\/oje-ich-weis-nicht-welchen-mul-t-lock-schlussel-zu-wahlen\/","url":"https:\/\/www.welovekeys.co.uk\/de\/produkt\/oje-ich-weis-nicht-welchen-mul-t-lock-schlussel-zu-wahlen\/","name":"Oje! Ich wei\u00df nicht, welchen Mul-T-Lock-Schl\u00fcssel zu w\u00e4hlen! - We Love Keys","isPartOf":{"@id":"https:\/\/www.welovekeys.co.uk\/de\/#website"},"primaryImageOfPage":{"@id":"https:\/\/www.welovekeys.co.uk\/de\/produkt\/oje-ich-weis-nicht-welchen-mul-t-lock-schlussel-zu-wahlen\/#primaryimage"},"image":{"@id":"https:\/\/www.welovekeys.co.uk\/de\/produkt\/oje-ich-weis-nicht-welchen-mul-t-lock-schlussel-zu-wahlen\/#primaryimage"},"thumbnailUrl":"https:\/\/www.welovekeys.co.uk\/wp-content\/uploads\/2021\/04\/Mul-T-Lock-Question-Mark.png","datePublished":"2021-04-05T16:48:12+00:00","breadcrumb":{"@id":"https:\/\/www.welovekeys.co.uk\/de\/produkt\/oje-ich-weis-nicht-welchen-mul-t-lock-schlussel-zu-wahlen\/#breadcrumb"},"inLanguage":"de","potentialAction":[{"@type":"ReadAction","target":["https:\/\/www.welovekeys.co.uk\/de\/produkt\/oje-ich-weis-nicht-welchen-mul-t-lock-schlussel-zu-wahlen\/"]}]},{"@type":"ImageObject","inLanguage":"de","@id":"https:\/\/www.welovekeys.co.uk\/de\/produkt\/oje-ich-weis-nicht-welchen-mul-t-lock-schlussel-zu-wahlen\/#primaryimage","url":"https:\/\/www.welovekeys.co.uk\/wp-content\/uploads\/2021\/04\/Mul-T-Lock-Question-Mark.png","contentUrl":"https:\/\/www.welovekeys.co.uk\/wp-content\/uploads\/2021\/04\/Mul-T-Lock-Question-Mark.png","width":350,"height":350,"caption":"Mul-T-Lock mit Fragezeichen"},{"@type":"BreadcrumbList","@id":"https:\/\/www.welovekeys.co.uk\/de\/produkt\/oje-ich-weis-nicht-welchen-mul-t-lock-schlussel-zu-wahlen\/#breadcrumb","itemListElement":[{"@type":"ListItem","position":1,"name":"Home","item":"https:\/\/www.welovekeys.co.uk\/de\/startseite-2\/"},{"@type":"ListItem","position":2,"name":"Shop","item":"https:\/\/www.welovekeys.co.uk\/de\/shop\/"},{"@type":"ListItem","position":3,"name":"Oje! Ich wei\u00df nicht, welchen Mul-T-Lock-Schl\u00fcssel zu w\u00e4hlen!"}]},{"@type":"WebSite","@id":"https:\/\/www.welovekeys.co.uk\/de\/#website","url":"https:\/\/www.welovekeys.co.uk\/de\/","name":"We Love Keys","description":"A marketplace for keys","publisher":{"@id":"https:\/\/www.welovekeys.co.uk\/de\/#organization"},"potentialAction":[{"@type":"SearchAction","target":{"@type":"EntryPoint","urlTemplate":"https:\/\/www.welovekeys.co.uk\/de\/?s={search_term_string}"},"query-input":{"@type":"PropertyValueSpecification","valueRequired":true,"valueName":"search_term_string"}}],"inLanguage":"de"},{"@type":"Organization","@id":"https:\/\/www.welovekeys.co.uk\/de\/#organization","name":"We Love Keys","url":"https:\/\/www.welovekeys.co.uk\/de\/","logo":{"@type":"ImageObject","inLanguage":"de","@id":"https:\/\/www.welovekeys.co.uk\/de\/#\/schema\/logo\/image\/","url":"https:\/\/www.welovekeys.co.uk\/wp-content\/uploads\/2017\/06\/WE.png","contentUrl":"https:\/\/www.welovekeys.co.uk\/wp-content\/uploads\/2017\/06\/WE.png","width":348,"height":66,"caption":"We Love Keys"},"image":{"@id":"https:\/\/www.welovekeys.co.uk\/de\/#\/schema\/logo\/image\/"}}]}},"_links":{"self":[{"href":"https:\/\/www.welovekeys.co.uk\/de\/wp-json\/wp\/v2\/product\/8116","targetHints":{"allow":["GET"]}}],"collection":[{"href":"https:\/\/www.welovekeys.co.uk\/de\/wp-json\/wp\/v2\/product"}],"about":[{"href":"https:\/\/www.welovekeys.co.uk\/de\/wp-json\/wp\/v2\/types\/product"}],"wp:featuredmedia":[{"embeddable":true,"href":"https:\/\/www.welovekeys.co.uk\/de\/wp-json\/wp\/v2\/media\/8106"}],"wp:attachment":[{"href":"https:\/\/www.welovekeys.co.uk\/de\/wp-json\/wp\/v2\/media?parent=8116"}],"wp:term":[{"taxonomy":"product_brand","embeddable":true,"href":"https:\/\/www.welovekeys.co.uk\/de\/wp-json\/wp\/v2\/product_brand?post=8116"},{"taxonomy":"product_cat","embeddable":true,"href":"https:\/\/www.welovekeys.co.uk\/de\/wp-json\/wp\/v2\/product_cat?post=8116"},{"taxonomy":"product_tag","embeddable":true,"href":"https:\/\/www.welovekeys.co.uk\/de\/wp-json\/wp\/v2\/product_tag?post=8116"}],"curies":[{"name":"wp","href":"https:\/\/api.w.org\/{rel}","templated":true}]}}