{"id":7221,"date":"2020-12-18T16:47:47","date_gmt":"2020-12-18T16:47:47","guid":{"rendered":"https:\/\/www.welovekeys.co.uk\/?post_type=product&#038;p=7221"},"modified":"2021-06-06T14:36:17","modified_gmt":"2021-06-06T13:36:17","slug":"cisa-doppelbartschlussel","status":"publish","type":"product","link":"https:\/\/www.welovekeys.co.uk\/de\/produkt\/cisa-doppelbartschlussel\/","title":{"rendered":"CISA Doppelbartschl\u00fcssel"},"content":{"rendered":"<p>CISA-Doppelbartschl\u00fcssel sind weltweit verbreitet, insbesondere in Europa. Sie k\u00f6nnen normalerweise in Mehrpunktverriegelungen an Eingangst\u00fcren gefunden werden, z.B. beim CISA 57120 Schloss. Fr\u00fcher war es schwierig, sie zu kopieren, aber jetzt, bei We Love Keys, k\u00f6nnen wir es online machen!<\/p>\n<p>Die Schl\u00fcssel sind normalerweise silberfarben, manchmal k\u00f6nnen sie ziemlich lang sein, manchmal besteht der Griff aus Kunststoff. Sie haben zwei Klingen, oft mit asymmetrischen Schnitten (siehe Bild).<\/p>\n<p>Wir k\u00f6nnen Kopien dieser Schl\u00fcssel aus ein paar guten Fotos machen. Machen Sie einfach ein klares Bild von beiden Seiten Ihres Schl\u00fcssels auf einer ebenen Fl\u00e4che, laden Sie es auf diese Site (oben) hoch und wir erledigen den Rest.<\/p>\n<p><em><strong>Versand am selben Tag bei den meisten CISA-Schl\u00fcsseln, wenn werktags bis 15:00 Uhr bestellt; die Herstellung kann bis zu einer Woche dauern.<\/strong><\/em><\/p>\n<hr class=\"productPageFootnoteHr\">\n<div class=\"productPageAdditionalInfoDiv\">\n<h3>Ein Foto als Vorlage f\u00fcr Ihren CISA-Nachschl\u00fcssel? Kein Problem!<\/h3>\n<p>Wir kopieren Ihre Schl\u00fcssel auch dann passgenau, wenn uns nur ein Foto vorliegt. Das Ergebnis ist so gut wie ein Schl\u00fcssel, der direkt aus der Hauptfabrik von CISA stammt.<\/p>\n<p>Ein cleverer Algorithmus bewertet und misst das von Ihnen eingesandte Bild und \u00fcbersetzt es in die Schnitte eines CISA-Sicherheitsschl\u00fcssels. Unsere spezielle elektronische Schl\u00fcsselmaschine stellt Ihren Schl\u00fcssel dann passgenau und pr\u00e4zise her.<\/p>\n<div class=\"trustpilotreviewDiv\">\n<p><img decoding=\"async\" src=\"https:\/\/www.welovekeys.co.uk\/wp-content\/uploads\/2021\/04\/trustpilot.png\" alt=\"Trustpilot Five Stars\" width=\"150\" class=\"alignnone size-full wp-image-8350\" \/><br \/><strong>&#8222;Genial, eine Firma zu finden, die aus ein paar Fotos einen Ersatzschl\u00fcssel f\u00fcr ein altes Schloss herstellen kann.&#8220;<\/strong> &ndash; <a href=\"https:\/\/uk.trustpilot.com\/reviews\/5f46163402e8570814f9196b\" target=\"_blank\" rel=\"noopener\">Trustpilot<\/a><\/p>\n<\/div>\n<\/div>\n","protected":false},"excerpt":{"rendered":"<div id=\"discounttable\"><strong>2+ Schl\u00fcssel = 10% Rabatt<br \/>\n5+ Schl\u00fcssel = 16% Rabatt<br \/>\n10+ Schl\u00fcssel = 22% Rabatt<br \/>\n20+ Schl\u00fcssel = <a href=\"https:\/\/www.welovekeys.co.uk\/de\/hilfe\/\" target=\"_blank\" rel=\"noopener noreferrer\">schreiben Sie uns<\/a><br \/>Rabatt wird im Warenkorb gezeigt.<\/strong><\/div>\n","protected":false},"featured_media":10049,"template":"","meta":{"_et_pb_use_builder":"","_et_pb_old_content":"","_et_gb_content_width":""},"product_brand":[],"product_cat":[133,180,712],"product_tag":[],"class_list":{"0":"post-7221","1":"product","2":"type-product","3":"status-publish","4":"has-post-thumbnail","6":"product_cat-cisa-schlussel","7":"product_cat-tresor-schlussel","8":"product_cat-tur","9":"product_shipping_class-large-letter-de","11":"first","12":"instock","13":"taxable","14":"shipping-taxable","15":"purchasable","16":"product-type-simple"},"yoast_head":"<!-- This site is optimized with the Yoast SEO plugin v27.1.1 - https:\/\/yoast.com\/product\/yoast-seo-wordpress\/ -->\n<title>CISA-Doppelbartschl\u00fcssel online bestellen - We Love Keys<\/title>\n<meta name=\"description\" content=\"CISA-Doppelbartschl\u00fcssel online bestellen bei We Love Keys. Laden Sie einfach ein Foto Ihres Schl\u00fcssels hoch und wir machen eine Kopie!\" \/>\n<meta name=\"robots\" content=\"index, follow, max-snippet:-1, max-image-preview:large, max-video-preview:-1\" \/>\n<link rel=\"canonical\" href=\"https:\/\/www.welovekeys.co.uk\/de\/produkt\/cisa-doppelbartschlussel\/\" \/>\n<meta property=\"og:locale\" content=\"de_DE\" \/>\n<meta property=\"og:type\" content=\"article\" \/>\n<meta property=\"og:title\" content=\"CISA-Doppelbartschl\u00fcssel online bestellen - We Love Keys\" \/>\n<meta property=\"og:description\" content=\"CISA-Doppelbartschl\u00fcssel online bestellen bei We Love Keys. Laden Sie einfach ein Foto Ihres Schl\u00fcssels hoch und wir machen eine Kopie!\" \/>\n<meta property=\"og:url\" content=\"https:\/\/www.welovekeys.co.uk\/de\/produkt\/cisa-doppelbartschlussel\/\" \/>\n<meta property=\"og:site_name\" content=\"We Love Keys\" \/>\n<meta property=\"article:modified_time\" content=\"2021-06-06T13:36:17+00:00\" \/>\n<meta property=\"og:image\" content=\"https:\/\/www.welovekeys.co.uk\/wp-content\/uploads\/2021\/07\/210811-Cisa2.jpg\" \/>\n\t<meta property=\"og:image:width\" content=\"836\" \/>\n\t<meta property=\"og:image:height\" content=\"836\" \/>\n\t<meta property=\"og:image:type\" content=\"image\/jpeg\" \/>\n<meta name=\"twitter:card\" content=\"summary_large_image\" \/>\n<meta name=\"twitter:label1\" content=\"Gesch\u00e4tzte Lesezeit\" \/>\n\t<meta name=\"twitter:data1\" content=\"1\u00a0Minute\" \/>\n<script type=\"application\/ld+json\" class=\"yoast-schema-graph\">{\"@context\":\"https:\/\/schema.org\",\"@graph\":[{\"@type\":\"WebPage\",\"@id\":\"https:\/\/www.welovekeys.co.uk\/de\/produkt\/cisa-doppelbartschlussel\/\",\"url\":\"https:\/\/www.welovekeys.co.uk\/de\/produkt\/cisa-doppelbartschlussel\/\",\"name\":\"CISA-Doppelbartschl\u00fcssel online bestellen - We Love Keys\",\"isPartOf\":{\"@id\":\"https:\/\/www.welovekeys.co.uk\/de\/#website\"},\"primaryImageOfPage\":{\"@id\":\"https:\/\/www.welovekeys.co.uk\/de\/produkt\/cisa-doppelbartschlussel\/#primaryimage\"},\"image\":{\"@id\":\"https:\/\/www.welovekeys.co.uk\/de\/produkt\/cisa-doppelbartschlussel\/#primaryimage\"},\"thumbnailUrl\":\"https:\/\/www.welovekeys.co.uk\/wp-content\/uploads\/2021\/07\/210811-Cisa2.jpg\",\"datePublished\":\"2020-12-18T16:47:47+00:00\",\"dateModified\":\"2021-06-06T13:36:17+00:00\",\"description\":\"CISA-Doppelbartschl\u00fcssel online bestellen bei We Love Keys. Laden Sie einfach ein Foto Ihres Schl\u00fcssels hoch und wir machen eine Kopie!\",\"breadcrumb\":{\"@id\":\"https:\/\/www.welovekeys.co.uk\/de\/produkt\/cisa-doppelbartschlussel\/#breadcrumb\"},\"inLanguage\":\"de\",\"potentialAction\":[{\"@type\":\"ReadAction\",\"target\":[\"https:\/\/www.welovekeys.co.uk\/de\/produkt\/cisa-doppelbartschlussel\/\"]}]},{\"@type\":\"ImageObject\",\"inLanguage\":\"de\",\"@id\":\"https:\/\/www.welovekeys.co.uk\/de\/produkt\/cisa-doppelbartschlussel\/#primaryimage\",\"url\":\"https:\/\/www.welovekeys.co.uk\/wp-content\/uploads\/2021\/07\/210811-Cisa2.jpg\",\"contentUrl\":\"https:\/\/www.welovekeys.co.uk\/wp-content\/uploads\/2021\/07\/210811-Cisa2.jpg\",\"width\":836,\"height\":836,\"caption\":\"CISA Doppelbartschl\u00fcssel\"},{\"@type\":\"BreadcrumbList\",\"@id\":\"https:\/\/www.welovekeys.co.uk\/de\/produkt\/cisa-doppelbartschlussel\/#breadcrumb\",\"itemListElement\":[{\"@type\":\"ListItem\",\"position\":1,\"name\":\"Home\",\"item\":\"https:\/\/www.welovekeys.co.uk\/de\/startseite-2\/\"},{\"@type\":\"ListItem\",\"position\":2,\"name\":\"Shop\",\"item\":\"https:\/\/www.welovekeys.co.uk\/de\/shop\/\"},{\"@type\":\"ListItem\",\"position\":3,\"name\":\"CISA Doppelbartschl\u00fcssel\"}]},{\"@type\":\"WebSite\",\"@id\":\"https:\/\/www.welovekeys.co.uk\/de\/#website\",\"url\":\"https:\/\/www.welovekeys.co.uk\/de\/\",\"name\":\"We Love Keys\",\"description\":\"A marketplace for keys\",\"publisher\":{\"@id\":\"https:\/\/www.welovekeys.co.uk\/de\/#organization\"},\"potentialAction\":[{\"@type\":\"SearchAction\",\"target\":{\"@type\":\"EntryPoint\",\"urlTemplate\":\"https:\/\/www.welovekeys.co.uk\/de\/?s={search_term_string}\"},\"query-input\":{\"@type\":\"PropertyValueSpecification\",\"valueRequired\":true,\"valueName\":\"search_term_string\"}}],\"inLanguage\":\"de\"},{\"@type\":\"Organization\",\"@id\":\"https:\/\/www.welovekeys.co.uk\/de\/#organization\",\"name\":\"We Love Keys\",\"url\":\"https:\/\/www.welovekeys.co.uk\/de\/\",\"logo\":{\"@type\":\"ImageObject\",\"inLanguage\":\"de\",\"@id\":\"https:\/\/www.welovekeys.co.uk\/de\/#\/schema\/logo\/image\/\",\"url\":\"https:\/\/www.welovekeys.co.uk\/wp-content\/uploads\/2017\/06\/WE.png\",\"contentUrl\":\"https:\/\/www.welovekeys.co.uk\/wp-content\/uploads\/2017\/06\/WE.png\",\"width\":348,\"height\":66,\"caption\":\"We Love Keys\"},\"image\":{\"@id\":\"https:\/\/www.welovekeys.co.uk\/de\/#\/schema\/logo\/image\/\"}}]}<\/script>\n<!-- \/ Yoast SEO plugin. -->","yoast_head_json":{"title":"CISA-Doppelbartschl\u00fcssel online bestellen - We Love Keys","description":"CISA-Doppelbartschl\u00fcssel online bestellen bei We Love Keys. Laden Sie einfach ein Foto Ihres Schl\u00fcssels hoch und wir machen eine Kopie!","robots":{"index":"index","follow":"follow","max-snippet":"max-snippet:-1","max-image-preview":"max-image-preview:large","max-video-preview":"max-video-preview:-1"},"canonical":"https:\/\/www.welovekeys.co.uk\/de\/produkt\/cisa-doppelbartschlussel\/","og_locale":"de_DE","og_type":"article","og_title":"CISA-Doppelbartschl\u00fcssel online bestellen - We Love Keys","og_description":"CISA-Doppelbartschl\u00fcssel online bestellen bei We Love Keys. Laden Sie einfach ein Foto Ihres Schl\u00fcssels hoch und wir machen eine Kopie!","og_url":"https:\/\/www.welovekeys.co.uk\/de\/produkt\/cisa-doppelbartschlussel\/","og_site_name":"We Love Keys","article_modified_time":"2021-06-06T13:36:17+00:00","og_image":[{"width":836,"height":836,"url":"https:\/\/www.welovekeys.co.uk\/wp-content\/uploads\/2021\/07\/210811-Cisa2.jpg","type":"image\/jpeg"}],"twitter_card":"summary_large_image","twitter_misc":{"Gesch\u00e4tzte Lesezeit":"1\u00a0Minute"},"schema":{"@context":"https:\/\/schema.org","@graph":[{"@type":"WebPage","@id":"https:\/\/www.welovekeys.co.uk\/de\/produkt\/cisa-doppelbartschlussel\/","url":"https:\/\/www.welovekeys.co.uk\/de\/produkt\/cisa-doppelbartschlussel\/","name":"CISA-Doppelbartschl\u00fcssel online bestellen - We Love Keys","isPartOf":{"@id":"https:\/\/www.welovekeys.co.uk\/de\/#website"},"primaryImageOfPage":{"@id":"https:\/\/www.welovekeys.co.uk\/de\/produkt\/cisa-doppelbartschlussel\/#primaryimage"},"image":{"@id":"https:\/\/www.welovekeys.co.uk\/de\/produkt\/cisa-doppelbartschlussel\/#primaryimage"},"thumbnailUrl":"https:\/\/www.welovekeys.co.uk\/wp-content\/uploads\/2021\/07\/210811-Cisa2.jpg","datePublished":"2020-12-18T16:47:47+00:00","dateModified":"2021-06-06T13:36:17+00:00","description":"CISA-Doppelbartschl\u00fcssel online bestellen bei We Love Keys. Laden Sie einfach ein Foto Ihres Schl\u00fcssels hoch und wir machen eine Kopie!","breadcrumb":{"@id":"https:\/\/www.welovekeys.co.uk\/de\/produkt\/cisa-doppelbartschlussel\/#breadcrumb"},"inLanguage":"de","potentialAction":[{"@type":"ReadAction","target":["https:\/\/www.welovekeys.co.uk\/de\/produkt\/cisa-doppelbartschlussel\/"]}]},{"@type":"ImageObject","inLanguage":"de","@id":"https:\/\/www.welovekeys.co.uk\/de\/produkt\/cisa-doppelbartschlussel\/#primaryimage","url":"https:\/\/www.welovekeys.co.uk\/wp-content\/uploads\/2021\/07\/210811-Cisa2.jpg","contentUrl":"https:\/\/www.welovekeys.co.uk\/wp-content\/uploads\/2021\/07\/210811-Cisa2.jpg","width":836,"height":836,"caption":"CISA Doppelbartschl\u00fcssel"},{"@type":"BreadcrumbList","@id":"https:\/\/www.welovekeys.co.uk\/de\/produkt\/cisa-doppelbartschlussel\/#breadcrumb","itemListElement":[{"@type":"ListItem","position":1,"name":"Home","item":"https:\/\/www.welovekeys.co.uk\/de\/startseite-2\/"},{"@type":"ListItem","position":2,"name":"Shop","item":"https:\/\/www.welovekeys.co.uk\/de\/shop\/"},{"@type":"ListItem","position":3,"name":"CISA Doppelbartschl\u00fcssel"}]},{"@type":"WebSite","@id":"https:\/\/www.welovekeys.co.uk\/de\/#website","url":"https:\/\/www.welovekeys.co.uk\/de\/","name":"We Love Keys","description":"A marketplace for keys","publisher":{"@id":"https:\/\/www.welovekeys.co.uk\/de\/#organization"},"potentialAction":[{"@type":"SearchAction","target":{"@type":"EntryPoint","urlTemplate":"https:\/\/www.welovekeys.co.uk\/de\/?s={search_term_string}"},"query-input":{"@type":"PropertyValueSpecification","valueRequired":true,"valueName":"search_term_string"}}],"inLanguage":"de"},{"@type":"Organization","@id":"https:\/\/www.welovekeys.co.uk\/de\/#organization","name":"We Love Keys","url":"https:\/\/www.welovekeys.co.uk\/de\/","logo":{"@type":"ImageObject","inLanguage":"de","@id":"https:\/\/www.welovekeys.co.uk\/de\/#\/schema\/logo\/image\/","url":"https:\/\/www.welovekeys.co.uk\/wp-content\/uploads\/2017\/06\/WE.png","contentUrl":"https:\/\/www.welovekeys.co.uk\/wp-content\/uploads\/2017\/06\/WE.png","width":348,"height":66,"caption":"We Love Keys"},"image":{"@id":"https:\/\/www.welovekeys.co.uk\/de\/#\/schema\/logo\/image\/"}}]}},"_links":{"self":[{"href":"https:\/\/www.welovekeys.co.uk\/de\/wp-json\/wp\/v2\/product\/7221","targetHints":{"allow":["GET"]}}],"collection":[{"href":"https:\/\/www.welovekeys.co.uk\/de\/wp-json\/wp\/v2\/product"}],"about":[{"href":"https:\/\/www.welovekeys.co.uk\/de\/wp-json\/wp\/v2\/types\/product"}],"wp:featuredmedia":[{"embeddable":true,"href":"https:\/\/www.welovekeys.co.uk\/de\/wp-json\/wp\/v2\/media\/10049"}],"wp:attachment":[{"href":"https:\/\/www.welovekeys.co.uk\/de\/wp-json\/wp\/v2\/media?parent=7221"}],"wp:term":[{"taxonomy":"product_brand","embeddable":true,"href":"https:\/\/www.welovekeys.co.uk\/de\/wp-json\/wp\/v2\/product_brand?post=7221"},{"taxonomy":"product_cat","embeddable":true,"href":"https:\/\/www.welovekeys.co.uk\/de\/wp-json\/wp\/v2\/product_cat?post=7221"},{"taxonomy":"product_tag","embeddable":true,"href":"https:\/\/www.welovekeys.co.uk\/de\/wp-json\/wp\/v2\/product_tag?post=7221"}],"curies":[{"name":"wp","href":"https:\/\/api.w.org\/{rel}","templated":true}]}}