{"id":7143,"date":"2020-12-15T15:24:44","date_gmt":"2020-12-15T15:24:44","guid":{"rendered":"https:\/\/www.welovekeys.co.uk\/?post_type=product&#038;p=7143"},"modified":"2020-12-15T15:34:24","modified_gmt":"2020-12-15T15:34:24","slug":"abus-fensterschlussel-ab210-fg210","status":"publish","type":"product","link":"https:\/\/www.welovekeys.co.uk\/de\/produkt\/abus-fensterschlussel-ab210-fg210\/","title":{"rendered":"ABUS Fensterschl\u00fcssel AB210 FG210"},"content":{"rendered":"<p>Bestellen Sie heute ABUS-Fensterschl\u00fcssel online mit We Love Keys!<\/p>\n<p>Auf dieser Seite k\u00f6nnen Sie den ABUS AB210 Fensterschl\u00fcssel bestellen, der im abschlie\u00dfbaren Fenstergriff FG210 verwendet wird. Dieser Fenstergriff ist in ganz Deutschland und ganz Europa verbreitet (siehe oben f\u00fcr ein Bild des Griffs).<\/p>\n<p>W\u00e4hlen Sie einfach oben die Anzahl der AB210-Fensterschl\u00fcssel aus, die Sie brauchen, und wir erledigen den Rest!<\/p>\n<p><strong><em>Versand aller ABUS-Fensterschl\u00fcssel am selben Tag, wenn an einem Werktag bis 15 Uhr bestellt.<\/em><\/strong><\/p>\n","protected":false},"excerpt":{"rendered":"<div id=\"discounttable\"><strong>2+ Schl\u00fcssel = 10% Rabatt<br \/>\n5+ Schl\u00fcssel = 16% Rabatt<br \/>\n10+ Schl\u00fcssel = 22% Rabatt<br \/>\n20+ Schl\u00fcssel = <a href=\"https:\/\/www.welovekeys.co.uk\/de\/hilfe\/\" target=\"_blank\" rel=\"noopener noreferrer\">schreiben Sie uns<\/a><br \/>Rabatt wird im Warenkorb gezeigt.<\/strong><\/div>\n","protected":false},"featured_media":9698,"template":"","meta":{"_et_pb_use_builder":"","_et_pb_old_content":"","_et_gb_content_width":""},"product_brand":[],"product_cat":[61,743,722,741],"product_tag":[],"class_list":{"0":"post-7143","1":"product","2":"type-product","3":"status-publish","4":"has-post-thumbnail","6":"product_cat-abus-schlussel","7":"product_cat-double-sided-de","8":"product_cat-fenster","9":"product_cat-zylinderschlussel","10":"product_shipping_class-env-de","12":"first","13":"instock","14":"taxable","15":"shipping-taxable","16":"purchasable","17":"product-type-simple"},"yoast_head":"<!-- This site is optimized with the Yoast SEO plugin v27.4 - https:\/\/yoast.com\/product\/yoast-seo-wordpress\/ -->\n<title>AB210 ABUS Fensterschl\u00fcssel f\u00fcr FG210 Griff - We Love Keys<\/title>\n<meta name=\"description\" content=\"Bestellen Sie ABUS Fensterschl\u00fcssel online mit We Love Keys! AB210 Schl\u00fcssel f\u00fcr abschlie\u00dfbaren Fenstergriff FG210. Niedrige Preise!\" \/>\n<meta name=\"robots\" content=\"index, follow, max-snippet:-1, max-image-preview:large, max-video-preview:-1\" \/>\n<link rel=\"canonical\" href=\"https:\/\/www.welovekeys.co.uk\/de\/produkt\/abus-fensterschlussel-ab210-fg210\/\" \/>\n<meta property=\"og:locale\" content=\"de_DE\" \/>\n<meta property=\"og:type\" content=\"article\" \/>\n<meta property=\"og:title\" content=\"AB210 ABUS Fensterschl\u00fcssel f\u00fcr FG210 Griff - We Love Keys\" \/>\n<meta property=\"og:description\" content=\"Bestellen Sie ABUS Fensterschl\u00fcssel online mit We Love Keys! AB210 Schl\u00fcssel f\u00fcr abschlie\u00dfbaren Fenstergriff FG210. Niedrige Preise!\" \/>\n<meta property=\"og:url\" content=\"https:\/\/www.welovekeys.co.uk\/de\/produkt\/abus-fensterschlussel-ab210-fg210\/\" \/>\n<meta property=\"og:site_name\" content=\"We Love Keys\" \/>\n<meta property=\"article:modified_time\" content=\"2020-12-15T15:34:24+00:00\" \/>\n<meta property=\"og:image\" content=\"https:\/\/www.welovekeys.co.uk\/wp-content\/uploads\/2020\/12\/a-1.jpg\" \/>\n\t<meta property=\"og:image:width\" content=\"713\" \/>\n\t<meta property=\"og:image:height\" content=\"713\" \/>\n\t<meta property=\"og:image:type\" content=\"image\/jpeg\" \/>\n<meta name=\"twitter:card\" content=\"summary_large_image\" \/>\n<script type=\"application\/ld+json\" class=\"yoast-schema-graph\">{\"@context\":\"https:\\\/\\\/schema.org\",\"@graph\":[{\"@type\":\"WebPage\",\"@id\":\"https:\\\/\\\/www.welovekeys.co.uk\\\/de\\\/produkt\\\/abus-fensterschlussel-ab210-fg210\\\/\",\"url\":\"https:\\\/\\\/www.welovekeys.co.uk\\\/de\\\/produkt\\\/abus-fensterschlussel-ab210-fg210\\\/\",\"name\":\"AB210 ABUS Fensterschl\u00fcssel f\u00fcr FG210 Griff - We Love Keys\",\"isPartOf\":{\"@id\":\"https:\\\/\\\/www.welovekeys.co.uk\\\/de\\\/#website\"},\"primaryImageOfPage\":{\"@id\":\"https:\\\/\\\/www.welovekeys.co.uk\\\/de\\\/produkt\\\/abus-fensterschlussel-ab210-fg210\\\/#primaryimage\"},\"image\":{\"@id\":\"https:\\\/\\\/www.welovekeys.co.uk\\\/de\\\/produkt\\\/abus-fensterschlussel-ab210-fg210\\\/#primaryimage\"},\"thumbnailUrl\":\"https:\\\/\\\/www.welovekeys.co.uk\\\/wp-content\\\/uploads\\\/2020\\\/12\\\/a-1.jpg\",\"datePublished\":\"2020-12-15T15:24:44+00:00\",\"dateModified\":\"2020-12-15T15:34:24+00:00\",\"description\":\"Bestellen Sie ABUS Fensterschl\u00fcssel online mit We Love Keys! AB210 Schl\u00fcssel f\u00fcr abschlie\u00dfbaren Fenstergriff FG210. Niedrige Preise!\",\"breadcrumb\":{\"@id\":\"https:\\\/\\\/www.welovekeys.co.uk\\\/de\\\/produkt\\\/abus-fensterschlussel-ab210-fg210\\\/#breadcrumb\"},\"inLanguage\":\"de\",\"potentialAction\":[{\"@type\":\"ReadAction\",\"target\":[\"https:\\\/\\\/www.welovekeys.co.uk\\\/de\\\/produkt\\\/abus-fensterschlussel-ab210-fg210\\\/\"]}]},{\"@type\":\"ImageObject\",\"inLanguage\":\"de\",\"@id\":\"https:\\\/\\\/www.welovekeys.co.uk\\\/de\\\/produkt\\\/abus-fensterschlussel-ab210-fg210\\\/#primaryimage\",\"url\":\"https:\\\/\\\/www.welovekeys.co.uk\\\/wp-content\\\/uploads\\\/2020\\\/12\\\/a-1.jpg\",\"contentUrl\":\"https:\\\/\\\/www.welovekeys.co.uk\\\/wp-content\\\/uploads\\\/2020\\\/12\\\/a-1.jpg\",\"width\":713,\"height\":713,\"caption\":\"ABUS Window Key\"},{\"@type\":\"BreadcrumbList\",\"@id\":\"https:\\\/\\\/www.welovekeys.co.uk\\\/de\\\/produkt\\\/abus-fensterschlussel-ab210-fg210\\\/#breadcrumb\",\"itemListElement\":[{\"@type\":\"ListItem\",\"position\":1,\"name\":\"Home\",\"item\":\"https:\\\/\\\/www.welovekeys.co.uk\\\/de\\\/startseite-2\\\/\"},{\"@type\":\"ListItem\",\"position\":2,\"name\":\"Shop\",\"item\":\"https:\\\/\\\/www.welovekeys.co.uk\\\/de\\\/shop\\\/\"},{\"@type\":\"ListItem\",\"position\":3,\"name\":\"ABUS Fensterschl\u00fcssel AB210 FG210\"}]},{\"@type\":\"WebSite\",\"@id\":\"https:\\\/\\\/www.welovekeys.co.uk\\\/de\\\/#website\",\"url\":\"https:\\\/\\\/www.welovekeys.co.uk\\\/de\\\/\",\"name\":\"We Love Keys\",\"description\":\"A marketplace for keys\",\"publisher\":{\"@id\":\"https:\\\/\\\/www.welovekeys.co.uk\\\/de\\\/#organization\"},\"potentialAction\":[{\"@type\":\"SearchAction\",\"target\":{\"@type\":\"EntryPoint\",\"urlTemplate\":\"https:\\\/\\\/www.welovekeys.co.uk\\\/de\\\/?s={search_term_string}\"},\"query-input\":{\"@type\":\"PropertyValueSpecification\",\"valueRequired\":true,\"valueName\":\"search_term_string\"}}],\"inLanguage\":\"de\"},{\"@type\":\"Organization\",\"@id\":\"https:\\\/\\\/www.welovekeys.co.uk\\\/de\\\/#organization\",\"name\":\"We Love Keys\",\"url\":\"https:\\\/\\\/www.welovekeys.co.uk\\\/de\\\/\",\"logo\":{\"@type\":\"ImageObject\",\"inLanguage\":\"de\",\"@id\":\"https:\\\/\\\/www.welovekeys.co.uk\\\/de\\\/#\\\/schema\\\/logo\\\/image\\\/\",\"url\":\"https:\\\/\\\/www.welovekeys.co.uk\\\/wp-content\\\/uploads\\\/2017\\\/06\\\/WE.png\",\"contentUrl\":\"https:\\\/\\\/www.welovekeys.co.uk\\\/wp-content\\\/uploads\\\/2017\\\/06\\\/WE.png\",\"width\":348,\"height\":66,\"caption\":\"We Love Keys\"},\"image\":{\"@id\":\"https:\\\/\\\/www.welovekeys.co.uk\\\/de\\\/#\\\/schema\\\/logo\\\/image\\\/\"}}]}<\/script>\n<!-- \/ Yoast SEO plugin. -->","yoast_head_json":{"title":"AB210 ABUS Fensterschl\u00fcssel f\u00fcr FG210 Griff - We Love Keys","description":"Bestellen Sie ABUS Fensterschl\u00fcssel online mit We Love Keys! AB210 Schl\u00fcssel f\u00fcr abschlie\u00dfbaren Fenstergriff FG210. Niedrige Preise!","robots":{"index":"index","follow":"follow","max-snippet":"max-snippet:-1","max-image-preview":"max-image-preview:large","max-video-preview":"max-video-preview:-1"},"canonical":"https:\/\/www.welovekeys.co.uk\/de\/produkt\/abus-fensterschlussel-ab210-fg210\/","og_locale":"de_DE","og_type":"article","og_title":"AB210 ABUS Fensterschl\u00fcssel f\u00fcr FG210 Griff - We Love Keys","og_description":"Bestellen Sie ABUS Fensterschl\u00fcssel online mit We Love Keys! AB210 Schl\u00fcssel f\u00fcr abschlie\u00dfbaren Fenstergriff FG210. Niedrige Preise!","og_url":"https:\/\/www.welovekeys.co.uk\/de\/produkt\/abus-fensterschlussel-ab210-fg210\/","og_site_name":"We Love Keys","article_modified_time":"2020-12-15T15:34:24+00:00","og_image":[{"width":713,"height":713,"url":"https:\/\/www.welovekeys.co.uk\/wp-content\/uploads\/2020\/12\/a-1.jpg","type":"image\/jpeg"}],"twitter_card":"summary_large_image","schema":{"@context":"https:\/\/schema.org","@graph":[{"@type":"WebPage","@id":"https:\/\/www.welovekeys.co.uk\/de\/produkt\/abus-fensterschlussel-ab210-fg210\/","url":"https:\/\/www.welovekeys.co.uk\/de\/produkt\/abus-fensterschlussel-ab210-fg210\/","name":"AB210 ABUS Fensterschl\u00fcssel f\u00fcr FG210 Griff - We Love Keys","isPartOf":{"@id":"https:\/\/www.welovekeys.co.uk\/de\/#website"},"primaryImageOfPage":{"@id":"https:\/\/www.welovekeys.co.uk\/de\/produkt\/abus-fensterschlussel-ab210-fg210\/#primaryimage"},"image":{"@id":"https:\/\/www.welovekeys.co.uk\/de\/produkt\/abus-fensterschlussel-ab210-fg210\/#primaryimage"},"thumbnailUrl":"https:\/\/www.welovekeys.co.uk\/wp-content\/uploads\/2020\/12\/a-1.jpg","datePublished":"2020-12-15T15:24:44+00:00","dateModified":"2020-12-15T15:34:24+00:00","description":"Bestellen Sie ABUS Fensterschl\u00fcssel online mit We Love Keys! AB210 Schl\u00fcssel f\u00fcr abschlie\u00dfbaren Fenstergriff FG210. Niedrige Preise!","breadcrumb":{"@id":"https:\/\/www.welovekeys.co.uk\/de\/produkt\/abus-fensterschlussel-ab210-fg210\/#breadcrumb"},"inLanguage":"de","potentialAction":[{"@type":"ReadAction","target":["https:\/\/www.welovekeys.co.uk\/de\/produkt\/abus-fensterschlussel-ab210-fg210\/"]}]},{"@type":"ImageObject","inLanguage":"de","@id":"https:\/\/www.welovekeys.co.uk\/de\/produkt\/abus-fensterschlussel-ab210-fg210\/#primaryimage","url":"https:\/\/www.welovekeys.co.uk\/wp-content\/uploads\/2020\/12\/a-1.jpg","contentUrl":"https:\/\/www.welovekeys.co.uk\/wp-content\/uploads\/2020\/12\/a-1.jpg","width":713,"height":713,"caption":"ABUS Window Key"},{"@type":"BreadcrumbList","@id":"https:\/\/www.welovekeys.co.uk\/de\/produkt\/abus-fensterschlussel-ab210-fg210\/#breadcrumb","itemListElement":[{"@type":"ListItem","position":1,"name":"Home","item":"https:\/\/www.welovekeys.co.uk\/de\/startseite-2\/"},{"@type":"ListItem","position":2,"name":"Shop","item":"https:\/\/www.welovekeys.co.uk\/de\/shop\/"},{"@type":"ListItem","position":3,"name":"ABUS Fensterschl\u00fcssel AB210 FG210"}]},{"@type":"WebSite","@id":"https:\/\/www.welovekeys.co.uk\/de\/#website","url":"https:\/\/www.welovekeys.co.uk\/de\/","name":"We Love Keys","description":"A marketplace for keys","publisher":{"@id":"https:\/\/www.welovekeys.co.uk\/de\/#organization"},"potentialAction":[{"@type":"SearchAction","target":{"@type":"EntryPoint","urlTemplate":"https:\/\/www.welovekeys.co.uk\/de\/?s={search_term_string}"},"query-input":{"@type":"PropertyValueSpecification","valueRequired":true,"valueName":"search_term_string"}}],"inLanguage":"de"},{"@type":"Organization","@id":"https:\/\/www.welovekeys.co.uk\/de\/#organization","name":"We Love Keys","url":"https:\/\/www.welovekeys.co.uk\/de\/","logo":{"@type":"ImageObject","inLanguage":"de","@id":"https:\/\/www.welovekeys.co.uk\/de\/#\/schema\/logo\/image\/","url":"https:\/\/www.welovekeys.co.uk\/wp-content\/uploads\/2017\/06\/WE.png","contentUrl":"https:\/\/www.welovekeys.co.uk\/wp-content\/uploads\/2017\/06\/WE.png","width":348,"height":66,"caption":"We Love Keys"},"image":{"@id":"https:\/\/www.welovekeys.co.uk\/de\/#\/schema\/logo\/image\/"}}]}},"_links":{"self":[{"href":"https:\/\/www.welovekeys.co.uk\/de\/wp-json\/wp\/v2\/product\/7143","targetHints":{"allow":["GET"]}}],"collection":[{"href":"https:\/\/www.welovekeys.co.uk\/de\/wp-json\/wp\/v2\/product"}],"about":[{"href":"https:\/\/www.welovekeys.co.uk\/de\/wp-json\/wp\/v2\/types\/product"}],"wp:featuredmedia":[{"embeddable":true,"href":"https:\/\/www.welovekeys.co.uk\/de\/wp-json\/wp\/v2\/media\/9698"}],"wp:attachment":[{"href":"https:\/\/www.welovekeys.co.uk\/de\/wp-json\/wp\/v2\/media?parent=7143"}],"wp:term":[{"taxonomy":"product_brand","embeddable":true,"href":"https:\/\/www.welovekeys.co.uk\/de\/wp-json\/wp\/v2\/product_brand?post=7143"},{"taxonomy":"product_cat","embeddable":true,"href":"https:\/\/www.welovekeys.co.uk\/de\/wp-json\/wp\/v2\/product_cat?post=7143"},{"taxonomy":"product_tag","embeddable":true,"href":"https:\/\/www.welovekeys.co.uk\/de\/wp-json\/wp\/v2\/product_tag?post=7143"}],"curies":[{"name":"wp","href":"https:\/\/api.w.org\/{rel}","templated":true}]}}