{"id":5824,"date":"2019-10-18T12:51:45","date_gmt":"2019-10-18T12:51:45","guid":{"rendered":"https:\/\/www.welovekeys.co.uk\/product\/camlock-rohrschlussel\/"},"modified":"2022-06-08T15:31:47","modified_gmt":"2022-06-08T14:31:47","slug":"camlock-rohrschlussel","status":"publish","type":"product","link":"https:\/\/www.welovekeys.co.uk\/de\/produkt\/camlock-rohrschlussel\/","title":{"rendered":"Camlock-Rohrschl\u00fcssel"},"content":{"rendered":"<p>Die Rohrschl\u00fcssel von Camlock Systems haben alle Arten von Anwendungen. Sie sind besonders h\u00e4ufig in Verkaufsautomaten, Schaltschr\u00e4nken, Parkpoller, und Chargemaster-Ladestationen f\u00fcr Elektrofahrzeuge.<\/p>\n<p>Codes haben normalerweise das Format R, T, 8T oder H, gefolgt von 5 Ziffern, z.B. R23728. Manchmal k\u00f6nnen sie vollst\u00e4ndig aus Zahlen bestehen, z.B. 70200.<\/p>\n<blockquote>\n<p><strong>Geben Sie einfach den Code des gew\u00fcnschten Schl\u00fcssels in das Feld oben ein und wir erledigen den Rest!<\/strong><\/p>\n<\/blockquote>\n<p>Wenn Ihr Schl\u00fcsselcode A444 ist, dann <a href=\"https:\/\/www.welovekeys.co.uk\/de\/produkt\/camlock-schlussel-nr-a444\/\"><strong>klicken Sie hier<\/strong><\/a>.<\/p>\n<p>Wenn Sie sich nicht sicher sind, <a href=\"https:\/\/www.welovekeys.co.uk\/de\/produkt\/ich-weiss-nicht-welchen-camlock-schlussel-zu-wahlen\/\"><strong>setzen Sie sich mit uns in Verbindung<\/strong><\/a>. Wir werden uns umgehend mit weiteren Informationen bei Ihnen melden.<\/p>\n<p><em><strong>Bestellungen f\u00fcr Camlock-R\u00f6hrenschl\u00fcssel dauern in der Regel 1-2 Wochen. Sie k\u00f6nnen bis zu vier Wochen dauern.<\/strong><\/em><\/p>\n<p><em>Gelegentlich k\u00f6nnen zus\u00e4tzliche Berechtigungen erforderlich sein.<\/em><\/p>\n","protected":false},"excerpt":{"rendered":"<div id=\"discounttable\"><strong>2+ Schl\u00fcssel = 10% Rabatt<br \/>\n5+ Schl\u00fcssel = 16% Rabatt<br \/>\n10+ Schl\u00fcssel = 22% Rabatt<br \/>\n20+ Schl\u00fcssel = <a href=\"https:\/\/www.welovekeys.co.uk\/de\/hilfe\/\" target=\"_blank\" rel=\"noopener noreferrer\">schreiben Sie uns<\/a><br \/>Rabatt wird im Warenkorb gezeigt.<\/strong><\/div>\n","protected":false},"featured_media":13755,"template":"","meta":{"_et_pb_use_builder":"on","_et_pb_old_content":"","_et_gb_content_width":""},"product_brand":[],"product_cat":[753,185,176,718,720],"product_tag":[],"class_list":{"0":"post-5824","1":"product","2":"type-product","3":"status-publish","4":"has-post-thumbnail","6":"product_cat-bahnschlussel","7":"product_cat-camlock-schlussel","8":"product_cat-rohrschlussel","9":"product_cat-spezial","10":"product_cat-tresor","11":"product_shipping_class-large-letter-de","13":"first","14":"instock","15":"taxable","16":"shipping-taxable","17":"purchasable","18":"product-type-simple"},"yoast_head":"<!-- This site is optimized with the Yoast SEO plugin v27.4 - https:\/\/yoast.com\/product\/yoast-seo-wordpress\/ -->\n<title>Camlock R\u00f6hrenschl\u00fcssel online bestellen bei We Love Keys<\/title>\n<meta name=\"description\" content=\"Bestellen Sie Ihre Camlock Systems-Schl\u00fcssel noch heute online! Schneller Versand, niedrige Preise, hervorragende Kundenbetreuung!\" \/>\n<meta name=\"robots\" content=\"index, follow, max-snippet:-1, max-image-preview:large, max-video-preview:-1\" \/>\n<link rel=\"canonical\" href=\"https:\/\/www.welovekeys.co.uk\/de\/produkt\/camlock-rohrschlussel\/\" \/>\n<meta property=\"og:locale\" content=\"de_DE\" \/>\n<meta property=\"og:type\" content=\"article\" \/>\n<meta property=\"og:title\" content=\"Camlock R\u00f6hrenschl\u00fcssel online bestellen bei We Love Keys\" \/>\n<meta property=\"og:description\" content=\"Bestellen Sie Ihre Camlock Systems-Schl\u00fcssel noch heute online! Schneller Versand, niedrige Preise, hervorragende Kundenbetreuung!\" \/>\n<meta property=\"og:url\" content=\"https:\/\/www.welovekeys.co.uk\/de\/produkt\/camlock-rohrschlussel\/\" \/>\n<meta property=\"og:site_name\" content=\"We Love Keys\" \/>\n<meta property=\"article:modified_time\" content=\"2022-06-08T14:31:47+00:00\" \/>\n<meta property=\"og:image\" content=\"https:\/\/www.welovekeys.co.uk\/wp-content\/uploads\/2019\/10\/Camlock-1.jpeg\" \/>\n\t<meta property=\"og:image:width\" content=\"600\" \/>\n\t<meta property=\"og:image:height\" content=\"600\" \/>\n\t<meta property=\"og:image:type\" content=\"image\/jpeg\" \/>\n<meta name=\"twitter:card\" content=\"summary_large_image\" \/>\n<meta name=\"twitter:label1\" content=\"Gesch\u00e4tzte Lesezeit\" \/>\n\t<meta name=\"twitter:data1\" content=\"1\u00a0Minute\" \/>\n<script type=\"application\/ld+json\" class=\"yoast-schema-graph\">{\"@context\":\"https:\\\/\\\/schema.org\",\"@graph\":[{\"@type\":\"WebPage\",\"@id\":\"https:\\\/\\\/www.welovekeys.co.uk\\\/de\\\/produkt\\\/camlock-rohrschlussel\\\/\",\"url\":\"https:\\\/\\\/www.welovekeys.co.uk\\\/de\\\/produkt\\\/camlock-rohrschlussel\\\/\",\"name\":\"Camlock R\u00f6hrenschl\u00fcssel online bestellen bei We Love Keys\",\"isPartOf\":{\"@id\":\"https:\\\/\\\/www.welovekeys.co.uk\\\/de\\\/#website\"},\"primaryImageOfPage\":{\"@id\":\"https:\\\/\\\/www.welovekeys.co.uk\\\/de\\\/produkt\\\/camlock-rohrschlussel\\\/#primaryimage\"},\"image\":{\"@id\":\"https:\\\/\\\/www.welovekeys.co.uk\\\/de\\\/produkt\\\/camlock-rohrschlussel\\\/#primaryimage\"},\"thumbnailUrl\":\"https:\\\/\\\/www.welovekeys.co.uk\\\/wp-content\\\/uploads\\\/2019\\\/10\\\/Camlock-1.jpeg\",\"datePublished\":\"2019-10-18T12:51:45+00:00\",\"dateModified\":\"2022-06-08T14:31:47+00:00\",\"description\":\"Bestellen Sie Ihre Camlock Systems-Schl\u00fcssel noch heute online! Schneller Versand, niedrige Preise, hervorragende Kundenbetreuung!\",\"breadcrumb\":{\"@id\":\"https:\\\/\\\/www.welovekeys.co.uk\\\/de\\\/produkt\\\/camlock-rohrschlussel\\\/#breadcrumb\"},\"inLanguage\":\"de\",\"potentialAction\":[{\"@type\":\"ReadAction\",\"target\":[\"https:\\\/\\\/www.welovekeys.co.uk\\\/de\\\/produkt\\\/camlock-rohrschlussel\\\/\"]}]},{\"@type\":\"ImageObject\",\"inLanguage\":\"de\",\"@id\":\"https:\\\/\\\/www.welovekeys.co.uk\\\/de\\\/produkt\\\/camlock-rohrschlussel\\\/#primaryimage\",\"url\":\"https:\\\/\\\/www.welovekeys.co.uk\\\/wp-content\\\/uploads\\\/2019\\\/10\\\/Camlock-1.jpeg\",\"contentUrl\":\"https:\\\/\\\/www.welovekeys.co.uk\\\/wp-content\\\/uploads\\\/2019\\\/10\\\/Camlock-1.jpeg\",\"width\":600,\"height\":600,\"caption\":\"Camlock Systems tubular key\"},{\"@type\":\"BreadcrumbList\",\"@id\":\"https:\\\/\\\/www.welovekeys.co.uk\\\/de\\\/produkt\\\/camlock-rohrschlussel\\\/#breadcrumb\",\"itemListElement\":[{\"@type\":\"ListItem\",\"position\":1,\"name\":\"Home\",\"item\":\"https:\\\/\\\/www.welovekeys.co.uk\\\/de\\\/startseite-2\\\/\"},{\"@type\":\"ListItem\",\"position\":2,\"name\":\"Shop\",\"item\":\"https:\\\/\\\/www.welovekeys.co.uk\\\/de\\\/shop\\\/\"},{\"@type\":\"ListItem\",\"position\":3,\"name\":\"Camlock-Rohrschl\u00fcssel\"}]},{\"@type\":\"WebSite\",\"@id\":\"https:\\\/\\\/www.welovekeys.co.uk\\\/de\\\/#website\",\"url\":\"https:\\\/\\\/www.welovekeys.co.uk\\\/de\\\/\",\"name\":\"We Love Keys\",\"description\":\"A marketplace for keys\",\"publisher\":{\"@id\":\"https:\\\/\\\/www.welovekeys.co.uk\\\/de\\\/#organization\"},\"potentialAction\":[{\"@type\":\"SearchAction\",\"target\":{\"@type\":\"EntryPoint\",\"urlTemplate\":\"https:\\\/\\\/www.welovekeys.co.uk\\\/de\\\/?s={search_term_string}\"},\"query-input\":{\"@type\":\"PropertyValueSpecification\",\"valueRequired\":true,\"valueName\":\"search_term_string\"}}],\"inLanguage\":\"de\"},{\"@type\":\"Organization\",\"@id\":\"https:\\\/\\\/www.welovekeys.co.uk\\\/de\\\/#organization\",\"name\":\"We Love Keys\",\"url\":\"https:\\\/\\\/www.welovekeys.co.uk\\\/de\\\/\",\"logo\":{\"@type\":\"ImageObject\",\"inLanguage\":\"de\",\"@id\":\"https:\\\/\\\/www.welovekeys.co.uk\\\/de\\\/#\\\/schema\\\/logo\\\/image\\\/\",\"url\":\"https:\\\/\\\/www.welovekeys.co.uk\\\/wp-content\\\/uploads\\\/2017\\\/06\\\/WE.png\",\"contentUrl\":\"https:\\\/\\\/www.welovekeys.co.uk\\\/wp-content\\\/uploads\\\/2017\\\/06\\\/WE.png\",\"width\":348,\"height\":66,\"caption\":\"We Love Keys\"},\"image\":{\"@id\":\"https:\\\/\\\/www.welovekeys.co.uk\\\/de\\\/#\\\/schema\\\/logo\\\/image\\\/\"}}]}<\/script>\n<!-- \/ Yoast SEO plugin. -->","yoast_head_json":{"title":"Camlock R\u00f6hrenschl\u00fcssel online bestellen bei We Love Keys","description":"Bestellen Sie Ihre Camlock Systems-Schl\u00fcssel noch heute online! Schneller Versand, niedrige Preise, hervorragende Kundenbetreuung!","robots":{"index":"index","follow":"follow","max-snippet":"max-snippet:-1","max-image-preview":"max-image-preview:large","max-video-preview":"max-video-preview:-1"},"canonical":"https:\/\/www.welovekeys.co.uk\/de\/produkt\/camlock-rohrschlussel\/","og_locale":"de_DE","og_type":"article","og_title":"Camlock R\u00f6hrenschl\u00fcssel online bestellen bei We Love Keys","og_description":"Bestellen Sie Ihre Camlock Systems-Schl\u00fcssel noch heute online! Schneller Versand, niedrige Preise, hervorragende Kundenbetreuung!","og_url":"https:\/\/www.welovekeys.co.uk\/de\/produkt\/camlock-rohrschlussel\/","og_site_name":"We Love Keys","article_modified_time":"2022-06-08T14:31:47+00:00","og_image":[{"width":600,"height":600,"url":"https:\/\/www.welovekeys.co.uk\/wp-content\/uploads\/2019\/10\/Camlock-1.jpeg","type":"image\/jpeg"}],"twitter_card":"summary_large_image","twitter_misc":{"Gesch\u00e4tzte Lesezeit":"1\u00a0Minute"},"schema":{"@context":"https:\/\/schema.org","@graph":[{"@type":"WebPage","@id":"https:\/\/www.welovekeys.co.uk\/de\/produkt\/camlock-rohrschlussel\/","url":"https:\/\/www.welovekeys.co.uk\/de\/produkt\/camlock-rohrschlussel\/","name":"Camlock R\u00f6hrenschl\u00fcssel online bestellen bei We Love Keys","isPartOf":{"@id":"https:\/\/www.welovekeys.co.uk\/de\/#website"},"primaryImageOfPage":{"@id":"https:\/\/www.welovekeys.co.uk\/de\/produkt\/camlock-rohrschlussel\/#primaryimage"},"image":{"@id":"https:\/\/www.welovekeys.co.uk\/de\/produkt\/camlock-rohrschlussel\/#primaryimage"},"thumbnailUrl":"https:\/\/www.welovekeys.co.uk\/wp-content\/uploads\/2019\/10\/Camlock-1.jpeg","datePublished":"2019-10-18T12:51:45+00:00","dateModified":"2022-06-08T14:31:47+00:00","description":"Bestellen Sie Ihre Camlock Systems-Schl\u00fcssel noch heute online! Schneller Versand, niedrige Preise, hervorragende Kundenbetreuung!","breadcrumb":{"@id":"https:\/\/www.welovekeys.co.uk\/de\/produkt\/camlock-rohrschlussel\/#breadcrumb"},"inLanguage":"de","potentialAction":[{"@type":"ReadAction","target":["https:\/\/www.welovekeys.co.uk\/de\/produkt\/camlock-rohrschlussel\/"]}]},{"@type":"ImageObject","inLanguage":"de","@id":"https:\/\/www.welovekeys.co.uk\/de\/produkt\/camlock-rohrschlussel\/#primaryimage","url":"https:\/\/www.welovekeys.co.uk\/wp-content\/uploads\/2019\/10\/Camlock-1.jpeg","contentUrl":"https:\/\/www.welovekeys.co.uk\/wp-content\/uploads\/2019\/10\/Camlock-1.jpeg","width":600,"height":600,"caption":"Camlock Systems tubular key"},{"@type":"BreadcrumbList","@id":"https:\/\/www.welovekeys.co.uk\/de\/produkt\/camlock-rohrschlussel\/#breadcrumb","itemListElement":[{"@type":"ListItem","position":1,"name":"Home","item":"https:\/\/www.welovekeys.co.uk\/de\/startseite-2\/"},{"@type":"ListItem","position":2,"name":"Shop","item":"https:\/\/www.welovekeys.co.uk\/de\/shop\/"},{"@type":"ListItem","position":3,"name":"Camlock-Rohrschl\u00fcssel"}]},{"@type":"WebSite","@id":"https:\/\/www.welovekeys.co.uk\/de\/#website","url":"https:\/\/www.welovekeys.co.uk\/de\/","name":"We Love Keys","description":"A marketplace for keys","publisher":{"@id":"https:\/\/www.welovekeys.co.uk\/de\/#organization"},"potentialAction":[{"@type":"SearchAction","target":{"@type":"EntryPoint","urlTemplate":"https:\/\/www.welovekeys.co.uk\/de\/?s={search_term_string}"},"query-input":{"@type":"PropertyValueSpecification","valueRequired":true,"valueName":"search_term_string"}}],"inLanguage":"de"},{"@type":"Organization","@id":"https:\/\/www.welovekeys.co.uk\/de\/#organization","name":"We Love Keys","url":"https:\/\/www.welovekeys.co.uk\/de\/","logo":{"@type":"ImageObject","inLanguage":"de","@id":"https:\/\/www.welovekeys.co.uk\/de\/#\/schema\/logo\/image\/","url":"https:\/\/www.welovekeys.co.uk\/wp-content\/uploads\/2017\/06\/WE.png","contentUrl":"https:\/\/www.welovekeys.co.uk\/wp-content\/uploads\/2017\/06\/WE.png","width":348,"height":66,"caption":"We Love Keys"},"image":{"@id":"https:\/\/www.welovekeys.co.uk\/de\/#\/schema\/logo\/image\/"}}]}},"_links":{"self":[{"href":"https:\/\/www.welovekeys.co.uk\/de\/wp-json\/wp\/v2\/product\/5824","targetHints":{"allow":["GET"]}}],"collection":[{"href":"https:\/\/www.welovekeys.co.uk\/de\/wp-json\/wp\/v2\/product"}],"about":[{"href":"https:\/\/www.welovekeys.co.uk\/de\/wp-json\/wp\/v2\/types\/product"}],"wp:featuredmedia":[{"embeddable":true,"href":"https:\/\/www.welovekeys.co.uk\/de\/wp-json\/wp\/v2\/media\/13755"}],"wp:attachment":[{"href":"https:\/\/www.welovekeys.co.uk\/de\/wp-json\/wp\/v2\/media?parent=5824"}],"wp:term":[{"taxonomy":"product_brand","embeddable":true,"href":"https:\/\/www.welovekeys.co.uk\/de\/wp-json\/wp\/v2\/product_brand?post=5824"},{"taxonomy":"product_cat","embeddable":true,"href":"https:\/\/www.welovekeys.co.uk\/de\/wp-json\/wp\/v2\/product_cat?post=5824"},{"taxonomy":"product_tag","embeddable":true,"href":"https:\/\/www.welovekeys.co.uk\/de\/wp-json\/wp\/v2\/product_tag?post=5824"}],"curies":[{"name":"wp","href":"https:\/\/api.w.org\/{rel}","templated":true}]}}