{"id":5823,"date":"2020-03-18T12:07:00","date_gmt":"2020-03-18T12:07:00","guid":{"rendered":"https:\/\/www.welovekeys.co.uk\/product\/camlock-schlussel-nr-sd0260\/"},"modified":"2022-06-08T15:36:43","modified_gmt":"2022-06-08T14:36:43","slug":"camlock-schlussel-nr-sd0260","status":"publish","type":"product","link":"https:\/\/www.welovekeys.co.uk\/de\/produkt\/camlock-schlussel-nr-sd0260\/","title":{"rendered":"Camlock-Schl\u00fcssel Nr. SD0260"},"content":{"rendered":"<p>Dieser mit SD0260 gekennzeichnete Schl\u00fcssel von Camlock Systems wird weltweit f\u00fcr alle m&ouml;glichen Anwendungen verwendet. Er wird h\u00e4ufig in Fensterschl\u00f6ssern, Verkaufsautomaten, Anschlagtafeln usw. verwendet.<\/p>\n<blockquote>\n<p><strong>W\u00e4hlen Sie einfach die Anzahl der ben\u00f6tigten SD0260-Schl\u00fcssel aus, den Rest erledigen wir!<\/strong><\/p>\n<\/blockquote>\n<p>Der SD0260-Schl\u00fcssel ist ein kleiner, flacher, doppelseitiger Schl\u00fcssel, \u00e4hnlich dem, den man f\u00fcr einen Briefkasten oder ein Schlie\u00dffach verwenden w\u00fcrde. \u201eCamlock\u201c oder \u201eCamlock Systems\u201c ist normalerweise auf dem Kopf des Schl\u00fcssels gekennzeichnet.<\/p>\n<p><em><strong>Versand am selben Tag, wenn Sie an einem Werktag bis 14 Uhr bestellen.<\/strong><\/em><\/p>\n","protected":false},"excerpt":{"rendered":"<p>Camlock Systems-Schl\u00fcssel, Nr. SD0260.<\/p>\n<div id=\"discounttable\"><strong>2+ Schl\u00fcssel = 10% Rabatt<br \/>\n5+ Schl\u00fcssel = 16% Rabatt<br \/>\n10+ Schl\u00fcssel = 22% Rabatt<br \/>\n20+ Schl\u00fcssel = <a href=\"https:\/\/www.welovekeys.co.uk\/de\/hilfe\/\" target=\"_blank\" rel=\"noopener noreferrer\">schreiben Sie uns<\/a><br \/>Rabatt wird im Warenkorb gezeigt.<\/strong><\/div>\n","protected":false},"featured_media":4672,"template":"","meta":{"_et_pb_use_builder":"","_et_pb_old_content":"","_et_gb_content_width":""},"product_brand":[],"product_cat":[185,743,718,741],"product_tag":[],"class_list":{"0":"post-5823","1":"product","2":"type-product","3":"status-publish","4":"has-post-thumbnail","6":"product_cat-camlock-schlussel","7":"product_cat-double-sided-de","8":"product_cat-spezial","9":"product_cat-zylinderschlussel","10":"product_shipping_class-env-de","12":"first","13":"instock","14":"taxable","15":"shipping-taxable","16":"purchasable","17":"product-type-simple"},"yoast_head":"<!-- This site is optimized with the Yoast SEO plugin v27.4 - https:\/\/yoast.com\/product\/yoast-seo-wordpress\/ -->\n<title>Camlock SD0260 Schl\u00fcssel online bestellen! - We Love Keys<\/title>\n<meta name=\"description\" content=\"Bestellen Sie Ihre Camlock Systems SD0260 Schl\u00fcssel noch heute online bei We Love Keys! Schneller Versand, hervorragende Kundenbetreuung!\" \/>\n<meta name=\"robots\" content=\"index, follow, max-snippet:-1, max-image-preview:large, max-video-preview:-1\" \/>\n<link rel=\"canonical\" href=\"https:\/\/www.welovekeys.co.uk\/de\/produkt\/camlock-schlussel-nr-sd0260\/\" \/>\n<meta property=\"og:locale\" content=\"de_DE\" \/>\n<meta property=\"og:type\" content=\"article\" \/>\n<meta property=\"og:title\" content=\"Camlock SD0260 Schl\u00fcssel online bestellen! - We Love Keys\" \/>\n<meta property=\"og:description\" content=\"Bestellen Sie Ihre Camlock Systems SD0260 Schl\u00fcssel noch heute online bei We Love Keys! Schneller Versand, hervorragende Kundenbetreuung!\" \/>\n<meta property=\"og:url\" content=\"https:\/\/www.welovekeys.co.uk\/de\/produkt\/camlock-schlussel-nr-sd0260\/\" \/>\n<meta property=\"og:site_name\" content=\"We Love Keys\" \/>\n<meta property=\"article:modified_time\" content=\"2022-06-08T14:36:43+00:00\" \/>\n<meta property=\"og:image\" content=\"https:\/\/www.welovekeys.co.uk\/wp-content\/uploads\/2020\/03\/CamlockSD-1.jpg\" \/>\n\t<meta property=\"og:image:width\" content=\"480\" \/>\n\t<meta property=\"og:image:height\" content=\"480\" \/>\n\t<meta property=\"og:image:type\" content=\"image\/jpeg\" \/>\n<meta name=\"twitter:card\" content=\"summary_large_image\" \/>\n<script type=\"application\/ld+json\" class=\"yoast-schema-graph\">{\"@context\":\"https:\\\/\\\/schema.org\",\"@graph\":[{\"@type\":\"WebPage\",\"@id\":\"https:\\\/\\\/www.welovekeys.co.uk\\\/de\\\/produkt\\\/camlock-schlussel-nr-sd0260\\\/\",\"url\":\"https:\\\/\\\/www.welovekeys.co.uk\\\/de\\\/produkt\\\/camlock-schlussel-nr-sd0260\\\/\",\"name\":\"Camlock SD0260 Schl\u00fcssel online bestellen! - We Love Keys\",\"isPartOf\":{\"@id\":\"https:\\\/\\\/www.welovekeys.co.uk\\\/de\\\/#website\"},\"primaryImageOfPage\":{\"@id\":\"https:\\\/\\\/www.welovekeys.co.uk\\\/de\\\/produkt\\\/camlock-schlussel-nr-sd0260\\\/#primaryimage\"},\"image\":{\"@id\":\"https:\\\/\\\/www.welovekeys.co.uk\\\/de\\\/produkt\\\/camlock-schlussel-nr-sd0260\\\/#primaryimage\"},\"thumbnailUrl\":\"https:\\\/\\\/www.welovekeys.co.uk\\\/wp-content\\\/uploads\\\/2020\\\/03\\\/CamlockSD-1.jpg\",\"datePublished\":\"2020-03-18T12:07:00+00:00\",\"dateModified\":\"2022-06-08T14:36:43+00:00\",\"description\":\"Bestellen Sie Ihre Camlock Systems SD0260 Schl\u00fcssel noch heute online bei We Love Keys! Schneller Versand, hervorragende Kundenbetreuung!\",\"breadcrumb\":{\"@id\":\"https:\\\/\\\/www.welovekeys.co.uk\\\/de\\\/produkt\\\/camlock-schlussel-nr-sd0260\\\/#breadcrumb\"},\"inLanguage\":\"de\",\"potentialAction\":[{\"@type\":\"ReadAction\",\"target\":[\"https:\\\/\\\/www.welovekeys.co.uk\\\/de\\\/produkt\\\/camlock-schlussel-nr-sd0260\\\/\"]}]},{\"@type\":\"ImageObject\",\"inLanguage\":\"de\",\"@id\":\"https:\\\/\\\/www.welovekeys.co.uk\\\/de\\\/produkt\\\/camlock-schlussel-nr-sd0260\\\/#primaryimage\",\"url\":\"https:\\\/\\\/www.welovekeys.co.uk\\\/wp-content\\\/uploads\\\/2020\\\/03\\\/CamlockSD-1.jpg\",\"contentUrl\":\"https:\\\/\\\/www.welovekeys.co.uk\\\/wp-content\\\/uploads\\\/2020\\\/03\\\/CamlockSD-1.jpg\",\"width\":480,\"height\":480,\"caption\":\"Camlock-Schl\u00fcssel Nr. SD0260\"},{\"@type\":\"BreadcrumbList\",\"@id\":\"https:\\\/\\\/www.welovekeys.co.uk\\\/de\\\/produkt\\\/camlock-schlussel-nr-sd0260\\\/#breadcrumb\",\"itemListElement\":[{\"@type\":\"ListItem\",\"position\":1,\"name\":\"Home\",\"item\":\"https:\\\/\\\/www.welovekeys.co.uk\\\/de\\\/startseite-2\\\/\"},{\"@type\":\"ListItem\",\"position\":2,\"name\":\"Shop\",\"item\":\"https:\\\/\\\/www.welovekeys.co.uk\\\/de\\\/shop\\\/\"},{\"@type\":\"ListItem\",\"position\":3,\"name\":\"Camlock-Schl\u00fcssel Nr. SD0260\"}]},{\"@type\":\"WebSite\",\"@id\":\"https:\\\/\\\/www.welovekeys.co.uk\\\/de\\\/#website\",\"url\":\"https:\\\/\\\/www.welovekeys.co.uk\\\/de\\\/\",\"name\":\"We Love Keys\",\"description\":\"A marketplace for keys\",\"publisher\":{\"@id\":\"https:\\\/\\\/www.welovekeys.co.uk\\\/de\\\/#organization\"},\"potentialAction\":[{\"@type\":\"SearchAction\",\"target\":{\"@type\":\"EntryPoint\",\"urlTemplate\":\"https:\\\/\\\/www.welovekeys.co.uk\\\/de\\\/?s={search_term_string}\"},\"query-input\":{\"@type\":\"PropertyValueSpecification\",\"valueRequired\":true,\"valueName\":\"search_term_string\"}}],\"inLanguage\":\"de\"},{\"@type\":\"Organization\",\"@id\":\"https:\\\/\\\/www.welovekeys.co.uk\\\/de\\\/#organization\",\"name\":\"We Love Keys\",\"url\":\"https:\\\/\\\/www.welovekeys.co.uk\\\/de\\\/\",\"logo\":{\"@type\":\"ImageObject\",\"inLanguage\":\"de\",\"@id\":\"https:\\\/\\\/www.welovekeys.co.uk\\\/de\\\/#\\\/schema\\\/logo\\\/image\\\/\",\"url\":\"https:\\\/\\\/www.welovekeys.co.uk\\\/wp-content\\\/uploads\\\/2017\\\/06\\\/WE.png\",\"contentUrl\":\"https:\\\/\\\/www.welovekeys.co.uk\\\/wp-content\\\/uploads\\\/2017\\\/06\\\/WE.png\",\"width\":348,\"height\":66,\"caption\":\"We Love Keys\"},\"image\":{\"@id\":\"https:\\\/\\\/www.welovekeys.co.uk\\\/de\\\/#\\\/schema\\\/logo\\\/image\\\/\"}}]}<\/script>\n<!-- \/ Yoast SEO plugin. -->","yoast_head_json":{"title":"Camlock SD0260 Schl\u00fcssel online bestellen! - We Love Keys","description":"Bestellen Sie Ihre Camlock Systems SD0260 Schl\u00fcssel noch heute online bei We Love Keys! Schneller Versand, hervorragende Kundenbetreuung!","robots":{"index":"index","follow":"follow","max-snippet":"max-snippet:-1","max-image-preview":"max-image-preview:large","max-video-preview":"max-video-preview:-1"},"canonical":"https:\/\/www.welovekeys.co.uk\/de\/produkt\/camlock-schlussel-nr-sd0260\/","og_locale":"de_DE","og_type":"article","og_title":"Camlock SD0260 Schl\u00fcssel online bestellen! - We Love Keys","og_description":"Bestellen Sie Ihre Camlock Systems SD0260 Schl\u00fcssel noch heute online bei We Love Keys! Schneller Versand, hervorragende Kundenbetreuung!","og_url":"https:\/\/www.welovekeys.co.uk\/de\/produkt\/camlock-schlussel-nr-sd0260\/","og_site_name":"We Love Keys","article_modified_time":"2022-06-08T14:36:43+00:00","og_image":[{"width":480,"height":480,"url":"https:\/\/www.welovekeys.co.uk\/wp-content\/uploads\/2020\/03\/CamlockSD-1.jpg","type":"image\/jpeg"}],"twitter_card":"summary_large_image","schema":{"@context":"https:\/\/schema.org","@graph":[{"@type":"WebPage","@id":"https:\/\/www.welovekeys.co.uk\/de\/produkt\/camlock-schlussel-nr-sd0260\/","url":"https:\/\/www.welovekeys.co.uk\/de\/produkt\/camlock-schlussel-nr-sd0260\/","name":"Camlock SD0260 Schl\u00fcssel online bestellen! - We Love Keys","isPartOf":{"@id":"https:\/\/www.welovekeys.co.uk\/de\/#website"},"primaryImageOfPage":{"@id":"https:\/\/www.welovekeys.co.uk\/de\/produkt\/camlock-schlussel-nr-sd0260\/#primaryimage"},"image":{"@id":"https:\/\/www.welovekeys.co.uk\/de\/produkt\/camlock-schlussel-nr-sd0260\/#primaryimage"},"thumbnailUrl":"https:\/\/www.welovekeys.co.uk\/wp-content\/uploads\/2020\/03\/CamlockSD-1.jpg","datePublished":"2020-03-18T12:07:00+00:00","dateModified":"2022-06-08T14:36:43+00:00","description":"Bestellen Sie Ihre Camlock Systems SD0260 Schl\u00fcssel noch heute online bei We Love Keys! Schneller Versand, hervorragende Kundenbetreuung!","breadcrumb":{"@id":"https:\/\/www.welovekeys.co.uk\/de\/produkt\/camlock-schlussel-nr-sd0260\/#breadcrumb"},"inLanguage":"de","potentialAction":[{"@type":"ReadAction","target":["https:\/\/www.welovekeys.co.uk\/de\/produkt\/camlock-schlussel-nr-sd0260\/"]}]},{"@type":"ImageObject","inLanguage":"de","@id":"https:\/\/www.welovekeys.co.uk\/de\/produkt\/camlock-schlussel-nr-sd0260\/#primaryimage","url":"https:\/\/www.welovekeys.co.uk\/wp-content\/uploads\/2020\/03\/CamlockSD-1.jpg","contentUrl":"https:\/\/www.welovekeys.co.uk\/wp-content\/uploads\/2020\/03\/CamlockSD-1.jpg","width":480,"height":480,"caption":"Camlock-Schl\u00fcssel Nr. SD0260"},{"@type":"BreadcrumbList","@id":"https:\/\/www.welovekeys.co.uk\/de\/produkt\/camlock-schlussel-nr-sd0260\/#breadcrumb","itemListElement":[{"@type":"ListItem","position":1,"name":"Home","item":"https:\/\/www.welovekeys.co.uk\/de\/startseite-2\/"},{"@type":"ListItem","position":2,"name":"Shop","item":"https:\/\/www.welovekeys.co.uk\/de\/shop\/"},{"@type":"ListItem","position":3,"name":"Camlock-Schl\u00fcssel Nr. SD0260"}]},{"@type":"WebSite","@id":"https:\/\/www.welovekeys.co.uk\/de\/#website","url":"https:\/\/www.welovekeys.co.uk\/de\/","name":"We Love Keys","description":"A marketplace for keys","publisher":{"@id":"https:\/\/www.welovekeys.co.uk\/de\/#organization"},"potentialAction":[{"@type":"SearchAction","target":{"@type":"EntryPoint","urlTemplate":"https:\/\/www.welovekeys.co.uk\/de\/?s={search_term_string}"},"query-input":{"@type":"PropertyValueSpecification","valueRequired":true,"valueName":"search_term_string"}}],"inLanguage":"de"},{"@type":"Organization","@id":"https:\/\/www.welovekeys.co.uk\/de\/#organization","name":"We Love Keys","url":"https:\/\/www.welovekeys.co.uk\/de\/","logo":{"@type":"ImageObject","inLanguage":"de","@id":"https:\/\/www.welovekeys.co.uk\/de\/#\/schema\/logo\/image\/","url":"https:\/\/www.welovekeys.co.uk\/wp-content\/uploads\/2017\/06\/WE.png","contentUrl":"https:\/\/www.welovekeys.co.uk\/wp-content\/uploads\/2017\/06\/WE.png","width":348,"height":66,"caption":"We Love Keys"},"image":{"@id":"https:\/\/www.welovekeys.co.uk\/de\/#\/schema\/logo\/image\/"}}]}},"_links":{"self":[{"href":"https:\/\/www.welovekeys.co.uk\/de\/wp-json\/wp\/v2\/product\/5823","targetHints":{"allow":["GET"]}}],"collection":[{"href":"https:\/\/www.welovekeys.co.uk\/de\/wp-json\/wp\/v2\/product"}],"about":[{"href":"https:\/\/www.welovekeys.co.uk\/de\/wp-json\/wp\/v2\/types\/product"}],"wp:featuredmedia":[{"embeddable":true,"href":"https:\/\/www.welovekeys.co.uk\/de\/wp-json\/wp\/v2\/media\/4672"}],"wp:attachment":[{"href":"https:\/\/www.welovekeys.co.uk\/de\/wp-json\/wp\/v2\/media?parent=5823"}],"wp:term":[{"taxonomy":"product_brand","embeddable":true,"href":"https:\/\/www.welovekeys.co.uk\/de\/wp-json\/wp\/v2\/product_brand?post=5823"},{"taxonomy":"product_cat","embeddable":true,"href":"https:\/\/www.welovekeys.co.uk\/de\/wp-json\/wp\/v2\/product_cat?post=5823"},{"taxonomy":"product_tag","embeddable":true,"href":"https:\/\/www.welovekeys.co.uk\/de\/wp-json\/wp\/v2\/product_tag?post=5823"}],"curies":[{"name":"wp","href":"https:\/\/api.w.org\/{rel}","templated":true}]}}