{"id":5821,"date":"2019-10-16T09:53:32","date_gmt":"2019-10-16T09:53:32","guid":{"rendered":"https:\/\/www.welovekeys.co.uk\/product\/camlock-schlussel-nr-a444\/"},"modified":"2022-06-08T15:41:17","modified_gmt":"2022-06-08T14:41:17","slug":"camlock-schlussel-nr-a444","status":"publish","type":"product","link":"https:\/\/www.welovekeys.co.uk\/de\/produkt\/camlock-schlussel-nr-a444\/","title":{"rendered":"Camlock-Rohrschl\u00fcssel Nr. A444"},"content":{"rendered":"<p>Die Rohrschl\u00fcssel von Camlock Systems mit Codenr. A444 haben alle Arten von Anwendungen. Sie sind besonders h\u00e4ufig in Verkaufsautomaten und Schaltschr\u00e4nken.<\/p>\n<blockquote>\n<p><strong>W\u00e4hlen Sie einfach die Anzahl der Schl\u00fcssel aus, die Sie ben\u00f6tigen, und wir werden mit Ihrer Bestellung loslegen!<\/strong><\/p>\n<\/blockquote>\n<p>Auf Ihrem Schl\u00fcssel ist A444 oben deutlich markiert, und bei den meisten A444-Schl\u00f6ssern ist der Code auf dem Schl\u00fcsselloch angegeben.<\/p>\n<p><em><strong>Versand am selben Tag bei Bestellung bis 14 Uhr an einem Werktag.<\/strong><\/em><\/p>\n","protected":false},"excerpt":{"rendered":"<p>Camlock Systems-Schl\u00fcssel, Nr. A444<\/p>\n<div id=\"discounttable\"><strong>2+ Schl\u00fcssel = 10% Rabatt<br \/>\n5+ Schl\u00fcssel = 16% Rabatt<br \/>\n10+ Schl\u00fcssel = 22% Rabatt<br \/>\n20+ Schl\u00fcssel = <a href=\"https:\/\/www.welovekeys.co.uk\/de\/hilfe\/\" target=\"_blank\" rel=\"noopener noreferrer\">schreiben Sie uns<\/a><br \/>Rabatt wird im Warenkorb gezeigt.<\/strong><\/div>\n","protected":false},"featured_media":13749,"template":"","meta":{"_et_pb_use_builder":"","_et_pb_old_content":"","_et_gb_content_width":""},"product_brand":[],"product_cat":[185,176,718],"product_tag":[],"class_list":{"0":"post-5821","1":"product","2":"type-product","3":"status-publish","4":"has-post-thumbnail","6":"product_cat-camlock-schlussel","7":"product_cat-rohrschlussel","8":"product_cat-spezial","9":"product_shipping_class-large-letter-de","11":"first","12":"instock","13":"taxable","14":"shipping-taxable","15":"purchasable","16":"product-type-simple"},"yoast_head":"<!-- This site is optimized with the Yoast SEO plugin v27.4 - https:\/\/yoast.com\/product\/yoast-seo-wordpress\/ -->\n<title>Camlock A444 Schl\u00fcssel online bestellen! - We Love Keys<\/title>\n<meta name=\"description\" content=\"Bestellen Sie Ihre Camlock Systems A444 Schl\u00fcssel noch heute online bei We Love Keys! Schneller Versand, niedrige Preise, hervorragende Kundenbetreuung!\" \/>\n<meta name=\"robots\" content=\"index, follow, max-snippet:-1, max-image-preview:large, max-video-preview:-1\" \/>\n<link rel=\"canonical\" href=\"https:\/\/www.welovekeys.co.uk\/de\/produkt\/camlock-schlussel-nr-a444\/\" \/>\n<meta property=\"og:locale\" content=\"de_DE\" \/>\n<meta property=\"og:type\" content=\"article\" \/>\n<meta property=\"og:title\" content=\"Camlock A444 Schl\u00fcssel online bestellen! - We Love Keys\" \/>\n<meta property=\"og:description\" content=\"Bestellen Sie Ihre Camlock Systems A444 Schl\u00fcssel noch heute online bei We Love Keys! Schneller Versand, niedrige Preise, hervorragende Kundenbetreuung!\" \/>\n<meta property=\"og:url\" content=\"https:\/\/www.welovekeys.co.uk\/de\/produkt\/camlock-schlussel-nr-a444\/\" \/>\n<meta property=\"og:site_name\" content=\"We Love Keys\" \/>\n<meta property=\"article:modified_time\" content=\"2022-06-08T14:41:17+00:00\" \/>\n<meta property=\"og:image\" content=\"https:\/\/www.welovekeys.co.uk\/wp-content\/uploads\/2019\/10\/A444-1.jpeg\" \/>\n\t<meta property=\"og:image:width\" content=\"600\" \/>\n\t<meta property=\"og:image:height\" content=\"600\" \/>\n\t<meta property=\"og:image:type\" content=\"image\/jpeg\" \/>\n<meta name=\"twitter:card\" content=\"summary_large_image\" \/>\n<script type=\"application\/ld+json\" class=\"yoast-schema-graph\">{\"@context\":\"https:\\\/\\\/schema.org\",\"@graph\":[{\"@type\":\"WebPage\",\"@id\":\"https:\\\/\\\/www.welovekeys.co.uk\\\/de\\\/produkt\\\/camlock-schlussel-nr-a444\\\/\",\"url\":\"https:\\\/\\\/www.welovekeys.co.uk\\\/de\\\/produkt\\\/camlock-schlussel-nr-a444\\\/\",\"name\":\"Camlock A444 Schl\u00fcssel online bestellen! - We Love Keys\",\"isPartOf\":{\"@id\":\"https:\\\/\\\/www.welovekeys.co.uk\\\/de\\\/#website\"},\"primaryImageOfPage\":{\"@id\":\"https:\\\/\\\/www.welovekeys.co.uk\\\/de\\\/produkt\\\/camlock-schlussel-nr-a444\\\/#primaryimage\"},\"image\":{\"@id\":\"https:\\\/\\\/www.welovekeys.co.uk\\\/de\\\/produkt\\\/camlock-schlussel-nr-a444\\\/#primaryimage\"},\"thumbnailUrl\":\"https:\\\/\\\/www.welovekeys.co.uk\\\/wp-content\\\/uploads\\\/2019\\\/10\\\/A444-1.jpeg\",\"datePublished\":\"2019-10-16T09:53:32+00:00\",\"dateModified\":\"2022-06-08T14:41:17+00:00\",\"description\":\"Bestellen Sie Ihre Camlock Systems A444 Schl\u00fcssel noch heute online bei We Love Keys! Schneller Versand, niedrige Preise, hervorragende Kundenbetreuung!\",\"breadcrumb\":{\"@id\":\"https:\\\/\\\/www.welovekeys.co.uk\\\/de\\\/produkt\\\/camlock-schlussel-nr-a444\\\/#breadcrumb\"},\"inLanguage\":\"de\",\"potentialAction\":[{\"@type\":\"ReadAction\",\"target\":[\"https:\\\/\\\/www.welovekeys.co.uk\\\/de\\\/produkt\\\/camlock-schlussel-nr-a444\\\/\"]}]},{\"@type\":\"ImageObject\",\"inLanguage\":\"de\",\"@id\":\"https:\\\/\\\/www.welovekeys.co.uk\\\/de\\\/produkt\\\/camlock-schlussel-nr-a444\\\/#primaryimage\",\"url\":\"https:\\\/\\\/www.welovekeys.co.uk\\\/wp-content\\\/uploads\\\/2019\\\/10\\\/A444-1.jpeg\",\"contentUrl\":\"https:\\\/\\\/www.welovekeys.co.uk\\\/wp-content\\\/uploads\\\/2019\\\/10\\\/A444-1.jpeg\",\"width\":600,\"height\":600,\"caption\":\"Camlock A444 tubular Key\"},{\"@type\":\"BreadcrumbList\",\"@id\":\"https:\\\/\\\/www.welovekeys.co.uk\\\/de\\\/produkt\\\/camlock-schlussel-nr-a444\\\/#breadcrumb\",\"itemListElement\":[{\"@type\":\"ListItem\",\"position\":1,\"name\":\"Home\",\"item\":\"https:\\\/\\\/www.welovekeys.co.uk\\\/de\\\/startseite-2\\\/\"},{\"@type\":\"ListItem\",\"position\":2,\"name\":\"Shop\",\"item\":\"https:\\\/\\\/www.welovekeys.co.uk\\\/de\\\/shop\\\/\"},{\"@type\":\"ListItem\",\"position\":3,\"name\":\"Camlock-Rohrschl\u00fcssel Nr. A444\"}]},{\"@type\":\"WebSite\",\"@id\":\"https:\\\/\\\/www.welovekeys.co.uk\\\/de\\\/#website\",\"url\":\"https:\\\/\\\/www.welovekeys.co.uk\\\/de\\\/\",\"name\":\"We Love Keys\",\"description\":\"A marketplace for keys\",\"publisher\":{\"@id\":\"https:\\\/\\\/www.welovekeys.co.uk\\\/de\\\/#organization\"},\"potentialAction\":[{\"@type\":\"SearchAction\",\"target\":{\"@type\":\"EntryPoint\",\"urlTemplate\":\"https:\\\/\\\/www.welovekeys.co.uk\\\/de\\\/?s={search_term_string}\"},\"query-input\":{\"@type\":\"PropertyValueSpecification\",\"valueRequired\":true,\"valueName\":\"search_term_string\"}}],\"inLanguage\":\"de\"},{\"@type\":\"Organization\",\"@id\":\"https:\\\/\\\/www.welovekeys.co.uk\\\/de\\\/#organization\",\"name\":\"We Love Keys\",\"url\":\"https:\\\/\\\/www.welovekeys.co.uk\\\/de\\\/\",\"logo\":{\"@type\":\"ImageObject\",\"inLanguage\":\"de\",\"@id\":\"https:\\\/\\\/www.welovekeys.co.uk\\\/de\\\/#\\\/schema\\\/logo\\\/image\\\/\",\"url\":\"https:\\\/\\\/www.welovekeys.co.uk\\\/wp-content\\\/uploads\\\/2017\\\/06\\\/WE.png\",\"contentUrl\":\"https:\\\/\\\/www.welovekeys.co.uk\\\/wp-content\\\/uploads\\\/2017\\\/06\\\/WE.png\",\"width\":348,\"height\":66,\"caption\":\"We Love Keys\"},\"image\":{\"@id\":\"https:\\\/\\\/www.welovekeys.co.uk\\\/de\\\/#\\\/schema\\\/logo\\\/image\\\/\"}}]}<\/script>\n<!-- \/ Yoast SEO plugin. -->","yoast_head_json":{"title":"Camlock A444 Schl\u00fcssel online bestellen! - We Love Keys","description":"Bestellen Sie Ihre Camlock Systems A444 Schl\u00fcssel noch heute online bei We Love Keys! Schneller Versand, niedrige Preise, hervorragende Kundenbetreuung!","robots":{"index":"index","follow":"follow","max-snippet":"max-snippet:-1","max-image-preview":"max-image-preview:large","max-video-preview":"max-video-preview:-1"},"canonical":"https:\/\/www.welovekeys.co.uk\/de\/produkt\/camlock-schlussel-nr-a444\/","og_locale":"de_DE","og_type":"article","og_title":"Camlock A444 Schl\u00fcssel online bestellen! - We Love Keys","og_description":"Bestellen Sie Ihre Camlock Systems A444 Schl\u00fcssel noch heute online bei We Love Keys! Schneller Versand, niedrige Preise, hervorragende Kundenbetreuung!","og_url":"https:\/\/www.welovekeys.co.uk\/de\/produkt\/camlock-schlussel-nr-a444\/","og_site_name":"We Love Keys","article_modified_time":"2022-06-08T14:41:17+00:00","og_image":[{"width":600,"height":600,"url":"https:\/\/www.welovekeys.co.uk\/wp-content\/uploads\/2019\/10\/A444-1.jpeg","type":"image\/jpeg"}],"twitter_card":"summary_large_image","schema":{"@context":"https:\/\/schema.org","@graph":[{"@type":"WebPage","@id":"https:\/\/www.welovekeys.co.uk\/de\/produkt\/camlock-schlussel-nr-a444\/","url":"https:\/\/www.welovekeys.co.uk\/de\/produkt\/camlock-schlussel-nr-a444\/","name":"Camlock A444 Schl\u00fcssel online bestellen! - We Love Keys","isPartOf":{"@id":"https:\/\/www.welovekeys.co.uk\/de\/#website"},"primaryImageOfPage":{"@id":"https:\/\/www.welovekeys.co.uk\/de\/produkt\/camlock-schlussel-nr-a444\/#primaryimage"},"image":{"@id":"https:\/\/www.welovekeys.co.uk\/de\/produkt\/camlock-schlussel-nr-a444\/#primaryimage"},"thumbnailUrl":"https:\/\/www.welovekeys.co.uk\/wp-content\/uploads\/2019\/10\/A444-1.jpeg","datePublished":"2019-10-16T09:53:32+00:00","dateModified":"2022-06-08T14:41:17+00:00","description":"Bestellen Sie Ihre Camlock Systems A444 Schl\u00fcssel noch heute online bei We Love Keys! Schneller Versand, niedrige Preise, hervorragende Kundenbetreuung!","breadcrumb":{"@id":"https:\/\/www.welovekeys.co.uk\/de\/produkt\/camlock-schlussel-nr-a444\/#breadcrumb"},"inLanguage":"de","potentialAction":[{"@type":"ReadAction","target":["https:\/\/www.welovekeys.co.uk\/de\/produkt\/camlock-schlussel-nr-a444\/"]}]},{"@type":"ImageObject","inLanguage":"de","@id":"https:\/\/www.welovekeys.co.uk\/de\/produkt\/camlock-schlussel-nr-a444\/#primaryimage","url":"https:\/\/www.welovekeys.co.uk\/wp-content\/uploads\/2019\/10\/A444-1.jpeg","contentUrl":"https:\/\/www.welovekeys.co.uk\/wp-content\/uploads\/2019\/10\/A444-1.jpeg","width":600,"height":600,"caption":"Camlock A444 tubular Key"},{"@type":"BreadcrumbList","@id":"https:\/\/www.welovekeys.co.uk\/de\/produkt\/camlock-schlussel-nr-a444\/#breadcrumb","itemListElement":[{"@type":"ListItem","position":1,"name":"Home","item":"https:\/\/www.welovekeys.co.uk\/de\/startseite-2\/"},{"@type":"ListItem","position":2,"name":"Shop","item":"https:\/\/www.welovekeys.co.uk\/de\/shop\/"},{"@type":"ListItem","position":3,"name":"Camlock-Rohrschl\u00fcssel Nr. A444"}]},{"@type":"WebSite","@id":"https:\/\/www.welovekeys.co.uk\/de\/#website","url":"https:\/\/www.welovekeys.co.uk\/de\/","name":"We Love Keys","description":"A marketplace for keys","publisher":{"@id":"https:\/\/www.welovekeys.co.uk\/de\/#organization"},"potentialAction":[{"@type":"SearchAction","target":{"@type":"EntryPoint","urlTemplate":"https:\/\/www.welovekeys.co.uk\/de\/?s={search_term_string}"},"query-input":{"@type":"PropertyValueSpecification","valueRequired":true,"valueName":"search_term_string"}}],"inLanguage":"de"},{"@type":"Organization","@id":"https:\/\/www.welovekeys.co.uk\/de\/#organization","name":"We Love Keys","url":"https:\/\/www.welovekeys.co.uk\/de\/","logo":{"@type":"ImageObject","inLanguage":"de","@id":"https:\/\/www.welovekeys.co.uk\/de\/#\/schema\/logo\/image\/","url":"https:\/\/www.welovekeys.co.uk\/wp-content\/uploads\/2017\/06\/WE.png","contentUrl":"https:\/\/www.welovekeys.co.uk\/wp-content\/uploads\/2017\/06\/WE.png","width":348,"height":66,"caption":"We Love Keys"},"image":{"@id":"https:\/\/www.welovekeys.co.uk\/de\/#\/schema\/logo\/image\/"}}]}},"_links":{"self":[{"href":"https:\/\/www.welovekeys.co.uk\/de\/wp-json\/wp\/v2\/product\/5821","targetHints":{"allow":["GET"]}}],"collection":[{"href":"https:\/\/www.welovekeys.co.uk\/de\/wp-json\/wp\/v2\/product"}],"about":[{"href":"https:\/\/www.welovekeys.co.uk\/de\/wp-json\/wp\/v2\/types\/product"}],"wp:featuredmedia":[{"embeddable":true,"href":"https:\/\/www.welovekeys.co.uk\/de\/wp-json\/wp\/v2\/media\/13749"}],"wp:attachment":[{"href":"https:\/\/www.welovekeys.co.uk\/de\/wp-json\/wp\/v2\/media?parent=5821"}],"wp:term":[{"taxonomy":"product_brand","embeddable":true,"href":"https:\/\/www.welovekeys.co.uk\/de\/wp-json\/wp\/v2\/product_brand?post=5821"},{"taxonomy":"product_cat","embeddable":true,"href":"https:\/\/www.welovekeys.co.uk\/de\/wp-json\/wp\/v2\/product_cat?post=5821"},{"taxonomy":"product_tag","embeddable":true,"href":"https:\/\/www.welovekeys.co.uk\/de\/wp-json\/wp\/v2\/product_tag?post=5821"}],"curies":[{"name":"wp","href":"https:\/\/api.w.org\/{rel}","templated":true}]}}