{"id":5820,"date":"2019-07-24T11:00:32","date_gmt":"2019-07-24T11:00:32","guid":{"rendered":"https:\/\/www.welovekeys.co.uk\/product\/camlock-schlussel-nr-606-generalschlussel\/"},"modified":"2022-06-08T15:51:03","modified_gmt":"2022-06-08T14:51:03","slug":"camlock-schlussel-nr-606-generalschlussel","status":"publish","type":"product","link":"https:\/\/www.welovekeys.co.uk\/de\/produkt\/camlock-schlussel-nr-606-generalschlussel\/","title":{"rendered":"Camlock-Schl\u00fcssel Nr. 606 (Generalschl\u00fcssel)"},"content":{"rendered":"<p>Dieser Camlock-Generalschl\u00fcssel wird h\u00e4ufig in B\u00fcrom\u00f6beln von Camlock Systems verwendet. Der Schl&uuml;sselcode ist 606.<\/p>\n<blockquote>\n<p><strong>W\u00e4hlen Sie einfach die Anzahl der Schl\u00fcssel aus, die Sie ben\u00f6tigen, und wir werden mit Ihrer Bestellung loslegen!<\/strong><\/p>\n<\/blockquote>\n<p>(Wenn Sie den Generalschl\u00fcssel 550 ben\u00f6tigen, <a href=\"https:\/\/www.welovekeys.co.uk\/de\/produkt\/camlock-schlussel-nr-550-generalschlussel\/\"><strong>klicken Sie hier<\/strong><\/a>. F\u00fcr alle anderen Camlock-Schl\u00fcssel <a href=\"https:\/\/www.welovekeys.co.uk\/de\/camlock-systems-schluessel\/\"><strong>hier klicken<\/strong><\/a>.) <\/p>\n<p><strong><em>Versand am selben Tag bei Bestellung bis 15 Uhr an einem Werktag.<\/em><\/strong><\/p>\n","protected":false},"excerpt":{"rendered":"<p>Camlock Systems-Generalschl\u00fcssel, Nr. 606.<\/p>\n<div id=\"discounttable\"><strong>2+ Schl\u00fcssel = 10% Rabatt<br \/>\n5+ Schl\u00fcssel = 16% Rabatt<br \/>\n10+ Schl\u00fcssel = 22% Rabatt<br \/>\n20+ Schl\u00fcssel = <a href=\"https:\/\/www.welovekeys.co.uk\/de\/hilfe\/\" target=\"_blank\" rel=\"noopener noreferrer\">schreiben Sie uns<\/a><br \/>Rabatt wird im Warenkorb gezeigt.<\/strong><\/div>\n","protected":false},"featured_media":3156,"template":"","meta":{"_et_pb_use_builder":"","_et_pb_old_content":"","_et_gb_content_width":""},"product_brand":[],"product_cat":[714,185,748,741],"product_tag":[],"class_list":{"0":"post-5820","1":"product","2":"type-product","3":"status-publish","4":"has-post-thumbnail","6":"product_cat-buromobel","7":"product_cat-camlock-schlussel","8":"product_cat-one-side-de","9":"product_cat-zylinderschlussel","10":"product_shipping_class-env-de","12":"first","13":"instock","14":"taxable","15":"shipping-taxable","16":"purchasable","17":"product-type-simple"},"yoast_head":"<!-- This site is optimized with the Yoast SEO plugin v27.4 - https:\/\/yoast.com\/product\/yoast-seo-wordpress\/ -->\n<title>Camlock 606 Generalschl\u00fcssel online bestellen! - We Love Keys<\/title>\n<meta name=\"description\" content=\"Bestellen Sie Ihre Camlock Systems 606 Schl\u00fcssel noch heute online bei We Love Keys! Schneller Versand, niedrige Preise, hervorragende Kundenbetreuung!\" \/>\n<meta name=\"robots\" content=\"index, follow, max-snippet:-1, max-image-preview:large, max-video-preview:-1\" \/>\n<link rel=\"canonical\" href=\"https:\/\/www.welovekeys.co.uk\/de\/produkt\/camlock-schlussel-nr-606-generalschlussel\/\" \/>\n<meta property=\"og:locale\" content=\"de_DE\" \/>\n<meta property=\"og:type\" content=\"article\" \/>\n<meta property=\"og:title\" content=\"Camlock 606 Generalschl\u00fcssel online bestellen! - We Love Keys\" \/>\n<meta property=\"og:description\" content=\"Bestellen Sie Ihre Camlock Systems 606 Schl\u00fcssel noch heute online bei We Love Keys! Schneller Versand, niedrige Preise, hervorragende Kundenbetreuung!\" \/>\n<meta property=\"og:url\" content=\"https:\/\/www.welovekeys.co.uk\/de\/produkt\/camlock-schlussel-nr-606-generalschlussel\/\" \/>\n<meta property=\"og:site_name\" content=\"We Love Keys\" \/>\n<meta property=\"article:modified_time\" content=\"2022-06-08T14:51:03+00:00\" \/>\n<meta property=\"og:image\" content=\"https:\/\/www.welovekeys.co.uk\/wp-content\/uploads\/2019\/07\/606.jpg\" \/>\n\t<meta property=\"og:image:width\" content=\"480\" \/>\n\t<meta property=\"og:image:height\" content=\"480\" \/>\n\t<meta property=\"og:image:type\" content=\"image\/jpeg\" \/>\n<meta name=\"twitter:card\" content=\"summary_large_image\" \/>\n<script type=\"application\/ld+json\" class=\"yoast-schema-graph\">{\"@context\":\"https:\\\/\\\/schema.org\",\"@graph\":[{\"@type\":\"WebPage\",\"@id\":\"https:\\\/\\\/www.welovekeys.co.uk\\\/de\\\/produkt\\\/camlock-schlussel-nr-606-generalschlussel\\\/\",\"url\":\"https:\\\/\\\/www.welovekeys.co.uk\\\/de\\\/produkt\\\/camlock-schlussel-nr-606-generalschlussel\\\/\",\"name\":\"Camlock 606 Generalschl\u00fcssel online bestellen! - We Love Keys\",\"isPartOf\":{\"@id\":\"https:\\\/\\\/www.welovekeys.co.uk\\\/de\\\/#website\"},\"primaryImageOfPage\":{\"@id\":\"https:\\\/\\\/www.welovekeys.co.uk\\\/de\\\/produkt\\\/camlock-schlussel-nr-606-generalschlussel\\\/#primaryimage\"},\"image\":{\"@id\":\"https:\\\/\\\/www.welovekeys.co.uk\\\/de\\\/produkt\\\/camlock-schlussel-nr-606-generalschlussel\\\/#primaryimage\"},\"thumbnailUrl\":\"https:\\\/\\\/www.welovekeys.co.uk\\\/wp-content\\\/uploads\\\/2019\\\/07\\\/606.jpg\",\"datePublished\":\"2019-07-24T11:00:32+00:00\",\"dateModified\":\"2022-06-08T14:51:03+00:00\",\"description\":\"Bestellen Sie Ihre Camlock Systems 606 Schl\u00fcssel noch heute online bei We Love Keys! Schneller Versand, niedrige Preise, hervorragende Kundenbetreuung!\",\"breadcrumb\":{\"@id\":\"https:\\\/\\\/www.welovekeys.co.uk\\\/de\\\/produkt\\\/camlock-schlussel-nr-606-generalschlussel\\\/#breadcrumb\"},\"inLanguage\":\"de\",\"potentialAction\":[{\"@type\":\"ReadAction\",\"target\":[\"https:\\\/\\\/www.welovekeys.co.uk\\\/de\\\/produkt\\\/camlock-schlussel-nr-606-generalschlussel\\\/\"]}]},{\"@type\":\"ImageObject\",\"inLanguage\":\"de\",\"@id\":\"https:\\\/\\\/www.welovekeys.co.uk\\\/de\\\/produkt\\\/camlock-schlussel-nr-606-generalschlussel\\\/#primaryimage\",\"url\":\"https:\\\/\\\/www.welovekeys.co.uk\\\/wp-content\\\/uploads\\\/2019\\\/07\\\/606.jpg\",\"contentUrl\":\"https:\\\/\\\/www.welovekeys.co.uk\\\/wp-content\\\/uploads\\\/2019\\\/07\\\/606.jpg\",\"width\":480,\"height\":480,\"caption\":\"Camlock-Schl\u00fcssel Nr. 606 (Generalschl\u00fcssel)\"},{\"@type\":\"BreadcrumbList\",\"@id\":\"https:\\\/\\\/www.welovekeys.co.uk\\\/de\\\/produkt\\\/camlock-schlussel-nr-606-generalschlussel\\\/#breadcrumb\",\"itemListElement\":[{\"@type\":\"ListItem\",\"position\":1,\"name\":\"Home\",\"item\":\"https:\\\/\\\/www.welovekeys.co.uk\\\/de\\\/startseite-2\\\/\"},{\"@type\":\"ListItem\",\"position\":2,\"name\":\"Shop\",\"item\":\"https:\\\/\\\/www.welovekeys.co.uk\\\/de\\\/shop\\\/\"},{\"@type\":\"ListItem\",\"position\":3,\"name\":\"Camlock-Schl\u00fcssel Nr. 606 (Generalschl\u00fcssel)\"}]},{\"@type\":\"WebSite\",\"@id\":\"https:\\\/\\\/www.welovekeys.co.uk\\\/de\\\/#website\",\"url\":\"https:\\\/\\\/www.welovekeys.co.uk\\\/de\\\/\",\"name\":\"We Love Keys\",\"description\":\"A marketplace for keys\",\"publisher\":{\"@id\":\"https:\\\/\\\/www.welovekeys.co.uk\\\/de\\\/#organization\"},\"potentialAction\":[{\"@type\":\"SearchAction\",\"target\":{\"@type\":\"EntryPoint\",\"urlTemplate\":\"https:\\\/\\\/www.welovekeys.co.uk\\\/de\\\/?s={search_term_string}\"},\"query-input\":{\"@type\":\"PropertyValueSpecification\",\"valueRequired\":true,\"valueName\":\"search_term_string\"}}],\"inLanguage\":\"de\"},{\"@type\":\"Organization\",\"@id\":\"https:\\\/\\\/www.welovekeys.co.uk\\\/de\\\/#organization\",\"name\":\"We Love Keys\",\"url\":\"https:\\\/\\\/www.welovekeys.co.uk\\\/de\\\/\",\"logo\":{\"@type\":\"ImageObject\",\"inLanguage\":\"de\",\"@id\":\"https:\\\/\\\/www.welovekeys.co.uk\\\/de\\\/#\\\/schema\\\/logo\\\/image\\\/\",\"url\":\"https:\\\/\\\/www.welovekeys.co.uk\\\/wp-content\\\/uploads\\\/2017\\\/06\\\/WE.png\",\"contentUrl\":\"https:\\\/\\\/www.welovekeys.co.uk\\\/wp-content\\\/uploads\\\/2017\\\/06\\\/WE.png\",\"width\":348,\"height\":66,\"caption\":\"We Love Keys\"},\"image\":{\"@id\":\"https:\\\/\\\/www.welovekeys.co.uk\\\/de\\\/#\\\/schema\\\/logo\\\/image\\\/\"}}]}<\/script>\n<!-- \/ Yoast SEO plugin. -->","yoast_head_json":{"title":"Camlock 606 Generalschl\u00fcssel online bestellen! - We Love Keys","description":"Bestellen Sie Ihre Camlock Systems 606 Schl\u00fcssel noch heute online bei We Love Keys! Schneller Versand, niedrige Preise, hervorragende Kundenbetreuung!","robots":{"index":"index","follow":"follow","max-snippet":"max-snippet:-1","max-image-preview":"max-image-preview:large","max-video-preview":"max-video-preview:-1"},"canonical":"https:\/\/www.welovekeys.co.uk\/de\/produkt\/camlock-schlussel-nr-606-generalschlussel\/","og_locale":"de_DE","og_type":"article","og_title":"Camlock 606 Generalschl\u00fcssel online bestellen! - We Love Keys","og_description":"Bestellen Sie Ihre Camlock Systems 606 Schl\u00fcssel noch heute online bei We Love Keys! Schneller Versand, niedrige Preise, hervorragende Kundenbetreuung!","og_url":"https:\/\/www.welovekeys.co.uk\/de\/produkt\/camlock-schlussel-nr-606-generalschlussel\/","og_site_name":"We Love Keys","article_modified_time":"2022-06-08T14:51:03+00:00","og_image":[{"width":480,"height":480,"url":"https:\/\/www.welovekeys.co.uk\/wp-content\/uploads\/2019\/07\/606.jpg","type":"image\/jpeg"}],"twitter_card":"summary_large_image","schema":{"@context":"https:\/\/schema.org","@graph":[{"@type":"WebPage","@id":"https:\/\/www.welovekeys.co.uk\/de\/produkt\/camlock-schlussel-nr-606-generalschlussel\/","url":"https:\/\/www.welovekeys.co.uk\/de\/produkt\/camlock-schlussel-nr-606-generalschlussel\/","name":"Camlock 606 Generalschl\u00fcssel online bestellen! - We Love Keys","isPartOf":{"@id":"https:\/\/www.welovekeys.co.uk\/de\/#website"},"primaryImageOfPage":{"@id":"https:\/\/www.welovekeys.co.uk\/de\/produkt\/camlock-schlussel-nr-606-generalschlussel\/#primaryimage"},"image":{"@id":"https:\/\/www.welovekeys.co.uk\/de\/produkt\/camlock-schlussel-nr-606-generalschlussel\/#primaryimage"},"thumbnailUrl":"https:\/\/www.welovekeys.co.uk\/wp-content\/uploads\/2019\/07\/606.jpg","datePublished":"2019-07-24T11:00:32+00:00","dateModified":"2022-06-08T14:51:03+00:00","description":"Bestellen Sie Ihre Camlock Systems 606 Schl\u00fcssel noch heute online bei We Love Keys! Schneller Versand, niedrige Preise, hervorragende Kundenbetreuung!","breadcrumb":{"@id":"https:\/\/www.welovekeys.co.uk\/de\/produkt\/camlock-schlussel-nr-606-generalschlussel\/#breadcrumb"},"inLanguage":"de","potentialAction":[{"@type":"ReadAction","target":["https:\/\/www.welovekeys.co.uk\/de\/produkt\/camlock-schlussel-nr-606-generalschlussel\/"]}]},{"@type":"ImageObject","inLanguage":"de","@id":"https:\/\/www.welovekeys.co.uk\/de\/produkt\/camlock-schlussel-nr-606-generalschlussel\/#primaryimage","url":"https:\/\/www.welovekeys.co.uk\/wp-content\/uploads\/2019\/07\/606.jpg","contentUrl":"https:\/\/www.welovekeys.co.uk\/wp-content\/uploads\/2019\/07\/606.jpg","width":480,"height":480,"caption":"Camlock-Schl\u00fcssel Nr. 606 (Generalschl\u00fcssel)"},{"@type":"BreadcrumbList","@id":"https:\/\/www.welovekeys.co.uk\/de\/produkt\/camlock-schlussel-nr-606-generalschlussel\/#breadcrumb","itemListElement":[{"@type":"ListItem","position":1,"name":"Home","item":"https:\/\/www.welovekeys.co.uk\/de\/startseite-2\/"},{"@type":"ListItem","position":2,"name":"Shop","item":"https:\/\/www.welovekeys.co.uk\/de\/shop\/"},{"@type":"ListItem","position":3,"name":"Camlock-Schl\u00fcssel Nr. 606 (Generalschl\u00fcssel)"}]},{"@type":"WebSite","@id":"https:\/\/www.welovekeys.co.uk\/de\/#website","url":"https:\/\/www.welovekeys.co.uk\/de\/","name":"We Love Keys","description":"A marketplace for keys","publisher":{"@id":"https:\/\/www.welovekeys.co.uk\/de\/#organization"},"potentialAction":[{"@type":"SearchAction","target":{"@type":"EntryPoint","urlTemplate":"https:\/\/www.welovekeys.co.uk\/de\/?s={search_term_string}"},"query-input":{"@type":"PropertyValueSpecification","valueRequired":true,"valueName":"search_term_string"}}],"inLanguage":"de"},{"@type":"Organization","@id":"https:\/\/www.welovekeys.co.uk\/de\/#organization","name":"We Love Keys","url":"https:\/\/www.welovekeys.co.uk\/de\/","logo":{"@type":"ImageObject","inLanguage":"de","@id":"https:\/\/www.welovekeys.co.uk\/de\/#\/schema\/logo\/image\/","url":"https:\/\/www.welovekeys.co.uk\/wp-content\/uploads\/2017\/06\/WE.png","contentUrl":"https:\/\/www.welovekeys.co.uk\/wp-content\/uploads\/2017\/06\/WE.png","width":348,"height":66,"caption":"We Love Keys"},"image":{"@id":"https:\/\/www.welovekeys.co.uk\/de\/#\/schema\/logo\/image\/"}}]}},"_links":{"self":[{"href":"https:\/\/www.welovekeys.co.uk\/de\/wp-json\/wp\/v2\/product\/5820","targetHints":{"allow":["GET"]}}],"collection":[{"href":"https:\/\/www.welovekeys.co.uk\/de\/wp-json\/wp\/v2\/product"}],"about":[{"href":"https:\/\/www.welovekeys.co.uk\/de\/wp-json\/wp\/v2\/types\/product"}],"wp:featuredmedia":[{"embeddable":true,"href":"https:\/\/www.welovekeys.co.uk\/de\/wp-json\/wp\/v2\/media\/3156"}],"wp:attachment":[{"href":"https:\/\/www.welovekeys.co.uk\/de\/wp-json\/wp\/v2\/media?parent=5820"}],"wp:term":[{"taxonomy":"product_brand","embeddable":true,"href":"https:\/\/www.welovekeys.co.uk\/de\/wp-json\/wp\/v2\/product_brand?post=5820"},{"taxonomy":"product_cat","embeddable":true,"href":"https:\/\/www.welovekeys.co.uk\/de\/wp-json\/wp\/v2\/product_cat?post=5820"},{"taxonomy":"product_tag","embeddable":true,"href":"https:\/\/www.welovekeys.co.uk\/de\/wp-json\/wp\/v2\/product_tag?post=5820"}],"curies":[{"name":"wp","href":"https:\/\/api.w.org\/{rel}","templated":true}]}}