{"id":4636,"date":"2020-03-11T14:05:40","date_gmt":"2020-03-11T14:05:40","guid":{"rendered":"https:\/\/www.welovekeys.co.uk\/product\/tesa-te5-te6-2\/"},"modified":"2020-03-11T14:18:49","modified_gmt":"2020-03-11T14:18:49","slug":"tesa-te5-te6-2","status":"publish","type":"product","link":"https:\/\/www.welovekeys.co.uk\/de\/produkt\/tesa-te5-te6-2\/","title":{"rendered":"TESA TE5 &#038; TE6"},"content":{"rendered":"<p>TESA is ein spanischer Schlosshersteller der europaweit seine Produkte in T&uuml;ren einbaut. Bei We Love Keys sind deren TESA TE5- und TE6-Schl&uuml;ssel erh&auml;ltlich.<\/p>\n<p>TE5-Schl&uuml;ssel haben &uuml;blicherweise eine Codenummer draufgestempelt, die normalerweise mit 5 Ziffern anf&auml;ngt, gefolgt von einem Buchstaben, z.B. 68445A.<\/p>\n<p>(Wenn Ihr Code ein X beinhaltet, k&ouml;nnen wir Ihr Schl&uuml;ssel leider nicht herstellen.)<\/p>\n<p><strong><em>Wir k\u00f6nnen dieses Produkt am Tag der Bestellung verschicken, wenn Sie Werktags vor 14:00 Uhr bestellen.<\/em><\/strong><\/p>\n","protected":false},"excerpt":{"rendered":"<div id=\"discounttable\"><strong>2+ Schl\u00fcssel = 10% Rabatt<br \/>\n5+ Schl\u00fcssel = 16% Rabatt<br \/>\n10+ Schl\u00fcssel = 22% Rabatt<br \/>\n20+ Schl\u00fcssel = <a href=\"https:\/\/www.welovekeys.co.uk\/de\/hilfe\/\" target=\"_blank\">schreiben Sie uns<\/a><br \/>Rabatt wird im Warenkorb gezeigt.<\/strong><\/div>\n","protected":false},"featured_media":2754,"template":"","meta":{"_et_pb_use_builder":"","_et_pb_old_content":"","_et_gb_content_width":""},"product_brand":[],"product_cat":[748,78,712,741],"product_tag":[],"class_list":{"0":"post-4636","1":"product","2":"type-product","3":"status-publish","4":"has-post-thumbnail","6":"product_cat-one-side-de","7":"product_cat-tesa-schlussel","8":"product_cat-tur","9":"product_cat-zylinderschlussel","10":"product_shipping_class-env-de","12":"first","13":"instock","14":"featured","15":"taxable","16":"shipping-taxable","17":"purchasable","18":"product-type-simple"},"yoast_head":"<!-- This site is optimized with the Yoast SEO plugin v27.4 - https:\/\/yoast.com\/product\/yoast-seo-wordpress\/ -->\n<title>TESA TE5 Schl\u00fcssel Jetzt Online Bestellen bei We Love Keys!<\/title>\n<meta name=\"description\" content=\"Bestellen Sie noch heute Ihre TESA TE5 Schl\u00fcssel bei We Love Keys, der Online-Service f\u00fcr TESA-Schl\u00fcssel. Tolle Preise, schneller Versand, super Service!\" \/>\n<meta name=\"robots\" content=\"index, follow, max-snippet:-1, max-image-preview:large, max-video-preview:-1\" \/>\n<link rel=\"canonical\" href=\"https:\/\/www.welovekeys.co.uk\/de\/produkt\/tesa-te5-te6-2\/\" \/>\n<meta property=\"og:locale\" content=\"de_DE\" \/>\n<meta property=\"og:type\" content=\"article\" \/>\n<meta property=\"og:title\" content=\"TESA TE5 Schl\u00fcssel Jetzt Online Bestellen bei We Love Keys!\" \/>\n<meta property=\"og:description\" content=\"Bestellen Sie noch heute Ihre TESA TE5 Schl\u00fcssel bei We Love Keys, der Online-Service f\u00fcr TESA-Schl\u00fcssel. Tolle Preise, schneller Versand, super Service!\" \/>\n<meta property=\"og:url\" content=\"https:\/\/www.welovekeys.co.uk\/de\/produkt\/tesa-te5-te6-2\/\" \/>\n<meta property=\"og:site_name\" content=\"We Love Keys\" \/>\n<meta property=\"article:modified_time\" content=\"2020-03-11T14:18:49+00:00\" \/>\n<meta property=\"og:image\" content=\"https:\/\/www.welovekeys.co.uk\/wp-content\/uploads\/2019\/05\/TESA-TE5.png\" \/>\n\t<meta property=\"og:image:width\" content=\"510\" \/>\n\t<meta property=\"og:image:height\" content=\"510\" \/>\n\t<meta property=\"og:image:type\" content=\"image\/png\" \/>\n<meta name=\"twitter:card\" content=\"summary_large_image\" \/>\n<script type=\"application\/ld+json\" class=\"yoast-schema-graph\">{\"@context\":\"https:\\\/\\\/schema.org\",\"@graph\":[{\"@type\":\"WebPage\",\"@id\":\"https:\\\/\\\/www.welovekeys.co.uk\\\/de\\\/produkt\\\/tesa-te5-te6-2\\\/\",\"url\":\"https:\\\/\\\/www.welovekeys.co.uk\\\/de\\\/produkt\\\/tesa-te5-te6-2\\\/\",\"name\":\"TESA TE5 Schl\u00fcssel Jetzt Online Bestellen bei We Love Keys!\",\"isPartOf\":{\"@id\":\"https:\\\/\\\/www.welovekeys.co.uk\\\/de\\\/#website\"},\"primaryImageOfPage\":{\"@id\":\"https:\\\/\\\/www.welovekeys.co.uk\\\/de\\\/produkt\\\/tesa-te5-te6-2\\\/#primaryimage\"},\"image\":{\"@id\":\"https:\\\/\\\/www.welovekeys.co.uk\\\/de\\\/produkt\\\/tesa-te5-te6-2\\\/#primaryimage\"},\"thumbnailUrl\":\"https:\\\/\\\/www.welovekeys.co.uk\\\/wp-content\\\/uploads\\\/2019\\\/05\\\/TESA-TE5.png\",\"datePublished\":\"2020-03-11T14:05:40+00:00\",\"dateModified\":\"2020-03-11T14:18:49+00:00\",\"description\":\"Bestellen Sie noch heute Ihre TESA TE5 Schl\u00fcssel bei We Love Keys, der Online-Service f\u00fcr TESA-Schl\u00fcssel. Tolle Preise, schneller Versand, super Service!\",\"breadcrumb\":{\"@id\":\"https:\\\/\\\/www.welovekeys.co.uk\\\/de\\\/produkt\\\/tesa-te5-te6-2\\\/#breadcrumb\"},\"inLanguage\":\"de\",\"potentialAction\":[{\"@type\":\"ReadAction\",\"target\":[\"https:\\\/\\\/www.welovekeys.co.uk\\\/de\\\/produkt\\\/tesa-te5-te6-2\\\/\"]}]},{\"@type\":\"ImageObject\",\"inLanguage\":\"de\",\"@id\":\"https:\\\/\\\/www.welovekeys.co.uk\\\/de\\\/produkt\\\/tesa-te5-te6-2\\\/#primaryimage\",\"url\":\"https:\\\/\\\/www.welovekeys.co.uk\\\/wp-content\\\/uploads\\\/2019\\\/05\\\/TESA-TE5.png\",\"contentUrl\":\"https:\\\/\\\/www.welovekeys.co.uk\\\/wp-content\\\/uploads\\\/2019\\\/05\\\/TESA-TE5.png\",\"width\":510,\"height\":510,\"caption\":\"TESA TE5 Key\"},{\"@type\":\"BreadcrumbList\",\"@id\":\"https:\\\/\\\/www.welovekeys.co.uk\\\/de\\\/produkt\\\/tesa-te5-te6-2\\\/#breadcrumb\",\"itemListElement\":[{\"@type\":\"ListItem\",\"position\":1,\"name\":\"Home\",\"item\":\"https:\\\/\\\/www.welovekeys.co.uk\\\/de\\\/startseite-2\\\/\"},{\"@type\":\"ListItem\",\"position\":2,\"name\":\"Shop\",\"item\":\"https:\\\/\\\/www.welovekeys.co.uk\\\/de\\\/shop\\\/\"},{\"@type\":\"ListItem\",\"position\":3,\"name\":\"TESA TE5 &#038; TE6\"}]},{\"@type\":\"WebSite\",\"@id\":\"https:\\\/\\\/www.welovekeys.co.uk\\\/de\\\/#website\",\"url\":\"https:\\\/\\\/www.welovekeys.co.uk\\\/de\\\/\",\"name\":\"We Love Keys\",\"description\":\"A marketplace for keys\",\"publisher\":{\"@id\":\"https:\\\/\\\/www.welovekeys.co.uk\\\/de\\\/#organization\"},\"potentialAction\":[{\"@type\":\"SearchAction\",\"target\":{\"@type\":\"EntryPoint\",\"urlTemplate\":\"https:\\\/\\\/www.welovekeys.co.uk\\\/de\\\/?s={search_term_string}\"},\"query-input\":{\"@type\":\"PropertyValueSpecification\",\"valueRequired\":true,\"valueName\":\"search_term_string\"}}],\"inLanguage\":\"de\"},{\"@type\":\"Organization\",\"@id\":\"https:\\\/\\\/www.welovekeys.co.uk\\\/de\\\/#organization\",\"name\":\"We Love Keys\",\"url\":\"https:\\\/\\\/www.welovekeys.co.uk\\\/de\\\/\",\"logo\":{\"@type\":\"ImageObject\",\"inLanguage\":\"de\",\"@id\":\"https:\\\/\\\/www.welovekeys.co.uk\\\/de\\\/#\\\/schema\\\/logo\\\/image\\\/\",\"url\":\"https:\\\/\\\/www.welovekeys.co.uk\\\/wp-content\\\/uploads\\\/2017\\\/06\\\/WE.png\",\"contentUrl\":\"https:\\\/\\\/www.welovekeys.co.uk\\\/wp-content\\\/uploads\\\/2017\\\/06\\\/WE.png\",\"width\":348,\"height\":66,\"caption\":\"We Love Keys\"},\"image\":{\"@id\":\"https:\\\/\\\/www.welovekeys.co.uk\\\/de\\\/#\\\/schema\\\/logo\\\/image\\\/\"}}]}<\/script>\n<!-- \/ Yoast SEO plugin. -->","yoast_head_json":{"title":"TESA TE5 Schl\u00fcssel Jetzt Online Bestellen bei We Love Keys!","description":"Bestellen Sie noch heute Ihre TESA TE5 Schl\u00fcssel bei We Love Keys, der Online-Service f\u00fcr TESA-Schl\u00fcssel. Tolle Preise, schneller Versand, super Service!","robots":{"index":"index","follow":"follow","max-snippet":"max-snippet:-1","max-image-preview":"max-image-preview:large","max-video-preview":"max-video-preview:-1"},"canonical":"https:\/\/www.welovekeys.co.uk\/de\/produkt\/tesa-te5-te6-2\/","og_locale":"de_DE","og_type":"article","og_title":"TESA TE5 Schl\u00fcssel Jetzt Online Bestellen bei We Love Keys!","og_description":"Bestellen Sie noch heute Ihre TESA TE5 Schl\u00fcssel bei We Love Keys, der Online-Service f\u00fcr TESA-Schl\u00fcssel. Tolle Preise, schneller Versand, super Service!","og_url":"https:\/\/www.welovekeys.co.uk\/de\/produkt\/tesa-te5-te6-2\/","og_site_name":"We Love Keys","article_modified_time":"2020-03-11T14:18:49+00:00","og_image":[{"width":510,"height":510,"url":"https:\/\/www.welovekeys.co.uk\/wp-content\/uploads\/2019\/05\/TESA-TE5.png","type":"image\/png"}],"twitter_card":"summary_large_image","schema":{"@context":"https:\/\/schema.org","@graph":[{"@type":"WebPage","@id":"https:\/\/www.welovekeys.co.uk\/de\/produkt\/tesa-te5-te6-2\/","url":"https:\/\/www.welovekeys.co.uk\/de\/produkt\/tesa-te5-te6-2\/","name":"TESA TE5 Schl\u00fcssel Jetzt Online Bestellen bei We Love Keys!","isPartOf":{"@id":"https:\/\/www.welovekeys.co.uk\/de\/#website"},"primaryImageOfPage":{"@id":"https:\/\/www.welovekeys.co.uk\/de\/produkt\/tesa-te5-te6-2\/#primaryimage"},"image":{"@id":"https:\/\/www.welovekeys.co.uk\/de\/produkt\/tesa-te5-te6-2\/#primaryimage"},"thumbnailUrl":"https:\/\/www.welovekeys.co.uk\/wp-content\/uploads\/2019\/05\/TESA-TE5.png","datePublished":"2020-03-11T14:05:40+00:00","dateModified":"2020-03-11T14:18:49+00:00","description":"Bestellen Sie noch heute Ihre TESA TE5 Schl\u00fcssel bei We Love Keys, der Online-Service f\u00fcr TESA-Schl\u00fcssel. Tolle Preise, schneller Versand, super Service!","breadcrumb":{"@id":"https:\/\/www.welovekeys.co.uk\/de\/produkt\/tesa-te5-te6-2\/#breadcrumb"},"inLanguage":"de","potentialAction":[{"@type":"ReadAction","target":["https:\/\/www.welovekeys.co.uk\/de\/produkt\/tesa-te5-te6-2\/"]}]},{"@type":"ImageObject","inLanguage":"de","@id":"https:\/\/www.welovekeys.co.uk\/de\/produkt\/tesa-te5-te6-2\/#primaryimage","url":"https:\/\/www.welovekeys.co.uk\/wp-content\/uploads\/2019\/05\/TESA-TE5.png","contentUrl":"https:\/\/www.welovekeys.co.uk\/wp-content\/uploads\/2019\/05\/TESA-TE5.png","width":510,"height":510,"caption":"TESA TE5 Key"},{"@type":"BreadcrumbList","@id":"https:\/\/www.welovekeys.co.uk\/de\/produkt\/tesa-te5-te6-2\/#breadcrumb","itemListElement":[{"@type":"ListItem","position":1,"name":"Home","item":"https:\/\/www.welovekeys.co.uk\/de\/startseite-2\/"},{"@type":"ListItem","position":2,"name":"Shop","item":"https:\/\/www.welovekeys.co.uk\/de\/shop\/"},{"@type":"ListItem","position":3,"name":"TESA TE5 &#038; TE6"}]},{"@type":"WebSite","@id":"https:\/\/www.welovekeys.co.uk\/de\/#website","url":"https:\/\/www.welovekeys.co.uk\/de\/","name":"We Love Keys","description":"A marketplace for keys","publisher":{"@id":"https:\/\/www.welovekeys.co.uk\/de\/#organization"},"potentialAction":[{"@type":"SearchAction","target":{"@type":"EntryPoint","urlTemplate":"https:\/\/www.welovekeys.co.uk\/de\/?s={search_term_string}"},"query-input":{"@type":"PropertyValueSpecification","valueRequired":true,"valueName":"search_term_string"}}],"inLanguage":"de"},{"@type":"Organization","@id":"https:\/\/www.welovekeys.co.uk\/de\/#organization","name":"We Love Keys","url":"https:\/\/www.welovekeys.co.uk\/de\/","logo":{"@type":"ImageObject","inLanguage":"de","@id":"https:\/\/www.welovekeys.co.uk\/de\/#\/schema\/logo\/image\/","url":"https:\/\/www.welovekeys.co.uk\/wp-content\/uploads\/2017\/06\/WE.png","contentUrl":"https:\/\/www.welovekeys.co.uk\/wp-content\/uploads\/2017\/06\/WE.png","width":348,"height":66,"caption":"We Love Keys"},"image":{"@id":"https:\/\/www.welovekeys.co.uk\/de\/#\/schema\/logo\/image\/"}}]}},"_links":{"self":[{"href":"https:\/\/www.welovekeys.co.uk\/de\/wp-json\/wp\/v2\/product\/4636","targetHints":{"allow":["GET"]}}],"collection":[{"href":"https:\/\/www.welovekeys.co.uk\/de\/wp-json\/wp\/v2\/product"}],"about":[{"href":"https:\/\/www.welovekeys.co.uk\/de\/wp-json\/wp\/v2\/types\/product"}],"wp:featuredmedia":[{"embeddable":true,"href":"https:\/\/www.welovekeys.co.uk\/de\/wp-json\/wp\/v2\/media\/2754"}],"wp:attachment":[{"href":"https:\/\/www.welovekeys.co.uk\/de\/wp-json\/wp\/v2\/media?parent=4636"}],"wp:term":[{"taxonomy":"product_brand","embeddable":true,"href":"https:\/\/www.welovekeys.co.uk\/de\/wp-json\/wp\/v2\/product_brand?post=4636"},{"taxonomy":"product_cat","embeddable":true,"href":"https:\/\/www.welovekeys.co.uk\/de\/wp-json\/wp\/v2\/product_cat?post=4636"},{"taxonomy":"product_tag","embeddable":true,"href":"https:\/\/www.welovekeys.co.uk\/de\/wp-json\/wp\/v2\/product_tag?post=4636"}],"curies":[{"name":"wp","href":"https:\/\/api.w.org\/{rel}","templated":true}]}}