{"id":4373,"date":"2020-01-30T16:35:22","date_gmt":"2020-01-30T16:35:23","guid":{"rendered":"https:\/\/www.welovekeys.co.uk\/?post_type=product&#038;p=4373"},"modified":"2020-02-12T14:34:24","modified_gmt":"2020-02-12T14:34:24","slug":"sts-schlussel-j9536-fur-schalter","status":"publish","type":"product","link":"https:\/\/www.welovekeys.co.uk\/de\/produkt\/sts-schlussel-j9536-fur-schalter\/","title":{"rendered":"STS Schl\u00fcssel J9536 f\u00fcr Schalter"},"content":{"rendered":"<p>Mit den Aufzugschl\u00fcsseln STS J9536 werden zahlreiche verschiedene Aufzugschl\u00f6sser und -schalter bedient, insbesondere die von Schindler.<\/p>\n<p>Wohlgemerkt: J9536 k\u00f6nnte auch &#8218;TESA&#8216; und\/oder &#8218;ASSA Abloy&#8216; auf der R\u00fcckseite haben.<\/p>\n<p>W\u00e4hlen Sie einfach die Anzahl der J9536-Schl\u00fcssel aus, die Sie oben ben\u00f6tigen, und wir erledigen den Rest!<\/p>\n<p><em><strong>STS Schl\u00fcssel werden noch am selben Tag versandt, wenn sie vor 14 Uhr bestellt werden.<\/strong><\/em><\/p>\n","protected":false},"excerpt":{"rendered":"<p>STS Schl\u00fcssel J9536 f\u00fcr Schindler Schalter.<\/p>\n<div id=\"discounttable\"><strong>2+ Schl\u00fcssel = 10% Rabatt<br \/>\n5+ Schl\u00fcssel = 16% Rabatt<br \/>\n10+ Schl\u00fcssel = 22% Rabatt<br \/>\n20+ Schl\u00fcssel = <a href=\"https:\/\/www.welovekeys.co.uk\/de\/hilfe\/\" target=\"_blank\">schreiben Sie uns<\/a><br \/>Rabatt wird im Warenkorb gezeigt.<\/strong><\/div>\n","protected":false},"featured_media":4463,"template":"","meta":{"_et_pb_use_builder":"","_et_pb_old_content":"","_et_gb_content_width":""},"product_brand":[],"product_cat":[76,716,78],"product_tag":[],"class_list":{"0":"post-4373","1":"product","2":"type-product","3":"status-publish","4":"has-post-thumbnail","6":"product_cat-bohrmuldenschlussel","7":"product_cat-lift-de","8":"product_cat-tesa-schlussel","9":"product_shipping_class-env-de","11":"first","12":"instock","13":"taxable","14":"shipping-taxable","15":"purchasable","16":"product-type-simple"},"yoast_head":"<!-- This site is optimized with the Yoast SEO plugin v27.4 - https:\/\/yoast.com\/product\/yoast-seo-wordpress\/ -->\n<title>STS Schalterschl\u00fcssel J9536 - We Love Keys Online Schl\u00fcssel-Fabrik<\/title>\n<meta name=\"description\" content=\"Bestellen Sie STS J9536 Schl\u00fcssel online mit We Love Keys! Schnelle Abwicklung, gute Preise. Erkundigen Sie sich online oder unter +442076080809.\" \/>\n<meta name=\"robots\" content=\"index, follow, max-snippet:-1, max-image-preview:large, max-video-preview:-1\" \/>\n<link rel=\"canonical\" href=\"https:\/\/www.welovekeys.co.uk\/de\/produkt\/sts-schlussel-j9536-fur-schalter\/\" \/>\n<meta property=\"og:locale\" content=\"de_DE\" \/>\n<meta property=\"og:type\" content=\"article\" \/>\n<meta property=\"og:title\" content=\"STS Schalterschl\u00fcssel J9536 - We Love Keys Online Schl\u00fcssel-Fabrik\" \/>\n<meta property=\"og:description\" content=\"Bestellen Sie STS J9536 Schl\u00fcssel online mit We Love Keys! Schnelle Abwicklung, gute Preise. Erkundigen Sie sich online oder unter +442076080809.\" \/>\n<meta property=\"og:url\" content=\"https:\/\/www.welovekeys.co.uk\/de\/produkt\/sts-schlussel-j9536-fur-schalter\/\" \/>\n<meta property=\"og:site_name\" content=\"We Love Keys\" \/>\n<meta property=\"article:modified_time\" content=\"2020-02-12T14:34:24+00:00\" \/>\n<meta property=\"og:image\" content=\"https:\/\/www.welovekeys.co.uk\/wp-content\/uploads\/2020\/01\/TESA-STS-1.jpg\" \/>\n\t<meta property=\"og:image:width\" content=\"336\" \/>\n\t<meta property=\"og:image:height\" content=\"336\" \/>\n\t<meta property=\"og:image:type\" content=\"image\/jpeg\" \/>\n<meta name=\"twitter:card\" content=\"summary_large_image\" \/>\n<script type=\"application\/ld+json\" class=\"yoast-schema-graph\">{\"@context\":\"https:\\\/\\\/schema.org\",\"@graph\":[{\"@type\":\"WebPage\",\"@id\":\"https:\\\/\\\/www.welovekeys.co.uk\\\/de\\\/produkt\\\/sts-schlussel-j9536-fur-schalter\\\/\",\"url\":\"https:\\\/\\\/www.welovekeys.co.uk\\\/de\\\/produkt\\\/sts-schlussel-j9536-fur-schalter\\\/\",\"name\":\"STS Schalterschl\u00fcssel J9536 - We Love Keys Online Schl\u00fcssel-Fabrik\",\"isPartOf\":{\"@id\":\"https:\\\/\\\/www.welovekeys.co.uk\\\/de\\\/#website\"},\"primaryImageOfPage\":{\"@id\":\"https:\\\/\\\/www.welovekeys.co.uk\\\/de\\\/produkt\\\/sts-schlussel-j9536-fur-schalter\\\/#primaryimage\"},\"image\":{\"@id\":\"https:\\\/\\\/www.welovekeys.co.uk\\\/de\\\/produkt\\\/sts-schlussel-j9536-fur-schalter\\\/#primaryimage\"},\"thumbnailUrl\":\"https:\\\/\\\/www.welovekeys.co.uk\\\/wp-content\\\/uploads\\\/2020\\\/01\\\/TESA-STS-1.jpg\",\"datePublished\":\"2020-01-30T16:35:23+00:00\",\"dateModified\":\"2020-02-12T14:34:24+00:00\",\"description\":\"Bestellen Sie STS J9536 Schl\u00fcssel online mit We Love Keys! Schnelle Abwicklung, gute Preise. Erkundigen Sie sich online oder unter +442076080809.\",\"breadcrumb\":{\"@id\":\"https:\\\/\\\/www.welovekeys.co.uk\\\/de\\\/produkt\\\/sts-schlussel-j9536-fur-schalter\\\/#breadcrumb\"},\"inLanguage\":\"de\",\"potentialAction\":[{\"@type\":\"ReadAction\",\"target\":[\"https:\\\/\\\/www.welovekeys.co.uk\\\/de\\\/produkt\\\/sts-schlussel-j9536-fur-schalter\\\/\"]}]},{\"@type\":\"ImageObject\",\"inLanguage\":\"de\",\"@id\":\"https:\\\/\\\/www.welovekeys.co.uk\\\/de\\\/produkt\\\/sts-schlussel-j9536-fur-schalter\\\/#primaryimage\",\"url\":\"https:\\\/\\\/www.welovekeys.co.uk\\\/wp-content\\\/uploads\\\/2020\\\/01\\\/TESA-STS-1.jpg\",\"contentUrl\":\"https:\\\/\\\/www.welovekeys.co.uk\\\/wp-content\\\/uploads\\\/2020\\\/01\\\/TESA-STS-1.jpg\",\"width\":336,\"height\":336,\"caption\":\"TESA STS key\"},{\"@type\":\"BreadcrumbList\",\"@id\":\"https:\\\/\\\/www.welovekeys.co.uk\\\/de\\\/produkt\\\/sts-schlussel-j9536-fur-schalter\\\/#breadcrumb\",\"itemListElement\":[{\"@type\":\"ListItem\",\"position\":1,\"name\":\"Home\",\"item\":\"https:\\\/\\\/www.welovekeys.co.uk\\\/de\\\/startseite-2\\\/\"},{\"@type\":\"ListItem\",\"position\":2,\"name\":\"Shop\",\"item\":\"https:\\\/\\\/www.welovekeys.co.uk\\\/de\\\/shop\\\/\"},{\"@type\":\"ListItem\",\"position\":3,\"name\":\"STS Schl\u00fcssel J9536 f\u00fcr Schalter\"}]},{\"@type\":\"WebSite\",\"@id\":\"https:\\\/\\\/www.welovekeys.co.uk\\\/de\\\/#website\",\"url\":\"https:\\\/\\\/www.welovekeys.co.uk\\\/de\\\/\",\"name\":\"We Love Keys\",\"description\":\"A marketplace for keys\",\"publisher\":{\"@id\":\"https:\\\/\\\/www.welovekeys.co.uk\\\/de\\\/#organization\"},\"potentialAction\":[{\"@type\":\"SearchAction\",\"target\":{\"@type\":\"EntryPoint\",\"urlTemplate\":\"https:\\\/\\\/www.welovekeys.co.uk\\\/de\\\/?s={search_term_string}\"},\"query-input\":{\"@type\":\"PropertyValueSpecification\",\"valueRequired\":true,\"valueName\":\"search_term_string\"}}],\"inLanguage\":\"de\"},{\"@type\":\"Organization\",\"@id\":\"https:\\\/\\\/www.welovekeys.co.uk\\\/de\\\/#organization\",\"name\":\"We Love Keys\",\"url\":\"https:\\\/\\\/www.welovekeys.co.uk\\\/de\\\/\",\"logo\":{\"@type\":\"ImageObject\",\"inLanguage\":\"de\",\"@id\":\"https:\\\/\\\/www.welovekeys.co.uk\\\/de\\\/#\\\/schema\\\/logo\\\/image\\\/\",\"url\":\"https:\\\/\\\/www.welovekeys.co.uk\\\/wp-content\\\/uploads\\\/2017\\\/06\\\/WE.png\",\"contentUrl\":\"https:\\\/\\\/www.welovekeys.co.uk\\\/wp-content\\\/uploads\\\/2017\\\/06\\\/WE.png\",\"width\":348,\"height\":66,\"caption\":\"We Love Keys\"},\"image\":{\"@id\":\"https:\\\/\\\/www.welovekeys.co.uk\\\/de\\\/#\\\/schema\\\/logo\\\/image\\\/\"}}]}<\/script>\n<!-- \/ Yoast SEO plugin. -->","yoast_head_json":{"title":"STS Schalterschl\u00fcssel J9536 - We Love Keys Online Schl\u00fcssel-Fabrik","description":"Bestellen Sie STS J9536 Schl\u00fcssel online mit We Love Keys! Schnelle Abwicklung, gute Preise. Erkundigen Sie sich online oder unter +442076080809.","robots":{"index":"index","follow":"follow","max-snippet":"max-snippet:-1","max-image-preview":"max-image-preview:large","max-video-preview":"max-video-preview:-1"},"canonical":"https:\/\/www.welovekeys.co.uk\/de\/produkt\/sts-schlussel-j9536-fur-schalter\/","og_locale":"de_DE","og_type":"article","og_title":"STS Schalterschl\u00fcssel J9536 - We Love Keys Online Schl\u00fcssel-Fabrik","og_description":"Bestellen Sie STS J9536 Schl\u00fcssel online mit We Love Keys! Schnelle Abwicklung, gute Preise. Erkundigen Sie sich online oder unter +442076080809.","og_url":"https:\/\/www.welovekeys.co.uk\/de\/produkt\/sts-schlussel-j9536-fur-schalter\/","og_site_name":"We Love Keys","article_modified_time":"2020-02-12T14:34:24+00:00","og_image":[{"width":336,"height":336,"url":"https:\/\/www.welovekeys.co.uk\/wp-content\/uploads\/2020\/01\/TESA-STS-1.jpg","type":"image\/jpeg"}],"twitter_card":"summary_large_image","schema":{"@context":"https:\/\/schema.org","@graph":[{"@type":"WebPage","@id":"https:\/\/www.welovekeys.co.uk\/de\/produkt\/sts-schlussel-j9536-fur-schalter\/","url":"https:\/\/www.welovekeys.co.uk\/de\/produkt\/sts-schlussel-j9536-fur-schalter\/","name":"STS Schalterschl\u00fcssel J9536 - We Love Keys Online Schl\u00fcssel-Fabrik","isPartOf":{"@id":"https:\/\/www.welovekeys.co.uk\/de\/#website"},"primaryImageOfPage":{"@id":"https:\/\/www.welovekeys.co.uk\/de\/produkt\/sts-schlussel-j9536-fur-schalter\/#primaryimage"},"image":{"@id":"https:\/\/www.welovekeys.co.uk\/de\/produkt\/sts-schlussel-j9536-fur-schalter\/#primaryimage"},"thumbnailUrl":"https:\/\/www.welovekeys.co.uk\/wp-content\/uploads\/2020\/01\/TESA-STS-1.jpg","datePublished":"2020-01-30T16:35:23+00:00","dateModified":"2020-02-12T14:34:24+00:00","description":"Bestellen Sie STS J9536 Schl\u00fcssel online mit We Love Keys! Schnelle Abwicklung, gute Preise. Erkundigen Sie sich online oder unter +442076080809.","breadcrumb":{"@id":"https:\/\/www.welovekeys.co.uk\/de\/produkt\/sts-schlussel-j9536-fur-schalter\/#breadcrumb"},"inLanguage":"de","potentialAction":[{"@type":"ReadAction","target":["https:\/\/www.welovekeys.co.uk\/de\/produkt\/sts-schlussel-j9536-fur-schalter\/"]}]},{"@type":"ImageObject","inLanguage":"de","@id":"https:\/\/www.welovekeys.co.uk\/de\/produkt\/sts-schlussel-j9536-fur-schalter\/#primaryimage","url":"https:\/\/www.welovekeys.co.uk\/wp-content\/uploads\/2020\/01\/TESA-STS-1.jpg","contentUrl":"https:\/\/www.welovekeys.co.uk\/wp-content\/uploads\/2020\/01\/TESA-STS-1.jpg","width":336,"height":336,"caption":"TESA STS key"},{"@type":"BreadcrumbList","@id":"https:\/\/www.welovekeys.co.uk\/de\/produkt\/sts-schlussel-j9536-fur-schalter\/#breadcrumb","itemListElement":[{"@type":"ListItem","position":1,"name":"Home","item":"https:\/\/www.welovekeys.co.uk\/de\/startseite-2\/"},{"@type":"ListItem","position":2,"name":"Shop","item":"https:\/\/www.welovekeys.co.uk\/de\/shop\/"},{"@type":"ListItem","position":3,"name":"STS Schl\u00fcssel J9536 f\u00fcr Schalter"}]},{"@type":"WebSite","@id":"https:\/\/www.welovekeys.co.uk\/de\/#website","url":"https:\/\/www.welovekeys.co.uk\/de\/","name":"We Love Keys","description":"A marketplace for keys","publisher":{"@id":"https:\/\/www.welovekeys.co.uk\/de\/#organization"},"potentialAction":[{"@type":"SearchAction","target":{"@type":"EntryPoint","urlTemplate":"https:\/\/www.welovekeys.co.uk\/de\/?s={search_term_string}"},"query-input":{"@type":"PropertyValueSpecification","valueRequired":true,"valueName":"search_term_string"}}],"inLanguage":"de"},{"@type":"Organization","@id":"https:\/\/www.welovekeys.co.uk\/de\/#organization","name":"We Love Keys","url":"https:\/\/www.welovekeys.co.uk\/de\/","logo":{"@type":"ImageObject","inLanguage":"de","@id":"https:\/\/www.welovekeys.co.uk\/de\/#\/schema\/logo\/image\/","url":"https:\/\/www.welovekeys.co.uk\/wp-content\/uploads\/2017\/06\/WE.png","contentUrl":"https:\/\/www.welovekeys.co.uk\/wp-content\/uploads\/2017\/06\/WE.png","width":348,"height":66,"caption":"We Love Keys"},"image":{"@id":"https:\/\/www.welovekeys.co.uk\/de\/#\/schema\/logo\/image\/"}}]}},"_links":{"self":[{"href":"https:\/\/www.welovekeys.co.uk\/de\/wp-json\/wp\/v2\/product\/4373","targetHints":{"allow":["GET"]}}],"collection":[{"href":"https:\/\/www.welovekeys.co.uk\/de\/wp-json\/wp\/v2\/product"}],"about":[{"href":"https:\/\/www.welovekeys.co.uk\/de\/wp-json\/wp\/v2\/types\/product"}],"wp:featuredmedia":[{"embeddable":true,"href":"https:\/\/www.welovekeys.co.uk\/de\/wp-json\/wp\/v2\/media\/4463"}],"wp:attachment":[{"href":"https:\/\/www.welovekeys.co.uk\/de\/wp-json\/wp\/v2\/media?parent=4373"}],"wp:term":[{"taxonomy":"product_brand","embeddable":true,"href":"https:\/\/www.welovekeys.co.uk\/de\/wp-json\/wp\/v2\/product_brand?post=4373"},{"taxonomy":"product_cat","embeddable":true,"href":"https:\/\/www.welovekeys.co.uk\/de\/wp-json\/wp\/v2\/product_cat?post=4373"},{"taxonomy":"product_tag","embeddable":true,"href":"https:\/\/www.welovekeys.co.uk\/de\/wp-json\/wp\/v2\/product_tag?post=4373"}],"curies":[{"name":"wp","href":"https:\/\/api.w.org\/{rel}","templated":true}]}}