{"id":279370,"date":"2026-05-03T16:37:40","date_gmt":"2026-05-03T15:37:40","guid":{"rendered":"https:\/\/www.welovekeys.co.uk\/?post_type=product&#038;p=279370"},"modified":"2026-05-04T12:32:40","modified_gmt":"2026-05-04T11:32:40","slug":"burg-waechter-tresor-schluessel","status":"publish","type":"product","link":"https:\/\/www.welovekeys.co.uk\/de\/produkt\/burg-waechter-tresor-schluessel\/","title":{"rendered":"Burg-W\u00e4chter Tresorschl\u00fcssel"},"content":{"rendered":"<p>Burg-W\u00e4chter Tresore werden weltweit verwendet, insbesondere in Deutschland. Die abgebildeten Tresorschluessel findet man hauptsaechlich in den Burg-W\u00e4chter Modellreihen CityLine, Combi-Line, Karat. Fr\u00fcher war es eher umstaendlich, diese Burg-W\u00e4chter Tresorschl\u00fcssel zu kopieren, aber jetzt, bei We Love Keys, sind sie einfach im Internet erh\u00e4ltlich!<\/p>\n<p>Die Schl\u00fcssel haben zwei &#8222;B\u00e4rte&#8220; mit asymmetrischen Schnitten (siehe Bild).<\/p>\n<blockquote><p><strong>Wir k\u00f6nnen Kopien dieser Schl\u00fcssel von einem guten Foto machen. Machen Sie einfach ein klares Bild Ihres Schl\u00fcssels auf einer ebenen Fl\u00e4che, laden Sie es auf diese Site (oben) hoch und wir erledigen den Rest.<\/strong><\/p><\/blockquote>\n<p><em><strong>Versand am selben Tag bei den meisten Burg-W\u00e4chter-Tresorschl\u00fcsseln, wenn werktags bis 15:00 Uhr bestellt; die Herstellung kann allerdings bisweilen bis zu einer Woche dauern.<\/strong><\/em><\/p>\n<hr class=\"productPageFootnoteHr\" \/>\n<div class=\"productPageAdditionalInfoDiv\">\n<h3>Ein Foto als Vorlage f\u00fcr Ihren Burg-W\u00e4chter Nachschl\u00fcssel? Kein Problem!<\/h3>\n<p>Wir kopieren Ihre Schl\u00fcssel auch dann passgenau, wenn uns nur ein Foto vorliegt. Das Ergebnis ist so gut wie ein Schl\u00fcssel, der direkt aus der Hauptfabrik von Burg-W\u00e4chter stammt.<\/p>\n<p>Ein cleverer Algorithmus bewertet und misst das von Ihnen eingesandte Bild und \u00fcbersetzt es in die Schnitte eines Sicherheitsschl\u00fcssels. Unsere spezielle elektronische Schl\u00fcsselmaschine stellt Ihren Schl\u00fcssel dann passgenau und pr\u00e4zise her.<\/p>\n<div class=\"trustpilotreviewDiv\">\n<p><img decoding=\"async\" class=\"alignnone size-full wp-image-8350\" src=\"https:\/\/www.welovekeys.co.uk\/wp-content\/uploads\/2021\/04\/trustpilot.png\" alt=\"Trustpilot Five Stars\" width=\"150\" \/><br \/>\n<strong>&#8222;Genial, eine Firma zu finden, die aus ein paar Fotos einen Ersatzschl\u00fcssel f\u00fcr ein altes Schloss herstellen kann.&#8220;<\/strong> \u2013 <a href=\"https:\/\/uk.trustpilot.com\/reviews\/5f46163402e8570814f9196b\" target=\"_blank\" rel=\"noopener\">Trustpilot<\/a><\/p>\n<\/div>\n<\/div>\n","protected":false},"excerpt":{"rendered":"<div id=\"discounttable\"><strong>2+ Schl\u00fcssel = 10% Rabatt<br \/>\n5+ Schl\u00fcssel = 16% Rabatt<br \/>\n10+ Schl\u00fcssel = 22% Rabatt<br \/>\n20+ Schl\u00fcssel = <a href=\"https:\/\/www.welovekeys.co.uk\/de\/hilfe\/\" target=\"_blank\" rel=\"noopener noreferrer\">schreiben Sie uns<\/a><br \/>\nRabatt wird im Warenkorb gezeigt.<\/strong><\/div>\n","protected":false},"featured_media":279374,"template":"","meta":{"_et_pb_use_builder":"","_et_pb_old_content":"","_et_gb_content_width":""},"product_brand":[],"product_cat":[704],"product_tag":[],"class_list":{"0":"post-279370","1":"product","2":"type-product","3":"status-publish","4":"has-post-thumbnail","6":"product_cat-produkten","8":"first","9":"instock","10":"taxable","11":"shipping-taxable","12":"purchasable","13":"product-type-simple"},"yoast_head":"<!-- This site is optimized with the Yoast SEO plugin v27.5 - https:\/\/yoast.com\/product\/yoast-seo-wordpress\/ -->\n<title>Burg-W\u00e4chter Tresor-Schl\u00fcssel online bestellen bei We Love Keys<\/title>\n<meta name=\"description\" content=\"Bestellen Sie Burg-W\u00e4chter Tresorschl\u00fcssel online mit We Love Keys. Laden Sie ein Foto Ihres Schl\u00fcssels hoch und wir erstellen eine genaue Kopie.\" \/>\n<meta name=\"robots\" content=\"index, follow, max-snippet:-1, max-image-preview:large, max-video-preview:-1\" \/>\n<link rel=\"canonical\" href=\"https:\/\/www.welovekeys.co.uk\/de\/produkt\/burg-waechter-tresor-schluessel\/\" \/>\n<meta property=\"og:locale\" content=\"de_DE\" \/>\n<meta property=\"og:type\" content=\"article\" \/>\n<meta property=\"og:title\" content=\"Burg-W\u00e4chter Tresor-Schl\u00fcssel online bestellen bei We Love Keys\" \/>\n<meta property=\"og:description\" content=\"Bestellen Sie Burg-W\u00e4chter Tresorschl\u00fcssel online mit We Love Keys. Laden Sie ein Foto Ihres Schl\u00fcssels hoch und wir erstellen eine genaue Kopie.\" \/>\n<meta property=\"og:url\" content=\"https:\/\/www.welovekeys.co.uk\/de\/produkt\/burg-waechter-tresor-schluessel\/\" \/>\n<meta property=\"og:site_name\" content=\"We Love Keys\" \/>\n<meta property=\"article:modified_time\" content=\"2026-05-04T11:32:40+00:00\" \/>\n<meta property=\"og:image\" content=\"https:\/\/www.welovekeys.co.uk\/wp-content\/uploads\/2026\/05\/Burg-Wachter-safe-key.webp\" \/>\n\t<meta property=\"og:image:width\" content=\"1280\" \/>\n\t<meta property=\"og:image:height\" content=\"1280\" \/>\n\t<meta property=\"og:image:type\" content=\"image\/webp\" \/>\n<meta name=\"twitter:card\" content=\"summary_large_image\" \/>\n<meta name=\"twitter:label1\" content=\"Gesch\u00e4tzte Lesezeit\" \/>\n\t<meta name=\"twitter:data1\" content=\"1\u00a0Minute\" \/>\n<script type=\"application\/ld+json\" class=\"yoast-schema-graph\">{\"@context\":\"https:\\\/\\\/schema.org\",\"@graph\":[{\"@type\":\"WebPage\",\"@id\":\"https:\\\/\\\/www.welovekeys.co.uk\\\/de\\\/produkt\\\/burg-waechter-tresor-schluessel\\\/\",\"url\":\"https:\\\/\\\/www.welovekeys.co.uk\\\/de\\\/produkt\\\/burg-waechter-tresor-schluessel\\\/\",\"name\":\"Burg-W\u00e4chter Tresor-Schl\u00fcssel online bestellen bei We Love Keys\",\"isPartOf\":{\"@id\":\"https:\\\/\\\/www.welovekeys.co.uk\\\/de\\\/#website\"},\"primaryImageOfPage\":{\"@id\":\"https:\\\/\\\/www.welovekeys.co.uk\\\/de\\\/produkt\\\/burg-waechter-tresor-schluessel\\\/#primaryimage\"},\"image\":{\"@id\":\"https:\\\/\\\/www.welovekeys.co.uk\\\/de\\\/produkt\\\/burg-waechter-tresor-schluessel\\\/#primaryimage\"},\"thumbnailUrl\":\"https:\\\/\\\/www.welovekeys.co.uk\\\/wp-content\\\/uploads\\\/2026\\\/05\\\/Burg-Wachter-safe-key.webp\",\"datePublished\":\"2026-05-03T15:37:40+00:00\",\"dateModified\":\"2026-05-04T11:32:40+00:00\",\"description\":\"Bestellen Sie Burg-W\u00e4chter Tresorschl\u00fcssel online mit We Love Keys. Laden Sie ein Foto Ihres Schl\u00fcssels hoch und wir erstellen eine genaue Kopie.\",\"breadcrumb\":{\"@id\":\"https:\\\/\\\/www.welovekeys.co.uk\\\/de\\\/produkt\\\/burg-waechter-tresor-schluessel\\\/#breadcrumb\"},\"inLanguage\":\"de\",\"potentialAction\":[{\"@type\":\"ReadAction\",\"target\":[\"https:\\\/\\\/www.welovekeys.co.uk\\\/de\\\/produkt\\\/burg-waechter-tresor-schluessel\\\/\"]}]},{\"@type\":\"ImageObject\",\"inLanguage\":\"de\",\"@id\":\"https:\\\/\\\/www.welovekeys.co.uk\\\/de\\\/produkt\\\/burg-waechter-tresor-schluessel\\\/#primaryimage\",\"url\":\"https:\\\/\\\/www.welovekeys.co.uk\\\/wp-content\\\/uploads\\\/2026\\\/05\\\/Burg-Wachter-safe-key.webp\",\"contentUrl\":\"https:\\\/\\\/www.welovekeys.co.uk\\\/wp-content\\\/uploads\\\/2026\\\/05\\\/Burg-Wachter-safe-key.webp\",\"width\":1280,\"height\":1280},{\"@type\":\"BreadcrumbList\",\"@id\":\"https:\\\/\\\/www.welovekeys.co.uk\\\/de\\\/produkt\\\/burg-waechter-tresor-schluessel\\\/#breadcrumb\",\"itemListElement\":[{\"@type\":\"ListItem\",\"position\":1,\"name\":\"Home\",\"item\":\"https:\\\/\\\/www.welovekeys.co.uk\\\/de\\\/startseite-2\\\/\"},{\"@type\":\"ListItem\",\"position\":2,\"name\":\"Shop\",\"item\":\"https:\\\/\\\/www.welovekeys.co.uk\\\/de\\\/shop\\\/\"},{\"@type\":\"ListItem\",\"position\":3,\"name\":\"Burg-W\u00e4chter Tresorschl\u00fcssel\"}]},{\"@type\":\"WebSite\",\"@id\":\"https:\\\/\\\/www.welovekeys.co.uk\\\/de\\\/#website\",\"url\":\"https:\\\/\\\/www.welovekeys.co.uk\\\/de\\\/\",\"name\":\"We Love Keys\",\"description\":\"A marketplace for keys\",\"publisher\":{\"@id\":\"https:\\\/\\\/www.welovekeys.co.uk\\\/de\\\/#organization\"},\"alternateName\":\"We Love Keys\",\"potentialAction\":[{\"@type\":\"SearchAction\",\"target\":{\"@type\":\"EntryPoint\",\"urlTemplate\":\"https:\\\/\\\/www.welovekeys.co.uk\\\/de\\\/?s={search_term_string}\"},\"query-input\":{\"@type\":\"PropertyValueSpecification\",\"valueRequired\":true,\"valueName\":\"search_term_string\"}}],\"inLanguage\":\"de\"},{\"@type\":\"Organization\",\"@id\":\"https:\\\/\\\/www.welovekeys.co.uk\\\/de\\\/#organization\",\"name\":\"We Love Keys\",\"url\":\"https:\\\/\\\/www.welovekeys.co.uk\\\/de\\\/\",\"logo\":{\"@type\":\"ImageObject\",\"inLanguage\":\"de\",\"@id\":\"https:\\\/\\\/www.welovekeys.co.uk\\\/de\\\/#\\\/schema\\\/logo\\\/image\\\/\",\"url\":\"https:\\\/\\\/www.welovekeys.co.uk\\\/wp-content\\\/uploads\\\/2017\\\/06\\\/WE.png\",\"contentUrl\":\"https:\\\/\\\/www.welovekeys.co.uk\\\/wp-content\\\/uploads\\\/2017\\\/06\\\/WE.png\",\"width\":348,\"height\":66,\"caption\":\"We Love Keys\"},\"image\":{\"@id\":\"https:\\\/\\\/www.welovekeys.co.uk\\\/de\\\/#\\\/schema\\\/logo\\\/image\\\/\"}}]}<\/script>\n<!-- \/ Yoast SEO plugin. -->","yoast_head_json":{"title":"Burg-W\u00e4chter Tresor-Schl\u00fcssel online bestellen bei We Love Keys","description":"Bestellen Sie Burg-W\u00e4chter Tresorschl\u00fcssel online mit We Love Keys. Laden Sie ein Foto Ihres Schl\u00fcssels hoch und wir erstellen eine genaue Kopie.","robots":{"index":"index","follow":"follow","max-snippet":"max-snippet:-1","max-image-preview":"max-image-preview:large","max-video-preview":"max-video-preview:-1"},"canonical":"https:\/\/www.welovekeys.co.uk\/de\/produkt\/burg-waechter-tresor-schluessel\/","og_locale":"de_DE","og_type":"article","og_title":"Burg-W\u00e4chter Tresor-Schl\u00fcssel online bestellen bei We Love Keys","og_description":"Bestellen Sie Burg-W\u00e4chter Tresorschl\u00fcssel online mit We Love Keys. Laden Sie ein Foto Ihres Schl\u00fcssels hoch und wir erstellen eine genaue Kopie.","og_url":"https:\/\/www.welovekeys.co.uk\/de\/produkt\/burg-waechter-tresor-schluessel\/","og_site_name":"We Love Keys","article_modified_time":"2026-05-04T11:32:40+00:00","og_image":[{"width":1280,"height":1280,"url":"https:\/\/www.welovekeys.co.uk\/wp-content\/uploads\/2026\/05\/Burg-Wachter-safe-key.webp","type":"image\/webp"}],"twitter_card":"summary_large_image","twitter_misc":{"Gesch\u00e4tzte Lesezeit":"1\u00a0Minute"},"schema":{"@context":"https:\/\/schema.org","@graph":[{"@type":"WebPage","@id":"https:\/\/www.welovekeys.co.uk\/de\/produkt\/burg-waechter-tresor-schluessel\/","url":"https:\/\/www.welovekeys.co.uk\/de\/produkt\/burg-waechter-tresor-schluessel\/","name":"Burg-W\u00e4chter Tresor-Schl\u00fcssel online bestellen bei We Love Keys","isPartOf":{"@id":"https:\/\/www.welovekeys.co.uk\/de\/#website"},"primaryImageOfPage":{"@id":"https:\/\/www.welovekeys.co.uk\/de\/produkt\/burg-waechter-tresor-schluessel\/#primaryimage"},"image":{"@id":"https:\/\/www.welovekeys.co.uk\/de\/produkt\/burg-waechter-tresor-schluessel\/#primaryimage"},"thumbnailUrl":"https:\/\/www.welovekeys.co.uk\/wp-content\/uploads\/2026\/05\/Burg-Wachter-safe-key.webp","datePublished":"2026-05-03T15:37:40+00:00","dateModified":"2026-05-04T11:32:40+00:00","description":"Bestellen Sie Burg-W\u00e4chter Tresorschl\u00fcssel online mit We Love Keys. Laden Sie ein Foto Ihres Schl\u00fcssels hoch und wir erstellen eine genaue Kopie.","breadcrumb":{"@id":"https:\/\/www.welovekeys.co.uk\/de\/produkt\/burg-waechter-tresor-schluessel\/#breadcrumb"},"inLanguage":"de","potentialAction":[{"@type":"ReadAction","target":["https:\/\/www.welovekeys.co.uk\/de\/produkt\/burg-waechter-tresor-schluessel\/"]}]},{"@type":"ImageObject","inLanguage":"de","@id":"https:\/\/www.welovekeys.co.uk\/de\/produkt\/burg-waechter-tresor-schluessel\/#primaryimage","url":"https:\/\/www.welovekeys.co.uk\/wp-content\/uploads\/2026\/05\/Burg-Wachter-safe-key.webp","contentUrl":"https:\/\/www.welovekeys.co.uk\/wp-content\/uploads\/2026\/05\/Burg-Wachter-safe-key.webp","width":1280,"height":1280},{"@type":"BreadcrumbList","@id":"https:\/\/www.welovekeys.co.uk\/de\/produkt\/burg-waechter-tresor-schluessel\/#breadcrumb","itemListElement":[{"@type":"ListItem","position":1,"name":"Home","item":"https:\/\/www.welovekeys.co.uk\/de\/startseite-2\/"},{"@type":"ListItem","position":2,"name":"Shop","item":"https:\/\/www.welovekeys.co.uk\/de\/shop\/"},{"@type":"ListItem","position":3,"name":"Burg-W\u00e4chter Tresorschl\u00fcssel"}]},{"@type":"WebSite","@id":"https:\/\/www.welovekeys.co.uk\/de\/#website","url":"https:\/\/www.welovekeys.co.uk\/de\/","name":"We Love Keys","description":"A marketplace for keys","publisher":{"@id":"https:\/\/www.welovekeys.co.uk\/de\/#organization"},"alternateName":"We Love Keys","potentialAction":[{"@type":"SearchAction","target":{"@type":"EntryPoint","urlTemplate":"https:\/\/www.welovekeys.co.uk\/de\/?s={search_term_string}"},"query-input":{"@type":"PropertyValueSpecification","valueRequired":true,"valueName":"search_term_string"}}],"inLanguage":"de"},{"@type":"Organization","@id":"https:\/\/www.welovekeys.co.uk\/de\/#organization","name":"We Love Keys","url":"https:\/\/www.welovekeys.co.uk\/de\/","logo":{"@type":"ImageObject","inLanguage":"de","@id":"https:\/\/www.welovekeys.co.uk\/de\/#\/schema\/logo\/image\/","url":"https:\/\/www.welovekeys.co.uk\/wp-content\/uploads\/2017\/06\/WE.png","contentUrl":"https:\/\/www.welovekeys.co.uk\/wp-content\/uploads\/2017\/06\/WE.png","width":348,"height":66,"caption":"We Love Keys"},"image":{"@id":"https:\/\/www.welovekeys.co.uk\/de\/#\/schema\/logo\/image\/"}}]}},"_links":{"self":[{"href":"https:\/\/www.welovekeys.co.uk\/de\/wp-json\/wp\/v2\/product\/279370","targetHints":{"allow":["GET"]}}],"collection":[{"href":"https:\/\/www.welovekeys.co.uk\/de\/wp-json\/wp\/v2\/product"}],"about":[{"href":"https:\/\/www.welovekeys.co.uk\/de\/wp-json\/wp\/v2\/types\/product"}],"wp:featuredmedia":[{"embeddable":true,"href":"https:\/\/www.welovekeys.co.uk\/de\/wp-json\/wp\/v2\/media\/279374"}],"wp:attachment":[{"href":"https:\/\/www.welovekeys.co.uk\/de\/wp-json\/wp\/v2\/media?parent=279370"}],"wp:term":[{"taxonomy":"product_brand","embeddable":true,"href":"https:\/\/www.welovekeys.co.uk\/de\/wp-json\/wp\/v2\/product_brand?post=279370"},{"taxonomy":"product_cat","embeddable":true,"href":"https:\/\/www.welovekeys.co.uk\/de\/wp-json\/wp\/v2\/product_cat?post=279370"},{"taxonomy":"product_tag","embeddable":true,"href":"https:\/\/www.welovekeys.co.uk\/de\/wp-json\/wp\/v2\/product_tag?post=279370"}],"curies":[{"name":"wp","href":"https:\/\/api.w.org\/{rel}","templated":true}]}}