{"id":251720,"date":"2024-03-05T15:12:05","date_gmt":"2024-03-05T15:12:05","guid":{"rendered":"https:\/\/www.welovekeys.co.uk\/?post_type=product&#038;p=251720"},"modified":"2024-03-05T15:36:59","modified_gmt":"2024-03-05T15:36:59","slug":"mul-t-lock-integrator-348e-schlussel-copy","status":"publish","type":"product","link":"https:\/\/www.welovekeys.co.uk\/de\/produkt\/mul-t-lock-integrator-348e-schlussel-copy\/","title":{"rendered":"Mul-T-Lock Integrator 348E Schl\u00fcssel"},"content":{"rendered":"<p>Integrator ist eine Art von Mul-T-Lock-Sicherheitsschl\u00fcssel. Schl\u00fcssel haben normalerweise ein Metall-, blau- oder schwarzes Plastikoberteil. Oft ist irgendwo auf dem Schl\u00fcssel das Wort &#8222;Integrator&#8220; markiert.<\/p>\n<blockquote>\n<p><strong>Bei We Love Keys k\u00f6nnen wir echte Kopien auf der Grundlage eines Fotos der Sicherheitskarte liefern. Laden Sie einfach ein Foto Ihrer Sicherheitskarte mit dem obigen Tool hoch, und wir erledigen den Rest. Die Schl\u00fcssel werden dann anhand des auf der Karte geschriebenen Codes angefertigt.<\/strong><\/p>\n<\/blockquote>\n<p>Bitte beachten Sie: Ohne ein Foto der Sicherheitskarte k\u00f6nnen diese Schl\u00fcssel nicht geliefert werden.<\/p>\n<p>Diese Schl\u00fcssel, wie alle Mul-T-Lock-Schl\u00fcssel, sind sogenannte Dimple-Schl\u00fcssel, d. h. sie haben eine Reihe von L\u00f6chern in ihnen gebohrt.<\/p>\n<p><em><strong>Diese Schl\u00fcssel k\u00f6nnen einige Werktage dauern, bevor sie versandt werden, da sie aus dem Hauptwerk geliefert werden und nicht in einer lokalen Schlosserwerkstatt geschnitten werden k\u00f6nnen.<\/strong><\/em><\/p>\n<hr class=\"productPageFootnoteHr\" \/>\n<div class=\"productPageAdditionalInfoDiv\">\n<h3>Ein Foto als Vorlage f\u00fcr Ihren Mul-T-Lock Interactive Nachschl\u00fcssel? Kein Problem!<\/h3>\n<p>Wir kopieren Ihre Schl\u00fcssel auch dann passgenau, wenn uns nur ein Foto vorliegt. Das Ergebnis ist so gut wie ein Schl\u00fcssel, der direkt aus der Hauptfabrik von Mul-T-Lock stammt.<\/p>\n<p>Ein cleverer Algorithmus bewertet und misst das von Ihnen eingesandte Bild und \u00fcbersetzt es in die Schnitte eines Mul-T-Lock-Sicherheitsschl\u00fcssels. Unsere spezielle elektronische Schl\u00fcsselmaschine stellt Ihren Schl\u00fcssel dann passgenau und pr\u00e4zise her.<\/p>\n<div class=\"trustpilotreviewDiv\">\n<p><img decoding=\"async\" class=\"alignnone size-full wp-image-8350\" src=\"https:\/\/www.welovekeys.co.uk\/wp-content\/uploads\/2021\/04\/trustpilot.png\" alt=\"Trustpilot Five Stars\" width=\"150\" \/><br \/><strong>\u201cGenial, eine Firma zu finden, die aus ein paar Fotos einen Ersatzschl\u00fcssel f\u00fcr ein altes Schloss herstellen kann.\u201d<\/strong> \u2013 <a href=\"https:\/\/uk.trustpilot.com\/reviews\/5f46163402e8570814f9196b\" target=\"_blank\" rel=\"noopener\">Trustpilot<\/a><\/p>\n<\/div>\n<\/div>\n","protected":false},"excerpt":{"rendered":"<div id=\"discounttable\"><strong>2+ Schl\u00fcssel = 10% Rabatt<br \/>\n5+ Schl\u00fcssel = 16% Rabatt<br \/>\n10+ Schl\u00fcssel = 22% Rabatt<br \/>\n20+ Schl\u00fcssel = <a href=\"https:\/\/www.welovekeys.co.uk\/de\/hilfe\/\" target=\"_blank\" rel=\"noopener noreferrer\">schreiben Sie uns<\/a><br \/>Rabatt wird im Warenkorb gezeigt.<\/strong><\/div>\n","protected":false},"featured_media":251724,"template":"","meta":{"_et_pb_use_builder":"","_et_pb_old_content":"","_et_gb_content_width":""},"product_brand":[],"product_cat":[76,199,712],"product_tag":[],"class_list":{"0":"post-251720","1":"product","2":"type-product","3":"status-publish","4":"has-post-thumbnail","6":"product_cat-bohrmuldenschlussel","7":"product_cat-mul-t-lock-schlussel","8":"product_cat-tur","9":"product_shipping_class-large-letter-de","11":"first","12":"instock","13":"taxable","14":"shipping-taxable","15":"purchasable","16":"product-type-simple"},"yoast_head":"<!-- This site is optimized with the Yoast SEO plugin v27.4 - https:\/\/yoast.com\/product\/yoast-seo-wordpress\/ -->\n<title>Mul-T-Lock Integrator -Schl\u00fcssel jetzt ONLINE bestellen<\/title>\n<meta name=\"description\" content=\"Schneiden Sie echte Mul-T-Lock Integrator 384E Schl\u00fcssel online mit We Love Keys, dem schnellen Schl\u00fcsselschneidedienst. Schl\u00fcssel werden an Ihre T\u00fcr geliefert!\" \/>\n<meta name=\"robots\" content=\"index, follow, max-snippet:-1, max-image-preview:large, max-video-preview:-1\" \/>\n<link rel=\"canonical\" href=\"https:\/\/www.welovekeys.co.uk\/de\/produkt\/mul-t-lock-integrator-348e-schlussel-copy\/\" \/>\n<meta property=\"og:locale\" content=\"de_DE\" \/>\n<meta property=\"og:type\" content=\"article\" \/>\n<meta property=\"og:title\" content=\"Mul-T-Lock Integrator -Schl\u00fcssel jetzt ONLINE bestellen\" \/>\n<meta property=\"og:description\" content=\"Schneiden Sie echte Mul-T-Lock Integrator 384E Schl\u00fcssel online mit We Love Keys, dem schnellen Schl\u00fcsselschneidedienst. Schl\u00fcssel werden an Ihre T\u00fcr geliefert!\" \/>\n<meta property=\"og:url\" content=\"https:\/\/www.welovekeys.co.uk\/de\/produkt\/mul-t-lock-integrator-348e-schlussel-copy\/\" \/>\n<meta property=\"og:site_name\" content=\"We Love Keys\" \/>\n<meta property=\"article:modified_time\" content=\"2024-03-05T15:36:59+00:00\" \/>\n<meta property=\"og:image\" content=\"https:\/\/www.welovekeys.co.uk\/wp-content\/uploads\/2024\/03\/mul-t-lock-integrator-348e.jpg\" \/>\n\t<meta property=\"og:image:width\" content=\"600\" \/>\n\t<meta property=\"og:image:height\" content=\"600\" \/>\n\t<meta property=\"og:image:type\" content=\"image\/jpeg\" \/>\n<meta name=\"twitter:card\" content=\"summary_large_image\" \/>\n<meta name=\"twitter:label1\" content=\"Gesch\u00e4tzte Lesezeit\" \/>\n\t<meta name=\"twitter:data1\" content=\"1\u00a0Minute\" \/>\n<script type=\"application\/ld+json\" class=\"yoast-schema-graph\">{\"@context\":\"https:\\\/\\\/schema.org\",\"@graph\":[{\"@type\":\"WebPage\",\"@id\":\"https:\\\/\\\/www.welovekeys.co.uk\\\/de\\\/produkt\\\/mul-t-lock-integrator-348e-schlussel-copy\\\/\",\"url\":\"https:\\\/\\\/www.welovekeys.co.uk\\\/de\\\/produkt\\\/mul-t-lock-integrator-348e-schlussel-copy\\\/\",\"name\":\"Mul-T-Lock Integrator -Schl\u00fcssel jetzt ONLINE bestellen\",\"isPartOf\":{\"@id\":\"https:\\\/\\\/www.welovekeys.co.uk\\\/de\\\/#website\"},\"primaryImageOfPage\":{\"@id\":\"https:\\\/\\\/www.welovekeys.co.uk\\\/de\\\/produkt\\\/mul-t-lock-integrator-348e-schlussel-copy\\\/#primaryimage\"},\"image\":{\"@id\":\"https:\\\/\\\/www.welovekeys.co.uk\\\/de\\\/produkt\\\/mul-t-lock-integrator-348e-schlussel-copy\\\/#primaryimage\"},\"thumbnailUrl\":\"https:\\\/\\\/www.welovekeys.co.uk\\\/wp-content\\\/uploads\\\/2024\\\/03\\\/mul-t-lock-integrator-348e.jpg\",\"datePublished\":\"2024-03-05T15:12:05+00:00\",\"dateModified\":\"2024-03-05T15:36:59+00:00\",\"description\":\"Schneiden Sie echte Mul-T-Lock Integrator 384E Schl\u00fcssel online mit We Love Keys, dem schnellen Schl\u00fcsselschneidedienst. Schl\u00fcssel werden an Ihre T\u00fcr geliefert!\",\"breadcrumb\":{\"@id\":\"https:\\\/\\\/www.welovekeys.co.uk\\\/de\\\/produkt\\\/mul-t-lock-integrator-348e-schlussel-copy\\\/#breadcrumb\"},\"inLanguage\":\"de\",\"potentialAction\":[{\"@type\":\"ReadAction\",\"target\":[\"https:\\\/\\\/www.welovekeys.co.uk\\\/de\\\/produkt\\\/mul-t-lock-integrator-348e-schlussel-copy\\\/\"]}]},{\"@type\":\"ImageObject\",\"inLanguage\":\"de\",\"@id\":\"https:\\\/\\\/www.welovekeys.co.uk\\\/de\\\/produkt\\\/mul-t-lock-integrator-348e-schlussel-copy\\\/#primaryimage\",\"url\":\"https:\\\/\\\/www.welovekeys.co.uk\\\/wp-content\\\/uploads\\\/2024\\\/03\\\/mul-t-lock-integrator-348e.jpg\",\"contentUrl\":\"https:\\\/\\\/www.welovekeys.co.uk\\\/wp-content\\\/uploads\\\/2024\\\/03\\\/mul-t-lock-integrator-348e.jpg\",\"width\":600,\"height\":600,\"caption\":\"mul-t-lock integrator 348e\"},{\"@type\":\"BreadcrumbList\",\"@id\":\"https:\\\/\\\/www.welovekeys.co.uk\\\/de\\\/produkt\\\/mul-t-lock-integrator-348e-schlussel-copy\\\/#breadcrumb\",\"itemListElement\":[{\"@type\":\"ListItem\",\"position\":1,\"name\":\"Home\",\"item\":\"https:\\\/\\\/www.welovekeys.co.uk\\\/de\\\/startseite-2\\\/\"},{\"@type\":\"ListItem\",\"position\":2,\"name\":\"Shop\",\"item\":\"https:\\\/\\\/www.welovekeys.co.uk\\\/de\\\/shop\\\/\"},{\"@type\":\"ListItem\",\"position\":3,\"name\":\"Mul-T-Lock Integrator 348E Schl\u00fcssel\"}]},{\"@type\":\"WebSite\",\"@id\":\"https:\\\/\\\/www.welovekeys.co.uk\\\/de\\\/#website\",\"url\":\"https:\\\/\\\/www.welovekeys.co.uk\\\/de\\\/\",\"name\":\"We Love Keys\",\"description\":\"A marketplace for keys\",\"publisher\":{\"@id\":\"https:\\\/\\\/www.welovekeys.co.uk\\\/de\\\/#organization\"},\"potentialAction\":[{\"@type\":\"SearchAction\",\"target\":{\"@type\":\"EntryPoint\",\"urlTemplate\":\"https:\\\/\\\/www.welovekeys.co.uk\\\/de\\\/?s={search_term_string}\"},\"query-input\":{\"@type\":\"PropertyValueSpecification\",\"valueRequired\":true,\"valueName\":\"search_term_string\"}}],\"inLanguage\":\"de\"},{\"@type\":\"Organization\",\"@id\":\"https:\\\/\\\/www.welovekeys.co.uk\\\/de\\\/#organization\",\"name\":\"We Love Keys\",\"url\":\"https:\\\/\\\/www.welovekeys.co.uk\\\/de\\\/\",\"logo\":{\"@type\":\"ImageObject\",\"inLanguage\":\"de\",\"@id\":\"https:\\\/\\\/www.welovekeys.co.uk\\\/de\\\/#\\\/schema\\\/logo\\\/image\\\/\",\"url\":\"https:\\\/\\\/www.welovekeys.co.uk\\\/wp-content\\\/uploads\\\/2017\\\/06\\\/WE.png\",\"contentUrl\":\"https:\\\/\\\/www.welovekeys.co.uk\\\/wp-content\\\/uploads\\\/2017\\\/06\\\/WE.png\",\"width\":348,\"height\":66,\"caption\":\"We Love Keys\"},\"image\":{\"@id\":\"https:\\\/\\\/www.welovekeys.co.uk\\\/de\\\/#\\\/schema\\\/logo\\\/image\\\/\"}}]}<\/script>\n<!-- \/ Yoast SEO plugin. -->","yoast_head_json":{"title":"Mul-T-Lock Integrator -Schl\u00fcssel jetzt ONLINE bestellen","description":"Schneiden Sie echte Mul-T-Lock Integrator 384E Schl\u00fcssel online mit We Love Keys, dem schnellen Schl\u00fcsselschneidedienst. Schl\u00fcssel werden an Ihre T\u00fcr geliefert!","robots":{"index":"index","follow":"follow","max-snippet":"max-snippet:-1","max-image-preview":"max-image-preview:large","max-video-preview":"max-video-preview:-1"},"canonical":"https:\/\/www.welovekeys.co.uk\/de\/produkt\/mul-t-lock-integrator-348e-schlussel-copy\/","og_locale":"de_DE","og_type":"article","og_title":"Mul-T-Lock Integrator -Schl\u00fcssel jetzt ONLINE bestellen","og_description":"Schneiden Sie echte Mul-T-Lock Integrator 384E Schl\u00fcssel online mit We Love Keys, dem schnellen Schl\u00fcsselschneidedienst. Schl\u00fcssel werden an Ihre T\u00fcr geliefert!","og_url":"https:\/\/www.welovekeys.co.uk\/de\/produkt\/mul-t-lock-integrator-348e-schlussel-copy\/","og_site_name":"We Love Keys","article_modified_time":"2024-03-05T15:36:59+00:00","og_image":[{"width":600,"height":600,"url":"https:\/\/www.welovekeys.co.uk\/wp-content\/uploads\/2024\/03\/mul-t-lock-integrator-348e.jpg","type":"image\/jpeg"}],"twitter_card":"summary_large_image","twitter_misc":{"Gesch\u00e4tzte Lesezeit":"1\u00a0Minute"},"schema":{"@context":"https:\/\/schema.org","@graph":[{"@type":"WebPage","@id":"https:\/\/www.welovekeys.co.uk\/de\/produkt\/mul-t-lock-integrator-348e-schlussel-copy\/","url":"https:\/\/www.welovekeys.co.uk\/de\/produkt\/mul-t-lock-integrator-348e-schlussel-copy\/","name":"Mul-T-Lock Integrator -Schl\u00fcssel jetzt ONLINE bestellen","isPartOf":{"@id":"https:\/\/www.welovekeys.co.uk\/de\/#website"},"primaryImageOfPage":{"@id":"https:\/\/www.welovekeys.co.uk\/de\/produkt\/mul-t-lock-integrator-348e-schlussel-copy\/#primaryimage"},"image":{"@id":"https:\/\/www.welovekeys.co.uk\/de\/produkt\/mul-t-lock-integrator-348e-schlussel-copy\/#primaryimage"},"thumbnailUrl":"https:\/\/www.welovekeys.co.uk\/wp-content\/uploads\/2024\/03\/mul-t-lock-integrator-348e.jpg","datePublished":"2024-03-05T15:12:05+00:00","dateModified":"2024-03-05T15:36:59+00:00","description":"Schneiden Sie echte Mul-T-Lock Integrator 384E Schl\u00fcssel online mit We Love Keys, dem schnellen Schl\u00fcsselschneidedienst. Schl\u00fcssel werden an Ihre T\u00fcr geliefert!","breadcrumb":{"@id":"https:\/\/www.welovekeys.co.uk\/de\/produkt\/mul-t-lock-integrator-348e-schlussel-copy\/#breadcrumb"},"inLanguage":"de","potentialAction":[{"@type":"ReadAction","target":["https:\/\/www.welovekeys.co.uk\/de\/produkt\/mul-t-lock-integrator-348e-schlussel-copy\/"]}]},{"@type":"ImageObject","inLanguage":"de","@id":"https:\/\/www.welovekeys.co.uk\/de\/produkt\/mul-t-lock-integrator-348e-schlussel-copy\/#primaryimage","url":"https:\/\/www.welovekeys.co.uk\/wp-content\/uploads\/2024\/03\/mul-t-lock-integrator-348e.jpg","contentUrl":"https:\/\/www.welovekeys.co.uk\/wp-content\/uploads\/2024\/03\/mul-t-lock-integrator-348e.jpg","width":600,"height":600,"caption":"mul-t-lock integrator 348e"},{"@type":"BreadcrumbList","@id":"https:\/\/www.welovekeys.co.uk\/de\/produkt\/mul-t-lock-integrator-348e-schlussel-copy\/#breadcrumb","itemListElement":[{"@type":"ListItem","position":1,"name":"Home","item":"https:\/\/www.welovekeys.co.uk\/de\/startseite-2\/"},{"@type":"ListItem","position":2,"name":"Shop","item":"https:\/\/www.welovekeys.co.uk\/de\/shop\/"},{"@type":"ListItem","position":3,"name":"Mul-T-Lock Integrator 348E Schl\u00fcssel"}]},{"@type":"WebSite","@id":"https:\/\/www.welovekeys.co.uk\/de\/#website","url":"https:\/\/www.welovekeys.co.uk\/de\/","name":"We Love Keys","description":"A marketplace for keys","publisher":{"@id":"https:\/\/www.welovekeys.co.uk\/de\/#organization"},"potentialAction":[{"@type":"SearchAction","target":{"@type":"EntryPoint","urlTemplate":"https:\/\/www.welovekeys.co.uk\/de\/?s={search_term_string}"},"query-input":{"@type":"PropertyValueSpecification","valueRequired":true,"valueName":"search_term_string"}}],"inLanguage":"de"},{"@type":"Organization","@id":"https:\/\/www.welovekeys.co.uk\/de\/#organization","name":"We Love Keys","url":"https:\/\/www.welovekeys.co.uk\/de\/","logo":{"@type":"ImageObject","inLanguage":"de","@id":"https:\/\/www.welovekeys.co.uk\/de\/#\/schema\/logo\/image\/","url":"https:\/\/www.welovekeys.co.uk\/wp-content\/uploads\/2017\/06\/WE.png","contentUrl":"https:\/\/www.welovekeys.co.uk\/wp-content\/uploads\/2017\/06\/WE.png","width":348,"height":66,"caption":"We Love Keys"},"image":{"@id":"https:\/\/www.welovekeys.co.uk\/de\/#\/schema\/logo\/image\/"}}]}},"_links":{"self":[{"href":"https:\/\/www.welovekeys.co.uk\/de\/wp-json\/wp\/v2\/product\/251720","targetHints":{"allow":["GET"]}}],"collection":[{"href":"https:\/\/www.welovekeys.co.uk\/de\/wp-json\/wp\/v2\/product"}],"about":[{"href":"https:\/\/www.welovekeys.co.uk\/de\/wp-json\/wp\/v2\/types\/product"}],"wp:featuredmedia":[{"embeddable":true,"href":"https:\/\/www.welovekeys.co.uk\/de\/wp-json\/wp\/v2\/media\/251724"}],"wp:attachment":[{"href":"https:\/\/www.welovekeys.co.uk\/de\/wp-json\/wp\/v2\/media?parent=251720"}],"wp:term":[{"taxonomy":"product_brand","embeddable":true,"href":"https:\/\/www.welovekeys.co.uk\/de\/wp-json\/wp\/v2\/product_brand?post=251720"},{"taxonomy":"product_cat","embeddable":true,"href":"https:\/\/www.welovekeys.co.uk\/de\/wp-json\/wp\/v2\/product_cat?post=251720"},{"taxonomy":"product_tag","embeddable":true,"href":"https:\/\/www.welovekeys.co.uk\/de\/wp-json\/wp\/v2\/product_tag?post=251720"}],"curies":[{"name":"wp","href":"https:\/\/api.w.org\/{rel}","templated":true}]}}