{"id":251701,"date":"2024-03-05T11:16:00","date_gmt":"2024-03-05T11:16:01","guid":{"rendered":"https:\/\/www.welovekeys.co.uk\/?post_type=product&#038;p=251701"},"modified":"2024-03-05T11:22:29","modified_gmt":"2024-03-05T11:22:29","slug":"eaton-moeller-ces-schlussel-ms1-fur-schalter-2","status":"publish","type":"product","link":"https:\/\/www.welovekeys.co.uk\/de\/produkt\/eaton-moeller-ces-schlussel-ms1-fur-schalter-2\/","title":{"rendered":"Eaton Moeller CES Schl\u00fcssel MS1 f\u00fcr Schalter"},"content":{"rendered":"<p>Der MS1-Schl&uuml;ssel wird \u00fcblicherweise zur Bedienung von elektrischen Schaltern von Eaton Moeller verwendet.<\/p>\n<p>Eaton Moeller-Schalter sind in nahezu jedem Maschinenpark zu finden. Unsere Kunden haben CES MS1-Schl\u00fcssel verwendet f\u00fcr: Back\u00f6fen, F\u00f6rderb\u00e4nder, Schl\u00fcsselschalter f\u00fcr automatische T\u00fcren, Robotermaschinen, Industriemaschinen und mehr. Sie kommen besonders h\u00e4ufig in Doppelparker&mdash;auch bekannt als Duplex-Garagen oder Stapelgaragen&mdash;vor.<\/p>\n<p>Die Schl\u00fcsselnummer MS1 befindet sich auf Ihrem Schl\u00fcssel und normalerweise auf der Vorderseite des Schlosses. Wenn auf Ihrem Schl\u00fcssel keine Nummer angegeben ist, <a href=\"https:\/\/www.welovekeys.co.uk\/de\/hilfe\/\">senden Sie uns ein Foto<\/a>. Wir k\u00f6nnen Sie dann beraten.<\/p>\n<p>(In sehr seltenen F\u00e4llen kann die Schl\u00fcsselnummer MS2 oder eine beliebige Nummer von MS1-MS20 sein. Teilen Sie uns dies unbedingt mit. Unsere Telefonnummer lautet <a href=\"tel:00442076080809\">+44 20 7608 0809<\/a> und unsere E-Mail-Adresse <a href=\"mailto:help@welovekeys.co.uk\">help@welovekeys.co.uk<\/a>.)<\/p>\n<p><strong><em>Versand am selben Tag bei Bestellung bis 14.00 Uhr an einem Werktag.<\/em><\/strong><\/p>\n","protected":false},"excerpt":{"rendered":"<p>CES Schl\u00fcssel MS1 f\u00fcr Eaton Moeller Schalter<\/p>\n<div id=\"discounttable\"><strong>2+ Schl\u00fcssel = 10% Rabatt<br \/>\n5+ Schl\u00fcssel = 16% Rabatt<br \/>\n10+ Schl\u00fcssel = 22% Rabatt<br \/>\n20+ Schl\u00fcssel = <a href=\"https:\/\/www.welovekeys.co.uk\/de\/hilfe\/\" target=\"_blank\" rel=\"noopener\">schreiben Sie uns<\/a><br \/>Rabatt wird im Warenkorb gezeigt.<\/strong><\/div>\n","protected":false},"featured_media":3928,"template":"","meta":{"_et_pb_use_builder":"","_et_pb_old_content":"","_et_gb_content_width":""},"product_brand":[],"product_cat":[76,458,718],"product_tag":[],"class_list":{"0":"post-251701","1":"product","2":"type-product","3":"status-publish","4":"has-post-thumbnail","6":"product_cat-bohrmuldenschlussel","7":"product_cat-eaton-moeller-de","8":"product_cat-spezial","9":"product_shipping_class-env-de","11":"first","12":"instock","13":"taxable","14":"shipping-taxable","15":"purchasable","16":"product-type-simple"},"yoast_head":"<!-- This site is optimized with the Yoast SEO plugin v27.4 - https:\/\/yoast.com\/product\/yoast-seo-wordpress\/ -->\n<title>MS1-Schl\u00fcssel f\u00fcr Eaton Moeller- und CES-Schl\u00f6sser - We Love Keys<\/title>\n<meta name=\"description\" content=\"Bestellen Sie Ihre MS1-Schl\u00fcssel bei We Love Keys, dem schnellsten Online-Schl\u00fcsselschneideservice. Niedrige Preise, schnelle Lieferzeiten.\" \/>\n<meta name=\"robots\" content=\"index, follow, max-snippet:-1, max-image-preview:large, max-video-preview:-1\" \/>\n<link rel=\"canonical\" href=\"https:\/\/www.welovekeys.co.uk\/de\/produkt\/eaton-moeller-ces-schlussel-ms1-fur-schalter-2\/\" \/>\n<meta property=\"og:locale\" content=\"de_DE\" \/>\n<meta property=\"og:type\" content=\"article\" \/>\n<meta property=\"og:title\" content=\"MS1-Schl\u00fcssel f\u00fcr Eaton Moeller- und CES-Schl\u00f6sser - We Love Keys\" \/>\n<meta property=\"og:description\" content=\"Bestellen Sie Ihre MS1-Schl\u00fcssel bei We Love Keys, dem schnellsten Online-Schl\u00fcsselschneideservice. Niedrige Preise, schnelle Lieferzeiten.\" \/>\n<meta property=\"og:url\" content=\"https:\/\/www.welovekeys.co.uk\/de\/produkt\/eaton-moeller-ces-schlussel-ms1-fur-schalter-2\/\" \/>\n<meta property=\"og:site_name\" content=\"We Love Keys\" \/>\n<meta property=\"article:modified_time\" content=\"2024-03-05T11:22:29+00:00\" \/>\n<meta property=\"og:image\" content=\"https:\/\/www.welovekeys.co.uk\/wp-content\/uploads\/2019\/11\/MS1.jpg\" \/>\n\t<meta property=\"og:image:width\" content=\"488\" \/>\n\t<meta property=\"og:image:height\" content=\"488\" \/>\n\t<meta property=\"og:image:type\" content=\"image\/jpeg\" \/>\n<meta name=\"twitter:card\" content=\"summary_large_image\" \/>\n<meta name=\"twitter:label1\" content=\"Gesch\u00e4tzte Lesezeit\" \/>\n\t<meta name=\"twitter:data1\" content=\"1\u00a0Minute\" \/>\n<script type=\"application\/ld+json\" class=\"yoast-schema-graph\">{\"@context\":\"https:\\\/\\\/schema.org\",\"@graph\":[{\"@type\":\"WebPage\",\"@id\":\"https:\\\/\\\/www.welovekeys.co.uk\\\/de\\\/produkt\\\/eaton-moeller-ces-schlussel-ms1-fur-schalter-2\\\/\",\"url\":\"https:\\\/\\\/www.welovekeys.co.uk\\\/de\\\/produkt\\\/eaton-moeller-ces-schlussel-ms1-fur-schalter-2\\\/\",\"name\":\"MS1-Schl\u00fcssel f\u00fcr Eaton Moeller- und CES-Schl\u00f6sser - We Love Keys\",\"isPartOf\":{\"@id\":\"https:\\\/\\\/www.welovekeys.co.uk\\\/de\\\/#website\"},\"primaryImageOfPage\":{\"@id\":\"https:\\\/\\\/www.welovekeys.co.uk\\\/de\\\/produkt\\\/eaton-moeller-ces-schlussel-ms1-fur-schalter-2\\\/#primaryimage\"},\"image\":{\"@id\":\"https:\\\/\\\/www.welovekeys.co.uk\\\/de\\\/produkt\\\/eaton-moeller-ces-schlussel-ms1-fur-schalter-2\\\/#primaryimage\"},\"thumbnailUrl\":\"https:\\\/\\\/www.welovekeys.co.uk\\\/wp-content\\\/uploads\\\/2019\\\/11\\\/MS1.jpg\",\"datePublished\":\"2024-03-05T11:16:01+00:00\",\"dateModified\":\"2024-03-05T11:22:29+00:00\",\"description\":\"Bestellen Sie Ihre MS1-Schl\u00fcssel bei We Love Keys, dem schnellsten Online-Schl\u00fcsselschneideservice. Niedrige Preise, schnelle Lieferzeiten.\",\"breadcrumb\":{\"@id\":\"https:\\\/\\\/www.welovekeys.co.uk\\\/de\\\/produkt\\\/eaton-moeller-ces-schlussel-ms1-fur-schalter-2\\\/#breadcrumb\"},\"inLanguage\":\"de\",\"potentialAction\":[{\"@type\":\"ReadAction\",\"target\":[\"https:\\\/\\\/www.welovekeys.co.uk\\\/de\\\/produkt\\\/eaton-moeller-ces-schlussel-ms1-fur-schalter-2\\\/\"]}]},{\"@type\":\"ImageObject\",\"inLanguage\":\"de\",\"@id\":\"https:\\\/\\\/www.welovekeys.co.uk\\\/de\\\/produkt\\\/eaton-moeller-ces-schlussel-ms1-fur-schalter-2\\\/#primaryimage\",\"url\":\"https:\\\/\\\/www.welovekeys.co.uk\\\/wp-content\\\/uploads\\\/2019\\\/11\\\/MS1.jpg\",\"contentUrl\":\"https:\\\/\\\/www.welovekeys.co.uk\\\/wp-content\\\/uploads\\\/2019\\\/11\\\/MS1.jpg\",\"width\":488,\"height\":488,\"caption\":\"Eaton Moeller CES Schl\u00fcssel MS1\"},{\"@type\":\"BreadcrumbList\",\"@id\":\"https:\\\/\\\/www.welovekeys.co.uk\\\/de\\\/produkt\\\/eaton-moeller-ces-schlussel-ms1-fur-schalter-2\\\/#breadcrumb\",\"itemListElement\":[{\"@type\":\"ListItem\",\"position\":1,\"name\":\"Home\",\"item\":\"https:\\\/\\\/www.welovekeys.co.uk\\\/de\\\/startseite-2\\\/\"},{\"@type\":\"ListItem\",\"position\":2,\"name\":\"Shop\",\"item\":\"https:\\\/\\\/www.welovekeys.co.uk\\\/de\\\/shop\\\/\"},{\"@type\":\"ListItem\",\"position\":3,\"name\":\"Eaton Moeller CES Schl\u00fcssel MS1 f\u00fcr Schalter\"}]},{\"@type\":\"WebSite\",\"@id\":\"https:\\\/\\\/www.welovekeys.co.uk\\\/de\\\/#website\",\"url\":\"https:\\\/\\\/www.welovekeys.co.uk\\\/de\\\/\",\"name\":\"We Love Keys\",\"description\":\"A marketplace for keys\",\"publisher\":{\"@id\":\"https:\\\/\\\/www.welovekeys.co.uk\\\/de\\\/#organization\"},\"potentialAction\":[{\"@type\":\"SearchAction\",\"target\":{\"@type\":\"EntryPoint\",\"urlTemplate\":\"https:\\\/\\\/www.welovekeys.co.uk\\\/de\\\/?s={search_term_string}\"},\"query-input\":{\"@type\":\"PropertyValueSpecification\",\"valueRequired\":true,\"valueName\":\"search_term_string\"}}],\"inLanguage\":\"de\"},{\"@type\":\"Organization\",\"@id\":\"https:\\\/\\\/www.welovekeys.co.uk\\\/de\\\/#organization\",\"name\":\"We Love Keys\",\"url\":\"https:\\\/\\\/www.welovekeys.co.uk\\\/de\\\/\",\"logo\":{\"@type\":\"ImageObject\",\"inLanguage\":\"de\",\"@id\":\"https:\\\/\\\/www.welovekeys.co.uk\\\/de\\\/#\\\/schema\\\/logo\\\/image\\\/\",\"url\":\"https:\\\/\\\/www.welovekeys.co.uk\\\/wp-content\\\/uploads\\\/2017\\\/06\\\/WE.png\",\"contentUrl\":\"https:\\\/\\\/www.welovekeys.co.uk\\\/wp-content\\\/uploads\\\/2017\\\/06\\\/WE.png\",\"width\":348,\"height\":66,\"caption\":\"We Love Keys\"},\"image\":{\"@id\":\"https:\\\/\\\/www.welovekeys.co.uk\\\/de\\\/#\\\/schema\\\/logo\\\/image\\\/\"}}]}<\/script>\n<!-- \/ Yoast SEO plugin. -->","yoast_head_json":{"title":"MS1-Schl\u00fcssel f\u00fcr Eaton Moeller- und CES-Schl\u00f6sser - We Love Keys","description":"Bestellen Sie Ihre MS1-Schl\u00fcssel bei We Love Keys, dem schnellsten Online-Schl\u00fcsselschneideservice. Niedrige Preise, schnelle Lieferzeiten.","robots":{"index":"index","follow":"follow","max-snippet":"max-snippet:-1","max-image-preview":"max-image-preview:large","max-video-preview":"max-video-preview:-1"},"canonical":"https:\/\/www.welovekeys.co.uk\/de\/produkt\/eaton-moeller-ces-schlussel-ms1-fur-schalter-2\/","og_locale":"de_DE","og_type":"article","og_title":"MS1-Schl\u00fcssel f\u00fcr Eaton Moeller- und CES-Schl\u00f6sser - We Love Keys","og_description":"Bestellen Sie Ihre MS1-Schl\u00fcssel bei We Love Keys, dem schnellsten Online-Schl\u00fcsselschneideservice. Niedrige Preise, schnelle Lieferzeiten.","og_url":"https:\/\/www.welovekeys.co.uk\/de\/produkt\/eaton-moeller-ces-schlussel-ms1-fur-schalter-2\/","og_site_name":"We Love Keys","article_modified_time":"2024-03-05T11:22:29+00:00","og_image":[{"width":488,"height":488,"url":"https:\/\/www.welovekeys.co.uk\/wp-content\/uploads\/2019\/11\/MS1.jpg","type":"image\/jpeg"}],"twitter_card":"summary_large_image","twitter_misc":{"Gesch\u00e4tzte Lesezeit":"1\u00a0Minute"},"schema":{"@context":"https:\/\/schema.org","@graph":[{"@type":"WebPage","@id":"https:\/\/www.welovekeys.co.uk\/de\/produkt\/eaton-moeller-ces-schlussel-ms1-fur-schalter-2\/","url":"https:\/\/www.welovekeys.co.uk\/de\/produkt\/eaton-moeller-ces-schlussel-ms1-fur-schalter-2\/","name":"MS1-Schl\u00fcssel f\u00fcr Eaton Moeller- und CES-Schl\u00f6sser - We Love Keys","isPartOf":{"@id":"https:\/\/www.welovekeys.co.uk\/de\/#website"},"primaryImageOfPage":{"@id":"https:\/\/www.welovekeys.co.uk\/de\/produkt\/eaton-moeller-ces-schlussel-ms1-fur-schalter-2\/#primaryimage"},"image":{"@id":"https:\/\/www.welovekeys.co.uk\/de\/produkt\/eaton-moeller-ces-schlussel-ms1-fur-schalter-2\/#primaryimage"},"thumbnailUrl":"https:\/\/www.welovekeys.co.uk\/wp-content\/uploads\/2019\/11\/MS1.jpg","datePublished":"2024-03-05T11:16:01+00:00","dateModified":"2024-03-05T11:22:29+00:00","description":"Bestellen Sie Ihre MS1-Schl\u00fcssel bei We Love Keys, dem schnellsten Online-Schl\u00fcsselschneideservice. Niedrige Preise, schnelle Lieferzeiten.","breadcrumb":{"@id":"https:\/\/www.welovekeys.co.uk\/de\/produkt\/eaton-moeller-ces-schlussel-ms1-fur-schalter-2\/#breadcrumb"},"inLanguage":"de","potentialAction":[{"@type":"ReadAction","target":["https:\/\/www.welovekeys.co.uk\/de\/produkt\/eaton-moeller-ces-schlussel-ms1-fur-schalter-2\/"]}]},{"@type":"ImageObject","inLanguage":"de","@id":"https:\/\/www.welovekeys.co.uk\/de\/produkt\/eaton-moeller-ces-schlussel-ms1-fur-schalter-2\/#primaryimage","url":"https:\/\/www.welovekeys.co.uk\/wp-content\/uploads\/2019\/11\/MS1.jpg","contentUrl":"https:\/\/www.welovekeys.co.uk\/wp-content\/uploads\/2019\/11\/MS1.jpg","width":488,"height":488,"caption":"Eaton Moeller CES Schl\u00fcssel MS1"},{"@type":"BreadcrumbList","@id":"https:\/\/www.welovekeys.co.uk\/de\/produkt\/eaton-moeller-ces-schlussel-ms1-fur-schalter-2\/#breadcrumb","itemListElement":[{"@type":"ListItem","position":1,"name":"Home","item":"https:\/\/www.welovekeys.co.uk\/de\/startseite-2\/"},{"@type":"ListItem","position":2,"name":"Shop","item":"https:\/\/www.welovekeys.co.uk\/de\/shop\/"},{"@type":"ListItem","position":3,"name":"Eaton Moeller CES Schl\u00fcssel MS1 f\u00fcr Schalter"}]},{"@type":"WebSite","@id":"https:\/\/www.welovekeys.co.uk\/de\/#website","url":"https:\/\/www.welovekeys.co.uk\/de\/","name":"We Love Keys","description":"A marketplace for keys","publisher":{"@id":"https:\/\/www.welovekeys.co.uk\/de\/#organization"},"potentialAction":[{"@type":"SearchAction","target":{"@type":"EntryPoint","urlTemplate":"https:\/\/www.welovekeys.co.uk\/de\/?s={search_term_string}"},"query-input":{"@type":"PropertyValueSpecification","valueRequired":true,"valueName":"search_term_string"}}],"inLanguage":"de"},{"@type":"Organization","@id":"https:\/\/www.welovekeys.co.uk\/de\/#organization","name":"We Love Keys","url":"https:\/\/www.welovekeys.co.uk\/de\/","logo":{"@type":"ImageObject","inLanguage":"de","@id":"https:\/\/www.welovekeys.co.uk\/de\/#\/schema\/logo\/image\/","url":"https:\/\/www.welovekeys.co.uk\/wp-content\/uploads\/2017\/06\/WE.png","contentUrl":"https:\/\/www.welovekeys.co.uk\/wp-content\/uploads\/2017\/06\/WE.png","width":348,"height":66,"caption":"We Love Keys"},"image":{"@id":"https:\/\/www.welovekeys.co.uk\/de\/#\/schema\/logo\/image\/"}}]}},"_links":{"self":[{"href":"https:\/\/www.welovekeys.co.uk\/de\/wp-json\/wp\/v2\/product\/251701","targetHints":{"allow":["GET"]}}],"collection":[{"href":"https:\/\/www.welovekeys.co.uk\/de\/wp-json\/wp\/v2\/product"}],"about":[{"href":"https:\/\/www.welovekeys.co.uk\/de\/wp-json\/wp\/v2\/types\/product"}],"wp:featuredmedia":[{"embeddable":true,"href":"https:\/\/www.welovekeys.co.uk\/de\/wp-json\/wp\/v2\/media\/3928"}],"wp:attachment":[{"href":"https:\/\/www.welovekeys.co.uk\/de\/wp-json\/wp\/v2\/media?parent=251701"}],"wp:term":[{"taxonomy":"product_brand","embeddable":true,"href":"https:\/\/www.welovekeys.co.uk\/de\/wp-json\/wp\/v2\/product_brand?post=251701"},{"taxonomy":"product_cat","embeddable":true,"href":"https:\/\/www.welovekeys.co.uk\/de\/wp-json\/wp\/v2\/product_cat?post=251701"},{"taxonomy":"product_tag","embeddable":true,"href":"https:\/\/www.welovekeys.co.uk\/de\/wp-json\/wp\/v2\/product_tag?post=251701"}],"curies":[{"name":"wp","href":"https:\/\/api.w.org\/{rel}","templated":true}]}}