{"id":251467,"date":"2024-02-22T14:41:43","date_gmt":"2024-02-22T14:41:44","guid":{"rendered":"https:\/\/www.welovekeys.co.uk\/?post_type=product&#038;p=251467"},"modified":"2024-02-22T14:51:53","modified_gmt":"2024-02-22T14:51:53","slug":"potent-1740-pump-schlussel","status":"publish","type":"product","link":"https:\/\/www.welovekeys.co.uk\/de\/produkt\/potent-1740-pump-schlussel\/","title":{"rendered":"Potent 1740 Pump-Schl\u00fcssel"},"content":{"rendered":"<p>Pump-Schl\u00fcssel sind Spezialschl\u00fcssel f\u00fcr eine besondere Art von Schlie\u00dfsystem, die haupts\u00e4chlich in Italien, Frankreich und Spanien zu finden ist, obwohl sie gelegentlich auch in Deutschland auftaucht.<\/p>\n<p>Trotz des Namens betreiben sie im Allgemeinen keine Pumpen. Stattdessen bedienen sie normalerweise Vordert\u00fcren und Garagentore. Sie haben eine charakteristische Form, die einem Dreizack \u00e4hnelt (siehe Bild).<\/p>\n<blockquote>\n<p><strong>Bei We Love Keys k\u00f6nnen wir Pump-Schl\u00fcssel sehr schnell duplizieren. Alles was wir brauchen ist ein klares Foto von <em>beiden<\/em> Seiten Ihres Schl\u00fcssels. Laden Sie die Bilder einfach mit dem obigen Foto-Upload-Tool hoch, und wir erledigen den Rest!<\/strong><\/p>\n<\/blockquote>\n<p><em><strong>Versand am selben Tag bei den meisten Pump-Schl\u00fcsseln bei Bestellung bis 15 Uhr an einem Werktag (vorbehaltlich des Lagerbestands an Rohlingen).<\/strong><\/em><\/p>\n<hr class=\"productPageFootnoteHr\" \/>\n<div class=\"productPageAdditionalInfoDiv\">\n<h3>Ein Foto als Vorlage f\u00fcr Ihren Pump-Schl\u00fcssel? Kein Problem!<\/h3>\n<p>Wir kopieren Ihre Schl\u00fcssel auch dann passgenau, wenn uns nur ein Foto vorliegt. Das Ergebnis ist so gut wie ein Schl\u00fcssel, der direkt aus der Hauptfabrik stammt.<\/p>\n<p>Ein cleverer Algorithmus bewertet und misst das von Ihnen eingesandte Bild und \u00fcbersetzt es in die Schnitte eines Pump-Schl\u00fcssels. Unsere spezielle elektronische Schl\u00fcsselmaschine stellt Ihren Schl\u00fcssel dann passgenau und pr\u00e4zise her.<\/p>\n<div class=\"trustpilotreviewDiv\">\n<p><img decoding=\"async\" class=\"alignnone size-full wp-image-8350\" src=\"https:\/\/www.welovekeys.co.uk\/wp-content\/uploads\/2021\/04\/trustpilot.png\" alt=\"Trustpilot Five Stars\" width=\"150\" \/><br \/><strong>&#8222;Genial, eine Firma zu finden, die aus ein paar Fotos einen Ersatzschl\u00fcssel f\u00fcr ein altes Schloss herstellen kann.&#8220;<\/strong> \u2013 <a href=\"https:\/\/uk.trustpilot.com\/reviews\/5f46163402e8570814f9196b\" target=\"_blank\" rel=\"noopener\">Trustpilot<\/a><\/p>\n<\/div>\n<\/div>\n","protected":false},"excerpt":{"rendered":"<div id=\"discounttable\"><strong>2+ Schl\u00fcssel = 10% Rabatt<br \/>\n5+ Schl\u00fcssel = 16% Rabatt<br \/>\n10+ Schl\u00fcssel = 22% Rabatt<br \/>\n20+ Schl\u00fcssel = <a href=\"https:\/\/www.welovekeys.co.uk\/de\/hilfe\/\" target=\"_blank\" rel=\"noopener noreferrer\">schreiben Sie uns<\/a><br \/>Rabatt wird im Warenkorb gezeigt.<\/strong><\/div>\n","protected":false},"featured_media":251476,"template":"","meta":{"_et_pb_use_builder":"","_et_pb_old_content":"","_et_gb_content_width":""},"product_brand":[],"product_cat":[584,180,712],"product_tag":[],"class_list":{"0":"post-251467","1":"product","2":"type-product","3":"status-publish","4":"has-post-thumbnail","6":"product_cat-potent-de","7":"product_cat-tresor-schlussel","8":"product_cat-tur","9":"product_shipping_class-large-letter-de","11":"first","12":"instock","13":"taxable","14":"shipping-taxable","15":"purchasable","16":"product-type-simple"},"yoast_head":"<!-- This site is optimized with the Yoast SEO plugin v27.4 - https:\/\/yoast.com\/product\/yoast-seo-wordpress\/ -->\n<title>potent 1740 Pump-Schl\u00fcssel jetzt online bestellen bei We Love Keys<\/title>\n<meta name=\"description\" content=\"Bestellen Sie Pump-Schl\u00fcssel HEUTE online mit We Love Keys. Mottura, ISEO und viele andere Pump-Schl\u00fcssel. Schneller Versand.\" \/>\n<meta name=\"robots\" content=\"index, follow, max-snippet:-1, max-image-preview:large, max-video-preview:-1\" \/>\n<link rel=\"canonical\" href=\"https:\/\/www.welovekeys.co.uk\/de\/produkt\/potent-1740-pump-schlussel\/\" \/>\n<meta property=\"og:locale\" content=\"de_DE\" \/>\n<meta property=\"og:type\" content=\"article\" \/>\n<meta property=\"og:title\" content=\"potent 1740 Pump-Schl\u00fcssel jetzt online bestellen bei We Love Keys\" \/>\n<meta property=\"og:description\" content=\"Bestellen Sie Pump-Schl\u00fcssel HEUTE online mit We Love Keys. Mottura, ISEO und viele andere Pump-Schl\u00fcssel. Schneller Versand.\" \/>\n<meta property=\"og:url\" content=\"https:\/\/www.welovekeys.co.uk\/de\/produkt\/potent-1740-pump-schlussel\/\" \/>\n<meta property=\"og:site_name\" content=\"We Love Keys\" \/>\n<meta property=\"article:modified_time\" content=\"2024-02-22T14:51:53+00:00\" \/>\n<meta property=\"og:image\" content=\"https:\/\/www.welovekeys.co.uk\/wp-content\/uploads\/2024\/02\/potent-pump-key-1740.jpg\" \/>\n\t<meta property=\"og:image:width\" content=\"597\" \/>\n\t<meta property=\"og:image:height\" content=\"597\" \/>\n\t<meta property=\"og:image:type\" content=\"image\/jpeg\" \/>\n<meta name=\"twitter:card\" content=\"summary_large_image\" \/>\n<meta name=\"twitter:label1\" content=\"Gesch\u00e4tzte Lesezeit\" \/>\n\t<meta name=\"twitter:data1\" content=\"1\u00a0Minute\" \/>\n<script type=\"application\/ld+json\" class=\"yoast-schema-graph\">{\"@context\":\"https:\\\/\\\/schema.org\",\"@graph\":[{\"@type\":\"WebPage\",\"@id\":\"https:\\\/\\\/www.welovekeys.co.uk\\\/de\\\/produkt\\\/potent-1740-pump-schlussel\\\/\",\"url\":\"https:\\\/\\\/www.welovekeys.co.uk\\\/de\\\/produkt\\\/potent-1740-pump-schlussel\\\/\",\"name\":\"potent 1740 Pump-Schl\u00fcssel jetzt online bestellen bei We Love Keys\",\"isPartOf\":{\"@id\":\"https:\\\/\\\/www.welovekeys.co.uk\\\/de\\\/#website\"},\"primaryImageOfPage\":{\"@id\":\"https:\\\/\\\/www.welovekeys.co.uk\\\/de\\\/produkt\\\/potent-1740-pump-schlussel\\\/#primaryimage\"},\"image\":{\"@id\":\"https:\\\/\\\/www.welovekeys.co.uk\\\/de\\\/produkt\\\/potent-1740-pump-schlussel\\\/#primaryimage\"},\"thumbnailUrl\":\"https:\\\/\\\/www.welovekeys.co.uk\\\/wp-content\\\/uploads\\\/2024\\\/02\\\/potent-pump-key-1740.jpg\",\"datePublished\":\"2024-02-22T14:41:44+00:00\",\"dateModified\":\"2024-02-22T14:51:53+00:00\",\"description\":\"Bestellen Sie Pump-Schl\u00fcssel HEUTE online mit We Love Keys. Mottura, ISEO und viele andere Pump-Schl\u00fcssel. Schneller Versand.\",\"breadcrumb\":{\"@id\":\"https:\\\/\\\/www.welovekeys.co.uk\\\/de\\\/produkt\\\/potent-1740-pump-schlussel\\\/#breadcrumb\"},\"inLanguage\":\"de\",\"potentialAction\":[{\"@type\":\"ReadAction\",\"target\":[\"https:\\\/\\\/www.welovekeys.co.uk\\\/de\\\/produkt\\\/potent-1740-pump-schlussel\\\/\"]}]},{\"@type\":\"ImageObject\",\"inLanguage\":\"de\",\"@id\":\"https:\\\/\\\/www.welovekeys.co.uk\\\/de\\\/produkt\\\/potent-1740-pump-schlussel\\\/#primaryimage\",\"url\":\"https:\\\/\\\/www.welovekeys.co.uk\\\/wp-content\\\/uploads\\\/2024\\\/02\\\/potent-pump-key-1740.jpg\",\"contentUrl\":\"https:\\\/\\\/www.welovekeys.co.uk\\\/wp-content\\\/uploads\\\/2024\\\/02\\\/potent-pump-key-1740.jpg\",\"width\":597,\"height\":597,\"caption\":\"potent pump key 1740 key cut\"},{\"@type\":\"BreadcrumbList\",\"@id\":\"https:\\\/\\\/www.welovekeys.co.uk\\\/de\\\/produkt\\\/potent-1740-pump-schlussel\\\/#breadcrumb\",\"itemListElement\":[{\"@type\":\"ListItem\",\"position\":1,\"name\":\"Home\",\"item\":\"https:\\\/\\\/www.welovekeys.co.uk\\\/de\\\/startseite-2\\\/\"},{\"@type\":\"ListItem\",\"position\":2,\"name\":\"Shop\",\"item\":\"https:\\\/\\\/www.welovekeys.co.uk\\\/de\\\/shop\\\/\"},{\"@type\":\"ListItem\",\"position\":3,\"name\":\"Potent 1740 Pump-Schl\u00fcssel\"}]},{\"@type\":\"WebSite\",\"@id\":\"https:\\\/\\\/www.welovekeys.co.uk\\\/de\\\/#website\",\"url\":\"https:\\\/\\\/www.welovekeys.co.uk\\\/de\\\/\",\"name\":\"We Love Keys\",\"description\":\"A marketplace for keys\",\"publisher\":{\"@id\":\"https:\\\/\\\/www.welovekeys.co.uk\\\/de\\\/#organization\"},\"potentialAction\":[{\"@type\":\"SearchAction\",\"target\":{\"@type\":\"EntryPoint\",\"urlTemplate\":\"https:\\\/\\\/www.welovekeys.co.uk\\\/de\\\/?s={search_term_string}\"},\"query-input\":{\"@type\":\"PropertyValueSpecification\",\"valueRequired\":true,\"valueName\":\"search_term_string\"}}],\"inLanguage\":\"de\"},{\"@type\":\"Organization\",\"@id\":\"https:\\\/\\\/www.welovekeys.co.uk\\\/de\\\/#organization\",\"name\":\"We Love Keys\",\"url\":\"https:\\\/\\\/www.welovekeys.co.uk\\\/de\\\/\",\"logo\":{\"@type\":\"ImageObject\",\"inLanguage\":\"de\",\"@id\":\"https:\\\/\\\/www.welovekeys.co.uk\\\/de\\\/#\\\/schema\\\/logo\\\/image\\\/\",\"url\":\"https:\\\/\\\/www.welovekeys.co.uk\\\/wp-content\\\/uploads\\\/2017\\\/06\\\/WE.png\",\"contentUrl\":\"https:\\\/\\\/www.welovekeys.co.uk\\\/wp-content\\\/uploads\\\/2017\\\/06\\\/WE.png\",\"width\":348,\"height\":66,\"caption\":\"We Love Keys\"},\"image\":{\"@id\":\"https:\\\/\\\/www.welovekeys.co.uk\\\/de\\\/#\\\/schema\\\/logo\\\/image\\\/\"}}]}<\/script>\n<!-- \/ Yoast SEO plugin. -->","yoast_head_json":{"title":"potent 1740 Pump-Schl\u00fcssel jetzt online bestellen bei We Love Keys","description":"Bestellen Sie Pump-Schl\u00fcssel HEUTE online mit We Love Keys. Mottura, ISEO und viele andere Pump-Schl\u00fcssel. Schneller Versand.","robots":{"index":"index","follow":"follow","max-snippet":"max-snippet:-1","max-image-preview":"max-image-preview:large","max-video-preview":"max-video-preview:-1"},"canonical":"https:\/\/www.welovekeys.co.uk\/de\/produkt\/potent-1740-pump-schlussel\/","og_locale":"de_DE","og_type":"article","og_title":"potent 1740 Pump-Schl\u00fcssel jetzt online bestellen bei We Love Keys","og_description":"Bestellen Sie Pump-Schl\u00fcssel HEUTE online mit We Love Keys. Mottura, ISEO und viele andere Pump-Schl\u00fcssel. Schneller Versand.","og_url":"https:\/\/www.welovekeys.co.uk\/de\/produkt\/potent-1740-pump-schlussel\/","og_site_name":"We Love Keys","article_modified_time":"2024-02-22T14:51:53+00:00","og_image":[{"width":597,"height":597,"url":"https:\/\/www.welovekeys.co.uk\/wp-content\/uploads\/2024\/02\/potent-pump-key-1740.jpg","type":"image\/jpeg"}],"twitter_card":"summary_large_image","twitter_misc":{"Gesch\u00e4tzte Lesezeit":"1\u00a0Minute"},"schema":{"@context":"https:\/\/schema.org","@graph":[{"@type":"WebPage","@id":"https:\/\/www.welovekeys.co.uk\/de\/produkt\/potent-1740-pump-schlussel\/","url":"https:\/\/www.welovekeys.co.uk\/de\/produkt\/potent-1740-pump-schlussel\/","name":"potent 1740 Pump-Schl\u00fcssel jetzt online bestellen bei We Love Keys","isPartOf":{"@id":"https:\/\/www.welovekeys.co.uk\/de\/#website"},"primaryImageOfPage":{"@id":"https:\/\/www.welovekeys.co.uk\/de\/produkt\/potent-1740-pump-schlussel\/#primaryimage"},"image":{"@id":"https:\/\/www.welovekeys.co.uk\/de\/produkt\/potent-1740-pump-schlussel\/#primaryimage"},"thumbnailUrl":"https:\/\/www.welovekeys.co.uk\/wp-content\/uploads\/2024\/02\/potent-pump-key-1740.jpg","datePublished":"2024-02-22T14:41:44+00:00","dateModified":"2024-02-22T14:51:53+00:00","description":"Bestellen Sie Pump-Schl\u00fcssel HEUTE online mit We Love Keys. Mottura, ISEO und viele andere Pump-Schl\u00fcssel. Schneller Versand.","breadcrumb":{"@id":"https:\/\/www.welovekeys.co.uk\/de\/produkt\/potent-1740-pump-schlussel\/#breadcrumb"},"inLanguage":"de","potentialAction":[{"@type":"ReadAction","target":["https:\/\/www.welovekeys.co.uk\/de\/produkt\/potent-1740-pump-schlussel\/"]}]},{"@type":"ImageObject","inLanguage":"de","@id":"https:\/\/www.welovekeys.co.uk\/de\/produkt\/potent-1740-pump-schlussel\/#primaryimage","url":"https:\/\/www.welovekeys.co.uk\/wp-content\/uploads\/2024\/02\/potent-pump-key-1740.jpg","contentUrl":"https:\/\/www.welovekeys.co.uk\/wp-content\/uploads\/2024\/02\/potent-pump-key-1740.jpg","width":597,"height":597,"caption":"potent pump key 1740 key cut"},{"@type":"BreadcrumbList","@id":"https:\/\/www.welovekeys.co.uk\/de\/produkt\/potent-1740-pump-schlussel\/#breadcrumb","itemListElement":[{"@type":"ListItem","position":1,"name":"Home","item":"https:\/\/www.welovekeys.co.uk\/de\/startseite-2\/"},{"@type":"ListItem","position":2,"name":"Shop","item":"https:\/\/www.welovekeys.co.uk\/de\/shop\/"},{"@type":"ListItem","position":3,"name":"Potent 1740 Pump-Schl\u00fcssel"}]},{"@type":"WebSite","@id":"https:\/\/www.welovekeys.co.uk\/de\/#website","url":"https:\/\/www.welovekeys.co.uk\/de\/","name":"We Love Keys","description":"A marketplace for keys","publisher":{"@id":"https:\/\/www.welovekeys.co.uk\/de\/#organization"},"potentialAction":[{"@type":"SearchAction","target":{"@type":"EntryPoint","urlTemplate":"https:\/\/www.welovekeys.co.uk\/de\/?s={search_term_string}"},"query-input":{"@type":"PropertyValueSpecification","valueRequired":true,"valueName":"search_term_string"}}],"inLanguage":"de"},{"@type":"Organization","@id":"https:\/\/www.welovekeys.co.uk\/de\/#organization","name":"We Love Keys","url":"https:\/\/www.welovekeys.co.uk\/de\/","logo":{"@type":"ImageObject","inLanguage":"de","@id":"https:\/\/www.welovekeys.co.uk\/de\/#\/schema\/logo\/image\/","url":"https:\/\/www.welovekeys.co.uk\/wp-content\/uploads\/2017\/06\/WE.png","contentUrl":"https:\/\/www.welovekeys.co.uk\/wp-content\/uploads\/2017\/06\/WE.png","width":348,"height":66,"caption":"We Love Keys"},"image":{"@id":"https:\/\/www.welovekeys.co.uk\/de\/#\/schema\/logo\/image\/"}}]}},"_links":{"self":[{"href":"https:\/\/www.welovekeys.co.uk\/de\/wp-json\/wp\/v2\/product\/251467","targetHints":{"allow":["GET"]}}],"collection":[{"href":"https:\/\/www.welovekeys.co.uk\/de\/wp-json\/wp\/v2\/product"}],"about":[{"href":"https:\/\/www.welovekeys.co.uk\/de\/wp-json\/wp\/v2\/types\/product"}],"wp:featuredmedia":[{"embeddable":true,"href":"https:\/\/www.welovekeys.co.uk\/de\/wp-json\/wp\/v2\/media\/251476"}],"wp:attachment":[{"href":"https:\/\/www.welovekeys.co.uk\/de\/wp-json\/wp\/v2\/media?parent=251467"}],"wp:term":[{"taxonomy":"product_brand","embeddable":true,"href":"https:\/\/www.welovekeys.co.uk\/de\/wp-json\/wp\/v2\/product_brand?post=251467"},{"taxonomy":"product_cat","embeddable":true,"href":"https:\/\/www.welovekeys.co.uk\/de\/wp-json\/wp\/v2\/product_cat?post=251467"},{"taxonomy":"product_tag","embeddable":true,"href":"https:\/\/www.welovekeys.co.uk\/de\/wp-json\/wp\/v2\/product_tag?post=251467"}],"curies":[{"name":"wp","href":"https:\/\/api.w.org\/{rel}","templated":true}]}}