{"id":244151,"date":"2022-10-19T16:27:09","date_gmt":"2022-10-19T15:27:09","guid":{"rendered":"https:\/\/www.welovekeys.co.uk\/product\/halloween-schluesselanhaenger\/"},"modified":"2023-04-19T12:47:51","modified_gmt":"2023-04-19T11:47:51","slug":"halloween-schluesselanhaenger","status":"publish","type":"product","link":"https:\/\/www.welovekeys.co.uk\/de\/produkt\/halloween-schluesselanhaenger\/","title":{"rendered":"Halloween Schl\u00fcsselanh\u00e4nger"},"content":{"rendered":"<p>Hier sind Sie richtig fuer Halloween Schl\u00fcsselanh\u00e4nger, von We Love Keys.<\/p>\n<p>Designs: wie auf den Photos<\/p>\n<div>\n<div>Material: PVC, Gummi<\/div>\n<div>\u00a0<\/div>\n<div data-spm-anchor-id=\"a2g0o.detail.1000023.i1.60864e68VAUDAU\">Breite: etwa 3cm<\/div>\n<div data-spm-anchor-id=\"a2g0o.detail.1000023.i1.60864e68VAUDAU\">\u00a0<\/div>\n<\/div>\n<div data-spm-anchor-id=\"a2g0o.detail.1000023.i1.60864e68VAUDAU\">Ring Durchmesser: 2.3cm<\/div>\n<div data-spm-anchor-id=\"a2g0o.detail.1000023.i1.60864e68VAUDAU\">\u00a0<\/div>\n<div data-spm-anchor-id=\"a2g0o.detail.1000023.i1.60864e68VAUDAU\">\n<p>Wusstest du schon, dass deine Bewertungen jetzt auf unserer\u00a0<a href=\"https:\/\/www.instagram.com\/we_love_keys\/\">Instagram<\/a>-Seite ver\u00f6ffentlicht werden? Hinterlasse einfach eine Bewertung auf\u00a0<a href=\"https:\/\/uk.trustpilot.com\/review\/metrolocks.co.uk\">Trustpilot<\/a>\u00a0oder\u00a0<a href=\"https:\/\/www.google.com\/maps\/place\/1st+Metropolitan+Locksmiths+Ltd.\/@51.5898897,-0.07149,18z\/data=!4m8!3m7!1s0x48761ca42745a585:0xb675cc0d99355445!8m2!3d51.5896873!4d-0.0692956!9m1!1b1!16s%2Fg%2F1tdbdxwj\">Google<\/a>, um die Chance zu haben, auch vorgestellt zu werden!<\/p>\n<p>Du kannst\u00a0<a href=\"https:\/\/www.welovekeys.co.uk\/de\/produkt-kategorie\/schluessel-zubehoer\/\">hier<\/a>\u00a0alle wichtigen Accessoires \u00fcberpr\u00fcfen, die wir auf unserer Webseite anbieten. Von Anime-Schl\u00fcsselanh\u00e4ngern bis hin zu Standard-Tags und mehr.<\/p>\n<p>Weitere Designs sind in Planung, also bleib dran!<\/p>\n<\/div>\n","protected":false},"excerpt":{"rendered":"<p>Der Preis ist fuer jeweils einen Schl\u00fcsselanh\u00e4nger<\/p>\n<div id=\"discounttable\"><strong>2+ Schl\u00fcsselanh\u00e4nger = 10% Rabatt<br \/>5+ Schl\u00fcsselanh\u00e4nger = 16% Rabatt<br \/>Der Rabatt wird beim Auschecken berechnet<\/strong><\/div>\n","protected":false},"featured_media":15321,"template":"","meta":{"_et_pb_use_builder":"","_et_pb_old_content":"","_et_gb_content_width":""},"product_brand":[],"product_cat":[83],"product_tag":[779,773,770],"class_list":{"0":"post-244151","1":"product","2":"type-product","3":"status-publish","4":"has-post-thumbnail","6":"product_cat-schluessel-zubehoer","7":"product_tag-key-cap-de","8":"product_tag-key-chain-de","9":"product_tag-key-ring-de","10":"product_shipping_class-env-de","12":"first","13":"instock","14":"sale","15":"taxable","16":"shipping-taxable","17":"purchasable","18":"product-type-simple"},"yoast_head":"<!-- This site is optimized with the Yoast SEO plugin v27.4 - https:\/\/yoast.com\/product\/yoast-seo-wordpress\/ -->\n<title>Halloween Schl\u00fcsselanh\u00e4nger - We Love Keys<\/title>\n<meta name=\"description\" content=\"Sind Sie ein Fan von Halloween oder Horrorfilmen? Oder bereiten Sie sich vielleicht auf die gruselige Jahreszeit vor? Greifen Sie jetzt zu einem Schl\u00fcsselanh\u00e4nger, solange der Vorrat reicht. Toller Preis und schneller Versand.\" \/>\n<meta name=\"robots\" content=\"index, follow, max-snippet:-1, max-image-preview:large, max-video-preview:-1\" \/>\n<link rel=\"canonical\" href=\"https:\/\/www.welovekeys.co.uk\/de\/produkt\/halloween-schluesselanhaenger\/\" \/>\n<meta property=\"og:locale\" content=\"de_DE\" \/>\n<meta property=\"og:type\" content=\"article\" \/>\n<meta property=\"og:title\" content=\"Halloween Schl\u00fcsselanh\u00e4nger - We Love Keys\" \/>\n<meta property=\"og:description\" content=\"Sind Sie ein Fan von Halloween oder Horrorfilmen? Oder bereiten Sie sich vielleicht auf die gruselige Jahreszeit vor? Greifen Sie jetzt zu einem Schl\u00fcsselanh\u00e4nger, solange der Vorrat reicht. Toller Preis und schneller Versand.\" \/>\n<meta property=\"og:url\" content=\"https:\/\/www.welovekeys.co.uk\/de\/produkt\/halloween-schluesselanhaenger\/\" \/>\n<meta property=\"og:site_name\" content=\"We Love Keys\" \/>\n<meta property=\"article:modified_time\" content=\"2023-04-19T11:47:51+00:00\" \/>\n<meta property=\"og:image\" content=\"https:\/\/www.welovekeys.co.uk\/wp-content\/uploads\/2022\/10\/U5d502dbf741b41d8b94b9685fa2456322.jpg\" \/>\n\t<meta property=\"og:image:width\" content=\"800\" \/>\n\t<meta property=\"og:image:height\" content=\"800\" \/>\n\t<meta property=\"og:image:type\" content=\"image\/jpeg\" \/>\n<meta name=\"twitter:card\" content=\"summary_large_image\" \/>\n<script type=\"application\/ld+json\" class=\"yoast-schema-graph\">{\"@context\":\"https:\\\/\\\/schema.org\",\"@graph\":[{\"@type\":\"WebPage\",\"@id\":\"https:\\\/\\\/www.welovekeys.co.uk\\\/de\\\/produkt\\\/halloween-schluesselanhaenger\\\/\",\"url\":\"https:\\\/\\\/www.welovekeys.co.uk\\\/de\\\/produkt\\\/halloween-schluesselanhaenger\\\/\",\"name\":\"Halloween Schl\u00fcsselanh\u00e4nger - We Love Keys\",\"isPartOf\":{\"@id\":\"https:\\\/\\\/www.welovekeys.co.uk\\\/de\\\/#website\"},\"primaryImageOfPage\":{\"@id\":\"https:\\\/\\\/www.welovekeys.co.uk\\\/de\\\/produkt\\\/halloween-schluesselanhaenger\\\/#primaryimage\"},\"image\":{\"@id\":\"https:\\\/\\\/www.welovekeys.co.uk\\\/de\\\/produkt\\\/halloween-schluesselanhaenger\\\/#primaryimage\"},\"thumbnailUrl\":\"https:\\\/\\\/www.welovekeys.co.uk\\\/wp-content\\\/uploads\\\/2022\\\/10\\\/U5d502dbf741b41d8b94b9685fa2456322.jpg\",\"datePublished\":\"2022-10-19T15:27:09+00:00\",\"dateModified\":\"2023-04-19T11:47:51+00:00\",\"description\":\"Sind Sie ein Fan von Halloween oder Horrorfilmen? Oder bereiten Sie sich vielleicht auf die gruselige Jahreszeit vor? Greifen Sie jetzt zu einem Schl\u00fcsselanh\u00e4nger, solange der Vorrat reicht. Toller Preis und schneller Versand.\",\"breadcrumb\":{\"@id\":\"https:\\\/\\\/www.welovekeys.co.uk\\\/de\\\/produkt\\\/halloween-schluesselanhaenger\\\/#breadcrumb\"},\"inLanguage\":\"de\",\"potentialAction\":[{\"@type\":\"ReadAction\",\"target\":[\"https:\\\/\\\/www.welovekeys.co.uk\\\/de\\\/produkt\\\/halloween-schluesselanhaenger\\\/\"]}]},{\"@type\":\"ImageObject\",\"inLanguage\":\"de\",\"@id\":\"https:\\\/\\\/www.welovekeys.co.uk\\\/de\\\/produkt\\\/halloween-schluesselanhaenger\\\/#primaryimage\",\"url\":\"https:\\\/\\\/www.welovekeys.co.uk\\\/wp-content\\\/uploads\\\/2022\\\/10\\\/U5d502dbf741b41d8b94b9685fa2456322.jpg\",\"contentUrl\":\"https:\\\/\\\/www.welovekeys.co.uk\\\/wp-content\\\/uploads\\\/2022\\\/10\\\/U5d502dbf741b41d8b94b9685fa2456322.jpg\",\"width\":800,\"height\":800,\"caption\":\"Halloween rubber key-chain key-ring key-tag order with we love keys\"},{\"@type\":\"BreadcrumbList\",\"@id\":\"https:\\\/\\\/www.welovekeys.co.uk\\\/de\\\/produkt\\\/halloween-schluesselanhaenger\\\/#breadcrumb\",\"itemListElement\":[{\"@type\":\"ListItem\",\"position\":1,\"name\":\"Home\",\"item\":\"https:\\\/\\\/www.welovekeys.co.uk\\\/de\\\/startseite-2\\\/\"},{\"@type\":\"ListItem\",\"position\":2,\"name\":\"Shop\",\"item\":\"https:\\\/\\\/www.welovekeys.co.uk\\\/de\\\/shop\\\/\"},{\"@type\":\"ListItem\",\"position\":3,\"name\":\"Halloween Schl\u00fcsselanh\u00e4nger\"}]},{\"@type\":\"WebSite\",\"@id\":\"https:\\\/\\\/www.welovekeys.co.uk\\\/de\\\/#website\",\"url\":\"https:\\\/\\\/www.welovekeys.co.uk\\\/de\\\/\",\"name\":\"We Love Keys\",\"description\":\"A marketplace for keys\",\"publisher\":{\"@id\":\"https:\\\/\\\/www.welovekeys.co.uk\\\/de\\\/#organization\"},\"potentialAction\":[{\"@type\":\"SearchAction\",\"target\":{\"@type\":\"EntryPoint\",\"urlTemplate\":\"https:\\\/\\\/www.welovekeys.co.uk\\\/de\\\/?s={search_term_string}\"},\"query-input\":{\"@type\":\"PropertyValueSpecification\",\"valueRequired\":true,\"valueName\":\"search_term_string\"}}],\"inLanguage\":\"de\"},{\"@type\":\"Organization\",\"@id\":\"https:\\\/\\\/www.welovekeys.co.uk\\\/de\\\/#organization\",\"name\":\"We Love Keys\",\"url\":\"https:\\\/\\\/www.welovekeys.co.uk\\\/de\\\/\",\"logo\":{\"@type\":\"ImageObject\",\"inLanguage\":\"de\",\"@id\":\"https:\\\/\\\/www.welovekeys.co.uk\\\/de\\\/#\\\/schema\\\/logo\\\/image\\\/\",\"url\":\"https:\\\/\\\/www.welovekeys.co.uk\\\/wp-content\\\/uploads\\\/2017\\\/06\\\/WE.png\",\"contentUrl\":\"https:\\\/\\\/www.welovekeys.co.uk\\\/wp-content\\\/uploads\\\/2017\\\/06\\\/WE.png\",\"width\":348,\"height\":66,\"caption\":\"We Love Keys\"},\"image\":{\"@id\":\"https:\\\/\\\/www.welovekeys.co.uk\\\/de\\\/#\\\/schema\\\/logo\\\/image\\\/\"}}]}<\/script>\n<!-- \/ Yoast SEO plugin. -->","yoast_head_json":{"title":"Halloween Schl\u00fcsselanh\u00e4nger - We Love Keys","description":"Sind Sie ein Fan von Halloween oder Horrorfilmen? Oder bereiten Sie sich vielleicht auf die gruselige Jahreszeit vor? Greifen Sie jetzt zu einem Schl\u00fcsselanh\u00e4nger, solange der Vorrat reicht. Toller Preis und schneller Versand.","robots":{"index":"index","follow":"follow","max-snippet":"max-snippet:-1","max-image-preview":"max-image-preview:large","max-video-preview":"max-video-preview:-1"},"canonical":"https:\/\/www.welovekeys.co.uk\/de\/produkt\/halloween-schluesselanhaenger\/","og_locale":"de_DE","og_type":"article","og_title":"Halloween Schl\u00fcsselanh\u00e4nger - We Love Keys","og_description":"Sind Sie ein Fan von Halloween oder Horrorfilmen? Oder bereiten Sie sich vielleicht auf die gruselige Jahreszeit vor? Greifen Sie jetzt zu einem Schl\u00fcsselanh\u00e4nger, solange der Vorrat reicht. Toller Preis und schneller Versand.","og_url":"https:\/\/www.welovekeys.co.uk\/de\/produkt\/halloween-schluesselanhaenger\/","og_site_name":"We Love Keys","article_modified_time":"2023-04-19T11:47:51+00:00","og_image":[{"width":800,"height":800,"url":"https:\/\/www.welovekeys.co.uk\/wp-content\/uploads\/2022\/10\/U5d502dbf741b41d8b94b9685fa2456322.jpg","type":"image\/jpeg"}],"twitter_card":"summary_large_image","schema":{"@context":"https:\/\/schema.org","@graph":[{"@type":"WebPage","@id":"https:\/\/www.welovekeys.co.uk\/de\/produkt\/halloween-schluesselanhaenger\/","url":"https:\/\/www.welovekeys.co.uk\/de\/produkt\/halloween-schluesselanhaenger\/","name":"Halloween Schl\u00fcsselanh\u00e4nger - We Love Keys","isPartOf":{"@id":"https:\/\/www.welovekeys.co.uk\/de\/#website"},"primaryImageOfPage":{"@id":"https:\/\/www.welovekeys.co.uk\/de\/produkt\/halloween-schluesselanhaenger\/#primaryimage"},"image":{"@id":"https:\/\/www.welovekeys.co.uk\/de\/produkt\/halloween-schluesselanhaenger\/#primaryimage"},"thumbnailUrl":"https:\/\/www.welovekeys.co.uk\/wp-content\/uploads\/2022\/10\/U5d502dbf741b41d8b94b9685fa2456322.jpg","datePublished":"2022-10-19T15:27:09+00:00","dateModified":"2023-04-19T11:47:51+00:00","description":"Sind Sie ein Fan von Halloween oder Horrorfilmen? Oder bereiten Sie sich vielleicht auf die gruselige Jahreszeit vor? Greifen Sie jetzt zu einem Schl\u00fcsselanh\u00e4nger, solange der Vorrat reicht. Toller Preis und schneller Versand.","breadcrumb":{"@id":"https:\/\/www.welovekeys.co.uk\/de\/produkt\/halloween-schluesselanhaenger\/#breadcrumb"},"inLanguage":"de","potentialAction":[{"@type":"ReadAction","target":["https:\/\/www.welovekeys.co.uk\/de\/produkt\/halloween-schluesselanhaenger\/"]}]},{"@type":"ImageObject","inLanguage":"de","@id":"https:\/\/www.welovekeys.co.uk\/de\/produkt\/halloween-schluesselanhaenger\/#primaryimage","url":"https:\/\/www.welovekeys.co.uk\/wp-content\/uploads\/2022\/10\/U5d502dbf741b41d8b94b9685fa2456322.jpg","contentUrl":"https:\/\/www.welovekeys.co.uk\/wp-content\/uploads\/2022\/10\/U5d502dbf741b41d8b94b9685fa2456322.jpg","width":800,"height":800,"caption":"Halloween rubber key-chain key-ring key-tag order with we love keys"},{"@type":"BreadcrumbList","@id":"https:\/\/www.welovekeys.co.uk\/de\/produkt\/halloween-schluesselanhaenger\/#breadcrumb","itemListElement":[{"@type":"ListItem","position":1,"name":"Home","item":"https:\/\/www.welovekeys.co.uk\/de\/startseite-2\/"},{"@type":"ListItem","position":2,"name":"Shop","item":"https:\/\/www.welovekeys.co.uk\/de\/shop\/"},{"@type":"ListItem","position":3,"name":"Halloween Schl\u00fcsselanh\u00e4nger"}]},{"@type":"WebSite","@id":"https:\/\/www.welovekeys.co.uk\/de\/#website","url":"https:\/\/www.welovekeys.co.uk\/de\/","name":"We Love Keys","description":"A marketplace for keys","publisher":{"@id":"https:\/\/www.welovekeys.co.uk\/de\/#organization"},"potentialAction":[{"@type":"SearchAction","target":{"@type":"EntryPoint","urlTemplate":"https:\/\/www.welovekeys.co.uk\/de\/?s={search_term_string}"},"query-input":{"@type":"PropertyValueSpecification","valueRequired":true,"valueName":"search_term_string"}}],"inLanguage":"de"},{"@type":"Organization","@id":"https:\/\/www.welovekeys.co.uk\/de\/#organization","name":"We Love Keys","url":"https:\/\/www.welovekeys.co.uk\/de\/","logo":{"@type":"ImageObject","inLanguage":"de","@id":"https:\/\/www.welovekeys.co.uk\/de\/#\/schema\/logo\/image\/","url":"https:\/\/www.welovekeys.co.uk\/wp-content\/uploads\/2017\/06\/WE.png","contentUrl":"https:\/\/www.welovekeys.co.uk\/wp-content\/uploads\/2017\/06\/WE.png","width":348,"height":66,"caption":"We Love Keys"},"image":{"@id":"https:\/\/www.welovekeys.co.uk\/de\/#\/schema\/logo\/image\/"}}]}},"_links":{"self":[{"href":"https:\/\/www.welovekeys.co.uk\/de\/wp-json\/wp\/v2\/product\/244151","targetHints":{"allow":["GET"]}}],"collection":[{"href":"https:\/\/www.welovekeys.co.uk\/de\/wp-json\/wp\/v2\/product"}],"about":[{"href":"https:\/\/www.welovekeys.co.uk\/de\/wp-json\/wp\/v2\/types\/product"}],"wp:featuredmedia":[{"embeddable":true,"href":"https:\/\/www.welovekeys.co.uk\/de\/wp-json\/wp\/v2\/media\/15321"}],"wp:attachment":[{"href":"https:\/\/www.welovekeys.co.uk\/de\/wp-json\/wp\/v2\/media?parent=244151"}],"wp:term":[{"taxonomy":"product_brand","embeddable":true,"href":"https:\/\/www.welovekeys.co.uk\/de\/wp-json\/wp\/v2\/product_brand?post=244151"},{"taxonomy":"product_cat","embeddable":true,"href":"https:\/\/www.welovekeys.co.uk\/de\/wp-json\/wp\/v2\/product_cat?post=244151"},{"taxonomy":"product_tag","embeddable":true,"href":"https:\/\/www.welovekeys.co.uk\/de\/wp-json\/wp\/v2\/product_tag?post=244151"}],"curies":[{"name":"wp","href":"https:\/\/api.w.org\/{rel}","templated":true}]}}