{"id":1460,"date":"2018-02-05T14:14:53","date_gmt":"2018-02-05T14:14:53","guid":{"rendered":"https:\/\/www.welovekeys.co.uk\/product\/abus-beidseitiger-schlussel-standard-prefixes\/"},"modified":"2022-07-07T12:00:42","modified_gmt":"2022-07-07T11:00:42","slug":"abus-beidseitiger-schlussel-standard-prefixes","status":"publish","type":"product","link":"https:\/\/www.welovekeys.co.uk\/de\/produkt\/abus-beidseitiger-schlussel-standard-prefixes\/","title":{"rendered":"ABUS beidseitiger Schl\u00fcssel mit standard Vorzeichen"},"content":{"rendered":"<p>Diese ABUS Schl&uuml;ssel Serien \u2013 F82, P82, U72, V61, V62, V63, V64, V65, W72, X61, X62, Z72 &amp; Z74 \u2013 kommen sehr h&auml;ufig in ABUS Fahrradschl&ouml;ssern, aber manchmal auch in anderen ABUS Produkten vor.<\/p>\n<p>Wir k&ouml;nnen diese Schl&uuml;ssel von der Schl&uuml;sselnummer herstellen. Diese Nummer ist entweder auf Ihrem Schl&uuml;ssel gestempelt, oder sie steht auf einer ABUS Sicherheitskarte, die mit dem Schloss verkauft wurde. Schl&uuml;sselnummern haben normalerweise eine Pr&auml;fix von einem Buchstaben, und eine oder zwei Ziffern, mit anschlie&szlig;end 4 Zahlen, z.B. Z74 0974 oder V65 1211.<\/p>\n<blockquote>\n<p><strong>Geben Sie einfach Ihre komplette Schl&uuml;sselnummer im Kasten ein und wir stellen die Schl&uuml;ssel her.<\/strong><\/p>\n<\/blockquote>\n<p>Diese Schl\u00fcssel sind relativ kurz, mit Schnitten auf beiden Seiten der Klinge. Der Griff ist aus schwarzem Kunststoff mit dem ABUS-Logo und der Schl\u00fcsselcode ist normalerweise auf dem Stiel des Schl\u00fcssels direkt unter dem Griff angegeben.<\/p>\n<p><strong><em>Wir k\u00f6nnen dieses Produkt am Tag der Bestellung verschicken, wenn Sie Werktags vor 14:00 Uhr bestellen.<\/em><\/strong><\/p>\n","protected":false},"excerpt":{"rendered":"<div id=\"discounttable\"><strong>2+ Schl\u00fcssel = 10% Rabatt<br \/>\n5+ Schl\u00fcssel = 16% Rabatt<br \/>\n10+ Schl\u00fcssel = 22% Rabatt<br \/>\n20+ Schl\u00fcssel = <a href=\"https:\/\/www.welovekeys.co.uk\/de\/hilfe\/\" target=\"_blank\" rel=\"noopener\">schreiben Sie uns<\/a><br \/>Rabatt wird im Warenkorb gezeigt.<\/strong><\/div>\n","protected":false},"featured_media":1220,"template":"","meta":{"_et_pb_use_builder":"","_et_pb_old_content":"","_et_gb_content_width":""},"product_brand":[],"product_cat":[61,743,708,741],"product_tag":[],"class_list":{"0":"post-1460","1":"product","2":"type-product","3":"status-publish","4":"has-post-thumbnail","6":"product_cat-abus-schlussel","7":"product_cat-double-sided-de","8":"product_cat-fahrrad","9":"product_cat-zylinderschlussel","10":"product_shipping_class-large-letter-de","12":"first","13":"instock","14":"taxable","15":"shipping-taxable","16":"purchasable","17":"product-type-simple"},"yoast_head":"<!-- This site is optimized with the Yoast SEO plugin v27.4 - https:\/\/yoast.com\/product\/yoast-seo-wordpress\/ -->\n<title>ABUS Fahrradschl\u00fcssel jetzt im Internet bestellen! - We Love Keys<\/title>\n<meta name=\"description\" content=\"Schneiden Sie ABUS doppelseitige Schl\u00fcssel online. Alle Schl\u00fcsselcodes sind vorgesehen: V62, U72, Z72 und mehr. Bestellen Sie noch heute Ihren Schl\u00fcssel!\" \/>\n<meta name=\"robots\" content=\"index, follow, max-snippet:-1, max-image-preview:large, max-video-preview:-1\" \/>\n<link rel=\"canonical\" href=\"https:\/\/www.welovekeys.co.uk\/de\/produkt\/abus-beidseitiger-schlussel-standard-prefixes\/\" \/>\n<meta property=\"og:locale\" content=\"de_DE\" \/>\n<meta property=\"og:type\" content=\"article\" \/>\n<meta property=\"og:title\" content=\"ABUS Fahrradschl\u00fcssel jetzt im Internet bestellen! - We Love Keys\" \/>\n<meta property=\"og:description\" content=\"Schneiden Sie ABUS doppelseitige Schl\u00fcssel online. Alle Schl\u00fcsselcodes sind vorgesehen: V62, U72, Z72 und mehr. Bestellen Sie noch heute Ihren Schl\u00fcssel!\" \/>\n<meta property=\"og:url\" content=\"https:\/\/www.welovekeys.co.uk\/de\/produkt\/abus-beidseitiger-schlussel-standard-prefixes\/\" \/>\n<meta property=\"og:site_name\" content=\"We Love Keys\" \/>\n<meta property=\"article:modified_time\" content=\"2022-07-07T11:00:42+00:00\" \/>\n<meta property=\"og:image\" content=\"https:\/\/www.welovekeys.co.uk\/wp-content\/uploads\/2017\/07\/wafer.png\" \/>\n\t<meta property=\"og:image:width\" content=\"500\" \/>\n\t<meta property=\"og:image:height\" content=\"500\" \/>\n\t<meta property=\"og:image:type\" content=\"image\/png\" \/>\n<meta name=\"twitter:card\" content=\"summary_large_image\" \/>\n<meta name=\"twitter:label1\" content=\"Gesch\u00e4tzte Lesezeit\" \/>\n\t<meta name=\"twitter:data1\" content=\"1\u00a0Minute\" \/>\n<script type=\"application\/ld+json\" class=\"yoast-schema-graph\">{\"@context\":\"https:\\\/\\\/schema.org\",\"@graph\":[{\"@type\":\"WebPage\",\"@id\":\"https:\\\/\\\/www.welovekeys.co.uk\\\/de\\\/produkt\\\/abus-beidseitiger-schlussel-standard-prefixes\\\/\",\"url\":\"https:\\\/\\\/www.welovekeys.co.uk\\\/de\\\/produkt\\\/abus-beidseitiger-schlussel-standard-prefixes\\\/\",\"name\":\"ABUS Fahrradschl\u00fcssel jetzt im Internet bestellen! - We Love Keys\",\"isPartOf\":{\"@id\":\"https:\\\/\\\/www.welovekeys.co.uk\\\/de\\\/#website\"},\"primaryImageOfPage\":{\"@id\":\"https:\\\/\\\/www.welovekeys.co.uk\\\/de\\\/produkt\\\/abus-beidseitiger-schlussel-standard-prefixes\\\/#primaryimage\"},\"image\":{\"@id\":\"https:\\\/\\\/www.welovekeys.co.uk\\\/de\\\/produkt\\\/abus-beidseitiger-schlussel-standard-prefixes\\\/#primaryimage\"},\"thumbnailUrl\":\"https:\\\/\\\/www.welovekeys.co.uk\\\/wp-content\\\/uploads\\\/2017\\\/07\\\/wafer.png\",\"datePublished\":\"2018-02-05T14:14:53+00:00\",\"dateModified\":\"2022-07-07T11:00:42+00:00\",\"description\":\"Schneiden Sie ABUS doppelseitige Schl\u00fcssel online. Alle Schl\u00fcsselcodes sind vorgesehen: V62, U72, Z72 und mehr. Bestellen Sie noch heute Ihren Schl\u00fcssel!\",\"breadcrumb\":{\"@id\":\"https:\\\/\\\/www.welovekeys.co.uk\\\/de\\\/produkt\\\/abus-beidseitiger-schlussel-standard-prefixes\\\/#breadcrumb\"},\"inLanguage\":\"de\",\"potentialAction\":[{\"@type\":\"ReadAction\",\"target\":[\"https:\\\/\\\/www.welovekeys.co.uk\\\/de\\\/produkt\\\/abus-beidseitiger-schlussel-standard-prefixes\\\/\"]}]},{\"@type\":\"ImageObject\",\"inLanguage\":\"de\",\"@id\":\"https:\\\/\\\/www.welovekeys.co.uk\\\/de\\\/produkt\\\/abus-beidseitiger-schlussel-standard-prefixes\\\/#primaryimage\",\"url\":\"https:\\\/\\\/www.welovekeys.co.uk\\\/wp-content\\\/uploads\\\/2017\\\/07\\\/wafer.png\",\"contentUrl\":\"https:\\\/\\\/www.welovekeys.co.uk\\\/wp-content\\\/uploads\\\/2017\\\/07\\\/wafer.png\",\"width\":500,\"height\":500,\"caption\":\"ABUS Wafer Key - We Love Keys\"},{\"@type\":\"BreadcrumbList\",\"@id\":\"https:\\\/\\\/www.welovekeys.co.uk\\\/de\\\/produkt\\\/abus-beidseitiger-schlussel-standard-prefixes\\\/#breadcrumb\",\"itemListElement\":[{\"@type\":\"ListItem\",\"position\":1,\"name\":\"Home\",\"item\":\"https:\\\/\\\/www.welovekeys.co.uk\\\/de\\\/startseite-2\\\/\"},{\"@type\":\"ListItem\",\"position\":2,\"name\":\"Shop\",\"item\":\"https:\\\/\\\/www.welovekeys.co.uk\\\/de\\\/shop\\\/\"},{\"@type\":\"ListItem\",\"position\":3,\"name\":\"ABUS beidseitiger Schl\u00fcssel mit standard Vorzeichen\"}]},{\"@type\":\"WebSite\",\"@id\":\"https:\\\/\\\/www.welovekeys.co.uk\\\/de\\\/#website\",\"url\":\"https:\\\/\\\/www.welovekeys.co.uk\\\/de\\\/\",\"name\":\"We Love Keys\",\"description\":\"A marketplace for keys\",\"publisher\":{\"@id\":\"https:\\\/\\\/www.welovekeys.co.uk\\\/de\\\/#organization\"},\"potentialAction\":[{\"@type\":\"SearchAction\",\"target\":{\"@type\":\"EntryPoint\",\"urlTemplate\":\"https:\\\/\\\/www.welovekeys.co.uk\\\/de\\\/?s={search_term_string}\"},\"query-input\":{\"@type\":\"PropertyValueSpecification\",\"valueRequired\":true,\"valueName\":\"search_term_string\"}}],\"inLanguage\":\"de\"},{\"@type\":\"Organization\",\"@id\":\"https:\\\/\\\/www.welovekeys.co.uk\\\/de\\\/#organization\",\"name\":\"We Love Keys\",\"url\":\"https:\\\/\\\/www.welovekeys.co.uk\\\/de\\\/\",\"logo\":{\"@type\":\"ImageObject\",\"inLanguage\":\"de\",\"@id\":\"https:\\\/\\\/www.welovekeys.co.uk\\\/de\\\/#\\\/schema\\\/logo\\\/image\\\/\",\"url\":\"https:\\\/\\\/www.welovekeys.co.uk\\\/wp-content\\\/uploads\\\/2017\\\/06\\\/WE.png\",\"contentUrl\":\"https:\\\/\\\/www.welovekeys.co.uk\\\/wp-content\\\/uploads\\\/2017\\\/06\\\/WE.png\",\"width\":348,\"height\":66,\"caption\":\"We Love Keys\"},\"image\":{\"@id\":\"https:\\\/\\\/www.welovekeys.co.uk\\\/de\\\/#\\\/schema\\\/logo\\\/image\\\/\"}}]}<\/script>\n<!-- \/ Yoast SEO plugin. -->","yoast_head_json":{"title":"ABUS Fahrradschl\u00fcssel jetzt im Internet bestellen! - We Love Keys","description":"Schneiden Sie ABUS doppelseitige Schl\u00fcssel online. Alle Schl\u00fcsselcodes sind vorgesehen: V62, U72, Z72 und mehr. Bestellen Sie noch heute Ihren Schl\u00fcssel!","robots":{"index":"index","follow":"follow","max-snippet":"max-snippet:-1","max-image-preview":"max-image-preview:large","max-video-preview":"max-video-preview:-1"},"canonical":"https:\/\/www.welovekeys.co.uk\/de\/produkt\/abus-beidseitiger-schlussel-standard-prefixes\/","og_locale":"de_DE","og_type":"article","og_title":"ABUS Fahrradschl\u00fcssel jetzt im Internet bestellen! - We Love Keys","og_description":"Schneiden Sie ABUS doppelseitige Schl\u00fcssel online. Alle Schl\u00fcsselcodes sind vorgesehen: V62, U72, Z72 und mehr. Bestellen Sie noch heute Ihren Schl\u00fcssel!","og_url":"https:\/\/www.welovekeys.co.uk\/de\/produkt\/abus-beidseitiger-schlussel-standard-prefixes\/","og_site_name":"We Love Keys","article_modified_time":"2022-07-07T11:00:42+00:00","og_image":[{"width":500,"height":500,"url":"https:\/\/www.welovekeys.co.uk\/wp-content\/uploads\/2017\/07\/wafer.png","type":"image\/png"}],"twitter_card":"summary_large_image","twitter_misc":{"Gesch\u00e4tzte Lesezeit":"1\u00a0Minute"},"schema":{"@context":"https:\/\/schema.org","@graph":[{"@type":"WebPage","@id":"https:\/\/www.welovekeys.co.uk\/de\/produkt\/abus-beidseitiger-schlussel-standard-prefixes\/","url":"https:\/\/www.welovekeys.co.uk\/de\/produkt\/abus-beidseitiger-schlussel-standard-prefixes\/","name":"ABUS Fahrradschl\u00fcssel jetzt im Internet bestellen! - We Love Keys","isPartOf":{"@id":"https:\/\/www.welovekeys.co.uk\/de\/#website"},"primaryImageOfPage":{"@id":"https:\/\/www.welovekeys.co.uk\/de\/produkt\/abus-beidseitiger-schlussel-standard-prefixes\/#primaryimage"},"image":{"@id":"https:\/\/www.welovekeys.co.uk\/de\/produkt\/abus-beidseitiger-schlussel-standard-prefixes\/#primaryimage"},"thumbnailUrl":"https:\/\/www.welovekeys.co.uk\/wp-content\/uploads\/2017\/07\/wafer.png","datePublished":"2018-02-05T14:14:53+00:00","dateModified":"2022-07-07T11:00:42+00:00","description":"Schneiden Sie ABUS doppelseitige Schl\u00fcssel online. Alle Schl\u00fcsselcodes sind vorgesehen: V62, U72, Z72 und mehr. Bestellen Sie noch heute Ihren Schl\u00fcssel!","breadcrumb":{"@id":"https:\/\/www.welovekeys.co.uk\/de\/produkt\/abus-beidseitiger-schlussel-standard-prefixes\/#breadcrumb"},"inLanguage":"de","potentialAction":[{"@type":"ReadAction","target":["https:\/\/www.welovekeys.co.uk\/de\/produkt\/abus-beidseitiger-schlussel-standard-prefixes\/"]}]},{"@type":"ImageObject","inLanguage":"de","@id":"https:\/\/www.welovekeys.co.uk\/de\/produkt\/abus-beidseitiger-schlussel-standard-prefixes\/#primaryimage","url":"https:\/\/www.welovekeys.co.uk\/wp-content\/uploads\/2017\/07\/wafer.png","contentUrl":"https:\/\/www.welovekeys.co.uk\/wp-content\/uploads\/2017\/07\/wafer.png","width":500,"height":500,"caption":"ABUS Wafer Key - We Love Keys"},{"@type":"BreadcrumbList","@id":"https:\/\/www.welovekeys.co.uk\/de\/produkt\/abus-beidseitiger-schlussel-standard-prefixes\/#breadcrumb","itemListElement":[{"@type":"ListItem","position":1,"name":"Home","item":"https:\/\/www.welovekeys.co.uk\/de\/startseite-2\/"},{"@type":"ListItem","position":2,"name":"Shop","item":"https:\/\/www.welovekeys.co.uk\/de\/shop\/"},{"@type":"ListItem","position":3,"name":"ABUS beidseitiger Schl\u00fcssel mit standard Vorzeichen"}]},{"@type":"WebSite","@id":"https:\/\/www.welovekeys.co.uk\/de\/#website","url":"https:\/\/www.welovekeys.co.uk\/de\/","name":"We Love Keys","description":"A marketplace for keys","publisher":{"@id":"https:\/\/www.welovekeys.co.uk\/de\/#organization"},"potentialAction":[{"@type":"SearchAction","target":{"@type":"EntryPoint","urlTemplate":"https:\/\/www.welovekeys.co.uk\/de\/?s={search_term_string}"},"query-input":{"@type":"PropertyValueSpecification","valueRequired":true,"valueName":"search_term_string"}}],"inLanguage":"de"},{"@type":"Organization","@id":"https:\/\/www.welovekeys.co.uk\/de\/#organization","name":"We Love Keys","url":"https:\/\/www.welovekeys.co.uk\/de\/","logo":{"@type":"ImageObject","inLanguage":"de","@id":"https:\/\/www.welovekeys.co.uk\/de\/#\/schema\/logo\/image\/","url":"https:\/\/www.welovekeys.co.uk\/wp-content\/uploads\/2017\/06\/WE.png","contentUrl":"https:\/\/www.welovekeys.co.uk\/wp-content\/uploads\/2017\/06\/WE.png","width":348,"height":66,"caption":"We Love Keys"},"image":{"@id":"https:\/\/www.welovekeys.co.uk\/de\/#\/schema\/logo\/image\/"}}]}},"_links":{"self":[{"href":"https:\/\/www.welovekeys.co.uk\/de\/wp-json\/wp\/v2\/product\/1460","targetHints":{"allow":["GET"]}}],"collection":[{"href":"https:\/\/www.welovekeys.co.uk\/de\/wp-json\/wp\/v2\/product"}],"about":[{"href":"https:\/\/www.welovekeys.co.uk\/de\/wp-json\/wp\/v2\/types\/product"}],"wp:featuredmedia":[{"embeddable":true,"href":"https:\/\/www.welovekeys.co.uk\/de\/wp-json\/wp\/v2\/media\/1220"}],"wp:attachment":[{"href":"https:\/\/www.welovekeys.co.uk\/de\/wp-json\/wp\/v2\/media?parent=1460"}],"wp:term":[{"taxonomy":"product_brand","embeddable":true,"href":"https:\/\/www.welovekeys.co.uk\/de\/wp-json\/wp\/v2\/product_brand?post=1460"},{"taxonomy":"product_cat","embeddable":true,"href":"https:\/\/www.welovekeys.co.uk\/de\/wp-json\/wp\/v2\/product_cat?post=1460"},{"taxonomy":"product_tag","embeddable":true,"href":"https:\/\/www.welovekeys.co.uk\/de\/wp-json\/wp\/v2\/product_tag?post=1460"}],"curies":[{"name":"wp","href":"https:\/\/api.w.org\/{rel}","templated":true}]}}