{"id":1455,"date":"2018-01-10T18:13:30","date_gmt":"2018-01-10T18:13:30","guid":{"rendered":"https:\/\/www.welovekeys.co.uk\/product\/abus-geba-serie-2a-schlussel\/"},"modified":"2022-07-20T12:55:39","modified_gmt":"2022-07-20T11:55:39","slug":"abus-geba-serie-2a-schlussel","status":"publish","type":"product","link":"https:\/\/www.welovekeys.co.uk\/de\/produkt\/abus-geba-serie-2a-schlussel\/","title":{"rendered":"ABUS Geba Serie-2A Schl\u00fcssel"},"content":{"rendered":"<p>ABUS Geba Schl&uuml;ssen kommen h&auml;ufig in Deutschland vor, vor allem in Schaltern f\u00fcr Rolll\u00e4den. Die Code-Nummer ist im Allgemeinen auf dem Kopf des Schl\u00fcssels selbst markiert.<\/p>\n<p>Schl&uuml;sselnummern fangen normalerweise mit 2A an, gefolgt von 5 Ziffern, z.B. 2A00011 oder 2A00020.<\/p>\n<blockquote>\n<p><strong>Bei We Love Keys k\u00f6nnen wir diese Schl\u00fcssel schnell herstellen. Geben Sie einfach Ihren Code in das Feld oben ein und wir erledigen den Rest!<\/strong><\/p>\n<\/blockquote>\n<p>Bei We Love Keys verwenden wir ausschlie\u00dflich echte ABUS Schl\u00fcsselrohlinge zur Herstellung dieser Schl\u00fcssel. Sie sind silbern und haben das ABUS-Logo auf einer Seite des Kopfes. Auf der anderen steht Geba.<\/p>\n<p><strong><em>Wir k\u00f6nnen dieses Produkt am Tag der Bestellung verschicken, wenn Sie Werktags vor 14:00 Uhr bestellen.<\/em><\/strong><\/p>\n<p><script type=\"text\/javascript\">\nfunction togglecodes() {\n    var x = document.getElementById(\"codeslist\");\n    if (x.style.display === \"none\") {\n        x.style.display = \"block\";\n    } else {\n        x.style.display = \"none\";\n    }\n    var x = document.getElementById(\"codestogglebtn\");\n    if (x.innerHTML === \"+ Codes zeigen\") {\n        x.innerHTML = \"\u2013 Codes verbergen\";\n    } else {\n        x.innerHTML = \"+ Codes zeigen\";\n    }\n} \n<\/script><br \/>\n<button id=\"codestogglebtn\" onClick=\"togglecodes()\">+ Codes zeigen<\/button><\/p>\n<div style=\"display:none\" id=\"codeslist\">\n2A00001 2A00002 2A00003 2A00004 2A00005 2A00006 2A00007 2A00008 2A00009 2A00010 2A00011 2A00012 2A00013 2A00014 2A00015 2A00016 2A00017 2A00018 2A00019 2A00020 2A00021 2A00022 2A00023 2A00024 2A00025 2A00026 2A00027 2A00028 2A00029 2A00030 2A00031 2A00032 2A00033 2A00034 2A00035 2A00036 2A00037 2A00038 2A00039 2A00040 2A00041 2A00042 2A00043 2A00044 2A00045 2A00046 2A00047 2A00048 2A00049 2A00050 2A00051 2A00052 2A00053 2A00054 2A00055 2A00056 2A00057 2A00058 2A00059 2A00060 2A00061 2A00062 2A00063 2A00064 2A00065 2A00066 2A00067 2A00068 2A00069 2A00070 2A00071 2A00072 2A00073 2A00074 2A00075 2A00076 2A00077 2A00078 2A00079 2A00080 2A00081 2A00082 2A00083 2A00084 2A00085 2A00086 2A00087 2A00088 2A00089 2A00090 2A00091 2A00092 2A00093 2A00094 2A00095 2A00096 2A00097 2A00098 2A00099 2A00100 2A 00001 2A 00002 2A 00003 2A 00004 2A 00005 2A 00006 2A 00007 2A 00008 2A 00009 2A 00010 2A 00011 2A 00012 2A 00013 2A 00014 2A 00015 2A 00016 2A 00017 2A 00018 2A 00019 2A 00020 2A 00021 2A 00022 2A 00023 2A 00024 2A 00025 2A 00026 2A 00027 2A 00028 2A 00029 2A 00030 2A 00031 2A 00032 2A 00033 2A 00034 2A 00035 2A 00036 2A 00037 2A 00038 2A 00039 2A 00040 2A 00041 2A 00042 2A 00043 2A 00044 2A 00045 2A 00046 2A 00047 2A 00048 2A 00049 2A 00050 2A 00051 2A 00052 2A 00053 2A 00054 2A 00055 2A 00056 2A 00057 2A 00058 2A 00059 2A 00060 2A 00061 2A 00062 2A 00063 2A 00064 2A 00065 2A 00066 2A 00067 2A 00068 2A 00069 2A 00070 2A 00071 2A 00072 2A 00073 2A 00074 2A 00075 2A 00076 2A 00077 2A 00078 2A 00079 2A 00080 2A 00081 2A 00082 2A 00083 2A 00084 2A 00085 2A 00086 2A 00087 2A 00088 2A 00089 2A 00090 2A 00091 2A 00092 2A 00093 2A 00094 2A 00095 2A 00096 2A 00097 2A 00098 2A 00099 2A 00100\n<\/div>\n","protected":false},"excerpt":{"rendered":"<div id=\"discounttable\"><strong>2+ Schl\u00fcssel = 10% Rabatt<br \/>\n5+ Schl\u00fcssel = 16% Rabatt<br \/>\n10+ Schl\u00fcssel = 22% Rabatt<br \/>\n20+ Schl\u00fcssel = <a href=\"https:\/\/www.welovekeys.co.uk\/de\/hilfe\/\" target=\"_blank\" rel=\"noopener noreferrer\">schreiben Sie uns<\/a><br \/>Rabatt wird im Warenkorb gezeigt.<\/strong><\/div>\n","protected":false},"featured_media":6894,"template":"","meta":{"_et_pb_use_builder":"","_et_pb_old_content":"","_et_gb_content_width":""},"product_brand":[],"product_cat":[61,708,748,718,741],"product_tag":[],"class_list":{"0":"post-1455","1":"product","2":"type-product","3":"status-publish","4":"has-post-thumbnail","6":"product_cat-abus-schlussel","7":"product_cat-fahrrad","8":"product_cat-one-side-de","9":"product_cat-spezial","10":"product_cat-zylinderschlussel","11":"product_shipping_class-large-letter-de","13":"first","14":"instock","15":"taxable","16":"shipping-taxable","17":"purchasable","18":"product-type-simple"},"yoast_head":"<!-- This site is optimized with the Yoast SEO plugin v27.4 - https:\/\/yoast.com\/product\/yoast-seo-wordpress\/ -->\n<title>ABUS Geba Schl\u00fcssel jetzt im Internet bestellen! - We Love Keys<\/title>\n<meta name=\"description\" content=\"Schneiden Sie Ihre Ersatzschl\u00fcssel der ABUS Geba 2A-Serie online mit We Love Keys! Wir k\u00f6nnen alle Arten von ABUS Geba Schl\u00fcsseln von der Codenummer auf dem Schl\u00fcssel schneiden.\" \/>\n<meta name=\"robots\" content=\"index, follow, max-snippet:-1, max-image-preview:large, max-video-preview:-1\" \/>\n<link rel=\"canonical\" href=\"https:\/\/www.welovekeys.co.uk\/de\/produkt\/abus-geba-serie-2a-schlussel\/\" \/>\n<meta property=\"og:locale\" content=\"de_DE\" \/>\n<meta property=\"og:type\" content=\"article\" \/>\n<meta property=\"og:title\" content=\"ABUS Geba Schl\u00fcssel jetzt im Internet bestellen! - We Love Keys\" \/>\n<meta property=\"og:description\" content=\"Schneiden Sie Ihre Ersatzschl\u00fcssel der ABUS Geba 2A-Serie online mit We Love Keys! Wir k\u00f6nnen alle Arten von ABUS Geba Schl\u00fcsseln von der Codenummer auf dem Schl\u00fcssel schneiden.\" \/>\n<meta property=\"og:url\" content=\"https:\/\/www.welovekeys.co.uk\/de\/produkt\/abus-geba-serie-2a-schlussel\/\" \/>\n<meta property=\"og:site_name\" content=\"We Love Keys\" \/>\n<meta property=\"article:modified_time\" content=\"2022-07-20T11:55:39+00:00\" \/>\n<meta property=\"og:image\" content=\"https:\/\/www.welovekeys.co.uk\/wp-content\/uploads\/2018\/01\/abusgebaa-removebg-preview.png\" \/>\n\t<meta property=\"og:image:width\" content=\"301\" \/>\n\t<meta property=\"og:image:height\" content=\"301\" \/>\n\t<meta property=\"og:image:type\" content=\"image\/png\" \/>\n<meta name=\"twitter:card\" content=\"summary_large_image\" \/>\n<meta name=\"twitter:label1\" content=\"Gesch\u00e4tzte Lesezeit\" \/>\n\t<meta name=\"twitter:data1\" content=\"2\u00a0Minuten\" \/>\n<script type=\"application\/ld+json\" class=\"yoast-schema-graph\">{\"@context\":\"https:\\\/\\\/schema.org\",\"@graph\":[{\"@type\":\"WebPage\",\"@id\":\"https:\\\/\\\/www.welovekeys.co.uk\\\/de\\\/produkt\\\/abus-geba-serie-2a-schlussel\\\/\",\"url\":\"https:\\\/\\\/www.welovekeys.co.uk\\\/de\\\/produkt\\\/abus-geba-serie-2a-schlussel\\\/\",\"name\":\"ABUS Geba Schl\u00fcssel jetzt im Internet bestellen! - We Love Keys\",\"isPartOf\":{\"@id\":\"https:\\\/\\\/www.welovekeys.co.uk\\\/de\\\/#website\"},\"primaryImageOfPage\":{\"@id\":\"https:\\\/\\\/www.welovekeys.co.uk\\\/de\\\/produkt\\\/abus-geba-serie-2a-schlussel\\\/#primaryimage\"},\"image\":{\"@id\":\"https:\\\/\\\/www.welovekeys.co.uk\\\/de\\\/produkt\\\/abus-geba-serie-2a-schlussel\\\/#primaryimage\"},\"thumbnailUrl\":\"https:\\\/\\\/www.welovekeys.co.uk\\\/wp-content\\\/uploads\\\/2018\\\/01\\\/abusgebaa-removebg-preview.png\",\"datePublished\":\"2018-01-10T18:13:30+00:00\",\"dateModified\":\"2022-07-20T11:55:39+00:00\",\"description\":\"Schneiden Sie Ihre Ersatzschl\u00fcssel der ABUS Geba 2A-Serie online mit We Love Keys! Wir k\u00f6nnen alle Arten von ABUS Geba Schl\u00fcsseln von der Codenummer auf dem Schl\u00fcssel schneiden.\",\"breadcrumb\":{\"@id\":\"https:\\\/\\\/www.welovekeys.co.uk\\\/de\\\/produkt\\\/abus-geba-serie-2a-schlussel\\\/#breadcrumb\"},\"inLanguage\":\"de\",\"potentialAction\":[{\"@type\":\"ReadAction\",\"target\":[\"https:\\\/\\\/www.welovekeys.co.uk\\\/de\\\/produkt\\\/abus-geba-serie-2a-schlussel\\\/\"]}]},{\"@type\":\"ImageObject\",\"inLanguage\":\"de\",\"@id\":\"https:\\\/\\\/www.welovekeys.co.uk\\\/de\\\/produkt\\\/abus-geba-serie-2a-schlussel\\\/#primaryimage\",\"url\":\"https:\\\/\\\/www.welovekeys.co.uk\\\/wp-content\\\/uploads\\\/2018\\\/01\\\/abusgebaa-removebg-preview.png\",\"contentUrl\":\"https:\\\/\\\/www.welovekeys.co.uk\\\/wp-content\\\/uploads\\\/2018\\\/01\\\/abusgebaa-removebg-preview.png\",\"width\":301,\"height\":301,\"caption\":\"ABUS Geba Key\"},{\"@type\":\"BreadcrumbList\",\"@id\":\"https:\\\/\\\/www.welovekeys.co.uk\\\/de\\\/produkt\\\/abus-geba-serie-2a-schlussel\\\/#breadcrumb\",\"itemListElement\":[{\"@type\":\"ListItem\",\"position\":1,\"name\":\"Home\",\"item\":\"https:\\\/\\\/www.welovekeys.co.uk\\\/de\\\/startseite-2\\\/\"},{\"@type\":\"ListItem\",\"position\":2,\"name\":\"Shop\",\"item\":\"https:\\\/\\\/www.welovekeys.co.uk\\\/de\\\/shop\\\/\"},{\"@type\":\"ListItem\",\"position\":3,\"name\":\"ABUS Geba Serie-2A Schl\u00fcssel\"}]},{\"@type\":\"WebSite\",\"@id\":\"https:\\\/\\\/www.welovekeys.co.uk\\\/de\\\/#website\",\"url\":\"https:\\\/\\\/www.welovekeys.co.uk\\\/de\\\/\",\"name\":\"We Love Keys\",\"description\":\"A marketplace for keys\",\"publisher\":{\"@id\":\"https:\\\/\\\/www.welovekeys.co.uk\\\/de\\\/#organization\"},\"potentialAction\":[{\"@type\":\"SearchAction\",\"target\":{\"@type\":\"EntryPoint\",\"urlTemplate\":\"https:\\\/\\\/www.welovekeys.co.uk\\\/de\\\/?s={search_term_string}\"},\"query-input\":{\"@type\":\"PropertyValueSpecification\",\"valueRequired\":true,\"valueName\":\"search_term_string\"}}],\"inLanguage\":\"de\"},{\"@type\":\"Organization\",\"@id\":\"https:\\\/\\\/www.welovekeys.co.uk\\\/de\\\/#organization\",\"name\":\"We Love Keys\",\"url\":\"https:\\\/\\\/www.welovekeys.co.uk\\\/de\\\/\",\"logo\":{\"@type\":\"ImageObject\",\"inLanguage\":\"de\",\"@id\":\"https:\\\/\\\/www.welovekeys.co.uk\\\/de\\\/#\\\/schema\\\/logo\\\/image\\\/\",\"url\":\"https:\\\/\\\/www.welovekeys.co.uk\\\/wp-content\\\/uploads\\\/2017\\\/06\\\/WE.png\",\"contentUrl\":\"https:\\\/\\\/www.welovekeys.co.uk\\\/wp-content\\\/uploads\\\/2017\\\/06\\\/WE.png\",\"width\":348,\"height\":66,\"caption\":\"We Love Keys\"},\"image\":{\"@id\":\"https:\\\/\\\/www.welovekeys.co.uk\\\/de\\\/#\\\/schema\\\/logo\\\/image\\\/\"}}]}<\/script>\n<!-- \/ Yoast SEO plugin. -->","yoast_head_json":{"title":"ABUS Geba Schl\u00fcssel jetzt im Internet bestellen! - We Love Keys","description":"Schneiden Sie Ihre Ersatzschl\u00fcssel der ABUS Geba 2A-Serie online mit We Love Keys! Wir k\u00f6nnen alle Arten von ABUS Geba Schl\u00fcsseln von der Codenummer auf dem Schl\u00fcssel schneiden.","robots":{"index":"index","follow":"follow","max-snippet":"max-snippet:-1","max-image-preview":"max-image-preview:large","max-video-preview":"max-video-preview:-1"},"canonical":"https:\/\/www.welovekeys.co.uk\/de\/produkt\/abus-geba-serie-2a-schlussel\/","og_locale":"de_DE","og_type":"article","og_title":"ABUS Geba Schl\u00fcssel jetzt im Internet bestellen! - We Love Keys","og_description":"Schneiden Sie Ihre Ersatzschl\u00fcssel der ABUS Geba 2A-Serie online mit We Love Keys! Wir k\u00f6nnen alle Arten von ABUS Geba Schl\u00fcsseln von der Codenummer auf dem Schl\u00fcssel schneiden.","og_url":"https:\/\/www.welovekeys.co.uk\/de\/produkt\/abus-geba-serie-2a-schlussel\/","og_site_name":"We Love Keys","article_modified_time":"2022-07-20T11:55:39+00:00","og_image":[{"width":301,"height":301,"url":"https:\/\/www.welovekeys.co.uk\/wp-content\/uploads\/2018\/01\/abusgebaa-removebg-preview.png","type":"image\/png"}],"twitter_card":"summary_large_image","twitter_misc":{"Gesch\u00e4tzte Lesezeit":"2\u00a0Minuten"},"schema":{"@context":"https:\/\/schema.org","@graph":[{"@type":"WebPage","@id":"https:\/\/www.welovekeys.co.uk\/de\/produkt\/abus-geba-serie-2a-schlussel\/","url":"https:\/\/www.welovekeys.co.uk\/de\/produkt\/abus-geba-serie-2a-schlussel\/","name":"ABUS Geba Schl\u00fcssel jetzt im Internet bestellen! - We Love Keys","isPartOf":{"@id":"https:\/\/www.welovekeys.co.uk\/de\/#website"},"primaryImageOfPage":{"@id":"https:\/\/www.welovekeys.co.uk\/de\/produkt\/abus-geba-serie-2a-schlussel\/#primaryimage"},"image":{"@id":"https:\/\/www.welovekeys.co.uk\/de\/produkt\/abus-geba-serie-2a-schlussel\/#primaryimage"},"thumbnailUrl":"https:\/\/www.welovekeys.co.uk\/wp-content\/uploads\/2018\/01\/abusgebaa-removebg-preview.png","datePublished":"2018-01-10T18:13:30+00:00","dateModified":"2022-07-20T11:55:39+00:00","description":"Schneiden Sie Ihre Ersatzschl\u00fcssel der ABUS Geba 2A-Serie online mit We Love Keys! Wir k\u00f6nnen alle Arten von ABUS Geba Schl\u00fcsseln von der Codenummer auf dem Schl\u00fcssel schneiden.","breadcrumb":{"@id":"https:\/\/www.welovekeys.co.uk\/de\/produkt\/abus-geba-serie-2a-schlussel\/#breadcrumb"},"inLanguage":"de","potentialAction":[{"@type":"ReadAction","target":["https:\/\/www.welovekeys.co.uk\/de\/produkt\/abus-geba-serie-2a-schlussel\/"]}]},{"@type":"ImageObject","inLanguage":"de","@id":"https:\/\/www.welovekeys.co.uk\/de\/produkt\/abus-geba-serie-2a-schlussel\/#primaryimage","url":"https:\/\/www.welovekeys.co.uk\/wp-content\/uploads\/2018\/01\/abusgebaa-removebg-preview.png","contentUrl":"https:\/\/www.welovekeys.co.uk\/wp-content\/uploads\/2018\/01\/abusgebaa-removebg-preview.png","width":301,"height":301,"caption":"ABUS Geba Key"},{"@type":"BreadcrumbList","@id":"https:\/\/www.welovekeys.co.uk\/de\/produkt\/abus-geba-serie-2a-schlussel\/#breadcrumb","itemListElement":[{"@type":"ListItem","position":1,"name":"Home","item":"https:\/\/www.welovekeys.co.uk\/de\/startseite-2\/"},{"@type":"ListItem","position":2,"name":"Shop","item":"https:\/\/www.welovekeys.co.uk\/de\/shop\/"},{"@type":"ListItem","position":3,"name":"ABUS Geba Serie-2A Schl\u00fcssel"}]},{"@type":"WebSite","@id":"https:\/\/www.welovekeys.co.uk\/de\/#website","url":"https:\/\/www.welovekeys.co.uk\/de\/","name":"We Love Keys","description":"A marketplace for keys","publisher":{"@id":"https:\/\/www.welovekeys.co.uk\/de\/#organization"},"potentialAction":[{"@type":"SearchAction","target":{"@type":"EntryPoint","urlTemplate":"https:\/\/www.welovekeys.co.uk\/de\/?s={search_term_string}"},"query-input":{"@type":"PropertyValueSpecification","valueRequired":true,"valueName":"search_term_string"}}],"inLanguage":"de"},{"@type":"Organization","@id":"https:\/\/www.welovekeys.co.uk\/de\/#organization","name":"We Love Keys","url":"https:\/\/www.welovekeys.co.uk\/de\/","logo":{"@type":"ImageObject","inLanguage":"de","@id":"https:\/\/www.welovekeys.co.uk\/de\/#\/schema\/logo\/image\/","url":"https:\/\/www.welovekeys.co.uk\/wp-content\/uploads\/2017\/06\/WE.png","contentUrl":"https:\/\/www.welovekeys.co.uk\/wp-content\/uploads\/2017\/06\/WE.png","width":348,"height":66,"caption":"We Love Keys"},"image":{"@id":"https:\/\/www.welovekeys.co.uk\/de\/#\/schema\/logo\/image\/"}}]}},"_links":{"self":[{"href":"https:\/\/www.welovekeys.co.uk\/de\/wp-json\/wp\/v2\/product\/1455","targetHints":{"allow":["GET"]}}],"collection":[{"href":"https:\/\/www.welovekeys.co.uk\/de\/wp-json\/wp\/v2\/product"}],"about":[{"href":"https:\/\/www.welovekeys.co.uk\/de\/wp-json\/wp\/v2\/types\/product"}],"wp:featuredmedia":[{"embeddable":true,"href":"https:\/\/www.welovekeys.co.uk\/de\/wp-json\/wp\/v2\/media\/6894"}],"wp:attachment":[{"href":"https:\/\/www.welovekeys.co.uk\/de\/wp-json\/wp\/v2\/media?parent=1455"}],"wp:term":[{"taxonomy":"product_brand","embeddable":true,"href":"https:\/\/www.welovekeys.co.uk\/de\/wp-json\/wp\/v2\/product_brand?post=1455"},{"taxonomy":"product_cat","embeddable":true,"href":"https:\/\/www.welovekeys.co.uk\/de\/wp-json\/wp\/v2\/product_cat?post=1455"},{"taxonomy":"product_tag","embeddable":true,"href":"https:\/\/www.welovekeys.co.uk\/de\/wp-json\/wp\/v2\/product_tag?post=1455"}],"curies":[{"name":"wp","href":"https:\/\/api.w.org\/{rel}","templated":true}]}}