{"id":1450,"date":"2017-06-24T19:32:54","date_gmt":"2017-06-24T19:32:54","guid":{"rendered":"https:\/\/www.welovekeys.co.uk\/product\/abus-ec-extra-classe-d6-schlussel\/"},"modified":"2022-05-02T12:12:57","modified_gmt":"2022-05-02T11:12:57","slug":"abus-ec-extra-classe-d6-schlussel","status":"publish","type":"product","link":"https:\/\/www.welovekeys.co.uk\/de\/produkt\/abus-ec-extra-classe-d6-schlussel\/","title":{"rendered":"ABUS EC Extra Classe &#038; D6 Schl\u00fcssel"},"content":{"rendered":"<p>ABUS EC (Extra Classe) und D6 Bohrmuldenschl&uuml;ssel kommen meistens bei teueren ABUS-Schl&ouml;ssern vor, wie z.B. Schl&ouml;sser f&uuml;r Fahrr&auml;der, Vorh&auml;ngeschl&ouml;sser und T&uuml;ren.<\/p>\n<p>Eine Schl&uuml;sselnummer ist normalerweise auf dem Schl&uuml;ssel markiert, oder sie ist auf einer Sicherheitskarte findbar. Schl&uuml;sselnummern fangen typischerweise an mit N, D, DN, DF, W, SM, ZY, E oder EC, gefolgt von 4, 5, 6 oder 7 Zahlen, z.B. N012425.<\/p>\n<p>Geben Sie einfach diesen Code in das Feld oben ein und wir machen Ihre Schl\u00fcssel f\u00fcr Sie! Bei We Love Keys verwenden wir wo immer m\u00f6glich echte ABUS-Schl\u00fcsselrohlinge.<\/p>\n<p><strong><em>Wir k\u00f6nnen dieses Produkt am Tag der Bestellung verschicken, wenn Sie Werktags vor 14:00 Uhr bestellen.<\/em><\/strong><\/p>\n","protected":false},"excerpt":{"rendered":"<div id=\"discounttable\"><strong>2+ Schl\u00fcssel = 10% Rabatt<br \/>\n5+ Schl\u00fcssel = 16% Rabatt<br \/>\n10+ Schl\u00fcssel = 22% Rabatt<br \/>\n20+ Schl\u00fcssel = <a href=\"https:\/\/www.welovekeys.co.uk\/de\/hilfe\/\" target=\"_blank\" rel=\"noopener noreferrer\">schreiben Sie uns<\/a><br \/>Rabatt wird im Warenkorb gezeigt.<\/strong><\/div>\n","protected":false},"featured_media":9729,"template":"","meta":{"_et_pb_use_builder":"","_et_pb_old_content":"","_et_gb_content_width":""},"product_brand":[],"product_cat":[61,76,708,712],"product_tag":[],"class_list":{"0":"post-1450","1":"product","2":"type-product","3":"status-publish","4":"has-post-thumbnail","6":"product_cat-abus-schlussel","7":"product_cat-bohrmuldenschlussel","8":"product_cat-fahrrad","9":"product_cat-tur","10":"product_shipping_class-env-de","12":"first","13":"instock","14":"sale","15":"taxable","16":"shipping-taxable","17":"purchasable","18":"product-type-simple"},"yoast_head":"<!-- This site is optimized with the Yoast SEO plugin v27.4 - https:\/\/yoast.com\/product\/yoast-seo-wordpress\/ -->\n<title>ABUS-Schl\u00fcssel jetzt im Internet bestellen! - We Love Keys<\/title>\n<meta name=\"description\" content=\"Kaufen Sie Ihre ABUS-Schl\u00fcssel im Internet mit We Love Keys! Schnelle Lieferung, tolle Preise, und hohe Qualitaet. Besuchen Sie heute unseren Online Shop!\" \/>\n<meta name=\"robots\" content=\"index, follow, max-snippet:-1, max-image-preview:large, max-video-preview:-1\" \/>\n<link rel=\"canonical\" href=\"https:\/\/www.welovekeys.co.uk\/de\/produkt\/abus-ec-extra-classe-d6-schlussel\/\" \/>\n<meta property=\"og:locale\" content=\"de_DE\" \/>\n<meta property=\"og:type\" content=\"article\" \/>\n<meta property=\"og:title\" content=\"ABUS-Schl\u00fcssel jetzt im Internet bestellen! - We Love Keys\" \/>\n<meta property=\"og:description\" content=\"Kaufen Sie Ihre ABUS-Schl\u00fcssel im Internet mit We Love Keys! Schnelle Lieferung, tolle Preise, und hohe Qualitaet. Besuchen Sie heute unseren Online Shop!\" \/>\n<meta property=\"og:url\" content=\"https:\/\/www.welovekeys.co.uk\/de\/produkt\/abus-ec-extra-classe-d6-schlussel\/\" \/>\n<meta property=\"og:site_name\" content=\"We Love Keys\" \/>\n<meta property=\"article:modified_time\" content=\"2022-05-02T11:12:57+00:00\" \/>\n<meta property=\"og:image\" content=\"https:\/\/www.welovekeys.co.uk\/wp-content\/uploads\/2017\/06\/b.jpg\" \/>\n\t<meta property=\"og:image:width\" content=\"733\" \/>\n\t<meta property=\"og:image:height\" content=\"733\" \/>\n\t<meta property=\"og:image:type\" content=\"image\/jpeg\" \/>\n<meta name=\"twitter:card\" content=\"summary_large_image\" \/>\n<meta name=\"twitter:label1\" content=\"Gesch\u00e4tzte Lesezeit\" \/>\n\t<meta name=\"twitter:data1\" content=\"1\u00a0Minute\" \/>\n<script type=\"application\/ld+json\" class=\"yoast-schema-graph\">{\"@context\":\"https:\\\/\\\/schema.org\",\"@graph\":[{\"@type\":\"WebPage\",\"@id\":\"https:\\\/\\\/www.welovekeys.co.uk\\\/de\\\/produkt\\\/abus-ec-extra-classe-d6-schlussel\\\/\",\"url\":\"https:\\\/\\\/www.welovekeys.co.uk\\\/de\\\/produkt\\\/abus-ec-extra-classe-d6-schlussel\\\/\",\"name\":\"ABUS-Schl\u00fcssel jetzt im Internet bestellen! - We Love Keys\",\"isPartOf\":{\"@id\":\"https:\\\/\\\/www.welovekeys.co.uk\\\/de\\\/#website\"},\"primaryImageOfPage\":{\"@id\":\"https:\\\/\\\/www.welovekeys.co.uk\\\/de\\\/produkt\\\/abus-ec-extra-classe-d6-schlussel\\\/#primaryimage\"},\"image\":{\"@id\":\"https:\\\/\\\/www.welovekeys.co.uk\\\/de\\\/produkt\\\/abus-ec-extra-classe-d6-schlussel\\\/#primaryimage\"},\"thumbnailUrl\":\"https:\\\/\\\/www.welovekeys.co.uk\\\/wp-content\\\/uploads\\\/2017\\\/06\\\/b.jpg\",\"datePublished\":\"2017-06-24T19:32:54+00:00\",\"dateModified\":\"2022-05-02T11:12:57+00:00\",\"description\":\"Kaufen Sie Ihre ABUS-Schl\u00fcssel im Internet mit We Love Keys! Schnelle Lieferung, tolle Preise, und hohe Qualitaet. Besuchen Sie heute unseren Online Shop!\",\"breadcrumb\":{\"@id\":\"https:\\\/\\\/www.welovekeys.co.uk\\\/de\\\/produkt\\\/abus-ec-extra-classe-d6-schlussel\\\/#breadcrumb\"},\"inLanguage\":\"de\",\"potentialAction\":[{\"@type\":\"ReadAction\",\"target\":[\"https:\\\/\\\/www.welovekeys.co.uk\\\/de\\\/produkt\\\/abus-ec-extra-classe-d6-schlussel\\\/\"]}]},{\"@type\":\"ImageObject\",\"inLanguage\":\"de\",\"@id\":\"https:\\\/\\\/www.welovekeys.co.uk\\\/de\\\/produkt\\\/abus-ec-extra-classe-d6-schlussel\\\/#primaryimage\",\"url\":\"https:\\\/\\\/www.welovekeys.co.uk\\\/wp-content\\\/uploads\\\/2017\\\/06\\\/b.jpg\",\"contentUrl\":\"https:\\\/\\\/www.welovekeys.co.uk\\\/wp-content\\\/uploads\\\/2017\\\/06\\\/b.jpg\",\"width\":733,\"height\":733,\"caption\":\"ABUS Extra Classe dimple key\"},{\"@type\":\"BreadcrumbList\",\"@id\":\"https:\\\/\\\/www.welovekeys.co.uk\\\/de\\\/produkt\\\/abus-ec-extra-classe-d6-schlussel\\\/#breadcrumb\",\"itemListElement\":[{\"@type\":\"ListItem\",\"position\":1,\"name\":\"Home\",\"item\":\"https:\\\/\\\/www.welovekeys.co.uk\\\/de\\\/startseite-2\\\/\"},{\"@type\":\"ListItem\",\"position\":2,\"name\":\"Shop\",\"item\":\"https:\\\/\\\/www.welovekeys.co.uk\\\/de\\\/shop\\\/\"},{\"@type\":\"ListItem\",\"position\":3,\"name\":\"ABUS EC Extra Classe &#038; D6 Schl\u00fcssel\"}]},{\"@type\":\"WebSite\",\"@id\":\"https:\\\/\\\/www.welovekeys.co.uk\\\/de\\\/#website\",\"url\":\"https:\\\/\\\/www.welovekeys.co.uk\\\/de\\\/\",\"name\":\"We Love Keys\",\"description\":\"A marketplace for keys\",\"publisher\":{\"@id\":\"https:\\\/\\\/www.welovekeys.co.uk\\\/de\\\/#organization\"},\"potentialAction\":[{\"@type\":\"SearchAction\",\"target\":{\"@type\":\"EntryPoint\",\"urlTemplate\":\"https:\\\/\\\/www.welovekeys.co.uk\\\/de\\\/?s={search_term_string}\"},\"query-input\":{\"@type\":\"PropertyValueSpecification\",\"valueRequired\":true,\"valueName\":\"search_term_string\"}}],\"inLanguage\":\"de\"},{\"@type\":\"Organization\",\"@id\":\"https:\\\/\\\/www.welovekeys.co.uk\\\/de\\\/#organization\",\"name\":\"We Love Keys\",\"url\":\"https:\\\/\\\/www.welovekeys.co.uk\\\/de\\\/\",\"logo\":{\"@type\":\"ImageObject\",\"inLanguage\":\"de\",\"@id\":\"https:\\\/\\\/www.welovekeys.co.uk\\\/de\\\/#\\\/schema\\\/logo\\\/image\\\/\",\"url\":\"https:\\\/\\\/www.welovekeys.co.uk\\\/wp-content\\\/uploads\\\/2017\\\/06\\\/WE.png\",\"contentUrl\":\"https:\\\/\\\/www.welovekeys.co.uk\\\/wp-content\\\/uploads\\\/2017\\\/06\\\/WE.png\",\"width\":348,\"height\":66,\"caption\":\"We Love Keys\"},\"image\":{\"@id\":\"https:\\\/\\\/www.welovekeys.co.uk\\\/de\\\/#\\\/schema\\\/logo\\\/image\\\/\"}}]}<\/script>\n<!-- \/ Yoast SEO plugin. -->","yoast_head_json":{"title":"ABUS-Schl\u00fcssel jetzt im Internet bestellen! - We Love Keys","description":"Kaufen Sie Ihre ABUS-Schl\u00fcssel im Internet mit We Love Keys! Schnelle Lieferung, tolle Preise, und hohe Qualitaet. Besuchen Sie heute unseren Online Shop!","robots":{"index":"index","follow":"follow","max-snippet":"max-snippet:-1","max-image-preview":"max-image-preview:large","max-video-preview":"max-video-preview:-1"},"canonical":"https:\/\/www.welovekeys.co.uk\/de\/produkt\/abus-ec-extra-classe-d6-schlussel\/","og_locale":"de_DE","og_type":"article","og_title":"ABUS-Schl\u00fcssel jetzt im Internet bestellen! - We Love Keys","og_description":"Kaufen Sie Ihre ABUS-Schl\u00fcssel im Internet mit We Love Keys! Schnelle Lieferung, tolle Preise, und hohe Qualitaet. Besuchen Sie heute unseren Online Shop!","og_url":"https:\/\/www.welovekeys.co.uk\/de\/produkt\/abus-ec-extra-classe-d6-schlussel\/","og_site_name":"We Love Keys","article_modified_time":"2022-05-02T11:12:57+00:00","og_image":[{"width":733,"height":733,"url":"https:\/\/www.welovekeys.co.uk\/wp-content\/uploads\/2017\/06\/b.jpg","type":"image\/jpeg"}],"twitter_card":"summary_large_image","twitter_misc":{"Gesch\u00e4tzte Lesezeit":"1\u00a0Minute"},"schema":{"@context":"https:\/\/schema.org","@graph":[{"@type":"WebPage","@id":"https:\/\/www.welovekeys.co.uk\/de\/produkt\/abus-ec-extra-classe-d6-schlussel\/","url":"https:\/\/www.welovekeys.co.uk\/de\/produkt\/abus-ec-extra-classe-d6-schlussel\/","name":"ABUS-Schl\u00fcssel jetzt im Internet bestellen! - We Love Keys","isPartOf":{"@id":"https:\/\/www.welovekeys.co.uk\/de\/#website"},"primaryImageOfPage":{"@id":"https:\/\/www.welovekeys.co.uk\/de\/produkt\/abus-ec-extra-classe-d6-schlussel\/#primaryimage"},"image":{"@id":"https:\/\/www.welovekeys.co.uk\/de\/produkt\/abus-ec-extra-classe-d6-schlussel\/#primaryimage"},"thumbnailUrl":"https:\/\/www.welovekeys.co.uk\/wp-content\/uploads\/2017\/06\/b.jpg","datePublished":"2017-06-24T19:32:54+00:00","dateModified":"2022-05-02T11:12:57+00:00","description":"Kaufen Sie Ihre ABUS-Schl\u00fcssel im Internet mit We Love Keys! Schnelle Lieferung, tolle Preise, und hohe Qualitaet. Besuchen Sie heute unseren Online Shop!","breadcrumb":{"@id":"https:\/\/www.welovekeys.co.uk\/de\/produkt\/abus-ec-extra-classe-d6-schlussel\/#breadcrumb"},"inLanguage":"de","potentialAction":[{"@type":"ReadAction","target":["https:\/\/www.welovekeys.co.uk\/de\/produkt\/abus-ec-extra-classe-d6-schlussel\/"]}]},{"@type":"ImageObject","inLanguage":"de","@id":"https:\/\/www.welovekeys.co.uk\/de\/produkt\/abus-ec-extra-classe-d6-schlussel\/#primaryimage","url":"https:\/\/www.welovekeys.co.uk\/wp-content\/uploads\/2017\/06\/b.jpg","contentUrl":"https:\/\/www.welovekeys.co.uk\/wp-content\/uploads\/2017\/06\/b.jpg","width":733,"height":733,"caption":"ABUS Extra Classe dimple key"},{"@type":"BreadcrumbList","@id":"https:\/\/www.welovekeys.co.uk\/de\/produkt\/abus-ec-extra-classe-d6-schlussel\/#breadcrumb","itemListElement":[{"@type":"ListItem","position":1,"name":"Home","item":"https:\/\/www.welovekeys.co.uk\/de\/startseite-2\/"},{"@type":"ListItem","position":2,"name":"Shop","item":"https:\/\/www.welovekeys.co.uk\/de\/shop\/"},{"@type":"ListItem","position":3,"name":"ABUS EC Extra Classe &#038; D6 Schl\u00fcssel"}]},{"@type":"WebSite","@id":"https:\/\/www.welovekeys.co.uk\/de\/#website","url":"https:\/\/www.welovekeys.co.uk\/de\/","name":"We Love Keys","description":"A marketplace for keys","publisher":{"@id":"https:\/\/www.welovekeys.co.uk\/de\/#organization"},"potentialAction":[{"@type":"SearchAction","target":{"@type":"EntryPoint","urlTemplate":"https:\/\/www.welovekeys.co.uk\/de\/?s={search_term_string}"},"query-input":{"@type":"PropertyValueSpecification","valueRequired":true,"valueName":"search_term_string"}}],"inLanguage":"de"},{"@type":"Organization","@id":"https:\/\/www.welovekeys.co.uk\/de\/#organization","name":"We Love Keys","url":"https:\/\/www.welovekeys.co.uk\/de\/","logo":{"@type":"ImageObject","inLanguage":"de","@id":"https:\/\/www.welovekeys.co.uk\/de\/#\/schema\/logo\/image\/","url":"https:\/\/www.welovekeys.co.uk\/wp-content\/uploads\/2017\/06\/WE.png","contentUrl":"https:\/\/www.welovekeys.co.uk\/wp-content\/uploads\/2017\/06\/WE.png","width":348,"height":66,"caption":"We Love Keys"},"image":{"@id":"https:\/\/www.welovekeys.co.uk\/de\/#\/schema\/logo\/image\/"}}]}},"_links":{"self":[{"href":"https:\/\/www.welovekeys.co.uk\/de\/wp-json\/wp\/v2\/product\/1450","targetHints":{"allow":["GET"]}}],"collection":[{"href":"https:\/\/www.welovekeys.co.uk\/de\/wp-json\/wp\/v2\/product"}],"about":[{"href":"https:\/\/www.welovekeys.co.uk\/de\/wp-json\/wp\/v2\/types\/product"}],"wp:featuredmedia":[{"embeddable":true,"href":"https:\/\/www.welovekeys.co.uk\/de\/wp-json\/wp\/v2\/media\/9729"}],"wp:attachment":[{"href":"https:\/\/www.welovekeys.co.uk\/de\/wp-json\/wp\/v2\/media?parent=1450"}],"wp:term":[{"taxonomy":"product_brand","embeddable":true,"href":"https:\/\/www.welovekeys.co.uk\/de\/wp-json\/wp\/v2\/product_brand?post=1450"},{"taxonomy":"product_cat","embeddable":true,"href":"https:\/\/www.welovekeys.co.uk\/de\/wp-json\/wp\/v2\/product_cat?post=1450"},{"taxonomy":"product_tag","embeddable":true,"href":"https:\/\/www.welovekeys.co.uk\/de\/wp-json\/wp\/v2\/product_tag?post=1450"}],"curies":[{"name":"wp","href":"https:\/\/api.w.org\/{rel}","templated":true}]}}