{"id":13297,"date":"2022-06-13T09:31:56","date_gmt":"2022-06-13T08:31:56","guid":{"rendered":"https:\/\/www.welovekeys.co.uk\/product\/fac-bartschlussel\/"},"modified":"2022-06-13T09:31:56","modified_gmt":"2022-06-13T08:31:56","slug":"fac-bartschlussel","status":"publish","type":"product","link":"https:\/\/www.welovekeys.co.uk\/de\/produkt\/fac-bartschlussel\/","title":{"rendered":"FAC Bartschl\u00fcssel"},"content":{"rendered":"<p>FAC ist eine spanische Marke f\u00fcr Hochsicherheitsschl\u00f6sser f\u00fcr T\u00fcren, Tore, Boote und Tresore. FAC-Doppelbartschl\u00fcssel sind in Tresoren und an Toren vor allem in Spanien, aber auch in Deutschland verbreitet.<\/p>\n<blockquote>\n<p><strong>Bei We Love Keys k\u00f6nnen wir anhand eines guten Fotos Kopien von FAC-Schl\u00fcsseln anfertigen. Laden Sie einfach ein Foto oben hoch und wir erledigen den Rest!<\/strong><\/p>\n<\/blockquote>\n<p>Diese Doppelbartschl\u00fcssel sind normalerweise silberfarben (obwohl gelegentlich Schl\u00fcssel aus Messing auftauchen) und normalerweise etwa 8cm lang. Der Schl\u00fcssel \u00e4hnelt einem Chubb-Schl\u00fcssel, hat aber zwei B\u00e4rte, nicht nur einen. Die B\u00e4rte sind normalerweise asymmetrisch und im Allgemeinen hat einer von denen eine Beule (siehe Foto oben). Auf dem Schl\u00fcssel kann auch JMA FAC1G, FAC2G oder FAC3G stehen.<\/p>\n<p><em><strong>Die Erstellung von FAC-Schl\u00fcsseln dauert normalerweise zwei oder drei Tage, obwohl wir manchmal noch am selben Tag versenden k\u00f6nnen.<\/strong><\/em><\/p>\n<hr class=\"productPageFootnoteHr\">\n<div class=\"productPageAdditionalInfoDiv\">\n<h3>Ein Foto als Vorlage f\u00fcr Ihren FAC-Nachschl\u00fcssel? Kein Problem!<\/h3>\n<p>Wir kopieren Ihre Schl\u00fcssel auch dann passgenau, wenn uns nur ein Foto vorliegt. Das Ergebnis ist so gut wie ein Schl\u00fcssel, der direkt aus der Hauptfabrik von FAC stammt.<\/p>\n<p>Ein cleverer Algorithmus bewertet und misst das von Ihnen eingesandte Bild und \u00fcbersetzt es in die Schnitte eines FAC-Sicherheitsschl\u00fcssels. Unsere spezielle elektronische Schl\u00fcsselmaschine stellt Ihren Schl\u00fcssel dann passgenau und pr\u00e4zise her.<\/p>\n<div class=\"trustpilotreviewDiv\">\n<p><img decoding=\"async\" src=\"https:\/\/www.welovekeys.co.uk\/wp-content\/uploads\/2021\/04\/trustpilot.png\" alt=\"Trustpilot Five Stars\" width=\"150\" class=\"alignnone size-full wp-image-8350\" \/><br \/><strong>&#8222;Genial, eine Firma zu finden, die aus ein paar Fotos einen Ersatzschl\u00fcssel f\u00fcr ein altes Schloss herstellen kann.&#8220;<\/strong> &ndash; <a href=\"https:\/\/uk.trustpilot.com\/reviews\/5f46163402e8570814f9196b\" target=\"_blank\" rel=\"noopener\">Trustpilot<\/a><\/p>\n<\/div>\n<\/div>\n","protected":false},"excerpt":{"rendered":"<div id=\"discounttable\"><strong>2+ Schl\u00fcssel = 10% Rabatt<br \/>\n5+ Schl\u00fcssel = 16% Rabatt<br \/>\n10+ Schl\u00fcssel = 22% Rabatt<br \/>\n20+ Schl\u00fcssel = <a href=\"https:\/\/www.welovekeys.co.uk\/de\/hilfe\/\" target=\"_blank\" rel=\"noopener noreferrer\">schreiben Sie uns<\/a><br \/>Rabatt wird im Warenkorb gezeigt.<\/strong><\/div>\n","protected":false},"featured_media":13283,"template":"","meta":{"_et_pb_use_builder":"","_et_pb_old_content":"","_et_gb_content_width":""},"product_brand":[],"product_cat":[482,180,712],"product_tag":[],"class_list":{"0":"post-13297","1":"product","2":"type-product","3":"status-publish","4":"has-post-thumbnail","6":"product_cat-fac-de","7":"product_cat-tresor-schlussel","8":"product_cat-tur","9":"product_shipping_class-large-letter-de","11":"first","12":"instock","13":"taxable","14":"shipping-taxable","15":"purchasable","16":"product-type-simple"},"yoast_head":"<!-- This site is optimized with the Yoast SEO plugin v27.4 - https:\/\/yoast.com\/product\/yoast-seo-wordpress\/ -->\n<title>FAC Bartschl\u00fcssel - We Love Keys<\/title>\n<meta name=\"robots\" content=\"index, follow, max-snippet:-1, max-image-preview:large, max-video-preview:-1\" \/>\n<link rel=\"canonical\" href=\"https:\/\/www.welovekeys.co.uk\/de\/produkt\/fac-bartschlussel\/\" \/>\n<meta property=\"og:locale\" content=\"de_DE\" \/>\n<meta property=\"og:type\" content=\"article\" \/>\n<meta property=\"og:title\" content=\"FAC Bartschl\u00fcssel - We Love Keys\" \/>\n<meta property=\"og:description\" content=\"2+ Schl\u00fcssel = 10% Rabatt 5+ Schl\u00fcssel = 16% Rabatt 10+ Schl\u00fcssel = 22% Rabatt 20+ Schl\u00fcssel = schreiben Sie unsRabatt wird im Warenkorb gezeigt.\" \/>\n<meta property=\"og:url\" content=\"https:\/\/www.welovekeys.co.uk\/de\/produkt\/fac-bartschlussel\/\" \/>\n<meta property=\"og:site_name\" content=\"We Love Keys\" \/>\n<meta property=\"og:image\" content=\"https:\/\/www.welovekeys.co.uk\/wp-content\/uploads\/2022\/06\/fac.jpg\" \/>\n\t<meta property=\"og:image:width\" content=\"642\" \/>\n\t<meta property=\"og:image:height\" content=\"642\" \/>\n\t<meta property=\"og:image:type\" content=\"image\/jpeg\" \/>\n<meta name=\"twitter:card\" content=\"summary_large_image\" \/>\n<meta name=\"twitter:label1\" content=\"Gesch\u00e4tzte Lesezeit\" \/>\n\t<meta name=\"twitter:data1\" content=\"1\u00a0Minute\" \/>\n<script type=\"application\/ld+json\" class=\"yoast-schema-graph\">{\"@context\":\"https:\\\/\\\/schema.org\",\"@graph\":[{\"@type\":\"WebPage\",\"@id\":\"https:\\\/\\\/www.welovekeys.co.uk\\\/de\\\/produkt\\\/fac-bartschlussel\\\/\",\"url\":\"https:\\\/\\\/www.welovekeys.co.uk\\\/de\\\/produkt\\\/fac-bartschlussel\\\/\",\"name\":\"FAC Bartschl\u00fcssel - We Love Keys\",\"isPartOf\":{\"@id\":\"https:\\\/\\\/www.welovekeys.co.uk\\\/de\\\/#website\"},\"primaryImageOfPage\":{\"@id\":\"https:\\\/\\\/www.welovekeys.co.uk\\\/de\\\/produkt\\\/fac-bartschlussel\\\/#primaryimage\"},\"image\":{\"@id\":\"https:\\\/\\\/www.welovekeys.co.uk\\\/de\\\/produkt\\\/fac-bartschlussel\\\/#primaryimage\"},\"thumbnailUrl\":\"https:\\\/\\\/www.welovekeys.co.uk\\\/wp-content\\\/uploads\\\/2022\\\/06\\\/fac.jpg\",\"datePublished\":\"2022-06-13T08:31:56+00:00\",\"breadcrumb\":{\"@id\":\"https:\\\/\\\/www.welovekeys.co.uk\\\/de\\\/produkt\\\/fac-bartschlussel\\\/#breadcrumb\"},\"inLanguage\":\"de\",\"potentialAction\":[{\"@type\":\"ReadAction\",\"target\":[\"https:\\\/\\\/www.welovekeys.co.uk\\\/de\\\/produkt\\\/fac-bartschlussel\\\/\"]}]},{\"@type\":\"ImageObject\",\"inLanguage\":\"de\",\"@id\":\"https:\\\/\\\/www.welovekeys.co.uk\\\/de\\\/produkt\\\/fac-bartschlussel\\\/#primaryimage\",\"url\":\"https:\\\/\\\/www.welovekeys.co.uk\\\/wp-content\\\/uploads\\\/2022\\\/06\\\/fac.jpg\",\"contentUrl\":\"https:\\\/\\\/www.welovekeys.co.uk\\\/wp-content\\\/uploads\\\/2022\\\/06\\\/fac.jpg\",\"width\":642,\"height\":642,\"caption\":\"FAC Safe Key\"},{\"@type\":\"BreadcrumbList\",\"@id\":\"https:\\\/\\\/www.welovekeys.co.uk\\\/de\\\/produkt\\\/fac-bartschlussel\\\/#breadcrumb\",\"itemListElement\":[{\"@type\":\"ListItem\",\"position\":1,\"name\":\"Home\",\"item\":\"https:\\\/\\\/www.welovekeys.co.uk\\\/de\\\/startseite-2\\\/\"},{\"@type\":\"ListItem\",\"position\":2,\"name\":\"Shop\",\"item\":\"https:\\\/\\\/www.welovekeys.co.uk\\\/de\\\/shop\\\/\"},{\"@type\":\"ListItem\",\"position\":3,\"name\":\"FAC Bartschl\u00fcssel\"}]},{\"@type\":\"WebSite\",\"@id\":\"https:\\\/\\\/www.welovekeys.co.uk\\\/de\\\/#website\",\"url\":\"https:\\\/\\\/www.welovekeys.co.uk\\\/de\\\/\",\"name\":\"We Love Keys\",\"description\":\"A marketplace for keys\",\"publisher\":{\"@id\":\"https:\\\/\\\/www.welovekeys.co.uk\\\/de\\\/#organization\"},\"potentialAction\":[{\"@type\":\"SearchAction\",\"target\":{\"@type\":\"EntryPoint\",\"urlTemplate\":\"https:\\\/\\\/www.welovekeys.co.uk\\\/de\\\/?s={search_term_string}\"},\"query-input\":{\"@type\":\"PropertyValueSpecification\",\"valueRequired\":true,\"valueName\":\"search_term_string\"}}],\"inLanguage\":\"de\"},{\"@type\":\"Organization\",\"@id\":\"https:\\\/\\\/www.welovekeys.co.uk\\\/de\\\/#organization\",\"name\":\"We Love Keys\",\"url\":\"https:\\\/\\\/www.welovekeys.co.uk\\\/de\\\/\",\"logo\":{\"@type\":\"ImageObject\",\"inLanguage\":\"de\",\"@id\":\"https:\\\/\\\/www.welovekeys.co.uk\\\/de\\\/#\\\/schema\\\/logo\\\/image\\\/\",\"url\":\"https:\\\/\\\/www.welovekeys.co.uk\\\/wp-content\\\/uploads\\\/2017\\\/06\\\/WE.png\",\"contentUrl\":\"https:\\\/\\\/www.welovekeys.co.uk\\\/wp-content\\\/uploads\\\/2017\\\/06\\\/WE.png\",\"width\":348,\"height\":66,\"caption\":\"We Love Keys\"},\"image\":{\"@id\":\"https:\\\/\\\/www.welovekeys.co.uk\\\/de\\\/#\\\/schema\\\/logo\\\/image\\\/\"}}]}<\/script>\n<!-- \/ Yoast SEO plugin. -->","yoast_head_json":{"title":"FAC Bartschl\u00fcssel - We Love Keys","robots":{"index":"index","follow":"follow","max-snippet":"max-snippet:-1","max-image-preview":"max-image-preview:large","max-video-preview":"max-video-preview:-1"},"canonical":"https:\/\/www.welovekeys.co.uk\/de\/produkt\/fac-bartschlussel\/","og_locale":"de_DE","og_type":"article","og_title":"FAC Bartschl\u00fcssel - We Love Keys","og_description":"2+ Schl\u00fcssel = 10% Rabatt 5+ Schl\u00fcssel = 16% Rabatt 10+ Schl\u00fcssel = 22% Rabatt 20+ Schl\u00fcssel = schreiben Sie unsRabatt wird im Warenkorb gezeigt.","og_url":"https:\/\/www.welovekeys.co.uk\/de\/produkt\/fac-bartschlussel\/","og_site_name":"We Love Keys","og_image":[{"width":642,"height":642,"url":"https:\/\/www.welovekeys.co.uk\/wp-content\/uploads\/2022\/06\/fac.jpg","type":"image\/jpeg"}],"twitter_card":"summary_large_image","twitter_misc":{"Gesch\u00e4tzte Lesezeit":"1\u00a0Minute"},"schema":{"@context":"https:\/\/schema.org","@graph":[{"@type":"WebPage","@id":"https:\/\/www.welovekeys.co.uk\/de\/produkt\/fac-bartschlussel\/","url":"https:\/\/www.welovekeys.co.uk\/de\/produkt\/fac-bartschlussel\/","name":"FAC Bartschl\u00fcssel - We Love Keys","isPartOf":{"@id":"https:\/\/www.welovekeys.co.uk\/de\/#website"},"primaryImageOfPage":{"@id":"https:\/\/www.welovekeys.co.uk\/de\/produkt\/fac-bartschlussel\/#primaryimage"},"image":{"@id":"https:\/\/www.welovekeys.co.uk\/de\/produkt\/fac-bartschlussel\/#primaryimage"},"thumbnailUrl":"https:\/\/www.welovekeys.co.uk\/wp-content\/uploads\/2022\/06\/fac.jpg","datePublished":"2022-06-13T08:31:56+00:00","breadcrumb":{"@id":"https:\/\/www.welovekeys.co.uk\/de\/produkt\/fac-bartschlussel\/#breadcrumb"},"inLanguage":"de","potentialAction":[{"@type":"ReadAction","target":["https:\/\/www.welovekeys.co.uk\/de\/produkt\/fac-bartschlussel\/"]}]},{"@type":"ImageObject","inLanguage":"de","@id":"https:\/\/www.welovekeys.co.uk\/de\/produkt\/fac-bartschlussel\/#primaryimage","url":"https:\/\/www.welovekeys.co.uk\/wp-content\/uploads\/2022\/06\/fac.jpg","contentUrl":"https:\/\/www.welovekeys.co.uk\/wp-content\/uploads\/2022\/06\/fac.jpg","width":642,"height":642,"caption":"FAC Safe Key"},{"@type":"BreadcrumbList","@id":"https:\/\/www.welovekeys.co.uk\/de\/produkt\/fac-bartschlussel\/#breadcrumb","itemListElement":[{"@type":"ListItem","position":1,"name":"Home","item":"https:\/\/www.welovekeys.co.uk\/de\/startseite-2\/"},{"@type":"ListItem","position":2,"name":"Shop","item":"https:\/\/www.welovekeys.co.uk\/de\/shop\/"},{"@type":"ListItem","position":3,"name":"FAC Bartschl\u00fcssel"}]},{"@type":"WebSite","@id":"https:\/\/www.welovekeys.co.uk\/de\/#website","url":"https:\/\/www.welovekeys.co.uk\/de\/","name":"We Love Keys","description":"A marketplace for keys","publisher":{"@id":"https:\/\/www.welovekeys.co.uk\/de\/#organization"},"potentialAction":[{"@type":"SearchAction","target":{"@type":"EntryPoint","urlTemplate":"https:\/\/www.welovekeys.co.uk\/de\/?s={search_term_string}"},"query-input":{"@type":"PropertyValueSpecification","valueRequired":true,"valueName":"search_term_string"}}],"inLanguage":"de"},{"@type":"Organization","@id":"https:\/\/www.welovekeys.co.uk\/de\/#organization","name":"We Love Keys","url":"https:\/\/www.welovekeys.co.uk\/de\/","logo":{"@type":"ImageObject","inLanguage":"de","@id":"https:\/\/www.welovekeys.co.uk\/de\/#\/schema\/logo\/image\/","url":"https:\/\/www.welovekeys.co.uk\/wp-content\/uploads\/2017\/06\/WE.png","contentUrl":"https:\/\/www.welovekeys.co.uk\/wp-content\/uploads\/2017\/06\/WE.png","width":348,"height":66,"caption":"We Love Keys"},"image":{"@id":"https:\/\/www.welovekeys.co.uk\/de\/#\/schema\/logo\/image\/"}}]}},"_links":{"self":[{"href":"https:\/\/www.welovekeys.co.uk\/de\/wp-json\/wp\/v2\/product\/13297","targetHints":{"allow":["GET"]}}],"collection":[{"href":"https:\/\/www.welovekeys.co.uk\/de\/wp-json\/wp\/v2\/product"}],"about":[{"href":"https:\/\/www.welovekeys.co.uk\/de\/wp-json\/wp\/v2\/types\/product"}],"wp:featuredmedia":[{"embeddable":true,"href":"https:\/\/www.welovekeys.co.uk\/de\/wp-json\/wp\/v2\/media\/13283"}],"wp:attachment":[{"href":"https:\/\/www.welovekeys.co.uk\/de\/wp-json\/wp\/v2\/media?parent=13297"}],"wp:term":[{"taxonomy":"product_brand","embeddable":true,"href":"https:\/\/www.welovekeys.co.uk\/de\/wp-json\/wp\/v2\/product_brand?post=13297"},{"taxonomy":"product_cat","embeddable":true,"href":"https:\/\/www.welovekeys.co.uk\/de\/wp-json\/wp\/v2\/product_cat?post=13297"},{"taxonomy":"product_tag","embeddable":true,"href":"https:\/\/www.welovekeys.co.uk\/de\/wp-json\/wp\/v2\/product_tag?post=13297"}],"curies":[{"name":"wp","href":"https:\/\/api.w.org\/{rel}","templated":true}]}}